{"id":249058,"date":"2026-03-14T23:49:55","date_gmt":"2026-03-14T22:49:55","guid":{"rendered":"https:\/\/schweizversand.ch\/produkt\/hudora-nestschaukel-mit-zelt-pirate-90-sv\/"},"modified":"2026-04-20T02:06:09","modified_gmt":"2026-04-20T00:06:09","slug":"hudora-nestschaukel-mit-zelt-pirate-90-sv","status":"publish","type":"product","link":"https:\/\/schweizversand.ch\/it\/produkt\/hudora-nestschaukel-mit-zelt-pirate-90-sv\/","title":{"rendered":"Hudora Nest Swing con tenda Pirate 90 (SV)"},"content":{"rendered":"<h1><strong>Altalena a nido HUDORA con tenda Pirate 90<\/strong><\/h1>\n<div>Immergiti in un mondo pieno di avventure e sicurezza! L&#8217;<strong>Altalena a nido HUDORA con tenda Pirate 90<\/strong> offre ai tuoi bambini il rifugio perfetto per dondolarsi, giocare e sognare. Questo attraente set completo combina il divertimento del movimento con un rifugio sicuro e fantasioso.<\/p>\n<\/div>\n<div><strong>L&#8217;esperienza di dondolamento definitiva<\/strong><br \/>Dondolarsi \u00e8 essenziale per sviluppare il senso dell&#8217;equilibrio e promuove un&#8217;immagine corporea positiva. Con questa versatile combinazione di <strong>altalena a tenda per bambini<\/strong>, i bambini possono muoversi in sicurezza immergendosi allo stesso tempo nel loro mondo fantastico. Che si tratti di un&#8217;emozionante nave pirata o di un&#8217;accogliente grotta, le possibilit\u00e0 sono infinite.<\/p>\n<\/div>\n<div><strong>Sicurezza e flessibilit\u00e0<\/strong><br \/>La struttura della <strong>altalena a nido<\/strong> \u00e8 ben progettata e flessibile. Il nido stesso \u00e8 realizzato in materiale PP di alta qualit\u00e0 con un diametro di 90 cm e dispone di un sistema di sospensione sicuro e autonomo. La tenda pu\u00f2 essere montata rapidamente e facilmente sull&#8217;altalena in tinta senza dover modificare la struttura di base. Questo offre la possibilit\u00e0 di scegliere tra un&#8217;altalena a nido aperta o un&#8217;altalena pirata chiusa con nascondiglio. Design confortevole per piccoli avventurieri: la tenda \u00e8 dotata di dettagli pratici che aumentano il valore di gioco. Ha due ingressi avvolgibili con tende che possono essere facilmente aperte o chiuse. Le finestre laterali sono dotate di zanzariera, che protegge dagli insetti fastidiosi garantendo al contempo una buona ventilazione. All&#8217;interno, c&#8217;\u00e8 anche un pratico vano portaoggetti per i piccoli tesori. Questa <strong>altalena sospesa per cameretta<\/strong>, adatta alle camerette dei bambini (con altezza del soffitto sufficiente), offre il massimo comfort e sicurezza.<\/p>\n<\/div>\n<div><strong>Dettagli del prodotto e dati tecnici<\/strong><br \/>&#8211; Altalena a nido con copertura della tenda rimovibile<br \/>&#8211; Nido in PP di alta qualit\u00e0, \u00d8 90 cm<br \/>&#8211; Coperture del telaio in rete di plastica resistente e di alta qualit\u00e0<br \/>&#8211; Con sistema di sospensione sicuro e autonomo<br \/>&#8211; Corda regolabile in altezza da 150 a 200 cm<br \/>&#8211; Incluso anello di fissaggio in acciaio e occhiello di regolazione<br \/>&#8211; Tessuto della tenda in robusto poliestere 210D<br \/>&#8211; Altezza della tenda ca. 108 cm<br \/>&#8211; Doppia sospensione tramite asta di collegamento nel tetto della tenda<br \/>&#8211; Fissaggio inferiore tramite elastici e collegamento ad anello<br \/>&#8211; Con ingresso avvolgibile su entrambi i lati e finestre laterali<br \/>&#8211; Portata massima: 100 kg<\/p>\n<\/div>\n<div><strong>Facile da usare<\/strong><br \/>Grazie all&#8217;ingegnoso sistema di fissaggio tramite elastici e collegamenti ad anello, il montaggio e lo smontaggio della tenda sono particolarmente rapidi e semplici. In questo modo, l&#8217;altalena a nido HUDORA aperta si trasforma in un attimo in un rifugio riparato. Crea momenti di gioco indimenticabili e ordina questo set di alta qualit\u00e0 per la tua casa o il tuo giardino.<\/p>\n<\/div>\n<div>\n<\/div>\n","protected":false},"excerpt":{"rendered":"<p>Altalena a nido HUDORA con tenda Pirate 90 Immergiti in un mondo pieno di avventure e sicurezza! L&#8217;Altalena a nido HUDORA con tenda Pirate 90 offre ai tuoi bambini il rifugio perfetto per dondolarsi, giocare e sognare. Questo attraente set completo combina il divertimento del movimento con un rifugio sicuro e fantasioso. L&#8217;esperienza di dondolamento definitivaDondolarsi \u00e8 essenziale per sviluppare il senso dell&#8217;equilibrio e promuove un&#8217;immagine corporea positiva. Con questa versatile combinazione di altalena a&hellip;<\/p>\n","protected":false},"featured_media":165474,"comment_status":"open","ping_status":"closed","template":"","meta":[],"product_brand":[],"product_cat":[38558],"product_tag":[],"class_list":{"0":"post-249058","1":"product","2":"type-product","3":"status-publish","4":"has-post-thumbnail","6":"product_cat-gartenspielgeraete","7":"product_shipping_class-global_methods","9":"first","10":"instock","11":"taxable","12":"shipping-taxable","13":"purchasable","14":"product-type-simple"},"yoast_head":"<!-- This site is optimized with the Yoast SEO plugin v27.4 - https:\/\/yoast.com\/product\/yoast-seo-wordpress\/ -->\n<title>Hudora Nestschaukel mit Zelt Pirate 90 (SV) | Jetzt kaufen | Schweizversand.ch<\/title>\n<meta name=\"description\" content=\"Hudora Nestschaukel mit Zelt Pirate 90 (SV) g\u00fcnstig kaufen bei Schweizversand.ch. Schnelle Lieferung in der Schweiz. Gratisversand ab CHF 50.\" \/>\n<meta name=\"robots\" content=\"index, follow, max-snippet:-1, max-image-preview:large, max-video-preview:-1\" \/>\n<link rel=\"canonical\" href=\"https:\/\/schweizversand.ch\/it\/produkt\/hudora-nestschaukel-mit-zelt-pirate-90-sv\/\" \/>\n<meta property=\"og:locale\" content=\"it_IT\" \/>\n<meta property=\"og:type\" content=\"article\" \/>\n<meta property=\"og:title\" content=\"Hudora Nestschaukel mit Zelt Pirate 90 (SV) | Jetzt kaufen | Schweizversand.ch\" \/>\n<meta property=\"og:description\" content=\"Hudora Nestschaukel mit Zelt Pirate 90 (SV) g\u00fcnstig kaufen bei Schweizversand.ch. Schnelle Lieferung in der Schweiz. Gratisversand ab CHF 50.\" \/>\n<meta property=\"og:url\" content=\"https:\/\/schweizversand.ch\/it\/produkt\/hudora-nestschaukel-mit-zelt-pirate-90-sv\/\" \/>\n<meta property=\"og:site_name\" content=\"Schweizer Shop f\u00fcr Sport, Spiel und Freizeit\" \/>\n<meta property=\"article:publisher\" content=\"https:\/\/www.facebook.com\/Schweizversand\" \/>\n<meta property=\"article:modified_time\" content=\"2026-04-20T00:06:09+00:00\" \/>\n<meta property=\"og:image\" content=\"https:\/\/schweizversand.ch\/wp-content\/uploads\/2026\/02\/5471496506.jpg\" \/>\n\t<meta property=\"og:image:width\" content=\"860\" \/>\n\t<meta property=\"og:image:height\" content=\"1024\" \/>\n\t<meta property=\"og:image:type\" content=\"image\/jpeg\" \/>\n<meta name=\"twitter:card\" content=\"summary_large_image\" \/>\n<meta name=\"twitter:label1\" content=\"Tempo di lettura stimato\" \/>\n\t<meta name=\"twitter:data1\" content=\"2 minuto\" \/>\n<script type=\"application\/ld+json\" class=\"yoast-schema-graph\">{\"@context\":\"https:\\\/\\\/schema.org\",\"@graph\":[{\"@type\":\"WebPage\",\"@id\":\"https:\\\/\\\/schweizversand.ch\\\/it\\\/produkt\\\/hudora-nestschaukel-mit-zelt-pirate-90-sv\\\/\",\"url\":\"https:\\\/\\\/schweizversand.ch\\\/it\\\/produkt\\\/hudora-nestschaukel-mit-zelt-pirate-90-sv\\\/\",\"name\":\"Hudora Nestschaukel mit Zelt Pirate 90 (SV) | Jetzt kaufen | Schweizversand.ch\",\"isPartOf\":{\"@id\":\"https:\\\/\\\/schweizversand.ch\\\/it\\\/#website\"},\"primaryImageOfPage\":{\"@id\":\"https:\\\/\\\/schweizversand.ch\\\/it\\\/produkt\\\/hudora-nestschaukel-mit-zelt-pirate-90-sv\\\/#primaryimage\"},\"image\":{\"@id\":\"https:\\\/\\\/schweizversand.ch\\\/it\\\/produkt\\\/hudora-nestschaukel-mit-zelt-pirate-90-sv\\\/#primaryimage\"},\"thumbnailUrl\":\"https:\\\/\\\/schweizversand.ch\\\/wp-content\\\/uploads\\\/2026\\\/02\\\/5471496506.jpg\",\"datePublished\":\"2026-03-14T22:49:55+00:00\",\"dateModified\":\"2026-04-20T00:06:09+00:00\",\"description\":\"Hudora Nestschaukel mit Zelt Pirate 90 (SV) g\u00fcnstig kaufen bei Schweizversand.ch. Schnelle Lieferung in der Schweiz. Gratisversand ab CHF 50.\",\"breadcrumb\":{\"@id\":\"https:\\\/\\\/schweizversand.ch\\\/it\\\/produkt\\\/hudora-nestschaukel-mit-zelt-pirate-90-sv\\\/#breadcrumb\"},\"inLanguage\":\"it-IT\",\"potentialAction\":[{\"@type\":\"ReadAction\",\"target\":[\"https:\\\/\\\/schweizversand.ch\\\/it\\\/produkt\\\/hudora-nestschaukel-mit-zelt-pirate-90-sv\\\/\"]}]},{\"@type\":\"ImageObject\",\"inLanguage\":\"it-IT\",\"@id\":\"https:\\\/\\\/schweizversand.ch\\\/it\\\/produkt\\\/hudora-nestschaukel-mit-zelt-pirate-90-sv\\\/#primaryimage\",\"url\":\"https:\\\/\\\/schweizversand.ch\\\/wp-content\\\/uploads\\\/2026\\\/02\\\/5471496506.jpg\",\"contentUrl\":\"https:\\\/\\\/schweizversand.ch\\\/wp-content\\\/uploads\\\/2026\\\/02\\\/5471496506.jpg\",\"width\":860,\"height\":1024},{\"@type\":\"BreadcrumbList\",\"@id\":\"https:\\\/\\\/schweizversand.ch\\\/it\\\/produkt\\\/hudora-nestschaukel-mit-zelt-pirate-90-sv\\\/#breadcrumb\",\"itemListElement\":[{\"@type\":\"ListItem\",\"position\":1,\"name\":\"Startseite\",\"item\":\"https:\\\/\\\/schweizversand.ch\\\/it\\\/home\\\/\"},{\"@type\":\"ListItem\",\"position\":2,\"name\":\"Shop\",\"item\":\"https:\\\/\\\/schweizversand.ch\\\/it\\\/shop\\\/\"},{\"@type\":\"ListItem\",\"position\":3,\"name\":\"Giocattoli e giochi\",\"item\":\"https:\\\/\\\/schweizversand.ch\\\/it\\\/produkt-kategorie\\\/giocattoli-e-giochi\\\/\"},{\"@type\":\"ListItem\",\"position\":4,\"name\":\"Giochi all'aperto\",\"item\":\"https:\\\/\\\/schweizversand.ch\\\/it\\\/produkt-kategorie\\\/giocattoli-e-giochi\\\/giochi-allaperto\\\/\"},{\"@type\":\"ListItem\",\"position\":5,\"name\":\"Attrezzature da gioco da giardino\",\"item\":\"https:\\\/\\\/schweizversand.ch\\\/it\\\/produkt-kategorie\\\/giocattoli-e-giochi\\\/giochi-allaperto\\\/gartenspielgeraete\\\/\"},{\"@type\":\"ListItem\",\"position\":6,\"name\":\"Hudora Nest Swing con tenda Pirate 90 (SV)\"}]},{\"@type\":\"WebSite\",\"@id\":\"https:\\\/\\\/schweizversand.ch\\\/it\\\/#website\",\"url\":\"https:\\\/\\\/schweizversand.ch\\\/it\\\/\",\"name\":\"Schweizer Shop f\u00fcr Sport, Spiel und Freizeit\",\"description\":\"Gratisversand ab 50.- (netto), ab eigenem schweizer Lager, Lieferung innert 48h\",\"publisher\":{\"@id\":\"https:\\\/\\\/schweizversand.ch\\\/it\\\/#organization\"},\"alternateName\":\"Schweizversand.ch\",\"potentialAction\":[{\"@type\":\"SearchAction\",\"target\":{\"@type\":\"EntryPoint\",\"urlTemplate\":\"https:\\\/\\\/schweizversand.ch\\\/it\\\/?s={search_term_string}\"},\"query-input\":{\"@type\":\"PropertyValueSpecification\",\"valueRequired\":true,\"valueName\":\"search_term_string\"}}],\"inLanguage\":\"it-IT\"},{\"@type\":\"Organization\",\"@id\":\"https:\\\/\\\/schweizversand.ch\\\/it\\\/#organization\",\"name\":\"Schweizversand.ch\",\"url\":\"https:\\\/\\\/schweizversand.ch\\\/it\\\/\",\"logo\":{\"@type\":\"ImageObject\",\"inLanguage\":\"it-IT\",\"@id\":\"https:\\\/\\\/schweizversand.ch\\\/it\\\/#\\\/schema\\\/logo\\\/image\\\/\",\"url\":\"https:\\\/\\\/schweizversand.ch\\\/wp-content\\\/uploads\\\/2026\\\/03\\\/Logo_Rund_Final-1.png\",\"contentUrl\":\"https:\\\/\\\/schweizversand.ch\\\/wp-content\\\/uploads\\\/2026\\\/03\\\/Logo_Rund_Final-1.png\",\"width\":404,\"height\":404,\"caption\":\"Schweizversand.ch\"},\"image\":{\"@id\":\"https:\\\/\\\/schweizversand.ch\\\/it\\\/#\\\/schema\\\/logo\\\/image\\\/\"},\"sameAs\":[\"https:\\\/\\\/www.facebook.com\\\/Schweizversand\",\"https:\\\/\\\/www.instagram.com\\\/schweizversand.ch\\\/\"]}]}<\/script>\n<!-- \/ Yoast SEO plugin. -->","yoast_head_json":{"title":"Hudora Nestschaukel mit Zelt Pirate 90 (SV) | Jetzt kaufen | Schweizversand.ch","description":"Hudora Nestschaukel mit Zelt Pirate 90 (SV) g\u00fcnstig kaufen bei Schweizversand.ch. Schnelle Lieferung in der Schweiz. Gratisversand ab CHF 50.","robots":{"index":"index","follow":"follow","max-snippet":"max-snippet:-1","max-image-preview":"max-image-preview:large","max-video-preview":"max-video-preview:-1"},"canonical":"https:\/\/schweizversand.ch\/it\/produkt\/hudora-nestschaukel-mit-zelt-pirate-90-sv\/","og_locale":"it_IT","og_type":"article","og_title":"Hudora Nestschaukel mit Zelt Pirate 90 (SV) | Jetzt kaufen | Schweizversand.ch","og_description":"Hudora Nestschaukel mit Zelt Pirate 90 (SV) g\u00fcnstig kaufen bei Schweizversand.ch. Schnelle Lieferung in der Schweiz. Gratisversand ab CHF 50.","og_url":"https:\/\/schweizversand.ch\/it\/produkt\/hudora-nestschaukel-mit-zelt-pirate-90-sv\/","og_site_name":"Schweizer Shop f\u00fcr Sport, Spiel und Freizeit","article_publisher":"https:\/\/www.facebook.com\/Schweizversand","article_modified_time":"2026-04-20T00:06:09+00:00","og_image":[{"width":860,"height":1024,"url":"https:\/\/schweizversand.ch\/wp-content\/uploads\/2026\/02\/5471496506.jpg","type":"image\/jpeg"}],"twitter_card":"summary_large_image","twitter_misc":{"Tempo di lettura stimato":"2 minuto"},"schema":{"@context":"https:\/\/schema.org","@graph":[{"@type":"WebPage","@id":"https:\/\/schweizversand.ch\/it\/produkt\/hudora-nestschaukel-mit-zelt-pirate-90-sv\/","url":"https:\/\/schweizversand.ch\/it\/produkt\/hudora-nestschaukel-mit-zelt-pirate-90-sv\/","name":"Hudora Nestschaukel mit Zelt Pirate 90 (SV) | Jetzt kaufen | Schweizversand.ch","isPartOf":{"@id":"https:\/\/schweizversand.ch\/it\/#website"},"primaryImageOfPage":{"@id":"https:\/\/schweizversand.ch\/it\/produkt\/hudora-nestschaukel-mit-zelt-pirate-90-sv\/#primaryimage"},"image":{"@id":"https:\/\/schweizversand.ch\/it\/produkt\/hudora-nestschaukel-mit-zelt-pirate-90-sv\/#primaryimage"},"thumbnailUrl":"https:\/\/schweizversand.ch\/wp-content\/uploads\/2026\/02\/5471496506.jpg","datePublished":"2026-03-14T22:49:55+00:00","dateModified":"2026-04-20T00:06:09+00:00","description":"Hudora Nestschaukel mit Zelt Pirate 90 (SV) g\u00fcnstig kaufen bei Schweizversand.ch. Schnelle Lieferung in der Schweiz. Gratisversand ab CHF 50.","breadcrumb":{"@id":"https:\/\/schweizversand.ch\/it\/produkt\/hudora-nestschaukel-mit-zelt-pirate-90-sv\/#breadcrumb"},"inLanguage":"it-IT","potentialAction":[{"@type":"ReadAction","target":["https:\/\/schweizversand.ch\/it\/produkt\/hudora-nestschaukel-mit-zelt-pirate-90-sv\/"]}]},{"@type":"ImageObject","inLanguage":"it-IT","@id":"https:\/\/schweizversand.ch\/it\/produkt\/hudora-nestschaukel-mit-zelt-pirate-90-sv\/#primaryimage","url":"https:\/\/schweizversand.ch\/wp-content\/uploads\/2026\/02\/5471496506.jpg","contentUrl":"https:\/\/schweizversand.ch\/wp-content\/uploads\/2026\/02\/5471496506.jpg","width":860,"height":1024},{"@type":"BreadcrumbList","@id":"https:\/\/schweizversand.ch\/it\/produkt\/hudora-nestschaukel-mit-zelt-pirate-90-sv\/#breadcrumb","itemListElement":[{"@type":"ListItem","position":1,"name":"Startseite","item":"https:\/\/schweizversand.ch\/it\/home\/"},{"@type":"ListItem","position":2,"name":"Shop","item":"https:\/\/schweizversand.ch\/it\/shop\/"},{"@type":"ListItem","position":3,"name":"Giocattoli e giochi","item":"https:\/\/schweizversand.ch\/it\/produkt-kategorie\/giocattoli-e-giochi\/"},{"@type":"ListItem","position":4,"name":"Giochi all'aperto","item":"https:\/\/schweizversand.ch\/it\/produkt-kategorie\/giocattoli-e-giochi\/giochi-allaperto\/"},{"@type":"ListItem","position":5,"name":"Attrezzature da gioco da giardino","item":"https:\/\/schweizversand.ch\/it\/produkt-kategorie\/giocattoli-e-giochi\/giochi-allaperto\/gartenspielgeraete\/"},{"@type":"ListItem","position":6,"name":"Hudora Nest Swing con tenda Pirate 90 (SV)"}]},{"@type":"WebSite","@id":"https:\/\/schweizversand.ch\/it\/#website","url":"https:\/\/schweizversand.ch\/it\/","name":"Schweizer Shop f\u00fcr Sport, Spiel und Freizeit","description":"Gratisversand ab 50.- (netto), ab eigenem schweizer Lager, Lieferung innert 48h","publisher":{"@id":"https:\/\/schweizversand.ch\/it\/#organization"},"alternateName":"Schweizversand.ch","potentialAction":[{"@type":"SearchAction","target":{"@type":"EntryPoint","urlTemplate":"https:\/\/schweizversand.ch\/it\/?s={search_term_string}"},"query-input":{"@type":"PropertyValueSpecification","valueRequired":true,"valueName":"search_term_string"}}],"inLanguage":"it-IT"},{"@type":"Organization","@id":"https:\/\/schweizversand.ch\/it\/#organization","name":"Schweizversand.ch","url":"https:\/\/schweizversand.ch\/it\/","logo":{"@type":"ImageObject","inLanguage":"it-IT","@id":"https:\/\/schweizversand.ch\/it\/#\/schema\/logo\/image\/","url":"https:\/\/schweizversand.ch\/wp-content\/uploads\/2026\/03\/Logo_Rund_Final-1.png","contentUrl":"https:\/\/schweizversand.ch\/wp-content\/uploads\/2026\/03\/Logo_Rund_Final-1.png","width":404,"height":404,"caption":"Schweizversand.ch"},"image":{"@id":"https:\/\/schweizversand.ch\/it\/#\/schema\/logo\/image\/"},"sameAs":["https:\/\/www.facebook.com\/Schweizversand","https:\/\/www.instagram.com\/schweizversand.ch\/"]}]}},"jetpack_sharing_enabled":true,"_links":{"self":[{"href":"https:\/\/schweizversand.ch\/it\/wp-json\/wp\/v2\/product\/249058","targetHints":{"allow":["GET"]}}],"collection":[{"href":"https:\/\/schweizversand.ch\/it\/wp-json\/wp\/v2\/product"}],"about":[{"href":"https:\/\/schweizversand.ch\/it\/wp-json\/wp\/v2\/types\/product"}],"replies":[{"embeddable":true,"href":"https:\/\/schweizversand.ch\/it\/wp-json\/wp\/v2\/comments?post=249058"}],"wp:featuredmedia":[{"embeddable":true,"href":"https:\/\/schweizversand.ch\/it\/wp-json\/wp\/v2\/media\/165474"}],"wp:attachment":[{"href":"https:\/\/schweizversand.ch\/it\/wp-json\/wp\/v2\/media?parent=249058"}],"wp:term":[{"taxonomy":"product_brand","embeddable":true,"href":"https:\/\/schweizversand.ch\/it\/wp-json\/wp\/v2\/product_brand?post=249058"},{"taxonomy":"product_cat","embeddable":true,"href":"https:\/\/schweizversand.ch\/it\/wp-json\/wp\/v2\/product_cat?post=249058"},{"taxonomy":"product_tag","embeddable":true,"href":"https:\/\/schweizversand.ch\/it\/wp-json\/wp\/v2\/product_tag?post=249058"}],"curies":[{"name":"wp","href":"https:\/\/api.w.org\/{rel}","templated":true}]}}