{"id":249059,"date":"2026-03-14T23:49:55","date_gmt":"2026-03-14T22:49:55","guid":{"rendered":"https:\/\/schweizversand.ch\/produkt\/hudora-basketballstaender-competition-pro\/"},"modified":"2026-04-20T02:06:09","modified_gmt":"2026-04-20T00:06:09","slug":"hudora-basketballstaender-competition-pro","status":"publish","type":"product","link":"https:\/\/schweizversand.ch\/it\/produkt\/hudora-basketballstaender-competition-pro\/","title":{"rendered":"Supporto da basket Hudora Competition Pro"},"content":{"rendered":"<h1><strong>HUDORA Basketball Stand Competition Pro<\/strong><\/h1>\n<div>L&#8217;<strong>HUDORA Basketball Stand Competition Pro<\/strong> porta il campo direttamente a casa tua. Questo <strong>canestro da basket portatile<\/strong> \u00e8 robusto, trasportabile e ideale per l&#8217;uso in giardino, cortile o vialetto. Vivi partite emozionanti e migliora la tua tecnica di tiro con questo <strong>sistema di canestro da basket<\/strong> professionale.<\/p>\n<\/div>\n<div><strong>Flessibile e regolabile in altezza<\/strong><br \/>Grazie alle sue sei regolazioni in altezza da 230 a 305 cm, questo supporto \u00e8 estremamente versatile. Che si tratti di <strong>adulti o bambini<\/strong>, questo <strong>canestro da basket regolabile in altezza<\/strong> si adatta a ogni giocatore e a ogni fascia d&#8217;et\u00e0 e soddisfa persino l&#8217;altezza ufficiale del canestro di 305 cm.<\/p>\n<\/div>\n<div><strong>Sicurezza e stabilit\u00e0<\/strong><br \/>La tua sicurezza \u00e8 la nostra massima priorit\u00e0. La robusta struttura di base, realizzata con un telaio quadrato in acciaio verniciato a polvere, \u00e8 rivestita da un rivestimento in tessuto. Il palo verticale \u00e8 protetto dagli urti da un&#8217;imbottitura in schiuma EPE (75 mm \u00d8), che riduce significativamente il rischio di lesioni. Per la massima stabilit\u00e0, una borsa riempibile con un volume di circa 93 litri funge da contrappeso.<\/p>\n<\/div>\n<div><strong>Dettagli e caratteristiche del prodotto<\/strong><br \/>&#8211; Supporto da basket portatile<\/strong> con due ruote<br \/>&#8211; Altezza regolabile in 6 livelli (da 230 a 305 cm)<br \/>&#8211; Pannello posteriore in acrilico trasparente (110 x 70 cm)<br \/>&#8211; Anello in metallo verniciato a polvere (45,7 cm \u00d8) con rete in poliestere bianco (lunghezza 53 cm)<br \/>&#8211; Palo verticale imbottito (schiuma EPE)<br \/>&#8211; Include borsa riempibile (circa 93 l) e 3 sacchi di sabbia riempibili per un contrappeso ottimale<\/p>\n<\/div>\n<div><strong>Facile trasporto e montaggio<\/strong><br \/>Nonostante la sua struttura robusta, il supporto da basket HUDORA<\/strong> pu\u00f2 essere spostato senza sforzo grazie alle sue due ruote integrate. Questo ti consente di scegliere la tua posizione di gioco in modo flessibile e di iniziare subito ad allenarti. Acquista subito questo supporto da basket di alta qualit\u00e0 e inizia la tua prossima partita!<\/p>\n","protected":false},"excerpt":{"rendered":"<p>HUDORA Basketball Stand Competition Pro L&#8217;HUDORA Basketball Stand Competition Pro porta il campo direttamente a casa tua. Questo canestro da basket portatile \u00e8 robusto, trasportabile e ideale per l&#8217;uso in giardino, cortile o vialetto. Vivi partite emozionanti e migliora la tua tecnica di tiro con questo sistema di canestro da basket professionale. Flessibile e regolabile in altezzaGrazie alle sue sei regolazioni in altezza da 230 a 305 cm, questo supporto \u00e8 estremamente versatile. Che si&hellip;<\/p>\n","protected":false},"featured_media":165480,"comment_status":"open","ping_status":"closed","template":"","meta":[],"product_brand":[],"product_cat":[38569,38570,38252,39218],"product_tag":[],"class_list":{"0":"post-249059","1":"product","2":"type-product","3":"status-publish","4":"has-post-thumbnail","6":"product_cat-basketball","7":"product_cat-basket","10":"product_shipping_class-global_methods","12":"first","13":"instock","14":"taxable","15":"shipping-taxable","16":"purchasable","17":"product-type-simple"},"yoast_head":"<!-- This site is optimized with the Yoast SEO plugin v27.4 - https:\/\/yoast.com\/product\/yoast-seo-wordpress\/ -->\n<title>Hudora Basketballst\u00e4nder Competition Pro | Jetzt kaufen | Schweizversand.ch<\/title>\n<meta name=\"description\" content=\"Hudora Basketballst\u00e4nder Competition Pro g\u00fcnstig kaufen bei Schweizversand.ch. Schnelle Lieferung in der Schweiz. Gratisversand ab CHF 50.\" \/>\n<meta name=\"robots\" content=\"index, follow, max-snippet:-1, max-image-preview:large, max-video-preview:-1\" \/>\n<link rel=\"canonical\" href=\"https:\/\/schweizversand.ch\/it\/produkt\/hudora-basketballstaender-competition-pro\/\" \/>\n<meta property=\"og:locale\" content=\"it_IT\" \/>\n<meta property=\"og:type\" content=\"article\" \/>\n<meta property=\"og:title\" content=\"Hudora Basketballst\u00e4nder Competition Pro | Jetzt kaufen | Schweizversand.ch\" \/>\n<meta property=\"og:description\" content=\"Hudora Basketballst\u00e4nder Competition Pro g\u00fcnstig kaufen bei Schweizversand.ch. Schnelle Lieferung in der Schweiz. Gratisversand ab CHF 50.\" \/>\n<meta property=\"og:url\" content=\"https:\/\/schweizversand.ch\/it\/produkt\/hudora-basketballstaender-competition-pro\/\" \/>\n<meta property=\"og:site_name\" content=\"Schweizer Shop f\u00fcr Sport, Spiel und Freizeit\" \/>\n<meta property=\"article:publisher\" content=\"https:\/\/www.facebook.com\/Schweizversand\" \/>\n<meta property=\"article:modified_time\" content=\"2026-04-20T00:06:09+00:00\" \/>\n<meta property=\"og:image\" content=\"https:\/\/schweizversand.ch\/wp-content\/uploads\/2026\/02\/5471495814.jpg\" \/>\n\t<meta property=\"og:image:width\" content=\"575\" \/>\n\t<meta property=\"og:image:height\" content=\"1024\" \/>\n\t<meta property=\"og:image:type\" content=\"image\/jpeg\" \/>\n<meta name=\"twitter:card\" content=\"summary_large_image\" \/>\n<meta name=\"twitter:label1\" content=\"Tempo di lettura stimato\" \/>\n\t<meta name=\"twitter:data1\" content=\"1 minuto\" \/>\n<script type=\"application\/ld+json\" class=\"yoast-schema-graph\">{\"@context\":\"https:\\\/\\\/schema.org\",\"@graph\":[{\"@type\":\"WebPage\",\"@id\":\"https:\\\/\\\/schweizversand.ch\\\/it\\\/produkt\\\/hudora-basketballstaender-competition-pro\\\/\",\"url\":\"https:\\\/\\\/schweizversand.ch\\\/it\\\/produkt\\\/hudora-basketballstaender-competition-pro\\\/\",\"name\":\"Hudora Basketballst\u00e4nder Competition Pro | Jetzt kaufen | Schweizversand.ch\",\"isPartOf\":{\"@id\":\"https:\\\/\\\/schweizversand.ch\\\/it\\\/#website\"},\"primaryImageOfPage\":{\"@id\":\"https:\\\/\\\/schweizversand.ch\\\/it\\\/produkt\\\/hudora-basketballstaender-competition-pro\\\/#primaryimage\"},\"image\":{\"@id\":\"https:\\\/\\\/schweizversand.ch\\\/it\\\/produkt\\\/hudora-basketballstaender-competition-pro\\\/#primaryimage\"},\"thumbnailUrl\":\"https:\\\/\\\/schweizversand.ch\\\/wp-content\\\/uploads\\\/2026\\\/02\\\/5471495814.jpg\",\"datePublished\":\"2026-03-14T22:49:55+00:00\",\"dateModified\":\"2026-04-20T00:06:09+00:00\",\"description\":\"Hudora Basketballst\u00e4nder Competition Pro g\u00fcnstig kaufen bei Schweizversand.ch. Schnelle Lieferung in der Schweiz. Gratisversand ab CHF 50.\",\"breadcrumb\":{\"@id\":\"https:\\\/\\\/schweizversand.ch\\\/it\\\/produkt\\\/hudora-basketballstaender-competition-pro\\\/#breadcrumb\"},\"inLanguage\":\"it-IT\",\"potentialAction\":[{\"@type\":\"ReadAction\",\"target\":[\"https:\\\/\\\/schweizversand.ch\\\/it\\\/produkt\\\/hudora-basketballstaender-competition-pro\\\/\"]}]},{\"@type\":\"ImageObject\",\"inLanguage\":\"it-IT\",\"@id\":\"https:\\\/\\\/schweizversand.ch\\\/it\\\/produkt\\\/hudora-basketballstaender-competition-pro\\\/#primaryimage\",\"url\":\"https:\\\/\\\/schweizversand.ch\\\/wp-content\\\/uploads\\\/2026\\\/02\\\/5471495814.jpg\",\"contentUrl\":\"https:\\\/\\\/schweizversand.ch\\\/wp-content\\\/uploads\\\/2026\\\/02\\\/5471495814.jpg\",\"width\":575,\"height\":1024},{\"@type\":\"BreadcrumbList\",\"@id\":\"https:\\\/\\\/schweizversand.ch\\\/it\\\/produkt\\\/hudora-basketballstaender-competition-pro\\\/#breadcrumb\",\"itemListElement\":[{\"@type\":\"ListItem\",\"position\":1,\"name\":\"Startseite\",\"item\":\"https:\\\/\\\/schweizversand.ch\\\/it\\\/home\\\/\"},{\"@type\":\"ListItem\",\"position\":2,\"name\":\"Shop\",\"item\":\"https:\\\/\\\/schweizversand.ch\\\/it\\\/shop\\\/\"},{\"@type\":\"ListItem\",\"position\":3,\"name\":\"Sport\",\"item\":\"https:\\\/\\\/schweizversand.ch\\\/it\\\/produkt-kategorie\\\/sport-it\\\/\"},{\"@type\":\"ListItem\",\"position\":4,\"name\":\"Sport con la palla e freccette\",\"item\":\"https:\\\/\\\/schweizversand.ch\\\/it\\\/produkt-kategorie\\\/sport\\\/sport-con-la-palla-e-freccette\\\/\"},{\"@type\":\"ListItem\",\"position\":5,\"name\":\"basket\",\"item\":\"https:\\\/\\\/schweizversand.ch\\\/it\\\/produkt-kategorie\\\/sport\\\/sport-con-la-palla-e-freccette\\\/basket\\\/\"},{\"@type\":\"ListItem\",\"position\":6,\"name\":\"Supporto da basket Hudora Competition Pro\"}]},{\"@type\":\"WebSite\",\"@id\":\"https:\\\/\\\/schweizversand.ch\\\/it\\\/#website\",\"url\":\"https:\\\/\\\/schweizversand.ch\\\/it\\\/\",\"name\":\"Schweizer Shop f\u00fcr Sport, Spiel und Freizeit\",\"description\":\"Gratisversand ab 50.- (netto), ab eigenem schweizer Lager, Lieferung innert 48h\",\"publisher\":{\"@id\":\"https:\\\/\\\/schweizversand.ch\\\/it\\\/#organization\"},\"alternateName\":\"Schweizversand.ch\",\"potentialAction\":[{\"@type\":\"SearchAction\",\"target\":{\"@type\":\"EntryPoint\",\"urlTemplate\":\"https:\\\/\\\/schweizversand.ch\\\/it\\\/?s={search_term_string}\"},\"query-input\":{\"@type\":\"PropertyValueSpecification\",\"valueRequired\":true,\"valueName\":\"search_term_string\"}}],\"inLanguage\":\"it-IT\"},{\"@type\":\"Organization\",\"@id\":\"https:\\\/\\\/schweizversand.ch\\\/it\\\/#organization\",\"name\":\"Schweizversand.ch\",\"url\":\"https:\\\/\\\/schweizversand.ch\\\/it\\\/\",\"logo\":{\"@type\":\"ImageObject\",\"inLanguage\":\"it-IT\",\"@id\":\"https:\\\/\\\/schweizversand.ch\\\/it\\\/#\\\/schema\\\/logo\\\/image\\\/\",\"url\":\"https:\\\/\\\/schweizversand.ch\\\/wp-content\\\/uploads\\\/2026\\\/03\\\/Logo_Rund_Final-1.png\",\"contentUrl\":\"https:\\\/\\\/schweizversand.ch\\\/wp-content\\\/uploads\\\/2026\\\/03\\\/Logo_Rund_Final-1.png\",\"width\":404,\"height\":404,\"caption\":\"Schweizversand.ch\"},\"image\":{\"@id\":\"https:\\\/\\\/schweizversand.ch\\\/it\\\/#\\\/schema\\\/logo\\\/image\\\/\"},\"sameAs\":[\"https:\\\/\\\/www.facebook.com\\\/Schweizversand\",\"https:\\\/\\\/www.instagram.com\\\/schweizversand.ch\\\/\"]}]}<\/script>\n<!-- \/ Yoast SEO plugin. -->","yoast_head_json":{"title":"Hudora Basketballst\u00e4nder Competition Pro | Jetzt kaufen | Schweizversand.ch","description":"Hudora Basketballst\u00e4nder Competition Pro g\u00fcnstig kaufen bei Schweizversand.ch. Schnelle Lieferung in der Schweiz. Gratisversand ab CHF 50.","robots":{"index":"index","follow":"follow","max-snippet":"max-snippet:-1","max-image-preview":"max-image-preview:large","max-video-preview":"max-video-preview:-1"},"canonical":"https:\/\/schweizversand.ch\/it\/produkt\/hudora-basketballstaender-competition-pro\/","og_locale":"it_IT","og_type":"article","og_title":"Hudora Basketballst\u00e4nder Competition Pro | Jetzt kaufen | Schweizversand.ch","og_description":"Hudora Basketballst\u00e4nder Competition Pro g\u00fcnstig kaufen bei Schweizversand.ch. Schnelle Lieferung in der Schweiz. Gratisversand ab CHF 50.","og_url":"https:\/\/schweizversand.ch\/it\/produkt\/hudora-basketballstaender-competition-pro\/","og_site_name":"Schweizer Shop f\u00fcr Sport, Spiel und Freizeit","article_publisher":"https:\/\/www.facebook.com\/Schweizversand","article_modified_time":"2026-04-20T00:06:09+00:00","og_image":[{"width":575,"height":1024,"url":"https:\/\/schweizversand.ch\/wp-content\/uploads\/2026\/02\/5471495814.jpg","type":"image\/jpeg"}],"twitter_card":"summary_large_image","twitter_misc":{"Tempo di lettura stimato":"1 minuto"},"schema":{"@context":"https:\/\/schema.org","@graph":[{"@type":"WebPage","@id":"https:\/\/schweizversand.ch\/it\/produkt\/hudora-basketballstaender-competition-pro\/","url":"https:\/\/schweizversand.ch\/it\/produkt\/hudora-basketballstaender-competition-pro\/","name":"Hudora Basketballst\u00e4nder Competition Pro | Jetzt kaufen | Schweizversand.ch","isPartOf":{"@id":"https:\/\/schweizversand.ch\/it\/#website"},"primaryImageOfPage":{"@id":"https:\/\/schweizversand.ch\/it\/produkt\/hudora-basketballstaender-competition-pro\/#primaryimage"},"image":{"@id":"https:\/\/schweizversand.ch\/it\/produkt\/hudora-basketballstaender-competition-pro\/#primaryimage"},"thumbnailUrl":"https:\/\/schweizversand.ch\/wp-content\/uploads\/2026\/02\/5471495814.jpg","datePublished":"2026-03-14T22:49:55+00:00","dateModified":"2026-04-20T00:06:09+00:00","description":"Hudora Basketballst\u00e4nder Competition Pro g\u00fcnstig kaufen bei Schweizversand.ch. Schnelle Lieferung in der Schweiz. Gratisversand ab CHF 50.","breadcrumb":{"@id":"https:\/\/schweizversand.ch\/it\/produkt\/hudora-basketballstaender-competition-pro\/#breadcrumb"},"inLanguage":"it-IT","potentialAction":[{"@type":"ReadAction","target":["https:\/\/schweizversand.ch\/it\/produkt\/hudora-basketballstaender-competition-pro\/"]}]},{"@type":"ImageObject","inLanguage":"it-IT","@id":"https:\/\/schweizversand.ch\/it\/produkt\/hudora-basketballstaender-competition-pro\/#primaryimage","url":"https:\/\/schweizversand.ch\/wp-content\/uploads\/2026\/02\/5471495814.jpg","contentUrl":"https:\/\/schweizversand.ch\/wp-content\/uploads\/2026\/02\/5471495814.jpg","width":575,"height":1024},{"@type":"BreadcrumbList","@id":"https:\/\/schweizversand.ch\/it\/produkt\/hudora-basketballstaender-competition-pro\/#breadcrumb","itemListElement":[{"@type":"ListItem","position":1,"name":"Startseite","item":"https:\/\/schweizversand.ch\/it\/home\/"},{"@type":"ListItem","position":2,"name":"Shop","item":"https:\/\/schweizversand.ch\/it\/shop\/"},{"@type":"ListItem","position":3,"name":"Sport","item":"https:\/\/schweizversand.ch\/it\/produkt-kategorie\/sport-it\/"},{"@type":"ListItem","position":4,"name":"Sport con la palla e freccette","item":"https:\/\/schweizversand.ch\/it\/produkt-kategorie\/sport\/sport-con-la-palla-e-freccette\/"},{"@type":"ListItem","position":5,"name":"basket","item":"https:\/\/schweizversand.ch\/it\/produkt-kategorie\/sport\/sport-con-la-palla-e-freccette\/basket\/"},{"@type":"ListItem","position":6,"name":"Supporto da basket Hudora Competition Pro"}]},{"@type":"WebSite","@id":"https:\/\/schweizversand.ch\/it\/#website","url":"https:\/\/schweizversand.ch\/it\/","name":"Schweizer Shop f\u00fcr Sport, Spiel und Freizeit","description":"Gratisversand ab 50.- (netto), ab eigenem schweizer Lager, Lieferung innert 48h","publisher":{"@id":"https:\/\/schweizversand.ch\/it\/#organization"},"alternateName":"Schweizversand.ch","potentialAction":[{"@type":"SearchAction","target":{"@type":"EntryPoint","urlTemplate":"https:\/\/schweizversand.ch\/it\/?s={search_term_string}"},"query-input":{"@type":"PropertyValueSpecification","valueRequired":true,"valueName":"search_term_string"}}],"inLanguage":"it-IT"},{"@type":"Organization","@id":"https:\/\/schweizversand.ch\/it\/#organization","name":"Schweizversand.ch","url":"https:\/\/schweizversand.ch\/it\/","logo":{"@type":"ImageObject","inLanguage":"it-IT","@id":"https:\/\/schweizversand.ch\/it\/#\/schema\/logo\/image\/","url":"https:\/\/schweizversand.ch\/wp-content\/uploads\/2026\/03\/Logo_Rund_Final-1.png","contentUrl":"https:\/\/schweizversand.ch\/wp-content\/uploads\/2026\/03\/Logo_Rund_Final-1.png","width":404,"height":404,"caption":"Schweizversand.ch"},"image":{"@id":"https:\/\/schweizversand.ch\/it\/#\/schema\/logo\/image\/"},"sameAs":["https:\/\/www.facebook.com\/Schweizversand","https:\/\/www.instagram.com\/schweizversand.ch\/"]}]}},"jetpack_sharing_enabled":true,"_links":{"self":[{"href":"https:\/\/schweizversand.ch\/it\/wp-json\/wp\/v2\/product\/249059","targetHints":{"allow":["GET"]}}],"collection":[{"href":"https:\/\/schweizversand.ch\/it\/wp-json\/wp\/v2\/product"}],"about":[{"href":"https:\/\/schweizversand.ch\/it\/wp-json\/wp\/v2\/types\/product"}],"replies":[{"embeddable":true,"href":"https:\/\/schweizversand.ch\/it\/wp-json\/wp\/v2\/comments?post=249059"}],"wp:featuredmedia":[{"embeddable":true,"href":"https:\/\/schweizversand.ch\/it\/wp-json\/wp\/v2\/media\/165480"}],"wp:attachment":[{"href":"https:\/\/schweizversand.ch\/it\/wp-json\/wp\/v2\/media?parent=249059"}],"wp:term":[{"taxonomy":"product_brand","embeddable":true,"href":"https:\/\/schweizversand.ch\/it\/wp-json\/wp\/v2\/product_brand?post=249059"},{"taxonomy":"product_cat","embeddable":true,"href":"https:\/\/schweizversand.ch\/it\/wp-json\/wp\/v2\/product_cat?post=249059"},{"taxonomy":"product_tag","embeddable":true,"href":"https:\/\/schweizversand.ch\/it\/wp-json\/wp\/v2\/product_tag?post=249059"}],"curies":[{"name":"wp","href":"https:\/\/api.w.org\/{rel}","templated":true}]}}