{"id":249806,"date":"2026-03-14T23:49:11","date_gmt":"2026-03-14T22:49:11","guid":{"rendered":"https:\/\/schweizversand.ch\/produkt\/pure2improve-massagehaken\/"},"modified":"2026-04-20T15:35:42","modified_gmt":"2026-04-20T13:35:42","slug":"pure2improve-massagehaken","status":"publish","type":"product","link":"https:\/\/schweizversand.ch\/it\/produkt\/pure2improve-massagehaken\/","title":{"rendered":"Ganci per massaggio Pure2improve"},"content":{"rendered":"<h1><strong>Bastone per massaggio Trigger Point: il tuo dispositivo di automassaggio per la schiena<\/strong><\/h1>\n<div>Scopri il <strong>Bastone per massaggio Trigger Point<\/strong>, il dispositivo di automassaggio per la schiena definitivo, che ti consente di trattare la tensione in modo efficace e senza sforzo. Questo design perfezionato ti consente di accedere facilmente a ogni punto di pressione del tuo corpo ed \u00e8 uno strumento essenziale per il massaggio della fascia per il tuo benessere.<\/p>\n<\/div>\n<div><strong>Terapia efficace dei Trigger Point<\/strong><br \/>Il bastoncino per massaggio \u00e8 progettato per individuare e alleviare specificamente crampi, nodi muscolari e punti trigger dolorosi. La sua applicazione precisa consente di eseguire una profonda terapia dei trigger point, fornendo un sollievo immediato. \u00c8 un ottimo strumento per sciogliere i nodi muscolari e ripristinare rapidamente la mobilit\u00e0. Raggiungere le zone difficili da raggiungere: uno dei maggiori vantaggi di questo strumento \u00e8 la sua capacit\u00e0 di massaggiare le zone del corpo difficili da raggiungere senza bisogno di assistenza. Utilizza la forma ergonomica per alleviare la tensione nelle seguenti aree:<\/p>\n<\/div>\n<div><strong>Aree di applicazione e benefici<\/strong><br \/>&#8211; Collo e spalle<br \/>&#8211; Parte superiore e inferiore della schiena<br \/>&#8211; Glutei e fianchi<br \/>&#8211; Gambe e piedi (comprese le dita dei piedi)<br \/>&#8211; Aiuta in caso di crampi e dolori acuti e cronici<br \/>&#8211; Favorisce la circolazione sanguigna e accelera la rigenerazione<\/p>\n<\/div>\n<div><strong>Il tuo vantaggio: indipendenza e precisione<\/strong><br \/>Con questo <strong>ausilio per il massaggio dei trigger point<\/strong>, non sarai pi\u00f9 dipendente da costosi appuntamenti per massaggi. La struttura robusta e la forma precisa ti consentono di applicare esattamente la pressione necessaria per alleviare la tensione in modo duraturo. Investi nella tua salute e sperimenta la libert\u00e0 di un automassaggio efficace. Acquista subito il bastoncino per il massaggio dei trigger point e metti fine alla tensione cronica con un autotrattamento mirato ed efficace.<\/p>\n","protected":false},"excerpt":{"rendered":"<p>Bastone per massaggio Trigger Point: il tuo dispositivo di automassaggio per la schiena Scopri il Bastone per massaggio Trigger Point, il dispositivo di automassaggio per la schiena definitivo, che ti consente di trattare la tensione in modo efficace e senza sforzo. Questo design perfezionato ti consente di accedere facilmente a ogni punto di pressione del tuo corpo ed \u00e8 uno strumento essenziale per il massaggio della fascia per il tuo benessere. Terapia efficace dei Trigger&hellip;<\/p>\n","protected":false},"featured_media":157452,"comment_status":"open","ping_status":"closed","template":"","meta":[],"product_brand":[],"product_cat":[38648,38649],"product_tag":[],"class_list":{"0":"post-249806","1":"product","2":"type-product","3":"status-publish","4":"has-post-thumbnail","6":"product_cat-fitnesskleingeraete-zubehoer","7":"product_cat-attrezzature-e-accessori-per-il-fitness","8":"product_shipping_class-global_methods","10":"first","11":"instock","12":"taxable","13":"shipping-taxable","14":"purchasable","15":"product-type-simple"},"yoast_head":"<!-- This site is optimized with the Yoast SEO plugin v27.4 - https:\/\/yoast.com\/product\/yoast-seo-wordpress\/ -->\n<title>Pure2improve Massagehaken | Jetzt kaufen | Schweizversand.ch<\/title>\n<meta name=\"description\" content=\"Pure2improve Massagehaken g\u00fcnstig kaufen bei Schweizversand.ch. Schnelle Lieferung in der Schweiz. Gratisversand ab CHF 50.\" \/>\n<meta name=\"robots\" content=\"index, follow, max-snippet:-1, max-image-preview:large, max-video-preview:-1\" \/>\n<link rel=\"canonical\" href=\"https:\/\/schweizversand.ch\/it\/produkt\/pure2improve-massagehaken\/\" \/>\n<meta property=\"og:locale\" content=\"it_IT\" \/>\n<meta property=\"og:type\" content=\"article\" \/>\n<meta property=\"og:title\" content=\"Pure2improve Massagehaken | Jetzt kaufen | Schweizversand.ch\" \/>\n<meta property=\"og:description\" content=\"Pure2improve Massagehaken g\u00fcnstig kaufen bei Schweizversand.ch. Schnelle Lieferung in der Schweiz. Gratisversand ab CHF 50.\" \/>\n<meta property=\"og:url\" content=\"https:\/\/schweizversand.ch\/it\/produkt\/pure2improve-massagehaken\/\" \/>\n<meta property=\"og:site_name\" content=\"Schweizer Shop f\u00fcr Sport, Spiel und Freizeit\" \/>\n<meta property=\"article:publisher\" content=\"https:\/\/www.facebook.com\/Schweizversand\" \/>\n<meta property=\"article:modified_time\" content=\"2026-04-20T13:35:42+00:00\" \/>\n<meta property=\"og:image\" content=\"https:\/\/schweizversand.ch\/wp-content\/uploads\/2026\/02\/5471555328.jpg\" \/>\n\t<meta property=\"og:image:width\" content=\"1024\" \/>\n\t<meta property=\"og:image:height\" content=\"473\" \/>\n\t<meta property=\"og:image:type\" content=\"image\/jpeg\" \/>\n<meta name=\"twitter:card\" content=\"summary_large_image\" \/>\n<meta name=\"twitter:label1\" content=\"Tempo di lettura stimato\" \/>\n\t<meta name=\"twitter:data1\" content=\"1 minuto\" \/>\n<script type=\"application\/ld+json\" class=\"yoast-schema-graph\">{\"@context\":\"https:\\\/\\\/schema.org\",\"@graph\":[{\"@type\":\"WebPage\",\"@id\":\"https:\\\/\\\/schweizversand.ch\\\/it\\\/produkt\\\/pure2improve-massagehaken\\\/\",\"url\":\"https:\\\/\\\/schweizversand.ch\\\/it\\\/produkt\\\/pure2improve-massagehaken\\\/\",\"name\":\"Pure2improve Massagehaken | Jetzt kaufen | Schweizversand.ch\",\"isPartOf\":{\"@id\":\"https:\\\/\\\/schweizversand.ch\\\/it\\\/#website\"},\"primaryImageOfPage\":{\"@id\":\"https:\\\/\\\/schweizversand.ch\\\/it\\\/produkt\\\/pure2improve-massagehaken\\\/#primaryimage\"},\"image\":{\"@id\":\"https:\\\/\\\/schweizversand.ch\\\/it\\\/produkt\\\/pure2improve-massagehaken\\\/#primaryimage\"},\"thumbnailUrl\":\"https:\\\/\\\/schweizversand.ch\\\/wp-content\\\/uploads\\\/2026\\\/02\\\/5471555328.jpg\",\"datePublished\":\"2026-03-14T22:49:11+00:00\",\"dateModified\":\"2026-04-20T13:35:42+00:00\",\"description\":\"Pure2improve Massagehaken g\u00fcnstig kaufen bei Schweizversand.ch. Schnelle Lieferung in der Schweiz. Gratisversand ab CHF 50.\",\"breadcrumb\":{\"@id\":\"https:\\\/\\\/schweizversand.ch\\\/it\\\/produkt\\\/pure2improve-massagehaken\\\/#breadcrumb\"},\"inLanguage\":\"it-IT\",\"potentialAction\":[{\"@type\":\"ReadAction\",\"target\":[\"https:\\\/\\\/schweizversand.ch\\\/it\\\/produkt\\\/pure2improve-massagehaken\\\/\"]}]},{\"@type\":\"ImageObject\",\"inLanguage\":\"it-IT\",\"@id\":\"https:\\\/\\\/schweizversand.ch\\\/it\\\/produkt\\\/pure2improve-massagehaken\\\/#primaryimage\",\"url\":\"https:\\\/\\\/schweizversand.ch\\\/wp-content\\\/uploads\\\/2026\\\/02\\\/5471555328.jpg\",\"contentUrl\":\"https:\\\/\\\/schweizversand.ch\\\/wp-content\\\/uploads\\\/2026\\\/02\\\/5471555328.jpg\",\"width\":1024,\"height\":473},{\"@type\":\"BreadcrumbList\",\"@id\":\"https:\\\/\\\/schweizversand.ch\\\/it\\\/produkt\\\/pure2improve-massagehaken\\\/#breadcrumb\",\"itemListElement\":[{\"@type\":\"ListItem\",\"position\":1,\"name\":\"Startseite\",\"item\":\"https:\\\/\\\/schweizversand.ch\\\/it\\\/home\\\/\"},{\"@type\":\"ListItem\",\"position\":2,\"name\":\"Shop\",\"item\":\"https:\\\/\\\/schweizversand.ch\\\/it\\\/shop\\\/\"},{\"@type\":\"ListItem\",\"position\":3,\"name\":\"Sport\",\"item\":\"https:\\\/\\\/schweizversand.ch\\\/it\\\/produkt-kategorie\\\/sport-it\\\/\"},{\"@type\":\"ListItem\",\"position\":4,\"name\":\"Fitness\",\"item\":\"https:\\\/\\\/schweizversand.ch\\\/it\\\/produkt-kategorie\\\/sport-it\\\/fitness\\\/\"},{\"@type\":\"ListItem\",\"position\":5,\"name\":\"Attrezzature e accessori per il fitness\",\"item\":\"https:\\\/\\\/schweizversand.ch\\\/it\\\/produkt-kategorie\\\/sport\\\/fitness\\\/attrezzature-e-accessori-per-il-fitness\\\/\"},{\"@type\":\"ListItem\",\"position\":6,\"name\":\"Ganci per massaggio Pure2improve\"}]},{\"@type\":\"WebSite\",\"@id\":\"https:\\\/\\\/schweizversand.ch\\\/it\\\/#website\",\"url\":\"https:\\\/\\\/schweizversand.ch\\\/it\\\/\",\"name\":\"Schweizer Shop f\u00fcr Sport, Spiel und Freizeit\",\"description\":\"Gratisversand ab 50.- (netto), ab eigenem schweizer Lager, Lieferung innert 48h\",\"publisher\":{\"@id\":\"https:\\\/\\\/schweizversand.ch\\\/it\\\/#organization\"},\"alternateName\":\"Schweizversand.ch\",\"potentialAction\":[{\"@type\":\"SearchAction\",\"target\":{\"@type\":\"EntryPoint\",\"urlTemplate\":\"https:\\\/\\\/schweizversand.ch\\\/it\\\/?s={search_term_string}\"},\"query-input\":{\"@type\":\"PropertyValueSpecification\",\"valueRequired\":true,\"valueName\":\"search_term_string\"}}],\"inLanguage\":\"it-IT\"},{\"@type\":\"Organization\",\"@id\":\"https:\\\/\\\/schweizversand.ch\\\/it\\\/#organization\",\"name\":\"Schweizversand.ch\",\"url\":\"https:\\\/\\\/schweizversand.ch\\\/it\\\/\",\"logo\":{\"@type\":\"ImageObject\",\"inLanguage\":\"it-IT\",\"@id\":\"https:\\\/\\\/schweizversand.ch\\\/it\\\/#\\\/schema\\\/logo\\\/image\\\/\",\"url\":\"https:\\\/\\\/schweizversand.ch\\\/wp-content\\\/uploads\\\/2026\\\/03\\\/Logo_Rund_Final-1.png\",\"contentUrl\":\"https:\\\/\\\/schweizversand.ch\\\/wp-content\\\/uploads\\\/2026\\\/03\\\/Logo_Rund_Final-1.png\",\"width\":404,\"height\":404,\"caption\":\"Schweizversand.ch\"},\"image\":{\"@id\":\"https:\\\/\\\/schweizversand.ch\\\/it\\\/#\\\/schema\\\/logo\\\/image\\\/\"},\"sameAs\":[\"https:\\\/\\\/www.facebook.com\\\/Schweizversand\",\"https:\\\/\\\/www.instagram.com\\\/schweizversand.ch\\\/\"]}]}<\/script>\n<!-- \/ Yoast SEO plugin. -->","yoast_head_json":{"title":"Pure2improve Massagehaken | Jetzt kaufen | Schweizversand.ch","description":"Pure2improve Massagehaken g\u00fcnstig kaufen bei Schweizversand.ch. Schnelle Lieferung in der Schweiz. Gratisversand ab CHF 50.","robots":{"index":"index","follow":"follow","max-snippet":"max-snippet:-1","max-image-preview":"max-image-preview:large","max-video-preview":"max-video-preview:-1"},"canonical":"https:\/\/schweizversand.ch\/it\/produkt\/pure2improve-massagehaken\/","og_locale":"it_IT","og_type":"article","og_title":"Pure2improve Massagehaken | Jetzt kaufen | Schweizversand.ch","og_description":"Pure2improve Massagehaken g\u00fcnstig kaufen bei Schweizversand.ch. Schnelle Lieferung in der Schweiz. Gratisversand ab CHF 50.","og_url":"https:\/\/schweizversand.ch\/it\/produkt\/pure2improve-massagehaken\/","og_site_name":"Schweizer Shop f\u00fcr Sport, Spiel und Freizeit","article_publisher":"https:\/\/www.facebook.com\/Schweizversand","article_modified_time":"2026-04-20T13:35:42+00:00","og_image":[{"width":1024,"height":473,"url":"https:\/\/schweizversand.ch\/wp-content\/uploads\/2026\/02\/5471555328.jpg","type":"image\/jpeg"}],"twitter_card":"summary_large_image","twitter_misc":{"Tempo di lettura stimato":"1 minuto"},"schema":{"@context":"https:\/\/schema.org","@graph":[{"@type":"WebPage","@id":"https:\/\/schweizversand.ch\/it\/produkt\/pure2improve-massagehaken\/","url":"https:\/\/schweizversand.ch\/it\/produkt\/pure2improve-massagehaken\/","name":"Pure2improve Massagehaken | Jetzt kaufen | Schweizversand.ch","isPartOf":{"@id":"https:\/\/schweizversand.ch\/it\/#website"},"primaryImageOfPage":{"@id":"https:\/\/schweizversand.ch\/it\/produkt\/pure2improve-massagehaken\/#primaryimage"},"image":{"@id":"https:\/\/schweizversand.ch\/it\/produkt\/pure2improve-massagehaken\/#primaryimage"},"thumbnailUrl":"https:\/\/schweizversand.ch\/wp-content\/uploads\/2026\/02\/5471555328.jpg","datePublished":"2026-03-14T22:49:11+00:00","dateModified":"2026-04-20T13:35:42+00:00","description":"Pure2improve Massagehaken g\u00fcnstig kaufen bei Schweizversand.ch. Schnelle Lieferung in der Schweiz. Gratisversand ab CHF 50.","breadcrumb":{"@id":"https:\/\/schweizversand.ch\/it\/produkt\/pure2improve-massagehaken\/#breadcrumb"},"inLanguage":"it-IT","potentialAction":[{"@type":"ReadAction","target":["https:\/\/schweizversand.ch\/it\/produkt\/pure2improve-massagehaken\/"]}]},{"@type":"ImageObject","inLanguage":"it-IT","@id":"https:\/\/schweizversand.ch\/it\/produkt\/pure2improve-massagehaken\/#primaryimage","url":"https:\/\/schweizversand.ch\/wp-content\/uploads\/2026\/02\/5471555328.jpg","contentUrl":"https:\/\/schweizversand.ch\/wp-content\/uploads\/2026\/02\/5471555328.jpg","width":1024,"height":473},{"@type":"BreadcrumbList","@id":"https:\/\/schweizversand.ch\/it\/produkt\/pure2improve-massagehaken\/#breadcrumb","itemListElement":[{"@type":"ListItem","position":1,"name":"Startseite","item":"https:\/\/schweizversand.ch\/it\/home\/"},{"@type":"ListItem","position":2,"name":"Shop","item":"https:\/\/schweizversand.ch\/it\/shop\/"},{"@type":"ListItem","position":3,"name":"Sport","item":"https:\/\/schweizversand.ch\/it\/produkt-kategorie\/sport-it\/"},{"@type":"ListItem","position":4,"name":"Fitness","item":"https:\/\/schweizversand.ch\/it\/produkt-kategorie\/sport-it\/fitness\/"},{"@type":"ListItem","position":5,"name":"Attrezzature e accessori per il fitness","item":"https:\/\/schweizversand.ch\/it\/produkt-kategorie\/sport\/fitness\/attrezzature-e-accessori-per-il-fitness\/"},{"@type":"ListItem","position":6,"name":"Ganci per massaggio Pure2improve"}]},{"@type":"WebSite","@id":"https:\/\/schweizversand.ch\/it\/#website","url":"https:\/\/schweizversand.ch\/it\/","name":"Schweizer Shop f\u00fcr Sport, Spiel und Freizeit","description":"Gratisversand ab 50.- (netto), ab eigenem schweizer Lager, Lieferung innert 48h","publisher":{"@id":"https:\/\/schweizversand.ch\/it\/#organization"},"alternateName":"Schweizversand.ch","potentialAction":[{"@type":"SearchAction","target":{"@type":"EntryPoint","urlTemplate":"https:\/\/schweizversand.ch\/it\/?s={search_term_string}"},"query-input":{"@type":"PropertyValueSpecification","valueRequired":true,"valueName":"search_term_string"}}],"inLanguage":"it-IT"},{"@type":"Organization","@id":"https:\/\/schweizversand.ch\/it\/#organization","name":"Schweizversand.ch","url":"https:\/\/schweizversand.ch\/it\/","logo":{"@type":"ImageObject","inLanguage":"it-IT","@id":"https:\/\/schweizversand.ch\/it\/#\/schema\/logo\/image\/","url":"https:\/\/schweizversand.ch\/wp-content\/uploads\/2026\/03\/Logo_Rund_Final-1.png","contentUrl":"https:\/\/schweizversand.ch\/wp-content\/uploads\/2026\/03\/Logo_Rund_Final-1.png","width":404,"height":404,"caption":"Schweizversand.ch"},"image":{"@id":"https:\/\/schweizversand.ch\/it\/#\/schema\/logo\/image\/"},"sameAs":["https:\/\/www.facebook.com\/Schweizversand","https:\/\/www.instagram.com\/schweizversand.ch\/"]}]}},"jetpack_sharing_enabled":true,"_links":{"self":[{"href":"https:\/\/schweizversand.ch\/it\/wp-json\/wp\/v2\/product\/249806","targetHints":{"allow":["GET"]}}],"collection":[{"href":"https:\/\/schweizversand.ch\/it\/wp-json\/wp\/v2\/product"}],"about":[{"href":"https:\/\/schweizversand.ch\/it\/wp-json\/wp\/v2\/types\/product"}],"replies":[{"embeddable":true,"href":"https:\/\/schweizversand.ch\/it\/wp-json\/wp\/v2\/comments?post=249806"}],"wp:featuredmedia":[{"embeddable":true,"href":"https:\/\/schweizversand.ch\/it\/wp-json\/wp\/v2\/media\/157452"}],"wp:attachment":[{"href":"https:\/\/schweizversand.ch\/it\/wp-json\/wp\/v2\/media?parent=249806"}],"wp:term":[{"taxonomy":"product_brand","embeddable":true,"href":"https:\/\/schweizversand.ch\/it\/wp-json\/wp\/v2\/product_brand?post=249806"},{"taxonomy":"product_cat","embeddable":true,"href":"https:\/\/schweizversand.ch\/it\/wp-json\/wp\/v2\/product_cat?post=249806"},{"taxonomy":"product_tag","embeddable":true,"href":"https:\/\/schweizversand.ch\/it\/wp-json\/wp\/v2\/product_tag?post=249806"}],"curies":[{"name":"wp","href":"https:\/\/api.w.org\/{rel}","templated":true}]}}