{"id":249881,"date":"2026-03-14T23:49:59","date_gmt":"2026-03-14T22:49:59","guid":{"rendered":"https:\/\/schweizversand.ch\/produkt\/hudora-basketball\/"},"modified":"2026-04-20T02:06:10","modified_gmt":"2026-04-20T00:06:10","slug":"hudora-basketball","status":"publish","type":"product","link":"https:\/\/schweizversand.ch\/it\/produkt\/hudora-basketball\/","title":{"rendered":"Pallacanestro Hudora"},"content":{"rendered":"<h1><strong>Palla da basket Hudora taglia 7 &#8211; Per interni e strada<\/strong><\/h1>\n<div>Cerchi una palla da basket affidabile in grado di resistere sia alle esigenze del gioco indoor che ai rigori delle superfici stradali? La <strong>palla da basket Hudora taglia 7<\/strong> \u00e8 l&#8217;attrezzatura ideale per giocatori ambiziosi, offrendo prestazioni e durata eccezionali grazie ai suoi materiali di alta qualit\u00e0.<\/p>\n<\/div>\n<div><strong>Versatilit\u00e0 e gamma di utilizzo<\/strong><br \/>Questa <strong>palla da basket taglia 7 in gomma naturale<\/strong> \u00e8 stata appositamente progettata per eccellere in diversi ambienti. Che tu ti alleni intensamente indoor o giochi partite emozionanti sull&#8217;asfalto, questa palla \u00e8 il tuo partner perfetto. \u00c8 ideale per il basket all&#8217;aperto e soddisfa anche gli standard per l&#8217;uso indoor. Materiale e presa: la robusta superficie \u00e8 realizzata in gomma naturale, che conferisce alla palla un&#8217;eccellente presa, essenziale per palleggi precisi e passaggi accurati. La struttura interna, composta per il 65% da gomma naturale e per il 35% da gomma sottile, offre un equilibrio ottimale tra flessibilit\u00e0 e resistenza, apprezzato sia dai giocatori di basket maschile che da tutti gli altri. Dettagli tecnici e affidabilit\u00e0: la qualit\u00e0 del pallone da basket Hudora \u00e8 evidente anche nei suoi componenti tecnici. Una camera d&#8217;aria in gomma con valvola in butile garantisce un&#8217;ermeticit\u00e0 affidabile, assicurando che la palla rimanga gonfiata in modo ottimale anche con un uso frequente.<br \/>&#8211; Peso: circa 600 g<br \/>&#8211; Materiale della superficie: gomma naturale<br \/>&#8211; Valvola: valvola in butile per un&#8217;ermeticit\u00e0 affidabile<br \/>&#8211; Condizioni di consegna: sgonfia (deve essere gonfiata prima del primo utilizzo)<\/p>\n<\/div>\n<div>Investi in questo resistente pallone da basket da strada indoor di Hudora. Offre il controllo e la durata necessari per portare il tuo gioco a un livello superiore.<\/p>\n<\/div>\n<div><\/div>\n","protected":false},"excerpt":{"rendered":"<p>Palla da basket Hudora taglia 7 &#8211; Per interni e strada Cerchi una palla da basket affidabile in grado di resistere sia alle esigenze del gioco indoor che ai rigori delle superfici stradali? La palla da basket Hudora taglia 7 \u00e8 l&#8217;attrezzatura ideale per giocatori ambiziosi, offrendo prestazioni e durata eccezionali grazie ai suoi materiali di alta qualit\u00e0. Versatilit\u00e0 e gamma di utilizzoQuesta palla da basket taglia 7 in gomma naturale \u00e8 stata appositamente progettata&hellip;<\/p>\n","protected":false},"featured_media":165652,"comment_status":"open","ping_status":"closed","template":"","meta":[],"product_brand":[],"product_cat":[38569,38570,39214],"product_tag":[],"class_list":{"0":"post-249881","1":"product","2":"type-product","3":"status-publish","4":"has-post-thumbnail","6":"product_cat-basketball","7":"product_cat-basket","9":"product_shipping_class-global_methods","11":"first","12":"instock","13":"taxable","14":"shipping-taxable","15":"purchasable","16":"product-type-simple"},"yoast_head":"<!-- This site is optimized with the Yoast SEO plugin v27.4 - https:\/\/yoast.com\/product\/yoast-seo-wordpress\/ -->\n<title>Hudora Basketball | Jetzt kaufen | Schweizversand.ch<\/title>\n<meta name=\"description\" content=\"Hudora Basketball g\u00fcnstig kaufen bei Schweizversand.ch. Schnelle Lieferung in der Schweiz. Gratisversand ab CHF 50.\" \/>\n<meta name=\"robots\" content=\"index, follow, max-snippet:-1, max-image-preview:large, max-video-preview:-1\" \/>\n<link rel=\"canonical\" href=\"https:\/\/schweizversand.ch\/it\/produkt\/hudora-basketball\/\" \/>\n<meta property=\"og:locale\" content=\"it_IT\" \/>\n<meta property=\"og:type\" content=\"article\" \/>\n<meta property=\"og:title\" content=\"Hudora Basketball | Jetzt kaufen | Schweizversand.ch\" \/>\n<meta property=\"og:description\" content=\"Hudora Basketball g\u00fcnstig kaufen bei Schweizversand.ch. Schnelle Lieferung in der Schweiz. Gratisversand ab CHF 50.\" \/>\n<meta property=\"og:url\" content=\"https:\/\/schweizversand.ch\/it\/produkt\/hudora-basketball\/\" \/>\n<meta property=\"og:site_name\" content=\"Schweizer Shop f\u00fcr Sport, Spiel und Freizeit\" \/>\n<meta property=\"article:publisher\" content=\"https:\/\/www.facebook.com\/Schweizversand\" \/>\n<meta property=\"article:modified_time\" content=\"2026-04-20T00:06:10+00:00\" \/>\n<meta property=\"og:image\" content=\"https:\/\/schweizversand.ch\/wp-content\/uploads\/2026\/02\/5565441447.gif\" \/>\n\t<meta property=\"og:image:width\" content=\"1024\" \/>\n\t<meta property=\"og:image:height\" content=\"978\" \/>\n\t<meta property=\"og:image:type\" content=\"image\/gif\" \/>\n<meta name=\"twitter:card\" content=\"summary_large_image\" \/>\n<meta name=\"twitter:label1\" content=\"Tempo di lettura stimato\" \/>\n\t<meta name=\"twitter:data1\" content=\"1 minuto\" \/>\n<script type=\"application\/ld+json\" class=\"yoast-schema-graph\">{\"@context\":\"https:\\\/\\\/schema.org\",\"@graph\":[{\"@type\":\"WebPage\",\"@id\":\"https:\\\/\\\/schweizversand.ch\\\/it\\\/produkt\\\/hudora-basketball\\\/\",\"url\":\"https:\\\/\\\/schweizversand.ch\\\/it\\\/produkt\\\/hudora-basketball\\\/\",\"name\":\"Hudora Basketball | Jetzt kaufen | Schweizversand.ch\",\"isPartOf\":{\"@id\":\"https:\\\/\\\/schweizversand.ch\\\/it\\\/#website\"},\"primaryImageOfPage\":{\"@id\":\"https:\\\/\\\/schweizversand.ch\\\/it\\\/produkt\\\/hudora-basketball\\\/#primaryimage\"},\"image\":{\"@id\":\"https:\\\/\\\/schweizversand.ch\\\/it\\\/produkt\\\/hudora-basketball\\\/#primaryimage\"},\"thumbnailUrl\":\"https:\\\/\\\/schweizversand.ch\\\/wp-content\\\/uploads\\\/2026\\\/02\\\/5565441447.gif\",\"datePublished\":\"2026-03-14T22:49:59+00:00\",\"dateModified\":\"2026-04-20T00:06:10+00:00\",\"description\":\"Hudora Basketball g\u00fcnstig kaufen bei Schweizversand.ch. Schnelle Lieferung in der Schweiz. Gratisversand ab CHF 50.\",\"breadcrumb\":{\"@id\":\"https:\\\/\\\/schweizversand.ch\\\/it\\\/produkt\\\/hudora-basketball\\\/#breadcrumb\"},\"inLanguage\":\"it-IT\",\"potentialAction\":[{\"@type\":\"ReadAction\",\"target\":[\"https:\\\/\\\/schweizversand.ch\\\/it\\\/produkt\\\/hudora-basketball\\\/\"]}]},{\"@type\":\"ImageObject\",\"inLanguage\":\"it-IT\",\"@id\":\"https:\\\/\\\/schweizversand.ch\\\/it\\\/produkt\\\/hudora-basketball\\\/#primaryimage\",\"url\":\"https:\\\/\\\/schweizversand.ch\\\/wp-content\\\/uploads\\\/2026\\\/02\\\/5565441447.gif\",\"contentUrl\":\"https:\\\/\\\/schweizversand.ch\\\/wp-content\\\/uploads\\\/2026\\\/02\\\/5565441447.gif\",\"width\":1024,\"height\":978},{\"@type\":\"BreadcrumbList\",\"@id\":\"https:\\\/\\\/schweizversand.ch\\\/it\\\/produkt\\\/hudora-basketball\\\/#breadcrumb\",\"itemListElement\":[{\"@type\":\"ListItem\",\"position\":1,\"name\":\"Startseite\",\"item\":\"https:\\\/\\\/schweizversand.ch\\\/it\\\/home\\\/\"},{\"@type\":\"ListItem\",\"position\":2,\"name\":\"Shop\",\"item\":\"https:\\\/\\\/schweizversand.ch\\\/it\\\/shop\\\/\"},{\"@type\":\"ListItem\",\"position\":3,\"name\":\"Sport\",\"item\":\"https:\\\/\\\/schweizversand.ch\\\/it\\\/produkt-kategorie\\\/sport-it\\\/\"},{\"@type\":\"ListItem\",\"position\":4,\"name\":\"Sport con la palla e freccette\",\"item\":\"https:\\\/\\\/schweizversand.ch\\\/it\\\/produkt-kategorie\\\/sport\\\/sport-con-la-palla-e-freccette\\\/\"},{\"@type\":\"ListItem\",\"position\":5,\"name\":\"basket\",\"item\":\"https:\\\/\\\/schweizversand.ch\\\/it\\\/produkt-kategorie\\\/sport\\\/sport-con-la-palla-e-freccette\\\/basket\\\/\"},{\"@type\":\"ListItem\",\"position\":6,\"name\":\"Pallacanestro Hudora\"}]},{\"@type\":\"WebSite\",\"@id\":\"https:\\\/\\\/schweizversand.ch\\\/it\\\/#website\",\"url\":\"https:\\\/\\\/schweizversand.ch\\\/it\\\/\",\"name\":\"Schweizer Shop f\u00fcr Sport, Spiel und Freizeit\",\"description\":\"Gratisversand ab 50.- (netto), ab eigenem schweizer Lager, Lieferung innert 48h\",\"publisher\":{\"@id\":\"https:\\\/\\\/schweizversand.ch\\\/it\\\/#organization\"},\"alternateName\":\"Schweizversand.ch\",\"potentialAction\":[{\"@type\":\"SearchAction\",\"target\":{\"@type\":\"EntryPoint\",\"urlTemplate\":\"https:\\\/\\\/schweizversand.ch\\\/it\\\/?s={search_term_string}\"},\"query-input\":{\"@type\":\"PropertyValueSpecification\",\"valueRequired\":true,\"valueName\":\"search_term_string\"}}],\"inLanguage\":\"it-IT\"},{\"@type\":\"Organization\",\"@id\":\"https:\\\/\\\/schweizversand.ch\\\/it\\\/#organization\",\"name\":\"Schweizversand.ch\",\"url\":\"https:\\\/\\\/schweizversand.ch\\\/it\\\/\",\"logo\":{\"@type\":\"ImageObject\",\"inLanguage\":\"it-IT\",\"@id\":\"https:\\\/\\\/schweizversand.ch\\\/it\\\/#\\\/schema\\\/logo\\\/image\\\/\",\"url\":\"https:\\\/\\\/schweizversand.ch\\\/wp-content\\\/uploads\\\/2026\\\/03\\\/Logo_Rund_Final-1.png\",\"contentUrl\":\"https:\\\/\\\/schweizversand.ch\\\/wp-content\\\/uploads\\\/2026\\\/03\\\/Logo_Rund_Final-1.png\",\"width\":404,\"height\":404,\"caption\":\"Schweizversand.ch\"},\"image\":{\"@id\":\"https:\\\/\\\/schweizversand.ch\\\/it\\\/#\\\/schema\\\/logo\\\/image\\\/\"},\"sameAs\":[\"https:\\\/\\\/www.facebook.com\\\/Schweizversand\",\"https:\\\/\\\/www.instagram.com\\\/schweizversand.ch\\\/\"]}]}<\/script>\n<!-- \/ Yoast SEO plugin. -->","yoast_head_json":{"title":"Hudora Basketball | Jetzt kaufen | Schweizversand.ch","description":"Hudora Basketball g\u00fcnstig kaufen bei Schweizversand.ch. Schnelle Lieferung in der Schweiz. Gratisversand ab CHF 50.","robots":{"index":"index","follow":"follow","max-snippet":"max-snippet:-1","max-image-preview":"max-image-preview:large","max-video-preview":"max-video-preview:-1"},"canonical":"https:\/\/schweizversand.ch\/it\/produkt\/hudora-basketball\/","og_locale":"it_IT","og_type":"article","og_title":"Hudora Basketball | Jetzt kaufen | Schweizversand.ch","og_description":"Hudora Basketball g\u00fcnstig kaufen bei Schweizversand.ch. Schnelle Lieferung in der Schweiz. Gratisversand ab CHF 50.","og_url":"https:\/\/schweizversand.ch\/it\/produkt\/hudora-basketball\/","og_site_name":"Schweizer Shop f\u00fcr Sport, Spiel und Freizeit","article_publisher":"https:\/\/www.facebook.com\/Schweizversand","article_modified_time":"2026-04-20T00:06:10+00:00","og_image":[{"width":1024,"height":978,"url":"https:\/\/schweizversand.ch\/wp-content\/uploads\/2026\/02\/5565441447.gif","type":"image\/gif"}],"twitter_card":"summary_large_image","twitter_misc":{"Tempo di lettura stimato":"1 minuto"},"schema":{"@context":"https:\/\/schema.org","@graph":[{"@type":"WebPage","@id":"https:\/\/schweizversand.ch\/it\/produkt\/hudora-basketball\/","url":"https:\/\/schweizversand.ch\/it\/produkt\/hudora-basketball\/","name":"Hudora Basketball | Jetzt kaufen | Schweizversand.ch","isPartOf":{"@id":"https:\/\/schweizversand.ch\/it\/#website"},"primaryImageOfPage":{"@id":"https:\/\/schweizversand.ch\/it\/produkt\/hudora-basketball\/#primaryimage"},"image":{"@id":"https:\/\/schweizversand.ch\/it\/produkt\/hudora-basketball\/#primaryimage"},"thumbnailUrl":"https:\/\/schweizversand.ch\/wp-content\/uploads\/2026\/02\/5565441447.gif","datePublished":"2026-03-14T22:49:59+00:00","dateModified":"2026-04-20T00:06:10+00:00","description":"Hudora Basketball g\u00fcnstig kaufen bei Schweizversand.ch. Schnelle Lieferung in der Schweiz. Gratisversand ab CHF 50.","breadcrumb":{"@id":"https:\/\/schweizversand.ch\/it\/produkt\/hudora-basketball\/#breadcrumb"},"inLanguage":"it-IT","potentialAction":[{"@type":"ReadAction","target":["https:\/\/schweizversand.ch\/it\/produkt\/hudora-basketball\/"]}]},{"@type":"ImageObject","inLanguage":"it-IT","@id":"https:\/\/schweizversand.ch\/it\/produkt\/hudora-basketball\/#primaryimage","url":"https:\/\/schweizversand.ch\/wp-content\/uploads\/2026\/02\/5565441447.gif","contentUrl":"https:\/\/schweizversand.ch\/wp-content\/uploads\/2026\/02\/5565441447.gif","width":1024,"height":978},{"@type":"BreadcrumbList","@id":"https:\/\/schweizversand.ch\/it\/produkt\/hudora-basketball\/#breadcrumb","itemListElement":[{"@type":"ListItem","position":1,"name":"Startseite","item":"https:\/\/schweizversand.ch\/it\/home\/"},{"@type":"ListItem","position":2,"name":"Shop","item":"https:\/\/schweizversand.ch\/it\/shop\/"},{"@type":"ListItem","position":3,"name":"Sport","item":"https:\/\/schweizversand.ch\/it\/produkt-kategorie\/sport-it\/"},{"@type":"ListItem","position":4,"name":"Sport con la palla e freccette","item":"https:\/\/schweizversand.ch\/it\/produkt-kategorie\/sport\/sport-con-la-palla-e-freccette\/"},{"@type":"ListItem","position":5,"name":"basket","item":"https:\/\/schweizversand.ch\/it\/produkt-kategorie\/sport\/sport-con-la-palla-e-freccette\/basket\/"},{"@type":"ListItem","position":6,"name":"Pallacanestro Hudora"}]},{"@type":"WebSite","@id":"https:\/\/schweizversand.ch\/it\/#website","url":"https:\/\/schweizversand.ch\/it\/","name":"Schweizer Shop f\u00fcr Sport, Spiel und Freizeit","description":"Gratisversand ab 50.- (netto), ab eigenem schweizer Lager, Lieferung innert 48h","publisher":{"@id":"https:\/\/schweizversand.ch\/it\/#organization"},"alternateName":"Schweizversand.ch","potentialAction":[{"@type":"SearchAction","target":{"@type":"EntryPoint","urlTemplate":"https:\/\/schweizversand.ch\/it\/?s={search_term_string}"},"query-input":{"@type":"PropertyValueSpecification","valueRequired":true,"valueName":"search_term_string"}}],"inLanguage":"it-IT"},{"@type":"Organization","@id":"https:\/\/schweizversand.ch\/it\/#organization","name":"Schweizversand.ch","url":"https:\/\/schweizversand.ch\/it\/","logo":{"@type":"ImageObject","inLanguage":"it-IT","@id":"https:\/\/schweizversand.ch\/it\/#\/schema\/logo\/image\/","url":"https:\/\/schweizversand.ch\/wp-content\/uploads\/2026\/03\/Logo_Rund_Final-1.png","contentUrl":"https:\/\/schweizversand.ch\/wp-content\/uploads\/2026\/03\/Logo_Rund_Final-1.png","width":404,"height":404,"caption":"Schweizversand.ch"},"image":{"@id":"https:\/\/schweizversand.ch\/it\/#\/schema\/logo\/image\/"},"sameAs":["https:\/\/www.facebook.com\/Schweizversand","https:\/\/www.instagram.com\/schweizversand.ch\/"]}]}},"jetpack_sharing_enabled":true,"_links":{"self":[{"href":"https:\/\/schweizversand.ch\/it\/wp-json\/wp\/v2\/product\/249881","targetHints":{"allow":["GET"]}}],"collection":[{"href":"https:\/\/schweizversand.ch\/it\/wp-json\/wp\/v2\/product"}],"about":[{"href":"https:\/\/schweizversand.ch\/it\/wp-json\/wp\/v2\/types\/product"}],"replies":[{"embeddable":true,"href":"https:\/\/schweizversand.ch\/it\/wp-json\/wp\/v2\/comments?post=249881"}],"wp:featuredmedia":[{"embeddable":true,"href":"https:\/\/schweizversand.ch\/it\/wp-json\/wp\/v2\/media\/165652"}],"wp:attachment":[{"href":"https:\/\/schweizversand.ch\/it\/wp-json\/wp\/v2\/media?parent=249881"}],"wp:term":[{"taxonomy":"product_brand","embeddable":true,"href":"https:\/\/schweizversand.ch\/it\/wp-json\/wp\/v2\/product_brand?post=249881"},{"taxonomy":"product_cat","embeddable":true,"href":"https:\/\/schweizversand.ch\/it\/wp-json\/wp\/v2\/product_cat?post=249881"},{"taxonomy":"product_tag","embeddable":true,"href":"https:\/\/schweizversand.ch\/it\/wp-json\/wp\/v2\/product_tag?post=249881"}],"curies":[{"name":"wp","href":"https:\/\/api.w.org\/{rel}","templated":true}]}}