{"id":249884,"date":"2026-03-14T23:49:59","date_gmt":"2026-03-14T22:49:59","guid":{"rendered":"https:\/\/schweizversand.ch\/produkt\/hudora-bigwheel-style-230\/"},"modified":"2026-04-21T15:37:02","modified_gmt":"2026-04-21T13:37:02","slug":"hudora-bigwheel-style-230","status":"publish","type":"product","link":"https:\/\/schweizversand.ch\/it\/produkt\/hudora-bigwheel-style-230\/","title":{"rendered":"Hudora BigWheel\u00ae Stile 230"},"content":{"rendered":"<h1><strong>Monopattino HUDORA Style 230 &#8211; Ruote Grandi per Adulti<\/strong><\/h1>\n<div>Scopri il monopattino HUDORA, che combina perfettamente stile, comfort e velocit\u00e0. Il monopattino <strong>Style 230<\/strong> \u00e8 ideale per i pi\u00f9 giovani e per chi \u00e8 giovane dentro, offrendo un&#8217;esperienza di guida senza pari grazie alle sue caratteristiche esclusive. Che si tratti di andare al lavoro o di fare commissioni veloci, questo monopattino per adulti rende ogni viaggio un piacere.<\/p>\n<\/div>\n<div><strong>Design e comfort di guida<\/strong><br \/>Questo monopattino <strong>a ruote grandi<\/strong> colpisce per il suo aspetto accattivante e la massima sicurezza. Le manopole comfort antiurto e il campanello di emergenza garantiscono una guida sicura. Grazie alla pedana extra large, anche i conducenti adulti possono sedersi comodamente, rendendo il <strong>City Scooter<\/strong> particolarmente attraente.<\/p>\n<\/div>\n<div><strong>Tecnologia innovativa e sicurezza<\/strong><br \/>Un punto di forza speciale \u00e8 il freno a frizione posteriore estruso, sviluppato appositamente per lo Style 230. Si riscalda meno rapidamente e si consuma pi\u00f9 lentamente, aumentandone la durata. Il parafango integrato mantiene i vestiti puliti, mentre il doppio cavalletto consente un parcheggio sicuro.<\/p>\n<\/div>\n<div><strong>Mobilit\u00e0 e praticit\u00e0<\/strong><br \/>Il <strong>City Scooter da 230 mm<\/strong> si ripiega facilmente dopo l&#8217;uso. La tracolla regolabile lo rende facile da trasportare, ideale se devi portare il monopattino in ufficio o sui mezzi pubblici. La robusta pedana in alluminio pu\u00f2 sopportare un peso massimo dell&#8217;utente di 120 kg.<\/p>\n<\/div>\n<div><strong>Dettagli tecnici e caratteristiche<\/strong><br \/>&#8211; Max. Peso massimo utente: 120 kg<br \/>&#8211; Manubrio regolabile in altezza: 88 \u2013 106,5 cm<br \/>&#8211; Dimensioni pedana: 35 x 14 cm<br \/>&#8211; Dimensioni ruote: Anteriore \u00d8 230 mm, Posteriore \u00d8 205 mm<br \/>&#8211; Cuscinetti a sfera: ABEC 5 (cromati)<br \/>&#8211; Materiale: Alluminio<br \/>&#8211; Freno: Freno a frizione posteriore estruso<br \/>&#8211; Caratteristiche: Doppio cavalletto, campanello, impugnature comfort, tracolla<\/p>\n<\/div>\n<div>Assicurati subito questo monopattino <strong>HUDORA<\/strong> di alta qualit\u00e0 e sperimenta la perfetta combinazione di velocit\u00e0 e comfort per i tuoi spostamenti quotidiani.<\/p>\n<\/div>\n<div><\/div>\n","protected":false},"excerpt":{"rendered":"<p>Monopattino HUDORA Style 230 &#8211; Ruote Grandi per Adulti Scopri il monopattino HUDORA, che combina perfettamente stile, comfort e velocit\u00e0. Il monopattino Style 230 \u00e8 ideale per i pi\u00f9 giovani e per chi \u00e8 giovane dentro, offrendo un&#8217;esperienza di guida senza pari grazie alle sue caratteristiche esclusive. Che si tratti di andare al lavoro o di fare commissioni veloci, questo monopattino per adulti rende ogni viaggio un piacere. Design e comfort di guidaQuesto monopattino a&hellip;<\/p>\n","protected":false},"featured_media":165664,"comment_status":"open","ping_status":"closed","template":"","meta":[],"product_brand":[],"product_cat":[38659,38661],"product_tag":[],"class_list":{"0":"post-249884","1":"product","2":"type-product","3":"status-publish","4":"has-post-thumbnail","6":"product_cat-scooter","7":"product_cat-monopattino","8":"product_shipping_class-global_methods","10":"first","11":"instock","12":"taxable","13":"shipping-taxable","14":"purchasable","15":"product-type-simple"},"yoast_head":"<!-- This site is optimized with the Yoast SEO plugin v27.4 - https:\/\/yoast.com\/product\/yoast-seo-wordpress\/ -->\n<title>Hudora BigWheel\u00ae Style 230 | Jetzt kaufen | Schweizversand.ch<\/title>\n<meta name=\"description\" content=\"Hudora BigWheel\u00ae Style 230 g\u00fcnstig kaufen bei Schweizversand.ch. Schnelle Lieferung in der Schweiz. Gratisversand ab CHF 50.\" \/>\n<meta name=\"robots\" content=\"index, follow, max-snippet:-1, max-image-preview:large, max-video-preview:-1\" \/>\n<link rel=\"canonical\" href=\"https:\/\/schweizversand.ch\/it\/produkt\/hudora-bigwheel-style-230\/\" \/>\n<meta property=\"og:locale\" content=\"it_IT\" \/>\n<meta property=\"og:type\" content=\"article\" \/>\n<meta property=\"og:title\" content=\"Hudora BigWheel\u00ae Style 230 | Jetzt kaufen | Schweizversand.ch\" \/>\n<meta property=\"og:description\" content=\"Hudora BigWheel\u00ae Style 230 g\u00fcnstig kaufen bei Schweizversand.ch. Schnelle Lieferung in der Schweiz. Gratisversand ab CHF 50.\" \/>\n<meta property=\"og:url\" content=\"https:\/\/schweizversand.ch\/it\/produkt\/hudora-bigwheel-style-230\/\" \/>\n<meta property=\"og:site_name\" content=\"Schweizer Shop f\u00fcr Sport, Spiel und Freizeit\" \/>\n<meta property=\"article:publisher\" content=\"https:\/\/www.facebook.com\/Schweizversand\" \/>\n<meta property=\"article:modified_time\" content=\"2026-04-21T13:37:02+00:00\" \/>\n<meta property=\"og:image\" content=\"https:\/\/schweizversand.ch\/wp-content\/uploads\/2026\/02\/5471483274.jpg\" \/>\n\t<meta property=\"og:image:width\" content=\"690\" \/>\n\t<meta property=\"og:image:height\" content=\"1024\" \/>\n\t<meta property=\"og:image:type\" content=\"image\/jpeg\" \/>\n<meta name=\"twitter:card\" content=\"summary_large_image\" \/>\n<meta name=\"twitter:label1\" content=\"Tempo di lettura stimato\" \/>\n\t<meta name=\"twitter:data1\" content=\"1 minuto\" \/>\n<script type=\"application\/ld+json\" class=\"yoast-schema-graph\">{\"@context\":\"https:\\\/\\\/schema.org\",\"@graph\":[{\"@type\":\"WebPage\",\"@id\":\"https:\\\/\\\/schweizversand.ch\\\/it\\\/produkt\\\/hudora-bigwheel-style-230\\\/\",\"url\":\"https:\\\/\\\/schweizversand.ch\\\/it\\\/produkt\\\/hudora-bigwheel-style-230\\\/\",\"name\":\"Hudora BigWheel\u00ae Style 230 | Jetzt kaufen | Schweizversand.ch\",\"isPartOf\":{\"@id\":\"https:\\\/\\\/schweizversand.ch\\\/it\\\/#website\"},\"primaryImageOfPage\":{\"@id\":\"https:\\\/\\\/schweizversand.ch\\\/it\\\/produkt\\\/hudora-bigwheel-style-230\\\/#primaryimage\"},\"image\":{\"@id\":\"https:\\\/\\\/schweizversand.ch\\\/it\\\/produkt\\\/hudora-bigwheel-style-230\\\/#primaryimage\"},\"thumbnailUrl\":\"https:\\\/\\\/schweizversand.ch\\\/wp-content\\\/uploads\\\/2026\\\/02\\\/5471483274.jpg\",\"datePublished\":\"2026-03-14T22:49:59+00:00\",\"dateModified\":\"2026-04-21T13:37:02+00:00\",\"description\":\"Hudora BigWheel\u00ae Style 230 g\u00fcnstig kaufen bei Schweizversand.ch. Schnelle Lieferung in der Schweiz. Gratisversand ab CHF 50.\",\"breadcrumb\":{\"@id\":\"https:\\\/\\\/schweizversand.ch\\\/it\\\/produkt\\\/hudora-bigwheel-style-230\\\/#breadcrumb\"},\"inLanguage\":\"it-IT\",\"potentialAction\":[{\"@type\":\"ReadAction\",\"target\":[\"https:\\\/\\\/schweizversand.ch\\\/it\\\/produkt\\\/hudora-bigwheel-style-230\\\/\"]}]},{\"@type\":\"ImageObject\",\"inLanguage\":\"it-IT\",\"@id\":\"https:\\\/\\\/schweizversand.ch\\\/it\\\/produkt\\\/hudora-bigwheel-style-230\\\/#primaryimage\",\"url\":\"https:\\\/\\\/schweizversand.ch\\\/wp-content\\\/uploads\\\/2026\\\/02\\\/5471483274.jpg\",\"contentUrl\":\"https:\\\/\\\/schweizversand.ch\\\/wp-content\\\/uploads\\\/2026\\\/02\\\/5471483274.jpg\",\"width\":690,\"height\":1024},{\"@type\":\"BreadcrumbList\",\"@id\":\"https:\\\/\\\/schweizversand.ch\\\/it\\\/produkt\\\/hudora-bigwheel-style-230\\\/#breadcrumb\",\"itemListElement\":[{\"@type\":\"ListItem\",\"position\":1,\"name\":\"Startseite\",\"item\":\"https:\\\/\\\/schweizversand.ch\\\/it\\\/home\\\/\"},{\"@type\":\"ListItem\",\"position\":2,\"name\":\"Shop\",\"item\":\"https:\\\/\\\/schweizversand.ch\\\/it\\\/shop\\\/\"},{\"@type\":\"ListItem\",\"position\":3,\"name\":\"Sport\",\"item\":\"https:\\\/\\\/schweizversand.ch\\\/it\\\/produkt-kategorie\\\/sport-it\\\/\"},{\"@type\":\"ListItem\",\"position\":4,\"name\":\"Sport su rotelle\",\"item\":\"https:\\\/\\\/schweizversand.ch\\\/it\\\/produkt-kategorie\\\/sport\\\/sport-su-rotelle\\\/\"},{\"@type\":\"ListItem\",\"position\":5,\"name\":\"Monopattino\",\"item\":\"https:\\\/\\\/schweizversand.ch\\\/it\\\/produkt-kategorie\\\/sport\\\/sport-su-rotelle\\\/monopattino\\\/\"},{\"@type\":\"ListItem\",\"position\":6,\"name\":\"Hudora BigWheel\u00ae Stile 230\"}]},{\"@type\":\"WebSite\",\"@id\":\"https:\\\/\\\/schweizversand.ch\\\/it\\\/#website\",\"url\":\"https:\\\/\\\/schweizversand.ch\\\/it\\\/\",\"name\":\"Schweizer Shop f\u00fcr Sport, Spiel und Freizeit\",\"description\":\"Gratisversand ab 50.- (netto), ab eigenem schweizer Lager, Lieferung innert 48h\",\"publisher\":{\"@id\":\"https:\\\/\\\/schweizversand.ch\\\/it\\\/#organization\"},\"alternateName\":\"Schweizversand.ch\",\"potentialAction\":[{\"@type\":\"SearchAction\",\"target\":{\"@type\":\"EntryPoint\",\"urlTemplate\":\"https:\\\/\\\/schweizversand.ch\\\/it\\\/?s={search_term_string}\"},\"query-input\":{\"@type\":\"PropertyValueSpecification\",\"valueRequired\":true,\"valueName\":\"search_term_string\"}}],\"inLanguage\":\"it-IT\"},{\"@type\":\"Organization\",\"@id\":\"https:\\\/\\\/schweizversand.ch\\\/it\\\/#organization\",\"name\":\"Schweizversand.ch\",\"url\":\"https:\\\/\\\/schweizversand.ch\\\/it\\\/\",\"logo\":{\"@type\":\"ImageObject\",\"inLanguage\":\"it-IT\",\"@id\":\"https:\\\/\\\/schweizversand.ch\\\/it\\\/#\\\/schema\\\/logo\\\/image\\\/\",\"url\":\"https:\\\/\\\/schweizversand.ch\\\/wp-content\\\/uploads\\\/2026\\\/03\\\/Logo_Rund_Final-1.png\",\"contentUrl\":\"https:\\\/\\\/schweizversand.ch\\\/wp-content\\\/uploads\\\/2026\\\/03\\\/Logo_Rund_Final-1.png\",\"width\":404,\"height\":404,\"caption\":\"Schweizversand.ch\"},\"image\":{\"@id\":\"https:\\\/\\\/schweizversand.ch\\\/it\\\/#\\\/schema\\\/logo\\\/image\\\/\"},\"sameAs\":[\"https:\\\/\\\/www.facebook.com\\\/Schweizversand\",\"https:\\\/\\\/www.instagram.com\\\/schweizversand.ch\\\/\"]}]}<\/script>\n<!-- \/ Yoast SEO plugin. -->","yoast_head_json":{"title":"Hudora BigWheel\u00ae Style 230 | Jetzt kaufen | Schweizversand.ch","description":"Hudora BigWheel\u00ae Style 230 g\u00fcnstig kaufen bei Schweizversand.ch. Schnelle Lieferung in der Schweiz. Gratisversand ab CHF 50.","robots":{"index":"index","follow":"follow","max-snippet":"max-snippet:-1","max-image-preview":"max-image-preview:large","max-video-preview":"max-video-preview:-1"},"canonical":"https:\/\/schweizversand.ch\/it\/produkt\/hudora-bigwheel-style-230\/","og_locale":"it_IT","og_type":"article","og_title":"Hudora BigWheel\u00ae Style 230 | Jetzt kaufen | Schweizversand.ch","og_description":"Hudora BigWheel\u00ae Style 230 g\u00fcnstig kaufen bei Schweizversand.ch. Schnelle Lieferung in der Schweiz. Gratisversand ab CHF 50.","og_url":"https:\/\/schweizversand.ch\/it\/produkt\/hudora-bigwheel-style-230\/","og_site_name":"Schweizer Shop f\u00fcr Sport, Spiel und Freizeit","article_publisher":"https:\/\/www.facebook.com\/Schweizversand","article_modified_time":"2026-04-21T13:37:02+00:00","og_image":[{"width":690,"height":1024,"url":"https:\/\/schweizversand.ch\/wp-content\/uploads\/2026\/02\/5471483274.jpg","type":"image\/jpeg"}],"twitter_card":"summary_large_image","twitter_misc":{"Tempo di lettura stimato":"1 minuto"},"schema":{"@context":"https:\/\/schema.org","@graph":[{"@type":"WebPage","@id":"https:\/\/schweizversand.ch\/it\/produkt\/hudora-bigwheel-style-230\/","url":"https:\/\/schweizversand.ch\/it\/produkt\/hudora-bigwheel-style-230\/","name":"Hudora BigWheel\u00ae Style 230 | Jetzt kaufen | Schweizversand.ch","isPartOf":{"@id":"https:\/\/schweizversand.ch\/it\/#website"},"primaryImageOfPage":{"@id":"https:\/\/schweizversand.ch\/it\/produkt\/hudora-bigwheel-style-230\/#primaryimage"},"image":{"@id":"https:\/\/schweizversand.ch\/it\/produkt\/hudora-bigwheel-style-230\/#primaryimage"},"thumbnailUrl":"https:\/\/schweizversand.ch\/wp-content\/uploads\/2026\/02\/5471483274.jpg","datePublished":"2026-03-14T22:49:59+00:00","dateModified":"2026-04-21T13:37:02+00:00","description":"Hudora BigWheel\u00ae Style 230 g\u00fcnstig kaufen bei Schweizversand.ch. Schnelle Lieferung in der Schweiz. Gratisversand ab CHF 50.","breadcrumb":{"@id":"https:\/\/schweizversand.ch\/it\/produkt\/hudora-bigwheel-style-230\/#breadcrumb"},"inLanguage":"it-IT","potentialAction":[{"@type":"ReadAction","target":["https:\/\/schweizversand.ch\/it\/produkt\/hudora-bigwheel-style-230\/"]}]},{"@type":"ImageObject","inLanguage":"it-IT","@id":"https:\/\/schweizversand.ch\/it\/produkt\/hudora-bigwheel-style-230\/#primaryimage","url":"https:\/\/schweizversand.ch\/wp-content\/uploads\/2026\/02\/5471483274.jpg","contentUrl":"https:\/\/schweizversand.ch\/wp-content\/uploads\/2026\/02\/5471483274.jpg","width":690,"height":1024},{"@type":"BreadcrumbList","@id":"https:\/\/schweizversand.ch\/it\/produkt\/hudora-bigwheel-style-230\/#breadcrumb","itemListElement":[{"@type":"ListItem","position":1,"name":"Startseite","item":"https:\/\/schweizversand.ch\/it\/home\/"},{"@type":"ListItem","position":2,"name":"Shop","item":"https:\/\/schweizversand.ch\/it\/shop\/"},{"@type":"ListItem","position":3,"name":"Sport","item":"https:\/\/schweizversand.ch\/it\/produkt-kategorie\/sport-it\/"},{"@type":"ListItem","position":4,"name":"Sport su rotelle","item":"https:\/\/schweizversand.ch\/it\/produkt-kategorie\/sport\/sport-su-rotelle\/"},{"@type":"ListItem","position":5,"name":"Monopattino","item":"https:\/\/schweizversand.ch\/it\/produkt-kategorie\/sport\/sport-su-rotelle\/monopattino\/"},{"@type":"ListItem","position":6,"name":"Hudora BigWheel\u00ae Stile 230"}]},{"@type":"WebSite","@id":"https:\/\/schweizversand.ch\/it\/#website","url":"https:\/\/schweizversand.ch\/it\/","name":"Schweizer Shop f\u00fcr Sport, Spiel und Freizeit","description":"Gratisversand ab 50.- (netto), ab eigenem schweizer Lager, Lieferung innert 48h","publisher":{"@id":"https:\/\/schweizversand.ch\/it\/#organization"},"alternateName":"Schweizversand.ch","potentialAction":[{"@type":"SearchAction","target":{"@type":"EntryPoint","urlTemplate":"https:\/\/schweizversand.ch\/it\/?s={search_term_string}"},"query-input":{"@type":"PropertyValueSpecification","valueRequired":true,"valueName":"search_term_string"}}],"inLanguage":"it-IT"},{"@type":"Organization","@id":"https:\/\/schweizversand.ch\/it\/#organization","name":"Schweizversand.ch","url":"https:\/\/schweizversand.ch\/it\/","logo":{"@type":"ImageObject","inLanguage":"it-IT","@id":"https:\/\/schweizversand.ch\/it\/#\/schema\/logo\/image\/","url":"https:\/\/schweizversand.ch\/wp-content\/uploads\/2026\/03\/Logo_Rund_Final-1.png","contentUrl":"https:\/\/schweizversand.ch\/wp-content\/uploads\/2026\/03\/Logo_Rund_Final-1.png","width":404,"height":404,"caption":"Schweizversand.ch"},"image":{"@id":"https:\/\/schweizversand.ch\/it\/#\/schema\/logo\/image\/"},"sameAs":["https:\/\/www.facebook.com\/Schweizversand","https:\/\/www.instagram.com\/schweizversand.ch\/"]}]}},"jetpack_sharing_enabled":true,"_links":{"self":[{"href":"https:\/\/schweizversand.ch\/it\/wp-json\/wp\/v2\/product\/249884","targetHints":{"allow":["GET"]}}],"collection":[{"href":"https:\/\/schweizversand.ch\/it\/wp-json\/wp\/v2\/product"}],"about":[{"href":"https:\/\/schweizversand.ch\/it\/wp-json\/wp\/v2\/types\/product"}],"replies":[{"embeddable":true,"href":"https:\/\/schweizversand.ch\/it\/wp-json\/wp\/v2\/comments?post=249884"}],"wp:featuredmedia":[{"embeddable":true,"href":"https:\/\/schweizversand.ch\/it\/wp-json\/wp\/v2\/media\/165664"}],"wp:attachment":[{"href":"https:\/\/schweizversand.ch\/it\/wp-json\/wp\/v2\/media?parent=249884"}],"wp:term":[{"taxonomy":"product_brand","embeddable":true,"href":"https:\/\/schweizversand.ch\/it\/wp-json\/wp\/v2\/product_brand?post=249884"},{"taxonomy":"product_cat","embeddable":true,"href":"https:\/\/schweizversand.ch\/it\/wp-json\/wp\/v2\/product_cat?post=249884"},{"taxonomy":"product_tag","embeddable":true,"href":"https:\/\/schweizversand.ch\/it\/wp-json\/wp\/v2\/product_tag?post=249884"}],"curies":[{"name":"wp","href":"https:\/\/api.w.org\/{rel}","templated":true}]}}