{"id":249896,"date":"2026-03-14T23:50:02","date_gmt":"2026-03-14T22:50:02","guid":{"rendered":"https:\/\/schweizversand.ch\/produkt\/hudora-bigwheel-205-2\/"},"modified":"2026-04-21T15:37:02","modified_gmt":"2026-04-21T13:37:02","slug":"hudora-bigwheel-205-2","status":"publish","type":"product","link":"https:\/\/schweizversand.ch\/it\/produkt\/hudora-bigwheel-205-2\/","title":{"rendered":"Hudora BigWheel\u00ae 205"},"content":{"rendered":"<p>Il classico per bambini e ragazzi<\/p>\n<p>L&#8217;HUDORA BigWheel \u00e8 un monopattino in alluminio di alta qualit\u00e0 con un meccanismo di chiusura intuitivo e una pedana extra bassa.<\/p>\n<p>Le ruote sottili consentono velocit\u00e0 elevate e tanto divertimento. Un tempo i monopattini erano solo per bambini. I tempi sono cambiati e oggi anche molte ragazze e ragazzi pi\u00f9 grandi, adolescenti e adulti li usano. Un monopattino che si ripiega rapidamente \u00e8 semplicemente perfetto per gli spostamenti quotidiani verso il lavoro o la scuola. Con le sue ruote agili, l&#8217;HUDORA BigWheel \u00e8 il monopattino perfetto per la scuola, il lavoro e il tempo libero. Questo monopattino in alluminio \u00e8 dotato di parafanghi extra lunghi sia sulla ruota anteriore che su quella posteriore. Le manopole di sicurezza con protezione dagli urti, il cavalletto, il freno a frizione posteriore e i catarifrangenti sul manubrio e sulla pedana sono ulteriori caratteristiche di sicurezza. Il manubrio \u00e8 regolabile in altezza per adattarsi a diversi utenti. Il BigWheel \u00e8 disponibile in diverse combinazioni di colori. Con un peso massimo utente di 100 kg, questo monopattino \u00e8 adatto anche ad adulti atletici.<\/p>\n<p>La serie di monopattini HUDORA BigWheel \u00e8 dotata di serie della tecnologia RX. La tecnologia RX supera i limiti della tecnologia convenzionale. I miglioramenti in termini di ergonomia, velocit\u00e0 e maneggevolezza rendono l&#8217;HUDORA BigWheel un monopattino all&#8217;avanguardia.<\/p>\n<p>&#8220;` Attenzione: utilizzare solo con dispositivi di protezione individuale. Non utilizzare nel traffico. Per ulteriori informazioni e avvertenze, consultare le istruzioni di montaggio e utilizzo.<\/p>\n<p>Caratteristiche<\/p>\n<p>Per: Adulti, Adolescenti<\/p>\n<p>Serie: BigWheel\u00ae 205<\/p>\n<p>Colore: Nero, Turchese, Bianco<br \/>\n<br \/>Peso massimo utente (kg): 100<br \/>\n<br \/>Altezza regolabile (cm): 79 &#8211; 104 &nbsp;<br \/>\n<br \/>Dimensioni pedana (cm): 33 x 11,5 &nbsp; &nbsp; &nbsp; &nbsp; &nbsp; &nbsp;<br \/>\n<br \/>Materiale: Alluminio &nbsp; &nbsp; &nbsp; &nbsp; &nbsp;<br \/>\n<br \/>Pieghevole: s\u00ec &nbsp; &nbsp; &nbsp; &nbsp; &nbsp;<br \/>\n<br \/>Freno: Freno a frizione sulla ruota posteriore &nbsp; &nbsp; &nbsp; &nbsp; &nbsp;<br \/>\n<br \/>Cuscinetti a sfera: ABEC 5 &nbsp; &nbsp; &nbsp; &nbsp; &nbsp;<br \/>\n<br \/>Dimensioni rotolo (mm): 205 &nbsp; &nbsp; &nbsp; &nbsp; &nbsp; &nbsp;<br \/>\n<br \/>Equipaggiamento: riflettori, supporto, tracolla &nbsp; &nbsp; &nbsp; &nbsp; &nbsp; &nbsp;<br \/>\n<br \/>Peso (kg): 4<\/p>\n","protected":false},"excerpt":{"rendered":"<p>Il classico per bambini e ragazzi L&#8217;HUDORA BigWheel \u00e8 un monopattino in alluminio di alta qualit\u00e0 con un meccanismo di chiusura intuitivo e una pedana extra bassa. Le ruote sottili consentono velocit\u00e0 elevate e tanto divertimento. Un tempo i monopattini erano solo per bambini. I tempi sono cambiati e oggi anche molte ragazze e ragazzi pi\u00f9 grandi, adolescenti e adulti li usano. Un monopattino che si ripiega rapidamente \u00e8 semplicemente perfetto per gli spostamenti quotidiani&hellip;<\/p>\n","protected":false},"featured_media":167505,"comment_status":"open","ping_status":"closed","template":"","meta":[],"product_brand":[],"product_cat":[38659,38661],"product_tag":[],"class_list":{"0":"post-249896","1":"product","2":"type-product","3":"status-publish","4":"has-post-thumbnail","6":"product_cat-scooter","7":"product_cat-monopattino","8":"product_shipping_class-global_methods","10":"first","11":"instock","12":"taxable","13":"shipping-taxable","14":"purchasable","15":"product-type-simple"},"yoast_head":"<!-- This site is optimized with the Yoast SEO plugin v27.4 - https:\/\/yoast.com\/product\/yoast-seo-wordpress\/ -->\n<title>Hudora BigWheel\u00ae 205 | Jetzt kaufen | Schweizversand.ch<\/title>\n<meta name=\"description\" content=\"Hudora BigWheel\u00ae 205 g\u00fcnstig kaufen bei Schweizversand.ch. Schnelle Lieferung in der Schweiz. Gratisversand ab CHF 50.\" \/>\n<meta name=\"robots\" content=\"index, follow, max-snippet:-1, max-image-preview:large, max-video-preview:-1\" \/>\n<link rel=\"canonical\" href=\"https:\/\/schweizversand.ch\/it\/produkt\/hudora-bigwheel-205-2\/\" \/>\n<meta property=\"og:locale\" content=\"it_IT\" \/>\n<meta property=\"og:type\" content=\"article\" \/>\n<meta property=\"og:title\" content=\"Hudora BigWheel\u00ae 205 | Jetzt kaufen | Schweizversand.ch\" \/>\n<meta property=\"og:description\" content=\"Hudora BigWheel\u00ae 205 g\u00fcnstig kaufen bei Schweizversand.ch. Schnelle Lieferung in der Schweiz. Gratisversand ab CHF 50.\" \/>\n<meta property=\"og:url\" content=\"https:\/\/schweizversand.ch\/it\/produkt\/hudora-bigwheel-205-2\/\" \/>\n<meta property=\"og:site_name\" content=\"Schweizer Shop f\u00fcr Sport, Spiel und Freizeit\" \/>\n<meta property=\"article:publisher\" content=\"https:\/\/www.facebook.com\/Schweizversand\" \/>\n<meta property=\"article:modified_time\" content=\"2026-04-21T13:37:02+00:00\" \/>\n<meta property=\"og:image\" content=\"https:\/\/schweizversand.ch\/wp-content\/uploads\/2026\/02\/5471476273.png\" \/>\n\t<meta property=\"og:image:width\" content=\"860\" \/>\n\t<meta property=\"og:image:height\" content=\"1024\" \/>\n\t<meta property=\"og:image:type\" content=\"image\/png\" \/>\n<meta name=\"twitter:card\" content=\"summary_large_image\" \/>\n<meta name=\"twitter:label1\" content=\"Tempo di lettura stimato\" \/>\n\t<meta name=\"twitter:data1\" content=\"2 minuto\" \/>\n<script type=\"application\/ld+json\" class=\"yoast-schema-graph\">{\"@context\":\"https:\\\/\\\/schema.org\",\"@graph\":[{\"@type\":\"WebPage\",\"@id\":\"https:\\\/\\\/schweizversand.ch\\\/it\\\/produkt\\\/hudora-bigwheel-205-2\\\/\",\"url\":\"https:\\\/\\\/schweizversand.ch\\\/it\\\/produkt\\\/hudora-bigwheel-205-2\\\/\",\"name\":\"Hudora BigWheel\u00ae 205 | Jetzt kaufen | Schweizversand.ch\",\"isPartOf\":{\"@id\":\"https:\\\/\\\/schweizversand.ch\\\/it\\\/#website\"},\"primaryImageOfPage\":{\"@id\":\"https:\\\/\\\/schweizversand.ch\\\/it\\\/produkt\\\/hudora-bigwheel-205-2\\\/#primaryimage\"},\"image\":{\"@id\":\"https:\\\/\\\/schweizversand.ch\\\/it\\\/produkt\\\/hudora-bigwheel-205-2\\\/#primaryimage\"},\"thumbnailUrl\":\"https:\\\/\\\/schweizversand.ch\\\/wp-content\\\/uploads\\\/2026\\\/02\\\/5471476273.png\",\"datePublished\":\"2026-03-14T22:50:02+00:00\",\"dateModified\":\"2026-04-21T13:37:02+00:00\",\"description\":\"Hudora BigWheel\u00ae 205 g\u00fcnstig kaufen bei Schweizversand.ch. Schnelle Lieferung in der Schweiz. Gratisversand ab CHF 50.\",\"breadcrumb\":{\"@id\":\"https:\\\/\\\/schweizversand.ch\\\/it\\\/produkt\\\/hudora-bigwheel-205-2\\\/#breadcrumb\"},\"inLanguage\":\"it-IT\",\"potentialAction\":[{\"@type\":\"ReadAction\",\"target\":[\"https:\\\/\\\/schweizversand.ch\\\/it\\\/produkt\\\/hudora-bigwheel-205-2\\\/\"]}]},{\"@type\":\"ImageObject\",\"inLanguage\":\"it-IT\",\"@id\":\"https:\\\/\\\/schweizversand.ch\\\/it\\\/produkt\\\/hudora-bigwheel-205-2\\\/#primaryimage\",\"url\":\"https:\\\/\\\/schweizversand.ch\\\/wp-content\\\/uploads\\\/2026\\\/02\\\/5471476273.png\",\"contentUrl\":\"https:\\\/\\\/schweizversand.ch\\\/wp-content\\\/uploads\\\/2026\\\/02\\\/5471476273.png\",\"width\":860,\"height\":1024},{\"@type\":\"BreadcrumbList\",\"@id\":\"https:\\\/\\\/schweizversand.ch\\\/it\\\/produkt\\\/hudora-bigwheel-205-2\\\/#breadcrumb\",\"itemListElement\":[{\"@type\":\"ListItem\",\"position\":1,\"name\":\"Startseite\",\"item\":\"https:\\\/\\\/schweizversand.ch\\\/it\\\/home\\\/\"},{\"@type\":\"ListItem\",\"position\":2,\"name\":\"Shop\",\"item\":\"https:\\\/\\\/schweizversand.ch\\\/it\\\/shop\\\/\"},{\"@type\":\"ListItem\",\"position\":3,\"name\":\"Sport\",\"item\":\"https:\\\/\\\/schweizversand.ch\\\/it\\\/produkt-kategorie\\\/sport-it\\\/\"},{\"@type\":\"ListItem\",\"position\":4,\"name\":\"Sport su rotelle\",\"item\":\"https:\\\/\\\/schweizversand.ch\\\/it\\\/produkt-kategorie\\\/sport\\\/sport-su-rotelle\\\/\"},{\"@type\":\"ListItem\",\"position\":5,\"name\":\"Monopattino\",\"item\":\"https:\\\/\\\/schweizversand.ch\\\/it\\\/produkt-kategorie\\\/sport\\\/sport-su-rotelle\\\/monopattino\\\/\"},{\"@type\":\"ListItem\",\"position\":6,\"name\":\"Hudora BigWheel\u00ae 205\"}]},{\"@type\":\"WebSite\",\"@id\":\"https:\\\/\\\/schweizversand.ch\\\/it\\\/#website\",\"url\":\"https:\\\/\\\/schweizversand.ch\\\/it\\\/\",\"name\":\"Schweizer Shop f\u00fcr Sport, Spiel und Freizeit\",\"description\":\"Gratisversand ab 50.- (netto), ab eigenem schweizer Lager, Lieferung innert 48h\",\"publisher\":{\"@id\":\"https:\\\/\\\/schweizversand.ch\\\/it\\\/#organization\"},\"alternateName\":\"Schweizversand.ch\",\"potentialAction\":[{\"@type\":\"SearchAction\",\"target\":{\"@type\":\"EntryPoint\",\"urlTemplate\":\"https:\\\/\\\/schweizversand.ch\\\/it\\\/?s={search_term_string}\"},\"query-input\":{\"@type\":\"PropertyValueSpecification\",\"valueRequired\":true,\"valueName\":\"search_term_string\"}}],\"inLanguage\":\"it-IT\"},{\"@type\":\"Organization\",\"@id\":\"https:\\\/\\\/schweizversand.ch\\\/it\\\/#organization\",\"name\":\"Schweizversand.ch\",\"url\":\"https:\\\/\\\/schweizversand.ch\\\/it\\\/\",\"logo\":{\"@type\":\"ImageObject\",\"inLanguage\":\"it-IT\",\"@id\":\"https:\\\/\\\/schweizversand.ch\\\/it\\\/#\\\/schema\\\/logo\\\/image\\\/\",\"url\":\"https:\\\/\\\/schweizversand.ch\\\/wp-content\\\/uploads\\\/2026\\\/03\\\/Logo_Rund_Final-1.png\",\"contentUrl\":\"https:\\\/\\\/schweizversand.ch\\\/wp-content\\\/uploads\\\/2026\\\/03\\\/Logo_Rund_Final-1.png\",\"width\":404,\"height\":404,\"caption\":\"Schweizversand.ch\"},\"image\":{\"@id\":\"https:\\\/\\\/schweizversand.ch\\\/it\\\/#\\\/schema\\\/logo\\\/image\\\/\"},\"sameAs\":[\"https:\\\/\\\/www.facebook.com\\\/Schweizversand\",\"https:\\\/\\\/www.instagram.com\\\/schweizversand.ch\\\/\"]}]}<\/script>\n<!-- \/ Yoast SEO plugin. -->","yoast_head_json":{"title":"Hudora BigWheel\u00ae 205 | Jetzt kaufen | Schweizversand.ch","description":"Hudora BigWheel\u00ae 205 g\u00fcnstig kaufen bei Schweizversand.ch. Schnelle Lieferung in der Schweiz. Gratisversand ab CHF 50.","robots":{"index":"index","follow":"follow","max-snippet":"max-snippet:-1","max-image-preview":"max-image-preview:large","max-video-preview":"max-video-preview:-1"},"canonical":"https:\/\/schweizversand.ch\/it\/produkt\/hudora-bigwheel-205-2\/","og_locale":"it_IT","og_type":"article","og_title":"Hudora BigWheel\u00ae 205 | Jetzt kaufen | Schweizversand.ch","og_description":"Hudora BigWheel\u00ae 205 g\u00fcnstig kaufen bei Schweizversand.ch. Schnelle Lieferung in der Schweiz. Gratisversand ab CHF 50.","og_url":"https:\/\/schweizversand.ch\/it\/produkt\/hudora-bigwheel-205-2\/","og_site_name":"Schweizer Shop f\u00fcr Sport, Spiel und Freizeit","article_publisher":"https:\/\/www.facebook.com\/Schweizversand","article_modified_time":"2026-04-21T13:37:02+00:00","og_image":[{"width":860,"height":1024,"url":"https:\/\/schweizversand.ch\/wp-content\/uploads\/2026\/02\/5471476273.png","type":"image\/png"}],"twitter_card":"summary_large_image","twitter_misc":{"Tempo di lettura stimato":"2 minuto"},"schema":{"@context":"https:\/\/schema.org","@graph":[{"@type":"WebPage","@id":"https:\/\/schweizversand.ch\/it\/produkt\/hudora-bigwheel-205-2\/","url":"https:\/\/schweizversand.ch\/it\/produkt\/hudora-bigwheel-205-2\/","name":"Hudora BigWheel\u00ae 205 | Jetzt kaufen | Schweizversand.ch","isPartOf":{"@id":"https:\/\/schweizversand.ch\/it\/#website"},"primaryImageOfPage":{"@id":"https:\/\/schweizversand.ch\/it\/produkt\/hudora-bigwheel-205-2\/#primaryimage"},"image":{"@id":"https:\/\/schweizversand.ch\/it\/produkt\/hudora-bigwheel-205-2\/#primaryimage"},"thumbnailUrl":"https:\/\/schweizversand.ch\/wp-content\/uploads\/2026\/02\/5471476273.png","datePublished":"2026-03-14T22:50:02+00:00","dateModified":"2026-04-21T13:37:02+00:00","description":"Hudora BigWheel\u00ae 205 g\u00fcnstig kaufen bei Schweizversand.ch. Schnelle Lieferung in der Schweiz. Gratisversand ab CHF 50.","breadcrumb":{"@id":"https:\/\/schweizversand.ch\/it\/produkt\/hudora-bigwheel-205-2\/#breadcrumb"},"inLanguage":"it-IT","potentialAction":[{"@type":"ReadAction","target":["https:\/\/schweizversand.ch\/it\/produkt\/hudora-bigwheel-205-2\/"]}]},{"@type":"ImageObject","inLanguage":"it-IT","@id":"https:\/\/schweizversand.ch\/it\/produkt\/hudora-bigwheel-205-2\/#primaryimage","url":"https:\/\/schweizversand.ch\/wp-content\/uploads\/2026\/02\/5471476273.png","contentUrl":"https:\/\/schweizversand.ch\/wp-content\/uploads\/2026\/02\/5471476273.png","width":860,"height":1024},{"@type":"BreadcrumbList","@id":"https:\/\/schweizversand.ch\/it\/produkt\/hudora-bigwheel-205-2\/#breadcrumb","itemListElement":[{"@type":"ListItem","position":1,"name":"Startseite","item":"https:\/\/schweizversand.ch\/it\/home\/"},{"@type":"ListItem","position":2,"name":"Shop","item":"https:\/\/schweizversand.ch\/it\/shop\/"},{"@type":"ListItem","position":3,"name":"Sport","item":"https:\/\/schweizversand.ch\/it\/produkt-kategorie\/sport-it\/"},{"@type":"ListItem","position":4,"name":"Sport su rotelle","item":"https:\/\/schweizversand.ch\/it\/produkt-kategorie\/sport\/sport-su-rotelle\/"},{"@type":"ListItem","position":5,"name":"Monopattino","item":"https:\/\/schweizversand.ch\/it\/produkt-kategorie\/sport\/sport-su-rotelle\/monopattino\/"},{"@type":"ListItem","position":6,"name":"Hudora BigWheel\u00ae 205"}]},{"@type":"WebSite","@id":"https:\/\/schweizversand.ch\/it\/#website","url":"https:\/\/schweizversand.ch\/it\/","name":"Schweizer Shop f\u00fcr Sport, Spiel und Freizeit","description":"Gratisversand ab 50.- (netto), ab eigenem schweizer Lager, Lieferung innert 48h","publisher":{"@id":"https:\/\/schweizversand.ch\/it\/#organization"},"alternateName":"Schweizversand.ch","potentialAction":[{"@type":"SearchAction","target":{"@type":"EntryPoint","urlTemplate":"https:\/\/schweizversand.ch\/it\/?s={search_term_string}"},"query-input":{"@type":"PropertyValueSpecification","valueRequired":true,"valueName":"search_term_string"}}],"inLanguage":"it-IT"},{"@type":"Organization","@id":"https:\/\/schweizversand.ch\/it\/#organization","name":"Schweizversand.ch","url":"https:\/\/schweizversand.ch\/it\/","logo":{"@type":"ImageObject","inLanguage":"it-IT","@id":"https:\/\/schweizversand.ch\/it\/#\/schema\/logo\/image\/","url":"https:\/\/schweizversand.ch\/wp-content\/uploads\/2026\/03\/Logo_Rund_Final-1.png","contentUrl":"https:\/\/schweizversand.ch\/wp-content\/uploads\/2026\/03\/Logo_Rund_Final-1.png","width":404,"height":404,"caption":"Schweizversand.ch"},"image":{"@id":"https:\/\/schweizversand.ch\/it\/#\/schema\/logo\/image\/"},"sameAs":["https:\/\/www.facebook.com\/Schweizversand","https:\/\/www.instagram.com\/schweizversand.ch\/"]}]}},"jetpack_sharing_enabled":true,"_links":{"self":[{"href":"https:\/\/schweizversand.ch\/it\/wp-json\/wp\/v2\/product\/249896","targetHints":{"allow":["GET"]}}],"collection":[{"href":"https:\/\/schweizversand.ch\/it\/wp-json\/wp\/v2\/product"}],"about":[{"href":"https:\/\/schweizversand.ch\/it\/wp-json\/wp\/v2\/types\/product"}],"replies":[{"embeddable":true,"href":"https:\/\/schweizversand.ch\/it\/wp-json\/wp\/v2\/comments?post=249896"}],"wp:featuredmedia":[{"embeddable":true,"href":"https:\/\/schweizversand.ch\/it\/wp-json\/wp\/v2\/media\/167505"}],"wp:attachment":[{"href":"https:\/\/schweizversand.ch\/it\/wp-json\/wp\/v2\/media?parent=249896"}],"wp:term":[{"taxonomy":"product_brand","embeddable":true,"href":"https:\/\/schweizversand.ch\/it\/wp-json\/wp\/v2\/product_brand?post=249896"},{"taxonomy":"product_cat","embeddable":true,"href":"https:\/\/schweizversand.ch\/it\/wp-json\/wp\/v2\/product_cat?post=249896"},{"taxonomy":"product_tag","embeddable":true,"href":"https:\/\/schweizversand.ch\/it\/wp-json\/wp\/v2\/product_tag?post=249896"}],"curies":[{"name":"wp","href":"https:\/\/api.w.org\/{rel}","templated":true}]}}