{"id":249904,"date":"2026-03-14T23:50:03","date_gmt":"2026-03-14T22:50:03","guid":{"rendered":"https:\/\/schweizversand.ch\/produkt\/hudora-my-first-quad-girl\/"},"modified":"2026-04-19T15:37:58","modified_gmt":"2026-04-19T13:37:58","slug":"hudora-my-first-quad-girl","status":"publish","type":"product","link":"https:\/\/schweizversand.ch\/it\/produkt\/hudora-my-first-quad-girl\/","title":{"rendered":"Hudora La mia prima ragazza Quad"},"content":{"rendered":"<p>Informazioni sul prodotto &#8220;Pattini a rotelle HUDORA My First Quad Girl, taglia 30-33&#8221;<\/p>\n<p>I pattini a rotelle regolabili per bambini My First Quad facilitano l&#8217;apprendimento del pattinaggio a rotelle e aiutano anche i pi\u00f9 piccoli a raggiungere rapidamente il successo.<\/p>\n<p>Dotati di quattro silenziose ruote in PU e di un robusto telaio in PP, questi pattini a rotelle offrono sicurezza e stabilit\u00e0 eccezionali. Le ruote ad alto rimbalzo, che scorrono su cuscinetti a sfera chiusi, hanno una durezza di 82A e sono ideali per pattinare sui marciapiedi. Lo sterzo dei My First Quad \u00e8 progettato per un facile allineamento. La protezione per caviglia e tallone offre supporto e il freno integrato su ogni pattino rende la frenata un gioco da ragazzi. I freni si trovano nella parte posteriore del pattino, permettendo anche ai principianti pi\u00f9 piccoli di imparare i movimenti essenziali che saranno importanti in seguito nel pattinaggio in linea. Con due fibbie push-lock e cinturini a cricchetto, questi pattini a rotelle per bambini sono facili e veloci da indossare e si adattano perfettamente al piede, cos\u00ec facili che i bambini possono indossare e togliere i My First Quad da soli. I fori di aerazione nella scocca e le aperture nella sovrascarpa garantiscono una ventilazione ottimale, anche durante le sessioni di pattinaggio pi\u00f9 intense. Il design esclusivo del My First Quad \u00e8 studiato appositamente per le esigenze specifiche dei pattinatori principianti. Le ruote posteriori extra-large (80 x 20 mm) e quelle anteriori pi\u00f9 piccole (40 x 18 mm) garantiscono una base stabile e sono accattivanti e vivaci tanto quanto il design colorato dei pattini a rotelle, che sicuramente entusiasmer\u00e0 i bambini. L&#8217;amore per le attivit\u00e0 all&#8217;aria aperta \u00e8 garantito.<\/p>\n<p>Caratteristiche<\/p>\n<p>Confezione: No<\/p>\n<p>Per: Bambini<\/p>\n<p>Numero di scarpe: 30, 31, 32, 33<\/p>\n<p>Taglia regolabile: S\u00ec<\/p>\n<p>Colore: Rosa, Bianco<\/p>\n<p>Freno: Stopper in TPR<\/p>\n<p>Materiale ruote: Pneumatici in PU<\/p>\n<p>Dimensioni ruote (mm): 40 x 18, 80 x 20<\/p>\n<p>Cuscinetti a sfera: ABEC 3<\/p>\n<p>Caratteristiche: Sistema di ventilazione, puntale cucito, gambetto in PP, fibbia push-lock, telaio resistente agli urti<\/p>\n<p>Peso massimo utente (kg): 20<\/p>\n","protected":false},"excerpt":{"rendered":"<p>Informazioni sul prodotto &#8220;Pattini a rotelle HUDORA My First Quad Girl, taglia 30-33&#8221; I pattini a rotelle regolabili per bambini My First Quad facilitano l&#8217;apprendimento del pattinaggio a rotelle e aiutano anche i pi\u00f9 piccoli a raggiungere rapidamente il successo. Dotati di quattro silenziose ruote in PU e di un robusto telaio in PP, questi pattini a rotelle offrono sicurezza e stabilit\u00e0 eccezionali. Le ruote ad alto rimbalzo, che scorrono su cuscinetti a sfera chiusi,&hellip;<\/p>\n","protected":false},"featured_media":167511,"comment_status":"open","ping_status":"closed","template":"","meta":[],"product_brand":[],"product_cat":[38571,38572],"product_tag":[],"class_list":{"0":"post-249904","1":"product","2":"type-product","3":"status-publish","4":"has-post-thumbnail","6":"product_cat-rollschuhe","7":"product_cat-pattini-a-rotelle","8":"product_shipping_class-global_methods","10":"first","11":"instock","12":"taxable","13":"shipping-taxable","14":"purchasable","15":"product-type-simple"},"yoast_head":"<!-- This site is optimized with the Yoast SEO plugin v27.4 - https:\/\/yoast.com\/product\/yoast-seo-wordpress\/ -->\n<title>Hudora My First Quad Girl | Jetzt kaufen | Schweizversand.ch<\/title>\n<meta name=\"description\" content=\"Hudora My First Quad Girl g\u00fcnstig kaufen bei Schweizversand.ch. Schnelle Lieferung in der Schweiz. Gratisversand ab CHF 50.\" \/>\n<meta name=\"robots\" content=\"index, follow, max-snippet:-1, max-image-preview:large, max-video-preview:-1\" \/>\n<link rel=\"canonical\" href=\"https:\/\/schweizversand.ch\/it\/produkt\/hudora-my-first-quad-girl\/\" \/>\n<meta property=\"og:locale\" content=\"it_IT\" \/>\n<meta property=\"og:type\" content=\"article\" \/>\n<meta property=\"og:title\" content=\"Hudora My First Quad Girl | Jetzt kaufen | Schweizversand.ch\" \/>\n<meta property=\"og:description\" content=\"Hudora My First Quad Girl g\u00fcnstig kaufen bei Schweizversand.ch. Schnelle Lieferung in der Schweiz. Gratisversand ab CHF 50.\" \/>\n<meta property=\"og:url\" content=\"https:\/\/schweizversand.ch\/it\/produkt\/hudora-my-first-quad-girl\/\" \/>\n<meta property=\"og:site_name\" content=\"Schweizer Shop f\u00fcr Sport, Spiel und Freizeit\" \/>\n<meta property=\"article:publisher\" content=\"https:\/\/www.facebook.com\/Schweizversand\" \/>\n<meta property=\"article:modified_time\" content=\"2026-04-19T13:37:58+00:00\" \/>\n<meta property=\"og:image\" content=\"https:\/\/schweizversand.ch\/wp-content\/uploads\/2026\/02\/5471488501.png\" \/>\n\t<meta property=\"og:image:width\" content=\"1024\" \/>\n\t<meta property=\"og:image:height\" content=\"966\" \/>\n\t<meta property=\"og:image:type\" content=\"image\/png\" \/>\n<meta name=\"twitter:card\" content=\"summary_large_image\" \/>\n<meta name=\"twitter:label1\" content=\"Tempo di lettura stimato\" \/>\n\t<meta name=\"twitter:data1\" content=\"2 minuto\" \/>\n<script type=\"application\/ld+json\" class=\"yoast-schema-graph\">{\"@context\":\"https:\\\/\\\/schema.org\",\"@graph\":[{\"@type\":\"WebPage\",\"@id\":\"https:\\\/\\\/schweizversand.ch\\\/it\\\/produkt\\\/hudora-my-first-quad-girl\\\/\",\"url\":\"https:\\\/\\\/schweizversand.ch\\\/it\\\/produkt\\\/hudora-my-first-quad-girl\\\/\",\"name\":\"Hudora My First Quad Girl | Jetzt kaufen | Schweizversand.ch\",\"isPartOf\":{\"@id\":\"https:\\\/\\\/schweizversand.ch\\\/it\\\/#website\"},\"primaryImageOfPage\":{\"@id\":\"https:\\\/\\\/schweizversand.ch\\\/it\\\/produkt\\\/hudora-my-first-quad-girl\\\/#primaryimage\"},\"image\":{\"@id\":\"https:\\\/\\\/schweizversand.ch\\\/it\\\/produkt\\\/hudora-my-first-quad-girl\\\/#primaryimage\"},\"thumbnailUrl\":\"https:\\\/\\\/schweizversand.ch\\\/wp-content\\\/uploads\\\/2026\\\/02\\\/5471488501.png\",\"datePublished\":\"2026-03-14T22:50:03+00:00\",\"dateModified\":\"2026-04-19T13:37:58+00:00\",\"description\":\"Hudora My First Quad Girl g\u00fcnstig kaufen bei Schweizversand.ch. Schnelle Lieferung in der Schweiz. Gratisversand ab CHF 50.\",\"breadcrumb\":{\"@id\":\"https:\\\/\\\/schweizversand.ch\\\/it\\\/produkt\\\/hudora-my-first-quad-girl\\\/#breadcrumb\"},\"inLanguage\":\"it-IT\",\"potentialAction\":[{\"@type\":\"ReadAction\",\"target\":[\"https:\\\/\\\/schweizversand.ch\\\/it\\\/produkt\\\/hudora-my-first-quad-girl\\\/\"]}]},{\"@type\":\"ImageObject\",\"inLanguage\":\"it-IT\",\"@id\":\"https:\\\/\\\/schweizversand.ch\\\/it\\\/produkt\\\/hudora-my-first-quad-girl\\\/#primaryimage\",\"url\":\"https:\\\/\\\/schweizversand.ch\\\/wp-content\\\/uploads\\\/2026\\\/02\\\/5471488501.png\",\"contentUrl\":\"https:\\\/\\\/schweizversand.ch\\\/wp-content\\\/uploads\\\/2026\\\/02\\\/5471488501.png\",\"width\":1024,\"height\":966},{\"@type\":\"BreadcrumbList\",\"@id\":\"https:\\\/\\\/schweizversand.ch\\\/it\\\/produkt\\\/hudora-my-first-quad-girl\\\/#breadcrumb\",\"itemListElement\":[{\"@type\":\"ListItem\",\"position\":1,\"name\":\"Startseite\",\"item\":\"https:\\\/\\\/schweizversand.ch\\\/it\\\/home\\\/\"},{\"@type\":\"ListItem\",\"position\":2,\"name\":\"Shop\",\"item\":\"https:\\\/\\\/schweizversand.ch\\\/it\\\/shop\\\/\"},{\"@type\":\"ListItem\",\"position\":3,\"name\":\"Sport\",\"item\":\"https:\\\/\\\/schweizversand.ch\\\/it\\\/produkt-kategorie\\\/sport-it\\\/\"},{\"@type\":\"ListItem\",\"position\":4,\"name\":\"Sport a rotelle\",\"item\":\"https:\\\/\\\/schweizversand.ch\\\/it\\\/produkt-kategorie\\\/sport\\\/sport-a-rotelle\\\/\"},{\"@type\":\"ListItem\",\"position\":5,\"name\":\"pattini a rotelle\",\"item\":\"https:\\\/\\\/schweizversand.ch\\\/it\\\/produkt-kategorie\\\/sport\\\/sport-a-rotelle\\\/pattini-a-rotelle\\\/\"},{\"@type\":\"ListItem\",\"position\":6,\"name\":\"Hudora La mia prima ragazza Quad\"}]},{\"@type\":\"WebSite\",\"@id\":\"https:\\\/\\\/schweizversand.ch\\\/it\\\/#website\",\"url\":\"https:\\\/\\\/schweizversand.ch\\\/it\\\/\",\"name\":\"Schweizer Shop f\u00fcr Sport, Spiel und Freizeit\",\"description\":\"Gratisversand ab 50.- (netto), ab eigenem schweizer Lager, Lieferung innert 48h\",\"publisher\":{\"@id\":\"https:\\\/\\\/schweizversand.ch\\\/it\\\/#organization\"},\"alternateName\":\"Schweizversand.ch\",\"potentialAction\":[{\"@type\":\"SearchAction\",\"target\":{\"@type\":\"EntryPoint\",\"urlTemplate\":\"https:\\\/\\\/schweizversand.ch\\\/it\\\/?s={search_term_string}\"},\"query-input\":{\"@type\":\"PropertyValueSpecification\",\"valueRequired\":true,\"valueName\":\"search_term_string\"}}],\"inLanguage\":\"it-IT\"},{\"@type\":\"Organization\",\"@id\":\"https:\\\/\\\/schweizversand.ch\\\/it\\\/#organization\",\"name\":\"Schweizversand.ch\",\"url\":\"https:\\\/\\\/schweizversand.ch\\\/it\\\/\",\"logo\":{\"@type\":\"ImageObject\",\"inLanguage\":\"it-IT\",\"@id\":\"https:\\\/\\\/schweizversand.ch\\\/it\\\/#\\\/schema\\\/logo\\\/image\\\/\",\"url\":\"https:\\\/\\\/schweizversand.ch\\\/wp-content\\\/uploads\\\/2026\\\/03\\\/Logo_Rund_Final-1.png\",\"contentUrl\":\"https:\\\/\\\/schweizversand.ch\\\/wp-content\\\/uploads\\\/2026\\\/03\\\/Logo_Rund_Final-1.png\",\"width\":404,\"height\":404,\"caption\":\"Schweizversand.ch\"},\"image\":{\"@id\":\"https:\\\/\\\/schweizversand.ch\\\/it\\\/#\\\/schema\\\/logo\\\/image\\\/\"},\"sameAs\":[\"https:\\\/\\\/www.facebook.com\\\/Schweizversand\",\"https:\\\/\\\/www.instagram.com\\\/schweizversand.ch\\\/\"]}]}<\/script>\n<!-- \/ Yoast SEO plugin. -->","yoast_head_json":{"title":"Hudora My First Quad Girl | Jetzt kaufen | Schweizversand.ch","description":"Hudora My First Quad Girl g\u00fcnstig kaufen bei Schweizversand.ch. Schnelle Lieferung in der Schweiz. Gratisversand ab CHF 50.","robots":{"index":"index","follow":"follow","max-snippet":"max-snippet:-1","max-image-preview":"max-image-preview:large","max-video-preview":"max-video-preview:-1"},"canonical":"https:\/\/schweizversand.ch\/it\/produkt\/hudora-my-first-quad-girl\/","og_locale":"it_IT","og_type":"article","og_title":"Hudora My First Quad Girl | Jetzt kaufen | Schweizversand.ch","og_description":"Hudora My First Quad Girl g\u00fcnstig kaufen bei Schweizversand.ch. Schnelle Lieferung in der Schweiz. Gratisversand ab CHF 50.","og_url":"https:\/\/schweizversand.ch\/it\/produkt\/hudora-my-first-quad-girl\/","og_site_name":"Schweizer Shop f\u00fcr Sport, Spiel und Freizeit","article_publisher":"https:\/\/www.facebook.com\/Schweizversand","article_modified_time":"2026-04-19T13:37:58+00:00","og_image":[{"width":1024,"height":966,"url":"https:\/\/schweizversand.ch\/wp-content\/uploads\/2026\/02\/5471488501.png","type":"image\/png"}],"twitter_card":"summary_large_image","twitter_misc":{"Tempo di lettura stimato":"2 minuto"},"schema":{"@context":"https:\/\/schema.org","@graph":[{"@type":"WebPage","@id":"https:\/\/schweizversand.ch\/it\/produkt\/hudora-my-first-quad-girl\/","url":"https:\/\/schweizversand.ch\/it\/produkt\/hudora-my-first-quad-girl\/","name":"Hudora My First Quad Girl | Jetzt kaufen | Schweizversand.ch","isPartOf":{"@id":"https:\/\/schweizversand.ch\/it\/#website"},"primaryImageOfPage":{"@id":"https:\/\/schweizversand.ch\/it\/produkt\/hudora-my-first-quad-girl\/#primaryimage"},"image":{"@id":"https:\/\/schweizversand.ch\/it\/produkt\/hudora-my-first-quad-girl\/#primaryimage"},"thumbnailUrl":"https:\/\/schweizversand.ch\/wp-content\/uploads\/2026\/02\/5471488501.png","datePublished":"2026-03-14T22:50:03+00:00","dateModified":"2026-04-19T13:37:58+00:00","description":"Hudora My First Quad Girl g\u00fcnstig kaufen bei Schweizversand.ch. Schnelle Lieferung in der Schweiz. Gratisversand ab CHF 50.","breadcrumb":{"@id":"https:\/\/schweizversand.ch\/it\/produkt\/hudora-my-first-quad-girl\/#breadcrumb"},"inLanguage":"it-IT","potentialAction":[{"@type":"ReadAction","target":["https:\/\/schweizversand.ch\/it\/produkt\/hudora-my-first-quad-girl\/"]}]},{"@type":"ImageObject","inLanguage":"it-IT","@id":"https:\/\/schweizversand.ch\/it\/produkt\/hudora-my-first-quad-girl\/#primaryimage","url":"https:\/\/schweizversand.ch\/wp-content\/uploads\/2026\/02\/5471488501.png","contentUrl":"https:\/\/schweizversand.ch\/wp-content\/uploads\/2026\/02\/5471488501.png","width":1024,"height":966},{"@type":"BreadcrumbList","@id":"https:\/\/schweizversand.ch\/it\/produkt\/hudora-my-first-quad-girl\/#breadcrumb","itemListElement":[{"@type":"ListItem","position":1,"name":"Startseite","item":"https:\/\/schweizversand.ch\/it\/home\/"},{"@type":"ListItem","position":2,"name":"Shop","item":"https:\/\/schweizversand.ch\/it\/shop\/"},{"@type":"ListItem","position":3,"name":"Sport","item":"https:\/\/schweizversand.ch\/it\/produkt-kategorie\/sport-it\/"},{"@type":"ListItem","position":4,"name":"Sport a rotelle","item":"https:\/\/schweizversand.ch\/it\/produkt-kategorie\/sport\/sport-a-rotelle\/"},{"@type":"ListItem","position":5,"name":"pattini a rotelle","item":"https:\/\/schweizversand.ch\/it\/produkt-kategorie\/sport\/sport-a-rotelle\/pattini-a-rotelle\/"},{"@type":"ListItem","position":6,"name":"Hudora La mia prima ragazza Quad"}]},{"@type":"WebSite","@id":"https:\/\/schweizversand.ch\/it\/#website","url":"https:\/\/schweizversand.ch\/it\/","name":"Schweizer Shop f\u00fcr Sport, Spiel und Freizeit","description":"Gratisversand ab 50.- (netto), ab eigenem schweizer Lager, Lieferung innert 48h","publisher":{"@id":"https:\/\/schweizversand.ch\/it\/#organization"},"alternateName":"Schweizversand.ch","potentialAction":[{"@type":"SearchAction","target":{"@type":"EntryPoint","urlTemplate":"https:\/\/schweizversand.ch\/it\/?s={search_term_string}"},"query-input":{"@type":"PropertyValueSpecification","valueRequired":true,"valueName":"search_term_string"}}],"inLanguage":"it-IT"},{"@type":"Organization","@id":"https:\/\/schweizversand.ch\/it\/#organization","name":"Schweizversand.ch","url":"https:\/\/schweizversand.ch\/it\/","logo":{"@type":"ImageObject","inLanguage":"it-IT","@id":"https:\/\/schweizversand.ch\/it\/#\/schema\/logo\/image\/","url":"https:\/\/schweizversand.ch\/wp-content\/uploads\/2026\/03\/Logo_Rund_Final-1.png","contentUrl":"https:\/\/schweizversand.ch\/wp-content\/uploads\/2026\/03\/Logo_Rund_Final-1.png","width":404,"height":404,"caption":"Schweizversand.ch"},"image":{"@id":"https:\/\/schweizversand.ch\/it\/#\/schema\/logo\/image\/"},"sameAs":["https:\/\/www.facebook.com\/Schweizversand","https:\/\/www.instagram.com\/schweizversand.ch\/"]}]}},"jetpack_sharing_enabled":true,"_links":{"self":[{"href":"https:\/\/schweizversand.ch\/it\/wp-json\/wp\/v2\/product\/249904","targetHints":{"allow":["GET"]}}],"collection":[{"href":"https:\/\/schweizversand.ch\/it\/wp-json\/wp\/v2\/product"}],"about":[{"href":"https:\/\/schweizversand.ch\/it\/wp-json\/wp\/v2\/types\/product"}],"replies":[{"embeddable":true,"href":"https:\/\/schweizversand.ch\/it\/wp-json\/wp\/v2\/comments?post=249904"}],"wp:featuredmedia":[{"embeddable":true,"href":"https:\/\/schweizversand.ch\/it\/wp-json\/wp\/v2\/media\/167511"}],"wp:attachment":[{"href":"https:\/\/schweizversand.ch\/it\/wp-json\/wp\/v2\/media?parent=249904"}],"wp:term":[{"taxonomy":"product_brand","embeddable":true,"href":"https:\/\/schweizversand.ch\/it\/wp-json\/wp\/v2\/product_brand?post=249904"},{"taxonomy":"product_cat","embeddable":true,"href":"https:\/\/schweizversand.ch\/it\/wp-json\/wp\/v2\/product_cat?post=249904"},{"taxonomy":"product_tag","embeddable":true,"href":"https:\/\/schweizversand.ch\/it\/wp-json\/wp\/v2\/product_tag?post=249904"}],"curies":[{"name":"wp","href":"https:\/\/api.w.org\/{rel}","templated":true}]}}