{"id":249909,"date":"2026-03-14T23:50:04","date_gmt":"2026-03-14T22:50:04","guid":{"rendered":"https:\/\/schweizversand.ch\/produkt\/hudora-big-wheel-205-advanced-fcbm\/"},"modified":"2026-04-21T15:37:03","modified_gmt":"2026-04-21T13:37:03","slug":"hudora-big-wheel-205-advanced-fcbm","status":"publish","type":"product","link":"https:\/\/schweizversand.ch\/it\/produkt\/hudora-big-wheel-205-advanced-fcbm\/","title":{"rendered":"Hudora Big Wheel 205 ADVANCED, FCBM"},"content":{"rendered":"<h1><strong>Monopattino HUDORA FC Bayern BigWheel 205 Advanced \u2013 Edizione Limitata<\/strong><\/h1>\n<div>Assicurati un vero pezzo da collezione: il monopattino HUDORA FC Bayern BigWheel 205 Advanced \u00e8 il tributo definitivo ai campioni dei record. Essendo un monopattino in edizione limitata, questo modello \u00e8 esclusivo e disponibile solo in quantit\u00e0 strettamente limitate.<\/p>\n<\/div>\n<div>Porta la tua passione per lo sport a un nuovo livello e goditi un comfort di guida di prima classe, unito al design unico dell&#8217;FC Bayern Monaco.<\/p>\n<\/div>\n<div><strong>Esclusivit\u00e0 e design<\/strong><br \/>Questo monopattino HUDORA BigWheel \u00e8 un must per ogni tifoso. Il look stravagante in rosso e nero opaco, completato da cerchi bicolore sportivi, rende questo monopattino dell&#8217;FC Bayern Monaco un vero e proprio colpo d&#8217;occhio. Mostra il tuo supporto per l&#8217;FC Bayern Monaco con questo <strong>merchandising di alta qualit\u00e0 per i tifosi dell&#8217;FC Bayern<\/strong>.<\/p>\n<\/div>\n<div><strong>Comfort di guida e sicurezza<\/strong><br \/>Il BigWheel 205 Advanced convince grazie alle sue <strong>ruote ad alto rimbalzo<\/strong> (205 mm \u00d8) e ai cuscinetti a sfera cromati ABEC 7 ad alta scorrevolezza, che garantiscono un&#8217;esperienza di guida veloce e confortevole. Il manubrio extra largo (48 cm) offre un controllo perfetto, mentre il freno a frizione posteriore con catarifrangente rosso garantisce la massima sicurezza. Dettagli e dimensioni del prodotto: &#8211; Materiale: Alluminio di alta qualit\u00e0 &#8211; Manubrio: Regolabile in altezza da 81 a 108 cm &#8211; Larghezza manubrio: 48 cm &#8211; Ruote: PU pressofuso 205 mm \u00d8 &#8211; Cuscinetti: ABEC 7, cromati &#8211; Freno: Freno a frizione posteriore con catarifrangente &#8211; Extra: Cavalletto robusto e parafango integrato &#8211; Meccanismo di chiusura: Meccanismo di chiusura robusto &#8211; Peso massimo utente: 100 kg &#8211; Lunghezza totale: circa 88 cm Nota di montaggio: la ruota anteriore deve essere assemblata dall&#8217;utente. Questo consente un formato di cartone pi\u00f9 compatto ed ecologico.<\/p>\n<\/div>\n<div>Assicurati subito questo monopattino esclusivo, finch\u00e9 le scorte sono esaurite, e vivi il divertimento di guida in stile FC Bayern Monaco.<\/p>\n<\/div>\n<div>\n<\/div>\n","protected":false},"excerpt":{"rendered":"<p>Monopattino HUDORA FC Bayern BigWheel 205 Advanced \u2013 Edizione Limitata Assicurati un vero pezzo da collezione: il monopattino HUDORA FC Bayern BigWheel 205 Advanced \u00e8 il tributo definitivo ai campioni dei record. Essendo un monopattino in edizione limitata, questo modello \u00e8 esclusivo e disponibile solo in quantit\u00e0 strettamente limitate. Porta la tua passione per lo sport a un nuovo livello e goditi un comfort di guida di prima classe, unito al design unico dell&#8217;FC Bayern&hellip;<\/p>\n","protected":false},"featured_media":165830,"comment_status":"open","ping_status":"closed","template":"","meta":[],"product_brand":[],"product_cat":[38659,38661],"product_tag":[],"class_list":{"0":"post-249909","1":"product","2":"type-product","3":"status-publish","4":"has-post-thumbnail","6":"product_cat-scooter","7":"product_cat-monopattino","8":"product_shipping_class-global_methods","10":"first","11":"instock","12":"taxable","13":"shipping-taxable","14":"purchasable","15":"product-type-simple"},"yoast_head":"<!-- This site is optimized with the Yoast SEO plugin v27.4 - https:\/\/yoast.com\/product\/yoast-seo-wordpress\/ -->\n<title>Hudora Big Wheel 205 ADVANCED, FCBM | Jetzt kaufen | Schweizversand.ch<\/title>\n<meta name=\"description\" content=\"Hudora Big Wheel 205 ADVANCED, FCBM g\u00fcnstig kaufen bei Schweizversand.ch. Schnelle Lieferung in der Schweiz. Gratisversand ab CHF 50.\" \/>\n<meta name=\"robots\" content=\"index, follow, max-snippet:-1, max-image-preview:large, max-video-preview:-1\" \/>\n<link rel=\"canonical\" href=\"https:\/\/schweizversand.ch\/it\/produkt\/hudora-big-wheel-205-advanced-fcbm\/\" \/>\n<meta property=\"og:locale\" content=\"it_IT\" \/>\n<meta property=\"og:type\" content=\"article\" \/>\n<meta property=\"og:title\" content=\"Hudora Big Wheel 205 ADVANCED, FCBM | Jetzt kaufen | Schweizversand.ch\" \/>\n<meta property=\"og:description\" content=\"Hudora Big Wheel 205 ADVANCED, FCBM g\u00fcnstig kaufen bei Schweizversand.ch. Schnelle Lieferung in der Schweiz. Gratisversand ab CHF 50.\" \/>\n<meta property=\"og:url\" content=\"https:\/\/schweizversand.ch\/it\/produkt\/hudora-big-wheel-205-advanced-fcbm\/\" \/>\n<meta property=\"og:site_name\" content=\"Schweizer Shop f\u00fcr Sport, Spiel und Freizeit\" \/>\n<meta property=\"article:publisher\" content=\"https:\/\/www.facebook.com\/Schweizversand\" \/>\n<meta property=\"article:modified_time\" content=\"2026-04-21T13:37:03+00:00\" \/>\n<meta property=\"og:image\" content=\"https:\/\/schweizversand.ch\/wp-content\/uploads\/2026\/02\/5471736665.png\" \/>\n\t<meta property=\"og:image:width\" content=\"881\" \/>\n\t<meta property=\"og:image:height\" content=\"1024\" \/>\n\t<meta property=\"og:image:type\" content=\"image\/png\" \/>\n<meta name=\"twitter:card\" content=\"summary_large_image\" \/>\n<meta name=\"twitter:label1\" content=\"Tempo di lettura stimato\" \/>\n\t<meta name=\"twitter:data1\" content=\"1 minuto\" \/>\n<script type=\"application\/ld+json\" class=\"yoast-schema-graph\">{\"@context\":\"https:\\\/\\\/schema.org\",\"@graph\":[{\"@type\":\"WebPage\",\"@id\":\"https:\\\/\\\/schweizversand.ch\\\/it\\\/produkt\\\/hudora-big-wheel-205-advanced-fcbm\\\/\",\"url\":\"https:\\\/\\\/schweizversand.ch\\\/it\\\/produkt\\\/hudora-big-wheel-205-advanced-fcbm\\\/\",\"name\":\"Hudora Big Wheel 205 ADVANCED, FCBM | Jetzt kaufen | Schweizversand.ch\",\"isPartOf\":{\"@id\":\"https:\\\/\\\/schweizversand.ch\\\/it\\\/#website\"},\"primaryImageOfPage\":{\"@id\":\"https:\\\/\\\/schweizversand.ch\\\/it\\\/produkt\\\/hudora-big-wheel-205-advanced-fcbm\\\/#primaryimage\"},\"image\":{\"@id\":\"https:\\\/\\\/schweizversand.ch\\\/it\\\/produkt\\\/hudora-big-wheel-205-advanced-fcbm\\\/#primaryimage\"},\"thumbnailUrl\":\"https:\\\/\\\/schweizversand.ch\\\/wp-content\\\/uploads\\\/2026\\\/02\\\/5471736665.png\",\"datePublished\":\"2026-03-14T22:50:04+00:00\",\"dateModified\":\"2026-04-21T13:37:03+00:00\",\"description\":\"Hudora Big Wheel 205 ADVANCED, FCBM g\u00fcnstig kaufen bei Schweizversand.ch. Schnelle Lieferung in der Schweiz. Gratisversand ab CHF 50.\",\"breadcrumb\":{\"@id\":\"https:\\\/\\\/schweizversand.ch\\\/it\\\/produkt\\\/hudora-big-wheel-205-advanced-fcbm\\\/#breadcrumb\"},\"inLanguage\":\"it-IT\",\"potentialAction\":[{\"@type\":\"ReadAction\",\"target\":[\"https:\\\/\\\/schweizversand.ch\\\/it\\\/produkt\\\/hudora-big-wheel-205-advanced-fcbm\\\/\"]}]},{\"@type\":\"ImageObject\",\"inLanguage\":\"it-IT\",\"@id\":\"https:\\\/\\\/schweizversand.ch\\\/it\\\/produkt\\\/hudora-big-wheel-205-advanced-fcbm\\\/#primaryimage\",\"url\":\"https:\\\/\\\/schweizversand.ch\\\/wp-content\\\/uploads\\\/2026\\\/02\\\/5471736665.png\",\"contentUrl\":\"https:\\\/\\\/schweizversand.ch\\\/wp-content\\\/uploads\\\/2026\\\/02\\\/5471736665.png\",\"width\":881,\"height\":1024},{\"@type\":\"BreadcrumbList\",\"@id\":\"https:\\\/\\\/schweizversand.ch\\\/it\\\/produkt\\\/hudora-big-wheel-205-advanced-fcbm\\\/#breadcrumb\",\"itemListElement\":[{\"@type\":\"ListItem\",\"position\":1,\"name\":\"Startseite\",\"item\":\"https:\\\/\\\/schweizversand.ch\\\/it\\\/home\\\/\"},{\"@type\":\"ListItem\",\"position\":2,\"name\":\"Shop\",\"item\":\"https:\\\/\\\/schweizversand.ch\\\/it\\\/shop\\\/\"},{\"@type\":\"ListItem\",\"position\":3,\"name\":\"Sport\",\"item\":\"https:\\\/\\\/schweizversand.ch\\\/it\\\/produkt-kategorie\\\/sport-it\\\/\"},{\"@type\":\"ListItem\",\"position\":4,\"name\":\"Sport su rotelle\",\"item\":\"https:\\\/\\\/schweizversand.ch\\\/it\\\/produkt-kategorie\\\/sport\\\/sport-su-rotelle\\\/\"},{\"@type\":\"ListItem\",\"position\":5,\"name\":\"Monopattino\",\"item\":\"https:\\\/\\\/schweizversand.ch\\\/it\\\/produkt-kategorie\\\/sport\\\/sport-su-rotelle\\\/monopattino\\\/\"},{\"@type\":\"ListItem\",\"position\":6,\"name\":\"Hudora Big Wheel 205 ADVANCED, FCBM\"}]},{\"@type\":\"WebSite\",\"@id\":\"https:\\\/\\\/schweizversand.ch\\\/it\\\/#website\",\"url\":\"https:\\\/\\\/schweizversand.ch\\\/it\\\/\",\"name\":\"Schweizer Shop f\u00fcr Sport, Spiel und Freizeit\",\"description\":\"Gratisversand ab 50.- (netto), ab eigenem schweizer Lager, Lieferung innert 48h\",\"publisher\":{\"@id\":\"https:\\\/\\\/schweizversand.ch\\\/it\\\/#organization\"},\"alternateName\":\"Schweizversand.ch\",\"potentialAction\":[{\"@type\":\"SearchAction\",\"target\":{\"@type\":\"EntryPoint\",\"urlTemplate\":\"https:\\\/\\\/schweizversand.ch\\\/it\\\/?s={search_term_string}\"},\"query-input\":{\"@type\":\"PropertyValueSpecification\",\"valueRequired\":true,\"valueName\":\"search_term_string\"}}],\"inLanguage\":\"it-IT\"},{\"@type\":\"Organization\",\"@id\":\"https:\\\/\\\/schweizversand.ch\\\/it\\\/#organization\",\"name\":\"Schweizversand.ch\",\"url\":\"https:\\\/\\\/schweizversand.ch\\\/it\\\/\",\"logo\":{\"@type\":\"ImageObject\",\"inLanguage\":\"it-IT\",\"@id\":\"https:\\\/\\\/schweizversand.ch\\\/it\\\/#\\\/schema\\\/logo\\\/image\\\/\",\"url\":\"https:\\\/\\\/schweizversand.ch\\\/wp-content\\\/uploads\\\/2026\\\/03\\\/Logo_Rund_Final-1.png\",\"contentUrl\":\"https:\\\/\\\/schweizversand.ch\\\/wp-content\\\/uploads\\\/2026\\\/03\\\/Logo_Rund_Final-1.png\",\"width\":404,\"height\":404,\"caption\":\"Schweizversand.ch\"},\"image\":{\"@id\":\"https:\\\/\\\/schweizversand.ch\\\/it\\\/#\\\/schema\\\/logo\\\/image\\\/\"},\"sameAs\":[\"https:\\\/\\\/www.facebook.com\\\/Schweizversand\",\"https:\\\/\\\/www.instagram.com\\\/schweizversand.ch\\\/\"]}]}<\/script>\n<!-- \/ Yoast SEO plugin. -->","yoast_head_json":{"title":"Hudora Big Wheel 205 ADVANCED, FCBM | Jetzt kaufen | Schweizversand.ch","description":"Hudora Big Wheel 205 ADVANCED, FCBM g\u00fcnstig kaufen bei Schweizversand.ch. Schnelle Lieferung in der Schweiz. Gratisversand ab CHF 50.","robots":{"index":"index","follow":"follow","max-snippet":"max-snippet:-1","max-image-preview":"max-image-preview:large","max-video-preview":"max-video-preview:-1"},"canonical":"https:\/\/schweizversand.ch\/it\/produkt\/hudora-big-wheel-205-advanced-fcbm\/","og_locale":"it_IT","og_type":"article","og_title":"Hudora Big Wheel 205 ADVANCED, FCBM | Jetzt kaufen | Schweizversand.ch","og_description":"Hudora Big Wheel 205 ADVANCED, FCBM g\u00fcnstig kaufen bei Schweizversand.ch. Schnelle Lieferung in der Schweiz. Gratisversand ab CHF 50.","og_url":"https:\/\/schweizversand.ch\/it\/produkt\/hudora-big-wheel-205-advanced-fcbm\/","og_site_name":"Schweizer Shop f\u00fcr Sport, Spiel und Freizeit","article_publisher":"https:\/\/www.facebook.com\/Schweizversand","article_modified_time":"2026-04-21T13:37:03+00:00","og_image":[{"width":881,"height":1024,"url":"https:\/\/schweizversand.ch\/wp-content\/uploads\/2026\/02\/5471736665.png","type":"image\/png"}],"twitter_card":"summary_large_image","twitter_misc":{"Tempo di lettura stimato":"1 minuto"},"schema":{"@context":"https:\/\/schema.org","@graph":[{"@type":"WebPage","@id":"https:\/\/schweizversand.ch\/it\/produkt\/hudora-big-wheel-205-advanced-fcbm\/","url":"https:\/\/schweizversand.ch\/it\/produkt\/hudora-big-wheel-205-advanced-fcbm\/","name":"Hudora Big Wheel 205 ADVANCED, FCBM | Jetzt kaufen | Schweizversand.ch","isPartOf":{"@id":"https:\/\/schweizversand.ch\/it\/#website"},"primaryImageOfPage":{"@id":"https:\/\/schweizversand.ch\/it\/produkt\/hudora-big-wheel-205-advanced-fcbm\/#primaryimage"},"image":{"@id":"https:\/\/schweizversand.ch\/it\/produkt\/hudora-big-wheel-205-advanced-fcbm\/#primaryimage"},"thumbnailUrl":"https:\/\/schweizversand.ch\/wp-content\/uploads\/2026\/02\/5471736665.png","datePublished":"2026-03-14T22:50:04+00:00","dateModified":"2026-04-21T13:37:03+00:00","description":"Hudora Big Wheel 205 ADVANCED, FCBM g\u00fcnstig kaufen bei Schweizversand.ch. Schnelle Lieferung in der Schweiz. Gratisversand ab CHF 50.","breadcrumb":{"@id":"https:\/\/schweizversand.ch\/it\/produkt\/hudora-big-wheel-205-advanced-fcbm\/#breadcrumb"},"inLanguage":"it-IT","potentialAction":[{"@type":"ReadAction","target":["https:\/\/schweizversand.ch\/it\/produkt\/hudora-big-wheel-205-advanced-fcbm\/"]}]},{"@type":"ImageObject","inLanguage":"it-IT","@id":"https:\/\/schweizversand.ch\/it\/produkt\/hudora-big-wheel-205-advanced-fcbm\/#primaryimage","url":"https:\/\/schweizversand.ch\/wp-content\/uploads\/2026\/02\/5471736665.png","contentUrl":"https:\/\/schweizversand.ch\/wp-content\/uploads\/2026\/02\/5471736665.png","width":881,"height":1024},{"@type":"BreadcrumbList","@id":"https:\/\/schweizversand.ch\/it\/produkt\/hudora-big-wheel-205-advanced-fcbm\/#breadcrumb","itemListElement":[{"@type":"ListItem","position":1,"name":"Startseite","item":"https:\/\/schweizversand.ch\/it\/home\/"},{"@type":"ListItem","position":2,"name":"Shop","item":"https:\/\/schweizversand.ch\/it\/shop\/"},{"@type":"ListItem","position":3,"name":"Sport","item":"https:\/\/schweizversand.ch\/it\/produkt-kategorie\/sport-it\/"},{"@type":"ListItem","position":4,"name":"Sport su rotelle","item":"https:\/\/schweizversand.ch\/it\/produkt-kategorie\/sport\/sport-su-rotelle\/"},{"@type":"ListItem","position":5,"name":"Monopattino","item":"https:\/\/schweizversand.ch\/it\/produkt-kategorie\/sport\/sport-su-rotelle\/monopattino\/"},{"@type":"ListItem","position":6,"name":"Hudora Big Wheel 205 ADVANCED, FCBM"}]},{"@type":"WebSite","@id":"https:\/\/schweizversand.ch\/it\/#website","url":"https:\/\/schweizversand.ch\/it\/","name":"Schweizer Shop f\u00fcr Sport, Spiel und Freizeit","description":"Gratisversand ab 50.- (netto), ab eigenem schweizer Lager, Lieferung innert 48h","publisher":{"@id":"https:\/\/schweizversand.ch\/it\/#organization"},"alternateName":"Schweizversand.ch","potentialAction":[{"@type":"SearchAction","target":{"@type":"EntryPoint","urlTemplate":"https:\/\/schweizversand.ch\/it\/?s={search_term_string}"},"query-input":{"@type":"PropertyValueSpecification","valueRequired":true,"valueName":"search_term_string"}}],"inLanguage":"it-IT"},{"@type":"Organization","@id":"https:\/\/schweizversand.ch\/it\/#organization","name":"Schweizversand.ch","url":"https:\/\/schweizversand.ch\/it\/","logo":{"@type":"ImageObject","inLanguage":"it-IT","@id":"https:\/\/schweizversand.ch\/it\/#\/schema\/logo\/image\/","url":"https:\/\/schweizversand.ch\/wp-content\/uploads\/2026\/03\/Logo_Rund_Final-1.png","contentUrl":"https:\/\/schweizversand.ch\/wp-content\/uploads\/2026\/03\/Logo_Rund_Final-1.png","width":404,"height":404,"caption":"Schweizversand.ch"},"image":{"@id":"https:\/\/schweizversand.ch\/it\/#\/schema\/logo\/image\/"},"sameAs":["https:\/\/www.facebook.com\/Schweizversand","https:\/\/www.instagram.com\/schweizversand.ch\/"]}]}},"jetpack_sharing_enabled":true,"_links":{"self":[{"href":"https:\/\/schweizversand.ch\/it\/wp-json\/wp\/v2\/product\/249909","targetHints":{"allow":["GET"]}}],"collection":[{"href":"https:\/\/schweizversand.ch\/it\/wp-json\/wp\/v2\/product"}],"about":[{"href":"https:\/\/schweizversand.ch\/it\/wp-json\/wp\/v2\/types\/product"}],"replies":[{"embeddable":true,"href":"https:\/\/schweizversand.ch\/it\/wp-json\/wp\/v2\/comments?post=249909"}],"wp:featuredmedia":[{"embeddable":true,"href":"https:\/\/schweizversand.ch\/it\/wp-json\/wp\/v2\/media\/165830"}],"wp:attachment":[{"href":"https:\/\/schweizversand.ch\/it\/wp-json\/wp\/v2\/media?parent=249909"}],"wp:term":[{"taxonomy":"product_brand","embeddable":true,"href":"https:\/\/schweizversand.ch\/it\/wp-json\/wp\/v2\/product_brand?post=249909"},{"taxonomy":"product_cat","embeddable":true,"href":"https:\/\/schweizversand.ch\/it\/wp-json\/wp\/v2\/product_cat?post=249909"},{"taxonomy":"product_tag","embeddable":true,"href":"https:\/\/schweizversand.ch\/it\/wp-json\/wp\/v2\/product_tag?post=249909"}],"curies":[{"name":"wp","href":"https:\/\/api.w.org\/{rel}","templated":true}]}}