{"id":252449,"date":"2026-03-14T23:49:14","date_gmt":"2026-03-14T22:49:14","guid":{"rendered":"https:\/\/schweizversand.ch\/produkt\/pro-garden-insektenschutz-vorhang-fuer-die-tuer\/"},"modified":"2026-04-20T15:35:42","modified_gmt":"2026-04-20T13:35:42","slug":"pro-garden-insektenschutz-vorhang-fuer-die-tuer","status":"publish","type":"product","link":"https:\/\/schweizversand.ch\/it\/produkt\/pro-garden-insektenschutz-vorhang-fuer-die-tuer\/","title":{"rendered":"Tenda anti-insetti Pro Garden per porte"},"content":{"rendered":"<h1><strong>Tenda zanzariera Pro Garden &#8211; Magnetica e senza fori<\/strong><\/h1>\n<div>Basta con gli insetti fastidiosi! Con la <strong>tenda zanzariera Pro Garden<\/strong>, ti assicuri una soluzione efficace e pratica per tenere la tua casa, il tuo balcone o la tua roulotte liberi dalle zanzare. Questa pratica <strong>zanzariera senza fori<\/strong> unisce la massima funzionalit\u00e0 a un&#8217;installazione incredibilmente semplice.<\/p>\n<\/div>\n<div><strong>Protezione perfetta e facile da usare<\/strong><br \/>Questa <strong>zanzariera magnetica<\/strong> in due parti impedisce in modo affidabile l&#8217;ingresso di mosche, zanzare e altri parassiti. Grazie alla funzione di autochiusura, la tenda si chiude immediatamente dopo ogni passaggio, garantendo protezione in ogni momento. Questo la rende ideale per le famiglie con bambini e animali domestici, che possono entrare e uscire facilmente. Installazione senza fori: l&#8217;installazione della <strong>zanzariera per porta da balcone<\/strong> \u00e8 incredibilmente semplice e non richiede alcun attrezzo. Non \u00e8 necessario forare o avvitare nulla. La tenda zanzariera \u00e8 facile e veloce da installare grazie al supporto adesivo, il che la rende la soluzione perfetta e senza residui per appartamenti in affitto e uso temporaneo. Caratteristiche e dimensioni del prodotto: &#8211; Materiale: poliestere resistente &#8211; Design della tenda: due pezzi, chiusura magnetica automatica &#8211; Dimensioni per tenda: circa 75 cm x 220 cm (larghezza totale circa 150 cm) &#8211; Lunghezza della striscia adesiva: circa 600 cm &#8211; Installazione: completamente senza fori, ideale come porta zanzariera. Acquista subito la tua tenda zanzariera Pro Garden e goditi l&#8217;estate al massimo: con aria fresca, ma senza ospiti indesiderati.<\/p>\n","protected":false},"excerpt":{"rendered":"<p>Tenda zanzariera Pro Garden &#8211; Magnetica e senza fori Basta con gli insetti fastidiosi! Con la tenda zanzariera Pro Garden, ti assicuri una soluzione efficace e pratica per tenere la tua casa, il tuo balcone o la tua roulotte liberi dalle zanzare. Questa pratica zanzariera senza fori unisce la massima funzionalit\u00e0 a un&#8217;installazione incredibilmente semplice. Protezione perfetta e facile da usareQuesta zanzariera magnetica in due parti impedisce in modo affidabile l&#8217;ingresso di mosche, zanzare e&hellip;<\/p>\n","protected":false},"featured_media":230487,"comment_status":"open","ping_status":"closed","template":"","meta":[],"product_brand":[],"product_cat":[38740],"product_tag":[],"class_list":{"0":"post-252449","1":"product","2":"type-product","3":"status-publish","4":"has-post-thumbnail","6":"product_cat-insektenschutz","7":"product_shipping_class-global_methods","9":"first","10":"instock","11":"taxable","12":"shipping-taxable","13":"purchasable","14":"product-type-simple"},"yoast_head":"<!-- This site is optimized with the Yoast SEO plugin v27.4 - https:\/\/yoast.com\/product\/yoast-seo-wordpress\/ -->\n<title>Pro Garden Insektenschutz Vorhang f\u00fcr die T\u00fcr | Jetzt kaufen | Schweizversand.ch<\/title>\n<meta name=\"description\" content=\"Pro Garden Insektenschutz Vorhang f\u00fcr die T\u00fcr g\u00fcnstig kaufen bei Schweizversand.ch. Schnelle Lieferung in der Schweiz. Gratisversand ab CHF 50.\" \/>\n<meta name=\"robots\" content=\"index, follow, max-snippet:-1, max-image-preview:large, max-video-preview:-1\" \/>\n<link rel=\"canonical\" href=\"https:\/\/schweizversand.ch\/it\/produkt\/pro-garden-insektenschutz-vorhang-fuer-die-tuer\/\" \/>\n<meta property=\"og:locale\" content=\"it_IT\" \/>\n<meta property=\"og:type\" content=\"article\" \/>\n<meta property=\"og:title\" content=\"Pro Garden Insektenschutz Vorhang f\u00fcr die T\u00fcr | Jetzt kaufen | Schweizversand.ch\" \/>\n<meta property=\"og:description\" content=\"Pro Garden Insektenschutz Vorhang f\u00fcr die T\u00fcr g\u00fcnstig kaufen bei Schweizversand.ch. Schnelle Lieferung in der Schweiz. Gratisversand ab CHF 50.\" \/>\n<meta property=\"og:url\" content=\"https:\/\/schweizversand.ch\/it\/produkt\/pro-garden-insektenschutz-vorhang-fuer-die-tuer\/\" \/>\n<meta property=\"og:site_name\" content=\"Schweizer Shop f\u00fcr Sport, Spiel und Freizeit\" \/>\n<meta property=\"article:publisher\" content=\"https:\/\/www.facebook.com\/Schweizversand\" \/>\n<meta property=\"article:modified_time\" content=\"2026-04-20T13:35:42+00:00\" \/>\n<meta property=\"og:image\" content=\"https:\/\/schweizversand.ch\/wp-content\/uploads\/2026\/03\/5633133684.jpg\" \/>\n\t<meta property=\"og:image:width\" content=\"1024\" \/>\n\t<meta property=\"og:image:height\" content=\"1024\" \/>\n\t<meta property=\"og:image:type\" content=\"image\/jpeg\" \/>\n<meta name=\"twitter:card\" content=\"summary_large_image\" \/>\n<meta name=\"twitter:label1\" content=\"Tempo di lettura stimato\" \/>\n\t<meta name=\"twitter:data1\" content=\"1 minuto\" \/>\n<script type=\"application\/ld+json\" class=\"yoast-schema-graph\">{\"@context\":\"https:\\\/\\\/schema.org\",\"@graph\":[{\"@type\":\"WebPage\",\"@id\":\"https:\\\/\\\/schweizversand.ch\\\/it\\\/produkt\\\/pro-garden-insektenschutz-vorhang-fuer-die-tuer\\\/\",\"url\":\"https:\\\/\\\/schweizversand.ch\\\/it\\\/produkt\\\/pro-garden-insektenschutz-vorhang-fuer-die-tuer\\\/\",\"name\":\"Pro Garden Insektenschutz Vorhang f\u00fcr die T\u00fcr | Jetzt kaufen | Schweizversand.ch\",\"isPartOf\":{\"@id\":\"https:\\\/\\\/schweizversand.ch\\\/it\\\/#website\"},\"primaryImageOfPage\":{\"@id\":\"https:\\\/\\\/schweizversand.ch\\\/it\\\/produkt\\\/pro-garden-insektenschutz-vorhang-fuer-die-tuer\\\/#primaryimage\"},\"image\":{\"@id\":\"https:\\\/\\\/schweizversand.ch\\\/it\\\/produkt\\\/pro-garden-insektenschutz-vorhang-fuer-die-tuer\\\/#primaryimage\"},\"thumbnailUrl\":\"https:\\\/\\\/schweizversand.ch\\\/wp-content\\\/uploads\\\/2026\\\/03\\\/5633133684.jpg\",\"datePublished\":\"2026-03-14T22:49:14+00:00\",\"dateModified\":\"2026-04-20T13:35:42+00:00\",\"description\":\"Pro Garden Insektenschutz Vorhang f\u00fcr die T\u00fcr g\u00fcnstig kaufen bei Schweizversand.ch. Schnelle Lieferung in der Schweiz. Gratisversand ab CHF 50.\",\"breadcrumb\":{\"@id\":\"https:\\\/\\\/schweizversand.ch\\\/it\\\/produkt\\\/pro-garden-insektenschutz-vorhang-fuer-die-tuer\\\/#breadcrumb\"},\"inLanguage\":\"it-IT\",\"potentialAction\":[{\"@type\":\"ReadAction\",\"target\":[\"https:\\\/\\\/schweizversand.ch\\\/it\\\/produkt\\\/pro-garden-insektenschutz-vorhang-fuer-die-tuer\\\/\"]}]},{\"@type\":\"ImageObject\",\"inLanguage\":\"it-IT\",\"@id\":\"https:\\\/\\\/schweizversand.ch\\\/it\\\/produkt\\\/pro-garden-insektenschutz-vorhang-fuer-die-tuer\\\/#primaryimage\",\"url\":\"https:\\\/\\\/schweizversand.ch\\\/wp-content\\\/uploads\\\/2026\\\/03\\\/5633133684.jpg\",\"contentUrl\":\"https:\\\/\\\/schweizversand.ch\\\/wp-content\\\/uploads\\\/2026\\\/03\\\/5633133684.jpg\",\"width\":1024,\"height\":1024},{\"@type\":\"BreadcrumbList\",\"@id\":\"https:\\\/\\\/schweizversand.ch\\\/it\\\/produkt\\\/pro-garden-insektenschutz-vorhang-fuer-die-tuer\\\/#breadcrumb\",\"itemListElement\":[{\"@type\":\"ListItem\",\"position\":1,\"name\":\"Startseite\",\"item\":\"https:\\\/\\\/schweizversand.ch\\\/it\\\/home\\\/\"},{\"@type\":\"ListItem\",\"position\":2,\"name\":\"Shop\",\"item\":\"https:\\\/\\\/schweizversand.ch\\\/it\\\/shop\\\/\"},{\"@type\":\"ListItem\",\"position\":3,\"name\":\"Casa e giardino\",\"item\":\"https:\\\/\\\/schweizversand.ch\\\/it\\\/produkt-kategorie\\\/casa-e-giardino\\\/\"},{\"@type\":\"ListItem\",\"position\":4,\"name\":\"Orticoltura e tecnologia\",\"item\":\"https:\\\/\\\/schweizversand.ch\\\/it\\\/produkt-kategorie\\\/casa-e-giardino\\\/orticoltura-e-tecnologia\\\/\"},{\"@type\":\"ListItem\",\"position\":5,\"name\":\"Protezione dagli insetti\",\"item\":\"https:\\\/\\\/schweizversand.ch\\\/en\\\/produkt-kategorie\\\/insektenschutz\\\/\"},{\"@type\":\"ListItem\",\"position\":6,\"name\":\"Tenda anti-insetti Pro Garden per porte\"}]},{\"@type\":\"WebSite\",\"@id\":\"https:\\\/\\\/schweizversand.ch\\\/it\\\/#website\",\"url\":\"https:\\\/\\\/schweizversand.ch\\\/it\\\/\",\"name\":\"Schweizer Shop f\u00fcr Sport, Spiel und Freizeit\",\"description\":\"Gratisversand ab 50.- (netto), ab eigenem schweizer Lager, Lieferung innert 48h\",\"publisher\":{\"@id\":\"https:\\\/\\\/schweizversand.ch\\\/it\\\/#organization\"},\"alternateName\":\"Schweizversand.ch\",\"potentialAction\":[{\"@type\":\"SearchAction\",\"target\":{\"@type\":\"EntryPoint\",\"urlTemplate\":\"https:\\\/\\\/schweizversand.ch\\\/it\\\/?s={search_term_string}\"},\"query-input\":{\"@type\":\"PropertyValueSpecification\",\"valueRequired\":true,\"valueName\":\"search_term_string\"}}],\"inLanguage\":\"it-IT\"},{\"@type\":\"Organization\",\"@id\":\"https:\\\/\\\/schweizversand.ch\\\/it\\\/#organization\",\"name\":\"Schweizversand.ch\",\"url\":\"https:\\\/\\\/schweizversand.ch\\\/it\\\/\",\"logo\":{\"@type\":\"ImageObject\",\"inLanguage\":\"it-IT\",\"@id\":\"https:\\\/\\\/schweizversand.ch\\\/it\\\/#\\\/schema\\\/logo\\\/image\\\/\",\"url\":\"https:\\\/\\\/schweizversand.ch\\\/wp-content\\\/uploads\\\/2026\\\/03\\\/Logo_Rund_Final-1.png\",\"contentUrl\":\"https:\\\/\\\/schweizversand.ch\\\/wp-content\\\/uploads\\\/2026\\\/03\\\/Logo_Rund_Final-1.png\",\"width\":404,\"height\":404,\"caption\":\"Schweizversand.ch\"},\"image\":{\"@id\":\"https:\\\/\\\/schweizversand.ch\\\/it\\\/#\\\/schema\\\/logo\\\/image\\\/\"},\"sameAs\":[\"https:\\\/\\\/www.facebook.com\\\/Schweizversand\",\"https:\\\/\\\/www.instagram.com\\\/schweizversand.ch\\\/\"]}]}<\/script>\n<!-- \/ Yoast SEO plugin. -->","yoast_head_json":{"title":"Pro Garden Insektenschutz Vorhang f\u00fcr die T\u00fcr | Jetzt kaufen | Schweizversand.ch","description":"Pro Garden Insektenschutz Vorhang f\u00fcr die T\u00fcr g\u00fcnstig kaufen bei Schweizversand.ch. Schnelle Lieferung in der Schweiz. Gratisversand ab CHF 50.","robots":{"index":"index","follow":"follow","max-snippet":"max-snippet:-1","max-image-preview":"max-image-preview:large","max-video-preview":"max-video-preview:-1"},"canonical":"https:\/\/schweizversand.ch\/it\/produkt\/pro-garden-insektenschutz-vorhang-fuer-die-tuer\/","og_locale":"it_IT","og_type":"article","og_title":"Pro Garden Insektenschutz Vorhang f\u00fcr die T\u00fcr | Jetzt kaufen | Schweizversand.ch","og_description":"Pro Garden Insektenschutz Vorhang f\u00fcr die T\u00fcr g\u00fcnstig kaufen bei Schweizversand.ch. Schnelle Lieferung in der Schweiz. Gratisversand ab CHF 50.","og_url":"https:\/\/schweizversand.ch\/it\/produkt\/pro-garden-insektenschutz-vorhang-fuer-die-tuer\/","og_site_name":"Schweizer Shop f\u00fcr Sport, Spiel und Freizeit","article_publisher":"https:\/\/www.facebook.com\/Schweizversand","article_modified_time":"2026-04-20T13:35:42+00:00","og_image":[{"width":1024,"height":1024,"url":"https:\/\/schweizversand.ch\/wp-content\/uploads\/2026\/03\/5633133684.jpg","type":"image\/jpeg"}],"twitter_card":"summary_large_image","twitter_misc":{"Tempo di lettura stimato":"1 minuto"},"schema":{"@context":"https:\/\/schema.org","@graph":[{"@type":"WebPage","@id":"https:\/\/schweizversand.ch\/it\/produkt\/pro-garden-insektenschutz-vorhang-fuer-die-tuer\/","url":"https:\/\/schweizversand.ch\/it\/produkt\/pro-garden-insektenschutz-vorhang-fuer-die-tuer\/","name":"Pro Garden Insektenschutz Vorhang f\u00fcr die T\u00fcr | Jetzt kaufen | Schweizversand.ch","isPartOf":{"@id":"https:\/\/schweizversand.ch\/it\/#website"},"primaryImageOfPage":{"@id":"https:\/\/schweizversand.ch\/it\/produkt\/pro-garden-insektenschutz-vorhang-fuer-die-tuer\/#primaryimage"},"image":{"@id":"https:\/\/schweizversand.ch\/it\/produkt\/pro-garden-insektenschutz-vorhang-fuer-die-tuer\/#primaryimage"},"thumbnailUrl":"https:\/\/schweizversand.ch\/wp-content\/uploads\/2026\/03\/5633133684.jpg","datePublished":"2026-03-14T22:49:14+00:00","dateModified":"2026-04-20T13:35:42+00:00","description":"Pro Garden Insektenschutz Vorhang f\u00fcr die T\u00fcr g\u00fcnstig kaufen bei Schweizversand.ch. Schnelle Lieferung in der Schweiz. Gratisversand ab CHF 50.","breadcrumb":{"@id":"https:\/\/schweizversand.ch\/it\/produkt\/pro-garden-insektenschutz-vorhang-fuer-die-tuer\/#breadcrumb"},"inLanguage":"it-IT","potentialAction":[{"@type":"ReadAction","target":["https:\/\/schweizversand.ch\/it\/produkt\/pro-garden-insektenschutz-vorhang-fuer-die-tuer\/"]}]},{"@type":"ImageObject","inLanguage":"it-IT","@id":"https:\/\/schweizversand.ch\/it\/produkt\/pro-garden-insektenschutz-vorhang-fuer-die-tuer\/#primaryimage","url":"https:\/\/schweizversand.ch\/wp-content\/uploads\/2026\/03\/5633133684.jpg","contentUrl":"https:\/\/schweizversand.ch\/wp-content\/uploads\/2026\/03\/5633133684.jpg","width":1024,"height":1024},{"@type":"BreadcrumbList","@id":"https:\/\/schweizversand.ch\/it\/produkt\/pro-garden-insektenschutz-vorhang-fuer-die-tuer\/#breadcrumb","itemListElement":[{"@type":"ListItem","position":1,"name":"Startseite","item":"https:\/\/schweizversand.ch\/it\/home\/"},{"@type":"ListItem","position":2,"name":"Shop","item":"https:\/\/schweizversand.ch\/it\/shop\/"},{"@type":"ListItem","position":3,"name":"Casa e giardino","item":"https:\/\/schweizversand.ch\/it\/produkt-kategorie\/casa-e-giardino\/"},{"@type":"ListItem","position":4,"name":"Orticoltura e tecnologia","item":"https:\/\/schweizversand.ch\/it\/produkt-kategorie\/casa-e-giardino\/orticoltura-e-tecnologia\/"},{"@type":"ListItem","position":5,"name":"Protezione dagli insetti","item":"https:\/\/schweizversand.ch\/en\/produkt-kategorie\/insektenschutz\/"},{"@type":"ListItem","position":6,"name":"Tenda anti-insetti Pro Garden per porte"}]},{"@type":"WebSite","@id":"https:\/\/schweizversand.ch\/it\/#website","url":"https:\/\/schweizversand.ch\/it\/","name":"Schweizer Shop f\u00fcr Sport, Spiel und Freizeit","description":"Gratisversand ab 50.- (netto), ab eigenem schweizer Lager, Lieferung innert 48h","publisher":{"@id":"https:\/\/schweizversand.ch\/it\/#organization"},"alternateName":"Schweizversand.ch","potentialAction":[{"@type":"SearchAction","target":{"@type":"EntryPoint","urlTemplate":"https:\/\/schweizversand.ch\/it\/?s={search_term_string}"},"query-input":{"@type":"PropertyValueSpecification","valueRequired":true,"valueName":"search_term_string"}}],"inLanguage":"it-IT"},{"@type":"Organization","@id":"https:\/\/schweizversand.ch\/it\/#organization","name":"Schweizversand.ch","url":"https:\/\/schweizversand.ch\/it\/","logo":{"@type":"ImageObject","inLanguage":"it-IT","@id":"https:\/\/schweizversand.ch\/it\/#\/schema\/logo\/image\/","url":"https:\/\/schweizversand.ch\/wp-content\/uploads\/2026\/03\/Logo_Rund_Final-1.png","contentUrl":"https:\/\/schweizversand.ch\/wp-content\/uploads\/2026\/03\/Logo_Rund_Final-1.png","width":404,"height":404,"caption":"Schweizversand.ch"},"image":{"@id":"https:\/\/schweizversand.ch\/it\/#\/schema\/logo\/image\/"},"sameAs":["https:\/\/www.facebook.com\/Schweizversand","https:\/\/www.instagram.com\/schweizversand.ch\/"]}]}},"jetpack_sharing_enabled":true,"_links":{"self":[{"href":"https:\/\/schweizversand.ch\/it\/wp-json\/wp\/v2\/product\/252449","targetHints":{"allow":["GET"]}}],"collection":[{"href":"https:\/\/schweizversand.ch\/it\/wp-json\/wp\/v2\/product"}],"about":[{"href":"https:\/\/schweizversand.ch\/it\/wp-json\/wp\/v2\/types\/product"}],"replies":[{"embeddable":true,"href":"https:\/\/schweizversand.ch\/it\/wp-json\/wp\/v2\/comments?post=252449"}],"wp:featuredmedia":[{"embeddable":true,"href":"https:\/\/schweizversand.ch\/it\/wp-json\/wp\/v2\/media\/230487"}],"wp:attachment":[{"href":"https:\/\/schweizversand.ch\/it\/wp-json\/wp\/v2\/media?parent=252449"}],"wp:term":[{"taxonomy":"product_brand","embeddable":true,"href":"https:\/\/schweizversand.ch\/it\/wp-json\/wp\/v2\/product_brand?post=252449"},{"taxonomy":"product_cat","embeddable":true,"href":"https:\/\/schweizversand.ch\/it\/wp-json\/wp\/v2\/product_cat?post=252449"},{"taxonomy":"product_tag","embeddable":true,"href":"https:\/\/schweizversand.ch\/it\/wp-json\/wp\/v2\/product_tag?post=252449"}],"curies":[{"name":"wp","href":"https:\/\/api.w.org\/{rel}","templated":true}]}}