{"id":252479,"date":"2026-03-15T00:55:24","date_gmt":"2026-03-14T23:55:24","guid":{"rendered":"https:\/\/schweizversand.ch\/produkt\/champ-xxl-trinkbecher-12-l\/"},"modified":"2026-04-19T02:06:28","modified_gmt":"2026-04-19T00:06:28","slug":"champ-xxl-trinkbecher-12-l","status":"publish","type":"product","link":"https:\/\/schweizversand.ch\/it\/produkt\/champ-xxl-trinkbecher-12-l\/","title":{"rendered":"Tazza per bere CHAMP XXL 1,2 L"},"content":{"rendered":"<h1><strong>Tazza termica XXL da 1,2 litri &#8211; Doppia parete ed elegante per gli spostamenti<\/strong><\/h1>\n<div>Questa <strong>tazza termica XXL<\/strong> \u00e8 la compagna ideale per chi apprezza stile e funzionalit\u00e0. Con una capacit\u00e0 impressionante di <strong>1,2 litri<\/strong>, ti assicura una corretta idratazione, sia in ufficio, durante lo sport o in viaggio. Il design moderno in <strong>rosso corallo<\/strong> rende questa <strong>tazza a doppia parete<\/strong> un vero e proprio colpo d&#8217;occhio.<\/p>\n<\/div>\n<div><strong>Massimo isolamento per il tuo piacere<\/strong><br \/>Grazie alla struttura a <strong>doppia parete<\/strong> di alta qualit\u00e0, le tue bevande rimangono perfettamente fresche a lungo. Gusta il tuo caff\u00e8 caldo o il tuo t\u00e8 freddo rinfrescante. Questa tazza termica rosso corallo \u00e8 realizzata con una robusta combinazione di metallo e plastica, che garantisce durata e un peso confortevole. Il compagno perfetto per gli spostamenti: questa tazza da viaggio \u00e8 dotata di un coperchio trasparente e a chiusura ermetica che impedisce fuoriuscite. Cos\u00ec puoi portare la tua grande tazza da caff\u00e8 o la tua bevanda preferita ovunque senza compromettere la sicurezza. \u00c8 il perfetto tuttofare per ogni occasione.<\/p>\n<\/div>\n<div><strong>Dettagli e caratteristiche del prodotto<\/strong><br \/>&#8211; Capacit\u00e0: circa <strong>1,2 litri<\/strong> (tazza termica XXL)<br \/>&#8211; Colore: Gradiente sfumato dal bianco al <strong>rosso corallo<\/strong><br \/>&#8211; Materiale: <strong>Tazza a doppia parete<\/strong> in metallo e plastica<br \/>&#8211; Isolamento: Mantiene le bevande calde o fredde pi\u00f9 a lungo<br \/>&#8211; Coperchio: Trasparente e richiudibile in modo sicuro per l&#8217;uso in movimento<br \/>&#8211; Aree di utilizzo: Ideale per ufficio, viaggi, sport, campeggio e tempo libero<\/p>\n<\/div>\n<div>Investi in questa pratica ed elegante <strong>tazza termica da 1,2 litri<\/strong> e scopri la comodit\u00e0 di avere sempre la tua bevanda preferita alla temperatura perfetta. Ordina ora e di&#8217; addio ai continui rifornimenti!<\/p>\n<\/div>\n<div><\/div>\n","protected":false},"excerpt":{"rendered":"<p>Tazza termica XXL da 1,2 litri &#8211; Doppia parete ed elegante per gli spostamenti Questa tazza termica XXL \u00e8 la compagna ideale per chi apprezza stile e funzionalit\u00e0. Con una capacit\u00e0 impressionante di 1,2 litri, ti assicura una corretta idratazione, sia in ufficio, durante lo sport o in viaggio. Il design moderno in rosso corallo rende questa tazza a doppia parete un vero e proprio colpo d&#8217;occhio. Massimo isolamento per il tuo piacereGrazie alla struttura&hellip;<\/p>\n","protected":false},"featured_media":160359,"comment_status":"open","ping_status":"closed","template":"","meta":[],"product_brand":[],"product_cat":[38382,38381],"product_tag":[],"class_list":{"0":"post-252479","1":"product","2":"type-product","3":"status-publish","4":"has-post-thumbnail","6":"product_cat-posate","7":"product_cat-geschirr-besteck","8":"product_shipping_class-global_methods","10":"first","11":"instock","12":"taxable","13":"shipping-taxable","14":"purchasable","15":"product-type-simple"},"yoast_head":"<!-- This site is optimized with the Yoast SEO plugin v27.4 - https:\/\/yoast.com\/product\/yoast-seo-wordpress\/ -->\n<title>CHAMP XXL Trinkbecher 1,2 L | Jetzt kaufen | Schweizversand.ch<\/title>\n<meta name=\"description\" content=\"CHAMP XXL Trinkbecher 1,2 L g\u00fcnstig kaufen bei Schweizversand.ch. Schnelle Lieferung in der Schweiz. Gratisversand ab CHF 50.\" \/>\n<meta name=\"robots\" content=\"index, follow, max-snippet:-1, max-image-preview:large, max-video-preview:-1\" \/>\n<link rel=\"canonical\" href=\"https:\/\/schweizversand.ch\/it\/produkt\/champ-xxl-trinkbecher-12-l\/\" \/>\n<meta property=\"og:locale\" content=\"it_IT\" \/>\n<meta property=\"og:type\" content=\"article\" \/>\n<meta property=\"og:title\" content=\"CHAMP XXL Trinkbecher 1,2 L | Jetzt kaufen | Schweizversand.ch\" \/>\n<meta property=\"og:description\" content=\"CHAMP XXL Trinkbecher 1,2 L g\u00fcnstig kaufen bei Schweizversand.ch. Schnelle Lieferung in der Schweiz. Gratisversand ab CHF 50.\" \/>\n<meta property=\"og:url\" content=\"https:\/\/schweizversand.ch\/it\/produkt\/champ-xxl-trinkbecher-12-l\/\" \/>\n<meta property=\"og:site_name\" content=\"Schweizer Shop f\u00fcr Sport, Spiel und Freizeit\" \/>\n<meta property=\"article:publisher\" content=\"https:\/\/www.facebook.com\/Schweizversand\" \/>\n<meta property=\"article:modified_time\" content=\"2026-04-19T00:06:28+00:00\" \/>\n<meta property=\"og:image\" content=\"https:\/\/schweizversand.ch\/wp-content\/uploads\/2026\/02\/5471908659.jpg\" \/>\n\t<meta property=\"og:image:width\" content=\"768\" \/>\n\t<meta property=\"og:image:height\" content=\"1024\" \/>\n\t<meta property=\"og:image:type\" content=\"image\/jpeg\" \/>\n<meta name=\"twitter:card\" content=\"summary_large_image\" \/>\n<meta name=\"twitter:label1\" content=\"Tempo di lettura stimato\" \/>\n\t<meta name=\"twitter:data1\" content=\"1 minuto\" \/>\n<script type=\"application\/ld+json\" class=\"yoast-schema-graph\">{\"@context\":\"https:\\\/\\\/schema.org\",\"@graph\":[{\"@type\":\"WebPage\",\"@id\":\"https:\\\/\\\/schweizversand.ch\\\/it\\\/produkt\\\/champ-xxl-trinkbecher-12-l\\\/\",\"url\":\"https:\\\/\\\/schweizversand.ch\\\/it\\\/produkt\\\/champ-xxl-trinkbecher-12-l\\\/\",\"name\":\"CHAMP XXL Trinkbecher 1,2 L | Jetzt kaufen | Schweizversand.ch\",\"isPartOf\":{\"@id\":\"https:\\\/\\\/schweizversand.ch\\\/it\\\/#website\"},\"primaryImageOfPage\":{\"@id\":\"https:\\\/\\\/schweizversand.ch\\\/it\\\/produkt\\\/champ-xxl-trinkbecher-12-l\\\/#primaryimage\"},\"image\":{\"@id\":\"https:\\\/\\\/schweizversand.ch\\\/it\\\/produkt\\\/champ-xxl-trinkbecher-12-l\\\/#primaryimage\"},\"thumbnailUrl\":\"https:\\\/\\\/schweizversand.ch\\\/wp-content\\\/uploads\\\/2026\\\/02\\\/5471908659.jpg\",\"datePublished\":\"2026-03-14T23:55:24+00:00\",\"dateModified\":\"2026-04-19T00:06:28+00:00\",\"description\":\"CHAMP XXL Trinkbecher 1,2 L g\u00fcnstig kaufen bei Schweizversand.ch. Schnelle Lieferung in der Schweiz. Gratisversand ab CHF 50.\",\"breadcrumb\":{\"@id\":\"https:\\\/\\\/schweizversand.ch\\\/it\\\/produkt\\\/champ-xxl-trinkbecher-12-l\\\/#breadcrumb\"},\"inLanguage\":\"it-IT\",\"potentialAction\":[{\"@type\":\"ReadAction\",\"target\":[\"https:\\\/\\\/schweizversand.ch\\\/it\\\/produkt\\\/champ-xxl-trinkbecher-12-l\\\/\"]}]},{\"@type\":\"ImageObject\",\"inLanguage\":\"it-IT\",\"@id\":\"https:\\\/\\\/schweizversand.ch\\\/it\\\/produkt\\\/champ-xxl-trinkbecher-12-l\\\/#primaryimage\",\"url\":\"https:\\\/\\\/schweizversand.ch\\\/wp-content\\\/uploads\\\/2026\\\/02\\\/5471908659.jpg\",\"contentUrl\":\"https:\\\/\\\/schweizversand.ch\\\/wp-content\\\/uploads\\\/2026\\\/02\\\/5471908659.jpg\",\"width\":768,\"height\":1024},{\"@type\":\"BreadcrumbList\",\"@id\":\"https:\\\/\\\/schweizversand.ch\\\/it\\\/produkt\\\/champ-xxl-trinkbecher-12-l\\\/#breadcrumb\",\"itemListElement\":[{\"@type\":\"ListItem\",\"position\":1,\"name\":\"Startseite\",\"item\":\"https:\\\/\\\/schweizversand.ch\\\/it\\\/home\\\/\"},{\"@type\":\"ListItem\",\"position\":2,\"name\":\"Shop\",\"item\":\"https:\\\/\\\/schweizversand.ch\\\/it\\\/shop\\\/\"},{\"@type\":\"ListItem\",\"position\":3,\"name\":\"Casa\",\"item\":\"https:\\\/\\\/schweizversand.ch\\\/it\\\/produkt-kategorie\\\/casa\\\/\"},{\"@type\":\"ListItem\",\"position\":4,\"name\":\"Cucina\",\"item\":\"https:\\\/\\\/schweizversand.ch\\\/it\\\/produkt-kategorie\\\/casa\\\/cucina\\\/\"},{\"@type\":\"ListItem\",\"position\":5,\"name\":\"Stoviglie\",\"item\":\"https:\\\/\\\/schweizversand.ch\\\/it\\\/produkt-kategorie\\\/casa\\\/cucina\\\/geschirr-besteck\\\/\"},{\"@type\":\"ListItem\",\"position\":6,\"name\":\"Posate\",\"item\":\"https:\\\/\\\/schweizversand.ch\\\/it\\\/produkt-kategorie\\\/casa\\\/cucina\\\/geschirr-besteck\\\/posate\\\/\"},{\"@type\":\"ListItem\",\"position\":7,\"name\":\"Tazza per bere CHAMP XXL 1,2 L\"}]},{\"@type\":\"WebSite\",\"@id\":\"https:\\\/\\\/schweizversand.ch\\\/it\\\/#website\",\"url\":\"https:\\\/\\\/schweizversand.ch\\\/it\\\/\",\"name\":\"Schweizer Shop f\u00fcr Sport, Spiel und Freizeit\",\"description\":\"Gratisversand ab 50.- (netto), ab eigenem schweizer Lager, Lieferung innert 48h\",\"publisher\":{\"@id\":\"https:\\\/\\\/schweizversand.ch\\\/it\\\/#organization\"},\"alternateName\":\"Schweizversand.ch\",\"potentialAction\":[{\"@type\":\"SearchAction\",\"target\":{\"@type\":\"EntryPoint\",\"urlTemplate\":\"https:\\\/\\\/schweizversand.ch\\\/it\\\/?s={search_term_string}\"},\"query-input\":{\"@type\":\"PropertyValueSpecification\",\"valueRequired\":true,\"valueName\":\"search_term_string\"}}],\"inLanguage\":\"it-IT\"},{\"@type\":\"Organization\",\"@id\":\"https:\\\/\\\/schweizversand.ch\\\/it\\\/#organization\",\"name\":\"Schweizversand.ch\",\"url\":\"https:\\\/\\\/schweizversand.ch\\\/it\\\/\",\"logo\":{\"@type\":\"ImageObject\",\"inLanguage\":\"it-IT\",\"@id\":\"https:\\\/\\\/schweizversand.ch\\\/it\\\/#\\\/schema\\\/logo\\\/image\\\/\",\"url\":\"https:\\\/\\\/schweizversand.ch\\\/wp-content\\\/uploads\\\/2026\\\/03\\\/Logo_Rund_Final-1.png\",\"contentUrl\":\"https:\\\/\\\/schweizversand.ch\\\/wp-content\\\/uploads\\\/2026\\\/03\\\/Logo_Rund_Final-1.png\",\"width\":404,\"height\":404,\"caption\":\"Schweizversand.ch\"},\"image\":{\"@id\":\"https:\\\/\\\/schweizversand.ch\\\/it\\\/#\\\/schema\\\/logo\\\/image\\\/\"},\"sameAs\":[\"https:\\\/\\\/www.facebook.com\\\/Schweizversand\",\"https:\\\/\\\/www.instagram.com\\\/schweizversand.ch\\\/\"]}]}<\/script>\n<!-- \/ Yoast SEO plugin. -->","yoast_head_json":{"title":"CHAMP XXL Trinkbecher 1,2 L | Jetzt kaufen | Schweizversand.ch","description":"CHAMP XXL Trinkbecher 1,2 L g\u00fcnstig kaufen bei Schweizversand.ch. Schnelle Lieferung in der Schweiz. Gratisversand ab CHF 50.","robots":{"index":"index","follow":"follow","max-snippet":"max-snippet:-1","max-image-preview":"max-image-preview:large","max-video-preview":"max-video-preview:-1"},"canonical":"https:\/\/schweizversand.ch\/it\/produkt\/champ-xxl-trinkbecher-12-l\/","og_locale":"it_IT","og_type":"article","og_title":"CHAMP XXL Trinkbecher 1,2 L | Jetzt kaufen | Schweizversand.ch","og_description":"CHAMP XXL Trinkbecher 1,2 L g\u00fcnstig kaufen bei Schweizversand.ch. Schnelle Lieferung in der Schweiz. Gratisversand ab CHF 50.","og_url":"https:\/\/schweizversand.ch\/it\/produkt\/champ-xxl-trinkbecher-12-l\/","og_site_name":"Schweizer Shop f\u00fcr Sport, Spiel und Freizeit","article_publisher":"https:\/\/www.facebook.com\/Schweizversand","article_modified_time":"2026-04-19T00:06:28+00:00","og_image":[{"width":768,"height":1024,"url":"https:\/\/schweizversand.ch\/wp-content\/uploads\/2026\/02\/5471908659.jpg","type":"image\/jpeg"}],"twitter_card":"summary_large_image","twitter_misc":{"Tempo di lettura stimato":"1 minuto"},"schema":{"@context":"https:\/\/schema.org","@graph":[{"@type":"WebPage","@id":"https:\/\/schweizversand.ch\/it\/produkt\/champ-xxl-trinkbecher-12-l\/","url":"https:\/\/schweizversand.ch\/it\/produkt\/champ-xxl-trinkbecher-12-l\/","name":"CHAMP XXL Trinkbecher 1,2 L | Jetzt kaufen | Schweizversand.ch","isPartOf":{"@id":"https:\/\/schweizversand.ch\/it\/#website"},"primaryImageOfPage":{"@id":"https:\/\/schweizversand.ch\/it\/produkt\/champ-xxl-trinkbecher-12-l\/#primaryimage"},"image":{"@id":"https:\/\/schweizversand.ch\/it\/produkt\/champ-xxl-trinkbecher-12-l\/#primaryimage"},"thumbnailUrl":"https:\/\/schweizversand.ch\/wp-content\/uploads\/2026\/02\/5471908659.jpg","datePublished":"2026-03-14T23:55:24+00:00","dateModified":"2026-04-19T00:06:28+00:00","description":"CHAMP XXL Trinkbecher 1,2 L g\u00fcnstig kaufen bei Schweizversand.ch. Schnelle Lieferung in der Schweiz. Gratisversand ab CHF 50.","breadcrumb":{"@id":"https:\/\/schweizversand.ch\/it\/produkt\/champ-xxl-trinkbecher-12-l\/#breadcrumb"},"inLanguage":"it-IT","potentialAction":[{"@type":"ReadAction","target":["https:\/\/schweizversand.ch\/it\/produkt\/champ-xxl-trinkbecher-12-l\/"]}]},{"@type":"ImageObject","inLanguage":"it-IT","@id":"https:\/\/schweizversand.ch\/it\/produkt\/champ-xxl-trinkbecher-12-l\/#primaryimage","url":"https:\/\/schweizversand.ch\/wp-content\/uploads\/2026\/02\/5471908659.jpg","contentUrl":"https:\/\/schweizversand.ch\/wp-content\/uploads\/2026\/02\/5471908659.jpg","width":768,"height":1024},{"@type":"BreadcrumbList","@id":"https:\/\/schweizversand.ch\/it\/produkt\/champ-xxl-trinkbecher-12-l\/#breadcrumb","itemListElement":[{"@type":"ListItem","position":1,"name":"Startseite","item":"https:\/\/schweizversand.ch\/it\/home\/"},{"@type":"ListItem","position":2,"name":"Shop","item":"https:\/\/schweizversand.ch\/it\/shop\/"},{"@type":"ListItem","position":3,"name":"Casa","item":"https:\/\/schweizversand.ch\/it\/produkt-kategorie\/casa\/"},{"@type":"ListItem","position":4,"name":"Cucina","item":"https:\/\/schweizversand.ch\/it\/produkt-kategorie\/casa\/cucina\/"},{"@type":"ListItem","position":5,"name":"Stoviglie","item":"https:\/\/schweizversand.ch\/it\/produkt-kategorie\/casa\/cucina\/geschirr-besteck\/"},{"@type":"ListItem","position":6,"name":"Posate","item":"https:\/\/schweizversand.ch\/it\/produkt-kategorie\/casa\/cucina\/geschirr-besteck\/posate\/"},{"@type":"ListItem","position":7,"name":"Tazza per bere CHAMP XXL 1,2 L"}]},{"@type":"WebSite","@id":"https:\/\/schweizversand.ch\/it\/#website","url":"https:\/\/schweizversand.ch\/it\/","name":"Schweizer Shop f\u00fcr Sport, Spiel und Freizeit","description":"Gratisversand ab 50.- (netto), ab eigenem schweizer Lager, Lieferung innert 48h","publisher":{"@id":"https:\/\/schweizversand.ch\/it\/#organization"},"alternateName":"Schweizversand.ch","potentialAction":[{"@type":"SearchAction","target":{"@type":"EntryPoint","urlTemplate":"https:\/\/schweizversand.ch\/it\/?s={search_term_string}"},"query-input":{"@type":"PropertyValueSpecification","valueRequired":true,"valueName":"search_term_string"}}],"inLanguage":"it-IT"},{"@type":"Organization","@id":"https:\/\/schweizversand.ch\/it\/#organization","name":"Schweizversand.ch","url":"https:\/\/schweizversand.ch\/it\/","logo":{"@type":"ImageObject","inLanguage":"it-IT","@id":"https:\/\/schweizversand.ch\/it\/#\/schema\/logo\/image\/","url":"https:\/\/schweizversand.ch\/wp-content\/uploads\/2026\/03\/Logo_Rund_Final-1.png","contentUrl":"https:\/\/schweizversand.ch\/wp-content\/uploads\/2026\/03\/Logo_Rund_Final-1.png","width":404,"height":404,"caption":"Schweizversand.ch"},"image":{"@id":"https:\/\/schweizversand.ch\/it\/#\/schema\/logo\/image\/"},"sameAs":["https:\/\/www.facebook.com\/Schweizversand","https:\/\/www.instagram.com\/schweizversand.ch\/"]}]}},"jetpack_sharing_enabled":true,"_links":{"self":[{"href":"https:\/\/schweizversand.ch\/it\/wp-json\/wp\/v2\/product\/252479","targetHints":{"allow":["GET"]}}],"collection":[{"href":"https:\/\/schweizversand.ch\/it\/wp-json\/wp\/v2\/product"}],"about":[{"href":"https:\/\/schweizversand.ch\/it\/wp-json\/wp\/v2\/types\/product"}],"replies":[{"embeddable":true,"href":"https:\/\/schweizversand.ch\/it\/wp-json\/wp\/v2\/comments?post=252479"}],"wp:featuredmedia":[{"embeddable":true,"href":"https:\/\/schweizversand.ch\/it\/wp-json\/wp\/v2\/media\/160359"}],"wp:attachment":[{"href":"https:\/\/schweizversand.ch\/it\/wp-json\/wp\/v2\/media?parent=252479"}],"wp:term":[{"taxonomy":"product_brand","embeddable":true,"href":"https:\/\/schweizversand.ch\/it\/wp-json\/wp\/v2\/product_brand?post=252479"},{"taxonomy":"product_cat","embeddable":true,"href":"https:\/\/schweizversand.ch\/it\/wp-json\/wp\/v2\/product_cat?post=252479"},{"taxonomy":"product_tag","embeddable":true,"href":"https:\/\/schweizversand.ch\/it\/wp-json\/wp\/v2\/product_tag?post=252479"}],"curies":[{"name":"wp","href":"https:\/\/api.w.org\/{rel}","templated":true}]}}