{"id":252496,"date":"2026-03-15T00:55:26","date_gmt":"2026-03-14T23:55:26","guid":{"rendered":"https:\/\/schweizversand.ch\/produkt\/aqua-marina-carbon-pro-verstellbares-carbon-fiber-isup-paddle-wb\/"},"modified":"2026-04-19T02:06:29","modified_gmt":"2026-04-19T00:06:29","slug":"aqua-marina-carbon-pro-verstellbares-carbon-fiber-isup-paddle-wb","status":"publish","type":"product","link":"https:\/\/schweizversand.ch\/it\/produkt\/aqua-marina-carbon-pro-verstellbares-carbon-fiber-isup-paddle-wb\/","title":{"rendered":"Aqua Marina CARBON PRO &#8211; Pagaia iSUP regolabile in fibra di carbonio (WB)"},"content":{"rendered":"<p>Aqua Marina CARBON PRO &#8211; Pagaia iSUP regolabile in fibra di carbonio Migliora la tua esperienza di pagaiata con la pagaia Aqua Marina CARBON PRO, una pagaia iSUP regolabile ad alte prestazioni. Questo accessorio premium combina materiali innovativi e design ergonomico, consentendoti di godere del massimo delle prestazioni e dello stile su ogni pagaiata. Prestazioni essenziali per il tuo iSUP La pagaia Aqua Marina CARBON PRO \u00e8 stata progettata specificamente per i paddler pi\u00f9 esigenti. Grazie alla sua struttura leggera e robusta, sperimenterai una significativa riduzione dell&#8217;affaticamento, consentendo tour pi\u00f9 lunghi e pi\u00f9 piacevoli. Se stai cercando i migliori accessori per lo stand-up paddleboarding, questa pagaia SUP in carbonio \u00e8 la scelta ideale. Composizione dei materiali di alta qualit\u00e0: la scelta dei materiali garantisce rigidit\u00e0 e durata eccezionali, essenziali per pagaiate efficienti. Il manico offre un perfetto equilibrio tra resistenza e flessibilit\u00e0, mentre la pala garantisce il massimo trasferimento di potenza. Dettagli del manico: &#8211; Materiale: robusta miscela di 70% fibra di carbonio e 30% fibra di vetro &#8211; Spessore: 1,25 mm &#8211; Diametro: 28,7 mm, ideale per una presa comoda e potente. Pala efficiente: il cuore della pagaia \u00e8 la pala, realizzata interamente in carbonio al 100%. Questo garantisce un&#8217;efficienza senza pari e un trasferimento diretto della potenza, cos\u00ec ogni pagaiata conta. La superficie ottimizzata di 582 cm\u00b2 (40 cm di lunghezza x 19 cm di larghezza) offre pagaiate potenti ed efficienti che ti spingono in avanti rapidamente. Ergonomia e maneggevolezza: con un peso di soli 700 g, questa pagaia in carbonio leggera \u00e8 estremamente facile da maneggiare. L&#8217;impugnatura a T in carbonio dalla forma ergonomica offre una presa salda e confortevole, migliorando significativamente il controllo e la manovrabilit\u00e0 della tavola. Questo \u00e8 particolarmente vantaggioso durante i tour pi\u00f9 lunghi o in acque pi\u00f9 agitate. Flessibilit\u00e0 e adattabilit\u00e0: grazie alla sua struttura in 3 pezzi, la pagaia iSUP regolabile non solo \u00e8 facile da trasportare, ma pu\u00f2 anche essere adattata perfettamente alle tue esigenze individuali. La regolazione della lunghezza da <strong>180 cm a 220 cm<\/strong> garantisce che la pagaia possa essere regolata in modo ottimale per utenti di diverse altezze e per diversi stili di pagaiata (racing, touring o wave).<\/p>\n<\/div>\n<div><strong>Il tuo vantaggio con Carbon PRO<\/strong><br \/>La pagaia Aqua Marina CARBON PRO \u00e8 progettata per tutti gli appassionati di iSUP che non scendono a compromessi in termini di qualit\u00e0 e prestazioni. Investi in questo accessorio premium per portare la tua esperienza di pagaiata a un livello superiore e liberare tutto il potenziale della tua tavola.<\/p>\n<\/div>\n<div>\n<\/div>\n","protected":false},"excerpt":{"rendered":"<p>Aqua Marina CARBON PRO &#8211; Pagaia iSUP regolabile in fibra di carbonio Migliora la tua esperienza di pagaiata con la pagaia Aqua Marina CARBON PRO, una pagaia iSUP regolabile ad alte prestazioni. Questo accessorio premium combina materiali innovativi e design ergonomico, consentendoti di godere del massimo delle prestazioni e dello stile su ogni pagaiata. Prestazioni essenziali per il tuo iSUP La pagaia Aqua Marina CARBON PRO \u00e8 stata progettata specificamente per i paddler pi\u00f9 esigenti.&hellip;<\/p>\n","protected":false},"featured_media":160386,"comment_status":"open","ping_status":"closed","template":"","meta":[],"product_brand":[],"product_cat":[38748,38749],"product_tag":[],"class_list":{"0":"post-252496","1":"product","2":"type-product","3":"status-publish","4":"has-post-thumbnail","6":"product_cat-stand-up-paddling","8":"product_shipping_class-global_methods","10":"first","11":"instock","12":"taxable","13":"shipping-taxable","14":"purchasable","15":"product-type-simple"},"yoast_head":"<!-- This site is optimized with the Yoast SEO plugin v27.4 - https:\/\/yoast.com\/product\/yoast-seo-wordpress\/ -->\n<title>Aqua Marina CARBON PRO - Verstellbares Carbon Fiber iSUP Paddle (WB) | Jetzt kaufen | Schweizversand.ch<\/title>\n<meta name=\"description\" content=\"Aqua Marina CARBON PRO - Verstellbares Carbon Fiber iSUP Paddle (WB) g\u00fcnstig kaufen bei Schweizversand.ch. Schnelle Lieferung in der Schweiz. Gratisversand ab CHF 50.\" \/>\n<meta name=\"robots\" content=\"index, follow, max-snippet:-1, max-image-preview:large, max-video-preview:-1\" \/>\n<link rel=\"canonical\" href=\"https:\/\/schweizversand.ch\/it\/produkt\/aqua-marina-carbon-pro-verstellbares-carbon-fiber-isup-paddle-wb\/\" \/>\n<meta property=\"og:locale\" content=\"it_IT\" \/>\n<meta property=\"og:type\" content=\"article\" \/>\n<meta property=\"og:title\" content=\"Aqua Marina CARBON PRO - Verstellbares Carbon Fiber iSUP Paddle (WB) | Jetzt kaufen | Schweizversand.ch\" \/>\n<meta property=\"og:description\" content=\"Aqua Marina CARBON PRO - Verstellbares Carbon Fiber iSUP Paddle (WB) g\u00fcnstig kaufen bei Schweizversand.ch. Schnelle Lieferung in der Schweiz. Gratisversand ab CHF 50.\" \/>\n<meta property=\"og:url\" content=\"https:\/\/schweizversand.ch\/it\/produkt\/aqua-marina-carbon-pro-verstellbares-carbon-fiber-isup-paddle-wb\/\" \/>\n<meta property=\"og:site_name\" content=\"Schweizer Shop f\u00fcr Sport, Spiel und Freizeit\" \/>\n<meta property=\"article:publisher\" content=\"https:\/\/www.facebook.com\/Schweizversand\" \/>\n<meta property=\"article:modified_time\" content=\"2026-04-19T00:06:29+00:00\" \/>\n<meta property=\"og:image\" content=\"https:\/\/schweizversand.ch\/wp-content\/uploads\/2026\/02\/5471546164.jpg\" \/>\n\t<meta property=\"og:image:width\" content=\"96\" \/>\n\t<meta property=\"og:image:height\" content=\"1024\" \/>\n\t<meta property=\"og:image:type\" content=\"image\/jpeg\" \/>\n<meta name=\"twitter:card\" content=\"summary_large_image\" \/>\n<meta name=\"twitter:label1\" content=\"Tempo di lettura stimato\" \/>\n\t<meta name=\"twitter:data1\" content=\"2 minuto\" \/>\n<script type=\"application\/ld+json\" class=\"yoast-schema-graph\">{\"@context\":\"https:\\\/\\\/schema.org\",\"@graph\":[{\"@type\":\"WebPage\",\"@id\":\"https:\\\/\\\/schweizversand.ch\\\/it\\\/produkt\\\/aqua-marina-carbon-pro-verstellbares-carbon-fiber-isup-paddle-wb\\\/\",\"url\":\"https:\\\/\\\/schweizversand.ch\\\/it\\\/produkt\\\/aqua-marina-carbon-pro-verstellbares-carbon-fiber-isup-paddle-wb\\\/\",\"name\":\"Aqua Marina CARBON PRO - Verstellbares Carbon Fiber iSUP Paddle (WB) | Jetzt kaufen | Schweizversand.ch\",\"isPartOf\":{\"@id\":\"https:\\\/\\\/schweizversand.ch\\\/it\\\/#website\"},\"primaryImageOfPage\":{\"@id\":\"https:\\\/\\\/schweizversand.ch\\\/it\\\/produkt\\\/aqua-marina-carbon-pro-verstellbares-carbon-fiber-isup-paddle-wb\\\/#primaryimage\"},\"image\":{\"@id\":\"https:\\\/\\\/schweizversand.ch\\\/it\\\/produkt\\\/aqua-marina-carbon-pro-verstellbares-carbon-fiber-isup-paddle-wb\\\/#primaryimage\"},\"thumbnailUrl\":\"https:\\\/\\\/schweizversand.ch\\\/wp-content\\\/uploads\\\/2026\\\/02\\\/5471546164.jpg\",\"datePublished\":\"2026-03-14T23:55:26+00:00\",\"dateModified\":\"2026-04-19T00:06:29+00:00\",\"description\":\"Aqua Marina CARBON PRO - Verstellbares Carbon Fiber iSUP Paddle (WB) g\u00fcnstig kaufen bei Schweizversand.ch. Schnelle Lieferung in der Schweiz. Gratisversand ab CHF 50.\",\"breadcrumb\":{\"@id\":\"https:\\\/\\\/schweizversand.ch\\\/it\\\/produkt\\\/aqua-marina-carbon-pro-verstellbares-carbon-fiber-isup-paddle-wb\\\/#breadcrumb\"},\"inLanguage\":\"it-IT\",\"potentialAction\":[{\"@type\":\"ReadAction\",\"target\":[\"https:\\\/\\\/schweizversand.ch\\\/it\\\/produkt\\\/aqua-marina-carbon-pro-verstellbares-carbon-fiber-isup-paddle-wb\\\/\"]}]},{\"@type\":\"ImageObject\",\"inLanguage\":\"it-IT\",\"@id\":\"https:\\\/\\\/schweizversand.ch\\\/it\\\/produkt\\\/aqua-marina-carbon-pro-verstellbares-carbon-fiber-isup-paddle-wb\\\/#primaryimage\",\"url\":\"https:\\\/\\\/schweizversand.ch\\\/wp-content\\\/uploads\\\/2026\\\/02\\\/5471546164.jpg\",\"contentUrl\":\"https:\\\/\\\/schweizversand.ch\\\/wp-content\\\/uploads\\\/2026\\\/02\\\/5471546164.jpg\",\"width\":96,\"height\":1024},{\"@type\":\"BreadcrumbList\",\"@id\":\"https:\\\/\\\/schweizversand.ch\\\/it\\\/produkt\\\/aqua-marina-carbon-pro-verstellbares-carbon-fiber-isup-paddle-wb\\\/#breadcrumb\",\"itemListElement\":[{\"@type\":\"ListItem\",\"position\":1,\"name\":\"Startseite\",\"item\":\"https:\\\/\\\/schweizversand.ch\\\/it\\\/home\\\/\"},{\"@type\":\"ListItem\",\"position\":2,\"name\":\"Shop\",\"item\":\"https:\\\/\\\/schweizversand.ch\\\/it\\\/shop\\\/\"},{\"@type\":\"ListItem\",\"position\":3,\"name\":\"Sport\",\"item\":\"https:\\\/\\\/schweizversand.ch\\\/it\\\/produkt-kategorie\\\/sport-it\\\/\"},{\"@type\":\"ListItem\",\"position\":4,\"name\":\"Sport acquatici\",\"item\":\"https:\\\/\\\/schweizversand.ch\\\/it\\\/produkt-kategorie\\\/sport\\\/sport-acquatici\\\/\"},{\"@type\":\"ListItem\",\"position\":5,\"name\":\"Stand Up Paddling\",\"item\":\"https:\\\/\\\/schweizversand.ch\\\/it\\\/produkt-kategorie\\\/sport\\\/sport-acquatici\\\/stand-up-paddling\\\/\"},{\"@type\":\"ListItem\",\"position\":6,\"name\":\"Aqua Marina CARBON PRO &#8211; Pagaia iSUP regolabile in fibra di carbonio (WB)\"}]},{\"@type\":\"WebSite\",\"@id\":\"https:\\\/\\\/schweizversand.ch\\\/it\\\/#website\",\"url\":\"https:\\\/\\\/schweizversand.ch\\\/it\\\/\",\"name\":\"Schweizer Shop f\u00fcr Sport, Spiel und Freizeit\",\"description\":\"Gratisversand ab 50.- (netto), ab eigenem schweizer Lager, Lieferung innert 48h\",\"publisher\":{\"@id\":\"https:\\\/\\\/schweizversand.ch\\\/it\\\/#organization\"},\"alternateName\":\"Schweizversand.ch\",\"potentialAction\":[{\"@type\":\"SearchAction\",\"target\":{\"@type\":\"EntryPoint\",\"urlTemplate\":\"https:\\\/\\\/schweizversand.ch\\\/it\\\/?s={search_term_string}\"},\"query-input\":{\"@type\":\"PropertyValueSpecification\",\"valueRequired\":true,\"valueName\":\"search_term_string\"}}],\"inLanguage\":\"it-IT\"},{\"@type\":\"Organization\",\"@id\":\"https:\\\/\\\/schweizversand.ch\\\/it\\\/#organization\",\"name\":\"Schweizversand.ch\",\"url\":\"https:\\\/\\\/schweizversand.ch\\\/it\\\/\",\"logo\":{\"@type\":\"ImageObject\",\"inLanguage\":\"it-IT\",\"@id\":\"https:\\\/\\\/schweizversand.ch\\\/it\\\/#\\\/schema\\\/logo\\\/image\\\/\",\"url\":\"https:\\\/\\\/schweizversand.ch\\\/wp-content\\\/uploads\\\/2026\\\/03\\\/Logo_Rund_Final-1.png\",\"contentUrl\":\"https:\\\/\\\/schweizversand.ch\\\/wp-content\\\/uploads\\\/2026\\\/03\\\/Logo_Rund_Final-1.png\",\"width\":404,\"height\":404,\"caption\":\"Schweizversand.ch\"},\"image\":{\"@id\":\"https:\\\/\\\/schweizversand.ch\\\/it\\\/#\\\/schema\\\/logo\\\/image\\\/\"},\"sameAs\":[\"https:\\\/\\\/www.facebook.com\\\/Schweizversand\",\"https:\\\/\\\/www.instagram.com\\\/schweizversand.ch\\\/\"]}]}<\/script>\n<!-- \/ Yoast SEO plugin. -->","yoast_head_json":{"title":"Aqua Marina CARBON PRO - Verstellbares Carbon Fiber iSUP Paddle (WB) | Jetzt kaufen | Schweizversand.ch","description":"Aqua Marina CARBON PRO - Verstellbares Carbon Fiber iSUP Paddle (WB) g\u00fcnstig kaufen bei Schweizversand.ch. Schnelle Lieferung in der Schweiz. Gratisversand ab CHF 50.","robots":{"index":"index","follow":"follow","max-snippet":"max-snippet:-1","max-image-preview":"max-image-preview:large","max-video-preview":"max-video-preview:-1"},"canonical":"https:\/\/schweizversand.ch\/it\/produkt\/aqua-marina-carbon-pro-verstellbares-carbon-fiber-isup-paddle-wb\/","og_locale":"it_IT","og_type":"article","og_title":"Aqua Marina CARBON PRO - Verstellbares Carbon Fiber iSUP Paddle (WB) | Jetzt kaufen | Schweizversand.ch","og_description":"Aqua Marina CARBON PRO - Verstellbares Carbon Fiber iSUP Paddle (WB) g\u00fcnstig kaufen bei Schweizversand.ch. Schnelle Lieferung in der Schweiz. Gratisversand ab CHF 50.","og_url":"https:\/\/schweizversand.ch\/it\/produkt\/aqua-marina-carbon-pro-verstellbares-carbon-fiber-isup-paddle-wb\/","og_site_name":"Schweizer Shop f\u00fcr Sport, Spiel und Freizeit","article_publisher":"https:\/\/www.facebook.com\/Schweizversand","article_modified_time":"2026-04-19T00:06:29+00:00","og_image":[{"width":96,"height":1024,"url":"https:\/\/schweizversand.ch\/wp-content\/uploads\/2026\/02\/5471546164.jpg","type":"image\/jpeg"}],"twitter_card":"summary_large_image","twitter_misc":{"Tempo di lettura stimato":"2 minuto"},"schema":{"@context":"https:\/\/schema.org","@graph":[{"@type":"WebPage","@id":"https:\/\/schweizversand.ch\/it\/produkt\/aqua-marina-carbon-pro-verstellbares-carbon-fiber-isup-paddle-wb\/","url":"https:\/\/schweizversand.ch\/it\/produkt\/aqua-marina-carbon-pro-verstellbares-carbon-fiber-isup-paddle-wb\/","name":"Aqua Marina CARBON PRO - Verstellbares Carbon Fiber iSUP Paddle (WB) | Jetzt kaufen | Schweizversand.ch","isPartOf":{"@id":"https:\/\/schweizversand.ch\/it\/#website"},"primaryImageOfPage":{"@id":"https:\/\/schweizversand.ch\/it\/produkt\/aqua-marina-carbon-pro-verstellbares-carbon-fiber-isup-paddle-wb\/#primaryimage"},"image":{"@id":"https:\/\/schweizversand.ch\/it\/produkt\/aqua-marina-carbon-pro-verstellbares-carbon-fiber-isup-paddle-wb\/#primaryimage"},"thumbnailUrl":"https:\/\/schweizversand.ch\/wp-content\/uploads\/2026\/02\/5471546164.jpg","datePublished":"2026-03-14T23:55:26+00:00","dateModified":"2026-04-19T00:06:29+00:00","description":"Aqua Marina CARBON PRO - Verstellbares Carbon Fiber iSUP Paddle (WB) g\u00fcnstig kaufen bei Schweizversand.ch. Schnelle Lieferung in der Schweiz. Gratisversand ab CHF 50.","breadcrumb":{"@id":"https:\/\/schweizversand.ch\/it\/produkt\/aqua-marina-carbon-pro-verstellbares-carbon-fiber-isup-paddle-wb\/#breadcrumb"},"inLanguage":"it-IT","potentialAction":[{"@type":"ReadAction","target":["https:\/\/schweizversand.ch\/it\/produkt\/aqua-marina-carbon-pro-verstellbares-carbon-fiber-isup-paddle-wb\/"]}]},{"@type":"ImageObject","inLanguage":"it-IT","@id":"https:\/\/schweizversand.ch\/it\/produkt\/aqua-marina-carbon-pro-verstellbares-carbon-fiber-isup-paddle-wb\/#primaryimage","url":"https:\/\/schweizversand.ch\/wp-content\/uploads\/2026\/02\/5471546164.jpg","contentUrl":"https:\/\/schweizversand.ch\/wp-content\/uploads\/2026\/02\/5471546164.jpg","width":96,"height":1024},{"@type":"BreadcrumbList","@id":"https:\/\/schweizversand.ch\/it\/produkt\/aqua-marina-carbon-pro-verstellbares-carbon-fiber-isup-paddle-wb\/#breadcrumb","itemListElement":[{"@type":"ListItem","position":1,"name":"Startseite","item":"https:\/\/schweizversand.ch\/it\/home\/"},{"@type":"ListItem","position":2,"name":"Shop","item":"https:\/\/schweizversand.ch\/it\/shop\/"},{"@type":"ListItem","position":3,"name":"Sport","item":"https:\/\/schweizversand.ch\/it\/produkt-kategorie\/sport-it\/"},{"@type":"ListItem","position":4,"name":"Sport acquatici","item":"https:\/\/schweizversand.ch\/it\/produkt-kategorie\/sport\/sport-acquatici\/"},{"@type":"ListItem","position":5,"name":"Stand Up Paddling","item":"https:\/\/schweizversand.ch\/it\/produkt-kategorie\/sport\/sport-acquatici\/stand-up-paddling\/"},{"@type":"ListItem","position":6,"name":"Aqua Marina CARBON PRO &#8211; Pagaia iSUP regolabile in fibra di carbonio (WB)"}]},{"@type":"WebSite","@id":"https:\/\/schweizversand.ch\/it\/#website","url":"https:\/\/schweizversand.ch\/it\/","name":"Schweizer Shop f\u00fcr Sport, Spiel und Freizeit","description":"Gratisversand ab 50.- (netto), ab eigenem schweizer Lager, Lieferung innert 48h","publisher":{"@id":"https:\/\/schweizversand.ch\/it\/#organization"},"alternateName":"Schweizversand.ch","potentialAction":[{"@type":"SearchAction","target":{"@type":"EntryPoint","urlTemplate":"https:\/\/schweizversand.ch\/it\/?s={search_term_string}"},"query-input":{"@type":"PropertyValueSpecification","valueRequired":true,"valueName":"search_term_string"}}],"inLanguage":"it-IT"},{"@type":"Organization","@id":"https:\/\/schweizversand.ch\/it\/#organization","name":"Schweizversand.ch","url":"https:\/\/schweizversand.ch\/it\/","logo":{"@type":"ImageObject","inLanguage":"it-IT","@id":"https:\/\/schweizversand.ch\/it\/#\/schema\/logo\/image\/","url":"https:\/\/schweizversand.ch\/wp-content\/uploads\/2026\/03\/Logo_Rund_Final-1.png","contentUrl":"https:\/\/schweizversand.ch\/wp-content\/uploads\/2026\/03\/Logo_Rund_Final-1.png","width":404,"height":404,"caption":"Schweizversand.ch"},"image":{"@id":"https:\/\/schweizversand.ch\/it\/#\/schema\/logo\/image\/"},"sameAs":["https:\/\/www.facebook.com\/Schweizversand","https:\/\/www.instagram.com\/schweizversand.ch\/"]}]}},"jetpack_sharing_enabled":true,"_links":{"self":[{"href":"https:\/\/schweizversand.ch\/it\/wp-json\/wp\/v2\/product\/252496","targetHints":{"allow":["GET"]}}],"collection":[{"href":"https:\/\/schweizversand.ch\/it\/wp-json\/wp\/v2\/product"}],"about":[{"href":"https:\/\/schweizversand.ch\/it\/wp-json\/wp\/v2\/types\/product"}],"replies":[{"embeddable":true,"href":"https:\/\/schweizversand.ch\/it\/wp-json\/wp\/v2\/comments?post=252496"}],"wp:featuredmedia":[{"embeddable":true,"href":"https:\/\/schweizversand.ch\/it\/wp-json\/wp\/v2\/media\/160386"}],"wp:attachment":[{"href":"https:\/\/schweizversand.ch\/it\/wp-json\/wp\/v2\/media?parent=252496"}],"wp:term":[{"taxonomy":"product_brand","embeddable":true,"href":"https:\/\/schweizversand.ch\/it\/wp-json\/wp\/v2\/product_brand?post=252496"},{"taxonomy":"product_cat","embeddable":true,"href":"https:\/\/schweizversand.ch\/it\/wp-json\/wp\/v2\/product_cat?post=252496"},{"taxonomy":"product_tag","embeddable":true,"href":"https:\/\/schweizversand.ch\/it\/wp-json\/wp\/v2\/product_tag?post=252496"}],"curies":[{"name":"wp","href":"https:\/\/api.w.org\/{rel}","templated":true}]}}