{"id":252520,"date":"2026-03-15T00:55:29","date_gmt":"2026-03-14T23:55:29","guid":{"rendered":"https:\/\/schweizversand.ch\/produkt\/bestway-solar-poollicht-mit-farbwechsel\/"},"modified":"2026-04-20T02:05:18","modified_gmt":"2026-04-20T00:05:18","slug":"bestway-solar-poollicht-mit-farbwechsel","status":"publish","type":"product","link":"https:\/\/schweizversand.ch\/it\/produkt\/bestway-solar-poollicht-mit-farbwechsel\/","title":{"rendered":"Luce solare per piscina Bestway con cambio colore"},"content":{"rendered":"<p>La lampada galleggiante o la luce da piscina a energia solare sono un modo moderno ed ecologico per abbellire il tuo giardino, prato o patio e creare un&#8217;atmosfera piacevole dopo il tramonto senza preoccuparti dei costi dell&#8217;elettricit\u00e0.<\/p>\n<p>Ecco alcuni dettagli su questa lampada:<\/p>\n<p>\u2022 Moderna tecnologia LED con luce multicolore cangiante: questa lampada utilizza la moderna tecnologia LED in grado di produrre una variet\u00e0 di colori. La luce cambia colore, creando un&#8217;atmosfera piacevole e rilassante.<\/p>\n<p>\u2022 Impermeabile: poich\u00e9 questa lampada \u00e8 progettata per uso esterno e verr\u00e0 probabilmente posizionata in acqua, come in una piscina, \u00e8 impermeabile. Questo ne garantisce la sicurezza e la funzionalit\u00e0 anche sott&#8217;acqua.<\/p>\n<p>\u2022 \u2022 Funziona con l&#8217;energia solare: la lampada galleggiante solare utilizza l&#8217;energia solare per caricarsi durante il giorno. \u00c8 dotata di celle solari che convertono la luce solare in energia e la immagazzinano in una batteria integrata.<\/p>\n<p>\u2022 Accensione\/spegnimento automatico: la lampada si accende automaticamente al tramonto e si spegne all&#8217;alba. Questo la rende estremamente comoda e a risparmio energetico.<\/p>\n<p>\u2022 Durata di funzionamento extra lunga: con una carica completa, questa lampada pu\u00f2 funzionare fino a 8 ore, consentendoti di godere di un&#8217;autonomia prolungata.<\/p>\n<p>\u2022 Materiale: la lampada \u00e8 realizzata in plastica e ha un diametro di circa 18 cm. La plastica \u00e8 un materiale ideale per l&#8217;uso esterno perch\u00e9 resistente alle intemperie.<\/p>\n","protected":false},"excerpt":{"rendered":"<p>La lampada galleggiante o la luce da piscina a energia solare sono un modo moderno ed ecologico per abbellire il tuo giardino, prato o patio e creare un&#8217;atmosfera piacevole dopo il tramonto senza preoccuparti dei costi dell&#8217;elettricit\u00e0. Ecco alcuni dettagli su questa lampada: \u2022 Moderna tecnologia LED con luce multicolore cangiante: questa lampada utilizza la moderna tecnologia LED in grado di produrre una variet\u00e0 di colori. La luce cambia colore, creando un&#8217;atmosfera piacevole e rilassante.&hellip;<\/p>\n","protected":false},"featured_media":160409,"comment_status":"open","ping_status":"closed","template":"","meta":[],"product_brand":[],"product_cat":[38759],"product_tag":[],"class_list":{"0":"post-252520","1":"product","2":"type-product","3":"status-publish","4":"has-post-thumbnail","6":"product_cat-pool-zubehoer","7":"product_shipping_class-global_methods","9":"first","10":"instock","11":"taxable","12":"shipping-taxable","13":"purchasable","14":"product-type-simple"},"yoast_head":"<!-- This site is optimized with the Yoast SEO plugin v27.4 - https:\/\/yoast.com\/product\/yoast-seo-wordpress\/ -->\n<title>Bestway Solar Poollicht mit Farbwechsel | Jetzt kaufen | Schweizversand.ch<\/title>\n<meta name=\"description\" content=\"Bestway Solar Poollicht mit Farbwechsel g\u00fcnstig kaufen bei Schweizversand.ch. Schnelle Lieferung in der Schweiz. Gratisversand ab CHF 50.\" \/>\n<meta name=\"robots\" content=\"index, follow, max-snippet:-1, max-image-preview:large, max-video-preview:-1\" \/>\n<link rel=\"canonical\" href=\"https:\/\/schweizversand.ch\/it\/produkt\/bestway-solar-poollicht-mit-farbwechsel\/\" \/>\n<meta property=\"og:locale\" content=\"it_IT\" \/>\n<meta property=\"og:type\" content=\"article\" \/>\n<meta property=\"og:title\" content=\"Bestway Solar Poollicht mit Farbwechsel | Jetzt kaufen | Schweizversand.ch\" \/>\n<meta property=\"og:description\" content=\"Bestway Solar Poollicht mit Farbwechsel g\u00fcnstig kaufen bei Schweizversand.ch. Schnelle Lieferung in der Schweiz. Gratisversand ab CHF 50.\" \/>\n<meta property=\"og:url\" content=\"https:\/\/schweizversand.ch\/it\/produkt\/bestway-solar-poollicht-mit-farbwechsel\/\" \/>\n<meta property=\"og:site_name\" content=\"Schweizer Shop f\u00fcr Sport, Spiel und Freizeit\" \/>\n<meta property=\"article:publisher\" content=\"https:\/\/www.facebook.com\/Schweizversand\" \/>\n<meta property=\"article:modified_time\" content=\"2026-04-20T00:05:18+00:00\" \/>\n<meta property=\"og:image\" content=\"https:\/\/schweizversand.ch\/wp-content\/uploads\/2026\/02\/5471530543.jpg\" \/>\n\t<meta property=\"og:image:width\" content=\"1024\" \/>\n\t<meta property=\"og:image:height\" content=\"1024\" \/>\n\t<meta property=\"og:image:type\" content=\"image\/jpeg\" \/>\n<meta name=\"twitter:card\" content=\"summary_large_image\" \/>\n<meta name=\"twitter:label1\" content=\"Tempo di lettura stimato\" \/>\n\t<meta name=\"twitter:data1\" content=\"1 minuto\" \/>\n<script type=\"application\/ld+json\" class=\"yoast-schema-graph\">{\"@context\":\"https:\\\/\\\/schema.org\",\"@graph\":[{\"@type\":\"WebPage\",\"@id\":\"https:\\\/\\\/schweizversand.ch\\\/it\\\/produkt\\\/bestway-solar-poollicht-mit-farbwechsel\\\/\",\"url\":\"https:\\\/\\\/schweizversand.ch\\\/it\\\/produkt\\\/bestway-solar-poollicht-mit-farbwechsel\\\/\",\"name\":\"Bestway Solar Poollicht mit Farbwechsel | Jetzt kaufen | Schweizversand.ch\",\"isPartOf\":{\"@id\":\"https:\\\/\\\/schweizversand.ch\\\/it\\\/#website\"},\"primaryImageOfPage\":{\"@id\":\"https:\\\/\\\/schweizversand.ch\\\/it\\\/produkt\\\/bestway-solar-poollicht-mit-farbwechsel\\\/#primaryimage\"},\"image\":{\"@id\":\"https:\\\/\\\/schweizversand.ch\\\/it\\\/produkt\\\/bestway-solar-poollicht-mit-farbwechsel\\\/#primaryimage\"},\"thumbnailUrl\":\"https:\\\/\\\/schweizversand.ch\\\/wp-content\\\/uploads\\\/2026\\\/02\\\/5471530543.jpg\",\"datePublished\":\"2026-03-14T23:55:29+00:00\",\"dateModified\":\"2026-04-20T00:05:18+00:00\",\"description\":\"Bestway Solar Poollicht mit Farbwechsel g\u00fcnstig kaufen bei Schweizversand.ch. Schnelle Lieferung in der Schweiz. Gratisversand ab CHF 50.\",\"breadcrumb\":{\"@id\":\"https:\\\/\\\/schweizversand.ch\\\/it\\\/produkt\\\/bestway-solar-poollicht-mit-farbwechsel\\\/#breadcrumb\"},\"inLanguage\":\"it-IT\",\"potentialAction\":[{\"@type\":\"ReadAction\",\"target\":[\"https:\\\/\\\/schweizversand.ch\\\/it\\\/produkt\\\/bestway-solar-poollicht-mit-farbwechsel\\\/\"]}]},{\"@type\":\"ImageObject\",\"inLanguage\":\"it-IT\",\"@id\":\"https:\\\/\\\/schweizversand.ch\\\/it\\\/produkt\\\/bestway-solar-poollicht-mit-farbwechsel\\\/#primaryimage\",\"url\":\"https:\\\/\\\/schweizversand.ch\\\/wp-content\\\/uploads\\\/2026\\\/02\\\/5471530543.jpg\",\"contentUrl\":\"https:\\\/\\\/schweizversand.ch\\\/wp-content\\\/uploads\\\/2026\\\/02\\\/5471530543.jpg\",\"width\":1024,\"height\":1024},{\"@type\":\"BreadcrumbList\",\"@id\":\"https:\\\/\\\/schweizversand.ch\\\/it\\\/produkt\\\/bestway-solar-poollicht-mit-farbwechsel\\\/#breadcrumb\",\"itemListElement\":[{\"@type\":\"ListItem\",\"position\":1,\"name\":\"Startseite\",\"item\":\"https:\\\/\\\/schweizversand.ch\\\/it\\\/home\\\/\"},{\"@type\":\"ListItem\",\"position\":2,\"name\":\"Shop\",\"item\":\"https:\\\/\\\/schweizversand.ch\\\/it\\\/shop\\\/\"},{\"@type\":\"ListItem\",\"position\":3,\"name\":\"Casa e giardino\",\"item\":\"https:\\\/\\\/schweizversand.ch\\\/it\\\/produkt-kategorie\\\/casa-e-giardino\\\/\"},{\"@type\":\"ListItem\",\"position\":4,\"name\":\"Piscine e spa\",\"item\":\"https:\\\/\\\/schweizversand.ch\\\/it\\\/produkt-kategorie\\\/casa-e-giardino\\\/piscine-e-spa\\\/\"},{\"@type\":\"ListItem\",\"position\":5,\"name\":\"Accessori per piscine\",\"item\":\"https:\\\/\\\/schweizversand.ch\\\/en\\\/produkt-kategorie\\\/pool-zubehoer\\\/\"},{\"@type\":\"ListItem\",\"position\":6,\"name\":\"Luce solare per piscina Bestway con cambio colore\"}]},{\"@type\":\"WebSite\",\"@id\":\"https:\\\/\\\/schweizversand.ch\\\/it\\\/#website\",\"url\":\"https:\\\/\\\/schweizversand.ch\\\/it\\\/\",\"name\":\"Schweizer Shop f\u00fcr Sport, Spiel und Freizeit\",\"description\":\"Gratisversand ab 50.- (netto), ab eigenem schweizer Lager, Lieferung innert 48h\",\"publisher\":{\"@id\":\"https:\\\/\\\/schweizversand.ch\\\/it\\\/#organization\"},\"alternateName\":\"Schweizversand.ch\",\"potentialAction\":[{\"@type\":\"SearchAction\",\"target\":{\"@type\":\"EntryPoint\",\"urlTemplate\":\"https:\\\/\\\/schweizversand.ch\\\/it\\\/?s={search_term_string}\"},\"query-input\":{\"@type\":\"PropertyValueSpecification\",\"valueRequired\":true,\"valueName\":\"search_term_string\"}}],\"inLanguage\":\"it-IT\"},{\"@type\":\"Organization\",\"@id\":\"https:\\\/\\\/schweizversand.ch\\\/it\\\/#organization\",\"name\":\"Schweizversand.ch\",\"url\":\"https:\\\/\\\/schweizversand.ch\\\/it\\\/\",\"logo\":{\"@type\":\"ImageObject\",\"inLanguage\":\"it-IT\",\"@id\":\"https:\\\/\\\/schweizversand.ch\\\/it\\\/#\\\/schema\\\/logo\\\/image\\\/\",\"url\":\"https:\\\/\\\/schweizversand.ch\\\/wp-content\\\/uploads\\\/2026\\\/03\\\/Logo_Rund_Final-1.png\",\"contentUrl\":\"https:\\\/\\\/schweizversand.ch\\\/wp-content\\\/uploads\\\/2026\\\/03\\\/Logo_Rund_Final-1.png\",\"width\":404,\"height\":404,\"caption\":\"Schweizversand.ch\"},\"image\":{\"@id\":\"https:\\\/\\\/schweizversand.ch\\\/it\\\/#\\\/schema\\\/logo\\\/image\\\/\"},\"sameAs\":[\"https:\\\/\\\/www.facebook.com\\\/Schweizversand\",\"https:\\\/\\\/www.instagram.com\\\/schweizversand.ch\\\/\"]}]}<\/script>\n<!-- \/ Yoast SEO plugin. -->","yoast_head_json":{"title":"Bestway Solar Poollicht mit Farbwechsel | Jetzt kaufen | Schweizversand.ch","description":"Bestway Solar Poollicht mit Farbwechsel g\u00fcnstig kaufen bei Schweizversand.ch. Schnelle Lieferung in der Schweiz. Gratisversand ab CHF 50.","robots":{"index":"index","follow":"follow","max-snippet":"max-snippet:-1","max-image-preview":"max-image-preview:large","max-video-preview":"max-video-preview:-1"},"canonical":"https:\/\/schweizversand.ch\/it\/produkt\/bestway-solar-poollicht-mit-farbwechsel\/","og_locale":"it_IT","og_type":"article","og_title":"Bestway Solar Poollicht mit Farbwechsel | Jetzt kaufen | Schweizversand.ch","og_description":"Bestway Solar Poollicht mit Farbwechsel g\u00fcnstig kaufen bei Schweizversand.ch. Schnelle Lieferung in der Schweiz. Gratisversand ab CHF 50.","og_url":"https:\/\/schweizversand.ch\/it\/produkt\/bestway-solar-poollicht-mit-farbwechsel\/","og_site_name":"Schweizer Shop f\u00fcr Sport, Spiel und Freizeit","article_publisher":"https:\/\/www.facebook.com\/Schweizversand","article_modified_time":"2026-04-20T00:05:18+00:00","og_image":[{"width":1024,"height":1024,"url":"https:\/\/schweizversand.ch\/wp-content\/uploads\/2026\/02\/5471530543.jpg","type":"image\/jpeg"}],"twitter_card":"summary_large_image","twitter_misc":{"Tempo di lettura stimato":"1 minuto"},"schema":{"@context":"https:\/\/schema.org","@graph":[{"@type":"WebPage","@id":"https:\/\/schweizversand.ch\/it\/produkt\/bestway-solar-poollicht-mit-farbwechsel\/","url":"https:\/\/schweizversand.ch\/it\/produkt\/bestway-solar-poollicht-mit-farbwechsel\/","name":"Bestway Solar Poollicht mit Farbwechsel | Jetzt kaufen | Schweizversand.ch","isPartOf":{"@id":"https:\/\/schweizversand.ch\/it\/#website"},"primaryImageOfPage":{"@id":"https:\/\/schweizversand.ch\/it\/produkt\/bestway-solar-poollicht-mit-farbwechsel\/#primaryimage"},"image":{"@id":"https:\/\/schweizversand.ch\/it\/produkt\/bestway-solar-poollicht-mit-farbwechsel\/#primaryimage"},"thumbnailUrl":"https:\/\/schweizversand.ch\/wp-content\/uploads\/2026\/02\/5471530543.jpg","datePublished":"2026-03-14T23:55:29+00:00","dateModified":"2026-04-20T00:05:18+00:00","description":"Bestway Solar Poollicht mit Farbwechsel g\u00fcnstig kaufen bei Schweizversand.ch. Schnelle Lieferung in der Schweiz. Gratisversand ab CHF 50.","breadcrumb":{"@id":"https:\/\/schweizversand.ch\/it\/produkt\/bestway-solar-poollicht-mit-farbwechsel\/#breadcrumb"},"inLanguage":"it-IT","potentialAction":[{"@type":"ReadAction","target":["https:\/\/schweizversand.ch\/it\/produkt\/bestway-solar-poollicht-mit-farbwechsel\/"]}]},{"@type":"ImageObject","inLanguage":"it-IT","@id":"https:\/\/schweizversand.ch\/it\/produkt\/bestway-solar-poollicht-mit-farbwechsel\/#primaryimage","url":"https:\/\/schweizversand.ch\/wp-content\/uploads\/2026\/02\/5471530543.jpg","contentUrl":"https:\/\/schweizversand.ch\/wp-content\/uploads\/2026\/02\/5471530543.jpg","width":1024,"height":1024},{"@type":"BreadcrumbList","@id":"https:\/\/schweizversand.ch\/it\/produkt\/bestway-solar-poollicht-mit-farbwechsel\/#breadcrumb","itemListElement":[{"@type":"ListItem","position":1,"name":"Startseite","item":"https:\/\/schweizversand.ch\/it\/home\/"},{"@type":"ListItem","position":2,"name":"Shop","item":"https:\/\/schweizversand.ch\/it\/shop\/"},{"@type":"ListItem","position":3,"name":"Casa e giardino","item":"https:\/\/schweizversand.ch\/it\/produkt-kategorie\/casa-e-giardino\/"},{"@type":"ListItem","position":4,"name":"Piscine e spa","item":"https:\/\/schweizversand.ch\/it\/produkt-kategorie\/casa-e-giardino\/piscine-e-spa\/"},{"@type":"ListItem","position":5,"name":"Accessori per piscine","item":"https:\/\/schweizversand.ch\/en\/produkt-kategorie\/pool-zubehoer\/"},{"@type":"ListItem","position":6,"name":"Luce solare per piscina Bestway con cambio colore"}]},{"@type":"WebSite","@id":"https:\/\/schweizversand.ch\/it\/#website","url":"https:\/\/schweizversand.ch\/it\/","name":"Schweizer Shop f\u00fcr Sport, Spiel und Freizeit","description":"Gratisversand ab 50.- (netto), ab eigenem schweizer Lager, Lieferung innert 48h","publisher":{"@id":"https:\/\/schweizversand.ch\/it\/#organization"},"alternateName":"Schweizversand.ch","potentialAction":[{"@type":"SearchAction","target":{"@type":"EntryPoint","urlTemplate":"https:\/\/schweizversand.ch\/it\/?s={search_term_string}"},"query-input":{"@type":"PropertyValueSpecification","valueRequired":true,"valueName":"search_term_string"}}],"inLanguage":"it-IT"},{"@type":"Organization","@id":"https:\/\/schweizversand.ch\/it\/#organization","name":"Schweizversand.ch","url":"https:\/\/schweizversand.ch\/it\/","logo":{"@type":"ImageObject","inLanguage":"it-IT","@id":"https:\/\/schweizversand.ch\/it\/#\/schema\/logo\/image\/","url":"https:\/\/schweizversand.ch\/wp-content\/uploads\/2026\/03\/Logo_Rund_Final-1.png","contentUrl":"https:\/\/schweizversand.ch\/wp-content\/uploads\/2026\/03\/Logo_Rund_Final-1.png","width":404,"height":404,"caption":"Schweizversand.ch"},"image":{"@id":"https:\/\/schweizversand.ch\/it\/#\/schema\/logo\/image\/"},"sameAs":["https:\/\/www.facebook.com\/Schweizversand","https:\/\/www.instagram.com\/schweizversand.ch\/"]}]}},"jetpack_sharing_enabled":true,"_links":{"self":[{"href":"https:\/\/schweizversand.ch\/it\/wp-json\/wp\/v2\/product\/252520","targetHints":{"allow":["GET"]}}],"collection":[{"href":"https:\/\/schweizversand.ch\/it\/wp-json\/wp\/v2\/product"}],"about":[{"href":"https:\/\/schweizversand.ch\/it\/wp-json\/wp\/v2\/types\/product"}],"replies":[{"embeddable":true,"href":"https:\/\/schweizversand.ch\/it\/wp-json\/wp\/v2\/comments?post=252520"}],"wp:featuredmedia":[{"embeddable":true,"href":"https:\/\/schweizversand.ch\/it\/wp-json\/wp\/v2\/media\/160409"}],"wp:attachment":[{"href":"https:\/\/schweizversand.ch\/it\/wp-json\/wp\/v2\/media?parent=252520"}],"wp:term":[{"taxonomy":"product_brand","embeddable":true,"href":"https:\/\/schweizversand.ch\/it\/wp-json\/wp\/v2\/product_brand?post=252520"},{"taxonomy":"product_cat","embeddable":true,"href":"https:\/\/schweizversand.ch\/it\/wp-json\/wp\/v2\/product_cat?post=252520"},{"taxonomy":"product_tag","embeddable":true,"href":"https:\/\/schweizversand.ch\/it\/wp-json\/wp\/v2\/product_tag?post=252520"}],"curies":[{"name":"wp","href":"https:\/\/api.w.org\/{rel}","templated":true}]}}