{"id":252540,"date":"2026-03-15T00:55:32","date_gmt":"2026-03-14T23:55:32","guid":{"rendered":"https:\/\/schweizversand.ch\/produkt\/aspen-sport-damen-herren-allround-rucksack\/"},"modified":"2026-04-20T02:05:19","modified_gmt":"2026-04-20T00:05:19","slug":"aspen-sport-damen-herren-allround-rucksack","status":"publish","type":"product","link":"https:\/\/schweizversand.ch\/it\/produkt\/aspen-sport-damen-herren-allround-rucksack\/","title":{"rendered":"Zaino multiuso Aspen Sport da donna e da uomo"},"content":{"rendered":"<p>Scopri lo zaino AspenSport da 22 litri nell&#8217;elegante nero: il tuo fedele compagno per gite giornaliere, escursioni e uso quotidiano.<\/p>\n<\/p>\n<p>Questo zaino \u00e8 stato progettato con una chiara attenzione a qualit\u00e0, funzionalit\u00e0 e comfort per soddisfare le esigenze di uomini e donne. Realizzato in materiale di alta qualit\u00e0 e impermeabile, protegge i tuoi oggetti anche dalla pioggia leggera. Il design robusto garantisce che i tuoi oggetti di valore rimangano al sicuro e asciutti, indipendentemente dall&#8217;ambiente. Il design \u00e8 anche compatibile con la TSA.<\/p>\n<\/p>\n<p>Le cinghie regolabili consentono una vestibilit\u00e0 personalizzata per persone di altezza compresa tra 160 e 180 cm. Questo garantisce una distribuzione ottimale del peso, permettendoti di goderti ore di trasporto confortevole senza affaticamento. Con una capacit\u00e0 di 22 litri, c&#8217;\u00e8 spazio pi\u00f9 che sufficiente per tutti i tuoi effetti personali. Lo scomparto principale \u00e8 spazioso e offre ampio spazio per vestiti, snack e altri oggetti essenziali. Le due tasche frontali offrono un rapido accesso agli oggetti di uso frequente, mentre le tasche laterali sono ideali per bottiglie d&#8217;acqua o ombrelli. Nello scomparto principale \u00e8 integrata anche una custodia imbottita per laptop da 17 pollici. Lo schienale pu\u00f2 essere aperto completamente fino a 180 gradi. Grazie all&#8217;organizzazione intelligente, avrai sempre una visione chiara del tuo equipaggiamento!<\/p>\n<\/p>\n<p>Il design dello schienale si adatta alla naturale curvatura della colonna vertebrale, distribuendo il peso lungo la colonna vertebrale e garantendo una buona circolazione dell&#8217;aria e traspirabilit\u00e0. Questo lo rende un compagno eccellente per viaggi, escursioni o spostamenti quotidiani. Puoi portare tutto ci\u00f2 di cui hai bisogno senza essere appesantito da peso inutile.<\/p>\n<\/p>\n<p>Zaino AspenSport per il tempo libero, la scuola o l&#8217;ufficio<\/p>\n<\/p>\n<p>\u2022 IMPERMEABILE &#8211; Il nostro zaino da donna e da uomo \u00e8 realizzato in materiale resistente e idrorepellente che resiste facilmente a pioggia leggera e neve. Vanta anche un&#8217;eccellente resistenza del colore.<\/p>\n<\/p>\n<p>\u2022 ELEVATO COMFORT DI TRASPORTO &#8211; Lo zaino \u00e8 dotato di uno schienale progettato per adattarsi alla naturale curvatura della colonna vertebrale. Ci\u00f2 si traduce in una distribuzione ottimale del peso e una buona circolazione dell&#8217;aria.<\/p>\n<\/p>\n<p>\u2022 SPAZIOSO &#8211; Questo zaino versatile \u00e8 suddiviso in uno scomparto principale, uno scomparto per laptop, due tasche frontali e tasche laterali in rete. Include anche uno scomparto imbottito per laptop da 17 pollici.<\/p>\n<\/p>\n<p>\u2022 REGOLABILE &#8211; Gli spallacci regolabili garantiscono una vestibilit\u00e0 comoda per tutte le corporature. Lo scomparto posteriore di questo zaino multiuso pu\u00f2 essere aperto liberamente fino a 180 gradi.<\/p>\n<\/p>\n<p>\u2022 MATERIALE DI ALTA QUALIT\u00c0 &#8211; Realizzato in resistente tessuto arazzo\/PU 600D, questo zaino \u00e8 resistente e pronto per l&#8217;avventura. Le sue dimensioni sono 47,5 x 32 x 14,5 cm.<\/p>\n","protected":false},"excerpt":{"rendered":"<p>Scopri lo zaino AspenSport da 22 litri nell&#8217;elegante nero: il tuo fedele compagno per gite giornaliere, escursioni e uso quotidiano. Questo zaino \u00e8 stato progettato con una chiara attenzione a qualit\u00e0, funzionalit\u00e0 e comfort per soddisfare le esigenze di uomini e donne. Realizzato in materiale di alta qualit\u00e0 e impermeabile, protegge i tuoi oggetti anche dalla pioggia leggera. Il design robusto garantisce che i tuoi oggetti di valore rimangano al sicuro e asciutti, indipendentemente dall&#8217;ambiente.&hellip;<\/p>\n","protected":false},"featured_media":257338,"comment_status":"open","ping_status":"closed","template":"","meta":[],"product_brand":[],"product_cat":[38176],"product_tag":[],"class_list":{"0":"post-252540","1":"product","2":"type-product","3":"status-publish","4":"has-post-thumbnail","6":"product_cat-taschen-rucksack","7":"product_shipping_class-global_methods","9":"first","10":"instock","11":"taxable","12":"shipping-taxable","13":"purchasable","14":"product-type-simple"},"yoast_head":"<!-- This site is optimized with the Yoast SEO plugin v27.4 - https:\/\/yoast.com\/product\/yoast-seo-wordpress\/ -->\n<title>Aspen Sport Damen &amp; Herren Allround-Rucksack | Jetzt kaufen | Schweizversand.ch<\/title>\n<meta name=\"description\" content=\"Aspen Sport Damen &amp; Herren Allround-Rucksack g\u00fcnstig kaufen bei Schweizversand.ch. Schnelle Lieferung in der Schweiz. Gratisversand ab CHF 50.\" \/>\n<meta name=\"robots\" content=\"index, follow, max-snippet:-1, max-image-preview:large, max-video-preview:-1\" \/>\n<link rel=\"canonical\" href=\"https:\/\/schweizversand.ch\/it\/produkt\/aspen-sport-damen-herren-allround-rucksack\/\" \/>\n<meta property=\"og:locale\" content=\"it_IT\" \/>\n<meta property=\"og:type\" content=\"article\" \/>\n<meta property=\"og:title\" content=\"Aspen Sport Damen &amp; Herren Allround-Rucksack | Jetzt kaufen | Schweizversand.ch\" \/>\n<meta property=\"og:description\" content=\"Aspen Sport Damen &amp; Herren Allround-Rucksack g\u00fcnstig kaufen bei Schweizversand.ch. Schnelle Lieferung in der Schweiz. Gratisversand ab CHF 50.\" \/>\n<meta property=\"og:url\" content=\"https:\/\/schweizversand.ch\/it\/produkt\/aspen-sport-damen-herren-allround-rucksack\/\" \/>\n<meta property=\"og:site_name\" content=\"Schweizer Shop f\u00fcr Sport, Spiel und Freizeit\" \/>\n<meta property=\"article:publisher\" content=\"https:\/\/www.facebook.com\/Schweizversand\" \/>\n<meta property=\"article:modified_time\" content=\"2026-04-20T00:05:19+00:00\" \/>\n<meta property=\"og:image\" content=\"https:\/\/schweizversand.ch\/wp-content\/uploads\/2026\/02\/5471780747.png\" \/>\n\t<meta property=\"og:image:width\" content=\"735\" \/>\n\t<meta property=\"og:image:height\" content=\"1024\" \/>\n\t<meta property=\"og:image:type\" content=\"image\/png\" \/>\n<meta name=\"twitter:card\" content=\"summary_large_image\" \/>\n<meta name=\"twitter:label1\" content=\"Tempo di lettura stimato\" \/>\n\t<meta name=\"twitter:data1\" content=\"2 minuto\" \/>\n<script type=\"application\/ld+json\" class=\"yoast-schema-graph\">{\"@context\":\"https:\\\/\\\/schema.org\",\"@graph\":[{\"@type\":\"WebPage\",\"@id\":\"https:\\\/\\\/schweizversand.ch\\\/it\\\/produkt\\\/aspen-sport-damen-herren-allround-rucksack\\\/\",\"url\":\"https:\\\/\\\/schweizversand.ch\\\/it\\\/produkt\\\/aspen-sport-damen-herren-allround-rucksack\\\/\",\"name\":\"Aspen Sport Damen & Herren Allround-Rucksack | Jetzt kaufen | Schweizversand.ch\",\"isPartOf\":{\"@id\":\"https:\\\/\\\/schweizversand.ch\\\/it\\\/#website\"},\"primaryImageOfPage\":{\"@id\":\"https:\\\/\\\/schweizversand.ch\\\/it\\\/produkt\\\/aspen-sport-damen-herren-allround-rucksack\\\/#primaryimage\"},\"image\":{\"@id\":\"https:\\\/\\\/schweizversand.ch\\\/it\\\/produkt\\\/aspen-sport-damen-herren-allround-rucksack\\\/#primaryimage\"},\"thumbnailUrl\":\"https:\\\/\\\/schweizversand.ch\\\/wp-content\\\/uploads\\\/2026\\\/02\\\/5471780747.png\",\"datePublished\":\"2026-03-14T23:55:32+00:00\",\"dateModified\":\"2026-04-20T00:05:19+00:00\",\"description\":\"Aspen Sport Damen & Herren Allround-Rucksack g\u00fcnstig kaufen bei Schweizversand.ch. Schnelle Lieferung in der Schweiz. Gratisversand ab CHF 50.\",\"breadcrumb\":{\"@id\":\"https:\\\/\\\/schweizversand.ch\\\/it\\\/produkt\\\/aspen-sport-damen-herren-allround-rucksack\\\/#breadcrumb\"},\"inLanguage\":\"it-IT\",\"potentialAction\":[{\"@type\":\"ReadAction\",\"target\":[\"https:\\\/\\\/schweizversand.ch\\\/it\\\/produkt\\\/aspen-sport-damen-herren-allround-rucksack\\\/\"]}]},{\"@type\":\"ImageObject\",\"inLanguage\":\"it-IT\",\"@id\":\"https:\\\/\\\/schweizversand.ch\\\/it\\\/produkt\\\/aspen-sport-damen-herren-allround-rucksack\\\/#primaryimage\",\"url\":\"https:\\\/\\\/schweizversand.ch\\\/wp-content\\\/uploads\\\/2026\\\/02\\\/5471780747.png\",\"contentUrl\":\"https:\\\/\\\/schweizversand.ch\\\/wp-content\\\/uploads\\\/2026\\\/02\\\/5471780747.png\",\"width\":735,\"height\":1024},{\"@type\":\"BreadcrumbList\",\"@id\":\"https:\\\/\\\/schweizversand.ch\\\/it\\\/produkt\\\/aspen-sport-damen-herren-allround-rucksack\\\/#breadcrumb\",\"itemListElement\":[{\"@type\":\"ListItem\",\"position\":1,\"name\":\"Startseite\",\"item\":\"https:\\\/\\\/schweizversand.ch\\\/it\\\/home\\\/\"},{\"@type\":\"ListItem\",\"position\":2,\"name\":\"Shop\",\"item\":\"https:\\\/\\\/schweizversand.ch\\\/it\\\/shop\\\/\"},{\"@type\":\"ListItem\",\"position\":3,\"name\":\"Viaggi\",\"item\":\"https:\\\/\\\/schweizversand.ch\\\/it\\\/produkt-kategorie\\\/viaggi\\\/\"},{\"@type\":\"ListItem\",\"position\":4,\"name\":\"Borse e bagagli\",\"item\":\"https:\\\/\\\/schweizversand.ch\\\/it\\\/produkt-kategorie\\\/viaggi\\\/borse-e-bagagli\\\/\"},{\"@type\":\"ListItem\",\"position\":5,\"name\":\"Borse e zaini\",\"item\":\"https:\\\/\\\/schweizversand.ch\\\/it\\\/produkt-kategorie\\\/viaggi\\\/borse-e-bagagli\\\/taschen-rucksack\\\/\"},{\"@type\":\"ListItem\",\"position\":6,\"name\":\"Zaino multiuso Aspen Sport da donna e da uomo\"}]},{\"@type\":\"WebSite\",\"@id\":\"https:\\\/\\\/schweizversand.ch\\\/it\\\/#website\",\"url\":\"https:\\\/\\\/schweizversand.ch\\\/it\\\/\",\"name\":\"Schweizer Shop f\u00fcr Sport, Spiel und Freizeit\",\"description\":\"Gratisversand ab 50.- (netto), ab eigenem schweizer Lager, Lieferung innert 48h\",\"publisher\":{\"@id\":\"https:\\\/\\\/schweizversand.ch\\\/it\\\/#organization\"},\"alternateName\":\"Schweizversand.ch\",\"potentialAction\":[{\"@type\":\"SearchAction\",\"target\":{\"@type\":\"EntryPoint\",\"urlTemplate\":\"https:\\\/\\\/schweizversand.ch\\\/it\\\/?s={search_term_string}\"},\"query-input\":{\"@type\":\"PropertyValueSpecification\",\"valueRequired\":true,\"valueName\":\"search_term_string\"}}],\"inLanguage\":\"it-IT\"},{\"@type\":\"Organization\",\"@id\":\"https:\\\/\\\/schweizversand.ch\\\/it\\\/#organization\",\"name\":\"Schweizversand.ch\",\"url\":\"https:\\\/\\\/schweizversand.ch\\\/it\\\/\",\"logo\":{\"@type\":\"ImageObject\",\"inLanguage\":\"it-IT\",\"@id\":\"https:\\\/\\\/schweizversand.ch\\\/it\\\/#\\\/schema\\\/logo\\\/image\\\/\",\"url\":\"https:\\\/\\\/schweizversand.ch\\\/wp-content\\\/uploads\\\/2026\\\/03\\\/Logo_Rund_Final-1.png\",\"contentUrl\":\"https:\\\/\\\/schweizversand.ch\\\/wp-content\\\/uploads\\\/2026\\\/03\\\/Logo_Rund_Final-1.png\",\"width\":404,\"height\":404,\"caption\":\"Schweizversand.ch\"},\"image\":{\"@id\":\"https:\\\/\\\/schweizversand.ch\\\/it\\\/#\\\/schema\\\/logo\\\/image\\\/\"},\"sameAs\":[\"https:\\\/\\\/www.facebook.com\\\/Schweizversand\",\"https:\\\/\\\/www.instagram.com\\\/schweizversand.ch\\\/\"]}]}<\/script>\n<!-- \/ Yoast SEO plugin. -->","yoast_head_json":{"title":"Aspen Sport Damen & Herren Allround-Rucksack | Jetzt kaufen | Schweizversand.ch","description":"Aspen Sport Damen & Herren Allround-Rucksack g\u00fcnstig kaufen bei Schweizversand.ch. Schnelle Lieferung in der Schweiz. Gratisversand ab CHF 50.","robots":{"index":"index","follow":"follow","max-snippet":"max-snippet:-1","max-image-preview":"max-image-preview:large","max-video-preview":"max-video-preview:-1"},"canonical":"https:\/\/schweizversand.ch\/it\/produkt\/aspen-sport-damen-herren-allround-rucksack\/","og_locale":"it_IT","og_type":"article","og_title":"Aspen Sport Damen & Herren Allround-Rucksack | Jetzt kaufen | Schweizversand.ch","og_description":"Aspen Sport Damen & Herren Allround-Rucksack g\u00fcnstig kaufen bei Schweizversand.ch. Schnelle Lieferung in der Schweiz. Gratisversand ab CHF 50.","og_url":"https:\/\/schweizversand.ch\/it\/produkt\/aspen-sport-damen-herren-allround-rucksack\/","og_site_name":"Schweizer Shop f\u00fcr Sport, Spiel und Freizeit","article_publisher":"https:\/\/www.facebook.com\/Schweizversand","article_modified_time":"2026-04-20T00:05:19+00:00","og_image":[{"width":735,"height":1024,"url":"https:\/\/schweizversand.ch\/wp-content\/uploads\/2026\/02\/5471780747.png","type":"image\/png"}],"twitter_card":"summary_large_image","twitter_misc":{"Tempo di lettura stimato":"2 minuto"},"schema":{"@context":"https:\/\/schema.org","@graph":[{"@type":"WebPage","@id":"https:\/\/schweizversand.ch\/it\/produkt\/aspen-sport-damen-herren-allround-rucksack\/","url":"https:\/\/schweizversand.ch\/it\/produkt\/aspen-sport-damen-herren-allround-rucksack\/","name":"Aspen Sport Damen & Herren Allround-Rucksack | Jetzt kaufen | Schweizversand.ch","isPartOf":{"@id":"https:\/\/schweizversand.ch\/it\/#website"},"primaryImageOfPage":{"@id":"https:\/\/schweizversand.ch\/it\/produkt\/aspen-sport-damen-herren-allround-rucksack\/#primaryimage"},"image":{"@id":"https:\/\/schweizversand.ch\/it\/produkt\/aspen-sport-damen-herren-allround-rucksack\/#primaryimage"},"thumbnailUrl":"https:\/\/schweizversand.ch\/wp-content\/uploads\/2026\/02\/5471780747.png","datePublished":"2026-03-14T23:55:32+00:00","dateModified":"2026-04-20T00:05:19+00:00","description":"Aspen Sport Damen & Herren Allround-Rucksack g\u00fcnstig kaufen bei Schweizversand.ch. Schnelle Lieferung in der Schweiz. Gratisversand ab CHF 50.","breadcrumb":{"@id":"https:\/\/schweizversand.ch\/it\/produkt\/aspen-sport-damen-herren-allround-rucksack\/#breadcrumb"},"inLanguage":"it-IT","potentialAction":[{"@type":"ReadAction","target":["https:\/\/schweizversand.ch\/it\/produkt\/aspen-sport-damen-herren-allround-rucksack\/"]}]},{"@type":"ImageObject","inLanguage":"it-IT","@id":"https:\/\/schweizversand.ch\/it\/produkt\/aspen-sport-damen-herren-allround-rucksack\/#primaryimage","url":"https:\/\/schweizversand.ch\/wp-content\/uploads\/2026\/02\/5471780747.png","contentUrl":"https:\/\/schweizversand.ch\/wp-content\/uploads\/2026\/02\/5471780747.png","width":735,"height":1024},{"@type":"BreadcrumbList","@id":"https:\/\/schweizversand.ch\/it\/produkt\/aspen-sport-damen-herren-allround-rucksack\/#breadcrumb","itemListElement":[{"@type":"ListItem","position":1,"name":"Startseite","item":"https:\/\/schweizversand.ch\/it\/home\/"},{"@type":"ListItem","position":2,"name":"Shop","item":"https:\/\/schweizversand.ch\/it\/shop\/"},{"@type":"ListItem","position":3,"name":"Viaggi","item":"https:\/\/schweizversand.ch\/it\/produkt-kategorie\/viaggi\/"},{"@type":"ListItem","position":4,"name":"Borse e bagagli","item":"https:\/\/schweizversand.ch\/it\/produkt-kategorie\/viaggi\/borse-e-bagagli\/"},{"@type":"ListItem","position":5,"name":"Borse e zaini","item":"https:\/\/schweizversand.ch\/it\/produkt-kategorie\/viaggi\/borse-e-bagagli\/taschen-rucksack\/"},{"@type":"ListItem","position":6,"name":"Zaino multiuso Aspen Sport da donna e da uomo"}]},{"@type":"WebSite","@id":"https:\/\/schweizversand.ch\/it\/#website","url":"https:\/\/schweizversand.ch\/it\/","name":"Schweizer Shop f\u00fcr Sport, Spiel und Freizeit","description":"Gratisversand ab 50.- (netto), ab eigenem schweizer Lager, Lieferung innert 48h","publisher":{"@id":"https:\/\/schweizversand.ch\/it\/#organization"},"alternateName":"Schweizversand.ch","potentialAction":[{"@type":"SearchAction","target":{"@type":"EntryPoint","urlTemplate":"https:\/\/schweizversand.ch\/it\/?s={search_term_string}"},"query-input":{"@type":"PropertyValueSpecification","valueRequired":true,"valueName":"search_term_string"}}],"inLanguage":"it-IT"},{"@type":"Organization","@id":"https:\/\/schweizversand.ch\/it\/#organization","name":"Schweizversand.ch","url":"https:\/\/schweizversand.ch\/it\/","logo":{"@type":"ImageObject","inLanguage":"it-IT","@id":"https:\/\/schweizversand.ch\/it\/#\/schema\/logo\/image\/","url":"https:\/\/schweizversand.ch\/wp-content\/uploads\/2026\/03\/Logo_Rund_Final-1.png","contentUrl":"https:\/\/schweizversand.ch\/wp-content\/uploads\/2026\/03\/Logo_Rund_Final-1.png","width":404,"height":404,"caption":"Schweizversand.ch"},"image":{"@id":"https:\/\/schweizversand.ch\/it\/#\/schema\/logo\/image\/"},"sameAs":["https:\/\/www.facebook.com\/Schweizversand","https:\/\/www.instagram.com\/schweizversand.ch\/"]}]}},"jetpack_sharing_enabled":true,"_links":{"self":[{"href":"https:\/\/schweizversand.ch\/it\/wp-json\/wp\/v2\/product\/252540","targetHints":{"allow":["GET"]}}],"collection":[{"href":"https:\/\/schweizversand.ch\/it\/wp-json\/wp\/v2\/product"}],"about":[{"href":"https:\/\/schweizversand.ch\/it\/wp-json\/wp\/v2\/types\/product"}],"replies":[{"embeddable":true,"href":"https:\/\/schweizversand.ch\/it\/wp-json\/wp\/v2\/comments?post=252540"}],"wp:featuredmedia":[{"embeddable":true,"href":"https:\/\/schweizversand.ch\/it\/wp-json\/wp\/v2\/media\/257338"}],"wp:attachment":[{"href":"https:\/\/schweizversand.ch\/it\/wp-json\/wp\/v2\/media?parent=252540"}],"wp:term":[{"taxonomy":"product_brand","embeddable":true,"href":"https:\/\/schweizversand.ch\/it\/wp-json\/wp\/v2\/product_brand?post=252540"},{"taxonomy":"product_cat","embeddable":true,"href":"https:\/\/schweizversand.ch\/it\/wp-json\/wp\/v2\/product_cat?post=252540"},{"taxonomy":"product_tag","embeddable":true,"href":"https:\/\/schweizversand.ch\/it\/wp-json\/wp\/v2\/product_tag?post=252540"}],"curies":[{"name":"wp","href":"https:\/\/api.w.org\/{rel}","templated":true}]}}