{"id":252556,"date":"2026-03-15T00:07:05","date_gmt":"2026-03-14T23:07:05","guid":{"rendered":"https:\/\/schweizversand.ch\/produkt\/trespass-dlx-graham-herren-skijacke-7\/"},"modified":"2026-04-19T15:37:21","modified_gmt":"2026-04-19T13:37:21","slug":"trespass-dlx-graham-herren-skijacke-7","status":"publish","type":"product","link":"https:\/\/schweizversand.ch\/it\/produkt\/trespass-dlx-graham-herren-skijacke-7\/","title":{"rendered":"Giacca da sci da uomo Trespass DLX GRAHAM"},"content":{"rendered":"<h1><strong>Giacca da sci in piuma Premium da uomo &#8211; Impermeabile e traspirante<\/strong><\/h1>\n<div>Preparati per le piste con questa <strong>giacca da sci da uomo<\/strong> ad alte prestazioni che unisce la massima protezione e stile. Questa <strong>giacca da sci in piuma<\/strong> \u00e8 appositamente progettata per gli sciatori pi\u00f9 esigenti e ti manterr\u00e0 caldo e asciutto in qualsiasi condizione grazie al suo eccellente isolamento e ai materiali resistenti alle intemperie.<\/p>\n<\/div>\n<div><strong>Protezione dalle intemperie senza pari<\/strong><br \/>Questa giacca offre prestazioni eccezionali grazie al suo materiale esterno con membrana in PU. Con una colonna d&#8217;acqua di <strong>20.000 mm<\/strong>, la giacca \u00e8 estremamente <strong>impermeabile<\/strong>, mentre la sua traspirabilit\u00e0 di 10.000 mvp garantisce una gestione ottimale dell&#8217;umidit\u00e0. Le cuciture saldate nei punti critici e una ghetta antineve rimovibile garantiscono di rimanere asciutti sulle piste. Comfort e isolamento: l&#8217;imbottitura in piuma di alta qualit\u00e0 offre un eccellente isolamento termico, ideale come giacca da sci invernale. Le cerniere di ventilazione sotto le ascelle consentono una rapida regolazione della temperatura, mentre i polsini elasticizzati interni e le linguette regolabili sui polsini garantiscono una vestibilit\u00e0 sicura e confortevole. Goditi il \u200b\u200bmassimo comfort con il tuo abbigliamento da sci da uomo.<\/p>\n<\/div>\n<div><strong>Dettagli e caratteristiche pratiche<\/strong><br \/>Questa <strong>giacca termica Piste<\/strong> \u00e8 dotata di numerose caratteristiche per semplificarti la giornata sugli sci:<\/p>\n<\/div>\n<div><strong>Caratteristiche<\/strong><br \/>&#8211; Cappuccio regolabile con cerniera e cerniera centrale anteriore idrorepellente<br \/>&#8211; Tasca sul petto e due tasche inferiori con cerniere idrorepellenti<br \/>&#8211; Tasca per skipass con cerniera sulla manica per un rapido accesso<br \/>&#8211; Ghetta antineve rimovibile e orlo regolabile con coulisse<br \/>&#8211; Tasca\/canale interno per occhiali e audio<\/p>\n<p><\/div>\n<div><strong>Specifiche dei materiali<\/strong><br \/>&#8211; Materiale esterno: 100% poliestere con membrana in PU<br \/>&#8211; Fodera: 100% poliammide e 100% poliestere<br \/>&#8211; Imbottitura: 100% poliestere (imbottitura Down Touch)<br \/>&#8211; Impermeabile: 20.000 mm \/ Traspirabilit\u00e0: 10.000 mvp \/ Antivento<\/p>\n<\/div>\n<div>Investi in questa giacca da sci ad alte prestazioni per la massima protezione e comfort nella tua prossima avventura sugli sci. Ordina ora e preparati per le piste!<\/p>\n<\/div>\n<div>\n<\/div>\n","protected":false},"excerpt":{"rendered":"<p>Giacca da sci in piuma Premium da uomo &#8211; Impermeabile e traspirante Preparati per le piste con questa giacca da sci da uomo ad alte prestazioni che unisce la massima protezione e stile. Questa giacca da sci in piuma \u00e8 appositamente progettata per gli sciatori pi\u00f9 esigenti e ti manterr\u00e0 caldo e asciutto in qualsiasi condizione grazie al suo eccellente isolamento e ai materiali resistenti alle intemperie. Protezione dalle intemperie senza pariQuesta giacca offre prestazioni&hellip;<\/p>\n","protected":false},"featured_media":161585,"comment_status":"open","ping_status":"closed","template":"","meta":[],"product_brand":[],"product_cat":[38547,38550],"product_tag":[],"class_list":{"0":"post-252556","1":"product","2":"type-product","3":"status-publish","4":"has-post-thumbnail","6":"product_cat-wintersportbekleidung","7":"product_cat-abbigliamento-per-sport-invernali","8":"product_shipping_class-global_methods","10":"first","11":"instock","12":"taxable","13":"shipping-taxable","14":"purchasable","15":"product-type-simple"},"yoast_head":"<!-- This site is optimized with the Yoast SEO plugin v27.4 - https:\/\/yoast.com\/product\/yoast-seo-wordpress\/ -->\n<title>Trespass DLX GRAHAM Herren Skijacke | Jetzt kaufen | Schweizversand.ch<\/title>\n<meta name=\"description\" content=\"Trespass DLX GRAHAM Herren Skijacke g\u00fcnstig kaufen bei Schweizversand.ch. Schnelle Lieferung in der Schweiz. Gratisversand ab CHF 50.\" \/>\n<meta name=\"robots\" content=\"index, follow, max-snippet:-1, max-image-preview:large, max-video-preview:-1\" \/>\n<link rel=\"canonical\" href=\"https:\/\/schweizversand.ch\/it\/produkt\/trespass-dlx-graham-herren-skijacke-7\/\" \/>\n<meta property=\"og:locale\" content=\"it_IT\" \/>\n<meta property=\"og:type\" content=\"article\" \/>\n<meta property=\"og:title\" content=\"Trespass DLX GRAHAM Herren Skijacke | Jetzt kaufen | Schweizversand.ch\" \/>\n<meta property=\"og:description\" content=\"Trespass DLX GRAHAM Herren Skijacke g\u00fcnstig kaufen bei Schweizversand.ch. Schnelle Lieferung in der Schweiz. Gratisversand ab CHF 50.\" \/>\n<meta property=\"og:url\" content=\"https:\/\/schweizversand.ch\/it\/produkt\/trespass-dlx-graham-herren-skijacke-7\/\" \/>\n<meta property=\"og:site_name\" content=\"Schweizer Shop f\u00fcr Sport, Spiel und Freizeit\" \/>\n<meta property=\"article:publisher\" content=\"https:\/\/www.facebook.com\/Schweizversand\" \/>\n<meta property=\"article:modified_time\" content=\"2026-04-19T13:37:21+00:00\" \/>\n<meta property=\"og:image\" content=\"https:\/\/schweizversand.ch\/wp-content\/uploads\/2026\/02\/5471733345.jpg\" \/>\n\t<meta property=\"og:image:width\" content=\"654\" \/>\n\t<meta property=\"og:image:height\" content=\"1024\" \/>\n\t<meta property=\"og:image:type\" content=\"image\/jpeg\" \/>\n<meta name=\"twitter:card\" content=\"summary_large_image\" \/>\n<meta name=\"twitter:label1\" content=\"Tempo di lettura stimato\" \/>\n\t<meta name=\"twitter:data1\" content=\"1 minuto\" \/>\n<script type=\"application\/ld+json\" class=\"yoast-schema-graph\">{\"@context\":\"https:\\\/\\\/schema.org\",\"@graph\":[{\"@type\":\"WebPage\",\"@id\":\"https:\\\/\\\/schweizversand.ch\\\/it\\\/produkt\\\/trespass-dlx-graham-herren-skijacke-7\\\/\",\"url\":\"https:\\\/\\\/schweizversand.ch\\\/it\\\/produkt\\\/trespass-dlx-graham-herren-skijacke-7\\\/\",\"name\":\"Trespass DLX GRAHAM Herren Skijacke | Jetzt kaufen | Schweizversand.ch\",\"isPartOf\":{\"@id\":\"https:\\\/\\\/schweizversand.ch\\\/it\\\/#website\"},\"primaryImageOfPage\":{\"@id\":\"https:\\\/\\\/schweizversand.ch\\\/it\\\/produkt\\\/trespass-dlx-graham-herren-skijacke-7\\\/#primaryimage\"},\"image\":{\"@id\":\"https:\\\/\\\/schweizversand.ch\\\/it\\\/produkt\\\/trespass-dlx-graham-herren-skijacke-7\\\/#primaryimage\"},\"thumbnailUrl\":\"https:\\\/\\\/schweizversand.ch\\\/wp-content\\\/uploads\\\/2026\\\/02\\\/5471733345.jpg\",\"datePublished\":\"2026-03-14T23:07:05+00:00\",\"dateModified\":\"2026-04-19T13:37:21+00:00\",\"description\":\"Trespass DLX GRAHAM Herren Skijacke g\u00fcnstig kaufen bei Schweizversand.ch. Schnelle Lieferung in der Schweiz. Gratisversand ab CHF 50.\",\"breadcrumb\":{\"@id\":\"https:\\\/\\\/schweizversand.ch\\\/it\\\/produkt\\\/trespass-dlx-graham-herren-skijacke-7\\\/#breadcrumb\"},\"inLanguage\":\"it-IT\",\"potentialAction\":[{\"@type\":\"ReadAction\",\"target\":[\"https:\\\/\\\/schweizversand.ch\\\/it\\\/produkt\\\/trespass-dlx-graham-herren-skijacke-7\\\/\"]}]},{\"@type\":\"ImageObject\",\"inLanguage\":\"it-IT\",\"@id\":\"https:\\\/\\\/schweizversand.ch\\\/it\\\/produkt\\\/trespass-dlx-graham-herren-skijacke-7\\\/#primaryimage\",\"url\":\"https:\\\/\\\/schweizversand.ch\\\/wp-content\\\/uploads\\\/2026\\\/02\\\/5471733345.jpg\",\"contentUrl\":\"https:\\\/\\\/schweizversand.ch\\\/wp-content\\\/uploads\\\/2026\\\/02\\\/5471733345.jpg\",\"width\":654,\"height\":1024},{\"@type\":\"BreadcrumbList\",\"@id\":\"https:\\\/\\\/schweizversand.ch\\\/it\\\/produkt\\\/trespass-dlx-graham-herren-skijacke-7\\\/#breadcrumb\",\"itemListElement\":[{\"@type\":\"ListItem\",\"position\":1,\"name\":\"Startseite\",\"item\":\"https:\\\/\\\/schweizversand.ch\\\/it\\\/home\\\/\"},{\"@type\":\"ListItem\",\"position\":2,\"name\":\"Shop\",\"item\":\"https:\\\/\\\/schweizversand.ch\\\/it\\\/shop\\\/\"},{\"@type\":\"ListItem\",\"position\":3,\"name\":\"Sport\",\"item\":\"https:\\\/\\\/schweizversand.ch\\\/it\\\/produkt-kategorie\\\/sport-it\\\/\"},{\"@type\":\"ListItem\",\"position\":4,\"name\":\"Sport invernali\",\"item\":\"https:\\\/\\\/schweizversand.ch\\\/it\\\/produkt-kategorie\\\/sport\\\/sport-invernali\\\/\"},{\"@type\":\"ListItem\",\"position\":5,\"name\":\"Abbigliamento per sport invernali\",\"item\":\"https:\\\/\\\/schweizversand.ch\\\/it\\\/produkt-kategorie\\\/sport\\\/sport-invernali\\\/abbigliamento-per-sport-invernali\\\/\"},{\"@type\":\"ListItem\",\"position\":6,\"name\":\"Giacca da sci da uomo Trespass DLX GRAHAM\"}]},{\"@type\":\"WebSite\",\"@id\":\"https:\\\/\\\/schweizversand.ch\\\/it\\\/#website\",\"url\":\"https:\\\/\\\/schweizversand.ch\\\/it\\\/\",\"name\":\"Schweizer Shop f\u00fcr Sport, Spiel und Freizeit\",\"description\":\"Gratisversand ab 50.- (netto), ab eigenem schweizer Lager, Lieferung innert 48h\",\"publisher\":{\"@id\":\"https:\\\/\\\/schweizversand.ch\\\/it\\\/#organization\"},\"alternateName\":\"Schweizversand.ch\",\"potentialAction\":[{\"@type\":\"SearchAction\",\"target\":{\"@type\":\"EntryPoint\",\"urlTemplate\":\"https:\\\/\\\/schweizversand.ch\\\/it\\\/?s={search_term_string}\"},\"query-input\":{\"@type\":\"PropertyValueSpecification\",\"valueRequired\":true,\"valueName\":\"search_term_string\"}}],\"inLanguage\":\"it-IT\"},{\"@type\":\"Organization\",\"@id\":\"https:\\\/\\\/schweizversand.ch\\\/it\\\/#organization\",\"name\":\"Schweizversand.ch\",\"url\":\"https:\\\/\\\/schweizversand.ch\\\/it\\\/\",\"logo\":{\"@type\":\"ImageObject\",\"inLanguage\":\"it-IT\",\"@id\":\"https:\\\/\\\/schweizversand.ch\\\/it\\\/#\\\/schema\\\/logo\\\/image\\\/\",\"url\":\"https:\\\/\\\/schweizversand.ch\\\/wp-content\\\/uploads\\\/2026\\\/03\\\/Logo_Rund_Final-1.png\",\"contentUrl\":\"https:\\\/\\\/schweizversand.ch\\\/wp-content\\\/uploads\\\/2026\\\/03\\\/Logo_Rund_Final-1.png\",\"width\":404,\"height\":404,\"caption\":\"Schweizversand.ch\"},\"image\":{\"@id\":\"https:\\\/\\\/schweizversand.ch\\\/it\\\/#\\\/schema\\\/logo\\\/image\\\/\"},\"sameAs\":[\"https:\\\/\\\/www.facebook.com\\\/Schweizversand\",\"https:\\\/\\\/www.instagram.com\\\/schweizversand.ch\\\/\"]}]}<\/script>\n<!-- \/ Yoast SEO plugin. -->","yoast_head_json":{"title":"Trespass DLX GRAHAM Herren Skijacke | Jetzt kaufen | Schweizversand.ch","description":"Trespass DLX GRAHAM Herren Skijacke g\u00fcnstig kaufen bei Schweizversand.ch. Schnelle Lieferung in der Schweiz. Gratisversand ab CHF 50.","robots":{"index":"index","follow":"follow","max-snippet":"max-snippet:-1","max-image-preview":"max-image-preview:large","max-video-preview":"max-video-preview:-1"},"canonical":"https:\/\/schweizversand.ch\/it\/produkt\/trespass-dlx-graham-herren-skijacke-7\/","og_locale":"it_IT","og_type":"article","og_title":"Trespass DLX GRAHAM Herren Skijacke | Jetzt kaufen | Schweizversand.ch","og_description":"Trespass DLX GRAHAM Herren Skijacke g\u00fcnstig kaufen bei Schweizversand.ch. Schnelle Lieferung in der Schweiz. Gratisversand ab CHF 50.","og_url":"https:\/\/schweizversand.ch\/it\/produkt\/trespass-dlx-graham-herren-skijacke-7\/","og_site_name":"Schweizer Shop f\u00fcr Sport, Spiel und Freizeit","article_publisher":"https:\/\/www.facebook.com\/Schweizversand","article_modified_time":"2026-04-19T13:37:21+00:00","og_image":[{"width":654,"height":1024,"url":"https:\/\/schweizversand.ch\/wp-content\/uploads\/2026\/02\/5471733345.jpg","type":"image\/jpeg"}],"twitter_card":"summary_large_image","twitter_misc":{"Tempo di lettura stimato":"1 minuto"},"schema":{"@context":"https:\/\/schema.org","@graph":[{"@type":"WebPage","@id":"https:\/\/schweizversand.ch\/it\/produkt\/trespass-dlx-graham-herren-skijacke-7\/","url":"https:\/\/schweizversand.ch\/it\/produkt\/trespass-dlx-graham-herren-skijacke-7\/","name":"Trespass DLX GRAHAM Herren Skijacke | Jetzt kaufen | Schweizversand.ch","isPartOf":{"@id":"https:\/\/schweizversand.ch\/it\/#website"},"primaryImageOfPage":{"@id":"https:\/\/schweizversand.ch\/it\/produkt\/trespass-dlx-graham-herren-skijacke-7\/#primaryimage"},"image":{"@id":"https:\/\/schweizversand.ch\/it\/produkt\/trespass-dlx-graham-herren-skijacke-7\/#primaryimage"},"thumbnailUrl":"https:\/\/schweizversand.ch\/wp-content\/uploads\/2026\/02\/5471733345.jpg","datePublished":"2026-03-14T23:07:05+00:00","dateModified":"2026-04-19T13:37:21+00:00","description":"Trespass DLX GRAHAM Herren Skijacke g\u00fcnstig kaufen bei Schweizversand.ch. Schnelle Lieferung in der Schweiz. Gratisversand ab CHF 50.","breadcrumb":{"@id":"https:\/\/schweizversand.ch\/it\/produkt\/trespass-dlx-graham-herren-skijacke-7\/#breadcrumb"},"inLanguage":"it-IT","potentialAction":[{"@type":"ReadAction","target":["https:\/\/schweizversand.ch\/it\/produkt\/trespass-dlx-graham-herren-skijacke-7\/"]}]},{"@type":"ImageObject","inLanguage":"it-IT","@id":"https:\/\/schweizversand.ch\/it\/produkt\/trespass-dlx-graham-herren-skijacke-7\/#primaryimage","url":"https:\/\/schweizversand.ch\/wp-content\/uploads\/2026\/02\/5471733345.jpg","contentUrl":"https:\/\/schweizversand.ch\/wp-content\/uploads\/2026\/02\/5471733345.jpg","width":654,"height":1024},{"@type":"BreadcrumbList","@id":"https:\/\/schweizversand.ch\/it\/produkt\/trespass-dlx-graham-herren-skijacke-7\/#breadcrumb","itemListElement":[{"@type":"ListItem","position":1,"name":"Startseite","item":"https:\/\/schweizversand.ch\/it\/home\/"},{"@type":"ListItem","position":2,"name":"Shop","item":"https:\/\/schweizversand.ch\/it\/shop\/"},{"@type":"ListItem","position":3,"name":"Sport","item":"https:\/\/schweizversand.ch\/it\/produkt-kategorie\/sport-it\/"},{"@type":"ListItem","position":4,"name":"Sport invernali","item":"https:\/\/schweizversand.ch\/it\/produkt-kategorie\/sport\/sport-invernali\/"},{"@type":"ListItem","position":5,"name":"Abbigliamento per sport invernali","item":"https:\/\/schweizversand.ch\/it\/produkt-kategorie\/sport\/sport-invernali\/abbigliamento-per-sport-invernali\/"},{"@type":"ListItem","position":6,"name":"Giacca da sci da uomo Trespass DLX GRAHAM"}]},{"@type":"WebSite","@id":"https:\/\/schweizversand.ch\/it\/#website","url":"https:\/\/schweizversand.ch\/it\/","name":"Schweizer Shop f\u00fcr Sport, Spiel und Freizeit","description":"Gratisversand ab 50.- (netto), ab eigenem schweizer Lager, Lieferung innert 48h","publisher":{"@id":"https:\/\/schweizversand.ch\/it\/#organization"},"alternateName":"Schweizversand.ch","potentialAction":[{"@type":"SearchAction","target":{"@type":"EntryPoint","urlTemplate":"https:\/\/schweizversand.ch\/it\/?s={search_term_string}"},"query-input":{"@type":"PropertyValueSpecification","valueRequired":true,"valueName":"search_term_string"}}],"inLanguage":"it-IT"},{"@type":"Organization","@id":"https:\/\/schweizversand.ch\/it\/#organization","name":"Schweizversand.ch","url":"https:\/\/schweizversand.ch\/it\/","logo":{"@type":"ImageObject","inLanguage":"it-IT","@id":"https:\/\/schweizversand.ch\/it\/#\/schema\/logo\/image\/","url":"https:\/\/schweizversand.ch\/wp-content\/uploads\/2026\/03\/Logo_Rund_Final-1.png","contentUrl":"https:\/\/schweizversand.ch\/wp-content\/uploads\/2026\/03\/Logo_Rund_Final-1.png","width":404,"height":404,"caption":"Schweizversand.ch"},"image":{"@id":"https:\/\/schweizversand.ch\/it\/#\/schema\/logo\/image\/"},"sameAs":["https:\/\/www.facebook.com\/Schweizversand","https:\/\/www.instagram.com\/schweizversand.ch\/"]}]}},"jetpack_sharing_enabled":true,"_links":{"self":[{"href":"https:\/\/schweizversand.ch\/it\/wp-json\/wp\/v2\/product\/252556","targetHints":{"allow":["GET"]}}],"collection":[{"href":"https:\/\/schweizversand.ch\/it\/wp-json\/wp\/v2\/product"}],"about":[{"href":"https:\/\/schweizversand.ch\/it\/wp-json\/wp\/v2\/types\/product"}],"replies":[{"embeddable":true,"href":"https:\/\/schweizversand.ch\/it\/wp-json\/wp\/v2\/comments?post=252556"}],"wp:featuredmedia":[{"embeddable":true,"href":"https:\/\/schweizversand.ch\/it\/wp-json\/wp\/v2\/media\/161585"}],"wp:attachment":[{"href":"https:\/\/schweizversand.ch\/it\/wp-json\/wp\/v2\/media?parent=252556"}],"wp:term":[{"taxonomy":"product_brand","embeddable":true,"href":"https:\/\/schweizversand.ch\/it\/wp-json\/wp\/v2\/product_brand?post=252556"},{"taxonomy":"product_cat","embeddable":true,"href":"https:\/\/schweizversand.ch\/it\/wp-json\/wp\/v2\/product_cat?post=252556"},{"taxonomy":"product_tag","embeddable":true,"href":"https:\/\/schweizversand.ch\/it\/wp-json\/wp\/v2\/product_tag?post=252556"}],"curies":[{"name":"wp","href":"https:\/\/api.w.org\/{rel}","templated":true}]}}