{"id":254006,"date":"2026-03-14T23:20:50","date_gmt":"2026-03-14T22:20:50","guid":{"rendered":"https:\/\/schweizversand.ch\/produkt\/jumbo-kartenspiel-stratego-card-clash\/"},"modified":"2026-04-30T02:04:59","modified_gmt":"2026-04-30T00:04:59","slug":"jumbo-kartenspiel-stratego-card-clash","status":"publish","type":"product","link":"https:\/\/schweizversand.ch\/it\/produkt\/jumbo-kartenspiel-stratego-card-clash\/","title":{"rendered":"Gioco di carte Jumbo Stratego Card Clash"},"content":{"rendered":"<h1><strong>Stratego Card Clash<\/strong><\/h1>\n<div>Sei pronto a mettere alla prova le tue abilit\u00e0 tattiche? <strong>Stratego Card Clash<\/strong> \u00e8 la versione veloce, emozionante e compatta del classico gioco di strategia che puoi portare ovunque. Sfida i tuoi avversari e vivi un dinamico <strong>gioco di carte<\/strong> in cui ogni mossa conta.<\/p>\n<\/div>\n<div><strong>La nuova dimensione dei giochi di strategia<\/strong><br \/>Stratego Card Clash trasferisce gli elementi collaudati dell&#8217;originale in un formato veloce. Come un vero <strong>gioco di strategia<\/strong>, devi giocare le tue carte con intelligenza, anticipare le intenzioni dei tuoi avversari e trovare il momento ottimale per usare le tue carte speciali. Questo gioco \u00e8 perfetto per chi cerca una sfida frenetica ma profonda.<\/p>\n<\/div>\n<div><strong>Obiettivo e tattica di gioco<\/strong><br \/>L&#8217;obiettivo \u00e8 chiaro: devi essere il primo a creare una griglia 2&#215;2 di quattro carte del tuo colore per aggiudicarti la vittoria. Questo richiede non solo fortuna, ma soprattutto decisioni tattiche precise. Quando schieri il tuo Maresciallo? Quando blocchi il tuo avversario con una bomba? La variante di Stratego, Card Clash, ti tiene costantemente con il fiato sospeso e incoraggia il pensiero strategico.<\/p>\n<\/div>\n<div><strong>Caratteristiche principali del gioco<\/strong><br \/>&#8211; Gameplay veloce e intenso, ideale per brevi sessioni di gioco<br \/>&#8211; Mantiene le meccaniche di base di Stratego, tra cui classifiche e carte speciali<br \/>&#8211; Elevata rigiocabilit\u00e0 grazie alle innumerevoli combinazioni tattiche<br \/>&#8211; Dimensioni compatte, perfette per i viaggi e in movimento<br \/>&#8211; Un <strong>gioco di famiglia<\/strong> ideale che unisce le generazioni<\/p>\n<\/div>\n<div><strong>Per chi \u00e8 adatto Stratego Card Clash?<\/strong><br \/>Questo <strong>gioco di carte<\/strong> \u00e8 ideale per tutti gli appassionati del classico Stratego in cerca di un&#8217;alternativa pi\u00f9 veloce, cos\u00ec come per gli amanti dei duelli strategici. \u00c8 facile da imparare ma difficile da padroneggiare, il che lo rende un ottimo <strong>gioco di famiglia<\/strong> per giocatori dagli 8 anni in su. Dimostra di essere lo stratega pi\u00f9 abile al tavolo.<\/p>\n<\/div>\n<div><strong>Dettagli del prodotto<\/strong><br \/>&#8211; Numero di giocatori: da 2 a 4 giocatori<br \/>&#8211; Et\u00e0 consigliata: dagli 8 anni in su<br \/>&#8211; Durata della partita: circa 15 minuti<br \/>&#8211; Contenuto: 52 carte da gioco e istruzioni<\/p>\n<\/div>\n<div>Acquista subito la tua copia di Stratego Card Clash e scopri quanto pu\u00f2 essere emozionante e compatta la strategia. Padroneggia questa variante di Stratego e guida il tuo esercito alla vittoria!<\/p>\n<\/div>\n<div><\/div>\n","protected":false},"excerpt":{"rendered":"<p>Stratego Card Clash Sei pronto a mettere alla prova le tue abilit\u00e0 tattiche? Stratego Card Clash \u00e8 la versione veloce, emozionante e compatta del classico gioco di strategia che puoi portare ovunque. Sfida i tuoi avversari e vivi un dinamico gioco di carte in cui ogni mossa conta. La nuova dimensione dei giochi di strategiaStratego Card Clash trasferisce gli elementi collaudati dell&#8217;originale in un formato veloce. Come un vero gioco di strategia, devi giocare le&hellip;<\/p>\n","protected":false},"featured_media":156823,"comment_status":"open","ping_status":"closed","template":"","meta":[],"product_brand":[],"product_cat":[38200],"product_tag":[],"class_list":{"0":"post-254006","1":"product","2":"type-product","3":"status-publish","4":"has-post-thumbnail","6":"product_cat-lernspiel","7":"product_shipping_class-global_methods","9":"first","10":"instock","11":"taxable","12":"shipping-taxable","13":"purchasable","14":"product-type-simple"},"yoast_head":"<!-- This site is optimized with the Yoast SEO plugin v27.5 - https:\/\/yoast.com\/product\/yoast-seo-wordpress\/ -->\n<title>Jumbo Kartenspiel Stratego Card Clash | Jetzt kaufen | Schweizversand.ch<\/title>\n<meta name=\"description\" content=\"Jumbo Kartenspiel Stratego Card Clash g\u00fcnstig kaufen bei Schweizversand.ch. Schnelle Lieferung in der Schweiz. Gratisversand ab CHF 50.\" \/>\n<meta name=\"robots\" content=\"index, follow, max-snippet:-1, max-image-preview:large, max-video-preview:-1\" \/>\n<link rel=\"canonical\" href=\"https:\/\/schweizversand.ch\/it\/produkt\/jumbo-kartenspiel-stratego-card-clash\/\" \/>\n<meta property=\"og:locale\" content=\"it_IT\" \/>\n<meta property=\"og:type\" content=\"article\" \/>\n<meta property=\"og:title\" content=\"Jumbo Kartenspiel Stratego Card Clash | Jetzt kaufen | Schweizversand.ch\" \/>\n<meta property=\"og:description\" content=\"Jumbo Kartenspiel Stratego Card Clash g\u00fcnstig kaufen bei Schweizversand.ch. Schnelle Lieferung in der Schweiz. Gratisversand ab CHF 50.\" \/>\n<meta property=\"og:url\" content=\"https:\/\/schweizversand.ch\/it\/produkt\/jumbo-kartenspiel-stratego-card-clash\/\" \/>\n<meta property=\"og:site_name\" content=\"Schweizer Shop f\u00fcr Sport, Spiel und Freizeit\" \/>\n<meta property=\"article:publisher\" content=\"https:\/\/www.facebook.com\/Schweizversand\" \/>\n<meta property=\"article:modified_time\" content=\"2026-04-30T00:04:59+00:00\" \/>\n<meta property=\"og:image\" content=\"https:\/\/schweizversand.ch\/wp-content\/uploads\/2026\/02\/5472127747.png\" \/>\n\t<meta property=\"og:image:width\" content=\"710\" \/>\n\t<meta property=\"og:image:height\" content=\"1024\" \/>\n\t<meta property=\"og:image:type\" content=\"image\/png\" \/>\n<meta name=\"twitter:card\" content=\"summary_large_image\" \/>\n<meta name=\"twitter:label1\" content=\"Tempo di lettura stimato\" \/>\n\t<meta name=\"twitter:data1\" content=\"2 minuto\" \/>\n<script type=\"application\/ld+json\" class=\"yoast-schema-graph\">{\"@context\":\"https:\\\/\\\/schema.org\",\"@graph\":[{\"@type\":\"WebPage\",\"@id\":\"https:\\\/\\\/schweizversand.ch\\\/it\\\/produkt\\\/jumbo-kartenspiel-stratego-card-clash\\\/\",\"url\":\"https:\\\/\\\/schweizversand.ch\\\/it\\\/produkt\\\/jumbo-kartenspiel-stratego-card-clash\\\/\",\"name\":\"Jumbo Kartenspiel Stratego Card Clash | Jetzt kaufen | Schweizversand.ch\",\"isPartOf\":{\"@id\":\"https:\\\/\\\/schweizversand.ch\\\/it\\\/#website\"},\"primaryImageOfPage\":{\"@id\":\"https:\\\/\\\/schweizversand.ch\\\/it\\\/produkt\\\/jumbo-kartenspiel-stratego-card-clash\\\/#primaryimage\"},\"image\":{\"@id\":\"https:\\\/\\\/schweizversand.ch\\\/it\\\/produkt\\\/jumbo-kartenspiel-stratego-card-clash\\\/#primaryimage\"},\"thumbnailUrl\":\"https:\\\/\\\/schweizversand.ch\\\/wp-content\\\/uploads\\\/2026\\\/02\\\/5472127747.png\",\"datePublished\":\"2026-03-14T22:20:50+00:00\",\"dateModified\":\"2026-04-30T00:04:59+00:00\",\"description\":\"Jumbo Kartenspiel Stratego Card Clash g\u00fcnstig kaufen bei Schweizversand.ch. Schnelle Lieferung in der Schweiz. Gratisversand ab CHF 50.\",\"breadcrumb\":{\"@id\":\"https:\\\/\\\/schweizversand.ch\\\/it\\\/produkt\\\/jumbo-kartenspiel-stratego-card-clash\\\/#breadcrumb\"},\"inLanguage\":\"it-IT\",\"potentialAction\":[{\"@type\":\"ReadAction\",\"target\":[\"https:\\\/\\\/schweizversand.ch\\\/it\\\/produkt\\\/jumbo-kartenspiel-stratego-card-clash\\\/\"]}]},{\"@type\":\"ImageObject\",\"inLanguage\":\"it-IT\",\"@id\":\"https:\\\/\\\/schweizversand.ch\\\/it\\\/produkt\\\/jumbo-kartenspiel-stratego-card-clash\\\/#primaryimage\",\"url\":\"https:\\\/\\\/schweizversand.ch\\\/wp-content\\\/uploads\\\/2026\\\/02\\\/5472127747.png\",\"contentUrl\":\"https:\\\/\\\/schweizversand.ch\\\/wp-content\\\/uploads\\\/2026\\\/02\\\/5472127747.png\",\"width\":710,\"height\":1024},{\"@type\":\"BreadcrumbList\",\"@id\":\"https:\\\/\\\/schweizversand.ch\\\/it\\\/produkt\\\/jumbo-kartenspiel-stratego-card-clash\\\/#breadcrumb\",\"itemListElement\":[{\"@type\":\"ListItem\",\"position\":1,\"name\":\"Startseite\",\"item\":\"https:\\\/\\\/schweizversand.ch\\\/it\\\/home\\\/\"},{\"@type\":\"ListItem\",\"position\":2,\"name\":\"Shop\",\"item\":\"https:\\\/\\\/schweizversand.ch\\\/it\\\/shop\\\/\"},{\"@type\":\"ListItem\",\"position\":3,\"name\":\"Giocattoli e giochi\",\"item\":\"https:\\\/\\\/schweizversand.ch\\\/it\\\/produkt-kategorie\\\/giocattoli-e-giochi\\\/\"},{\"@type\":\"ListItem\",\"position\":4,\"name\":\"Giochi e puzzle\",\"item\":\"https:\\\/\\\/schweizversand.ch\\\/it\\\/produkt-kategorie\\\/giocattoli-e-giochi\\\/giochi-e-puzzle\\\/\"},{\"@type\":\"ListItem\",\"position\":5,\"name\":\"Giochi educativi\",\"item\":\"https:\\\/\\\/schweizversand.ch\\\/en\\\/produkt-kategorie\\\/lernspiel\\\/\"},{\"@type\":\"ListItem\",\"position\":6,\"name\":\"Gioco di carte Jumbo Stratego Card Clash\"}]},{\"@type\":\"WebSite\",\"@id\":\"https:\\\/\\\/schweizversand.ch\\\/it\\\/#website\",\"url\":\"https:\\\/\\\/schweizversand.ch\\\/it\\\/\",\"name\":\"Schweizer Shop f\u00fcr Sport, Spiel und Freizeit\",\"description\":\"Gratisversand ab 50.- (netto), ab eigenem schweizer Lager, Lieferung innert 48h\",\"publisher\":{\"@id\":\"https:\\\/\\\/schweizversand.ch\\\/it\\\/#organization\"},\"alternateName\":\"Schweizversand.ch\",\"potentialAction\":[{\"@type\":\"SearchAction\",\"target\":{\"@type\":\"EntryPoint\",\"urlTemplate\":\"https:\\\/\\\/schweizversand.ch\\\/it\\\/?s={search_term_string}\"},\"query-input\":{\"@type\":\"PropertyValueSpecification\",\"valueRequired\":true,\"valueName\":\"search_term_string\"}}],\"inLanguage\":\"it-IT\"},{\"@type\":\"Organization\",\"@id\":\"https:\\\/\\\/schweizversand.ch\\\/it\\\/#organization\",\"name\":\"Schweizversand.ch\",\"url\":\"https:\\\/\\\/schweizversand.ch\\\/it\\\/\",\"logo\":{\"@type\":\"ImageObject\",\"inLanguage\":\"it-IT\",\"@id\":\"https:\\\/\\\/schweizversand.ch\\\/it\\\/#\\\/schema\\\/logo\\\/image\\\/\",\"url\":\"https:\\\/\\\/schweizversand.ch\\\/wp-content\\\/uploads\\\/2026\\\/03\\\/Logo_Rund_Final-1.png\",\"contentUrl\":\"https:\\\/\\\/schweizversand.ch\\\/wp-content\\\/uploads\\\/2026\\\/03\\\/Logo_Rund_Final-1.png\",\"width\":404,\"height\":404,\"caption\":\"Schweizversand.ch\"},\"image\":{\"@id\":\"https:\\\/\\\/schweizversand.ch\\\/it\\\/#\\\/schema\\\/logo\\\/image\\\/\"},\"sameAs\":[\"https:\\\/\\\/www.facebook.com\\\/Schweizversand\",\"https:\\\/\\\/www.instagram.com\\\/schweizversand.ch\\\/\"]}]}<\/script>\n<!-- \/ Yoast SEO plugin. -->","yoast_head_json":{"title":"Jumbo Kartenspiel Stratego Card Clash | Jetzt kaufen | Schweizversand.ch","description":"Jumbo Kartenspiel Stratego Card Clash g\u00fcnstig kaufen bei Schweizversand.ch. Schnelle Lieferung in der Schweiz. Gratisversand ab CHF 50.","robots":{"index":"index","follow":"follow","max-snippet":"max-snippet:-1","max-image-preview":"max-image-preview:large","max-video-preview":"max-video-preview:-1"},"canonical":"https:\/\/schweizversand.ch\/it\/produkt\/jumbo-kartenspiel-stratego-card-clash\/","og_locale":"it_IT","og_type":"article","og_title":"Jumbo Kartenspiel Stratego Card Clash | Jetzt kaufen | Schweizversand.ch","og_description":"Jumbo Kartenspiel Stratego Card Clash g\u00fcnstig kaufen bei Schweizversand.ch. Schnelle Lieferung in der Schweiz. Gratisversand ab CHF 50.","og_url":"https:\/\/schweizversand.ch\/it\/produkt\/jumbo-kartenspiel-stratego-card-clash\/","og_site_name":"Schweizer Shop f\u00fcr Sport, Spiel und Freizeit","article_publisher":"https:\/\/www.facebook.com\/Schweizversand","article_modified_time":"2026-04-30T00:04:59+00:00","og_image":[{"width":710,"height":1024,"url":"https:\/\/schweizversand.ch\/wp-content\/uploads\/2026\/02\/5472127747.png","type":"image\/png"}],"twitter_card":"summary_large_image","twitter_misc":{"Tempo di lettura stimato":"2 minuto"},"schema":{"@context":"https:\/\/schema.org","@graph":[{"@type":"WebPage","@id":"https:\/\/schweizversand.ch\/it\/produkt\/jumbo-kartenspiel-stratego-card-clash\/","url":"https:\/\/schweizversand.ch\/it\/produkt\/jumbo-kartenspiel-stratego-card-clash\/","name":"Jumbo Kartenspiel Stratego Card Clash | Jetzt kaufen | Schweizversand.ch","isPartOf":{"@id":"https:\/\/schweizversand.ch\/it\/#website"},"primaryImageOfPage":{"@id":"https:\/\/schweizversand.ch\/it\/produkt\/jumbo-kartenspiel-stratego-card-clash\/#primaryimage"},"image":{"@id":"https:\/\/schweizversand.ch\/it\/produkt\/jumbo-kartenspiel-stratego-card-clash\/#primaryimage"},"thumbnailUrl":"https:\/\/schweizversand.ch\/wp-content\/uploads\/2026\/02\/5472127747.png","datePublished":"2026-03-14T22:20:50+00:00","dateModified":"2026-04-30T00:04:59+00:00","description":"Jumbo Kartenspiel Stratego Card Clash g\u00fcnstig kaufen bei Schweizversand.ch. Schnelle Lieferung in der Schweiz. Gratisversand ab CHF 50.","breadcrumb":{"@id":"https:\/\/schweizversand.ch\/it\/produkt\/jumbo-kartenspiel-stratego-card-clash\/#breadcrumb"},"inLanguage":"it-IT","potentialAction":[{"@type":"ReadAction","target":["https:\/\/schweizversand.ch\/it\/produkt\/jumbo-kartenspiel-stratego-card-clash\/"]}]},{"@type":"ImageObject","inLanguage":"it-IT","@id":"https:\/\/schweizversand.ch\/it\/produkt\/jumbo-kartenspiel-stratego-card-clash\/#primaryimage","url":"https:\/\/schweizversand.ch\/wp-content\/uploads\/2026\/02\/5472127747.png","contentUrl":"https:\/\/schweizversand.ch\/wp-content\/uploads\/2026\/02\/5472127747.png","width":710,"height":1024},{"@type":"BreadcrumbList","@id":"https:\/\/schweizversand.ch\/it\/produkt\/jumbo-kartenspiel-stratego-card-clash\/#breadcrumb","itemListElement":[{"@type":"ListItem","position":1,"name":"Startseite","item":"https:\/\/schweizversand.ch\/it\/home\/"},{"@type":"ListItem","position":2,"name":"Shop","item":"https:\/\/schweizversand.ch\/it\/shop\/"},{"@type":"ListItem","position":3,"name":"Giocattoli e giochi","item":"https:\/\/schweizversand.ch\/it\/produkt-kategorie\/giocattoli-e-giochi\/"},{"@type":"ListItem","position":4,"name":"Giochi e puzzle","item":"https:\/\/schweizversand.ch\/it\/produkt-kategorie\/giocattoli-e-giochi\/giochi-e-puzzle\/"},{"@type":"ListItem","position":5,"name":"Giochi educativi","item":"https:\/\/schweizversand.ch\/en\/produkt-kategorie\/lernspiel\/"},{"@type":"ListItem","position":6,"name":"Gioco di carte Jumbo Stratego Card Clash"}]},{"@type":"WebSite","@id":"https:\/\/schweizversand.ch\/it\/#website","url":"https:\/\/schweizversand.ch\/it\/","name":"Schweizer Shop f\u00fcr Sport, Spiel und Freizeit","description":"Gratisversand ab 50.- (netto), ab eigenem schweizer Lager, Lieferung innert 48h","publisher":{"@id":"https:\/\/schweizversand.ch\/it\/#organization"},"alternateName":"Schweizversand.ch","potentialAction":[{"@type":"SearchAction","target":{"@type":"EntryPoint","urlTemplate":"https:\/\/schweizversand.ch\/it\/?s={search_term_string}"},"query-input":{"@type":"PropertyValueSpecification","valueRequired":true,"valueName":"search_term_string"}}],"inLanguage":"it-IT"},{"@type":"Organization","@id":"https:\/\/schweizversand.ch\/it\/#organization","name":"Schweizversand.ch","url":"https:\/\/schweizversand.ch\/it\/","logo":{"@type":"ImageObject","inLanguage":"it-IT","@id":"https:\/\/schweizversand.ch\/it\/#\/schema\/logo\/image\/","url":"https:\/\/schweizversand.ch\/wp-content\/uploads\/2026\/03\/Logo_Rund_Final-1.png","contentUrl":"https:\/\/schweizversand.ch\/wp-content\/uploads\/2026\/03\/Logo_Rund_Final-1.png","width":404,"height":404,"caption":"Schweizversand.ch"},"image":{"@id":"https:\/\/schweizversand.ch\/it\/#\/schema\/logo\/image\/"},"sameAs":["https:\/\/www.facebook.com\/Schweizversand","https:\/\/www.instagram.com\/schweizversand.ch\/"]}]}},"jetpack_sharing_enabled":true,"_links":{"self":[{"href":"https:\/\/schweizversand.ch\/it\/wp-json\/wp\/v2\/product\/254006","targetHints":{"allow":["GET"]}}],"collection":[{"href":"https:\/\/schweizversand.ch\/it\/wp-json\/wp\/v2\/product"}],"about":[{"href":"https:\/\/schweizversand.ch\/it\/wp-json\/wp\/v2\/types\/product"}],"replies":[{"embeddable":true,"href":"https:\/\/schweizversand.ch\/it\/wp-json\/wp\/v2\/comments?post=254006"}],"wp:featuredmedia":[{"embeddable":true,"href":"https:\/\/schweizversand.ch\/it\/wp-json\/wp\/v2\/media\/156823"}],"wp:attachment":[{"href":"https:\/\/schweizversand.ch\/it\/wp-json\/wp\/v2\/media?parent=254006"}],"wp:term":[{"taxonomy":"product_brand","embeddable":true,"href":"https:\/\/schweizversand.ch\/it\/wp-json\/wp\/v2\/product_brand?post=254006"},{"taxonomy":"product_cat","embeddable":true,"href":"https:\/\/schweizversand.ch\/it\/wp-json\/wp\/v2\/product_cat?post=254006"},{"taxonomy":"product_tag","embeddable":true,"href":"https:\/\/schweizversand.ch\/it\/wp-json\/wp\/v2\/product_tag?post=254006"}],"curies":[{"name":"wp","href":"https:\/\/api.w.org\/{rel}","templated":true}]}}