{"id":254012,"date":"2026-03-14T23:20:51","date_gmt":"2026-03-14T22:20:51","guid":{"rendered":"https:\/\/schweizversand.ch\/produkt\/champ-hundekotbeutel-240-stk\/"},"modified":"2026-04-19T15:36:21","modified_gmt":"2026-04-19T13:36:21","slug":"champ-hundekotbeutel-240-stk","status":"publish","type":"product","link":"https:\/\/schweizversand.ch\/it\/produkt\/champ-hundekotbeutel-240-stk\/","title":{"rendered":"Sacchetti per escrementi di cane CHAMP 240 pz."},"content":{"rendered":"<p>Pratici ed ecologici: i nostri sacchetti per la raccolta delle deiezioni canine sono un must per ogni proprietario di cane! Questa confezione contiene 240 sacchetti, suddivisi in 12 rotoli da 20 sacchetti ciascuno, confezionati in blister. I nostri sacchetti sono realizzati in polietilene riciclabile al 100%, contribuendo a un ambiente pi\u00f9 pulito. Ogni sacchetto \u00e8 disponibile in colori vivaci: rosso, arancione, giallo, verde chiaro, verde, verde menta, azzurro, blu, viola, rosa scuro, rosa e rosa chiaro. Con dimensioni di 220 x 300 mm e uno spessore di 10 micrometri, offrono ampio spazio e resistenza.<\/p>\n<\/p>\n<p>Ogni rotolo \u00e8 dotato di un adesivo di 20 x 20 mm per una chiusura rapida e semplice. Un certificato di autenticit\u00e0 accompagna ogni prodotto per garantire la massima qualit\u00e0. I \u200b\u200bnostri sacchetti per la raccolta delle deiezioni canine non sono solo funzionali, ma anche eleganti ed ecologici. Rendi le passeggiate con il tuo amico a quattro zampe un&#8217;esperienza senza stress e dimostra il tuo impegno per la natura. Ordina ora e semplifica la vita a te e al tuo fedele compagno!<\/p>\n","protected":false},"excerpt":{"rendered":"<p>Pratici ed ecologici: i nostri sacchetti per la raccolta delle deiezioni canine sono un must per ogni proprietario di cane! Questa confezione contiene 240 sacchetti, suddivisi in 12 rotoli da 20 sacchetti ciascuno, confezionati in blister. I nostri sacchetti sono realizzati in polietilene riciclabile al 100%, contribuendo a un ambiente pi\u00f9 pulito. Ogni sacchetto \u00e8 disponibile in colori vivaci: rosso, arancione, giallo, verde chiaro, verde, verde menta, azzurro, blu, viola, rosa scuro, rosa e rosa&hellip;<\/p>\n","protected":false},"featured_media":156836,"comment_status":"open","ping_status":"closed","template":"","meta":[],"product_brand":[],"product_cat":[38886],"product_tag":[],"class_list":{"0":"post-254012","1":"product","2":"type-product","3":"status-publish","4":"has-post-thumbnail","6":"product_cat-diverses-zubehoer","7":"product_shipping_class-global_methods","9":"first","10":"instock","11":"taxable","12":"shipping-taxable","13":"purchasable","14":"product-type-simple"},"yoast_head":"<!-- This site is optimized with the Yoast SEO plugin v27.4 - https:\/\/yoast.com\/product\/yoast-seo-wordpress\/ -->\n<title>CHAMP Hundekotbeutel 240 Stk. | Jetzt kaufen | Schweizversand.ch<\/title>\n<meta name=\"description\" content=\"CHAMP Hundekotbeutel 240 Stk. g\u00fcnstig kaufen bei Schweizversand.ch. Schnelle Lieferung in der Schweiz. Gratisversand ab CHF 50.\" \/>\n<meta name=\"robots\" content=\"index, follow, max-snippet:-1, max-image-preview:large, max-video-preview:-1\" \/>\n<link rel=\"canonical\" href=\"https:\/\/schweizversand.ch\/it\/produkt\/champ-hundekotbeutel-240-stk\/\" \/>\n<meta property=\"og:locale\" content=\"it_IT\" \/>\n<meta property=\"og:type\" content=\"article\" \/>\n<meta property=\"og:title\" content=\"CHAMP Hundekotbeutel 240 Stk. | Jetzt kaufen | Schweizversand.ch\" \/>\n<meta property=\"og:description\" content=\"CHAMP Hundekotbeutel 240 Stk. g\u00fcnstig kaufen bei Schweizversand.ch. Schnelle Lieferung in der Schweiz. Gratisversand ab CHF 50.\" \/>\n<meta property=\"og:url\" content=\"https:\/\/schweizversand.ch\/it\/produkt\/champ-hundekotbeutel-240-stk\/\" \/>\n<meta property=\"og:site_name\" content=\"Schweizer Shop f\u00fcr Sport, Spiel und Freizeit\" \/>\n<meta property=\"article:publisher\" content=\"https:\/\/www.facebook.com\/Schweizversand\" \/>\n<meta property=\"article:modified_time\" content=\"2026-04-19T13:36:21+00:00\" \/>\n<meta property=\"og:image\" content=\"https:\/\/schweizversand.ch\/wp-content\/uploads\/2026\/02\/5471616576.jpg\" \/>\n\t<meta property=\"og:image:width\" content=\"259\" \/>\n\t<meta property=\"og:image:height\" content=\"1024\" \/>\n\t<meta property=\"og:image:type\" content=\"image\/jpeg\" \/>\n<meta name=\"twitter:card\" content=\"summary_large_image\" \/>\n<meta name=\"twitter:label1\" content=\"Tempo di lettura stimato\" \/>\n\t<meta name=\"twitter:data1\" content=\"1 minuto\" \/>\n<script type=\"application\/ld+json\" class=\"yoast-schema-graph\">{\"@context\":\"https:\\\/\\\/schema.org\",\"@graph\":[{\"@type\":\"WebPage\",\"@id\":\"https:\\\/\\\/schweizversand.ch\\\/it\\\/produkt\\\/champ-hundekotbeutel-240-stk\\\/\",\"url\":\"https:\\\/\\\/schweizversand.ch\\\/it\\\/produkt\\\/champ-hundekotbeutel-240-stk\\\/\",\"name\":\"CHAMP Hundekotbeutel 240 Stk. | Jetzt kaufen | Schweizversand.ch\",\"isPartOf\":{\"@id\":\"https:\\\/\\\/schweizversand.ch\\\/it\\\/#website\"},\"primaryImageOfPage\":{\"@id\":\"https:\\\/\\\/schweizversand.ch\\\/it\\\/produkt\\\/champ-hundekotbeutel-240-stk\\\/#primaryimage\"},\"image\":{\"@id\":\"https:\\\/\\\/schweizversand.ch\\\/it\\\/produkt\\\/champ-hundekotbeutel-240-stk\\\/#primaryimage\"},\"thumbnailUrl\":\"https:\\\/\\\/schweizversand.ch\\\/wp-content\\\/uploads\\\/2026\\\/02\\\/5471616576.jpg\",\"datePublished\":\"2026-03-14T22:20:51+00:00\",\"dateModified\":\"2026-04-19T13:36:21+00:00\",\"description\":\"CHAMP Hundekotbeutel 240 Stk. g\u00fcnstig kaufen bei Schweizversand.ch. Schnelle Lieferung in der Schweiz. Gratisversand ab CHF 50.\",\"breadcrumb\":{\"@id\":\"https:\\\/\\\/schweizversand.ch\\\/it\\\/produkt\\\/champ-hundekotbeutel-240-stk\\\/#breadcrumb\"},\"inLanguage\":\"it-IT\",\"potentialAction\":[{\"@type\":\"ReadAction\",\"target\":[\"https:\\\/\\\/schweizversand.ch\\\/it\\\/produkt\\\/champ-hundekotbeutel-240-stk\\\/\"]}]},{\"@type\":\"ImageObject\",\"inLanguage\":\"it-IT\",\"@id\":\"https:\\\/\\\/schweizversand.ch\\\/it\\\/produkt\\\/champ-hundekotbeutel-240-stk\\\/#primaryimage\",\"url\":\"https:\\\/\\\/schweizversand.ch\\\/wp-content\\\/uploads\\\/2026\\\/02\\\/5471616576.jpg\",\"contentUrl\":\"https:\\\/\\\/schweizversand.ch\\\/wp-content\\\/uploads\\\/2026\\\/02\\\/5471616576.jpg\",\"width\":259,\"height\":1024},{\"@type\":\"BreadcrumbList\",\"@id\":\"https:\\\/\\\/schweizversand.ch\\\/it\\\/produkt\\\/champ-hundekotbeutel-240-stk\\\/#breadcrumb\",\"itemListElement\":[{\"@type\":\"ListItem\",\"position\":1,\"name\":\"Startseite\",\"item\":\"https:\\\/\\\/schweizversand.ch\\\/it\\\/home\\\/\"},{\"@type\":\"ListItem\",\"position\":2,\"name\":\"Shop\",\"item\":\"https:\\\/\\\/schweizversand.ch\\\/it\\\/shop\\\/\"},{\"@type\":\"ListItem\",\"position\":3,\"name\":\"Prodotti per animali domestici\",\"item\":\"https:\\\/\\\/schweizversand.ch\\\/it\\\/produkt-kategorie\\\/articoli-per-animali-domestici\\\/\"},{\"@type\":\"ListItem\",\"position\":4,\"name\":\"Cane\",\"item\":\"https:\\\/\\\/schweizversand.ch\\\/it\\\/produkt-kategorie\\\/articoli-per-animali-domestici\\\/cani\\\/\"},{\"@type\":\"ListItem\",\"position\":5,\"name\":\"Varie e accessori\",\"item\":\"https:\\\/\\\/schweizversand.ch\\\/it\\\/produkt-kategorie\\\/articoli-per-animali-domestici\\\/cani\\\/diverses-zubehoer\\\/\"},{\"@type\":\"ListItem\",\"position\":6,\"name\":\"Sacchetti per escrementi di cane CHAMP 240 pz.\"}]},{\"@type\":\"WebSite\",\"@id\":\"https:\\\/\\\/schweizversand.ch\\\/it\\\/#website\",\"url\":\"https:\\\/\\\/schweizversand.ch\\\/it\\\/\",\"name\":\"Schweizer Shop f\u00fcr Sport, Spiel und Freizeit\",\"description\":\"Gratisversand ab 50.- (netto), ab eigenem schweizer Lager, Lieferung innert 48h\",\"publisher\":{\"@id\":\"https:\\\/\\\/schweizversand.ch\\\/it\\\/#organization\"},\"alternateName\":\"Schweizversand.ch\",\"potentialAction\":[{\"@type\":\"SearchAction\",\"target\":{\"@type\":\"EntryPoint\",\"urlTemplate\":\"https:\\\/\\\/schweizversand.ch\\\/it\\\/?s={search_term_string}\"},\"query-input\":{\"@type\":\"PropertyValueSpecification\",\"valueRequired\":true,\"valueName\":\"search_term_string\"}}],\"inLanguage\":\"it-IT\"},{\"@type\":\"Organization\",\"@id\":\"https:\\\/\\\/schweizversand.ch\\\/it\\\/#organization\",\"name\":\"Schweizversand.ch\",\"url\":\"https:\\\/\\\/schweizversand.ch\\\/it\\\/\",\"logo\":{\"@type\":\"ImageObject\",\"inLanguage\":\"it-IT\",\"@id\":\"https:\\\/\\\/schweizversand.ch\\\/it\\\/#\\\/schema\\\/logo\\\/image\\\/\",\"url\":\"https:\\\/\\\/schweizversand.ch\\\/wp-content\\\/uploads\\\/2026\\\/03\\\/Logo_Rund_Final-1.png\",\"contentUrl\":\"https:\\\/\\\/schweizversand.ch\\\/wp-content\\\/uploads\\\/2026\\\/03\\\/Logo_Rund_Final-1.png\",\"width\":404,\"height\":404,\"caption\":\"Schweizversand.ch\"},\"image\":{\"@id\":\"https:\\\/\\\/schweizversand.ch\\\/it\\\/#\\\/schema\\\/logo\\\/image\\\/\"},\"sameAs\":[\"https:\\\/\\\/www.facebook.com\\\/Schweizversand\",\"https:\\\/\\\/www.instagram.com\\\/schweizversand.ch\\\/\"]}]}<\/script>\n<!-- \/ Yoast SEO plugin. -->","yoast_head_json":{"title":"CHAMP Hundekotbeutel 240 Stk. | Jetzt kaufen | Schweizversand.ch","description":"CHAMP Hundekotbeutel 240 Stk. g\u00fcnstig kaufen bei Schweizversand.ch. Schnelle Lieferung in der Schweiz. Gratisversand ab CHF 50.","robots":{"index":"index","follow":"follow","max-snippet":"max-snippet:-1","max-image-preview":"max-image-preview:large","max-video-preview":"max-video-preview:-1"},"canonical":"https:\/\/schweizversand.ch\/it\/produkt\/champ-hundekotbeutel-240-stk\/","og_locale":"it_IT","og_type":"article","og_title":"CHAMP Hundekotbeutel 240 Stk. | Jetzt kaufen | Schweizversand.ch","og_description":"CHAMP Hundekotbeutel 240 Stk. g\u00fcnstig kaufen bei Schweizversand.ch. Schnelle Lieferung in der Schweiz. Gratisversand ab CHF 50.","og_url":"https:\/\/schweizversand.ch\/it\/produkt\/champ-hundekotbeutel-240-stk\/","og_site_name":"Schweizer Shop f\u00fcr Sport, Spiel und Freizeit","article_publisher":"https:\/\/www.facebook.com\/Schweizversand","article_modified_time":"2026-04-19T13:36:21+00:00","og_image":[{"width":259,"height":1024,"url":"https:\/\/schweizversand.ch\/wp-content\/uploads\/2026\/02\/5471616576.jpg","type":"image\/jpeg"}],"twitter_card":"summary_large_image","twitter_misc":{"Tempo di lettura stimato":"1 minuto"},"schema":{"@context":"https:\/\/schema.org","@graph":[{"@type":"WebPage","@id":"https:\/\/schweizversand.ch\/it\/produkt\/champ-hundekotbeutel-240-stk\/","url":"https:\/\/schweizversand.ch\/it\/produkt\/champ-hundekotbeutel-240-stk\/","name":"CHAMP Hundekotbeutel 240 Stk. | Jetzt kaufen | Schweizversand.ch","isPartOf":{"@id":"https:\/\/schweizversand.ch\/it\/#website"},"primaryImageOfPage":{"@id":"https:\/\/schweizversand.ch\/it\/produkt\/champ-hundekotbeutel-240-stk\/#primaryimage"},"image":{"@id":"https:\/\/schweizversand.ch\/it\/produkt\/champ-hundekotbeutel-240-stk\/#primaryimage"},"thumbnailUrl":"https:\/\/schweizversand.ch\/wp-content\/uploads\/2026\/02\/5471616576.jpg","datePublished":"2026-03-14T22:20:51+00:00","dateModified":"2026-04-19T13:36:21+00:00","description":"CHAMP Hundekotbeutel 240 Stk. g\u00fcnstig kaufen bei Schweizversand.ch. Schnelle Lieferung in der Schweiz. Gratisversand ab CHF 50.","breadcrumb":{"@id":"https:\/\/schweizversand.ch\/it\/produkt\/champ-hundekotbeutel-240-stk\/#breadcrumb"},"inLanguage":"it-IT","potentialAction":[{"@type":"ReadAction","target":["https:\/\/schweizversand.ch\/it\/produkt\/champ-hundekotbeutel-240-stk\/"]}]},{"@type":"ImageObject","inLanguage":"it-IT","@id":"https:\/\/schweizversand.ch\/it\/produkt\/champ-hundekotbeutel-240-stk\/#primaryimage","url":"https:\/\/schweizversand.ch\/wp-content\/uploads\/2026\/02\/5471616576.jpg","contentUrl":"https:\/\/schweizversand.ch\/wp-content\/uploads\/2026\/02\/5471616576.jpg","width":259,"height":1024},{"@type":"BreadcrumbList","@id":"https:\/\/schweizversand.ch\/it\/produkt\/champ-hundekotbeutel-240-stk\/#breadcrumb","itemListElement":[{"@type":"ListItem","position":1,"name":"Startseite","item":"https:\/\/schweizversand.ch\/it\/home\/"},{"@type":"ListItem","position":2,"name":"Shop","item":"https:\/\/schweizversand.ch\/it\/shop\/"},{"@type":"ListItem","position":3,"name":"Prodotti per animali domestici","item":"https:\/\/schweizversand.ch\/it\/produkt-kategorie\/articoli-per-animali-domestici\/"},{"@type":"ListItem","position":4,"name":"Cane","item":"https:\/\/schweizversand.ch\/it\/produkt-kategorie\/articoli-per-animali-domestici\/cani\/"},{"@type":"ListItem","position":5,"name":"Varie e accessori","item":"https:\/\/schweizversand.ch\/it\/produkt-kategorie\/articoli-per-animali-domestici\/cani\/diverses-zubehoer\/"},{"@type":"ListItem","position":6,"name":"Sacchetti per escrementi di cane CHAMP 240 pz."}]},{"@type":"WebSite","@id":"https:\/\/schweizversand.ch\/it\/#website","url":"https:\/\/schweizversand.ch\/it\/","name":"Schweizer Shop f\u00fcr Sport, Spiel und Freizeit","description":"Gratisversand ab 50.- (netto), ab eigenem schweizer Lager, Lieferung innert 48h","publisher":{"@id":"https:\/\/schweizversand.ch\/it\/#organization"},"alternateName":"Schweizversand.ch","potentialAction":[{"@type":"SearchAction","target":{"@type":"EntryPoint","urlTemplate":"https:\/\/schweizversand.ch\/it\/?s={search_term_string}"},"query-input":{"@type":"PropertyValueSpecification","valueRequired":true,"valueName":"search_term_string"}}],"inLanguage":"it-IT"},{"@type":"Organization","@id":"https:\/\/schweizversand.ch\/it\/#organization","name":"Schweizversand.ch","url":"https:\/\/schweizversand.ch\/it\/","logo":{"@type":"ImageObject","inLanguage":"it-IT","@id":"https:\/\/schweizversand.ch\/it\/#\/schema\/logo\/image\/","url":"https:\/\/schweizversand.ch\/wp-content\/uploads\/2026\/03\/Logo_Rund_Final-1.png","contentUrl":"https:\/\/schweizversand.ch\/wp-content\/uploads\/2026\/03\/Logo_Rund_Final-1.png","width":404,"height":404,"caption":"Schweizversand.ch"},"image":{"@id":"https:\/\/schweizversand.ch\/it\/#\/schema\/logo\/image\/"},"sameAs":["https:\/\/www.facebook.com\/Schweizversand","https:\/\/www.instagram.com\/schweizversand.ch\/"]}]}},"jetpack_sharing_enabled":true,"_links":{"self":[{"href":"https:\/\/schweizversand.ch\/it\/wp-json\/wp\/v2\/product\/254012","targetHints":{"allow":["GET"]}}],"collection":[{"href":"https:\/\/schweizversand.ch\/it\/wp-json\/wp\/v2\/product"}],"about":[{"href":"https:\/\/schweizversand.ch\/it\/wp-json\/wp\/v2\/types\/product"}],"replies":[{"embeddable":true,"href":"https:\/\/schweizversand.ch\/it\/wp-json\/wp\/v2\/comments?post=254012"}],"wp:featuredmedia":[{"embeddable":true,"href":"https:\/\/schweizversand.ch\/it\/wp-json\/wp\/v2\/media\/156836"}],"wp:attachment":[{"href":"https:\/\/schweizversand.ch\/it\/wp-json\/wp\/v2\/media?parent=254012"}],"wp:term":[{"taxonomy":"product_brand","embeddable":true,"href":"https:\/\/schweizversand.ch\/it\/wp-json\/wp\/v2\/product_brand?post=254012"},{"taxonomy":"product_cat","embeddable":true,"href":"https:\/\/schweizversand.ch\/it\/wp-json\/wp\/v2\/product_cat?post=254012"},{"taxonomy":"product_tag","embeddable":true,"href":"https:\/\/schweizversand.ch\/it\/wp-json\/wp\/v2\/product_tag?post=254012"}],"curies":[{"name":"wp","href":"https:\/\/api.w.org\/{rel}","templated":true}]}}