{"id":254027,"date":"2026-03-14T23:49:02","date_gmt":"2026-03-14T22:49:02","guid":{"rendered":"https:\/\/schweizversand.ch\/produkt\/pure2improve-trainings-t-shirt-fuer-herren-2\/"},"modified":"2026-04-19T15:36:24","modified_gmt":"2026-04-19T13:36:24","slug":"pure2improve-trainings-t-shirt-fuer-herren-2","status":"publish","type":"product","link":"https:\/\/schweizversand.ch\/it\/produkt\/pure2improve-trainings-t-shirt-fuer-herren-2\/","title":{"rendered":"Maglietta da allenamento Pure2improve per uomo"},"content":{"rendered":"<p>Maglia da allenamento Pure2Improve da uomo: massimo comfort per massime prestazioni!<\/p>\n<p>Con la maglia da allenamento Pure2Improve da uomo, sei pronto per qualsiasi allenamento, in palestra, durante la corsa o nella vita di tutti i giorni. Questa maglia tecnica di alta qualit\u00e0 colpisce per la sua vestibilit\u00e0 perfetta, l&#8217;eccellente libert\u00e0 di movimento e un mix di tessuti traspiranti che ti sostengono durante qualsiasi attivit\u00e0.<\/p>\n<p>Realizzata al 94% in poliestere e al 6% in elastan, la maglia offre una combinazione ottimale di flessibilit\u00e0 e stabilit\u00e0. Il tessuto leggero ed elastico garantisce una sensazione di comfort e la massima mobilit\u00e0, perfetta per sessioni di allenamento intense o per il tempo libero.<\/p>\n<p>La maglia da allenamento Pure2Improve pu\u00f2 essere abbinata perfettamente ad altri articoli della nuova collezione fitness Pure2Improve, come pantaloncini, felpe con cappuccio o pantaloni da allenamento.<\/p>\n<p>Vantaggi del prodotto in sintesi:<\/p>\n<p>\u2022 Prestazioni elevate e Comodo: tessuto tecnico traspirante ed elastico per il massimo comfort<\/p>\n<p>\u2022 Vestibilit\u00e0 ideale: aderente ma non costrittivo, perfetto per l&#8217;allenamento e il tempo libero<\/p>\n<p>\u2022 Tessuto misto di alta qualit\u00e0: 94% poliestere, 6% elastan<\/p>\n<p>\u2022 Facile da lavare: lavabile in lavatrice a 30 \u00b0C (ciclo normale)<\/p>\n<p>\u2022 Qualit\u00e0 del marchio: garanzia di qualit\u00e0 al 100% da Pure2Improve<\/p>\n<p>\u2022 Versatile: si abbina perfettamente a pantaloncini, felpe con cappuccio e altro ancora.<\/p>\n<p>Pure2Improve \u00e8 sinonimo di innovazione, qualit\u00e0 e prestazioni nel fitness e nell&#8217;allenamento da anni. Con questa maglia tecnica, otterrai la combinazione perfetta di stile, comfort e funzionalit\u00e0.<\/p>\n","protected":false},"excerpt":{"rendered":"<p>Maglia da allenamento Pure2Improve da uomo: massimo comfort per massime prestazioni! Con la maglia da allenamento Pure2Improve da uomo, sei pronto per qualsiasi allenamento, in palestra, durante la corsa o nella vita di tutti i giorni. Questa maglia tecnica di alta qualit\u00e0 colpisce per la sua vestibilit\u00e0 perfetta, l&#8217;eccellente libert\u00e0 di movimento e un mix di tessuti traspiranti che ti sostengono durante qualsiasi attivit\u00e0. Realizzata al 94% in poliestere e al 6% in elastan, la&hellip;<\/p>\n","protected":false},"featured_media":157205,"comment_status":"open","ping_status":"closed","template":"","meta":[],"product_brand":[],"product_cat":[38542,38543],"product_tag":[],"class_list":{"0":"post-254027","1":"product","2":"type-product","3":"status-publish","4":"has-post-thumbnail","6":"product_cat-fitness-textilien","7":"product_cat-tessili-per-il-fitness","8":"product_shipping_class-global_methods","10":"first","11":"instock","12":"taxable","13":"shipping-taxable","14":"purchasable","15":"product-type-simple"},"yoast_head":"<!-- This site is optimized with the Yoast SEO plugin v27.4 - https:\/\/yoast.com\/product\/yoast-seo-wordpress\/ -->\n<title>Pure2improve Trainings T-Shirt f\u00fcr Herren | Jetzt kaufen | Schweizversand.ch<\/title>\n<meta name=\"description\" content=\"Pure2improve Trainings T-Shirt f\u00fcr Herren g\u00fcnstig kaufen bei Schweizversand.ch. Schnelle Lieferung in der Schweiz. Gratisversand ab CHF 50.\" \/>\n<meta name=\"robots\" content=\"index, follow, max-snippet:-1, max-image-preview:large, max-video-preview:-1\" \/>\n<link rel=\"canonical\" href=\"https:\/\/schweizversand.ch\/it\/produkt\/pure2improve-trainings-t-shirt-fuer-herren-2\/\" \/>\n<meta property=\"og:locale\" content=\"it_IT\" \/>\n<meta property=\"og:type\" content=\"article\" \/>\n<meta property=\"og:title\" content=\"Pure2improve Trainings T-Shirt f\u00fcr Herren | Jetzt kaufen | Schweizversand.ch\" \/>\n<meta property=\"og:description\" content=\"Pure2improve Trainings T-Shirt f\u00fcr Herren g\u00fcnstig kaufen bei Schweizversand.ch. Schnelle Lieferung in der Schweiz. Gratisversand ab CHF 50.\" \/>\n<meta property=\"og:url\" content=\"https:\/\/schweizversand.ch\/it\/produkt\/pure2improve-trainings-t-shirt-fuer-herren-2\/\" \/>\n<meta property=\"og:site_name\" content=\"Schweizer Shop f\u00fcr Sport, Spiel und Freizeit\" \/>\n<meta property=\"article:publisher\" content=\"https:\/\/www.facebook.com\/Schweizversand\" \/>\n<meta property=\"article:modified_time\" content=\"2026-04-19T13:36:24+00:00\" \/>\n<meta property=\"og:image\" content=\"https:\/\/schweizversand.ch\/wp-content\/uploads\/2026\/02\/5471671247.jpg\" \/>\n\t<meta property=\"og:image:width\" content=\"802\" \/>\n\t<meta property=\"og:image:height\" content=\"1024\" \/>\n\t<meta property=\"og:image:type\" content=\"image\/jpeg\" \/>\n<meta name=\"twitter:card\" content=\"summary_large_image\" \/>\n<meta name=\"twitter:label1\" content=\"Tempo di lettura stimato\" \/>\n\t<meta name=\"twitter:data1\" content=\"1 minuto\" \/>\n<script type=\"application\/ld+json\" class=\"yoast-schema-graph\">{\"@context\":\"https:\\\/\\\/schema.org\",\"@graph\":[{\"@type\":\"WebPage\",\"@id\":\"https:\\\/\\\/schweizversand.ch\\\/it\\\/produkt\\\/pure2improve-trainings-t-shirt-fuer-herren-2\\\/\",\"url\":\"https:\\\/\\\/schweizversand.ch\\\/it\\\/produkt\\\/pure2improve-trainings-t-shirt-fuer-herren-2\\\/\",\"name\":\"Pure2improve Trainings T-Shirt f\u00fcr Herren | Jetzt kaufen | Schweizversand.ch\",\"isPartOf\":{\"@id\":\"https:\\\/\\\/schweizversand.ch\\\/it\\\/#website\"},\"primaryImageOfPage\":{\"@id\":\"https:\\\/\\\/schweizversand.ch\\\/it\\\/produkt\\\/pure2improve-trainings-t-shirt-fuer-herren-2\\\/#primaryimage\"},\"image\":{\"@id\":\"https:\\\/\\\/schweizversand.ch\\\/it\\\/produkt\\\/pure2improve-trainings-t-shirt-fuer-herren-2\\\/#primaryimage\"},\"thumbnailUrl\":\"https:\\\/\\\/schweizversand.ch\\\/wp-content\\\/uploads\\\/2026\\\/02\\\/5471671247.jpg\",\"datePublished\":\"2026-03-14T22:49:02+00:00\",\"dateModified\":\"2026-04-19T13:36:24+00:00\",\"description\":\"Pure2improve Trainings T-Shirt f\u00fcr Herren g\u00fcnstig kaufen bei Schweizversand.ch. Schnelle Lieferung in der Schweiz. Gratisversand ab CHF 50.\",\"breadcrumb\":{\"@id\":\"https:\\\/\\\/schweizversand.ch\\\/it\\\/produkt\\\/pure2improve-trainings-t-shirt-fuer-herren-2\\\/#breadcrumb\"},\"inLanguage\":\"it-IT\",\"potentialAction\":[{\"@type\":\"ReadAction\",\"target\":[\"https:\\\/\\\/schweizversand.ch\\\/it\\\/produkt\\\/pure2improve-trainings-t-shirt-fuer-herren-2\\\/\"]}]},{\"@type\":\"ImageObject\",\"inLanguage\":\"it-IT\",\"@id\":\"https:\\\/\\\/schweizversand.ch\\\/it\\\/produkt\\\/pure2improve-trainings-t-shirt-fuer-herren-2\\\/#primaryimage\",\"url\":\"https:\\\/\\\/schweizversand.ch\\\/wp-content\\\/uploads\\\/2026\\\/02\\\/5471671247.jpg\",\"contentUrl\":\"https:\\\/\\\/schweizversand.ch\\\/wp-content\\\/uploads\\\/2026\\\/02\\\/5471671247.jpg\",\"width\":802,\"height\":1024},{\"@type\":\"BreadcrumbList\",\"@id\":\"https:\\\/\\\/schweizversand.ch\\\/it\\\/produkt\\\/pure2improve-trainings-t-shirt-fuer-herren-2\\\/#breadcrumb\",\"itemListElement\":[{\"@type\":\"ListItem\",\"position\":1,\"name\":\"Startseite\",\"item\":\"https:\\\/\\\/schweizversand.ch\\\/it\\\/home\\\/\"},{\"@type\":\"ListItem\",\"position\":2,\"name\":\"Shop\",\"item\":\"https:\\\/\\\/schweizversand.ch\\\/it\\\/shop\\\/\"},{\"@type\":\"ListItem\",\"position\":3,\"name\":\"Sport\",\"item\":\"https:\\\/\\\/schweizversand.ch\\\/it\\\/produkt-kategorie\\\/sport-it\\\/\"},{\"@type\":\"ListItem\",\"position\":4,\"name\":\"Fitness\",\"item\":\"https:\\\/\\\/schweizversand.ch\\\/it\\\/produkt-kategorie\\\/sport-it\\\/fitness\\\/\"},{\"@type\":\"ListItem\",\"position\":5,\"name\":\"Tessili per il fitness\",\"item\":\"https:\\\/\\\/schweizversand.ch\\\/it\\\/produkt-kategorie\\\/sport\\\/fitness\\\/tessili-per-il-fitness\\\/\"},{\"@type\":\"ListItem\",\"position\":6,\"name\":\"Maglietta da allenamento Pure2improve per uomo\"}]},{\"@type\":\"WebSite\",\"@id\":\"https:\\\/\\\/schweizversand.ch\\\/it\\\/#website\",\"url\":\"https:\\\/\\\/schweizversand.ch\\\/it\\\/\",\"name\":\"Schweizer Shop f\u00fcr Sport, Spiel und Freizeit\",\"description\":\"Gratisversand ab 50.- (netto), ab eigenem schweizer Lager, Lieferung innert 48h\",\"publisher\":{\"@id\":\"https:\\\/\\\/schweizversand.ch\\\/it\\\/#organization\"},\"alternateName\":\"Schweizversand.ch\",\"potentialAction\":[{\"@type\":\"SearchAction\",\"target\":{\"@type\":\"EntryPoint\",\"urlTemplate\":\"https:\\\/\\\/schweizversand.ch\\\/it\\\/?s={search_term_string}\"},\"query-input\":{\"@type\":\"PropertyValueSpecification\",\"valueRequired\":true,\"valueName\":\"search_term_string\"}}],\"inLanguage\":\"it-IT\"},{\"@type\":\"Organization\",\"@id\":\"https:\\\/\\\/schweizversand.ch\\\/it\\\/#organization\",\"name\":\"Schweizversand.ch\",\"url\":\"https:\\\/\\\/schweizversand.ch\\\/it\\\/\",\"logo\":{\"@type\":\"ImageObject\",\"inLanguage\":\"it-IT\",\"@id\":\"https:\\\/\\\/schweizversand.ch\\\/it\\\/#\\\/schema\\\/logo\\\/image\\\/\",\"url\":\"https:\\\/\\\/schweizversand.ch\\\/wp-content\\\/uploads\\\/2026\\\/03\\\/Logo_Rund_Final-1.png\",\"contentUrl\":\"https:\\\/\\\/schweizversand.ch\\\/wp-content\\\/uploads\\\/2026\\\/03\\\/Logo_Rund_Final-1.png\",\"width\":404,\"height\":404,\"caption\":\"Schweizversand.ch\"},\"image\":{\"@id\":\"https:\\\/\\\/schweizversand.ch\\\/it\\\/#\\\/schema\\\/logo\\\/image\\\/\"},\"sameAs\":[\"https:\\\/\\\/www.facebook.com\\\/Schweizversand\",\"https:\\\/\\\/www.instagram.com\\\/schweizversand.ch\\\/\"]}]}<\/script>\n<!-- \/ Yoast SEO plugin. -->","yoast_head_json":{"title":"Pure2improve Trainings T-Shirt f\u00fcr Herren | Jetzt kaufen | Schweizversand.ch","description":"Pure2improve Trainings T-Shirt f\u00fcr Herren g\u00fcnstig kaufen bei Schweizversand.ch. Schnelle Lieferung in der Schweiz. Gratisversand ab CHF 50.","robots":{"index":"index","follow":"follow","max-snippet":"max-snippet:-1","max-image-preview":"max-image-preview:large","max-video-preview":"max-video-preview:-1"},"canonical":"https:\/\/schweizversand.ch\/it\/produkt\/pure2improve-trainings-t-shirt-fuer-herren-2\/","og_locale":"it_IT","og_type":"article","og_title":"Pure2improve Trainings T-Shirt f\u00fcr Herren | Jetzt kaufen | Schweizversand.ch","og_description":"Pure2improve Trainings T-Shirt f\u00fcr Herren g\u00fcnstig kaufen bei Schweizversand.ch. Schnelle Lieferung in der Schweiz. Gratisversand ab CHF 50.","og_url":"https:\/\/schweizversand.ch\/it\/produkt\/pure2improve-trainings-t-shirt-fuer-herren-2\/","og_site_name":"Schweizer Shop f\u00fcr Sport, Spiel und Freizeit","article_publisher":"https:\/\/www.facebook.com\/Schweizversand","article_modified_time":"2026-04-19T13:36:24+00:00","og_image":[{"width":802,"height":1024,"url":"https:\/\/schweizversand.ch\/wp-content\/uploads\/2026\/02\/5471671247.jpg","type":"image\/jpeg"}],"twitter_card":"summary_large_image","twitter_misc":{"Tempo di lettura stimato":"1 minuto"},"schema":{"@context":"https:\/\/schema.org","@graph":[{"@type":"WebPage","@id":"https:\/\/schweizversand.ch\/it\/produkt\/pure2improve-trainings-t-shirt-fuer-herren-2\/","url":"https:\/\/schweizversand.ch\/it\/produkt\/pure2improve-trainings-t-shirt-fuer-herren-2\/","name":"Pure2improve Trainings T-Shirt f\u00fcr Herren | Jetzt kaufen | Schweizversand.ch","isPartOf":{"@id":"https:\/\/schweizversand.ch\/it\/#website"},"primaryImageOfPage":{"@id":"https:\/\/schweizversand.ch\/it\/produkt\/pure2improve-trainings-t-shirt-fuer-herren-2\/#primaryimage"},"image":{"@id":"https:\/\/schweizversand.ch\/it\/produkt\/pure2improve-trainings-t-shirt-fuer-herren-2\/#primaryimage"},"thumbnailUrl":"https:\/\/schweizversand.ch\/wp-content\/uploads\/2026\/02\/5471671247.jpg","datePublished":"2026-03-14T22:49:02+00:00","dateModified":"2026-04-19T13:36:24+00:00","description":"Pure2improve Trainings T-Shirt f\u00fcr Herren g\u00fcnstig kaufen bei Schweizversand.ch. Schnelle Lieferung in der Schweiz. Gratisversand ab CHF 50.","breadcrumb":{"@id":"https:\/\/schweizversand.ch\/it\/produkt\/pure2improve-trainings-t-shirt-fuer-herren-2\/#breadcrumb"},"inLanguage":"it-IT","potentialAction":[{"@type":"ReadAction","target":["https:\/\/schweizversand.ch\/it\/produkt\/pure2improve-trainings-t-shirt-fuer-herren-2\/"]}]},{"@type":"ImageObject","inLanguage":"it-IT","@id":"https:\/\/schweizversand.ch\/it\/produkt\/pure2improve-trainings-t-shirt-fuer-herren-2\/#primaryimage","url":"https:\/\/schweizversand.ch\/wp-content\/uploads\/2026\/02\/5471671247.jpg","contentUrl":"https:\/\/schweizversand.ch\/wp-content\/uploads\/2026\/02\/5471671247.jpg","width":802,"height":1024},{"@type":"BreadcrumbList","@id":"https:\/\/schweizversand.ch\/it\/produkt\/pure2improve-trainings-t-shirt-fuer-herren-2\/#breadcrumb","itemListElement":[{"@type":"ListItem","position":1,"name":"Startseite","item":"https:\/\/schweizversand.ch\/it\/home\/"},{"@type":"ListItem","position":2,"name":"Shop","item":"https:\/\/schweizversand.ch\/it\/shop\/"},{"@type":"ListItem","position":3,"name":"Sport","item":"https:\/\/schweizversand.ch\/it\/produkt-kategorie\/sport-it\/"},{"@type":"ListItem","position":4,"name":"Fitness","item":"https:\/\/schweizversand.ch\/it\/produkt-kategorie\/sport-it\/fitness\/"},{"@type":"ListItem","position":5,"name":"Tessili per il fitness","item":"https:\/\/schweizversand.ch\/it\/produkt-kategorie\/sport\/fitness\/tessili-per-il-fitness\/"},{"@type":"ListItem","position":6,"name":"Maglietta da allenamento Pure2improve per uomo"}]},{"@type":"WebSite","@id":"https:\/\/schweizversand.ch\/it\/#website","url":"https:\/\/schweizversand.ch\/it\/","name":"Schweizer Shop f\u00fcr Sport, Spiel und Freizeit","description":"Gratisversand ab 50.- (netto), ab eigenem schweizer Lager, Lieferung innert 48h","publisher":{"@id":"https:\/\/schweizversand.ch\/it\/#organization"},"alternateName":"Schweizversand.ch","potentialAction":[{"@type":"SearchAction","target":{"@type":"EntryPoint","urlTemplate":"https:\/\/schweizversand.ch\/it\/?s={search_term_string}"},"query-input":{"@type":"PropertyValueSpecification","valueRequired":true,"valueName":"search_term_string"}}],"inLanguage":"it-IT"},{"@type":"Organization","@id":"https:\/\/schweizversand.ch\/it\/#organization","name":"Schweizversand.ch","url":"https:\/\/schweizversand.ch\/it\/","logo":{"@type":"ImageObject","inLanguage":"it-IT","@id":"https:\/\/schweizversand.ch\/it\/#\/schema\/logo\/image\/","url":"https:\/\/schweizversand.ch\/wp-content\/uploads\/2026\/03\/Logo_Rund_Final-1.png","contentUrl":"https:\/\/schweizversand.ch\/wp-content\/uploads\/2026\/03\/Logo_Rund_Final-1.png","width":404,"height":404,"caption":"Schweizversand.ch"},"image":{"@id":"https:\/\/schweizversand.ch\/it\/#\/schema\/logo\/image\/"},"sameAs":["https:\/\/www.facebook.com\/Schweizversand","https:\/\/www.instagram.com\/schweizversand.ch\/"]}]}},"jetpack_sharing_enabled":true,"_links":{"self":[{"href":"https:\/\/schweizversand.ch\/it\/wp-json\/wp\/v2\/product\/254027","targetHints":{"allow":["GET"]}}],"collection":[{"href":"https:\/\/schweizversand.ch\/it\/wp-json\/wp\/v2\/product"}],"about":[{"href":"https:\/\/schweizversand.ch\/it\/wp-json\/wp\/v2\/types\/product"}],"replies":[{"embeddable":true,"href":"https:\/\/schweizversand.ch\/it\/wp-json\/wp\/v2\/comments?post=254027"}],"wp:featuredmedia":[{"embeddable":true,"href":"https:\/\/schweizversand.ch\/it\/wp-json\/wp\/v2\/media\/157205"}],"wp:attachment":[{"href":"https:\/\/schweizversand.ch\/it\/wp-json\/wp\/v2\/media?parent=254027"}],"wp:term":[{"taxonomy":"product_brand","embeddable":true,"href":"https:\/\/schweizversand.ch\/it\/wp-json\/wp\/v2\/product_brand?post=254027"},{"taxonomy":"product_cat","embeddable":true,"href":"https:\/\/schweizversand.ch\/it\/wp-json\/wp\/v2\/product_cat?post=254027"},{"taxonomy":"product_tag","embeddable":true,"href":"https:\/\/schweizversand.ch\/it\/wp-json\/wp\/v2\/product_tag?post=254027"}],"curies":[{"name":"wp","href":"https:\/\/api.w.org\/{rel}","templated":true}]}}