{"id":254036,"date":"2026-03-15T00:05:58","date_gmt":"2026-03-14T23:05:58","guid":{"rendered":"https:\/\/schweizversand.ch\/produkt\/dunlop-fahrradklingel\/"},"modified":"2026-04-30T02:05:12","modified_gmt":"2026-04-30T00:05:12","slug":"dunlop-fahrradklingel","status":"publish","type":"product","link":"https:\/\/schweizversand.ch\/it\/produkt\/dunlop-fahrradklingel\/","title":{"rendered":"Campanello per bicicletta Dunlop"},"content":{"rendered":"<h1><strong>DUNLOP CLASSIC SILVER BICYCLE RINGER &#8211; Campanello per bicicletta ad alto volume<\/strong><\/h1>\n<div>Aumenta la tua <strong>sicurezza<\/strong> su strada con il classico campanello per bicicletta di DUNLOP. Questo robusto ed elegante <strong>campanello per bicicletta<\/strong> combina un design tradizionale con un suono inconfondibile e potente che ti far\u00e0 sentire in ogni situazione.<\/p>\n<\/div>\n<div><strong>Design e funzionalit\u00e0<\/strong><br \/>Il DUNLOP CLASSIC SILVER BICYCLE RINGER colpisce per il suo aspetto senza tempo e la sua <strong>resistente struttura in metallo<\/strong>. Il semplice e collaudato principio \u2013 un percussore a molla colpisce la struttura in metallo \u2013 garantisce un suono distintivo e potente, garantendo una maggiore sicurezza con i tuoi accessori per bicicletta. I vantaggi in sintesi: &#8211; Produce un suono forte per la massima visibilit\u00e0 nel traffico &#8211; Robusta struttura in metallo per una lunga durata, ideale per tutte le stagioni &#8211; Montaggio rapido e semplice grazie al supporto universale per manubrio &#8211; Il classico campanello per bicicletta \u00e8 un&#8217;elegante aggiunta a qualsiasi bicicletta o scooter. Facile montaggio e compatibilit\u00e0: fissare il campanello per bicicletta Dunlop al manubrio \u00e8 incredibilmente facile e veloce. Grazie al supporto universale, si adatta alla maggior parte dei manubri standard per biciclette e scooter. Oltre alla sua pratica funzione, \u00e8 anche un&#8217;aggiunta alla moda ed elegante al tuo monociclo.<\/p>\n<\/div>\n<div><strong>Dettagli tecnici<\/strong><br \/>&#8211; Dimensioni dell&#8217;alloggiamento del campanello: 56 x 28 mm (L x A)<br \/>&#8211; Dimensioni totali del campanello: 7,2 x 5,6 x 5,2 cm (L x P x A)<br \/>&#8211; Colore: Argento<br \/>&#8211; Diametro del supporto: ca. 24 mm<br \/>&#8211; Materiale: metallo, plastica<br \/>&#8211; Peso netto: 0,079 kg<\/p>\n<\/div>\n<div>Investi in questo accessorio essenziale per la sicurezza in bicicletta e assicurati di essere sentito a ogni pedalata.<\/p>\n<\/div>\n<div><\/div>\n","protected":false},"excerpt":{"rendered":"<p>DUNLOP CLASSIC SILVER BICYCLE RINGER &#8211; Campanello per bicicletta ad alto volume Aumenta la tua sicurezza su strada con il classico campanello per bicicletta di DUNLOP. Questo robusto ed elegante campanello per bicicletta combina un design tradizionale con un suono inconfondibile e potente che ti far\u00e0 sentire in ogni situazione. Design e funzionalit\u00e0Il DUNLOP CLASSIC SILVER BICYCLE RINGER colpisce per il suo aspetto senza tempo e la sua resistente struttura in metallo. Il semplice e&hellip;<\/p>\n","protected":false},"featured_media":157909,"comment_status":"open","ping_status":"closed","template":"","meta":[],"product_brand":[],"product_cat":[38664,38665],"product_tag":[],"class_list":{"0":"post-254036","1":"product","2":"type-product","3":"status-publish","4":"has-post-thumbnail","6":"product_cat-veloausruestung","7":"product_cat-attrezzatura-da-ciclismo","8":"product_shipping_class-global_methods","10":"first","11":"instock","12":"taxable","13":"shipping-taxable","14":"purchasable","15":"product-type-simple"},"yoast_head":"<!-- This site is optimized with the Yoast SEO plugin v27.5 - https:\/\/yoast.com\/product\/yoast-seo-wordpress\/ -->\n<title>Dunlop Fahrradklingel | Jetzt kaufen | Schweizversand.ch<\/title>\n<meta name=\"description\" content=\"Dunlop Fahrradklingel g\u00fcnstig kaufen bei Schweizversand.ch. Schnelle Lieferung in der Schweiz. Gratisversand ab CHF 50.\" \/>\n<meta name=\"robots\" content=\"index, follow, max-snippet:-1, max-image-preview:large, max-video-preview:-1\" \/>\n<link rel=\"canonical\" href=\"https:\/\/schweizversand.ch\/it\/produkt\/dunlop-fahrradklingel\/\" \/>\n<meta property=\"og:locale\" content=\"it_IT\" \/>\n<meta property=\"og:type\" content=\"article\" \/>\n<meta property=\"og:title\" content=\"Dunlop Fahrradklingel | Jetzt kaufen | Schweizversand.ch\" \/>\n<meta property=\"og:description\" content=\"Dunlop Fahrradklingel g\u00fcnstig kaufen bei Schweizversand.ch. Schnelle Lieferung in der Schweiz. Gratisversand ab CHF 50.\" \/>\n<meta property=\"og:url\" content=\"https:\/\/schweizversand.ch\/it\/produkt\/dunlop-fahrradklingel\/\" \/>\n<meta property=\"og:site_name\" content=\"Schweizer Shop f\u00fcr Sport, Spiel und Freizeit\" \/>\n<meta property=\"article:publisher\" content=\"https:\/\/www.facebook.com\/Schweizversand\" \/>\n<meta property=\"article:modified_time\" content=\"2026-04-30T00:05:12+00:00\" \/>\n<meta property=\"og:image\" content=\"https:\/\/schweizversand.ch\/wp-content\/uploads\/2026\/02\/5471805777.png\" \/>\n\t<meta property=\"og:image:width\" content=\"1024\" \/>\n\t<meta property=\"og:image:height\" content=\"885\" \/>\n\t<meta property=\"og:image:type\" content=\"image\/png\" \/>\n<meta name=\"twitter:card\" content=\"summary_large_image\" \/>\n<meta name=\"twitter:label1\" content=\"Tempo di lettura stimato\" \/>\n\t<meta name=\"twitter:data1\" content=\"1 minuto\" \/>\n<script type=\"application\/ld+json\" class=\"yoast-schema-graph\">{\"@context\":\"https:\\\/\\\/schema.org\",\"@graph\":[{\"@type\":\"WebPage\",\"@id\":\"https:\\\/\\\/schweizversand.ch\\\/it\\\/produkt\\\/dunlop-fahrradklingel\\\/\",\"url\":\"https:\\\/\\\/schweizversand.ch\\\/it\\\/produkt\\\/dunlop-fahrradklingel\\\/\",\"name\":\"Dunlop Fahrradklingel | Jetzt kaufen | Schweizversand.ch\",\"isPartOf\":{\"@id\":\"https:\\\/\\\/schweizversand.ch\\\/it\\\/#website\"},\"primaryImageOfPage\":{\"@id\":\"https:\\\/\\\/schweizversand.ch\\\/it\\\/produkt\\\/dunlop-fahrradklingel\\\/#primaryimage\"},\"image\":{\"@id\":\"https:\\\/\\\/schweizversand.ch\\\/it\\\/produkt\\\/dunlop-fahrradklingel\\\/#primaryimage\"},\"thumbnailUrl\":\"https:\\\/\\\/schweizversand.ch\\\/wp-content\\\/uploads\\\/2026\\\/02\\\/5471805777.png\",\"datePublished\":\"2026-03-14T23:05:58+00:00\",\"dateModified\":\"2026-04-30T00:05:12+00:00\",\"description\":\"Dunlop Fahrradklingel g\u00fcnstig kaufen bei Schweizversand.ch. Schnelle Lieferung in der Schweiz. Gratisversand ab CHF 50.\",\"breadcrumb\":{\"@id\":\"https:\\\/\\\/schweizversand.ch\\\/it\\\/produkt\\\/dunlop-fahrradklingel\\\/#breadcrumb\"},\"inLanguage\":\"it-IT\",\"potentialAction\":[{\"@type\":\"ReadAction\",\"target\":[\"https:\\\/\\\/schweizversand.ch\\\/it\\\/produkt\\\/dunlop-fahrradklingel\\\/\"]}]},{\"@type\":\"ImageObject\",\"inLanguage\":\"it-IT\",\"@id\":\"https:\\\/\\\/schweizversand.ch\\\/it\\\/produkt\\\/dunlop-fahrradklingel\\\/#primaryimage\",\"url\":\"https:\\\/\\\/schweizversand.ch\\\/wp-content\\\/uploads\\\/2026\\\/02\\\/5471805777.png\",\"contentUrl\":\"https:\\\/\\\/schweizversand.ch\\\/wp-content\\\/uploads\\\/2026\\\/02\\\/5471805777.png\",\"width\":1024,\"height\":885},{\"@type\":\"BreadcrumbList\",\"@id\":\"https:\\\/\\\/schweizversand.ch\\\/it\\\/produkt\\\/dunlop-fahrradklingel\\\/#breadcrumb\",\"itemListElement\":[{\"@type\":\"ListItem\",\"position\":1,\"name\":\"Startseite\",\"item\":\"https:\\\/\\\/schweizversand.ch\\\/it\\\/home\\\/\"},{\"@type\":\"ListItem\",\"position\":2,\"name\":\"Shop\",\"item\":\"https:\\\/\\\/schweizversand.ch\\\/it\\\/shop\\\/\"},{\"@type\":\"ListItem\",\"position\":3,\"name\":\"Sport\",\"item\":\"https:\\\/\\\/schweizversand.ch\\\/it\\\/produkt-kategorie\\\/sport-it\\\/\"},{\"@type\":\"ListItem\",\"position\":4,\"name\":\"Bici\",\"item\":\"https:\\\/\\\/schweizversand.ch\\\/it\\\/produkt-kategorie\\\/sport\\\/bici\\\/\"},{\"@type\":\"ListItem\",\"position\":5,\"name\":\"Attrezzatura da ciclismo\",\"item\":\"https:\\\/\\\/schweizversand.ch\\\/it\\\/produkt-kategorie\\\/sport\\\/bici\\\/attrezzatura-da-ciclismo\\\/\"},{\"@type\":\"ListItem\",\"position\":6,\"name\":\"Campanello per bicicletta Dunlop\"}]},{\"@type\":\"WebSite\",\"@id\":\"https:\\\/\\\/schweizversand.ch\\\/it\\\/#website\",\"url\":\"https:\\\/\\\/schweizversand.ch\\\/it\\\/\",\"name\":\"Schweizer Shop f\u00fcr Sport, Spiel und Freizeit\",\"description\":\"Gratisversand ab 50.- (netto), ab eigenem schweizer Lager, Lieferung innert 48h\",\"publisher\":{\"@id\":\"https:\\\/\\\/schweizversand.ch\\\/it\\\/#organization\"},\"alternateName\":\"Schweizversand.ch\",\"potentialAction\":[{\"@type\":\"SearchAction\",\"target\":{\"@type\":\"EntryPoint\",\"urlTemplate\":\"https:\\\/\\\/schweizversand.ch\\\/it\\\/?s={search_term_string}\"},\"query-input\":{\"@type\":\"PropertyValueSpecification\",\"valueRequired\":true,\"valueName\":\"search_term_string\"}}],\"inLanguage\":\"it-IT\"},{\"@type\":\"Organization\",\"@id\":\"https:\\\/\\\/schweizversand.ch\\\/it\\\/#organization\",\"name\":\"Schweizversand.ch\",\"url\":\"https:\\\/\\\/schweizversand.ch\\\/it\\\/\",\"logo\":{\"@type\":\"ImageObject\",\"inLanguage\":\"it-IT\",\"@id\":\"https:\\\/\\\/schweizversand.ch\\\/it\\\/#\\\/schema\\\/logo\\\/image\\\/\",\"url\":\"https:\\\/\\\/schweizversand.ch\\\/wp-content\\\/uploads\\\/2026\\\/03\\\/Logo_Rund_Final-1.png\",\"contentUrl\":\"https:\\\/\\\/schweizversand.ch\\\/wp-content\\\/uploads\\\/2026\\\/03\\\/Logo_Rund_Final-1.png\",\"width\":404,\"height\":404,\"caption\":\"Schweizversand.ch\"},\"image\":{\"@id\":\"https:\\\/\\\/schweizversand.ch\\\/it\\\/#\\\/schema\\\/logo\\\/image\\\/\"},\"sameAs\":[\"https:\\\/\\\/www.facebook.com\\\/Schweizversand\",\"https:\\\/\\\/www.instagram.com\\\/schweizversand.ch\\\/\"]}]}<\/script>\n<!-- \/ Yoast SEO plugin. -->","yoast_head_json":{"title":"Dunlop Fahrradklingel | Jetzt kaufen | Schweizversand.ch","description":"Dunlop Fahrradklingel g\u00fcnstig kaufen bei Schweizversand.ch. Schnelle Lieferung in der Schweiz. Gratisversand ab CHF 50.","robots":{"index":"index","follow":"follow","max-snippet":"max-snippet:-1","max-image-preview":"max-image-preview:large","max-video-preview":"max-video-preview:-1"},"canonical":"https:\/\/schweizversand.ch\/it\/produkt\/dunlop-fahrradklingel\/","og_locale":"it_IT","og_type":"article","og_title":"Dunlop Fahrradklingel | Jetzt kaufen | Schweizversand.ch","og_description":"Dunlop Fahrradklingel g\u00fcnstig kaufen bei Schweizversand.ch. Schnelle Lieferung in der Schweiz. Gratisversand ab CHF 50.","og_url":"https:\/\/schweizversand.ch\/it\/produkt\/dunlop-fahrradklingel\/","og_site_name":"Schweizer Shop f\u00fcr Sport, Spiel und Freizeit","article_publisher":"https:\/\/www.facebook.com\/Schweizversand","article_modified_time":"2026-04-30T00:05:12+00:00","og_image":[{"width":1024,"height":885,"url":"https:\/\/schweizversand.ch\/wp-content\/uploads\/2026\/02\/5471805777.png","type":"image\/png"}],"twitter_card":"summary_large_image","twitter_misc":{"Tempo di lettura stimato":"1 minuto"},"schema":{"@context":"https:\/\/schema.org","@graph":[{"@type":"WebPage","@id":"https:\/\/schweizversand.ch\/it\/produkt\/dunlop-fahrradklingel\/","url":"https:\/\/schweizversand.ch\/it\/produkt\/dunlop-fahrradklingel\/","name":"Dunlop Fahrradklingel | Jetzt kaufen | Schweizversand.ch","isPartOf":{"@id":"https:\/\/schweizversand.ch\/it\/#website"},"primaryImageOfPage":{"@id":"https:\/\/schweizversand.ch\/it\/produkt\/dunlop-fahrradklingel\/#primaryimage"},"image":{"@id":"https:\/\/schweizversand.ch\/it\/produkt\/dunlop-fahrradklingel\/#primaryimage"},"thumbnailUrl":"https:\/\/schweizversand.ch\/wp-content\/uploads\/2026\/02\/5471805777.png","datePublished":"2026-03-14T23:05:58+00:00","dateModified":"2026-04-30T00:05:12+00:00","description":"Dunlop Fahrradklingel g\u00fcnstig kaufen bei Schweizversand.ch. Schnelle Lieferung in der Schweiz. Gratisversand ab CHF 50.","breadcrumb":{"@id":"https:\/\/schweizversand.ch\/it\/produkt\/dunlop-fahrradklingel\/#breadcrumb"},"inLanguage":"it-IT","potentialAction":[{"@type":"ReadAction","target":["https:\/\/schweizversand.ch\/it\/produkt\/dunlop-fahrradklingel\/"]}]},{"@type":"ImageObject","inLanguage":"it-IT","@id":"https:\/\/schweizversand.ch\/it\/produkt\/dunlop-fahrradklingel\/#primaryimage","url":"https:\/\/schweizversand.ch\/wp-content\/uploads\/2026\/02\/5471805777.png","contentUrl":"https:\/\/schweizversand.ch\/wp-content\/uploads\/2026\/02\/5471805777.png","width":1024,"height":885},{"@type":"BreadcrumbList","@id":"https:\/\/schweizversand.ch\/it\/produkt\/dunlop-fahrradklingel\/#breadcrumb","itemListElement":[{"@type":"ListItem","position":1,"name":"Startseite","item":"https:\/\/schweizversand.ch\/it\/home\/"},{"@type":"ListItem","position":2,"name":"Shop","item":"https:\/\/schweizversand.ch\/it\/shop\/"},{"@type":"ListItem","position":3,"name":"Sport","item":"https:\/\/schweizversand.ch\/it\/produkt-kategorie\/sport-it\/"},{"@type":"ListItem","position":4,"name":"Bici","item":"https:\/\/schweizversand.ch\/it\/produkt-kategorie\/sport\/bici\/"},{"@type":"ListItem","position":5,"name":"Attrezzatura da ciclismo","item":"https:\/\/schweizversand.ch\/it\/produkt-kategorie\/sport\/bici\/attrezzatura-da-ciclismo\/"},{"@type":"ListItem","position":6,"name":"Campanello per bicicletta Dunlop"}]},{"@type":"WebSite","@id":"https:\/\/schweizversand.ch\/it\/#website","url":"https:\/\/schweizversand.ch\/it\/","name":"Schweizer Shop f\u00fcr Sport, Spiel und Freizeit","description":"Gratisversand ab 50.- (netto), ab eigenem schweizer Lager, Lieferung innert 48h","publisher":{"@id":"https:\/\/schweizversand.ch\/it\/#organization"},"alternateName":"Schweizversand.ch","potentialAction":[{"@type":"SearchAction","target":{"@type":"EntryPoint","urlTemplate":"https:\/\/schweizversand.ch\/it\/?s={search_term_string}"},"query-input":{"@type":"PropertyValueSpecification","valueRequired":true,"valueName":"search_term_string"}}],"inLanguage":"it-IT"},{"@type":"Organization","@id":"https:\/\/schweizversand.ch\/it\/#organization","name":"Schweizversand.ch","url":"https:\/\/schweizversand.ch\/it\/","logo":{"@type":"ImageObject","inLanguage":"it-IT","@id":"https:\/\/schweizversand.ch\/it\/#\/schema\/logo\/image\/","url":"https:\/\/schweizversand.ch\/wp-content\/uploads\/2026\/03\/Logo_Rund_Final-1.png","contentUrl":"https:\/\/schweizversand.ch\/wp-content\/uploads\/2026\/03\/Logo_Rund_Final-1.png","width":404,"height":404,"caption":"Schweizversand.ch"},"image":{"@id":"https:\/\/schweizversand.ch\/it\/#\/schema\/logo\/image\/"},"sameAs":["https:\/\/www.facebook.com\/Schweizversand","https:\/\/www.instagram.com\/schweizversand.ch\/"]}]}},"jetpack_sharing_enabled":true,"_links":{"self":[{"href":"https:\/\/schweizversand.ch\/it\/wp-json\/wp\/v2\/product\/254036","targetHints":{"allow":["GET"]}}],"collection":[{"href":"https:\/\/schweizversand.ch\/it\/wp-json\/wp\/v2\/product"}],"about":[{"href":"https:\/\/schweizversand.ch\/it\/wp-json\/wp\/v2\/types\/product"}],"replies":[{"embeddable":true,"href":"https:\/\/schweizversand.ch\/it\/wp-json\/wp\/v2\/comments?post=254036"}],"wp:featuredmedia":[{"embeddable":true,"href":"https:\/\/schweizversand.ch\/it\/wp-json\/wp\/v2\/media\/157909"}],"wp:attachment":[{"href":"https:\/\/schweizversand.ch\/it\/wp-json\/wp\/v2\/media?parent=254036"}],"wp:term":[{"taxonomy":"product_brand","embeddable":true,"href":"https:\/\/schweizversand.ch\/it\/wp-json\/wp\/v2\/product_brand?post=254036"},{"taxonomy":"product_cat","embeddable":true,"href":"https:\/\/schweizversand.ch\/it\/wp-json\/wp\/v2\/product_cat?post=254036"},{"taxonomy":"product_tag","embeddable":true,"href":"https:\/\/schweizversand.ch\/it\/wp-json\/wp\/v2\/product_tag?post=254036"}],"curies":[{"name":"wp","href":"https:\/\/api.w.org\/{rel}","templated":true}]}}