{"id":254039,"date":"2026-03-15T00:05:58","date_gmt":"2026-03-14T23:05:58","guid":{"rendered":"https:\/\/schweizversand.ch\/produkt\/dunlop-fahrradschloss\/"},"modified":"2026-04-19T15:36:31","modified_gmt":"2026-04-19T13:36:31","slug":"dunlop-fahrradschloss","status":"publish","type":"product","link":"https:\/\/schweizversand.ch\/it\/produkt\/dunlop-fahrradschloss\/","title":{"rendered":"Lucchetto per bicicletta Dunlop"},"content":{"rendered":"<p>Previeni il furto della tua bicicletta e bloccala in modo sicuro con questo doppio lucchetto per bicicletta Dunlop. Si tratta di un lucchetto a U combinato con un lucchetto a cavo. Con una sola chiave, puoi proteggere la tua bicicletta in due modi.<\/p>\n<p>Utilizzo<\/p>\n<p>Il lucchetto a cavo \u00e8 costituito da un cavo d&#8217;acciaio con anelli. Il cavo \u00e8 lungo 120 centimetri e ha un diametro di circa 10 millimetri. Avvolgi il lucchetto a cavo attorno a un lampione, una recinzione o un&#8217;altra bicicletta. Quindi, fai passare il cavo attraverso uno degli anelli e fissa l&#8217;altro anello attorno al lucchetto a U. Posiziona il lucchetto a forma di U attorno al telaio della bicicletta, ad esempio attraverso i raggi o attorno a un palo. Su una mountain bike, puoi utilizzare il doppio lucchetto per proteggere sia la ruota anteriore che quella posteriore.<\/p>\n<p>Con supporto<\/p>\n<p>\u00c8 inclusa una staffa di montaggio per il lucchetto. Puoi fissare questa staffa al telaio della bicicletta utilizzando la bulloneria di montaggio inclusa. Questo ti permette di portare il lucchetto con te quando pedali. Il lucchetto a cavo si arrotola semplicemente e si fissa alla staffa. Viene fornito con due chiavi, quindi ne avrete gi\u00e0 una di riserva.<\/p>\n<p>Dettagli Lucchetto per bicicletta Dunlop<br \/>\n<br \/>\u2022 Combinazione di lucchetto a U e lucchetto a cavo<br \/>\n<br \/>\u2022 Lunghezza del cavo in acciaio: 120 cm<br \/>\n<br \/>\u2022 Diametro del cavo: circa 10 mm<br \/>\n<br \/>\u2022 Include staffa e accessori di montaggio<br \/>\n<br \/>\u2022 Include 2 chiavi<\/p>\n<p>Cerchi un lucchetto per bicicletta valido e resistente? Proteggi la tua bici dai furti con il DUNLOP U-LOCK + LINEA 10X1200MM!<\/p>\n<p>\u2022 Lucchetto a U per proteggere la bicicletta dai furti<\/p>\n<p>\u2022 Il rivestimento in plastica del cavo protegge la bicicletta dai graffi<\/p>\n<p>\u2022 Dotato di una speciale staffa per il montaggio autonomo sul telaio della bicicletta<\/p>\n<p>\u2022 Ideale per tutti i tipi di bicicletta<\/p>\n<p>\u2022 Dotato di un copriserratura rotante automatico per proteggere da sporco e corrosione<\/p>\n<p>\u2022 Dotato di due chiavi piatte<\/p>\n<p>La rampa per bicicletta DUNLOP U-LOOK + LINE 10X1200MM \u00e8 realizzata in acciaio robusto e durevole, ulteriormente rivestito con un materiale resistente all&#8217;abrasione per proteggere il telaio da graffi e danni.<\/p>\n<p>Rispetto ai lucchetti morbidi, l&#8217;U-LOCK \u00e8 un&#8217;ottima alternativa ai cavi o alle catene sottili per la bicicletta. L&#8217;U-LOCK \u00e8 un lucchetto a forma di U curvo, realizzato in metallo ad alta resistenza. Realizzato con materiali di alta qualit\u00e0 che impediscono tagli, schiacciamenti o forature.<\/p>\n<p>Parametri:<\/p>\n<p>\u2022 Dimensioni della catena aperta: 25,5 x 11 x 17,5 cm (L x P x A)<\/p>\n<p>\u2022 Spessore del telaio di bloccaggio: 20 mm<\/p>\n<p>\u2022 Diametro del meccanismo di bloccaggio sul telaio (circa): 2,5 &#8211; 3 mm<\/p>\n<p>\u2022 Lunghezza del cavo in acciaio: 120 cm<\/p>\n<p>\u2022 Spessore del cavo in acciaio: 10 mm<\/p>\n<p>\u2022 Materiale: Acciaio, plastica<\/p>\n<p>\u2022 Peso netto (circa): 1,85 kg<\/p>\n<p>\u2022 Peso lordo (circa): 1,90 kg<\/p>\n<p>\u2022 Meccanismo di bloccaggio: Lucchetto a U<\/p>\n<p>\u2022 Chiave di ricambio: S\u00ec<\/p>\n<p>\u2022 Staffa di montaggio al telaio: S\u00ec<\/p>\n<p>\u2022 Marca: Dunlop<\/p>\n<p>\u2022 Dimensioni della confezione (foglio): 18 x 9 x 32 cm (L x P x A)<\/p>\n<p>Lucchetto a U con cavo e staffa.<\/p>\n<p>Il compagno perfetto per qualsiasi bicicletta! Il lucchetto a U DUNLOP protegge qualsiasi bicicletta dai furti. Il cavo \u00e8 realizzato in acciaio robusto e resistente, rivestito in plastica resistente all&#8217;abrasione. Questo protegge la bicicletta da graffi e danni. Il lucchetto \u00e8 inoltre dotato di una copertura girevole che protegge la serratura da sporco e corrosione.<\/p>\n","protected":false},"excerpt":{"rendered":"<p>Previeni il furto della tua bicicletta e bloccala in modo sicuro con questo doppio lucchetto per bicicletta Dunlop. Si tratta di un lucchetto a U combinato con un lucchetto a cavo. Con una sola chiave, puoi proteggere la tua bicicletta in due modi. Utilizzo Il lucchetto a cavo \u00e8 costituito da un cavo d&#8217;acciaio con anelli. Il cavo \u00e8 lungo 120 centimetri e ha un diametro di circa 10 millimetri. Avvolgi il lucchetto a cavo&hellip;<\/p>\n","protected":false},"featured_media":157930,"comment_status":"open","ping_status":"closed","template":"","meta":[],"product_brand":[],"product_cat":[38664,38665],"product_tag":[],"class_list":{"0":"post-254039","1":"product","2":"type-product","3":"status-publish","4":"has-post-thumbnail","6":"product_cat-veloausruestung","7":"product_cat-attrezzatura-da-ciclismo","8":"product_shipping_class-global_methods","10":"first","11":"instock","12":"taxable","13":"shipping-taxable","14":"purchasable","15":"product-type-simple"},"yoast_head":"<!-- This site is optimized with the Yoast SEO plugin v27.4 - https:\/\/yoast.com\/product\/yoast-seo-wordpress\/ -->\n<title>Dunlop Fahrradschloss | Jetzt kaufen | Schweizversand.ch<\/title>\n<meta name=\"description\" content=\"Dunlop Fahrradschloss g\u00fcnstig kaufen bei Schweizversand.ch. Schnelle Lieferung in der Schweiz. Gratisversand ab CHF 50.\" \/>\n<meta name=\"robots\" content=\"index, follow, max-snippet:-1, max-image-preview:large, max-video-preview:-1\" \/>\n<link rel=\"canonical\" href=\"https:\/\/schweizversand.ch\/it\/produkt\/dunlop-fahrradschloss\/\" \/>\n<meta property=\"og:locale\" content=\"it_IT\" \/>\n<meta property=\"og:type\" content=\"article\" \/>\n<meta property=\"og:title\" content=\"Dunlop Fahrradschloss | Jetzt kaufen | Schweizversand.ch\" \/>\n<meta property=\"og:description\" content=\"Dunlop Fahrradschloss g\u00fcnstig kaufen bei Schweizversand.ch. Schnelle Lieferung in der Schweiz. Gratisversand ab CHF 50.\" \/>\n<meta property=\"og:url\" content=\"https:\/\/schweizversand.ch\/it\/produkt\/dunlop-fahrradschloss\/\" \/>\n<meta property=\"og:site_name\" content=\"Schweizer Shop f\u00fcr Sport, Spiel und Freizeit\" \/>\n<meta property=\"article:publisher\" content=\"https:\/\/www.facebook.com\/Schweizversand\" \/>\n<meta property=\"article:modified_time\" content=\"2026-04-19T13:36:31+00:00\" \/>\n<meta property=\"og:image\" content=\"https:\/\/schweizversand.ch\/wp-content\/uploads\/2026\/02\/5471797076.png\" \/>\n\t<meta property=\"og:image:width\" content=\"1024\" \/>\n\t<meta property=\"og:image:height\" content=\"808\" \/>\n\t<meta property=\"og:image:type\" content=\"image\/png\" \/>\n<meta name=\"twitter:card\" content=\"summary_large_image\" \/>\n<meta name=\"twitter:label1\" content=\"Tempo di lettura stimato\" \/>\n\t<meta name=\"twitter:data1\" content=\"3 minuto\" \/>\n<script type=\"application\/ld+json\" class=\"yoast-schema-graph\">{\"@context\":\"https:\\\/\\\/schema.org\",\"@graph\":[{\"@type\":\"WebPage\",\"@id\":\"https:\\\/\\\/schweizversand.ch\\\/it\\\/produkt\\\/dunlop-fahrradschloss\\\/\",\"url\":\"https:\\\/\\\/schweizversand.ch\\\/it\\\/produkt\\\/dunlop-fahrradschloss\\\/\",\"name\":\"Dunlop Fahrradschloss | Jetzt kaufen | Schweizversand.ch\",\"isPartOf\":{\"@id\":\"https:\\\/\\\/schweizversand.ch\\\/it\\\/#website\"},\"primaryImageOfPage\":{\"@id\":\"https:\\\/\\\/schweizversand.ch\\\/it\\\/produkt\\\/dunlop-fahrradschloss\\\/#primaryimage\"},\"image\":{\"@id\":\"https:\\\/\\\/schweizversand.ch\\\/it\\\/produkt\\\/dunlop-fahrradschloss\\\/#primaryimage\"},\"thumbnailUrl\":\"https:\\\/\\\/schweizversand.ch\\\/wp-content\\\/uploads\\\/2026\\\/02\\\/5471797076.png\",\"datePublished\":\"2026-03-14T23:05:58+00:00\",\"dateModified\":\"2026-04-19T13:36:31+00:00\",\"description\":\"Dunlop Fahrradschloss g\u00fcnstig kaufen bei Schweizversand.ch. Schnelle Lieferung in der Schweiz. Gratisversand ab CHF 50.\",\"breadcrumb\":{\"@id\":\"https:\\\/\\\/schweizversand.ch\\\/it\\\/produkt\\\/dunlop-fahrradschloss\\\/#breadcrumb\"},\"inLanguage\":\"it-IT\",\"potentialAction\":[{\"@type\":\"ReadAction\",\"target\":[\"https:\\\/\\\/schweizversand.ch\\\/it\\\/produkt\\\/dunlop-fahrradschloss\\\/\"]}]},{\"@type\":\"ImageObject\",\"inLanguage\":\"it-IT\",\"@id\":\"https:\\\/\\\/schweizversand.ch\\\/it\\\/produkt\\\/dunlop-fahrradschloss\\\/#primaryimage\",\"url\":\"https:\\\/\\\/schweizversand.ch\\\/wp-content\\\/uploads\\\/2026\\\/02\\\/5471797076.png\",\"contentUrl\":\"https:\\\/\\\/schweizversand.ch\\\/wp-content\\\/uploads\\\/2026\\\/02\\\/5471797076.png\",\"width\":1024,\"height\":808},{\"@type\":\"BreadcrumbList\",\"@id\":\"https:\\\/\\\/schweizversand.ch\\\/it\\\/produkt\\\/dunlop-fahrradschloss\\\/#breadcrumb\",\"itemListElement\":[{\"@type\":\"ListItem\",\"position\":1,\"name\":\"Startseite\",\"item\":\"https:\\\/\\\/schweizversand.ch\\\/it\\\/home\\\/\"},{\"@type\":\"ListItem\",\"position\":2,\"name\":\"Shop\",\"item\":\"https:\\\/\\\/schweizversand.ch\\\/it\\\/shop\\\/\"},{\"@type\":\"ListItem\",\"position\":3,\"name\":\"Sport\",\"item\":\"https:\\\/\\\/schweizversand.ch\\\/it\\\/produkt-kategorie\\\/sport-it\\\/\"},{\"@type\":\"ListItem\",\"position\":4,\"name\":\"Bici\",\"item\":\"https:\\\/\\\/schweizversand.ch\\\/it\\\/produkt-kategorie\\\/sport-it\\\/bici\\\/\"},{\"@type\":\"ListItem\",\"position\":5,\"name\":\"Attrezzatura da ciclismo\",\"item\":\"https:\\\/\\\/schweizversand.ch\\\/it\\\/produkt-kategorie\\\/sport-it\\\/bici\\\/veloausruestung\\\/\"},{\"@type\":\"ListItem\",\"position\":6,\"name\":\"Lucchetto per bicicletta Dunlop\"}]},{\"@type\":\"WebSite\",\"@id\":\"https:\\\/\\\/schweizversand.ch\\\/it\\\/#website\",\"url\":\"https:\\\/\\\/schweizversand.ch\\\/it\\\/\",\"name\":\"Schweizer Shop f\u00fcr Sport, Spiel und Freizeit\",\"description\":\"Gratisversand ab 50.- (netto), ab eigenem schweizer Lager, Lieferung innert 48h\",\"publisher\":{\"@id\":\"https:\\\/\\\/schweizversand.ch\\\/it\\\/#organization\"},\"alternateName\":\"Schweizversand.ch\",\"potentialAction\":[{\"@type\":\"SearchAction\",\"target\":{\"@type\":\"EntryPoint\",\"urlTemplate\":\"https:\\\/\\\/schweizversand.ch\\\/it\\\/?s={search_term_string}\"},\"query-input\":{\"@type\":\"PropertyValueSpecification\",\"valueRequired\":true,\"valueName\":\"search_term_string\"}}],\"inLanguage\":\"it-IT\"},{\"@type\":\"Organization\",\"@id\":\"https:\\\/\\\/schweizversand.ch\\\/it\\\/#organization\",\"name\":\"Schweizversand.ch\",\"url\":\"https:\\\/\\\/schweizversand.ch\\\/it\\\/\",\"logo\":{\"@type\":\"ImageObject\",\"inLanguage\":\"it-IT\",\"@id\":\"https:\\\/\\\/schweizversand.ch\\\/it\\\/#\\\/schema\\\/logo\\\/image\\\/\",\"url\":\"https:\\\/\\\/schweizversand.ch\\\/wp-content\\\/uploads\\\/2026\\\/03\\\/Logo_Rund_Final-1.png\",\"contentUrl\":\"https:\\\/\\\/schweizversand.ch\\\/wp-content\\\/uploads\\\/2026\\\/03\\\/Logo_Rund_Final-1.png\",\"width\":404,\"height\":404,\"caption\":\"Schweizversand.ch\"},\"image\":{\"@id\":\"https:\\\/\\\/schweizversand.ch\\\/it\\\/#\\\/schema\\\/logo\\\/image\\\/\"},\"sameAs\":[\"https:\\\/\\\/www.facebook.com\\\/Schweizversand\",\"https:\\\/\\\/www.instagram.com\\\/schweizversand.ch\\\/\"]}]}<\/script>\n<!-- \/ Yoast SEO plugin. -->","yoast_head_json":{"title":"Dunlop Fahrradschloss | Jetzt kaufen | Schweizversand.ch","description":"Dunlop Fahrradschloss g\u00fcnstig kaufen bei Schweizversand.ch. Schnelle Lieferung in der Schweiz. Gratisversand ab CHF 50.","robots":{"index":"index","follow":"follow","max-snippet":"max-snippet:-1","max-image-preview":"max-image-preview:large","max-video-preview":"max-video-preview:-1"},"canonical":"https:\/\/schweizversand.ch\/it\/produkt\/dunlop-fahrradschloss\/","og_locale":"it_IT","og_type":"article","og_title":"Dunlop Fahrradschloss | Jetzt kaufen | Schweizversand.ch","og_description":"Dunlop Fahrradschloss g\u00fcnstig kaufen bei Schweizversand.ch. Schnelle Lieferung in der Schweiz. Gratisversand ab CHF 50.","og_url":"https:\/\/schweizversand.ch\/it\/produkt\/dunlop-fahrradschloss\/","og_site_name":"Schweizer Shop f\u00fcr Sport, Spiel und Freizeit","article_publisher":"https:\/\/www.facebook.com\/Schweizversand","article_modified_time":"2026-04-19T13:36:31+00:00","og_image":[{"width":1024,"height":808,"url":"https:\/\/schweizversand.ch\/wp-content\/uploads\/2026\/02\/5471797076.png","type":"image\/png"}],"twitter_card":"summary_large_image","twitter_misc":{"Tempo di lettura stimato":"3 minuto"},"schema":{"@context":"https:\/\/schema.org","@graph":[{"@type":"WebPage","@id":"https:\/\/schweizversand.ch\/it\/produkt\/dunlop-fahrradschloss\/","url":"https:\/\/schweizversand.ch\/it\/produkt\/dunlop-fahrradschloss\/","name":"Dunlop Fahrradschloss | Jetzt kaufen | Schweizversand.ch","isPartOf":{"@id":"https:\/\/schweizversand.ch\/it\/#website"},"primaryImageOfPage":{"@id":"https:\/\/schweizversand.ch\/it\/produkt\/dunlop-fahrradschloss\/#primaryimage"},"image":{"@id":"https:\/\/schweizversand.ch\/it\/produkt\/dunlop-fahrradschloss\/#primaryimage"},"thumbnailUrl":"https:\/\/schweizversand.ch\/wp-content\/uploads\/2026\/02\/5471797076.png","datePublished":"2026-03-14T23:05:58+00:00","dateModified":"2026-04-19T13:36:31+00:00","description":"Dunlop Fahrradschloss g\u00fcnstig kaufen bei Schweizversand.ch. Schnelle Lieferung in der Schweiz. Gratisversand ab CHF 50.","breadcrumb":{"@id":"https:\/\/schweizversand.ch\/it\/produkt\/dunlop-fahrradschloss\/#breadcrumb"},"inLanguage":"it-IT","potentialAction":[{"@type":"ReadAction","target":["https:\/\/schweizversand.ch\/it\/produkt\/dunlop-fahrradschloss\/"]}]},{"@type":"ImageObject","inLanguage":"it-IT","@id":"https:\/\/schweizversand.ch\/it\/produkt\/dunlop-fahrradschloss\/#primaryimage","url":"https:\/\/schweizversand.ch\/wp-content\/uploads\/2026\/02\/5471797076.png","contentUrl":"https:\/\/schweizversand.ch\/wp-content\/uploads\/2026\/02\/5471797076.png","width":1024,"height":808},{"@type":"BreadcrumbList","@id":"https:\/\/schweizversand.ch\/it\/produkt\/dunlop-fahrradschloss\/#breadcrumb","itemListElement":[{"@type":"ListItem","position":1,"name":"Startseite","item":"https:\/\/schweizversand.ch\/it\/home\/"},{"@type":"ListItem","position":2,"name":"Shop","item":"https:\/\/schweizversand.ch\/it\/shop\/"},{"@type":"ListItem","position":3,"name":"Sport","item":"https:\/\/schweizversand.ch\/it\/produkt-kategorie\/sport-it\/"},{"@type":"ListItem","position":4,"name":"Bici","item":"https:\/\/schweizversand.ch\/it\/produkt-kategorie\/sport-it\/bici\/"},{"@type":"ListItem","position":5,"name":"Attrezzatura da ciclismo","item":"https:\/\/schweizversand.ch\/it\/produkt-kategorie\/sport-it\/bici\/veloausruestung\/"},{"@type":"ListItem","position":6,"name":"Lucchetto per bicicletta Dunlop"}]},{"@type":"WebSite","@id":"https:\/\/schweizversand.ch\/it\/#website","url":"https:\/\/schweizversand.ch\/it\/","name":"Schweizer Shop f\u00fcr Sport, Spiel und Freizeit","description":"Gratisversand ab 50.- (netto), ab eigenem schweizer Lager, Lieferung innert 48h","publisher":{"@id":"https:\/\/schweizversand.ch\/it\/#organization"},"alternateName":"Schweizversand.ch","potentialAction":[{"@type":"SearchAction","target":{"@type":"EntryPoint","urlTemplate":"https:\/\/schweizversand.ch\/it\/?s={search_term_string}"},"query-input":{"@type":"PropertyValueSpecification","valueRequired":true,"valueName":"search_term_string"}}],"inLanguage":"it-IT"},{"@type":"Organization","@id":"https:\/\/schweizversand.ch\/it\/#organization","name":"Schweizversand.ch","url":"https:\/\/schweizversand.ch\/it\/","logo":{"@type":"ImageObject","inLanguage":"it-IT","@id":"https:\/\/schweizversand.ch\/it\/#\/schema\/logo\/image\/","url":"https:\/\/schweizversand.ch\/wp-content\/uploads\/2026\/03\/Logo_Rund_Final-1.png","contentUrl":"https:\/\/schweizversand.ch\/wp-content\/uploads\/2026\/03\/Logo_Rund_Final-1.png","width":404,"height":404,"caption":"Schweizversand.ch"},"image":{"@id":"https:\/\/schweizversand.ch\/it\/#\/schema\/logo\/image\/"},"sameAs":["https:\/\/www.facebook.com\/Schweizversand","https:\/\/www.instagram.com\/schweizversand.ch\/"]}]}},"jetpack_sharing_enabled":true,"_links":{"self":[{"href":"https:\/\/schweizversand.ch\/it\/wp-json\/wp\/v2\/product\/254039","targetHints":{"allow":["GET"]}}],"collection":[{"href":"https:\/\/schweizversand.ch\/it\/wp-json\/wp\/v2\/product"}],"about":[{"href":"https:\/\/schweizversand.ch\/it\/wp-json\/wp\/v2\/types\/product"}],"replies":[{"embeddable":true,"href":"https:\/\/schweizversand.ch\/it\/wp-json\/wp\/v2\/comments?post=254039"}],"wp:featuredmedia":[{"embeddable":true,"href":"https:\/\/schweizversand.ch\/it\/wp-json\/wp\/v2\/media\/157930"}],"wp:attachment":[{"href":"https:\/\/schweizversand.ch\/it\/wp-json\/wp\/v2\/media?parent=254039"}],"wp:term":[{"taxonomy":"product_brand","embeddable":true,"href":"https:\/\/schweizversand.ch\/it\/wp-json\/wp\/v2\/product_brand?post=254039"},{"taxonomy":"product_cat","embeddable":true,"href":"https:\/\/schweizversand.ch\/it\/wp-json\/wp\/v2\/product_cat?post=254039"},{"taxonomy":"product_tag","embeddable":true,"href":"https:\/\/schweizversand.ch\/it\/wp-json\/wp\/v2\/product_tag?post=254039"}],"curies":[{"name":"wp","href":"https:\/\/api.w.org\/{rel}","templated":true}]}}