{"id":254050,"date":"2026-03-15T00:06:01","date_gmt":"2026-03-14T23:06:01","guid":{"rendered":"https:\/\/schweizversand.ch\/produkt\/marionette-wooden-toys-tic-tac-toe-aus-holz\/"},"modified":"2026-04-21T15:35:33","modified_gmt":"2026-04-21T13:35:33","slug":"marionette-wooden-toys-tic-tac-toe-aus-holz","status":"publish","type":"product","link":"https:\/\/schweizversand.ch\/it\/produkt\/marionette-wooden-toys-tic-tac-toe-aus-holz\/","title":{"rendered":"Marionetta Giocattoli di legno Tris in legno"},"content":{"rendered":"<h1><strong>MARIONETTE Wooden Toys &#8211; Tris in legno<\/strong><\/h1>\n<div>Scopri l&#8217;intramontabile gioco in legno <strong>Tic Tac Toe<\/strong> di MARIONETTE Wooden Toys. Questo classico gioco, noto anche come <strong>Cerchio e Croce<\/strong> o Forza Tre, combina un design di alta qualit\u00e0 con un divertimento strategico per tutta la famiglia.<\/p>\n<\/div>\n<div><strong>Design unico e materiali di alta qualit\u00e0<\/strong><br \/>Questo <strong>giocattolo in legno<\/strong> delizia bambini e adulti con la sua squisita fattura. Realizzato in legno robusto e presentato nei colori accattivanti blu e bianco, il gioco non \u00e8 solo un passatempo divertente, ma anche un elemento accattivante in qualsiasi stanza. Le sue dimensioni compatte lo rendono ideale per l&#8217;uso a casa o in viaggio.<\/p>\n<\/div>\n<div><strong>Valore educativo e strategico<\/strong><br \/>Questo <strong>gioco di strategia in legno<\/strong> \u00e8 pi\u00f9 di un semplice divertimento. Promuove attivamente il pensiero strategico, la concentrazione e le capacit\u00e0 di problem solving dei vostri bambini. Imparando mosse semplici ma efficaci, il gioco del Tris offre un modo eccellente per comprendere in modo giocoso le connessioni logiche e pianificare in anticipo. Divertimento duraturo per tutte le et\u00e0: grazie alla solida struttura dei prodotti Marionette Wooden Toys, questo gioco del Tris \u00e8 particolarmente resistente e pu\u00f2 resistere anche a sessioni di gioco intensive. Che si tratti di una rapida competizione o di un appuntamento fisso per una serata di giochi in famiglia, questo gioco garantisce ore di divertimento per tutte le et\u00e0. \u00c8 il regalo perfetto per chiunque apprezzi i classici giochi da tavolo.<\/p>\n<\/div>\n<div><strong>Dettagli del prodotto e contenuto della confezione<\/strong><br \/>&#8211; Nome del prodotto: MARIONETTE Wooden Toys \u2013 Tris<br \/>&#8211; Materiale: Legno robusto e di alta qualit\u00e0<br \/>&#8211; Colori: Blu e bianco<br \/>&#8211; Dimensioni: 14,5 x 14,5 x 0,5 cm (dimensioni compatte)<br \/>&#8211; Gruppo target: Adatto a bambini dai 3 anni in su e adulti<br \/>&#8211; Tipo di gioco: <strong>Gioco del cerchio e della croce<\/strong> \/ Abbinamento a 3<\/p>\n<\/div>\n<div>Acquista subito questo intramontabile <strong>giocattolo in legno per bambini<\/strong> e scopri come il classico gioco del Tris di <strong>MARIONETTE Wooden Toys<\/strong> porta gioia e sfide strategiche a casa tua.<\/p>\n<\/div>\n<div>\n<\/div>\n","protected":false},"excerpt":{"rendered":"<p>MARIONETTE Wooden Toys &#8211; Tris in legno Scopri l&#8217;intramontabile gioco in legno Tic Tac Toe di MARIONETTE Wooden Toys. Questo classico gioco, noto anche come Cerchio e Croce o Forza Tre, combina un design di alta qualit\u00e0 con un divertimento strategico per tutta la famiglia. Design unico e materiali di alta qualit\u00e0Questo giocattolo in legno delizia bambini e adulti con la sua squisita fattura. Realizzato in legno robusto e presentato nei colori accattivanti blu e&hellip;<\/p>\n","protected":false},"featured_media":158009,"comment_status":"open","ping_status":"closed","template":"","meta":[],"product_brand":[],"product_cat":[],"product_tag":[],"class_list":{"0":"post-254050","1":"product","2":"type-product","3":"status-publish","4":"has-post-thumbnail","6":"product_shipping_class-global_methods","8":"first","9":"instock","10":"taxable","11":"shipping-taxable","12":"purchasable","13":"product-type-simple"},"yoast_head":"<!-- This site is optimized with the Yoast SEO plugin v27.4 - https:\/\/yoast.com\/product\/yoast-seo-wordpress\/ -->\n<title>Marionette Wooden Toys Tic Tac Toe aus Holz | Jetzt kaufen | Schweizversand.ch<\/title>\n<meta name=\"description\" content=\"Marionette Wooden Toys Tic Tac Toe aus Holz g\u00fcnstig kaufen bei Schweizversand.ch. Schnelle Lieferung in der Schweiz. Gratisversand ab CHF 50.\" \/>\n<meta name=\"robots\" content=\"index, follow, max-snippet:-1, max-image-preview:large, max-video-preview:-1\" \/>\n<link rel=\"canonical\" href=\"https:\/\/schweizversand.ch\/it\/produkt\/marionette-wooden-toys-tic-tac-toe-aus-holz\/\" \/>\n<meta property=\"og:locale\" content=\"it_IT\" \/>\n<meta property=\"og:type\" content=\"article\" \/>\n<meta property=\"og:title\" content=\"Marionette Wooden Toys Tic Tac Toe aus Holz | Jetzt kaufen | Schweizversand.ch\" \/>\n<meta property=\"og:description\" content=\"Marionette Wooden Toys Tic Tac Toe aus Holz g\u00fcnstig kaufen bei Schweizversand.ch. Schnelle Lieferung in der Schweiz. Gratisversand ab CHF 50.\" \/>\n<meta property=\"og:url\" content=\"https:\/\/schweizversand.ch\/it\/produkt\/marionette-wooden-toys-tic-tac-toe-aus-holz\/\" \/>\n<meta property=\"og:site_name\" content=\"Schweizer Shop f\u00fcr Sport, Spiel und Freizeit\" \/>\n<meta property=\"article:publisher\" content=\"https:\/\/www.facebook.com\/Schweizversand\" \/>\n<meta property=\"article:modified_time\" content=\"2026-04-21T13:35:33+00:00\" \/>\n<meta property=\"og:image\" content=\"https:\/\/schweizversand.ch\/wp-content\/uploads\/2026\/02\/5472009533.jpg\" \/>\n\t<meta property=\"og:image:width\" content=\"1024\" \/>\n\t<meta property=\"og:image:height\" content=\"1009\" \/>\n\t<meta property=\"og:image:type\" content=\"image\/jpeg\" \/>\n<meta name=\"twitter:card\" content=\"summary_large_image\" \/>\n<meta name=\"twitter:label1\" content=\"Tempo di lettura stimato\" \/>\n\t<meta name=\"twitter:data1\" content=\"2 minuto\" \/>\n<script type=\"application\/ld+json\" class=\"yoast-schema-graph\">{\"@context\":\"https:\\\/\\\/schema.org\",\"@graph\":[{\"@type\":\"WebPage\",\"@id\":\"https:\\\/\\\/schweizversand.ch\\\/it\\\/produkt\\\/marionette-wooden-toys-tic-tac-toe-aus-holz\\\/\",\"url\":\"https:\\\/\\\/schweizversand.ch\\\/it\\\/produkt\\\/marionette-wooden-toys-tic-tac-toe-aus-holz\\\/\",\"name\":\"Marionette Wooden Toys Tic Tac Toe aus Holz | Jetzt kaufen | Schweizversand.ch\",\"isPartOf\":{\"@id\":\"https:\\\/\\\/schweizversand.ch\\\/it\\\/#website\"},\"primaryImageOfPage\":{\"@id\":\"https:\\\/\\\/schweizversand.ch\\\/it\\\/produkt\\\/marionette-wooden-toys-tic-tac-toe-aus-holz\\\/#primaryimage\"},\"image\":{\"@id\":\"https:\\\/\\\/schweizversand.ch\\\/it\\\/produkt\\\/marionette-wooden-toys-tic-tac-toe-aus-holz\\\/#primaryimage\"},\"thumbnailUrl\":\"https:\\\/\\\/schweizversand.ch\\\/wp-content\\\/uploads\\\/2026\\\/02\\\/5472009533.jpg\",\"datePublished\":\"2026-03-14T23:06:01+00:00\",\"dateModified\":\"2026-04-21T13:35:33+00:00\",\"description\":\"Marionette Wooden Toys Tic Tac Toe aus Holz g\u00fcnstig kaufen bei Schweizversand.ch. Schnelle Lieferung in der Schweiz. Gratisversand ab CHF 50.\",\"breadcrumb\":{\"@id\":\"https:\\\/\\\/schweizversand.ch\\\/it\\\/produkt\\\/marionette-wooden-toys-tic-tac-toe-aus-holz\\\/#breadcrumb\"},\"inLanguage\":\"it-IT\",\"potentialAction\":[{\"@type\":\"ReadAction\",\"target\":[\"https:\\\/\\\/schweizversand.ch\\\/it\\\/produkt\\\/marionette-wooden-toys-tic-tac-toe-aus-holz\\\/\"]}]},{\"@type\":\"ImageObject\",\"inLanguage\":\"it-IT\",\"@id\":\"https:\\\/\\\/schweizversand.ch\\\/it\\\/produkt\\\/marionette-wooden-toys-tic-tac-toe-aus-holz\\\/#primaryimage\",\"url\":\"https:\\\/\\\/schweizversand.ch\\\/wp-content\\\/uploads\\\/2026\\\/02\\\/5472009533.jpg\",\"contentUrl\":\"https:\\\/\\\/schweizversand.ch\\\/wp-content\\\/uploads\\\/2026\\\/02\\\/5472009533.jpg\",\"width\":1024,\"height\":1009},{\"@type\":\"BreadcrumbList\",\"@id\":\"https:\\\/\\\/schweizversand.ch\\\/it\\\/produkt\\\/marionette-wooden-toys-tic-tac-toe-aus-holz\\\/#breadcrumb\",\"itemListElement\":[{\"@type\":\"ListItem\",\"position\":1,\"name\":\"Startseite\",\"item\":\"https:\\\/\\\/schweizversand.ch\\\/it\\\/home\\\/\"},{\"@type\":\"ListItem\",\"position\":2,\"name\":\"Shop\",\"item\":\"https:\\\/\\\/schweizversand.ch\\\/it\\\/shop\\\/\"},{\"@type\":\"ListItem\",\"position\":3,\"name\":\"Giocattoli e giochi\",\"item\":\"https:\\\/\\\/schweizversand.ch\\\/it\\\/produkt-kategorie\\\/giocattoli-e-giochi\\\/\"},{\"@type\":\"ListItem\",\"position\":4,\"name\":\"Giochi e puzzle\",\"item\":\"https:\\\/\\\/schweizversand.ch\\\/it\\\/produkt-kategorie\\\/giocattoli-e-giochi\\\/giochi-e-puzzle\\\/\"},{\"@type\":\"ListItem\",\"position\":5,\"name\":\"Giochi da tavolo\",\"item\":\"https:\\\/\\\/schweizversand.ch\\\/en\\\/produkt-kategorie\\\/gesellschaftsspiel\\\/\"},{\"@type\":\"ListItem\",\"position\":6,\"name\":\"Marionetta Giocattoli di legno Tris in legno\"}]},{\"@type\":\"WebSite\",\"@id\":\"https:\\\/\\\/schweizversand.ch\\\/it\\\/#website\",\"url\":\"https:\\\/\\\/schweizversand.ch\\\/it\\\/\",\"name\":\"Schweizer Shop f\u00fcr Sport, Spiel und Freizeit\",\"description\":\"Gratisversand ab 50.- (netto), ab eigenem schweizer Lager, Lieferung innert 48h\",\"publisher\":{\"@id\":\"https:\\\/\\\/schweizversand.ch\\\/it\\\/#organization\"},\"alternateName\":\"Schweizversand.ch\",\"potentialAction\":[{\"@type\":\"SearchAction\",\"target\":{\"@type\":\"EntryPoint\",\"urlTemplate\":\"https:\\\/\\\/schweizversand.ch\\\/it\\\/?s={search_term_string}\"},\"query-input\":{\"@type\":\"PropertyValueSpecification\",\"valueRequired\":true,\"valueName\":\"search_term_string\"}}],\"inLanguage\":\"it-IT\"},{\"@type\":\"Organization\",\"@id\":\"https:\\\/\\\/schweizversand.ch\\\/it\\\/#organization\",\"name\":\"Schweizversand.ch\",\"url\":\"https:\\\/\\\/schweizversand.ch\\\/it\\\/\",\"logo\":{\"@type\":\"ImageObject\",\"inLanguage\":\"it-IT\",\"@id\":\"https:\\\/\\\/schweizversand.ch\\\/it\\\/#\\\/schema\\\/logo\\\/image\\\/\",\"url\":\"https:\\\/\\\/schweizversand.ch\\\/wp-content\\\/uploads\\\/2026\\\/03\\\/Logo_Rund_Final-1.png\",\"contentUrl\":\"https:\\\/\\\/schweizversand.ch\\\/wp-content\\\/uploads\\\/2026\\\/03\\\/Logo_Rund_Final-1.png\",\"width\":404,\"height\":404,\"caption\":\"Schweizversand.ch\"},\"image\":{\"@id\":\"https:\\\/\\\/schweizversand.ch\\\/it\\\/#\\\/schema\\\/logo\\\/image\\\/\"},\"sameAs\":[\"https:\\\/\\\/www.facebook.com\\\/Schweizversand\",\"https:\\\/\\\/www.instagram.com\\\/schweizversand.ch\\\/\"]}]}<\/script>\n<!-- \/ Yoast SEO plugin. -->","yoast_head_json":{"title":"Marionette Wooden Toys Tic Tac Toe aus Holz | Jetzt kaufen | Schweizversand.ch","description":"Marionette Wooden Toys Tic Tac Toe aus Holz g\u00fcnstig kaufen bei Schweizversand.ch. Schnelle Lieferung in der Schweiz. Gratisversand ab CHF 50.","robots":{"index":"index","follow":"follow","max-snippet":"max-snippet:-1","max-image-preview":"max-image-preview:large","max-video-preview":"max-video-preview:-1"},"canonical":"https:\/\/schweizversand.ch\/it\/produkt\/marionette-wooden-toys-tic-tac-toe-aus-holz\/","og_locale":"it_IT","og_type":"article","og_title":"Marionette Wooden Toys Tic Tac Toe aus Holz | Jetzt kaufen | Schweizversand.ch","og_description":"Marionette Wooden Toys Tic Tac Toe aus Holz g\u00fcnstig kaufen bei Schweizversand.ch. Schnelle Lieferung in der Schweiz. Gratisversand ab CHF 50.","og_url":"https:\/\/schweizversand.ch\/it\/produkt\/marionette-wooden-toys-tic-tac-toe-aus-holz\/","og_site_name":"Schweizer Shop f\u00fcr Sport, Spiel und Freizeit","article_publisher":"https:\/\/www.facebook.com\/Schweizversand","article_modified_time":"2026-04-21T13:35:33+00:00","og_image":[{"width":1024,"height":1009,"url":"https:\/\/schweizversand.ch\/wp-content\/uploads\/2026\/02\/5472009533.jpg","type":"image\/jpeg"}],"twitter_card":"summary_large_image","twitter_misc":{"Tempo di lettura stimato":"2 minuto"},"schema":{"@context":"https:\/\/schema.org","@graph":[{"@type":"WebPage","@id":"https:\/\/schweizversand.ch\/it\/produkt\/marionette-wooden-toys-tic-tac-toe-aus-holz\/","url":"https:\/\/schweizversand.ch\/it\/produkt\/marionette-wooden-toys-tic-tac-toe-aus-holz\/","name":"Marionette Wooden Toys Tic Tac Toe aus Holz | Jetzt kaufen | Schweizversand.ch","isPartOf":{"@id":"https:\/\/schweizversand.ch\/it\/#website"},"primaryImageOfPage":{"@id":"https:\/\/schweizversand.ch\/it\/produkt\/marionette-wooden-toys-tic-tac-toe-aus-holz\/#primaryimage"},"image":{"@id":"https:\/\/schweizversand.ch\/it\/produkt\/marionette-wooden-toys-tic-tac-toe-aus-holz\/#primaryimage"},"thumbnailUrl":"https:\/\/schweizversand.ch\/wp-content\/uploads\/2026\/02\/5472009533.jpg","datePublished":"2026-03-14T23:06:01+00:00","dateModified":"2026-04-21T13:35:33+00:00","description":"Marionette Wooden Toys Tic Tac Toe aus Holz g\u00fcnstig kaufen bei Schweizversand.ch. Schnelle Lieferung in der Schweiz. Gratisversand ab CHF 50.","breadcrumb":{"@id":"https:\/\/schweizversand.ch\/it\/produkt\/marionette-wooden-toys-tic-tac-toe-aus-holz\/#breadcrumb"},"inLanguage":"it-IT","potentialAction":[{"@type":"ReadAction","target":["https:\/\/schweizversand.ch\/it\/produkt\/marionette-wooden-toys-tic-tac-toe-aus-holz\/"]}]},{"@type":"ImageObject","inLanguage":"it-IT","@id":"https:\/\/schweizversand.ch\/it\/produkt\/marionette-wooden-toys-tic-tac-toe-aus-holz\/#primaryimage","url":"https:\/\/schweizversand.ch\/wp-content\/uploads\/2026\/02\/5472009533.jpg","contentUrl":"https:\/\/schweizversand.ch\/wp-content\/uploads\/2026\/02\/5472009533.jpg","width":1024,"height":1009},{"@type":"BreadcrumbList","@id":"https:\/\/schweizversand.ch\/it\/produkt\/marionette-wooden-toys-tic-tac-toe-aus-holz\/#breadcrumb","itemListElement":[{"@type":"ListItem","position":1,"name":"Startseite","item":"https:\/\/schweizversand.ch\/it\/home\/"},{"@type":"ListItem","position":2,"name":"Shop","item":"https:\/\/schweizversand.ch\/it\/shop\/"},{"@type":"ListItem","position":3,"name":"Giocattoli e giochi","item":"https:\/\/schweizversand.ch\/it\/produkt-kategorie\/giocattoli-e-giochi\/"},{"@type":"ListItem","position":4,"name":"Giochi e puzzle","item":"https:\/\/schweizversand.ch\/it\/produkt-kategorie\/giocattoli-e-giochi\/giochi-e-puzzle\/"},{"@type":"ListItem","position":5,"name":"Giochi da tavolo","item":"https:\/\/schweizversand.ch\/en\/produkt-kategorie\/gesellschaftsspiel\/"},{"@type":"ListItem","position":6,"name":"Marionetta Giocattoli di legno Tris in legno"}]},{"@type":"WebSite","@id":"https:\/\/schweizversand.ch\/it\/#website","url":"https:\/\/schweizversand.ch\/it\/","name":"Schweizer Shop f\u00fcr Sport, Spiel und Freizeit","description":"Gratisversand ab 50.- (netto), ab eigenem schweizer Lager, Lieferung innert 48h","publisher":{"@id":"https:\/\/schweizversand.ch\/it\/#organization"},"alternateName":"Schweizversand.ch","potentialAction":[{"@type":"SearchAction","target":{"@type":"EntryPoint","urlTemplate":"https:\/\/schweizversand.ch\/it\/?s={search_term_string}"},"query-input":{"@type":"PropertyValueSpecification","valueRequired":true,"valueName":"search_term_string"}}],"inLanguage":"it-IT"},{"@type":"Organization","@id":"https:\/\/schweizversand.ch\/it\/#organization","name":"Schweizversand.ch","url":"https:\/\/schweizversand.ch\/it\/","logo":{"@type":"ImageObject","inLanguage":"it-IT","@id":"https:\/\/schweizversand.ch\/it\/#\/schema\/logo\/image\/","url":"https:\/\/schweizversand.ch\/wp-content\/uploads\/2026\/03\/Logo_Rund_Final-1.png","contentUrl":"https:\/\/schweizversand.ch\/wp-content\/uploads\/2026\/03\/Logo_Rund_Final-1.png","width":404,"height":404,"caption":"Schweizversand.ch"},"image":{"@id":"https:\/\/schweizversand.ch\/it\/#\/schema\/logo\/image\/"},"sameAs":["https:\/\/www.facebook.com\/Schweizversand","https:\/\/www.instagram.com\/schweizversand.ch\/"]}]}},"jetpack_sharing_enabled":true,"_links":{"self":[{"href":"https:\/\/schweizversand.ch\/it\/wp-json\/wp\/v2\/product\/254050","targetHints":{"allow":["GET"]}}],"collection":[{"href":"https:\/\/schweizversand.ch\/it\/wp-json\/wp\/v2\/product"}],"about":[{"href":"https:\/\/schweizversand.ch\/it\/wp-json\/wp\/v2\/types\/product"}],"replies":[{"embeddable":true,"href":"https:\/\/schweizversand.ch\/it\/wp-json\/wp\/v2\/comments?post=254050"}],"wp:featuredmedia":[{"embeddable":true,"href":"https:\/\/schweizversand.ch\/it\/wp-json\/wp\/v2\/media\/158009"}],"wp:attachment":[{"href":"https:\/\/schweizversand.ch\/it\/wp-json\/wp\/v2\/media?parent=254050"}],"wp:term":[{"taxonomy":"product_brand","embeddable":true,"href":"https:\/\/schweizversand.ch\/it\/wp-json\/wp\/v2\/product_brand?post=254050"},{"taxonomy":"product_cat","embeddable":true,"href":"https:\/\/schweizversand.ch\/it\/wp-json\/wp\/v2\/product_cat?post=254050"},{"taxonomy":"product_tag","embeddable":true,"href":"https:\/\/schweizversand.ch\/it\/wp-json\/wp\/v2\/product_tag?post=254050"}],"curies":[{"name":"wp","href":"https:\/\/api.w.org\/{rel}","templated":true}]}}