{"id":254076,"date":"2026-03-15T00:06:06","date_gmt":"2026-03-14T23:06:06","guid":{"rendered":"https:\/\/schweizversand.ch\/produkt\/dunlop-sattelueberzug\/"},"modified":"2026-04-19T15:36:32","modified_gmt":"2026-04-19T13:36:32","slug":"dunlop-sattelueberzug","status":"publish","type":"product","link":"https:\/\/schweizversand.ch\/it\/produkt\/dunlop-sattelueberzug\/","title":{"rendered":"Coprisella Dunlop"},"content":{"rendered":"<h1><strong>Coprisella per bicicletta Dunlop con memory foam<\/strong><\/h1>\n<div>Aumenta significativamente il comfort di guida con il <strong>coprisella per bicicletta Dunlop<\/strong> di alta qualit\u00e0. Questo coprisella innovativo combina un design ergonomico con materiali all&#8217;avanguardia per rendere ogni uscita in bicicletta, breve o lunga, un&#8217;esperienza piacevole. \u00c8 il complemento ideale per chiunque apprezzi una <strong>sella per bicicletta comoda<\/strong> senza dover sostituire l&#8217;intera sella.<\/p>\n<\/div>\n<div><strong>Comfort di guida senza pari grazie al memory foam<\/strong><br \/>Il nucleo di questo <strong>coprisella in memory foam<\/strong> \u00e8 costituito da uno speciale polietilene e schiuma viscoelastica. Questo materiale \u00e8 noto per la sua capacit\u00e0 di adattarsi perfettamente alla forma del corpo, riducendo al minimo i punti di pressione. Prova l&#8217;efficace tecnologia di smorzamento delle vibrazioni della sella, che assorbe in modo affidabile urti e vibrazioni durante la guida, migliorando significativamente la tua esperienza di guida.<\/p>\n<\/div>\n<div><strong>Protezione e durata<\/strong><br \/>Grazie allo speciale tessuto, questo <strong>coprisella in gel<\/strong> \u00e8 (in linea con le sue propriet\u00e0 di smorzamento) completamente <strong>impermeabile<\/strong>. La sella rimane asciutta e protetta anche in caso di pioggia improvvisa, prolungandone la durata. Il <strong>coprisella Dunlop<\/strong> offre quindi comfort e pratica protezione dalle intemperie in un unico prodotto.<\/p>\n<\/div>\n<div><strong>Dettagli del prodotto e facile installazione<\/strong><br \/>La vestibilit\u00e0 universale di questo <strong>coprisella per bicicletta<\/strong> garantisce la compatibilit\u00e0 con la maggior parte delle selle standard e offre il massimo comfort. L&#8217;installazione \u00e8 rapida e semplice, cos\u00ec puoi beneficiare immediatamente dei vantaggi.<\/p>\n<\/div>\n<div><strong>Specifiche tecniche<\/strong><br \/>&#8211; Materiale: polietilene e memory foam<br \/>&#8211; Funzione: elevato smorzamento delle vibrazioni e riduzione della pressione<br \/>&#8211; Impermeabile: s\u00ec, protegge la sella dall&#8217;umidit\u00e0<br \/>&#8211; Dimensioni (L x P): 29 cm x 20 cm<br \/>&#8211; Vestibilit\u00e0: universale, adatta alla maggior parte delle selle<\/p>\n<\/div>\n<div>Investi in questo <strong>coprisella per bicicletta Dunlop<\/strong> e rendi il tuo prossimo giro in bicicletta notevolmente pi\u00f9 confortevole. Ordinalo ora e scopri la differenza che fa il vero comfort di guida.<\/p>\n<\/div>\n<div><\/div>\n","protected":false},"excerpt":{"rendered":"<p>Coprisella per bicicletta Dunlop con memory foam Aumenta significativamente il comfort di guida con il coprisella per bicicletta Dunlop di alta qualit\u00e0. Questo coprisella innovativo combina un design ergonomico con materiali all&#8217;avanguardia per rendere ogni uscita in bicicletta, breve o lunga, un&#8217;esperienza piacevole. \u00c8 il complemento ideale per chiunque apprezzi una sella per bicicletta comoda senza dover sostituire l&#8217;intera sella. Comfort di guida senza pari grazie al memory foamIl nucleo di questo coprisella in memory&hellip;<\/p>\n","protected":false},"featured_media":158121,"comment_status":"open","ping_status":"closed","template":"","meta":[],"product_brand":[],"product_cat":[38664,38665],"product_tag":[],"class_list":{"0":"post-254076","1":"product","2":"type-product","3":"status-publish","4":"has-post-thumbnail","6":"product_cat-veloausruestung","7":"product_cat-attrezzatura-da-ciclismo","8":"product_shipping_class-global_methods","10":"first","11":"instock","12":"taxable","13":"shipping-taxable","14":"purchasable","15":"product-type-simple"},"yoast_head":"<!-- This site is optimized with the Yoast SEO plugin v27.4 - https:\/\/yoast.com\/product\/yoast-seo-wordpress\/ -->\n<title>Dunlop Sattel\u00fcberzug | Jetzt kaufen | Schweizversand.ch<\/title>\n<meta name=\"description\" content=\"Dunlop Sattel\u00fcberzug g\u00fcnstig kaufen bei Schweizversand.ch. Schnelle Lieferung in der Schweiz. Gratisversand ab CHF 50.\" \/>\n<meta name=\"robots\" content=\"index, follow, max-snippet:-1, max-image-preview:large, max-video-preview:-1\" \/>\n<link rel=\"canonical\" href=\"https:\/\/schweizversand.ch\/it\/produkt\/dunlop-sattelueberzug\/\" \/>\n<meta property=\"og:locale\" content=\"it_IT\" \/>\n<meta property=\"og:type\" content=\"article\" \/>\n<meta property=\"og:title\" content=\"Dunlop Sattel\u00fcberzug | Jetzt kaufen | Schweizversand.ch\" \/>\n<meta property=\"og:description\" content=\"Dunlop Sattel\u00fcberzug g\u00fcnstig kaufen bei Schweizversand.ch. Schnelle Lieferung in der Schweiz. Gratisversand ab CHF 50.\" \/>\n<meta property=\"og:url\" content=\"https:\/\/schweizversand.ch\/it\/produkt\/dunlop-sattelueberzug\/\" \/>\n<meta property=\"og:site_name\" content=\"Schweizer Shop f\u00fcr Sport, Spiel und Freizeit\" \/>\n<meta property=\"article:publisher\" content=\"https:\/\/www.facebook.com\/Schweizversand\" \/>\n<meta property=\"article:modified_time\" content=\"2026-04-19T13:36:32+00:00\" \/>\n<meta property=\"og:image\" content=\"https:\/\/schweizversand.ch\/wp-content\/uploads\/2026\/02\/5471556392.jpg\" \/>\n\t<meta property=\"og:image:width\" content=\"584\" \/>\n\t<meta property=\"og:image:height\" content=\"1024\" \/>\n\t<meta property=\"og:image:type\" content=\"image\/jpeg\" \/>\n<meta name=\"twitter:card\" content=\"summary_large_image\" \/>\n<meta name=\"twitter:label1\" content=\"Tempo di lettura stimato\" \/>\n\t<meta name=\"twitter:data1\" content=\"1 minuto\" \/>\n<script type=\"application\/ld+json\" class=\"yoast-schema-graph\">{\"@context\":\"https:\\\/\\\/schema.org\",\"@graph\":[{\"@type\":\"WebPage\",\"@id\":\"https:\\\/\\\/schweizversand.ch\\\/it\\\/produkt\\\/dunlop-sattelueberzug\\\/\",\"url\":\"https:\\\/\\\/schweizversand.ch\\\/it\\\/produkt\\\/dunlop-sattelueberzug\\\/\",\"name\":\"Dunlop Sattel\u00fcberzug | Jetzt kaufen | Schweizversand.ch\",\"isPartOf\":{\"@id\":\"https:\\\/\\\/schweizversand.ch\\\/it\\\/#website\"},\"primaryImageOfPage\":{\"@id\":\"https:\\\/\\\/schweizversand.ch\\\/it\\\/produkt\\\/dunlop-sattelueberzug\\\/#primaryimage\"},\"image\":{\"@id\":\"https:\\\/\\\/schweizversand.ch\\\/it\\\/produkt\\\/dunlop-sattelueberzug\\\/#primaryimage\"},\"thumbnailUrl\":\"https:\\\/\\\/schweizversand.ch\\\/wp-content\\\/uploads\\\/2026\\\/02\\\/5471556392.jpg\",\"datePublished\":\"2026-03-14T23:06:06+00:00\",\"dateModified\":\"2026-04-19T13:36:32+00:00\",\"description\":\"Dunlop Sattel\u00fcberzug g\u00fcnstig kaufen bei Schweizversand.ch. Schnelle Lieferung in der Schweiz. Gratisversand ab CHF 50.\",\"breadcrumb\":{\"@id\":\"https:\\\/\\\/schweizversand.ch\\\/it\\\/produkt\\\/dunlop-sattelueberzug\\\/#breadcrumb\"},\"inLanguage\":\"it-IT\",\"potentialAction\":[{\"@type\":\"ReadAction\",\"target\":[\"https:\\\/\\\/schweizversand.ch\\\/it\\\/produkt\\\/dunlop-sattelueberzug\\\/\"]}]},{\"@type\":\"ImageObject\",\"inLanguage\":\"it-IT\",\"@id\":\"https:\\\/\\\/schweizversand.ch\\\/it\\\/produkt\\\/dunlop-sattelueberzug\\\/#primaryimage\",\"url\":\"https:\\\/\\\/schweizversand.ch\\\/wp-content\\\/uploads\\\/2026\\\/02\\\/5471556392.jpg\",\"contentUrl\":\"https:\\\/\\\/schweizversand.ch\\\/wp-content\\\/uploads\\\/2026\\\/02\\\/5471556392.jpg\",\"width\":584,\"height\":1024},{\"@type\":\"BreadcrumbList\",\"@id\":\"https:\\\/\\\/schweizversand.ch\\\/it\\\/produkt\\\/dunlop-sattelueberzug\\\/#breadcrumb\",\"itemListElement\":[{\"@type\":\"ListItem\",\"position\":1,\"name\":\"Startseite\",\"item\":\"https:\\\/\\\/schweizversand.ch\\\/it\\\/home\\\/\"},{\"@type\":\"ListItem\",\"position\":2,\"name\":\"Shop\",\"item\":\"https:\\\/\\\/schweizversand.ch\\\/it\\\/shop\\\/\"},{\"@type\":\"ListItem\",\"position\":3,\"name\":\"Sport\",\"item\":\"https:\\\/\\\/schweizversand.ch\\\/it\\\/produkt-kategorie\\\/sport-it\\\/\"},{\"@type\":\"ListItem\",\"position\":4,\"name\":\"Bici\",\"item\":\"https:\\\/\\\/schweizversand.ch\\\/it\\\/produkt-kategorie\\\/sport\\\/bici\\\/\"},{\"@type\":\"ListItem\",\"position\":5,\"name\":\"Attrezzatura da ciclismo\",\"item\":\"https:\\\/\\\/schweizversand.ch\\\/it\\\/produkt-kategorie\\\/sport\\\/bici\\\/attrezzatura-da-ciclismo\\\/\"},{\"@type\":\"ListItem\",\"position\":6,\"name\":\"Coprisella Dunlop\"}]},{\"@type\":\"WebSite\",\"@id\":\"https:\\\/\\\/schweizversand.ch\\\/it\\\/#website\",\"url\":\"https:\\\/\\\/schweizversand.ch\\\/it\\\/\",\"name\":\"Schweizer Shop f\u00fcr Sport, Spiel und Freizeit\",\"description\":\"Gratisversand ab 50.- (netto), ab eigenem schweizer Lager, Lieferung innert 48h\",\"publisher\":{\"@id\":\"https:\\\/\\\/schweizversand.ch\\\/it\\\/#organization\"},\"alternateName\":\"Schweizversand.ch\",\"potentialAction\":[{\"@type\":\"SearchAction\",\"target\":{\"@type\":\"EntryPoint\",\"urlTemplate\":\"https:\\\/\\\/schweizversand.ch\\\/it\\\/?s={search_term_string}\"},\"query-input\":{\"@type\":\"PropertyValueSpecification\",\"valueRequired\":true,\"valueName\":\"search_term_string\"}}],\"inLanguage\":\"it-IT\"},{\"@type\":\"Organization\",\"@id\":\"https:\\\/\\\/schweizversand.ch\\\/it\\\/#organization\",\"name\":\"Schweizversand.ch\",\"url\":\"https:\\\/\\\/schweizversand.ch\\\/it\\\/\",\"logo\":{\"@type\":\"ImageObject\",\"inLanguage\":\"it-IT\",\"@id\":\"https:\\\/\\\/schweizversand.ch\\\/it\\\/#\\\/schema\\\/logo\\\/image\\\/\",\"url\":\"https:\\\/\\\/schweizversand.ch\\\/wp-content\\\/uploads\\\/2026\\\/03\\\/Logo_Rund_Final-1.png\",\"contentUrl\":\"https:\\\/\\\/schweizversand.ch\\\/wp-content\\\/uploads\\\/2026\\\/03\\\/Logo_Rund_Final-1.png\",\"width\":404,\"height\":404,\"caption\":\"Schweizversand.ch\"},\"image\":{\"@id\":\"https:\\\/\\\/schweizversand.ch\\\/it\\\/#\\\/schema\\\/logo\\\/image\\\/\"},\"sameAs\":[\"https:\\\/\\\/www.facebook.com\\\/Schweizversand\",\"https:\\\/\\\/www.instagram.com\\\/schweizversand.ch\\\/\"]}]}<\/script>\n<!-- \/ Yoast SEO plugin. -->","yoast_head_json":{"title":"Dunlop Sattel\u00fcberzug | Jetzt kaufen | Schweizversand.ch","description":"Dunlop Sattel\u00fcberzug g\u00fcnstig kaufen bei Schweizversand.ch. Schnelle Lieferung in der Schweiz. Gratisversand ab CHF 50.","robots":{"index":"index","follow":"follow","max-snippet":"max-snippet:-1","max-image-preview":"max-image-preview:large","max-video-preview":"max-video-preview:-1"},"canonical":"https:\/\/schweizversand.ch\/it\/produkt\/dunlop-sattelueberzug\/","og_locale":"it_IT","og_type":"article","og_title":"Dunlop Sattel\u00fcberzug | Jetzt kaufen | Schweizversand.ch","og_description":"Dunlop Sattel\u00fcberzug g\u00fcnstig kaufen bei Schweizversand.ch. Schnelle Lieferung in der Schweiz. Gratisversand ab CHF 50.","og_url":"https:\/\/schweizversand.ch\/it\/produkt\/dunlop-sattelueberzug\/","og_site_name":"Schweizer Shop f\u00fcr Sport, Spiel und Freizeit","article_publisher":"https:\/\/www.facebook.com\/Schweizversand","article_modified_time":"2026-04-19T13:36:32+00:00","og_image":[{"width":584,"height":1024,"url":"https:\/\/schweizversand.ch\/wp-content\/uploads\/2026\/02\/5471556392.jpg","type":"image\/jpeg"}],"twitter_card":"summary_large_image","twitter_misc":{"Tempo di lettura stimato":"1 minuto"},"schema":{"@context":"https:\/\/schema.org","@graph":[{"@type":"WebPage","@id":"https:\/\/schweizversand.ch\/it\/produkt\/dunlop-sattelueberzug\/","url":"https:\/\/schweizversand.ch\/it\/produkt\/dunlop-sattelueberzug\/","name":"Dunlop Sattel\u00fcberzug | Jetzt kaufen | Schweizversand.ch","isPartOf":{"@id":"https:\/\/schweizversand.ch\/it\/#website"},"primaryImageOfPage":{"@id":"https:\/\/schweizversand.ch\/it\/produkt\/dunlop-sattelueberzug\/#primaryimage"},"image":{"@id":"https:\/\/schweizversand.ch\/it\/produkt\/dunlop-sattelueberzug\/#primaryimage"},"thumbnailUrl":"https:\/\/schweizversand.ch\/wp-content\/uploads\/2026\/02\/5471556392.jpg","datePublished":"2026-03-14T23:06:06+00:00","dateModified":"2026-04-19T13:36:32+00:00","description":"Dunlop Sattel\u00fcberzug g\u00fcnstig kaufen bei Schweizversand.ch. Schnelle Lieferung in der Schweiz. Gratisversand ab CHF 50.","breadcrumb":{"@id":"https:\/\/schweizversand.ch\/it\/produkt\/dunlop-sattelueberzug\/#breadcrumb"},"inLanguage":"it-IT","potentialAction":[{"@type":"ReadAction","target":["https:\/\/schweizversand.ch\/it\/produkt\/dunlop-sattelueberzug\/"]}]},{"@type":"ImageObject","inLanguage":"it-IT","@id":"https:\/\/schweizversand.ch\/it\/produkt\/dunlop-sattelueberzug\/#primaryimage","url":"https:\/\/schweizversand.ch\/wp-content\/uploads\/2026\/02\/5471556392.jpg","contentUrl":"https:\/\/schweizversand.ch\/wp-content\/uploads\/2026\/02\/5471556392.jpg","width":584,"height":1024},{"@type":"BreadcrumbList","@id":"https:\/\/schweizversand.ch\/it\/produkt\/dunlop-sattelueberzug\/#breadcrumb","itemListElement":[{"@type":"ListItem","position":1,"name":"Startseite","item":"https:\/\/schweizversand.ch\/it\/home\/"},{"@type":"ListItem","position":2,"name":"Shop","item":"https:\/\/schweizversand.ch\/it\/shop\/"},{"@type":"ListItem","position":3,"name":"Sport","item":"https:\/\/schweizversand.ch\/it\/produkt-kategorie\/sport-it\/"},{"@type":"ListItem","position":4,"name":"Bici","item":"https:\/\/schweizversand.ch\/it\/produkt-kategorie\/sport\/bici\/"},{"@type":"ListItem","position":5,"name":"Attrezzatura da ciclismo","item":"https:\/\/schweizversand.ch\/it\/produkt-kategorie\/sport\/bici\/attrezzatura-da-ciclismo\/"},{"@type":"ListItem","position":6,"name":"Coprisella Dunlop"}]},{"@type":"WebSite","@id":"https:\/\/schweizversand.ch\/it\/#website","url":"https:\/\/schweizversand.ch\/it\/","name":"Schweizer Shop f\u00fcr Sport, Spiel und Freizeit","description":"Gratisversand ab 50.- (netto), ab eigenem schweizer Lager, Lieferung innert 48h","publisher":{"@id":"https:\/\/schweizversand.ch\/it\/#organization"},"alternateName":"Schweizversand.ch","potentialAction":[{"@type":"SearchAction","target":{"@type":"EntryPoint","urlTemplate":"https:\/\/schweizversand.ch\/it\/?s={search_term_string}"},"query-input":{"@type":"PropertyValueSpecification","valueRequired":true,"valueName":"search_term_string"}}],"inLanguage":"it-IT"},{"@type":"Organization","@id":"https:\/\/schweizversand.ch\/it\/#organization","name":"Schweizversand.ch","url":"https:\/\/schweizversand.ch\/it\/","logo":{"@type":"ImageObject","inLanguage":"it-IT","@id":"https:\/\/schweizversand.ch\/it\/#\/schema\/logo\/image\/","url":"https:\/\/schweizversand.ch\/wp-content\/uploads\/2026\/03\/Logo_Rund_Final-1.png","contentUrl":"https:\/\/schweizversand.ch\/wp-content\/uploads\/2026\/03\/Logo_Rund_Final-1.png","width":404,"height":404,"caption":"Schweizversand.ch"},"image":{"@id":"https:\/\/schweizversand.ch\/it\/#\/schema\/logo\/image\/"},"sameAs":["https:\/\/www.facebook.com\/Schweizversand","https:\/\/www.instagram.com\/schweizversand.ch\/"]}]}},"jetpack_sharing_enabled":true,"_links":{"self":[{"href":"https:\/\/schweizversand.ch\/it\/wp-json\/wp\/v2\/product\/254076","targetHints":{"allow":["GET"]}}],"collection":[{"href":"https:\/\/schweizversand.ch\/it\/wp-json\/wp\/v2\/product"}],"about":[{"href":"https:\/\/schweizversand.ch\/it\/wp-json\/wp\/v2\/types\/product"}],"replies":[{"embeddable":true,"href":"https:\/\/schweizversand.ch\/it\/wp-json\/wp\/v2\/comments?post=254076"}],"wp:featuredmedia":[{"embeddable":true,"href":"https:\/\/schweizversand.ch\/it\/wp-json\/wp\/v2\/media\/158121"}],"wp:attachment":[{"href":"https:\/\/schweizversand.ch\/it\/wp-json\/wp\/v2\/media?parent=254076"}],"wp:term":[{"taxonomy":"product_brand","embeddable":true,"href":"https:\/\/schweizversand.ch\/it\/wp-json\/wp\/v2\/product_brand?post=254076"},{"taxonomy":"product_cat","embeddable":true,"href":"https:\/\/schweizversand.ch\/it\/wp-json\/wp\/v2\/product_cat?post=254076"},{"taxonomy":"product_tag","embeddable":true,"href":"https:\/\/schweizversand.ch\/it\/wp-json\/wp\/v2\/product_tag?post=254076"}],"curies":[{"name":"wp","href":"https:\/\/api.w.org\/{rel}","templated":true}]}}