{"id":254079,"date":"2026-03-15T00:06:07","date_gmt":"2026-03-14T23:06:07","guid":{"rendered":"https:\/\/schweizversand.ch\/produkt\/dunlop-rucksack-blau\/"},"modified":"2026-04-11T15:35:07","modified_gmt":"2026-04-11T13:35:07","slug":"dunlop-rucksack-blau","status":"publish","type":"product","link":"https:\/\/schweizversand.ch\/it\/produkt\/dunlop-rucksack-blau\/","title":{"rendered":"Zaino Dunlop"},"content":{"rendered":"<p>Questo articolo \u00e8 un prodotto in eccedenza. Potrebbe presentare lievi segni di usura, ma \u00e8 in perfette condizioni e perfettamente funzionante.<\/p>\n<p>Zaino idrorepellente Dunlop: versatile e resistente<\/p>\n<p>Con lo zaino idrorepellente Dunlop, sei pronto a portare i tuoi effetti personali ovunque, con qualsiasi tempo. Questo zaino \u00e8 realizzato in materiale resistente ed \u00e8 disponibile in un colore accattivante che non passer\u00e0 inosservato. Offre ampio spazio e una base robusta, permettendoti di trasportare una variet\u00e0 di oggetti. Le comode maniglie per il trasporto alleggeriscono il peso dalle spalle, cos\u00ec lo zaino rimane leggero senza causare dolore. Questo zaino \u00e8 costruito per durare, quindi potrai godertelo per molti anni a venire.<\/p>\n<p>&#8220;` Vantaggi: \u2713 Zaino spazioso con pi\u00f9 cerniere per riporre gli oggetti in modo sicuro \u2713 Ampio scomparto anteriore, ideale per riporre piccoli oggetti \u2713 Adatto come zaino per la scuola, lo sport, il viaggio o per i festival \u2713 Le robuste maniglie per il trasporto alleviano la tensione sulle spalle e consentono un trasporto confortevole \u2713 Resistente e progettato per un uso prolungato \u2713 Realizzato in materiale idrorepellente per mantenere i tuoi oggetti asciutti, anche quando viaggi sotto la pioggia<\/p>\n<p>Specifiche:<\/p>\n<p>\u2022 Materiale: Cotone idrorepellente<\/p>\n<p>\u2022 Dimensioni: 45 x 31 x 14 cm<\/p>\n<p>\u2022 Peso: 234 grammi<\/p>\n<p>La confezione include: 1 zaino universale Dunlop<\/p>\n<p>Lo zaino Dunlop rosa idrorepellente per ragazze \u00e8 ideale per diverse occasioni, dalla scuola allo sport, dai viaggi ai festival. Con questo zaino, sei pronta per qualsiasi cosa la giornata possa riservare. Goditi la versatilit\u00e0 e la resistenza di questo zaino elegante e funzionale.<\/p>\n<p>Il colore non \u00e8 selezionabile. I colori assortiti verranno spediti ove possibile, in base alla disponibilit\u00e0.<\/p>\n<p>Prezzo per articolo<\/p>\n","protected":false},"excerpt":{"rendered":"<p>Questo articolo \u00e8 un prodotto in eccedenza. Potrebbe presentare lievi segni di usura, ma \u00e8 in perfette condizioni e perfettamente funzionante. Zaino idrorepellente Dunlop: versatile e resistente Con lo zaino idrorepellente Dunlop, sei pronto a portare i tuoi effetti personali ovunque, con qualsiasi tempo. Questo zaino \u00e8 realizzato in materiale resistente ed \u00e8 disponibile in un colore accattivante che non passer\u00e0 inosservato. Offre ampio spazio e una base robusta, permettendoti di trasportare una variet\u00e0 di&hellip;<\/p>\n","protected":false},"featured_media":243055,"comment_status":"open","ping_status":"closed","template":"","meta":[],"product_brand":[],"product_cat":[38902],"product_tag":[],"class_list":{"0":"post-254079","1":"product","2":"type-product","3":"status-publish","4":"has-post-thumbnail","6":"product_cat-alltags-gegenstand","7":"product_shipping_class-global_methods","9":"first","10":"instock","11":"taxable","12":"shipping-taxable","13":"purchasable","14":"product-type-simple"},"yoast_head":"<!-- This site is optimized with the Yoast SEO plugin v27.3 - https:\/\/yoast.com\/product\/yoast-seo-wordpress\/ -->\n<title>Dunlop Rucksack | Jetzt kaufen | Schweizversand.ch<\/title>\n<meta name=\"description\" content=\"Dunlop Rucksack g\u00fcnstig kaufen bei Schweizversand.ch. Schnelle Lieferung in der Schweiz. Gratisversand ab CHF 50.\" \/>\n<meta name=\"robots\" content=\"index, follow, max-snippet:-1, max-image-preview:large, max-video-preview:-1\" \/>\n<link rel=\"canonical\" href=\"https:\/\/schweizversand.ch\/it\/produkt\/dunlop-rucksack-blau\/\" \/>\n<meta property=\"og:locale\" content=\"it_IT\" \/>\n<meta property=\"og:type\" content=\"article\" \/>\n<meta property=\"og:title\" content=\"Dunlop Rucksack | Jetzt kaufen | Schweizversand.ch\" \/>\n<meta property=\"og:description\" content=\"Dunlop Rucksack g\u00fcnstig kaufen bei Schweizversand.ch. Schnelle Lieferung in der Schweiz. Gratisversand ab CHF 50.\" \/>\n<meta property=\"og:url\" content=\"https:\/\/schweizversand.ch\/it\/produkt\/dunlop-rucksack-blau\/\" \/>\n<meta property=\"og:site_name\" content=\"Schweizer Shop f\u00fcr Sport, Spiel und Freizeit\" \/>\n<meta property=\"article:publisher\" content=\"https:\/\/www.facebook.com\/Schweizversand\" \/>\n<meta property=\"article:modified_time\" content=\"2026-04-11T13:35:07+00:00\" \/>\n<meta property=\"og:image\" content=\"https:\/\/schweizversand.ch\/wp-content\/uploads\/2026\/03\/5479749350.jpg\" \/>\n\t<meta property=\"og:image:width\" content=\"810\" \/>\n\t<meta property=\"og:image:height\" content=\"1080\" \/>\n\t<meta property=\"og:image:type\" content=\"image\/jpeg\" \/>\n<meta name=\"twitter:card\" content=\"summary_large_image\" \/>\n<meta name=\"twitter:label1\" content=\"Tempo di lettura stimato\" \/>\n\t<meta name=\"twitter:data1\" content=\"1 minuto\" \/>\n<script type=\"application\/ld+json\" class=\"yoast-schema-graph\">{\"@context\":\"https:\\\/\\\/schema.org\",\"@graph\":[{\"@type\":\"WebPage\",\"@id\":\"https:\\\/\\\/schweizversand.ch\\\/it\\\/produkt\\\/dunlop-rucksack-blau\\\/\",\"url\":\"https:\\\/\\\/schweizversand.ch\\\/it\\\/produkt\\\/dunlop-rucksack-blau\\\/\",\"name\":\"Dunlop Rucksack | Jetzt kaufen | Schweizversand.ch\",\"isPartOf\":{\"@id\":\"https:\\\/\\\/schweizversand.ch\\\/it\\\/#website\"},\"primaryImageOfPage\":{\"@id\":\"https:\\\/\\\/schweizversand.ch\\\/it\\\/produkt\\\/dunlop-rucksack-blau\\\/#primaryimage\"},\"image\":{\"@id\":\"https:\\\/\\\/schweizversand.ch\\\/it\\\/produkt\\\/dunlop-rucksack-blau\\\/#primaryimage\"},\"thumbnailUrl\":\"https:\\\/\\\/schweizversand.ch\\\/wp-content\\\/uploads\\\/2026\\\/03\\\/5479749350.jpg\",\"datePublished\":\"2026-03-14T23:06:07+00:00\",\"dateModified\":\"2026-04-11T13:35:07+00:00\",\"description\":\"Dunlop Rucksack g\u00fcnstig kaufen bei Schweizversand.ch. Schnelle Lieferung in der Schweiz. Gratisversand ab CHF 50.\",\"breadcrumb\":{\"@id\":\"https:\\\/\\\/schweizversand.ch\\\/it\\\/produkt\\\/dunlop-rucksack-blau\\\/#breadcrumb\"},\"inLanguage\":\"it-IT\",\"potentialAction\":[{\"@type\":\"ReadAction\",\"target\":[\"https:\\\/\\\/schweizversand.ch\\\/it\\\/produkt\\\/dunlop-rucksack-blau\\\/\"]}]},{\"@type\":\"ImageObject\",\"inLanguage\":\"it-IT\",\"@id\":\"https:\\\/\\\/schweizversand.ch\\\/it\\\/produkt\\\/dunlop-rucksack-blau\\\/#primaryimage\",\"url\":\"https:\\\/\\\/schweizversand.ch\\\/wp-content\\\/uploads\\\/2026\\\/03\\\/5479749350.jpg\",\"contentUrl\":\"https:\\\/\\\/schweizversand.ch\\\/wp-content\\\/uploads\\\/2026\\\/03\\\/5479749350.jpg\",\"width\":810,\"height\":1080},{\"@type\":\"BreadcrumbList\",\"@id\":\"https:\\\/\\\/schweizversand.ch\\\/it\\\/produkt\\\/dunlop-rucksack-blau\\\/#breadcrumb\",\"itemListElement\":[{\"@type\":\"ListItem\",\"position\":1,\"name\":\"Startseite\",\"item\":\"https:\\\/\\\/schweizversand.ch\\\/it\\\/\"},{\"@type\":\"ListItem\",\"position\":2,\"name\":\"Shop\",\"item\":\"https:\\\/\\\/schweizversand.ch\\\/it\\\/shop\\\/\"},{\"@type\":\"ListItem\",\"position\":3,\"name\":\"Zaino Dunlop\"}]},{\"@type\":\"WebSite\",\"@id\":\"https:\\\/\\\/schweizversand.ch\\\/it\\\/#website\",\"url\":\"https:\\\/\\\/schweizversand.ch\\\/it\\\/\",\"name\":\"Schweizer Shop f\u00fcr Sport, Spiel und Freizeit\",\"description\":\"Gratisversand ab 50.- (netto), ab eigenem schweizer Lager, Lieferung innert 48h\",\"publisher\":{\"@id\":\"https:\\\/\\\/schweizversand.ch\\\/it\\\/#organization\"},\"alternateName\":\"Schweizversand.ch\",\"potentialAction\":[{\"@type\":\"SearchAction\",\"target\":{\"@type\":\"EntryPoint\",\"urlTemplate\":\"https:\\\/\\\/schweizversand.ch\\\/it\\\/?s={search_term_string}\"},\"query-input\":{\"@type\":\"PropertyValueSpecification\",\"valueRequired\":true,\"valueName\":\"search_term_string\"}}],\"inLanguage\":\"it-IT\"},{\"@type\":\"Organization\",\"@id\":\"https:\\\/\\\/schweizversand.ch\\\/it\\\/#organization\",\"name\":\"Schweizversand.ch\",\"url\":\"https:\\\/\\\/schweizversand.ch\\\/it\\\/\",\"logo\":{\"@type\":\"ImageObject\",\"inLanguage\":\"it-IT\",\"@id\":\"https:\\\/\\\/schweizversand.ch\\\/it\\\/#\\\/schema\\\/logo\\\/image\\\/\",\"url\":\"https:\\\/\\\/schweizversand.ch\\\/wp-content\\\/uploads\\\/2026\\\/03\\\/Logo_Rund_Final-1.png\",\"contentUrl\":\"https:\\\/\\\/schweizversand.ch\\\/wp-content\\\/uploads\\\/2026\\\/03\\\/Logo_Rund_Final-1.png\",\"width\":404,\"height\":404,\"caption\":\"Schweizversand.ch\"},\"image\":{\"@id\":\"https:\\\/\\\/schweizversand.ch\\\/it\\\/#\\\/schema\\\/logo\\\/image\\\/\"},\"sameAs\":[\"https:\\\/\\\/www.facebook.com\\\/Schweizversand\",\"https:\\\/\\\/www.instagram.com\\\/schweizversand.ch\\\/\"]}]}<\/script>\n<!-- \/ Yoast SEO plugin. -->","yoast_head_json":{"title":"Dunlop Rucksack | Jetzt kaufen | Schweizversand.ch","description":"Dunlop Rucksack g\u00fcnstig kaufen bei Schweizversand.ch. Schnelle Lieferung in der Schweiz. Gratisversand ab CHF 50.","robots":{"index":"index","follow":"follow","max-snippet":"max-snippet:-1","max-image-preview":"max-image-preview:large","max-video-preview":"max-video-preview:-1"},"canonical":"https:\/\/schweizversand.ch\/it\/produkt\/dunlop-rucksack-blau\/","og_locale":"it_IT","og_type":"article","og_title":"Dunlop Rucksack | Jetzt kaufen | Schweizversand.ch","og_description":"Dunlop Rucksack g\u00fcnstig kaufen bei Schweizversand.ch. Schnelle Lieferung in der Schweiz. Gratisversand ab CHF 50.","og_url":"https:\/\/schweizversand.ch\/it\/produkt\/dunlop-rucksack-blau\/","og_site_name":"Schweizer Shop f\u00fcr Sport, Spiel und Freizeit","article_publisher":"https:\/\/www.facebook.com\/Schweizversand","article_modified_time":"2026-04-11T13:35:07+00:00","og_image":[{"width":810,"height":1080,"url":"https:\/\/schweizversand.ch\/wp-content\/uploads\/2026\/03\/5479749350.jpg","type":"image\/jpeg"}],"twitter_card":"summary_large_image","twitter_misc":{"Tempo di lettura stimato":"1 minuto"},"schema":{"@context":"https:\/\/schema.org","@graph":[{"@type":"WebPage","@id":"https:\/\/schweizversand.ch\/it\/produkt\/dunlop-rucksack-blau\/","url":"https:\/\/schweizversand.ch\/it\/produkt\/dunlop-rucksack-blau\/","name":"Dunlop Rucksack | Jetzt kaufen | Schweizversand.ch","isPartOf":{"@id":"https:\/\/schweizversand.ch\/it\/#website"},"primaryImageOfPage":{"@id":"https:\/\/schweizversand.ch\/it\/produkt\/dunlop-rucksack-blau\/#primaryimage"},"image":{"@id":"https:\/\/schweizversand.ch\/it\/produkt\/dunlop-rucksack-blau\/#primaryimage"},"thumbnailUrl":"https:\/\/schweizversand.ch\/wp-content\/uploads\/2026\/03\/5479749350.jpg","datePublished":"2026-03-14T23:06:07+00:00","dateModified":"2026-04-11T13:35:07+00:00","description":"Dunlop Rucksack g\u00fcnstig kaufen bei Schweizversand.ch. Schnelle Lieferung in der Schweiz. Gratisversand ab CHF 50.","breadcrumb":{"@id":"https:\/\/schweizversand.ch\/it\/produkt\/dunlop-rucksack-blau\/#breadcrumb"},"inLanguage":"it-IT","potentialAction":[{"@type":"ReadAction","target":["https:\/\/schweizversand.ch\/it\/produkt\/dunlop-rucksack-blau\/"]}]},{"@type":"ImageObject","inLanguage":"it-IT","@id":"https:\/\/schweizversand.ch\/it\/produkt\/dunlop-rucksack-blau\/#primaryimage","url":"https:\/\/schweizversand.ch\/wp-content\/uploads\/2026\/03\/5479749350.jpg","contentUrl":"https:\/\/schweizversand.ch\/wp-content\/uploads\/2026\/03\/5479749350.jpg","width":810,"height":1080},{"@type":"BreadcrumbList","@id":"https:\/\/schweizversand.ch\/it\/produkt\/dunlop-rucksack-blau\/#breadcrumb","itemListElement":[{"@type":"ListItem","position":1,"name":"Startseite","item":"https:\/\/schweizversand.ch\/it\/"},{"@type":"ListItem","position":2,"name":"Shop","item":"https:\/\/schweizversand.ch\/it\/shop\/"},{"@type":"ListItem","position":3,"name":"Zaino Dunlop"}]},{"@type":"WebSite","@id":"https:\/\/schweizversand.ch\/it\/#website","url":"https:\/\/schweizversand.ch\/it\/","name":"Schweizer Shop f\u00fcr Sport, Spiel und Freizeit","description":"Gratisversand ab 50.- (netto), ab eigenem schweizer Lager, Lieferung innert 48h","publisher":{"@id":"https:\/\/schweizversand.ch\/it\/#organization"},"alternateName":"Schweizversand.ch","potentialAction":[{"@type":"SearchAction","target":{"@type":"EntryPoint","urlTemplate":"https:\/\/schweizversand.ch\/it\/?s={search_term_string}"},"query-input":{"@type":"PropertyValueSpecification","valueRequired":true,"valueName":"search_term_string"}}],"inLanguage":"it-IT"},{"@type":"Organization","@id":"https:\/\/schweizversand.ch\/it\/#organization","name":"Schweizversand.ch","url":"https:\/\/schweizversand.ch\/it\/","logo":{"@type":"ImageObject","inLanguage":"it-IT","@id":"https:\/\/schweizversand.ch\/it\/#\/schema\/logo\/image\/","url":"https:\/\/schweizversand.ch\/wp-content\/uploads\/2026\/03\/Logo_Rund_Final-1.png","contentUrl":"https:\/\/schweizversand.ch\/wp-content\/uploads\/2026\/03\/Logo_Rund_Final-1.png","width":404,"height":404,"caption":"Schweizversand.ch"},"image":{"@id":"https:\/\/schweizversand.ch\/it\/#\/schema\/logo\/image\/"},"sameAs":["https:\/\/www.facebook.com\/Schweizversand","https:\/\/www.instagram.com\/schweizversand.ch\/"]}]}},"jetpack_sharing_enabled":true,"_links":{"self":[{"href":"https:\/\/schweizversand.ch\/it\/wp-json\/wp\/v2\/product\/254079","targetHints":{"allow":["GET"]}}],"collection":[{"href":"https:\/\/schweizversand.ch\/it\/wp-json\/wp\/v2\/product"}],"about":[{"href":"https:\/\/schweizversand.ch\/it\/wp-json\/wp\/v2\/types\/product"}],"replies":[{"embeddable":true,"href":"https:\/\/schweizversand.ch\/it\/wp-json\/wp\/v2\/comments?post=254079"}],"wp:featuredmedia":[{"embeddable":true,"href":"https:\/\/schweizversand.ch\/it\/wp-json\/wp\/v2\/media\/243055"}],"wp:attachment":[{"href":"https:\/\/schweizversand.ch\/it\/wp-json\/wp\/v2\/media?parent=254079"}],"wp:term":[{"taxonomy":"product_brand","embeddable":true,"href":"https:\/\/schweizversand.ch\/it\/wp-json\/wp\/v2\/product_brand?post=254079"},{"taxonomy":"product_cat","embeddable":true,"href":"https:\/\/schweizversand.ch\/it\/wp-json\/wp\/v2\/product_cat?post=254079"},{"taxonomy":"product_tag","embeddable":true,"href":"https:\/\/schweizversand.ch\/it\/wp-json\/wp\/v2\/product_tag?post=254079"}],"curies":[{"name":"wp","href":"https:\/\/api.w.org\/{rel}","templated":true}]}}