{"id":254089,"date":"2026-03-15T00:06:09","date_gmt":"2026-03-14T23:06:09","guid":{"rendered":"https:\/\/schweizversand.ch\/produkt\/lifetime-schuhloeffel\/"},"modified":"2026-04-22T15:35:55","modified_gmt":"2026-04-22T13:35:55","slug":"lifetime-schuhloeffel","status":"publish","type":"product","link":"https:\/\/schweizversand.ch\/it\/produkt\/lifetime-schuhloeffel\/","title":{"rendered":"Calzascarpe a vita"},"content":{"rendered":"<h1><strong>Calzascarpe Lifetime &#8211; Extra Lungo 79 cm<\/strong><\/h1>\n<div>Scopri il massimo comfort quando indossi le scarpe con il calzascarpe <strong>extra lungo<\/strong> di Lifetime. Questo accessorio di alta qualit\u00e0 combina materiali robusti con un design curato ed \u00e8 la soluzione ideale per chi apprezza comfort e sollievo.<\/p>\n<\/div>\n<div><strong>Comfort senza piegarsi<\/strong><br \/>Con una lunghezza impressionante di <strong>79 cm<\/strong>, questo <strong>calzascarpe lungo<\/strong> ti permette di indossare le scarpe senza sforzo, sia in piedi che da seduto. Questo \u00e8 particolarmente utile se soffri di <strong>problemi alla schiena<\/strong> o hai mobilit\u00e0 limitata. Niente pi\u00f9 piegamenti inutili e sforzi per le articolazioni.<\/p>\n<\/div>\n<div><strong>Qualit\u00e0 e durata<\/strong><br \/>Questo <strong>calzascarpe in acciaio inossidabile<\/strong> \u00e8 realizzato in materiale robusto, che garantisce un&#8217;eccezionale stabilit\u00e0 e una lunga durata. Il <strong>calzascarpe Lifetime<\/strong> non \u00e8 solo funzionale, ma anche un&#8217;aggiunta elegante al tuo ingresso grazie al suo design senza tempo color argento.<\/p>\n<\/div>\n<div><strong>I tuoi vantaggi in sintesi<\/strong><br \/>&#8211; <strong>Calzascarpe extra lungo<\/strong>: 79 cm di lunghezza per il massimo comfort<br \/>&#8211; Materiale: <strong>acciaio inossidabile<\/strong> di alta qualit\u00e0, robusto e facile da pulire<br \/>&#8211; Sollievo: ideale per problemi alla schiena, poich\u00e9 non \u00e8 pi\u00f9 necessario chinarsi<br \/>&#8211; Design: aspetto elegante e senza tempo<br \/>&#8211; Gruppo target: perfetto per anziani e persone con mobilit\u00e0 ridotta<\/p>\n<\/div>\n<div>Investi nel <strong>calzascarpe da 79 cm<\/strong> e goditi un notevole sollievo nella tua vita quotidiana. Ordinalo subito e indossa le scarpe di nuovo senza sforzo.<\/p>\n<\/div>\n<div>\n<\/div>\n","protected":false},"excerpt":{"rendered":"<p>Calzascarpe Lifetime &#8211; Extra Lungo 79 cm Scopri il massimo comfort quando indossi le scarpe con il calzascarpe extra lungo di Lifetime. Questo accessorio di alta qualit\u00e0 combina materiali robusti con un design curato ed \u00e8 la soluzione ideale per chi apprezza comfort e sollievo. Comfort senza piegarsiCon una lunghezza impressionante di 79 cm, questo calzascarpe lungo ti permette di indossare le scarpe senza sforzo, sia in piedi che da seduto. Questo \u00e8 particolarmente utile&hellip;<\/p>\n","protected":false},"featured_media":158221,"comment_status":"open","ping_status":"closed","template":"","meta":[],"product_brand":[],"product_cat":[38900],"product_tag":[],"class_list":{"0":"post-254089","1":"product","2":"type-product","3":"status-publish","4":"has-post-thumbnail","6":"product_cat-diverses","7":"product_shipping_class-global_methods","9":"first","10":"instock","11":"taxable","12":"shipping-taxable","13":"purchasable","14":"product-type-simple"},"yoast_head":"<!-- This site is optimized with the Yoast SEO plugin v27.4 - https:\/\/yoast.com\/product\/yoast-seo-wordpress\/ -->\n<title>Lifetime Schuhl\u00f6ffel | Jetzt kaufen | Schweizversand.ch<\/title>\n<meta name=\"description\" content=\"Lifetime Schuhl\u00f6ffel g\u00fcnstig kaufen bei Schweizversand.ch. Schnelle Lieferung in der Schweiz. Gratisversand ab CHF 50.\" \/>\n<meta name=\"robots\" content=\"index, follow, max-snippet:-1, max-image-preview:large, max-video-preview:-1\" \/>\n<link rel=\"canonical\" href=\"https:\/\/schweizversand.ch\/it\/produkt\/lifetime-schuhloeffel\/\" \/>\n<meta property=\"og:locale\" content=\"it_IT\" \/>\n<meta property=\"og:type\" content=\"article\" \/>\n<meta property=\"og:title\" content=\"Lifetime Schuhl\u00f6ffel | Jetzt kaufen | Schweizversand.ch\" \/>\n<meta property=\"og:description\" content=\"Lifetime Schuhl\u00f6ffel g\u00fcnstig kaufen bei Schweizversand.ch. Schnelle Lieferung in der Schweiz. Gratisversand ab CHF 50.\" \/>\n<meta property=\"og:url\" content=\"https:\/\/schweizversand.ch\/it\/produkt\/lifetime-schuhloeffel\/\" \/>\n<meta property=\"og:site_name\" content=\"Schweizer Shop f\u00fcr Sport, Spiel und Freizeit\" \/>\n<meta property=\"article:publisher\" content=\"https:\/\/www.facebook.com\/Schweizversand\" \/>\n<meta property=\"article:modified_time\" content=\"2026-04-22T13:35:55+00:00\" \/>\n<meta property=\"og:image\" content=\"https:\/\/schweizversand.ch\/wp-content\/uploads\/2026\/02\/5471537369.jpg\" \/>\n\t<meta property=\"og:image:width\" content=\"1024\" \/>\n\t<meta property=\"og:image:height\" content=\"792\" \/>\n\t<meta property=\"og:image:type\" content=\"image\/jpeg\" \/>\n<meta name=\"twitter:card\" content=\"summary_large_image\" \/>\n<meta name=\"twitter:label1\" content=\"Tempo di lettura stimato\" \/>\n\t<meta name=\"twitter:data1\" content=\"1 minuto\" \/>\n<script type=\"application\/ld+json\" class=\"yoast-schema-graph\">{\"@context\":\"https:\\\/\\\/schema.org\",\"@graph\":[{\"@type\":\"WebPage\",\"@id\":\"https:\\\/\\\/schweizversand.ch\\\/it\\\/produkt\\\/lifetime-schuhloeffel\\\/\",\"url\":\"https:\\\/\\\/schweizversand.ch\\\/it\\\/produkt\\\/lifetime-schuhloeffel\\\/\",\"name\":\"Lifetime Schuhl\u00f6ffel | Jetzt kaufen | Schweizversand.ch\",\"isPartOf\":{\"@id\":\"https:\\\/\\\/schweizversand.ch\\\/it\\\/#website\"},\"primaryImageOfPage\":{\"@id\":\"https:\\\/\\\/schweizversand.ch\\\/it\\\/produkt\\\/lifetime-schuhloeffel\\\/#primaryimage\"},\"image\":{\"@id\":\"https:\\\/\\\/schweizversand.ch\\\/it\\\/produkt\\\/lifetime-schuhloeffel\\\/#primaryimage\"},\"thumbnailUrl\":\"https:\\\/\\\/schweizversand.ch\\\/wp-content\\\/uploads\\\/2026\\\/02\\\/5471537369.jpg\",\"datePublished\":\"2026-03-14T23:06:09+00:00\",\"dateModified\":\"2026-04-22T13:35:55+00:00\",\"description\":\"Lifetime Schuhl\u00f6ffel g\u00fcnstig kaufen bei Schweizversand.ch. Schnelle Lieferung in der Schweiz. Gratisversand ab CHF 50.\",\"breadcrumb\":{\"@id\":\"https:\\\/\\\/schweizversand.ch\\\/it\\\/produkt\\\/lifetime-schuhloeffel\\\/#breadcrumb\"},\"inLanguage\":\"it-IT\",\"potentialAction\":[{\"@type\":\"ReadAction\",\"target\":[\"https:\\\/\\\/schweizversand.ch\\\/it\\\/produkt\\\/lifetime-schuhloeffel\\\/\"]}]},{\"@type\":\"ImageObject\",\"inLanguage\":\"it-IT\",\"@id\":\"https:\\\/\\\/schweizversand.ch\\\/it\\\/produkt\\\/lifetime-schuhloeffel\\\/#primaryimage\",\"url\":\"https:\\\/\\\/schweizversand.ch\\\/wp-content\\\/uploads\\\/2026\\\/02\\\/5471537369.jpg\",\"contentUrl\":\"https:\\\/\\\/schweizversand.ch\\\/wp-content\\\/uploads\\\/2026\\\/02\\\/5471537369.jpg\",\"width\":1024,\"height\":792},{\"@type\":\"BreadcrumbList\",\"@id\":\"https:\\\/\\\/schweizversand.ch\\\/it\\\/produkt\\\/lifetime-schuhloeffel\\\/#breadcrumb\",\"itemListElement\":[{\"@type\":\"ListItem\",\"position\":1,\"name\":\"Startseite\",\"item\":\"https:\\\/\\\/schweizversand.ch\\\/it\\\/home\\\/\"},{\"@type\":\"ListItem\",\"position\":2,\"name\":\"Shop\",\"item\":\"https:\\\/\\\/schweizversand.ch\\\/it\\\/shop\\\/\"},{\"@type\":\"ListItem\",\"position\":3,\"name\":\"Moda\",\"item\":\"https:\\\/\\\/schweizversand.ch\\\/it\\\/produkt-kategorie\\\/moda\\\/\"},{\"@type\":\"ListItem\",\"position\":4,\"name\":\"Accessori moda\",\"item\":\"https:\\\/\\\/schweizversand.ch\\\/it\\\/produkt-kategorie\\\/moda\\\/accessori-moda\\\/\"},{\"@type\":\"ListItem\",\"position\":5,\"name\":\"Varie\",\"item\":\"https:\\\/\\\/schweizversand.ch\\\/it\\\/produkt-kategorie\\\/moda\\\/accessori-moda\\\/diverses\\\/\"},{\"@type\":\"ListItem\",\"position\":6,\"name\":\"Calzascarpe a vita\"}]},{\"@type\":\"WebSite\",\"@id\":\"https:\\\/\\\/schweizversand.ch\\\/it\\\/#website\",\"url\":\"https:\\\/\\\/schweizversand.ch\\\/it\\\/\",\"name\":\"Schweizer Shop f\u00fcr Sport, Spiel und Freizeit\",\"description\":\"Gratisversand ab 50.- (netto), ab eigenem schweizer Lager, Lieferung innert 48h\",\"publisher\":{\"@id\":\"https:\\\/\\\/schweizversand.ch\\\/it\\\/#organization\"},\"alternateName\":\"Schweizversand.ch\",\"potentialAction\":[{\"@type\":\"SearchAction\",\"target\":{\"@type\":\"EntryPoint\",\"urlTemplate\":\"https:\\\/\\\/schweizversand.ch\\\/it\\\/?s={search_term_string}\"},\"query-input\":{\"@type\":\"PropertyValueSpecification\",\"valueRequired\":true,\"valueName\":\"search_term_string\"}}],\"inLanguage\":\"it-IT\"},{\"@type\":\"Organization\",\"@id\":\"https:\\\/\\\/schweizversand.ch\\\/it\\\/#organization\",\"name\":\"Schweizversand.ch\",\"url\":\"https:\\\/\\\/schweizversand.ch\\\/it\\\/\",\"logo\":{\"@type\":\"ImageObject\",\"inLanguage\":\"it-IT\",\"@id\":\"https:\\\/\\\/schweizversand.ch\\\/it\\\/#\\\/schema\\\/logo\\\/image\\\/\",\"url\":\"https:\\\/\\\/schweizversand.ch\\\/wp-content\\\/uploads\\\/2026\\\/03\\\/Logo_Rund_Final-1.png\",\"contentUrl\":\"https:\\\/\\\/schweizversand.ch\\\/wp-content\\\/uploads\\\/2026\\\/03\\\/Logo_Rund_Final-1.png\",\"width\":404,\"height\":404,\"caption\":\"Schweizversand.ch\"},\"image\":{\"@id\":\"https:\\\/\\\/schweizversand.ch\\\/it\\\/#\\\/schema\\\/logo\\\/image\\\/\"},\"sameAs\":[\"https:\\\/\\\/www.facebook.com\\\/Schweizversand\",\"https:\\\/\\\/www.instagram.com\\\/schweizversand.ch\\\/\"]}]}<\/script>\n<!-- \/ Yoast SEO plugin. -->","yoast_head_json":{"title":"Lifetime Schuhl\u00f6ffel | Jetzt kaufen | Schweizversand.ch","description":"Lifetime Schuhl\u00f6ffel g\u00fcnstig kaufen bei Schweizversand.ch. Schnelle Lieferung in der Schweiz. Gratisversand ab CHF 50.","robots":{"index":"index","follow":"follow","max-snippet":"max-snippet:-1","max-image-preview":"max-image-preview:large","max-video-preview":"max-video-preview:-1"},"canonical":"https:\/\/schweizversand.ch\/it\/produkt\/lifetime-schuhloeffel\/","og_locale":"it_IT","og_type":"article","og_title":"Lifetime Schuhl\u00f6ffel | Jetzt kaufen | Schweizversand.ch","og_description":"Lifetime Schuhl\u00f6ffel g\u00fcnstig kaufen bei Schweizversand.ch. Schnelle Lieferung in der Schweiz. Gratisversand ab CHF 50.","og_url":"https:\/\/schweizversand.ch\/it\/produkt\/lifetime-schuhloeffel\/","og_site_name":"Schweizer Shop f\u00fcr Sport, Spiel und Freizeit","article_publisher":"https:\/\/www.facebook.com\/Schweizversand","article_modified_time":"2026-04-22T13:35:55+00:00","og_image":[{"width":1024,"height":792,"url":"https:\/\/schweizversand.ch\/wp-content\/uploads\/2026\/02\/5471537369.jpg","type":"image\/jpeg"}],"twitter_card":"summary_large_image","twitter_misc":{"Tempo di lettura stimato":"1 minuto"},"schema":{"@context":"https:\/\/schema.org","@graph":[{"@type":"WebPage","@id":"https:\/\/schweizversand.ch\/it\/produkt\/lifetime-schuhloeffel\/","url":"https:\/\/schweizversand.ch\/it\/produkt\/lifetime-schuhloeffel\/","name":"Lifetime Schuhl\u00f6ffel | Jetzt kaufen | Schweizversand.ch","isPartOf":{"@id":"https:\/\/schweizversand.ch\/it\/#website"},"primaryImageOfPage":{"@id":"https:\/\/schweizversand.ch\/it\/produkt\/lifetime-schuhloeffel\/#primaryimage"},"image":{"@id":"https:\/\/schweizversand.ch\/it\/produkt\/lifetime-schuhloeffel\/#primaryimage"},"thumbnailUrl":"https:\/\/schweizversand.ch\/wp-content\/uploads\/2026\/02\/5471537369.jpg","datePublished":"2026-03-14T23:06:09+00:00","dateModified":"2026-04-22T13:35:55+00:00","description":"Lifetime Schuhl\u00f6ffel g\u00fcnstig kaufen bei Schweizversand.ch. Schnelle Lieferung in der Schweiz. Gratisversand ab CHF 50.","breadcrumb":{"@id":"https:\/\/schweizversand.ch\/it\/produkt\/lifetime-schuhloeffel\/#breadcrumb"},"inLanguage":"it-IT","potentialAction":[{"@type":"ReadAction","target":["https:\/\/schweizversand.ch\/it\/produkt\/lifetime-schuhloeffel\/"]}]},{"@type":"ImageObject","inLanguage":"it-IT","@id":"https:\/\/schweizversand.ch\/it\/produkt\/lifetime-schuhloeffel\/#primaryimage","url":"https:\/\/schweizversand.ch\/wp-content\/uploads\/2026\/02\/5471537369.jpg","contentUrl":"https:\/\/schweizversand.ch\/wp-content\/uploads\/2026\/02\/5471537369.jpg","width":1024,"height":792},{"@type":"BreadcrumbList","@id":"https:\/\/schweizversand.ch\/it\/produkt\/lifetime-schuhloeffel\/#breadcrumb","itemListElement":[{"@type":"ListItem","position":1,"name":"Startseite","item":"https:\/\/schweizversand.ch\/it\/home\/"},{"@type":"ListItem","position":2,"name":"Shop","item":"https:\/\/schweizversand.ch\/it\/shop\/"},{"@type":"ListItem","position":3,"name":"Moda","item":"https:\/\/schweizversand.ch\/it\/produkt-kategorie\/moda\/"},{"@type":"ListItem","position":4,"name":"Accessori moda","item":"https:\/\/schweizversand.ch\/it\/produkt-kategorie\/moda\/accessori-moda\/"},{"@type":"ListItem","position":5,"name":"Varie","item":"https:\/\/schweizversand.ch\/it\/produkt-kategorie\/moda\/accessori-moda\/diverses\/"},{"@type":"ListItem","position":6,"name":"Calzascarpe a vita"}]},{"@type":"WebSite","@id":"https:\/\/schweizversand.ch\/it\/#website","url":"https:\/\/schweizversand.ch\/it\/","name":"Schweizer Shop f\u00fcr Sport, Spiel und Freizeit","description":"Gratisversand ab 50.- (netto), ab eigenem schweizer Lager, Lieferung innert 48h","publisher":{"@id":"https:\/\/schweizversand.ch\/it\/#organization"},"alternateName":"Schweizversand.ch","potentialAction":[{"@type":"SearchAction","target":{"@type":"EntryPoint","urlTemplate":"https:\/\/schweizversand.ch\/it\/?s={search_term_string}"},"query-input":{"@type":"PropertyValueSpecification","valueRequired":true,"valueName":"search_term_string"}}],"inLanguage":"it-IT"},{"@type":"Organization","@id":"https:\/\/schweizversand.ch\/it\/#organization","name":"Schweizversand.ch","url":"https:\/\/schweizversand.ch\/it\/","logo":{"@type":"ImageObject","inLanguage":"it-IT","@id":"https:\/\/schweizversand.ch\/it\/#\/schema\/logo\/image\/","url":"https:\/\/schweizversand.ch\/wp-content\/uploads\/2026\/03\/Logo_Rund_Final-1.png","contentUrl":"https:\/\/schweizversand.ch\/wp-content\/uploads\/2026\/03\/Logo_Rund_Final-1.png","width":404,"height":404,"caption":"Schweizversand.ch"},"image":{"@id":"https:\/\/schweizversand.ch\/it\/#\/schema\/logo\/image\/"},"sameAs":["https:\/\/www.facebook.com\/Schweizversand","https:\/\/www.instagram.com\/schweizversand.ch\/"]}]}},"jetpack_sharing_enabled":true,"_links":{"self":[{"href":"https:\/\/schweizversand.ch\/it\/wp-json\/wp\/v2\/product\/254089","targetHints":{"allow":["GET"]}}],"collection":[{"href":"https:\/\/schweizversand.ch\/it\/wp-json\/wp\/v2\/product"}],"about":[{"href":"https:\/\/schweizversand.ch\/it\/wp-json\/wp\/v2\/types\/product"}],"replies":[{"embeddable":true,"href":"https:\/\/schweizversand.ch\/it\/wp-json\/wp\/v2\/comments?post=254089"}],"wp:featuredmedia":[{"embeddable":true,"href":"https:\/\/schweizversand.ch\/it\/wp-json\/wp\/v2\/media\/158221"}],"wp:attachment":[{"href":"https:\/\/schweizversand.ch\/it\/wp-json\/wp\/v2\/media?parent=254089"}],"wp:term":[{"taxonomy":"product_brand","embeddable":true,"href":"https:\/\/schweizversand.ch\/it\/wp-json\/wp\/v2\/product_brand?post=254089"},{"taxonomy":"product_cat","embeddable":true,"href":"https:\/\/schweizversand.ch\/it\/wp-json\/wp\/v2\/product_cat?post=254089"},{"taxonomy":"product_tag","embeddable":true,"href":"https:\/\/schweizversand.ch\/it\/wp-json\/wp\/v2\/product_tag?post=254089"}],"curies":[{"name":"wp","href":"https:\/\/api.w.org\/{rel}","templated":true}]}}