{"id":254110,"date":"2026-03-15T00:54:08","date_gmt":"2026-03-14T23:54:08","guid":{"rendered":"https:\/\/schweizversand.ch\/produkt\/brauncompany-geschenkpapier-fuer-weihnachten\/"},"modified":"2026-04-19T02:06:03","modified_gmt":"2026-04-19T00:06:03","slug":"brauncompany-geschenkpapier-fuer-weihnachten","status":"publish","type":"product","link":"https:\/\/schweizversand.ch\/it\/produkt\/brauncompany-geschenkpapier-fuer-weihnachten\/","title":{"rendered":"Carta da regalo natalizia Braun&#038;Company"},"content":{"rendered":"<h1><strong>Splendida carta da regalo natalizia &#8211; 70&#215;200 cm<\/strong><\/h1>\n<div>Dai ai tuoi regali un tocco di lusso in questo periodo di festa. Questa <strong>carta da regalo natalizia di alta qualit\u00e0<\/strong> \u00e8 stata appositamente progettata per presentare con stile i tuoi regali e garantire una <strong>confezione regalo natalizia<\/strong> indimenticabile.<\/p>\n<\/div>\n<div><strong>La presentazione perfetta per i tuoi regali<\/strong><br \/>La nostra esclusiva <strong>carta da regalo natalizia<\/strong> trasforma ogni regalo in un elemento di spicco. I design festosi, accuratamente selezionati, creano un&#8217;atmosfera meravigliosa sotto l&#8217;albero di Natale e mostrano ai tuoi cari quanto la loro gioia sia importante per te. \u00c8 la scelta ideale per chi apprezza l&#8217;estetica e la qualit\u00e0.<\/p>\n<\/div>\n<div><strong>Qualit\u00e0 e quantit\u00e0 &#8211; Made in Germany<\/strong><br \/>Questo <strong>rotolo di carta da regalo<\/strong> si distingue per l&#8217;eccellente qualit\u00e0 dei materiali. La produzione in Germania garantisce i pi\u00f9 elevati standard in termini di resistenza allo strappo e solidit\u00e0 del colore. Grazie alle sue generose dimensioni di 70&#215;200 cm, avrete a disposizione materiale a sufficienza per confezionare con eleganza e senza sforzo regali multipli o di grandi dimensioni. Lo spessore della carta garantisce che non si strappi facilmente durante l&#8217;incarto e che i contorni del regalo rimangano perfettamente nascosti.<\/p>\n<\/div>\n<div><strong>I tuoi vantaggi in sintesi<\/strong><br \/>&#8211; <strong>Carta regalo di alta qualit\u00e0<\/strong>: materiale robusto che non si strappa facilmente.<br \/>&#8211; <strong>Dimensioni generose<\/strong>: con la <strong>carta regalo 70&#215;200<\/strong> cm, c&#8217;\u00e8 abbastanza spazio per numerosi regali.<br \/>&#8211; <strong>Design festivi<\/strong>: crea un&#8217;atmosfera natalizia immediata.<br \/>&#8211; <strong>Made in Germany<\/strong>: garantisce i pi\u00f9 alti standard di qualit\u00e0 e una produzione ecosostenibile.<br \/>&#8211; <strong>Utilizzo versatile<\/strong>: perfetto per tutti i tipi di <strong>carta regalo natalizia<\/strong> e per le occasioni festive.<\/p>\n<\/div>\n<div><strong>Facile da usare e risultati eleganti<\/strong><br \/>La carta \u00e8 facile da tagliare e piegare, rendendo l&#8217;incarto un gioco da ragazzi. Anche le forme pi\u00f9 complesse sono pi\u00f9 facili. Usa questa carta per trasformare i tuoi regali, grandi o piccoli che siano, in vere e proprie opere d&#8217;arte. \u00c8 il tocco finale perfetto per qualsiasi carta da regalo natalizia. Assicurati oggi stesso questa carta da regalo di alta qualit\u00e0 e rendi il tuo regalo un momento indimenticabile, pieno di stile e gioia natalizia.<\/p>\n","protected":false},"excerpt":{"rendered":"<p>Splendida carta da regalo natalizia &#8211; 70&#215;200 cm Dai ai tuoi regali un tocco di lusso in questo periodo di festa. Questa carta da regalo natalizia di alta qualit\u00e0 \u00e8 stata appositamente progettata per presentare con stile i tuoi regali e garantire una confezione regalo natalizia indimenticabile. La presentazione perfetta per i tuoi regaliLa nostra esclusiva carta da regalo natalizia trasforma ogni regalo in un elemento di spicco. I design festosi, accuratamente selezionati, creano un&#8217;atmosfera&hellip;<\/p>\n","protected":false},"featured_media":257251,"comment_status":"open","ping_status":"closed","template":"","meta":[],"product_brand":[],"product_cat":[38405],"product_tag":[],"class_list":{"0":"post-254110","1":"product","2":"type-product","3":"status-publish","4":"has-post-thumbnail","6":"product_cat-geschenkverpackung","7":"product_shipping_class-global_methods","9":"first","10":"instock","11":"taxable","12":"shipping-taxable","13":"purchasable","14":"product-type-simple"},"yoast_head":"<!-- This site is optimized with the Yoast SEO plugin v27.4 - https:\/\/yoast.com\/product\/yoast-seo-wordpress\/ -->\n<title>Braun&amp;Company Geschenkpapier f\u00fcr Weihnachten | Jetzt kaufen | Schweizversand.ch<\/title>\n<meta name=\"description\" content=\"Braun&amp;Company Geschenkpapier f\u00fcr Weihnachten g\u00fcnstig kaufen bei Schweizversand.ch. Schnelle Lieferung in der Schweiz. Gratisversand ab CHF 50.\" \/>\n<meta name=\"robots\" content=\"index, follow, max-snippet:-1, max-image-preview:large, max-video-preview:-1\" \/>\n<link rel=\"canonical\" href=\"https:\/\/schweizversand.ch\/it\/produkt\/brauncompany-geschenkpapier-fuer-weihnachten\/\" \/>\n<meta property=\"og:locale\" content=\"it_IT\" \/>\n<meta property=\"og:type\" content=\"article\" \/>\n<meta property=\"og:title\" content=\"Braun&amp;Company Geschenkpapier f\u00fcr Weihnachten | Jetzt kaufen | Schweizversand.ch\" \/>\n<meta property=\"og:description\" content=\"Braun&amp;Company Geschenkpapier f\u00fcr Weihnachten g\u00fcnstig kaufen bei Schweizversand.ch. Schnelle Lieferung in der Schweiz. Gratisversand ab CHF 50.\" \/>\n<meta property=\"og:url\" content=\"https:\/\/schweizversand.ch\/it\/produkt\/brauncompany-geschenkpapier-fuer-weihnachten\/\" \/>\n<meta property=\"og:site_name\" content=\"Schweizer Shop f\u00fcr Sport, Spiel und Freizeit\" \/>\n<meta property=\"article:publisher\" content=\"https:\/\/www.facebook.com\/Schweizversand\" \/>\n<meta property=\"article:modified_time\" content=\"2026-04-19T00:06:03+00:00\" \/>\n<meta property=\"og:image\" content=\"https:\/\/schweizversand.ch\/wp-content\/uploads\/2026\/02\/5476616099.png\" \/>\n\t<meta property=\"og:image:width\" content=\"768\" \/>\n\t<meta property=\"og:image:height\" content=\"1024\" \/>\n\t<meta property=\"og:image:type\" content=\"image\/png\" \/>\n<meta name=\"twitter:card\" content=\"summary_large_image\" \/>\n<meta name=\"twitter:label1\" content=\"Tempo di lettura stimato\" \/>\n\t<meta name=\"twitter:data1\" content=\"2 minuto\" \/>\n<script type=\"application\/ld+json\" class=\"yoast-schema-graph\">{\"@context\":\"https:\\\/\\\/schema.org\",\"@graph\":[{\"@type\":\"WebPage\",\"@id\":\"https:\\\/\\\/schweizversand.ch\\\/it\\\/produkt\\\/brauncompany-geschenkpapier-fuer-weihnachten\\\/\",\"url\":\"https:\\\/\\\/schweizversand.ch\\\/it\\\/produkt\\\/brauncompany-geschenkpapier-fuer-weihnachten\\\/\",\"name\":\"Braun&Company Geschenkpapier f\u00fcr Weihnachten | Jetzt kaufen | Schweizversand.ch\",\"isPartOf\":{\"@id\":\"https:\\\/\\\/schweizversand.ch\\\/it\\\/#website\"},\"primaryImageOfPage\":{\"@id\":\"https:\\\/\\\/schweizversand.ch\\\/it\\\/produkt\\\/brauncompany-geschenkpapier-fuer-weihnachten\\\/#primaryimage\"},\"image\":{\"@id\":\"https:\\\/\\\/schweizversand.ch\\\/it\\\/produkt\\\/brauncompany-geschenkpapier-fuer-weihnachten\\\/#primaryimage\"},\"thumbnailUrl\":\"https:\\\/\\\/schweizversand.ch\\\/wp-content\\\/uploads\\\/2026\\\/02\\\/5476616099.png\",\"datePublished\":\"2026-03-14T23:54:08+00:00\",\"dateModified\":\"2026-04-19T00:06:03+00:00\",\"description\":\"Braun&Company Geschenkpapier f\u00fcr Weihnachten g\u00fcnstig kaufen bei Schweizversand.ch. Schnelle Lieferung in der Schweiz. Gratisversand ab CHF 50.\",\"breadcrumb\":{\"@id\":\"https:\\\/\\\/schweizversand.ch\\\/it\\\/produkt\\\/brauncompany-geschenkpapier-fuer-weihnachten\\\/#breadcrumb\"},\"inLanguage\":\"it-IT\",\"potentialAction\":[{\"@type\":\"ReadAction\",\"target\":[\"https:\\\/\\\/schweizversand.ch\\\/it\\\/produkt\\\/brauncompany-geschenkpapier-fuer-weihnachten\\\/\"]}]},{\"@type\":\"ImageObject\",\"inLanguage\":\"it-IT\",\"@id\":\"https:\\\/\\\/schweizversand.ch\\\/it\\\/produkt\\\/brauncompany-geschenkpapier-fuer-weihnachten\\\/#primaryimage\",\"url\":\"https:\\\/\\\/schweizversand.ch\\\/wp-content\\\/uploads\\\/2026\\\/02\\\/5476616099.png\",\"contentUrl\":\"https:\\\/\\\/schweizversand.ch\\\/wp-content\\\/uploads\\\/2026\\\/02\\\/5476616099.png\",\"width\":768,\"height\":1024},{\"@type\":\"BreadcrumbList\",\"@id\":\"https:\\\/\\\/schweizversand.ch\\\/it\\\/produkt\\\/brauncompany-geschenkpapier-fuer-weihnachten\\\/#breadcrumb\",\"itemListElement\":[{\"@type\":\"ListItem\",\"position\":1,\"name\":\"Startseite\",\"item\":\"https:\\\/\\\/schweizversand.ch\\\/it\\\/home\\\/\"},{\"@type\":\"ListItem\",\"position\":2,\"name\":\"Shop\",\"item\":\"https:\\\/\\\/schweizversand.ch\\\/it\\\/shop\\\/\"},{\"@type\":\"ListItem\",\"position\":3,\"name\":\"Ufficio e cancelleria\",\"item\":\"https:\\\/\\\/schweizversand.ch\\\/it\\\/produkt-kategorie\\\/ufficio-e-cancelleria\\\/\"},{\"@type\":\"ListItem\",\"position\":4,\"name\":\"Verpacken &amp; Versenden\",\"item\":\"https:\\\/\\\/schweizversand.ch\\\/produkt-kategorie\\\/buero-papeterie\\\/verpacken-versenden-buero-papeterie\\\/\"},{\"@type\":\"ListItem\",\"position\":5,\"name\":\"Geschenkverpackung\",\"item\":\"https:\\\/\\\/schweizversand.ch\\\/produkt-kategorie\\\/buero-papeterie\\\/verpacken-versenden-buero-papeterie\\\/geschenkverpackung\\\/\"},{\"@type\":\"ListItem\",\"position\":6,\"name\":\"Carta da regalo natalizia Braun&amp;Company\"}]},{\"@type\":\"WebSite\",\"@id\":\"https:\\\/\\\/schweizversand.ch\\\/it\\\/#website\",\"url\":\"https:\\\/\\\/schweizversand.ch\\\/it\\\/\",\"name\":\"Schweizer Shop f\u00fcr Sport, Spiel und Freizeit\",\"description\":\"Gratisversand ab 50.- (netto), ab eigenem schweizer Lager, Lieferung innert 48h\",\"publisher\":{\"@id\":\"https:\\\/\\\/schweizversand.ch\\\/it\\\/#organization\"},\"alternateName\":\"Schweizversand.ch\",\"potentialAction\":[{\"@type\":\"SearchAction\",\"target\":{\"@type\":\"EntryPoint\",\"urlTemplate\":\"https:\\\/\\\/schweizversand.ch\\\/it\\\/?s={search_term_string}\"},\"query-input\":{\"@type\":\"PropertyValueSpecification\",\"valueRequired\":true,\"valueName\":\"search_term_string\"}}],\"inLanguage\":\"it-IT\"},{\"@type\":\"Organization\",\"@id\":\"https:\\\/\\\/schweizversand.ch\\\/it\\\/#organization\",\"name\":\"Schweizversand.ch\",\"url\":\"https:\\\/\\\/schweizversand.ch\\\/it\\\/\",\"logo\":{\"@type\":\"ImageObject\",\"inLanguage\":\"it-IT\",\"@id\":\"https:\\\/\\\/schweizversand.ch\\\/it\\\/#\\\/schema\\\/logo\\\/image\\\/\",\"url\":\"https:\\\/\\\/schweizversand.ch\\\/wp-content\\\/uploads\\\/2026\\\/03\\\/Logo_Rund_Final-1.png\",\"contentUrl\":\"https:\\\/\\\/schweizversand.ch\\\/wp-content\\\/uploads\\\/2026\\\/03\\\/Logo_Rund_Final-1.png\",\"width\":404,\"height\":404,\"caption\":\"Schweizversand.ch\"},\"image\":{\"@id\":\"https:\\\/\\\/schweizversand.ch\\\/it\\\/#\\\/schema\\\/logo\\\/image\\\/\"},\"sameAs\":[\"https:\\\/\\\/www.facebook.com\\\/Schweizversand\",\"https:\\\/\\\/www.instagram.com\\\/schweizversand.ch\\\/\"]}]}<\/script>\n<!-- \/ Yoast SEO plugin. -->","yoast_head_json":{"title":"Braun&Company Geschenkpapier f\u00fcr Weihnachten | Jetzt kaufen | Schweizversand.ch","description":"Braun&Company Geschenkpapier f\u00fcr Weihnachten g\u00fcnstig kaufen bei Schweizversand.ch. Schnelle Lieferung in der Schweiz. Gratisversand ab CHF 50.","robots":{"index":"index","follow":"follow","max-snippet":"max-snippet:-1","max-image-preview":"max-image-preview:large","max-video-preview":"max-video-preview:-1"},"canonical":"https:\/\/schweizversand.ch\/it\/produkt\/brauncompany-geschenkpapier-fuer-weihnachten\/","og_locale":"it_IT","og_type":"article","og_title":"Braun&Company Geschenkpapier f\u00fcr Weihnachten | Jetzt kaufen | Schweizversand.ch","og_description":"Braun&Company Geschenkpapier f\u00fcr Weihnachten g\u00fcnstig kaufen bei Schweizversand.ch. Schnelle Lieferung in der Schweiz. Gratisversand ab CHF 50.","og_url":"https:\/\/schweizversand.ch\/it\/produkt\/brauncompany-geschenkpapier-fuer-weihnachten\/","og_site_name":"Schweizer Shop f\u00fcr Sport, Spiel und Freizeit","article_publisher":"https:\/\/www.facebook.com\/Schweizversand","article_modified_time":"2026-04-19T00:06:03+00:00","og_image":[{"width":768,"height":1024,"url":"https:\/\/schweizversand.ch\/wp-content\/uploads\/2026\/02\/5476616099.png","type":"image\/png"}],"twitter_card":"summary_large_image","twitter_misc":{"Tempo di lettura stimato":"2 minuto"},"schema":{"@context":"https:\/\/schema.org","@graph":[{"@type":"WebPage","@id":"https:\/\/schweizversand.ch\/it\/produkt\/brauncompany-geschenkpapier-fuer-weihnachten\/","url":"https:\/\/schweizversand.ch\/it\/produkt\/brauncompany-geschenkpapier-fuer-weihnachten\/","name":"Braun&Company Geschenkpapier f\u00fcr Weihnachten | Jetzt kaufen | Schweizversand.ch","isPartOf":{"@id":"https:\/\/schweizversand.ch\/it\/#website"},"primaryImageOfPage":{"@id":"https:\/\/schweizversand.ch\/it\/produkt\/brauncompany-geschenkpapier-fuer-weihnachten\/#primaryimage"},"image":{"@id":"https:\/\/schweizversand.ch\/it\/produkt\/brauncompany-geschenkpapier-fuer-weihnachten\/#primaryimage"},"thumbnailUrl":"https:\/\/schweizversand.ch\/wp-content\/uploads\/2026\/02\/5476616099.png","datePublished":"2026-03-14T23:54:08+00:00","dateModified":"2026-04-19T00:06:03+00:00","description":"Braun&Company Geschenkpapier f\u00fcr Weihnachten g\u00fcnstig kaufen bei Schweizversand.ch. Schnelle Lieferung in der Schweiz. Gratisversand ab CHF 50.","breadcrumb":{"@id":"https:\/\/schweizversand.ch\/it\/produkt\/brauncompany-geschenkpapier-fuer-weihnachten\/#breadcrumb"},"inLanguage":"it-IT","potentialAction":[{"@type":"ReadAction","target":["https:\/\/schweizversand.ch\/it\/produkt\/brauncompany-geschenkpapier-fuer-weihnachten\/"]}]},{"@type":"ImageObject","inLanguage":"it-IT","@id":"https:\/\/schweizversand.ch\/it\/produkt\/brauncompany-geschenkpapier-fuer-weihnachten\/#primaryimage","url":"https:\/\/schweizversand.ch\/wp-content\/uploads\/2026\/02\/5476616099.png","contentUrl":"https:\/\/schweizversand.ch\/wp-content\/uploads\/2026\/02\/5476616099.png","width":768,"height":1024},{"@type":"BreadcrumbList","@id":"https:\/\/schweizversand.ch\/it\/produkt\/brauncompany-geschenkpapier-fuer-weihnachten\/#breadcrumb","itemListElement":[{"@type":"ListItem","position":1,"name":"Startseite","item":"https:\/\/schweizversand.ch\/it\/home\/"},{"@type":"ListItem","position":2,"name":"Shop","item":"https:\/\/schweizversand.ch\/it\/shop\/"},{"@type":"ListItem","position":3,"name":"Ufficio e cancelleria","item":"https:\/\/schweizversand.ch\/it\/produkt-kategorie\/ufficio-e-cancelleria\/"},{"@type":"ListItem","position":4,"name":"Verpacken &amp; Versenden","item":"https:\/\/schweizversand.ch\/produkt-kategorie\/buero-papeterie\/verpacken-versenden-buero-papeterie\/"},{"@type":"ListItem","position":5,"name":"Geschenkverpackung","item":"https:\/\/schweizversand.ch\/produkt-kategorie\/buero-papeterie\/verpacken-versenden-buero-papeterie\/geschenkverpackung\/"},{"@type":"ListItem","position":6,"name":"Carta da regalo natalizia Braun&amp;Company"}]},{"@type":"WebSite","@id":"https:\/\/schweizversand.ch\/it\/#website","url":"https:\/\/schweizversand.ch\/it\/","name":"Schweizer Shop f\u00fcr Sport, Spiel und Freizeit","description":"Gratisversand ab 50.- (netto), ab eigenem schweizer Lager, Lieferung innert 48h","publisher":{"@id":"https:\/\/schweizversand.ch\/it\/#organization"},"alternateName":"Schweizversand.ch","potentialAction":[{"@type":"SearchAction","target":{"@type":"EntryPoint","urlTemplate":"https:\/\/schweizversand.ch\/it\/?s={search_term_string}"},"query-input":{"@type":"PropertyValueSpecification","valueRequired":true,"valueName":"search_term_string"}}],"inLanguage":"it-IT"},{"@type":"Organization","@id":"https:\/\/schweizversand.ch\/it\/#organization","name":"Schweizversand.ch","url":"https:\/\/schweizversand.ch\/it\/","logo":{"@type":"ImageObject","inLanguage":"it-IT","@id":"https:\/\/schweizversand.ch\/it\/#\/schema\/logo\/image\/","url":"https:\/\/schweizversand.ch\/wp-content\/uploads\/2026\/03\/Logo_Rund_Final-1.png","contentUrl":"https:\/\/schweizversand.ch\/wp-content\/uploads\/2026\/03\/Logo_Rund_Final-1.png","width":404,"height":404,"caption":"Schweizversand.ch"},"image":{"@id":"https:\/\/schweizversand.ch\/it\/#\/schema\/logo\/image\/"},"sameAs":["https:\/\/www.facebook.com\/Schweizversand","https:\/\/www.instagram.com\/schweizversand.ch\/"]}]}},"jetpack_sharing_enabled":true,"_links":{"self":[{"href":"https:\/\/schweizversand.ch\/it\/wp-json\/wp\/v2\/product\/254110","targetHints":{"allow":["GET"]}}],"collection":[{"href":"https:\/\/schweizversand.ch\/it\/wp-json\/wp\/v2\/product"}],"about":[{"href":"https:\/\/schweizversand.ch\/it\/wp-json\/wp\/v2\/types\/product"}],"replies":[{"embeddable":true,"href":"https:\/\/schweizversand.ch\/it\/wp-json\/wp\/v2\/comments?post=254110"}],"wp:featuredmedia":[{"embeddable":true,"href":"https:\/\/schweizversand.ch\/it\/wp-json\/wp\/v2\/media\/257251"}],"wp:attachment":[{"href":"https:\/\/schweizversand.ch\/it\/wp-json\/wp\/v2\/media?parent=254110"}],"wp:term":[{"taxonomy":"product_brand","embeddable":true,"href":"https:\/\/schweizversand.ch\/it\/wp-json\/wp\/v2\/product_brand?post=254110"},{"taxonomy":"product_cat","embeddable":true,"href":"https:\/\/schweizversand.ch\/it\/wp-json\/wp\/v2\/product_cat?post=254110"},{"taxonomy":"product_tag","embeddable":true,"href":"https:\/\/schweizversand.ch\/it\/wp-json\/wp\/v2\/product_tag?post=254110"}],"curies":[{"name":"wp","href":"https:\/\/api.w.org\/{rel}","templated":true}]}}