{"id":254204,"date":"2026-03-15T00:54:51","date_gmt":"2026-03-14T23:54:51","guid":{"rendered":"https:\/\/schweizversand.ch\/produkt\/hudora-1-stopfen-fuer-fangzaunstangen-wb\/"},"modified":"2026-04-20T02:05:08","modified_gmt":"2026-04-20T00:05:08","slug":"hudora-1-stopfen-fuer-fangzaunstangen-wb","status":"publish","type":"product","link":"https:\/\/schweizversand.ch\/it\/produkt\/hudora-1-stopfen-fuer-fangzaunstangen-wb\/","title":{"rendered":"Spina Hudora 1 per pali di recinzione di cattura (WB)"},"content":{"rendered":"<p>1 Tappo per pali di recinzione di sicurezza. \u00f8 25 mm, nero, in plastica. Impedisce l&#8217;ingresso dell&#8217;acqua piovana.<\/p>\n<p>Adatto a tutti i pali di recinzione di sicurezza con diametro di 25 mm.<\/p>\n<p>` &#8230; ` `<\/p>\n<p>1 <\/p>\n<p>1 <\/p>\n<p>1 <\/p>\n<p>1 <\/p>\n<p>Tappo per pali di recinzione a scomparsa. \u00f8 25 mm, nero, in plastica. Impedisce l&#8217;ingresso dell&#8217;acqua piovana.<br \/>\n&#8220;`<br \/>\n`<br \/>\n`<br \/>\n`<br \/>\n&#8220;&#8220;&#8220;`<br \/>\n&#8220;&#8220; Ricambio per: 64019, 65166\/01, 65105, 65153\/01, 65560, 65030, 65198\/XP, 65100\/XP, 65060, 65080, 65151\/XP, 65198, 65160\/00, 65160\/01, 65100\/TR, 65152\/01A, 65100\/02, 65105\/TR, 65152\/A, 65152, 65007, 65151\/01, 65153, 65520, 65166\/00, 65580, 65000 65152\/02A, 65147, 65531, 65185, 65185\/02, 65061, 65540, 65185\/TR, 65340, 65075, 65166, 65076, 65153\/02, 65151\/02, 65073, 65151, 65150\/02, 65185\/01, 65086, 65090, 65100, 65152\/03A, 65070, 65246, 65150, 65570, 65521, 65245, 65025, 65116, 65075\/01, 65035, 65046, 65175, W 65160, 65199, 65056, 65017, 65530, 65003, 65151\/TR, 65166\/W, 65110, 65197, 65114, 65150\/01, 65055, 65550, 65160, 65085, 65044, 65100\/01, 65047<\/p>\n","protected":false},"excerpt":{"rendered":"<p>1 Tappo per pali di recinzione di sicurezza. \u00f8 25 mm, nero, in plastica. Impedisce l&#8217;ingresso dell&#8217;acqua piovana. Adatto a tutti i pali di recinzione di sicurezza con diametro di 25 mm. ` &#8230; ` ` 1 1 1 1 Tappo per pali di recinzione a scomparsa. \u00f8 25 mm, nero, in plastica. Impedisce l&#8217;ingresso dell&#8217;acqua piovana. &#8220;` ` ` ` &#8220;&#8220;&#8220;` &#8220;&#8220; Ricambio per: 64019, 65166\/01, 65105, 65153\/01, 65560, 65030, 65198\/XP, 65100\/XP, 65060, 65080,&hellip;<\/p>\n","protected":false},"featured_media":159280,"comment_status":"open","ping_status":"closed","template":"","meta":[],"product_brand":[],"product_cat":[38658],"product_tag":[],"class_list":{"0":"post-254204","1":"product","2":"type-product","3":"status-publish","4":"has-post-thumbnail","6":"product_cat-trampolin","7":"product_shipping_class-global_methods","9":"first","10":"instock","11":"taxable","12":"shipping-taxable","13":"purchasable","14":"product-type-simple"},"yoast_head":"<!-- This site is optimized with the Yoast SEO plugin v27.4 - https:\/\/yoast.com\/product\/yoast-seo-wordpress\/ -->\n<title>Hudora 1 Stopfen f\u00fcr Fangzaunstangen (WB) | Jetzt kaufen | Schweizversand.ch<\/title>\n<meta name=\"description\" content=\"Hudora 1 Stopfen f\u00fcr Fangzaunstangen (WB) g\u00fcnstig kaufen bei Schweizversand.ch. Schnelle Lieferung in der Schweiz. Gratisversand ab CHF 50.\" \/>\n<meta name=\"robots\" content=\"index, follow, max-snippet:-1, max-image-preview:large, max-video-preview:-1\" \/>\n<link rel=\"canonical\" href=\"https:\/\/schweizversand.ch\/it\/produkt\/hudora-1-stopfen-fuer-fangzaunstangen-wb\/\" \/>\n<meta property=\"og:locale\" content=\"it_IT\" \/>\n<meta property=\"og:type\" content=\"article\" \/>\n<meta property=\"og:title\" content=\"Hudora 1 Stopfen f\u00fcr Fangzaunstangen (WB) | Jetzt kaufen | Schweizversand.ch\" \/>\n<meta property=\"og:description\" content=\"Hudora 1 Stopfen f\u00fcr Fangzaunstangen (WB) g\u00fcnstig kaufen bei Schweizversand.ch. Schnelle Lieferung in der Schweiz. Gratisversand ab CHF 50.\" \/>\n<meta property=\"og:url\" content=\"https:\/\/schweizversand.ch\/it\/produkt\/hudora-1-stopfen-fuer-fangzaunstangen-wb\/\" \/>\n<meta property=\"og:site_name\" content=\"Schweizer Shop f\u00fcr Sport, Spiel und Freizeit\" \/>\n<meta property=\"article:publisher\" content=\"https:\/\/www.facebook.com\/Schweizversand\" \/>\n<meta property=\"article:modified_time\" content=\"2026-04-20T00:05:08+00:00\" \/>\n<meta property=\"og:image\" content=\"https:\/\/schweizversand.ch\/wp-content\/uploads\/2026\/02\/5471472664.jpg\" \/>\n\t<meta property=\"og:image:width\" content=\"1024\" \/>\n\t<meta property=\"og:image:height\" content=\"728\" \/>\n\t<meta property=\"og:image:type\" content=\"image\/jpeg\" \/>\n<meta name=\"twitter:card\" content=\"summary_large_image\" \/>\n<script type=\"application\/ld+json\" class=\"yoast-schema-graph\">{\"@context\":\"https:\\\/\\\/schema.org\",\"@graph\":[{\"@type\":\"WebPage\",\"@id\":\"https:\\\/\\\/schweizversand.ch\\\/it\\\/produkt\\\/hudora-1-stopfen-fuer-fangzaunstangen-wb\\\/\",\"url\":\"https:\\\/\\\/schweizversand.ch\\\/it\\\/produkt\\\/hudora-1-stopfen-fuer-fangzaunstangen-wb\\\/\",\"name\":\"Hudora 1 Stopfen f\u00fcr Fangzaunstangen (WB) | Jetzt kaufen | Schweizversand.ch\",\"isPartOf\":{\"@id\":\"https:\\\/\\\/schweizversand.ch\\\/it\\\/#website\"},\"primaryImageOfPage\":{\"@id\":\"https:\\\/\\\/schweizversand.ch\\\/it\\\/produkt\\\/hudora-1-stopfen-fuer-fangzaunstangen-wb\\\/#primaryimage\"},\"image\":{\"@id\":\"https:\\\/\\\/schweizversand.ch\\\/it\\\/produkt\\\/hudora-1-stopfen-fuer-fangzaunstangen-wb\\\/#primaryimage\"},\"thumbnailUrl\":\"https:\\\/\\\/schweizversand.ch\\\/wp-content\\\/uploads\\\/2026\\\/02\\\/5471472664.jpg\",\"datePublished\":\"2026-03-14T23:54:51+00:00\",\"dateModified\":\"2026-04-20T00:05:08+00:00\",\"description\":\"Hudora 1 Stopfen f\u00fcr Fangzaunstangen (WB) g\u00fcnstig kaufen bei Schweizversand.ch. Schnelle Lieferung in der Schweiz. Gratisversand ab CHF 50.\",\"breadcrumb\":{\"@id\":\"https:\\\/\\\/schweizversand.ch\\\/it\\\/produkt\\\/hudora-1-stopfen-fuer-fangzaunstangen-wb\\\/#breadcrumb\"},\"inLanguage\":\"it-IT\",\"potentialAction\":[{\"@type\":\"ReadAction\",\"target\":[\"https:\\\/\\\/schweizversand.ch\\\/it\\\/produkt\\\/hudora-1-stopfen-fuer-fangzaunstangen-wb\\\/\"]}]},{\"@type\":\"ImageObject\",\"inLanguage\":\"it-IT\",\"@id\":\"https:\\\/\\\/schweizversand.ch\\\/it\\\/produkt\\\/hudora-1-stopfen-fuer-fangzaunstangen-wb\\\/#primaryimage\",\"url\":\"https:\\\/\\\/schweizversand.ch\\\/wp-content\\\/uploads\\\/2026\\\/02\\\/5471472664.jpg\",\"contentUrl\":\"https:\\\/\\\/schweizversand.ch\\\/wp-content\\\/uploads\\\/2026\\\/02\\\/5471472664.jpg\",\"width\":1024,\"height\":728},{\"@type\":\"BreadcrumbList\",\"@id\":\"https:\\\/\\\/schweizversand.ch\\\/it\\\/produkt\\\/hudora-1-stopfen-fuer-fangzaunstangen-wb\\\/#breadcrumb\",\"itemListElement\":[{\"@type\":\"ListItem\",\"position\":1,\"name\":\"Startseite\",\"item\":\"https:\\\/\\\/schweizversand.ch\\\/it\\\/home\\\/\"},{\"@type\":\"ListItem\",\"position\":2,\"name\":\"Shop\",\"item\":\"https:\\\/\\\/schweizversand.ch\\\/it\\\/shop\\\/\"},{\"@type\":\"ListItem\",\"position\":3,\"name\":\"Ricambi\",\"item\":\"https:\\\/\\\/schweizversand.ch\\\/it\\\/produkt-kategorie\\\/ricambi\\\/\"},{\"@type\":\"ListItem\",\"position\":4,\"name\":\"Hudora\",\"item\":\"https:\\\/\\\/schweizversand.ch\\\/it\\\/produkt-kategorie\\\/ricambi\\\/hudora\\\/\"},{\"@type\":\"ListItem\",\"position\":5,\"name\":\"Trampolino\",\"item\":\"https:\\\/\\\/schweizversand.ch\\\/it\\\/produkt-kategorie\\\/ricambi\\\/hudora\\\/trampolin\\\/\"},{\"@type\":\"ListItem\",\"position\":6,\"name\":\"Spina Hudora 1 per pali di recinzione di cattura (WB)\"}]},{\"@type\":\"WebSite\",\"@id\":\"https:\\\/\\\/schweizversand.ch\\\/it\\\/#website\",\"url\":\"https:\\\/\\\/schweizversand.ch\\\/it\\\/\",\"name\":\"Schweizer Shop f\u00fcr Sport, Spiel und Freizeit\",\"description\":\"Gratisversand ab 50.- (netto), ab eigenem schweizer Lager, Lieferung innert 48h\",\"publisher\":{\"@id\":\"https:\\\/\\\/schweizversand.ch\\\/it\\\/#organization\"},\"alternateName\":\"Schweizversand.ch\",\"potentialAction\":[{\"@type\":\"SearchAction\",\"target\":{\"@type\":\"EntryPoint\",\"urlTemplate\":\"https:\\\/\\\/schweizversand.ch\\\/it\\\/?s={search_term_string}\"},\"query-input\":{\"@type\":\"PropertyValueSpecification\",\"valueRequired\":true,\"valueName\":\"search_term_string\"}}],\"inLanguage\":\"it-IT\"},{\"@type\":\"Organization\",\"@id\":\"https:\\\/\\\/schweizversand.ch\\\/it\\\/#organization\",\"name\":\"Schweizversand.ch\",\"url\":\"https:\\\/\\\/schweizversand.ch\\\/it\\\/\",\"logo\":{\"@type\":\"ImageObject\",\"inLanguage\":\"it-IT\",\"@id\":\"https:\\\/\\\/schweizversand.ch\\\/it\\\/#\\\/schema\\\/logo\\\/image\\\/\",\"url\":\"https:\\\/\\\/schweizversand.ch\\\/wp-content\\\/uploads\\\/2026\\\/03\\\/Logo_Rund_Final-1.png\",\"contentUrl\":\"https:\\\/\\\/schweizversand.ch\\\/wp-content\\\/uploads\\\/2026\\\/03\\\/Logo_Rund_Final-1.png\",\"width\":404,\"height\":404,\"caption\":\"Schweizversand.ch\"},\"image\":{\"@id\":\"https:\\\/\\\/schweizversand.ch\\\/it\\\/#\\\/schema\\\/logo\\\/image\\\/\"},\"sameAs\":[\"https:\\\/\\\/www.facebook.com\\\/Schweizversand\",\"https:\\\/\\\/www.instagram.com\\\/schweizversand.ch\\\/\"]}]}<\/script>\n<!-- \/ Yoast SEO plugin. -->","yoast_head_json":{"title":"Hudora 1 Stopfen f\u00fcr Fangzaunstangen (WB) | Jetzt kaufen | Schweizversand.ch","description":"Hudora 1 Stopfen f\u00fcr Fangzaunstangen (WB) g\u00fcnstig kaufen bei Schweizversand.ch. Schnelle Lieferung in der Schweiz. Gratisversand ab CHF 50.","robots":{"index":"index","follow":"follow","max-snippet":"max-snippet:-1","max-image-preview":"max-image-preview:large","max-video-preview":"max-video-preview:-1"},"canonical":"https:\/\/schweizversand.ch\/it\/produkt\/hudora-1-stopfen-fuer-fangzaunstangen-wb\/","og_locale":"it_IT","og_type":"article","og_title":"Hudora 1 Stopfen f\u00fcr Fangzaunstangen (WB) | Jetzt kaufen | Schweizversand.ch","og_description":"Hudora 1 Stopfen f\u00fcr Fangzaunstangen (WB) g\u00fcnstig kaufen bei Schweizversand.ch. Schnelle Lieferung in der Schweiz. Gratisversand ab CHF 50.","og_url":"https:\/\/schweizversand.ch\/it\/produkt\/hudora-1-stopfen-fuer-fangzaunstangen-wb\/","og_site_name":"Schweizer Shop f\u00fcr Sport, Spiel und Freizeit","article_publisher":"https:\/\/www.facebook.com\/Schweizversand","article_modified_time":"2026-04-20T00:05:08+00:00","og_image":[{"width":1024,"height":728,"url":"https:\/\/schweizversand.ch\/wp-content\/uploads\/2026\/02\/5471472664.jpg","type":"image\/jpeg"}],"twitter_card":"summary_large_image","schema":{"@context":"https:\/\/schema.org","@graph":[{"@type":"WebPage","@id":"https:\/\/schweizversand.ch\/it\/produkt\/hudora-1-stopfen-fuer-fangzaunstangen-wb\/","url":"https:\/\/schweizversand.ch\/it\/produkt\/hudora-1-stopfen-fuer-fangzaunstangen-wb\/","name":"Hudora 1 Stopfen f\u00fcr Fangzaunstangen (WB) | Jetzt kaufen | Schweizversand.ch","isPartOf":{"@id":"https:\/\/schweizversand.ch\/it\/#website"},"primaryImageOfPage":{"@id":"https:\/\/schweizversand.ch\/it\/produkt\/hudora-1-stopfen-fuer-fangzaunstangen-wb\/#primaryimage"},"image":{"@id":"https:\/\/schweizversand.ch\/it\/produkt\/hudora-1-stopfen-fuer-fangzaunstangen-wb\/#primaryimage"},"thumbnailUrl":"https:\/\/schweizversand.ch\/wp-content\/uploads\/2026\/02\/5471472664.jpg","datePublished":"2026-03-14T23:54:51+00:00","dateModified":"2026-04-20T00:05:08+00:00","description":"Hudora 1 Stopfen f\u00fcr Fangzaunstangen (WB) g\u00fcnstig kaufen bei Schweizversand.ch. Schnelle Lieferung in der Schweiz. Gratisversand ab CHF 50.","breadcrumb":{"@id":"https:\/\/schweizversand.ch\/it\/produkt\/hudora-1-stopfen-fuer-fangzaunstangen-wb\/#breadcrumb"},"inLanguage":"it-IT","potentialAction":[{"@type":"ReadAction","target":["https:\/\/schweizversand.ch\/it\/produkt\/hudora-1-stopfen-fuer-fangzaunstangen-wb\/"]}]},{"@type":"ImageObject","inLanguage":"it-IT","@id":"https:\/\/schweizversand.ch\/it\/produkt\/hudora-1-stopfen-fuer-fangzaunstangen-wb\/#primaryimage","url":"https:\/\/schweizversand.ch\/wp-content\/uploads\/2026\/02\/5471472664.jpg","contentUrl":"https:\/\/schweizversand.ch\/wp-content\/uploads\/2026\/02\/5471472664.jpg","width":1024,"height":728},{"@type":"BreadcrumbList","@id":"https:\/\/schweizversand.ch\/it\/produkt\/hudora-1-stopfen-fuer-fangzaunstangen-wb\/#breadcrumb","itemListElement":[{"@type":"ListItem","position":1,"name":"Startseite","item":"https:\/\/schweizversand.ch\/it\/home\/"},{"@type":"ListItem","position":2,"name":"Shop","item":"https:\/\/schweizversand.ch\/it\/shop\/"},{"@type":"ListItem","position":3,"name":"Ricambi","item":"https:\/\/schweizversand.ch\/it\/produkt-kategorie\/ricambi\/"},{"@type":"ListItem","position":4,"name":"Hudora","item":"https:\/\/schweizversand.ch\/it\/produkt-kategorie\/ricambi\/hudora\/"},{"@type":"ListItem","position":5,"name":"Trampolino","item":"https:\/\/schweizversand.ch\/it\/produkt-kategorie\/ricambi\/hudora\/trampolin\/"},{"@type":"ListItem","position":6,"name":"Spina Hudora 1 per pali di recinzione di cattura (WB)"}]},{"@type":"WebSite","@id":"https:\/\/schweizversand.ch\/it\/#website","url":"https:\/\/schweizversand.ch\/it\/","name":"Schweizer Shop f\u00fcr Sport, Spiel und Freizeit","description":"Gratisversand ab 50.- (netto), ab eigenem schweizer Lager, Lieferung innert 48h","publisher":{"@id":"https:\/\/schweizversand.ch\/it\/#organization"},"alternateName":"Schweizversand.ch","potentialAction":[{"@type":"SearchAction","target":{"@type":"EntryPoint","urlTemplate":"https:\/\/schweizversand.ch\/it\/?s={search_term_string}"},"query-input":{"@type":"PropertyValueSpecification","valueRequired":true,"valueName":"search_term_string"}}],"inLanguage":"it-IT"},{"@type":"Organization","@id":"https:\/\/schweizversand.ch\/it\/#organization","name":"Schweizversand.ch","url":"https:\/\/schweizversand.ch\/it\/","logo":{"@type":"ImageObject","inLanguage":"it-IT","@id":"https:\/\/schweizversand.ch\/it\/#\/schema\/logo\/image\/","url":"https:\/\/schweizversand.ch\/wp-content\/uploads\/2026\/03\/Logo_Rund_Final-1.png","contentUrl":"https:\/\/schweizversand.ch\/wp-content\/uploads\/2026\/03\/Logo_Rund_Final-1.png","width":404,"height":404,"caption":"Schweizversand.ch"},"image":{"@id":"https:\/\/schweizversand.ch\/it\/#\/schema\/logo\/image\/"},"sameAs":["https:\/\/www.facebook.com\/Schweizversand","https:\/\/www.instagram.com\/schweizversand.ch\/"]}]}},"jetpack_sharing_enabled":true,"_links":{"self":[{"href":"https:\/\/schweizversand.ch\/it\/wp-json\/wp\/v2\/product\/254204","targetHints":{"allow":["GET"]}}],"collection":[{"href":"https:\/\/schweizversand.ch\/it\/wp-json\/wp\/v2\/product"}],"about":[{"href":"https:\/\/schweizversand.ch\/it\/wp-json\/wp\/v2\/types\/product"}],"replies":[{"embeddable":true,"href":"https:\/\/schweizversand.ch\/it\/wp-json\/wp\/v2\/comments?post=254204"}],"wp:featuredmedia":[{"embeddable":true,"href":"https:\/\/schweizversand.ch\/it\/wp-json\/wp\/v2\/media\/159280"}],"wp:attachment":[{"href":"https:\/\/schweizversand.ch\/it\/wp-json\/wp\/v2\/media?parent=254204"}],"wp:term":[{"taxonomy":"product_brand","embeddable":true,"href":"https:\/\/schweizversand.ch\/it\/wp-json\/wp\/v2\/product_brand?post=254204"},{"taxonomy":"product_cat","embeddable":true,"href":"https:\/\/schweizversand.ch\/it\/wp-json\/wp\/v2\/product_cat?post=254204"},{"taxonomy":"product_tag","embeddable":true,"href":"https:\/\/schweizversand.ch\/it\/wp-json\/wp\/v2\/product_tag?post=254204"}],"curies":[{"name":"wp","href":"https:\/\/api.w.org\/{rel}","templated":true}]}}