{"id":254242,"date":"2026-03-15T00:55:36","date_gmt":"2026-03-14T23:55:36","guid":{"rendered":"https:\/\/schweizversand.ch\/produkt\/berlinger-haus-4-tlg-kuechenhelferset\/"},"modified":"2026-04-19T02:06:35","modified_gmt":"2026-04-19T00:06:35","slug":"berlinger-haus-4-tlg-kuechenhelferset","status":"publish","type":"product","link":"https:\/\/schweizversand.ch\/it\/produkt\/berlinger-haus-4-tlg-kuechenhelferset\/","title":{"rendered":"Set di utensili da cucina Berlinger Haus da 4 pezzi"},"content":{"rendered":"<h1><strong>Elegante set di utensili da cucina: elegante, robusto e funzionale<\/strong><\/h1>\n<div>Scopri il <strong>set di utensili da cucina<\/strong> definitivo che unisce stile, resistenza e massima funzionalit\u00e0 nella tua cucina. Questo <strong>set da cucina di alta qualit\u00e0<\/strong> non \u00e8 solo un pratico utensile per l&#8217;uso quotidiano, ma anche un vero e proprio elemento di spicco su qualsiasi superficie di lavoro grazie al suo design elegante.<\/p>\n<\/div>\n<div><strong>Design e qualit\u00e0 dei materiali<\/strong><br \/>Questo <strong>set di utensili da cucina<\/strong> colpisce per la sua eccezionale lavorazione. Gli utensili sono realizzati in robusta e resistente <strong>lega di zinco<\/strong>, che garantisce la massima stabilit\u00e0 e una lunga durata. Il design ergonomico assicura che gli utensili si adattino perfettamente alla mano, rendendo senza sforzo anche i lavori di cucina pi\u00f9 impegnativi. Dite addio agli utensili di qualit\u00e0 inferiore e scegliete una qualit\u00e0 che si sente.<\/p>\n<\/div>\n<div><strong>Organizzazione perfetta grazie al supporto in legno<\/strong><br \/>Il set \u00e8 completato da un elegante <strong>supporto in legno per utensili da cucina<\/strong>, che non solo mantiene tutto in ordine, ma aggiunge anche un tocco di eleganza alla vostra cucina. Il supporto espone con stile gli utensili e li tiene a portata di mano. Questo rende l&#8217;<strong>set di utensili da cucina elegante<\/strong> un regalo ideale o un&#8217;aggiunta di lusso alla vostra casa.<\/p>\n<\/div>\n<div><strong>Versatilit\u00e0 per ogni occasione<\/strong><br \/>Che stiate preparando una cena festiva o semplicemente vogliate padroneggiare la cucina di tutti i giorni, questo set \u00e8 il vostro partner affidabile. Include tutti gli utensili essenziali necessari per le attivit\u00e0 pi\u00f9 comuni. Goditi la comodit\u00e0 di avere tutto ci\u00f2 di cui hai bisogno a portata di mano e rendi ogni compito in cucina un piacere.<\/p>\n<\/div>\n<div><strong>I tuoi vantaggi in sintesi<\/strong><br \/>&#8211; <strong>Design ergonomico<\/strong>: Maneggevolezza confortevole per un lavoro comodo ed efficiente.<br \/>&#8211; <strong>Materiale durevole<\/strong>: Realizzato in robusta lega di zinco per la massima stabilit\u00e0 e durata.<br \/>&#8211; <strong>Pratico set completo<\/strong>: Tutti gli strumenti essenziali in un set perfettamente coordinato.<br \/>&#8211; <strong>Elegante supporto in legno<\/strong>: Offre un elegante spazio di archiviazione, organizzazione e un aspetto lussuoso.<br \/>&#8211; <strong>Utilizzo versatile<\/strong>: Ideale per aprire vino, lattine e preparare cibi.<\/p>\n<\/div>\n<div><strong>Dettagli e contenuto della confezione<\/strong><br \/>&#8211; Materiale: Lega di zinco \/ Legno<br \/>&#8211; 1 \u00d7 Apribottiglie professionale<br \/>&#8211; 1 \u00d7 Apriscatole robusto<br \/>&#8211; 1 \u00d7 Efficace spremiaglio<br \/>&#8211; 1 \u00d7 Elegante supporto portaoggetti in legno<\/p>\n<\/div>\n<div>Investi in questo <strong>set da cucina di alta qualit\u00e0<\/strong> e scopri come i semplici compiti in cucina siano valorizzati da strumenti professionali. Ordina oggi stesso il tuo <strong>elegante set di utensili da cucina<\/strong> e porta stile e funzionalit\u00e0 nella tua cucina.<\/p>\n<\/div>\n<div><\/div>\n","protected":false},"excerpt":{"rendered":"<p>Elegante set di utensili da cucina: elegante, robusto e funzionale Scopri il set di utensili da cucina definitivo che unisce stile, resistenza e massima funzionalit\u00e0 nella tua cucina. Questo set da cucina di alta qualit\u00e0 non \u00e8 solo un pratico utensile per l&#8217;uso quotidiano, ma anche un vero e proprio elemento di spicco su qualsiasi superficie di lavoro grazie al suo design elegante. Design e qualit\u00e0 dei materialiQuesto set di utensili da cucina colpisce per&hellip;<\/p>\n","protected":false},"featured_media":160571,"comment_status":"open","ping_status":"closed","template":"","meta":[],"product_brand":[],"product_cat":[38389],"product_tag":[],"class_list":{"0":"post-254242","1":"product","2":"type-product","3":"status-publish","4":"has-post-thumbnail","6":"product_cat-kuechenhelfer","7":"product_shipping_class-global_methods","9":"first","10":"instock","11":"taxable","12":"shipping-taxable","13":"purchasable","14":"product-type-simple"},"yoast_head":"<!-- This site is optimized with the Yoast SEO plugin v27.4 - https:\/\/yoast.com\/product\/yoast-seo-wordpress\/ -->\n<title>Berlinger Haus 4-tlg. K\u00fcchenhelferset | Jetzt kaufen | Schweizversand.ch<\/title>\n<meta name=\"description\" content=\"Berlinger Haus 4-tlg. K\u00fcchenhelferset g\u00fcnstig kaufen bei Schweizversand.ch. Schnelle Lieferung in der Schweiz. Gratisversand ab CHF 50.\" \/>\n<meta name=\"robots\" content=\"index, follow, max-snippet:-1, max-image-preview:large, max-video-preview:-1\" \/>\n<link rel=\"canonical\" href=\"https:\/\/schweizversand.ch\/it\/produkt\/berlinger-haus-4-tlg-kuechenhelferset\/\" \/>\n<meta property=\"og:locale\" content=\"it_IT\" \/>\n<meta property=\"og:type\" content=\"article\" \/>\n<meta property=\"og:title\" content=\"Berlinger Haus 4-tlg. K\u00fcchenhelferset | Jetzt kaufen | Schweizversand.ch\" \/>\n<meta property=\"og:description\" content=\"Berlinger Haus 4-tlg. K\u00fcchenhelferset g\u00fcnstig kaufen bei Schweizversand.ch. Schnelle Lieferung in der Schweiz. Gratisversand ab CHF 50.\" \/>\n<meta property=\"og:url\" content=\"https:\/\/schweizversand.ch\/it\/produkt\/berlinger-haus-4-tlg-kuechenhelferset\/\" \/>\n<meta property=\"og:site_name\" content=\"Schweizer Shop f\u00fcr Sport, Spiel und Freizeit\" \/>\n<meta property=\"article:publisher\" content=\"https:\/\/www.facebook.com\/Schweizversand\" \/>\n<meta property=\"article:modified_time\" content=\"2026-04-19T00:06:35+00:00\" \/>\n<meta property=\"og:image\" content=\"https:\/\/schweizversand.ch\/wp-content\/uploads\/2026\/02\/5471561978.jpg\" \/>\n\t<meta property=\"og:image:width\" content=\"1024\" \/>\n\t<meta property=\"og:image:height\" content=\"682\" \/>\n\t<meta property=\"og:image:type\" content=\"image\/jpeg\" \/>\n<meta name=\"twitter:card\" content=\"summary_large_image\" \/>\n<meta name=\"twitter:label1\" content=\"Tempo di lettura stimato\" \/>\n\t<meta name=\"twitter:data1\" content=\"2 minuto\" \/>\n<script type=\"application\/ld+json\" class=\"yoast-schema-graph\">{\"@context\":\"https:\\\/\\\/schema.org\",\"@graph\":[{\"@type\":\"WebPage\",\"@id\":\"https:\\\/\\\/schweizversand.ch\\\/it\\\/produkt\\\/berlinger-haus-4-tlg-kuechenhelferset\\\/\",\"url\":\"https:\\\/\\\/schweizversand.ch\\\/it\\\/produkt\\\/berlinger-haus-4-tlg-kuechenhelferset\\\/\",\"name\":\"Berlinger Haus 4-tlg. K\u00fcchenhelferset | Jetzt kaufen | Schweizversand.ch\",\"isPartOf\":{\"@id\":\"https:\\\/\\\/schweizversand.ch\\\/it\\\/#website\"},\"primaryImageOfPage\":{\"@id\":\"https:\\\/\\\/schweizversand.ch\\\/it\\\/produkt\\\/berlinger-haus-4-tlg-kuechenhelferset\\\/#primaryimage\"},\"image\":{\"@id\":\"https:\\\/\\\/schweizversand.ch\\\/it\\\/produkt\\\/berlinger-haus-4-tlg-kuechenhelferset\\\/#primaryimage\"},\"thumbnailUrl\":\"https:\\\/\\\/schweizversand.ch\\\/wp-content\\\/uploads\\\/2026\\\/02\\\/5471561978.jpg\",\"datePublished\":\"2026-03-14T23:55:36+00:00\",\"dateModified\":\"2026-04-19T00:06:35+00:00\",\"description\":\"Berlinger Haus 4-tlg. K\u00fcchenhelferset g\u00fcnstig kaufen bei Schweizversand.ch. Schnelle Lieferung in der Schweiz. Gratisversand ab CHF 50.\",\"breadcrumb\":{\"@id\":\"https:\\\/\\\/schweizversand.ch\\\/it\\\/produkt\\\/berlinger-haus-4-tlg-kuechenhelferset\\\/#breadcrumb\"},\"inLanguage\":\"it-IT\",\"potentialAction\":[{\"@type\":\"ReadAction\",\"target\":[\"https:\\\/\\\/schweizversand.ch\\\/it\\\/produkt\\\/berlinger-haus-4-tlg-kuechenhelferset\\\/\"]}]},{\"@type\":\"ImageObject\",\"inLanguage\":\"it-IT\",\"@id\":\"https:\\\/\\\/schweizversand.ch\\\/it\\\/produkt\\\/berlinger-haus-4-tlg-kuechenhelferset\\\/#primaryimage\",\"url\":\"https:\\\/\\\/schweizversand.ch\\\/wp-content\\\/uploads\\\/2026\\\/02\\\/5471561978.jpg\",\"contentUrl\":\"https:\\\/\\\/schweizversand.ch\\\/wp-content\\\/uploads\\\/2026\\\/02\\\/5471561978.jpg\",\"width\":1024,\"height\":682},{\"@type\":\"BreadcrumbList\",\"@id\":\"https:\\\/\\\/schweizversand.ch\\\/it\\\/produkt\\\/berlinger-haus-4-tlg-kuechenhelferset\\\/#breadcrumb\",\"itemListElement\":[{\"@type\":\"ListItem\",\"position\":1,\"name\":\"Startseite\",\"item\":\"https:\\\/\\\/schweizversand.ch\\\/it\\\/home\\\/\"},{\"@type\":\"ListItem\",\"position\":2,\"name\":\"Shop\",\"item\":\"https:\\\/\\\/schweizversand.ch\\\/it\\\/shop\\\/\"},{\"@type\":\"ListItem\",\"position\":3,\"name\":\"Casa\",\"item\":\"https:\\\/\\\/schweizversand.ch\\\/it\\\/produkt-kategorie\\\/casa\\\/\"},{\"@type\":\"ListItem\",\"position\":4,\"name\":\"Cucina\",\"item\":\"https:\\\/\\\/schweizversand.ch\\\/it\\\/produkt-kategorie\\\/casa\\\/cucina\\\/\"},{\"@type\":\"ListItem\",\"position\":5,\"name\":\"Aiutanti in cucina\",\"item\":\"https:\\\/\\\/schweizversand.ch\\\/it\\\/produkt-kategorie\\\/casa\\\/cucina\\\/kuechenhelfer\\\/\"},{\"@type\":\"ListItem\",\"position\":6,\"name\":\"Set di utensili da cucina Berlinger Haus da 4 pezzi\"}]},{\"@type\":\"WebSite\",\"@id\":\"https:\\\/\\\/schweizversand.ch\\\/it\\\/#website\",\"url\":\"https:\\\/\\\/schweizversand.ch\\\/it\\\/\",\"name\":\"Schweizer Shop f\u00fcr Sport, Spiel und Freizeit\",\"description\":\"Gratisversand ab 50.- (netto), ab eigenem schweizer Lager, Lieferung innert 48h\",\"publisher\":{\"@id\":\"https:\\\/\\\/schweizversand.ch\\\/it\\\/#organization\"},\"alternateName\":\"Schweizversand.ch\",\"potentialAction\":[{\"@type\":\"SearchAction\",\"target\":{\"@type\":\"EntryPoint\",\"urlTemplate\":\"https:\\\/\\\/schweizversand.ch\\\/it\\\/?s={search_term_string}\"},\"query-input\":{\"@type\":\"PropertyValueSpecification\",\"valueRequired\":true,\"valueName\":\"search_term_string\"}}],\"inLanguage\":\"it-IT\"},{\"@type\":\"Organization\",\"@id\":\"https:\\\/\\\/schweizversand.ch\\\/it\\\/#organization\",\"name\":\"Schweizversand.ch\",\"url\":\"https:\\\/\\\/schweizversand.ch\\\/it\\\/\",\"logo\":{\"@type\":\"ImageObject\",\"inLanguage\":\"it-IT\",\"@id\":\"https:\\\/\\\/schweizversand.ch\\\/it\\\/#\\\/schema\\\/logo\\\/image\\\/\",\"url\":\"https:\\\/\\\/schweizversand.ch\\\/wp-content\\\/uploads\\\/2026\\\/03\\\/Logo_Rund_Final-1.png\",\"contentUrl\":\"https:\\\/\\\/schweizversand.ch\\\/wp-content\\\/uploads\\\/2026\\\/03\\\/Logo_Rund_Final-1.png\",\"width\":404,\"height\":404,\"caption\":\"Schweizversand.ch\"},\"image\":{\"@id\":\"https:\\\/\\\/schweizversand.ch\\\/it\\\/#\\\/schema\\\/logo\\\/image\\\/\"},\"sameAs\":[\"https:\\\/\\\/www.facebook.com\\\/Schweizversand\",\"https:\\\/\\\/www.instagram.com\\\/schweizversand.ch\\\/\"]}]}<\/script>\n<!-- \/ Yoast SEO plugin. -->","yoast_head_json":{"title":"Berlinger Haus 4-tlg. K\u00fcchenhelferset | Jetzt kaufen | Schweizversand.ch","description":"Berlinger Haus 4-tlg. K\u00fcchenhelferset g\u00fcnstig kaufen bei Schweizversand.ch. Schnelle Lieferung in der Schweiz. Gratisversand ab CHF 50.","robots":{"index":"index","follow":"follow","max-snippet":"max-snippet:-1","max-image-preview":"max-image-preview:large","max-video-preview":"max-video-preview:-1"},"canonical":"https:\/\/schweizversand.ch\/it\/produkt\/berlinger-haus-4-tlg-kuechenhelferset\/","og_locale":"it_IT","og_type":"article","og_title":"Berlinger Haus 4-tlg. K\u00fcchenhelferset | Jetzt kaufen | Schweizversand.ch","og_description":"Berlinger Haus 4-tlg. K\u00fcchenhelferset g\u00fcnstig kaufen bei Schweizversand.ch. Schnelle Lieferung in der Schweiz. Gratisversand ab CHF 50.","og_url":"https:\/\/schweizversand.ch\/it\/produkt\/berlinger-haus-4-tlg-kuechenhelferset\/","og_site_name":"Schweizer Shop f\u00fcr Sport, Spiel und Freizeit","article_publisher":"https:\/\/www.facebook.com\/Schweizversand","article_modified_time":"2026-04-19T00:06:35+00:00","og_image":[{"width":1024,"height":682,"url":"https:\/\/schweizversand.ch\/wp-content\/uploads\/2026\/02\/5471561978.jpg","type":"image\/jpeg"}],"twitter_card":"summary_large_image","twitter_misc":{"Tempo di lettura stimato":"2 minuto"},"schema":{"@context":"https:\/\/schema.org","@graph":[{"@type":"WebPage","@id":"https:\/\/schweizversand.ch\/it\/produkt\/berlinger-haus-4-tlg-kuechenhelferset\/","url":"https:\/\/schweizversand.ch\/it\/produkt\/berlinger-haus-4-tlg-kuechenhelferset\/","name":"Berlinger Haus 4-tlg. K\u00fcchenhelferset | Jetzt kaufen | Schweizversand.ch","isPartOf":{"@id":"https:\/\/schweizversand.ch\/it\/#website"},"primaryImageOfPage":{"@id":"https:\/\/schweizversand.ch\/it\/produkt\/berlinger-haus-4-tlg-kuechenhelferset\/#primaryimage"},"image":{"@id":"https:\/\/schweizversand.ch\/it\/produkt\/berlinger-haus-4-tlg-kuechenhelferset\/#primaryimage"},"thumbnailUrl":"https:\/\/schweizversand.ch\/wp-content\/uploads\/2026\/02\/5471561978.jpg","datePublished":"2026-03-14T23:55:36+00:00","dateModified":"2026-04-19T00:06:35+00:00","description":"Berlinger Haus 4-tlg. K\u00fcchenhelferset g\u00fcnstig kaufen bei Schweizversand.ch. Schnelle Lieferung in der Schweiz. Gratisversand ab CHF 50.","breadcrumb":{"@id":"https:\/\/schweizversand.ch\/it\/produkt\/berlinger-haus-4-tlg-kuechenhelferset\/#breadcrumb"},"inLanguage":"it-IT","potentialAction":[{"@type":"ReadAction","target":["https:\/\/schweizversand.ch\/it\/produkt\/berlinger-haus-4-tlg-kuechenhelferset\/"]}]},{"@type":"ImageObject","inLanguage":"it-IT","@id":"https:\/\/schweizversand.ch\/it\/produkt\/berlinger-haus-4-tlg-kuechenhelferset\/#primaryimage","url":"https:\/\/schweizversand.ch\/wp-content\/uploads\/2026\/02\/5471561978.jpg","contentUrl":"https:\/\/schweizversand.ch\/wp-content\/uploads\/2026\/02\/5471561978.jpg","width":1024,"height":682},{"@type":"BreadcrumbList","@id":"https:\/\/schweizversand.ch\/it\/produkt\/berlinger-haus-4-tlg-kuechenhelferset\/#breadcrumb","itemListElement":[{"@type":"ListItem","position":1,"name":"Startseite","item":"https:\/\/schweizversand.ch\/it\/home\/"},{"@type":"ListItem","position":2,"name":"Shop","item":"https:\/\/schweizversand.ch\/it\/shop\/"},{"@type":"ListItem","position":3,"name":"Casa","item":"https:\/\/schweizversand.ch\/it\/produkt-kategorie\/casa\/"},{"@type":"ListItem","position":4,"name":"Cucina","item":"https:\/\/schweizversand.ch\/it\/produkt-kategorie\/casa\/cucina\/"},{"@type":"ListItem","position":5,"name":"Aiutanti in cucina","item":"https:\/\/schweizversand.ch\/it\/produkt-kategorie\/casa\/cucina\/kuechenhelfer\/"},{"@type":"ListItem","position":6,"name":"Set di utensili da cucina Berlinger Haus da 4 pezzi"}]},{"@type":"WebSite","@id":"https:\/\/schweizversand.ch\/it\/#website","url":"https:\/\/schweizversand.ch\/it\/","name":"Schweizer Shop f\u00fcr Sport, Spiel und Freizeit","description":"Gratisversand ab 50.- (netto), ab eigenem schweizer Lager, Lieferung innert 48h","publisher":{"@id":"https:\/\/schweizversand.ch\/it\/#organization"},"alternateName":"Schweizversand.ch","potentialAction":[{"@type":"SearchAction","target":{"@type":"EntryPoint","urlTemplate":"https:\/\/schweizversand.ch\/it\/?s={search_term_string}"},"query-input":{"@type":"PropertyValueSpecification","valueRequired":true,"valueName":"search_term_string"}}],"inLanguage":"it-IT"},{"@type":"Organization","@id":"https:\/\/schweizversand.ch\/it\/#organization","name":"Schweizversand.ch","url":"https:\/\/schweizversand.ch\/it\/","logo":{"@type":"ImageObject","inLanguage":"it-IT","@id":"https:\/\/schweizversand.ch\/it\/#\/schema\/logo\/image\/","url":"https:\/\/schweizversand.ch\/wp-content\/uploads\/2026\/03\/Logo_Rund_Final-1.png","contentUrl":"https:\/\/schweizversand.ch\/wp-content\/uploads\/2026\/03\/Logo_Rund_Final-1.png","width":404,"height":404,"caption":"Schweizversand.ch"},"image":{"@id":"https:\/\/schweizversand.ch\/it\/#\/schema\/logo\/image\/"},"sameAs":["https:\/\/www.facebook.com\/Schweizversand","https:\/\/www.instagram.com\/schweizversand.ch\/"]}]}},"jetpack_sharing_enabled":true,"_links":{"self":[{"href":"https:\/\/schweizversand.ch\/it\/wp-json\/wp\/v2\/product\/254242","targetHints":{"allow":["GET"]}}],"collection":[{"href":"https:\/\/schweizversand.ch\/it\/wp-json\/wp\/v2\/product"}],"about":[{"href":"https:\/\/schweizversand.ch\/it\/wp-json\/wp\/v2\/types\/product"}],"replies":[{"embeddable":true,"href":"https:\/\/schweizversand.ch\/it\/wp-json\/wp\/v2\/comments?post=254242"}],"wp:featuredmedia":[{"embeddable":true,"href":"https:\/\/schweizversand.ch\/it\/wp-json\/wp\/v2\/media\/160571"}],"wp:attachment":[{"href":"https:\/\/schweizversand.ch\/it\/wp-json\/wp\/v2\/media?parent=254242"}],"wp:term":[{"taxonomy":"product_brand","embeddable":true,"href":"https:\/\/schweizversand.ch\/it\/wp-json\/wp\/v2\/product_brand?post=254242"},{"taxonomy":"product_cat","embeddable":true,"href":"https:\/\/schweizversand.ch\/it\/wp-json\/wp\/v2\/product_cat?post=254242"},{"taxonomy":"product_tag","embeddable":true,"href":"https:\/\/schweizversand.ch\/it\/wp-json\/wp\/v2\/product_tag?post=254242"}],"curies":[{"name":"wp","href":"https:\/\/api.w.org\/{rel}","templated":true}]}}