{"id":254331,"date":"2026-03-15T00:56:27","date_gmt":"2026-03-14T23:56:27","guid":{"rendered":"https:\/\/schweizversand.ch\/produkt\/trespass-albus-rucksack\/"},"modified":"2026-04-19T15:37:29","modified_gmt":"2026-04-19T13:37:29","slug":"trespass-albus-rucksack","status":"publish","type":"product","link":"https:\/\/schweizversand.ch\/it\/produkt\/trespass-albus-rucksack\/","title":{"rendered":"Zaino Trespass ALBUS"},"content":{"rendered":"<h1><strong>Zaino da trekking da 30 litri con organizer<\/strong><\/h1>\n<div>Questo articolo \u00e8 un residuo di magazzino. Il prodotto \u00e8 integro e nella sua confezione originale.<\/div>\n<div>Questo versatile <strong>zaino da 30 litri<\/strong> \u00e8 il compagno ideale per gite di un giorno, escursioni e uso quotidiano. Combina un ampio spazio contenitivo con pratiche funzionalit\u00e0 organizzative e offre un comfort di trasporto ottimale, ovunque ti porti il tuo viaggio.<\/p>\n<\/div>\n<div><strong>Design e spazio<\/strong><br \/>Lo zaino \u00e8 dotato di <strong>3 scomparti con cerniera<\/strong> che consentono di separare facilmente l&#8217;attrezzatura. L&#8217;ampio scomparto principale offre spazio per oggetti pi\u00f9 grandi ed \u00e8 dotato di una doppia cerniera che pu\u00f2 essere opzionalmente chiusa con un lucchetto per una maggiore sicurezza. Inoltre, le tasche laterali in rete elastica offrono un rapido accesso a borracce o piccoli oggetti.<\/p>\n<\/div>\n<div><strong>Organizzazione e funzionalit\u00e0<\/strong><br \/>All&#8217;interno, troverai un pratico <strong>organizer<\/strong> nascosto che conserva in modo sicuro penne, chiavi e piccoli dispositivi elettronici. Una cinghia elastica sulla parte anteriore dello zaino da esterno consente un fissaggio rapido e versatile di giacche o caschi. Anelli a D e moschettoni sono fissati alle cinghie per attrezzature aggiuntive come bastoncini da trekking o moschettoni. Comfort e sicurezza: gli spallacci imbottiti e regolabili e lo schienale imbottito offrono comfort e supporto eccellenti, garantendo una vestibilit\u00e0 perfetta per lunghi periodi di trasporto. Le cinghie di compressione regolabili consentono di compattare il carico e ridurne il volume. Per una maggiore sicurezza, soprattutto in condizioni di scarsa illuminazione, sono presenti dettagli riflettenti sulla parte anteriore, sul logo e sulle cinghie. I tuoi vantaggi in sintesi: &#8211; Volume: zaino da 30 litri, ideale come zaino giornaliero o zaino da trekking da 30 litri &#8211; Scomparti: 3 scomparti con cerniera, incluso un organizer &#8211; Regolazione: cinghie di compressione regolabili per il controllo del volume &#8211; Comfort di trasporto: spallacci e schienale imbottiti e regolabili &#8211; Sicurezza: dettagli riflettenti e scomparto principale chiudibile a chiave. Scegli questo zaino da trekking per organizzare al meglio e rendere confortevole il tuo prossimo tour. Ordina ora e scopri la differenza in termini di qualit\u00e0 e funzionalit\u00e0.<\/div>\n","protected":false},"excerpt":{"rendered":"<p>Zaino da trekking da 30 litri con organizer Questo articolo \u00e8 un residuo di magazzino. Il prodotto \u00e8 integro e nella sua confezione originale. Questo versatile zaino da 30 litri \u00e8 il compagno ideale per gite di un giorno, escursioni e uso quotidiano. Combina un ampio spazio contenitivo con pratiche funzionalit\u00e0 organizzative e offre un comfort di trasporto ottimale, ovunque ti porti il tuo viaggio. Design e spazioLo zaino \u00e8 dotato di 3 scomparti con&hellip;<\/p>\n","protected":false},"featured_media":162671,"comment_status":"open","ping_status":"closed","template":"","meta":[],"product_brand":[],"product_cat":[38176],"product_tag":[],"class_list":{"0":"post-254331","1":"product","2":"type-product","3":"status-publish","4":"has-post-thumbnail","6":"product_cat-taschen-rucksack","7":"product_shipping_class-global_methods","9":"first","10":"instock","11":"taxable","12":"shipping-taxable","13":"purchasable","14":"product-type-simple"},"yoast_head":"<!-- This site is optimized with the Yoast SEO plugin v27.4 - https:\/\/yoast.com\/product\/yoast-seo-wordpress\/ -->\n<title>Trespass ALBUS Rucksack | Jetzt kaufen | Schweizversand.ch<\/title>\n<meta name=\"description\" content=\"Trespass ALBUS Rucksack g\u00fcnstig kaufen bei Schweizversand.ch. Schnelle Lieferung in der Schweiz. Gratisversand ab CHF 50.\" \/>\n<meta name=\"robots\" content=\"index, follow, max-snippet:-1, max-image-preview:large, max-video-preview:-1\" \/>\n<link rel=\"canonical\" href=\"https:\/\/schweizversand.ch\/it\/produkt\/trespass-albus-rucksack\/\" \/>\n<meta property=\"og:locale\" content=\"it_IT\" \/>\n<meta property=\"og:type\" content=\"article\" \/>\n<meta property=\"og:title\" content=\"Trespass ALBUS Rucksack | Jetzt kaufen | Schweizversand.ch\" \/>\n<meta property=\"og:description\" content=\"Trespass ALBUS Rucksack g\u00fcnstig kaufen bei Schweizversand.ch. Schnelle Lieferung in der Schweiz. Gratisversand ab CHF 50.\" \/>\n<meta property=\"og:url\" content=\"https:\/\/schweizversand.ch\/it\/produkt\/trespass-albus-rucksack\/\" \/>\n<meta property=\"og:site_name\" content=\"Schweizer Shop f\u00fcr Sport, Spiel und Freizeit\" \/>\n<meta property=\"article:publisher\" content=\"https:\/\/www.facebook.com\/Schweizversand\" \/>\n<meta property=\"article:modified_time\" content=\"2026-04-19T13:37:29+00:00\" \/>\n<meta property=\"og:image\" content=\"https:\/\/schweizversand.ch\/wp-content\/uploads\/2026\/02\/5471559238.jpg\" \/>\n\t<meta property=\"og:image:width\" content=\"1024\" \/>\n\t<meta property=\"og:image:height\" content=\"1024\" \/>\n\t<meta property=\"og:image:type\" content=\"image\/jpeg\" \/>\n<meta name=\"twitter:card\" content=\"summary_large_image\" \/>\n<meta name=\"twitter:label1\" content=\"Tempo di lettura stimato\" \/>\n\t<meta name=\"twitter:data1\" content=\"2 minuto\" \/>\n<script type=\"application\/ld+json\" class=\"yoast-schema-graph\">{\"@context\":\"https:\\\/\\\/schema.org\",\"@graph\":[{\"@type\":\"WebPage\",\"@id\":\"https:\\\/\\\/schweizversand.ch\\\/it\\\/produkt\\\/trespass-albus-rucksack\\\/\",\"url\":\"https:\\\/\\\/schweizversand.ch\\\/it\\\/produkt\\\/trespass-albus-rucksack\\\/\",\"name\":\"Trespass ALBUS Rucksack | Jetzt kaufen | Schweizversand.ch\",\"isPartOf\":{\"@id\":\"https:\\\/\\\/schweizversand.ch\\\/it\\\/#website\"},\"primaryImageOfPage\":{\"@id\":\"https:\\\/\\\/schweizversand.ch\\\/it\\\/produkt\\\/trespass-albus-rucksack\\\/#primaryimage\"},\"image\":{\"@id\":\"https:\\\/\\\/schweizversand.ch\\\/it\\\/produkt\\\/trespass-albus-rucksack\\\/#primaryimage\"},\"thumbnailUrl\":\"https:\\\/\\\/schweizversand.ch\\\/wp-content\\\/uploads\\\/2026\\\/02\\\/5471559238.jpg\",\"datePublished\":\"2026-03-14T23:56:27+00:00\",\"dateModified\":\"2026-04-19T13:37:29+00:00\",\"description\":\"Trespass ALBUS Rucksack g\u00fcnstig kaufen bei Schweizversand.ch. Schnelle Lieferung in der Schweiz. Gratisversand ab CHF 50.\",\"breadcrumb\":{\"@id\":\"https:\\\/\\\/schweizversand.ch\\\/it\\\/produkt\\\/trespass-albus-rucksack\\\/#breadcrumb\"},\"inLanguage\":\"it-IT\",\"potentialAction\":[{\"@type\":\"ReadAction\",\"target\":[\"https:\\\/\\\/schweizversand.ch\\\/it\\\/produkt\\\/trespass-albus-rucksack\\\/\"]}]},{\"@type\":\"ImageObject\",\"inLanguage\":\"it-IT\",\"@id\":\"https:\\\/\\\/schweizversand.ch\\\/it\\\/produkt\\\/trespass-albus-rucksack\\\/#primaryimage\",\"url\":\"https:\\\/\\\/schweizversand.ch\\\/wp-content\\\/uploads\\\/2026\\\/02\\\/5471559238.jpg\",\"contentUrl\":\"https:\\\/\\\/schweizversand.ch\\\/wp-content\\\/uploads\\\/2026\\\/02\\\/5471559238.jpg\",\"width\":1024,\"height\":1024},{\"@type\":\"BreadcrumbList\",\"@id\":\"https:\\\/\\\/schweizversand.ch\\\/it\\\/produkt\\\/trespass-albus-rucksack\\\/#breadcrumb\",\"itemListElement\":[{\"@type\":\"ListItem\",\"position\":1,\"name\":\"Startseite\",\"item\":\"https:\\\/\\\/schweizversand.ch\\\/it\\\/home\\\/\"},{\"@type\":\"ListItem\",\"position\":2,\"name\":\"Shop\",\"item\":\"https:\\\/\\\/schweizversand.ch\\\/it\\\/shop\\\/\"},{\"@type\":\"ListItem\",\"position\":3,\"name\":\"Viaggi\",\"item\":\"https:\\\/\\\/schweizversand.ch\\\/it\\\/produkt-kategorie\\\/viaggi\\\/\"},{\"@type\":\"ListItem\",\"position\":4,\"name\":\"Borse e bagagli\",\"item\":\"https:\\\/\\\/schweizversand.ch\\\/it\\\/produkt-kategorie\\\/viaggi\\\/borse-e-bagagli\\\/\"},{\"@type\":\"ListItem\",\"position\":5,\"name\":\"Borse e zaini\",\"item\":\"https:\\\/\\\/schweizversand.ch\\\/it\\\/produkt-kategorie\\\/viaggi\\\/borse-e-bagagli\\\/taschen-rucksack\\\/\"},{\"@type\":\"ListItem\",\"position\":6,\"name\":\"Zaino Trespass ALBUS\"}]},{\"@type\":\"WebSite\",\"@id\":\"https:\\\/\\\/schweizversand.ch\\\/it\\\/#website\",\"url\":\"https:\\\/\\\/schweizversand.ch\\\/it\\\/\",\"name\":\"Schweizer Shop f\u00fcr Sport, Spiel und Freizeit\",\"description\":\"Gratisversand ab 50.- (netto), ab eigenem schweizer Lager, Lieferung innert 48h\",\"publisher\":{\"@id\":\"https:\\\/\\\/schweizversand.ch\\\/it\\\/#organization\"},\"alternateName\":\"Schweizversand.ch\",\"potentialAction\":[{\"@type\":\"SearchAction\",\"target\":{\"@type\":\"EntryPoint\",\"urlTemplate\":\"https:\\\/\\\/schweizversand.ch\\\/it\\\/?s={search_term_string}\"},\"query-input\":{\"@type\":\"PropertyValueSpecification\",\"valueRequired\":true,\"valueName\":\"search_term_string\"}}],\"inLanguage\":\"it-IT\"},{\"@type\":\"Organization\",\"@id\":\"https:\\\/\\\/schweizversand.ch\\\/it\\\/#organization\",\"name\":\"Schweizversand.ch\",\"url\":\"https:\\\/\\\/schweizversand.ch\\\/it\\\/\",\"logo\":{\"@type\":\"ImageObject\",\"inLanguage\":\"it-IT\",\"@id\":\"https:\\\/\\\/schweizversand.ch\\\/it\\\/#\\\/schema\\\/logo\\\/image\\\/\",\"url\":\"https:\\\/\\\/schweizversand.ch\\\/wp-content\\\/uploads\\\/2026\\\/03\\\/Logo_Rund_Final-1.png\",\"contentUrl\":\"https:\\\/\\\/schweizversand.ch\\\/wp-content\\\/uploads\\\/2026\\\/03\\\/Logo_Rund_Final-1.png\",\"width\":404,\"height\":404,\"caption\":\"Schweizversand.ch\"},\"image\":{\"@id\":\"https:\\\/\\\/schweizversand.ch\\\/it\\\/#\\\/schema\\\/logo\\\/image\\\/\"},\"sameAs\":[\"https:\\\/\\\/www.facebook.com\\\/Schweizversand\",\"https:\\\/\\\/www.instagram.com\\\/schweizversand.ch\\\/\"]}]}<\/script>\n<!-- \/ Yoast SEO plugin. -->","yoast_head_json":{"title":"Trespass ALBUS Rucksack | Jetzt kaufen | Schweizversand.ch","description":"Trespass ALBUS Rucksack g\u00fcnstig kaufen bei Schweizversand.ch. Schnelle Lieferung in der Schweiz. Gratisversand ab CHF 50.","robots":{"index":"index","follow":"follow","max-snippet":"max-snippet:-1","max-image-preview":"max-image-preview:large","max-video-preview":"max-video-preview:-1"},"canonical":"https:\/\/schweizversand.ch\/it\/produkt\/trespass-albus-rucksack\/","og_locale":"it_IT","og_type":"article","og_title":"Trespass ALBUS Rucksack | Jetzt kaufen | Schweizversand.ch","og_description":"Trespass ALBUS Rucksack g\u00fcnstig kaufen bei Schweizversand.ch. Schnelle Lieferung in der Schweiz. Gratisversand ab CHF 50.","og_url":"https:\/\/schweizversand.ch\/it\/produkt\/trespass-albus-rucksack\/","og_site_name":"Schweizer Shop f\u00fcr Sport, Spiel und Freizeit","article_publisher":"https:\/\/www.facebook.com\/Schweizversand","article_modified_time":"2026-04-19T13:37:29+00:00","og_image":[{"width":1024,"height":1024,"url":"https:\/\/schweizversand.ch\/wp-content\/uploads\/2026\/02\/5471559238.jpg","type":"image\/jpeg"}],"twitter_card":"summary_large_image","twitter_misc":{"Tempo di lettura stimato":"2 minuto"},"schema":{"@context":"https:\/\/schema.org","@graph":[{"@type":"WebPage","@id":"https:\/\/schweizversand.ch\/it\/produkt\/trespass-albus-rucksack\/","url":"https:\/\/schweizversand.ch\/it\/produkt\/trespass-albus-rucksack\/","name":"Trespass ALBUS Rucksack | Jetzt kaufen | Schweizversand.ch","isPartOf":{"@id":"https:\/\/schweizversand.ch\/it\/#website"},"primaryImageOfPage":{"@id":"https:\/\/schweizversand.ch\/it\/produkt\/trespass-albus-rucksack\/#primaryimage"},"image":{"@id":"https:\/\/schweizversand.ch\/it\/produkt\/trespass-albus-rucksack\/#primaryimage"},"thumbnailUrl":"https:\/\/schweizversand.ch\/wp-content\/uploads\/2026\/02\/5471559238.jpg","datePublished":"2026-03-14T23:56:27+00:00","dateModified":"2026-04-19T13:37:29+00:00","description":"Trespass ALBUS Rucksack g\u00fcnstig kaufen bei Schweizversand.ch. Schnelle Lieferung in der Schweiz. Gratisversand ab CHF 50.","breadcrumb":{"@id":"https:\/\/schweizversand.ch\/it\/produkt\/trespass-albus-rucksack\/#breadcrumb"},"inLanguage":"it-IT","potentialAction":[{"@type":"ReadAction","target":["https:\/\/schweizversand.ch\/it\/produkt\/trespass-albus-rucksack\/"]}]},{"@type":"ImageObject","inLanguage":"it-IT","@id":"https:\/\/schweizversand.ch\/it\/produkt\/trespass-albus-rucksack\/#primaryimage","url":"https:\/\/schweizversand.ch\/wp-content\/uploads\/2026\/02\/5471559238.jpg","contentUrl":"https:\/\/schweizversand.ch\/wp-content\/uploads\/2026\/02\/5471559238.jpg","width":1024,"height":1024},{"@type":"BreadcrumbList","@id":"https:\/\/schweizversand.ch\/it\/produkt\/trespass-albus-rucksack\/#breadcrumb","itemListElement":[{"@type":"ListItem","position":1,"name":"Startseite","item":"https:\/\/schweizversand.ch\/it\/home\/"},{"@type":"ListItem","position":2,"name":"Shop","item":"https:\/\/schweizversand.ch\/it\/shop\/"},{"@type":"ListItem","position":3,"name":"Viaggi","item":"https:\/\/schweizversand.ch\/it\/produkt-kategorie\/viaggi\/"},{"@type":"ListItem","position":4,"name":"Borse e bagagli","item":"https:\/\/schweizversand.ch\/it\/produkt-kategorie\/viaggi\/borse-e-bagagli\/"},{"@type":"ListItem","position":5,"name":"Borse e zaini","item":"https:\/\/schweizversand.ch\/it\/produkt-kategorie\/viaggi\/borse-e-bagagli\/taschen-rucksack\/"},{"@type":"ListItem","position":6,"name":"Zaino Trespass ALBUS"}]},{"@type":"WebSite","@id":"https:\/\/schweizversand.ch\/it\/#website","url":"https:\/\/schweizversand.ch\/it\/","name":"Schweizer Shop f\u00fcr Sport, Spiel und Freizeit","description":"Gratisversand ab 50.- (netto), ab eigenem schweizer Lager, Lieferung innert 48h","publisher":{"@id":"https:\/\/schweizversand.ch\/it\/#organization"},"alternateName":"Schweizversand.ch","potentialAction":[{"@type":"SearchAction","target":{"@type":"EntryPoint","urlTemplate":"https:\/\/schweizversand.ch\/it\/?s={search_term_string}"},"query-input":{"@type":"PropertyValueSpecification","valueRequired":true,"valueName":"search_term_string"}}],"inLanguage":"it-IT"},{"@type":"Organization","@id":"https:\/\/schweizversand.ch\/it\/#organization","name":"Schweizversand.ch","url":"https:\/\/schweizversand.ch\/it\/","logo":{"@type":"ImageObject","inLanguage":"it-IT","@id":"https:\/\/schweizversand.ch\/it\/#\/schema\/logo\/image\/","url":"https:\/\/schweizversand.ch\/wp-content\/uploads\/2026\/03\/Logo_Rund_Final-1.png","contentUrl":"https:\/\/schweizversand.ch\/wp-content\/uploads\/2026\/03\/Logo_Rund_Final-1.png","width":404,"height":404,"caption":"Schweizversand.ch"},"image":{"@id":"https:\/\/schweizversand.ch\/it\/#\/schema\/logo\/image\/"},"sameAs":["https:\/\/www.facebook.com\/Schweizversand","https:\/\/www.instagram.com\/schweizversand.ch\/"]}]}},"jetpack_sharing_enabled":true,"_links":{"self":[{"href":"https:\/\/schweizversand.ch\/it\/wp-json\/wp\/v2\/product\/254331","targetHints":{"allow":["GET"]}}],"collection":[{"href":"https:\/\/schweizversand.ch\/it\/wp-json\/wp\/v2\/product"}],"about":[{"href":"https:\/\/schweizversand.ch\/it\/wp-json\/wp\/v2\/types\/product"}],"replies":[{"embeddable":true,"href":"https:\/\/schweizversand.ch\/it\/wp-json\/wp\/v2\/comments?post=254331"}],"wp:featuredmedia":[{"embeddable":true,"href":"https:\/\/schweizversand.ch\/it\/wp-json\/wp\/v2\/media\/162671"}],"wp:attachment":[{"href":"https:\/\/schweizversand.ch\/it\/wp-json\/wp\/v2\/media?parent=254331"}],"wp:term":[{"taxonomy":"product_brand","embeddable":true,"href":"https:\/\/schweizversand.ch\/it\/wp-json\/wp\/v2\/product_brand?post=254331"},{"taxonomy":"product_cat","embeddable":true,"href":"https:\/\/schweizversand.ch\/it\/wp-json\/wp\/v2\/product_cat?post=254331"},{"taxonomy":"product_tag","embeddable":true,"href":"https:\/\/schweizversand.ch\/it\/wp-json\/wp\/v2\/product_tag?post=254331"}],"curies":[{"name":"wp","href":"https:\/\/api.w.org\/{rel}","templated":true}]}}