{"id":254378,"date":"2026-03-15T00:56:52","date_gmt":"2026-03-14T23:56:52","guid":{"rendered":"https:\/\/schweizversand.ch\/produkt\/dress-for-fun-damen-langarm-shirt\/"},"modified":"2026-04-19T15:37:43","modified_gmt":"2026-04-19T13:37:43","slug":"dress-for-fun-damen-langarm-shirt","status":"publish","type":"product","link":"https:\/\/schweizversand.ch\/it\/produkt\/dress-for-fun-damen-langarm-shirt\/","title":{"rendered":"Vestito per divertimento camicia a maniche lunghe da donna"},"content":{"rendered":"<h1><strong>Maglia girocollo in cotone a maniche lunghe da donna<\/strong><\/h1>\n<div>Scopri la nostra versatile maglia a maniche lunghe da donna che combina perfettamente <strong>comfort e stile<\/strong>. Questa <strong>maglia a maniche lunghe in tinta unita<\/strong> \u00e8 l&#8217;aggiunta ideale al tuo guardaroba e pu\u00f2 essere facilmente integrata in numerosi outfit.<\/p>\n<\/div>\n<div><strong>Versatilit\u00e0 per ogni occasione<\/strong><br \/>Che sia come base per costumi creativi o come <strong>top aderente<\/strong> per l&#8217;uso quotidiano, questa maglia a maniche lunghe \u00e8 sempre perfetta. Il suo design senza tempo la rende una <strong>maglia a maniche lunghe basic<\/strong> essenziale che amerai indossare ancora e ancora.<\/p>\n<\/div>\n<div><strong>Comfort e qualit\u00e0<\/strong><br \/>Realizzata in <strong>puro cotone<\/strong>, questa <strong>maglia in cotone da donna<\/strong> offre un comfort eccezionale. Il tessuto robusto \u00e8 piacevole sulla pelle e promette durevolezza, quindi potrai goderti questa maglietta a lungo. Design curato: la maglietta presenta un taglio leggermente aderente che valorizza la tua figura senza risultare restrittiva. La classica maglietta a maniche lunghe con scollo rotondo \u00e8 rifinita con polsini a coste, garantendo un look pulito e una maggiore tenuta della forma. Dettagli del prodotto: &#8211; Materiale: 100% cotone &#8211; Vestibilit\u00e0: leggermente aderente &#8211; Scollo: girocollo con polsini a coste Acquista subito questa maglietta a maniche lunghe da donna di alta qualit\u00e0 e comoda. Completa perfettamente i tuoi outfit e offre sempre una sensazione piacevole.<\/p>\n","protected":false},"excerpt":{"rendered":"<p>Maglia girocollo in cotone a maniche lunghe da donna Scopri la nostra versatile maglia a maniche lunghe da donna che combina perfettamente comfort e stile. Questa maglia a maniche lunghe in tinta unita \u00e8 l&#8217;aggiunta ideale al tuo guardaroba e pu\u00f2 essere facilmente integrata in numerosi outfit. Versatilit\u00e0 per ogni occasioneChe sia come base per costumi creativi o come top aderente per l&#8217;uso quotidiano, questa maglia a maniche lunghe \u00e8 sempre perfetta. Il suo design&hellip;<\/p>\n","protected":false},"featured_media":164266,"comment_status":"open","ping_status":"closed","template":"","meta":[],"product_brand":[],"product_cat":[38202,38991],"product_tag":[],"class_list":{"0":"post-254378","1":"product","2":"type-product","3":"status-publish","4":"has-post-thumbnail","6":"product_cat-kostueme","8":"product_shipping_class-global_methods","10":"first","11":"instock","12":"taxable","13":"shipping-taxable","14":"purchasable","15":"product-type-simple"},"yoast_head":"<!-- This site is optimized with the Yoast SEO plugin v27.4 - https:\/\/yoast.com\/product\/yoast-seo-wordpress\/ -->\n<title>Dress for fun Damen Langarm Shirt | Jetzt kaufen | Schweizversand.ch<\/title>\n<meta name=\"description\" content=\"Dress for fun Damen Langarm Shirt g\u00fcnstig kaufen bei Schweizversand.ch. Schnelle Lieferung in der Schweiz. Gratisversand ab CHF 50.\" \/>\n<meta name=\"robots\" content=\"index, follow, max-snippet:-1, max-image-preview:large, max-video-preview:-1\" \/>\n<link rel=\"canonical\" href=\"https:\/\/schweizversand.ch\/it\/produkt\/dress-for-fun-damen-langarm-shirt\/\" \/>\n<meta property=\"og:locale\" content=\"it_IT\" \/>\n<meta property=\"og:type\" content=\"article\" \/>\n<meta property=\"og:title\" content=\"Dress for fun Damen Langarm Shirt | Jetzt kaufen | Schweizversand.ch\" \/>\n<meta property=\"og:description\" content=\"Dress for fun Damen Langarm Shirt g\u00fcnstig kaufen bei Schweizversand.ch. Schnelle Lieferung in der Schweiz. Gratisversand ab CHF 50.\" \/>\n<meta property=\"og:url\" content=\"https:\/\/schweizversand.ch\/it\/produkt\/dress-for-fun-damen-langarm-shirt\/\" \/>\n<meta property=\"og:site_name\" content=\"Schweizer Shop f\u00fcr Sport, Spiel und Freizeit\" \/>\n<meta property=\"article:publisher\" content=\"https:\/\/www.facebook.com\/Schweizversand\" \/>\n<meta property=\"article:modified_time\" content=\"2026-04-19T13:37:43+00:00\" \/>\n<meta property=\"og:image\" content=\"https:\/\/schweizversand.ch\/wp-content\/uploads\/2026\/02\/5502976289.jpg\" \/>\n\t<meta property=\"og:image:width\" content=\"499\" \/>\n\t<meta property=\"og:image:height\" content=\"1024\" \/>\n\t<meta property=\"og:image:type\" content=\"image\/jpeg\" \/>\n<meta name=\"twitter:card\" content=\"summary_large_image\" \/>\n<meta name=\"twitter:label1\" content=\"Tempo di lettura stimato\" \/>\n\t<meta name=\"twitter:data1\" content=\"1 minuto\" \/>\n<script type=\"application\/ld+json\" class=\"yoast-schema-graph\">{\"@context\":\"https:\\\/\\\/schema.org\",\"@graph\":[{\"@type\":\"WebPage\",\"@id\":\"https:\\\/\\\/schweizversand.ch\\\/it\\\/produkt\\\/dress-for-fun-damen-langarm-shirt\\\/\",\"url\":\"https:\\\/\\\/schweizversand.ch\\\/it\\\/produkt\\\/dress-for-fun-damen-langarm-shirt\\\/\",\"name\":\"Dress for fun Damen Langarm Shirt | Jetzt kaufen | Schweizversand.ch\",\"isPartOf\":{\"@id\":\"https:\\\/\\\/schweizversand.ch\\\/it\\\/#website\"},\"primaryImageOfPage\":{\"@id\":\"https:\\\/\\\/schweizversand.ch\\\/it\\\/produkt\\\/dress-for-fun-damen-langarm-shirt\\\/#primaryimage\"},\"image\":{\"@id\":\"https:\\\/\\\/schweizversand.ch\\\/it\\\/produkt\\\/dress-for-fun-damen-langarm-shirt\\\/#primaryimage\"},\"thumbnailUrl\":\"https:\\\/\\\/schweizversand.ch\\\/wp-content\\\/uploads\\\/2026\\\/02\\\/5502976289.jpg\",\"datePublished\":\"2026-03-14T23:56:52+00:00\",\"dateModified\":\"2026-04-19T13:37:43+00:00\",\"description\":\"Dress for fun Damen Langarm Shirt g\u00fcnstig kaufen bei Schweizversand.ch. Schnelle Lieferung in der Schweiz. Gratisversand ab CHF 50.\",\"breadcrumb\":{\"@id\":\"https:\\\/\\\/schweizversand.ch\\\/it\\\/produkt\\\/dress-for-fun-damen-langarm-shirt\\\/#breadcrumb\"},\"inLanguage\":\"it-IT\",\"potentialAction\":[{\"@type\":\"ReadAction\",\"target\":[\"https:\\\/\\\/schweizversand.ch\\\/it\\\/produkt\\\/dress-for-fun-damen-langarm-shirt\\\/\"]}]},{\"@type\":\"ImageObject\",\"inLanguage\":\"it-IT\",\"@id\":\"https:\\\/\\\/schweizversand.ch\\\/it\\\/produkt\\\/dress-for-fun-damen-langarm-shirt\\\/#primaryimage\",\"url\":\"https:\\\/\\\/schweizversand.ch\\\/wp-content\\\/uploads\\\/2026\\\/02\\\/5502976289.jpg\",\"contentUrl\":\"https:\\\/\\\/schweizversand.ch\\\/wp-content\\\/uploads\\\/2026\\\/02\\\/5502976289.jpg\",\"width\":499,\"height\":1024},{\"@type\":\"BreadcrumbList\",\"@id\":\"https:\\\/\\\/schweizversand.ch\\\/it\\\/produkt\\\/dress-for-fun-damen-langarm-shirt\\\/#breadcrumb\",\"itemListElement\":[{\"@type\":\"ListItem\",\"position\":1,\"name\":\"Startseite\",\"item\":\"https:\\\/\\\/schweizversand.ch\\\/it\\\/home\\\/\"},{\"@type\":\"ListItem\",\"position\":2,\"name\":\"Shop\",\"item\":\"https:\\\/\\\/schweizversand.ch\\\/it\\\/shop\\\/\"},{\"@type\":\"ListItem\",\"position\":3,\"name\":\"Moda\",\"item\":\"https:\\\/\\\/schweizversand.ch\\\/it\\\/produkt-kategorie\\\/moda\\\/\"},{\"@type\":\"ListItem\",\"position\":4,\"name\":\"Moda unisex\",\"item\":\"https:\\\/\\\/schweizversand.ch\\\/it\\\/produkt-kategorie\\\/moda\\\/moda-unisex\\\/\"},{\"@type\":\"ListItem\",\"position\":5,\"name\":\"Costumi\",\"item\":\"https:\\\/\\\/schweizversand.ch\\\/it\\\/produkt-kategorie\\\/moda\\\/moda-unisex\\\/kostueme\\\/\"},{\"@type\":\"ListItem\",\"position\":6,\"name\":\"Vestito per divertimento camicia a maniche lunghe da donna\"}]},{\"@type\":\"WebSite\",\"@id\":\"https:\\\/\\\/schweizversand.ch\\\/it\\\/#website\",\"url\":\"https:\\\/\\\/schweizversand.ch\\\/it\\\/\",\"name\":\"Schweizer Shop f\u00fcr Sport, Spiel und Freizeit\",\"description\":\"Gratisversand ab 50.- (netto), ab eigenem schweizer Lager, Lieferung innert 48h\",\"publisher\":{\"@id\":\"https:\\\/\\\/schweizversand.ch\\\/it\\\/#organization\"},\"alternateName\":\"Schweizversand.ch\",\"potentialAction\":[{\"@type\":\"SearchAction\",\"target\":{\"@type\":\"EntryPoint\",\"urlTemplate\":\"https:\\\/\\\/schweizversand.ch\\\/it\\\/?s={search_term_string}\"},\"query-input\":{\"@type\":\"PropertyValueSpecification\",\"valueRequired\":true,\"valueName\":\"search_term_string\"}}],\"inLanguage\":\"it-IT\"},{\"@type\":\"Organization\",\"@id\":\"https:\\\/\\\/schweizversand.ch\\\/it\\\/#organization\",\"name\":\"Schweizversand.ch\",\"url\":\"https:\\\/\\\/schweizversand.ch\\\/it\\\/\",\"logo\":{\"@type\":\"ImageObject\",\"inLanguage\":\"it-IT\",\"@id\":\"https:\\\/\\\/schweizversand.ch\\\/it\\\/#\\\/schema\\\/logo\\\/image\\\/\",\"url\":\"https:\\\/\\\/schweizversand.ch\\\/wp-content\\\/uploads\\\/2026\\\/03\\\/Logo_Rund_Final-1.png\",\"contentUrl\":\"https:\\\/\\\/schweizversand.ch\\\/wp-content\\\/uploads\\\/2026\\\/03\\\/Logo_Rund_Final-1.png\",\"width\":404,\"height\":404,\"caption\":\"Schweizversand.ch\"},\"image\":{\"@id\":\"https:\\\/\\\/schweizversand.ch\\\/it\\\/#\\\/schema\\\/logo\\\/image\\\/\"},\"sameAs\":[\"https:\\\/\\\/www.facebook.com\\\/Schweizversand\",\"https:\\\/\\\/www.instagram.com\\\/schweizversand.ch\\\/\"]}]}<\/script>\n<!-- \/ Yoast SEO plugin. -->","yoast_head_json":{"title":"Dress for fun Damen Langarm Shirt | Jetzt kaufen | Schweizversand.ch","description":"Dress for fun Damen Langarm Shirt g\u00fcnstig kaufen bei Schweizversand.ch. Schnelle Lieferung in der Schweiz. Gratisversand ab CHF 50.","robots":{"index":"index","follow":"follow","max-snippet":"max-snippet:-1","max-image-preview":"max-image-preview:large","max-video-preview":"max-video-preview:-1"},"canonical":"https:\/\/schweizversand.ch\/it\/produkt\/dress-for-fun-damen-langarm-shirt\/","og_locale":"it_IT","og_type":"article","og_title":"Dress for fun Damen Langarm Shirt | Jetzt kaufen | Schweizversand.ch","og_description":"Dress for fun Damen Langarm Shirt g\u00fcnstig kaufen bei Schweizversand.ch. Schnelle Lieferung in der Schweiz. Gratisversand ab CHF 50.","og_url":"https:\/\/schweizversand.ch\/it\/produkt\/dress-for-fun-damen-langarm-shirt\/","og_site_name":"Schweizer Shop f\u00fcr Sport, Spiel und Freizeit","article_publisher":"https:\/\/www.facebook.com\/Schweizversand","article_modified_time":"2026-04-19T13:37:43+00:00","og_image":[{"width":499,"height":1024,"url":"https:\/\/schweizversand.ch\/wp-content\/uploads\/2026\/02\/5502976289.jpg","type":"image\/jpeg"}],"twitter_card":"summary_large_image","twitter_misc":{"Tempo di lettura stimato":"1 minuto"},"schema":{"@context":"https:\/\/schema.org","@graph":[{"@type":"WebPage","@id":"https:\/\/schweizversand.ch\/it\/produkt\/dress-for-fun-damen-langarm-shirt\/","url":"https:\/\/schweizversand.ch\/it\/produkt\/dress-for-fun-damen-langarm-shirt\/","name":"Dress for fun Damen Langarm Shirt | Jetzt kaufen | Schweizversand.ch","isPartOf":{"@id":"https:\/\/schweizversand.ch\/it\/#website"},"primaryImageOfPage":{"@id":"https:\/\/schweizversand.ch\/it\/produkt\/dress-for-fun-damen-langarm-shirt\/#primaryimage"},"image":{"@id":"https:\/\/schweizversand.ch\/it\/produkt\/dress-for-fun-damen-langarm-shirt\/#primaryimage"},"thumbnailUrl":"https:\/\/schweizversand.ch\/wp-content\/uploads\/2026\/02\/5502976289.jpg","datePublished":"2026-03-14T23:56:52+00:00","dateModified":"2026-04-19T13:37:43+00:00","description":"Dress for fun Damen Langarm Shirt g\u00fcnstig kaufen bei Schweizversand.ch. Schnelle Lieferung in der Schweiz. Gratisversand ab CHF 50.","breadcrumb":{"@id":"https:\/\/schweizversand.ch\/it\/produkt\/dress-for-fun-damen-langarm-shirt\/#breadcrumb"},"inLanguage":"it-IT","potentialAction":[{"@type":"ReadAction","target":["https:\/\/schweizversand.ch\/it\/produkt\/dress-for-fun-damen-langarm-shirt\/"]}]},{"@type":"ImageObject","inLanguage":"it-IT","@id":"https:\/\/schweizversand.ch\/it\/produkt\/dress-for-fun-damen-langarm-shirt\/#primaryimage","url":"https:\/\/schweizversand.ch\/wp-content\/uploads\/2026\/02\/5502976289.jpg","contentUrl":"https:\/\/schweizversand.ch\/wp-content\/uploads\/2026\/02\/5502976289.jpg","width":499,"height":1024},{"@type":"BreadcrumbList","@id":"https:\/\/schweizversand.ch\/it\/produkt\/dress-for-fun-damen-langarm-shirt\/#breadcrumb","itemListElement":[{"@type":"ListItem","position":1,"name":"Startseite","item":"https:\/\/schweizversand.ch\/it\/home\/"},{"@type":"ListItem","position":2,"name":"Shop","item":"https:\/\/schweizversand.ch\/it\/shop\/"},{"@type":"ListItem","position":3,"name":"Moda","item":"https:\/\/schweizversand.ch\/it\/produkt-kategorie\/moda\/"},{"@type":"ListItem","position":4,"name":"Moda unisex","item":"https:\/\/schweizversand.ch\/it\/produkt-kategorie\/moda\/moda-unisex\/"},{"@type":"ListItem","position":5,"name":"Costumi","item":"https:\/\/schweizversand.ch\/it\/produkt-kategorie\/moda\/moda-unisex\/kostueme\/"},{"@type":"ListItem","position":6,"name":"Vestito per divertimento camicia a maniche lunghe da donna"}]},{"@type":"WebSite","@id":"https:\/\/schweizversand.ch\/it\/#website","url":"https:\/\/schweizversand.ch\/it\/","name":"Schweizer Shop f\u00fcr Sport, Spiel und Freizeit","description":"Gratisversand ab 50.- (netto), ab eigenem schweizer Lager, Lieferung innert 48h","publisher":{"@id":"https:\/\/schweizversand.ch\/it\/#organization"},"alternateName":"Schweizversand.ch","potentialAction":[{"@type":"SearchAction","target":{"@type":"EntryPoint","urlTemplate":"https:\/\/schweizversand.ch\/it\/?s={search_term_string}"},"query-input":{"@type":"PropertyValueSpecification","valueRequired":true,"valueName":"search_term_string"}}],"inLanguage":"it-IT"},{"@type":"Organization","@id":"https:\/\/schweizversand.ch\/it\/#organization","name":"Schweizversand.ch","url":"https:\/\/schweizversand.ch\/it\/","logo":{"@type":"ImageObject","inLanguage":"it-IT","@id":"https:\/\/schweizversand.ch\/it\/#\/schema\/logo\/image\/","url":"https:\/\/schweizversand.ch\/wp-content\/uploads\/2026\/03\/Logo_Rund_Final-1.png","contentUrl":"https:\/\/schweizversand.ch\/wp-content\/uploads\/2026\/03\/Logo_Rund_Final-1.png","width":404,"height":404,"caption":"Schweizversand.ch"},"image":{"@id":"https:\/\/schweizversand.ch\/it\/#\/schema\/logo\/image\/"},"sameAs":["https:\/\/www.facebook.com\/Schweizversand","https:\/\/www.instagram.com\/schweizversand.ch\/"]}]}},"jetpack_sharing_enabled":true,"_links":{"self":[{"href":"https:\/\/schweizversand.ch\/it\/wp-json\/wp\/v2\/product\/254378","targetHints":{"allow":["GET"]}}],"collection":[{"href":"https:\/\/schweizversand.ch\/it\/wp-json\/wp\/v2\/product"}],"about":[{"href":"https:\/\/schweizversand.ch\/it\/wp-json\/wp\/v2\/types\/product"}],"replies":[{"embeddable":true,"href":"https:\/\/schweizversand.ch\/it\/wp-json\/wp\/v2\/comments?post=254378"}],"wp:featuredmedia":[{"embeddable":true,"href":"https:\/\/schweizversand.ch\/it\/wp-json\/wp\/v2\/media\/164266"}],"wp:attachment":[{"href":"https:\/\/schweizversand.ch\/it\/wp-json\/wp\/v2\/media?parent=254378"}],"wp:term":[{"taxonomy":"product_brand","embeddable":true,"href":"https:\/\/schweizversand.ch\/it\/wp-json\/wp\/v2\/product_brand?post=254378"},{"taxonomy":"product_cat","embeddable":true,"href":"https:\/\/schweizversand.ch\/it\/wp-json\/wp\/v2\/product_cat?post=254378"},{"taxonomy":"product_tag","embeddable":true,"href":"https:\/\/schweizversand.ch\/it\/wp-json\/wp\/v2\/product_tag?post=254378"}],"curies":[{"name":"wp","href":"https:\/\/api.w.org\/{rel}","templated":true}]}}