{"id":254429,"date":"2026-03-14T23:50:00","date_gmt":"2026-03-14T22:50:00","guid":{"rendered":"https:\/\/schweizversand.ch\/produkt\/hudora-nestschaukel-90cm\/"},"modified":"2026-04-19T02:07:07","modified_gmt":"2026-04-19T00:07:07","slug":"hudora-nestschaukel-90cm","status":"publish","type":"product","link":"https:\/\/schweizversand.ch\/it\/produkt\/hudora-nestschaukel-90cm\/","title":{"rendered":"Altalena a nido Hudora 90 cm"},"content":{"rendered":"<h1><strong>Altalena a nido HUDORA &#8211; Divertimento in altalena per grandi e piccini<\/strong><\/h1>\n<div>L&#8217;<strong>altalena a nido HUDORA<\/strong> ridefinisce il tradizionale divertimento in altalena e offre un&#8217;alternativa comoda e sicura alla classica altalena a tavola. Che si tratti di un accogliente rifugio nella cameretta dei bambini o di una robusta <strong>altalena da esterno<\/strong>, questo prodotto combina comfort, sicurezza e durata. Trascorrete ore di relax e stimolate in modo giocoso le capacit\u00e0 motorie dei vostri bambini.<\/p>\n<\/div>\n<div><strong>Comfort e design<\/strong><br \/>Questa <strong>grande altalena per bambini<\/strong> colpisce per il suo design ben studiato. Il nido offre una generosa seduta chiusa di circa 90 cm di diametro, offrendo ampio spazio per sdraiarsi, sedersi e dondolarsi. Realizzata in una resistente rete di plastica, la superficie \u00e8 morbida e piacevole, rendendola ideale per un gioco prolungato. Il design semplice e blu si integra armoniosamente in qualsiasi ambiente.<\/p>\n<\/div>\n<div><strong>Struttura robusta per uso interno ed esterno<\/strong><br \/>L&#8217;<strong>altalena a nido HUDORA<\/strong> \u00e8 stata sviluppata appositamente per un uso intensivo. Grazie all&#8217;utilizzo di <strong>materiali resistenti alle intemperie<\/strong>, \u00e8 adatta sia per l&#8217;uso esterno che come <strong>altalena sospesa nella cameretta dei bambini<\/strong>. La struttura robusta garantisce che l&#8217;altalena resista alle intemperie e offra un divertimento duraturo. Con una capacit\u00e0 di carico massima <strong>fino a 100 kg<\/strong>, questa <strong>altalena a disco<\/strong> \u00e8 adatta non solo ai bambini, ma anche agli adulti.<\/p>\n<\/div>\n<div><strong>Facile da montare e massima sicurezza<\/strong><br \/>La sicurezza \u00e8 la massima priorit\u00e0 per HUDORA. L&#8217;<strong>altalena a nido<\/strong> \u00e8 dotata di un sistema di sospensione sicuro e chiuso che consente un montaggio rapido e semplice. L&#8217;altezza pu\u00f2 essere regolata in modo flessibile in base alle proprie esigenze, il che \u00e8 particolarmente importante per l&#8217;utilizzo in diversi ambienti. La regolazione dell&#8217;altezza \u00e8 precisa e si ottiene tramite un occhiello di regolazione e un robusto anello di fissaggio in acciaio inossidabile.<\/p>\n<\/div>\n<div><strong>Caratteristiche del prodotto e dati tecnici<\/strong><br \/>&#8211; Diametro seduta: circa 90 cm<br \/>&#8211; Portata massima: 100 kg<br \/>&#8211; Regolazione altezza: da 150 a 200 cm<br \/>&#8211; Materiale: vimini sintetico resistente e resistente alle intemperie<br \/>&#8211; Sospensione: anello di fissaggio sicuro in acciaio inossidabile e occhiello di regolazione<br \/>&#8211; Area di utilizzo: adatta per uso interno ed esterno<\/p>\n<\/div>\n<div><strong>Note importanti sull&#8217;uso<\/strong><br \/>Si prega di notare che l&#8217;<strong>altalena a nido<\/strong> \u00e8 progettata esclusivamente per uso domestico. L&#8217;uso deve essere sempre sotto la diretta supervisione di un adulto per garantire la sicurezza del bambino. A causa del potenziale rischio di strangolamento rappresentato da corde lunghe, questo prodotto non \u00e8 adatto a bambini di et\u00e0 inferiore a 36 mesi. Investi nell&#8217;altalena HUDORA Nest e regala alla tua famiglia un luogo sicuro, confortevole e resistente dove rilassarsi e giocare. Ordinala subito e scopri la differenza in termini di qualit\u00e0 e comfort.<\/p>\n","protected":false},"excerpt":{"rendered":"<p>Altalena a nido HUDORA &#8211; Divertimento in altalena per grandi e piccini L&#8217;altalena a nido HUDORA ridefinisce il tradizionale divertimento in altalena e offre un&#8217;alternativa comoda e sicura alla classica altalena a tavola. Che si tratti di un accogliente rifugio nella cameretta dei bambini o di una robusta altalena da esterno, questo prodotto combina comfort, sicurezza e durata. Trascorrete ore di relax e stimolate in modo giocoso le capacit\u00e0 motorie dei vostri bambini. Comfort e&hellip;<\/p>\n","protected":false},"featured_media":165689,"comment_status":"open","ping_status":"closed","template":"","meta":[],"product_brand":[],"product_cat":[38558],"product_tag":[],"class_list":{"0":"post-254429","1":"product","2":"type-product","3":"status-publish","4":"has-post-thumbnail","6":"product_cat-gartenspielgeraete","7":"product_shipping_class-global_methods","9":"first","10":"instock","11":"taxable","12":"shipping-taxable","13":"purchasable","14":"product-type-simple"},"yoast_head":"<!-- This site is optimized with the Yoast SEO plugin v27.4 - https:\/\/yoast.com\/product\/yoast-seo-wordpress\/ -->\n<title>Hudora Nestschaukel 90cm | Jetzt kaufen | Schweizversand.ch<\/title>\n<meta name=\"description\" content=\"Hudora Nestschaukel 90cm g\u00fcnstig kaufen bei Schweizversand.ch. Schnelle Lieferung in der Schweiz. Gratisversand ab CHF 50.\" \/>\n<meta name=\"robots\" content=\"index, follow, max-snippet:-1, max-image-preview:large, max-video-preview:-1\" \/>\n<link rel=\"canonical\" href=\"https:\/\/schweizversand.ch\/it\/produkt\/hudora-nestschaukel-90cm\/\" \/>\n<meta property=\"og:locale\" content=\"it_IT\" \/>\n<meta property=\"og:type\" content=\"article\" \/>\n<meta property=\"og:title\" content=\"Hudora Nestschaukel 90cm | Jetzt kaufen | Schweizversand.ch\" \/>\n<meta property=\"og:description\" content=\"Hudora Nestschaukel 90cm g\u00fcnstig kaufen bei Schweizversand.ch. Schnelle Lieferung in der Schweiz. Gratisversand ab CHF 50.\" \/>\n<meta property=\"og:url\" content=\"https:\/\/schweizversand.ch\/it\/produkt\/hudora-nestschaukel-90cm\/\" \/>\n<meta property=\"og:site_name\" content=\"Schweizer Shop f\u00fcr Sport, Spiel und Freizeit\" \/>\n<meta property=\"article:publisher\" content=\"https:\/\/www.facebook.com\/Schweizversand\" \/>\n<meta property=\"article:modified_time\" content=\"2026-04-19T00:07:07+00:00\" \/>\n<meta property=\"og:image\" content=\"https:\/\/schweizversand.ch\/wp-content\/uploads\/2026\/02\/5471468226.png\" \/>\n\t<meta property=\"og:image:width\" content=\"1024\" \/>\n\t<meta property=\"og:image:height\" content=\"903\" \/>\n\t<meta property=\"og:image:type\" content=\"image\/png\" \/>\n<meta name=\"twitter:card\" content=\"summary_large_image\" \/>\n<meta name=\"twitter:label1\" content=\"Tempo di lettura stimato\" \/>\n\t<meta name=\"twitter:data1\" content=\"2 minuto\" \/>\n<script type=\"application\/ld+json\" class=\"yoast-schema-graph\">{\"@context\":\"https:\\\/\\\/schema.org\",\"@graph\":[{\"@type\":\"WebPage\",\"@id\":\"https:\\\/\\\/schweizversand.ch\\\/it\\\/produkt\\\/hudora-nestschaukel-90cm\\\/\",\"url\":\"https:\\\/\\\/schweizversand.ch\\\/it\\\/produkt\\\/hudora-nestschaukel-90cm\\\/\",\"name\":\"Hudora Nestschaukel 90cm | Jetzt kaufen | Schweizversand.ch\",\"isPartOf\":{\"@id\":\"https:\\\/\\\/schweizversand.ch\\\/it\\\/#website\"},\"primaryImageOfPage\":{\"@id\":\"https:\\\/\\\/schweizversand.ch\\\/it\\\/produkt\\\/hudora-nestschaukel-90cm\\\/#primaryimage\"},\"image\":{\"@id\":\"https:\\\/\\\/schweizversand.ch\\\/it\\\/produkt\\\/hudora-nestschaukel-90cm\\\/#primaryimage\"},\"thumbnailUrl\":\"https:\\\/\\\/schweizversand.ch\\\/wp-content\\\/uploads\\\/2026\\\/02\\\/5471468226.png\",\"datePublished\":\"2026-03-14T22:50:00+00:00\",\"dateModified\":\"2026-04-19T00:07:07+00:00\",\"description\":\"Hudora Nestschaukel 90cm g\u00fcnstig kaufen bei Schweizversand.ch. Schnelle Lieferung in der Schweiz. Gratisversand ab CHF 50.\",\"breadcrumb\":{\"@id\":\"https:\\\/\\\/schweizversand.ch\\\/it\\\/produkt\\\/hudora-nestschaukel-90cm\\\/#breadcrumb\"},\"inLanguage\":\"it-IT\",\"potentialAction\":[{\"@type\":\"ReadAction\",\"target\":[\"https:\\\/\\\/schweizversand.ch\\\/it\\\/produkt\\\/hudora-nestschaukel-90cm\\\/\"]}]},{\"@type\":\"ImageObject\",\"inLanguage\":\"it-IT\",\"@id\":\"https:\\\/\\\/schweizversand.ch\\\/it\\\/produkt\\\/hudora-nestschaukel-90cm\\\/#primaryimage\",\"url\":\"https:\\\/\\\/schweizversand.ch\\\/wp-content\\\/uploads\\\/2026\\\/02\\\/5471468226.png\",\"contentUrl\":\"https:\\\/\\\/schweizversand.ch\\\/wp-content\\\/uploads\\\/2026\\\/02\\\/5471468226.png\",\"width\":1024,\"height\":903},{\"@type\":\"BreadcrumbList\",\"@id\":\"https:\\\/\\\/schweizversand.ch\\\/it\\\/produkt\\\/hudora-nestschaukel-90cm\\\/#breadcrumb\",\"itemListElement\":[{\"@type\":\"ListItem\",\"position\":1,\"name\":\"Startseite\",\"item\":\"https:\\\/\\\/schweizversand.ch\\\/it\\\/home\\\/\"},{\"@type\":\"ListItem\",\"position\":2,\"name\":\"Shop\",\"item\":\"https:\\\/\\\/schweizversand.ch\\\/it\\\/shop\\\/\"},{\"@type\":\"ListItem\",\"position\":3,\"name\":\"Giocattoli e giochi\",\"item\":\"https:\\\/\\\/schweizversand.ch\\\/it\\\/produkt-kategorie\\\/giocattoli-e-giochi\\\/\"},{\"@type\":\"ListItem\",\"position\":4,\"name\":\"Giochi all'aperto\",\"item\":\"https:\\\/\\\/schweizversand.ch\\\/it\\\/produkt-kategorie\\\/giocattoli-e-giochi\\\/giochi-allaperto\\\/\"},{\"@type\":\"ListItem\",\"position\":5,\"name\":\"Attrezzature da gioco da giardino\",\"item\":\"https:\\\/\\\/schweizversand.ch\\\/it\\\/produkt-kategorie\\\/giocattoli-e-giochi\\\/giochi-allaperto\\\/gartenspielgeraete\\\/\"},{\"@type\":\"ListItem\",\"position\":6,\"name\":\"Altalena a nido Hudora 90 cm\"}]},{\"@type\":\"WebSite\",\"@id\":\"https:\\\/\\\/schweizversand.ch\\\/it\\\/#website\",\"url\":\"https:\\\/\\\/schweizversand.ch\\\/it\\\/\",\"name\":\"Schweizer Shop f\u00fcr Sport, Spiel und Freizeit\",\"description\":\"Gratisversand ab 50.- (netto), ab eigenem schweizer Lager, Lieferung innert 48h\",\"publisher\":{\"@id\":\"https:\\\/\\\/schweizversand.ch\\\/it\\\/#organization\"},\"alternateName\":\"Schweizversand.ch\",\"potentialAction\":[{\"@type\":\"SearchAction\",\"target\":{\"@type\":\"EntryPoint\",\"urlTemplate\":\"https:\\\/\\\/schweizversand.ch\\\/it\\\/?s={search_term_string}\"},\"query-input\":{\"@type\":\"PropertyValueSpecification\",\"valueRequired\":true,\"valueName\":\"search_term_string\"}}],\"inLanguage\":\"it-IT\"},{\"@type\":\"Organization\",\"@id\":\"https:\\\/\\\/schweizversand.ch\\\/it\\\/#organization\",\"name\":\"Schweizversand.ch\",\"url\":\"https:\\\/\\\/schweizversand.ch\\\/it\\\/\",\"logo\":{\"@type\":\"ImageObject\",\"inLanguage\":\"it-IT\",\"@id\":\"https:\\\/\\\/schweizversand.ch\\\/it\\\/#\\\/schema\\\/logo\\\/image\\\/\",\"url\":\"https:\\\/\\\/schweizversand.ch\\\/wp-content\\\/uploads\\\/2026\\\/03\\\/Logo_Rund_Final-1.png\",\"contentUrl\":\"https:\\\/\\\/schweizversand.ch\\\/wp-content\\\/uploads\\\/2026\\\/03\\\/Logo_Rund_Final-1.png\",\"width\":404,\"height\":404,\"caption\":\"Schweizversand.ch\"},\"image\":{\"@id\":\"https:\\\/\\\/schweizversand.ch\\\/it\\\/#\\\/schema\\\/logo\\\/image\\\/\"},\"sameAs\":[\"https:\\\/\\\/www.facebook.com\\\/Schweizversand\",\"https:\\\/\\\/www.instagram.com\\\/schweizversand.ch\\\/\"]}]}<\/script>\n<!-- \/ Yoast SEO plugin. -->","yoast_head_json":{"title":"Hudora Nestschaukel 90cm | Jetzt kaufen | Schweizversand.ch","description":"Hudora Nestschaukel 90cm g\u00fcnstig kaufen bei Schweizversand.ch. Schnelle Lieferung in der Schweiz. Gratisversand ab CHF 50.","robots":{"index":"index","follow":"follow","max-snippet":"max-snippet:-1","max-image-preview":"max-image-preview:large","max-video-preview":"max-video-preview:-1"},"canonical":"https:\/\/schweizversand.ch\/it\/produkt\/hudora-nestschaukel-90cm\/","og_locale":"it_IT","og_type":"article","og_title":"Hudora Nestschaukel 90cm | Jetzt kaufen | Schweizversand.ch","og_description":"Hudora Nestschaukel 90cm g\u00fcnstig kaufen bei Schweizversand.ch. Schnelle Lieferung in der Schweiz. Gratisversand ab CHF 50.","og_url":"https:\/\/schweizversand.ch\/it\/produkt\/hudora-nestschaukel-90cm\/","og_site_name":"Schweizer Shop f\u00fcr Sport, Spiel und Freizeit","article_publisher":"https:\/\/www.facebook.com\/Schweizversand","article_modified_time":"2026-04-19T00:07:07+00:00","og_image":[{"width":1024,"height":903,"url":"https:\/\/schweizversand.ch\/wp-content\/uploads\/2026\/02\/5471468226.png","type":"image\/png"}],"twitter_card":"summary_large_image","twitter_misc":{"Tempo di lettura stimato":"2 minuto"},"schema":{"@context":"https:\/\/schema.org","@graph":[{"@type":"WebPage","@id":"https:\/\/schweizversand.ch\/it\/produkt\/hudora-nestschaukel-90cm\/","url":"https:\/\/schweizversand.ch\/it\/produkt\/hudora-nestschaukel-90cm\/","name":"Hudora Nestschaukel 90cm | Jetzt kaufen | Schweizversand.ch","isPartOf":{"@id":"https:\/\/schweizversand.ch\/it\/#website"},"primaryImageOfPage":{"@id":"https:\/\/schweizversand.ch\/it\/produkt\/hudora-nestschaukel-90cm\/#primaryimage"},"image":{"@id":"https:\/\/schweizversand.ch\/it\/produkt\/hudora-nestschaukel-90cm\/#primaryimage"},"thumbnailUrl":"https:\/\/schweizversand.ch\/wp-content\/uploads\/2026\/02\/5471468226.png","datePublished":"2026-03-14T22:50:00+00:00","dateModified":"2026-04-19T00:07:07+00:00","description":"Hudora Nestschaukel 90cm g\u00fcnstig kaufen bei Schweizversand.ch. Schnelle Lieferung in der Schweiz. Gratisversand ab CHF 50.","breadcrumb":{"@id":"https:\/\/schweizversand.ch\/it\/produkt\/hudora-nestschaukel-90cm\/#breadcrumb"},"inLanguage":"it-IT","potentialAction":[{"@type":"ReadAction","target":["https:\/\/schweizversand.ch\/it\/produkt\/hudora-nestschaukel-90cm\/"]}]},{"@type":"ImageObject","inLanguage":"it-IT","@id":"https:\/\/schweizversand.ch\/it\/produkt\/hudora-nestschaukel-90cm\/#primaryimage","url":"https:\/\/schweizversand.ch\/wp-content\/uploads\/2026\/02\/5471468226.png","contentUrl":"https:\/\/schweizversand.ch\/wp-content\/uploads\/2026\/02\/5471468226.png","width":1024,"height":903},{"@type":"BreadcrumbList","@id":"https:\/\/schweizversand.ch\/it\/produkt\/hudora-nestschaukel-90cm\/#breadcrumb","itemListElement":[{"@type":"ListItem","position":1,"name":"Startseite","item":"https:\/\/schweizversand.ch\/it\/home\/"},{"@type":"ListItem","position":2,"name":"Shop","item":"https:\/\/schweizversand.ch\/it\/shop\/"},{"@type":"ListItem","position":3,"name":"Giocattoli e giochi","item":"https:\/\/schweizversand.ch\/it\/produkt-kategorie\/giocattoli-e-giochi\/"},{"@type":"ListItem","position":4,"name":"Giochi all'aperto","item":"https:\/\/schweizversand.ch\/it\/produkt-kategorie\/giocattoli-e-giochi\/giochi-allaperto\/"},{"@type":"ListItem","position":5,"name":"Attrezzature da gioco da giardino","item":"https:\/\/schweizversand.ch\/it\/produkt-kategorie\/giocattoli-e-giochi\/giochi-allaperto\/gartenspielgeraete\/"},{"@type":"ListItem","position":6,"name":"Altalena a nido Hudora 90 cm"}]},{"@type":"WebSite","@id":"https:\/\/schweizversand.ch\/it\/#website","url":"https:\/\/schweizversand.ch\/it\/","name":"Schweizer Shop f\u00fcr Sport, Spiel und Freizeit","description":"Gratisversand ab 50.- (netto), ab eigenem schweizer Lager, Lieferung innert 48h","publisher":{"@id":"https:\/\/schweizversand.ch\/it\/#organization"},"alternateName":"Schweizversand.ch","potentialAction":[{"@type":"SearchAction","target":{"@type":"EntryPoint","urlTemplate":"https:\/\/schweizversand.ch\/it\/?s={search_term_string}"},"query-input":{"@type":"PropertyValueSpecification","valueRequired":true,"valueName":"search_term_string"}}],"inLanguage":"it-IT"},{"@type":"Organization","@id":"https:\/\/schweizversand.ch\/it\/#organization","name":"Schweizversand.ch","url":"https:\/\/schweizversand.ch\/it\/","logo":{"@type":"ImageObject","inLanguage":"it-IT","@id":"https:\/\/schweizversand.ch\/it\/#\/schema\/logo\/image\/","url":"https:\/\/schweizversand.ch\/wp-content\/uploads\/2026\/03\/Logo_Rund_Final-1.png","contentUrl":"https:\/\/schweizversand.ch\/wp-content\/uploads\/2026\/03\/Logo_Rund_Final-1.png","width":404,"height":404,"caption":"Schweizversand.ch"},"image":{"@id":"https:\/\/schweizversand.ch\/it\/#\/schema\/logo\/image\/"},"sameAs":["https:\/\/www.facebook.com\/Schweizversand","https:\/\/www.instagram.com\/schweizversand.ch\/"]}]}},"jetpack_sharing_enabled":true,"_links":{"self":[{"href":"https:\/\/schweizversand.ch\/it\/wp-json\/wp\/v2\/product\/254429","targetHints":{"allow":["GET"]}}],"collection":[{"href":"https:\/\/schweizversand.ch\/it\/wp-json\/wp\/v2\/product"}],"about":[{"href":"https:\/\/schweizversand.ch\/it\/wp-json\/wp\/v2\/types\/product"}],"replies":[{"embeddable":true,"href":"https:\/\/schweizversand.ch\/it\/wp-json\/wp\/v2\/comments?post=254429"}],"wp:featuredmedia":[{"embeddable":true,"href":"https:\/\/schweizversand.ch\/it\/wp-json\/wp\/v2\/media\/165689"}],"wp:attachment":[{"href":"https:\/\/schweizversand.ch\/it\/wp-json\/wp\/v2\/media?parent=254429"}],"wp:term":[{"taxonomy":"product_brand","embeddable":true,"href":"https:\/\/schweizversand.ch\/it\/wp-json\/wp\/v2\/product_brand?post=254429"},{"taxonomy":"product_cat","embeddable":true,"href":"https:\/\/schweizversand.ch\/it\/wp-json\/wp\/v2\/product_cat?post=254429"},{"taxonomy":"product_tag","embeddable":true,"href":"https:\/\/schweizversand.ch\/it\/wp-json\/wp\/v2\/product_tag?post=254429"}],"curies":[{"name":"wp","href":"https:\/\/api.w.org\/{rel}","templated":true}]}}