{"id":254435,"date":"2026-03-14T23:50:05","date_gmt":"2026-03-14T22:50:05","guid":{"rendered":"https:\/\/schweizversand.ch\/produkt\/hudora-laufrad-up-10-2\/"},"modified":"2026-04-07T15:37:00","modified_gmt":"2026-04-07T13:37:00","slug":"hudora-laufrad-up-10-2","status":"publish","type":"product","link":"https:\/\/schweizversand.ch\/it\/produkt\/hudora-laufrad-up-10-2\/","title":{"rendered":"Bici senza pedali Hudora fino a 10&#8243;"},"content":{"rendered":"<h1><strong>Bicicletta senza pedali per bambini dai 18 mesi<\/strong><\/h1>\n<div>Prepara il tuo bambino alle sue prime grandi avventure! Questa <strong>bicicletta senza pedali<\/strong> di alta qualit\u00e0 \u00e8 progettata appositamente per le esigenze dei pi\u00f9 piccoli e offre la massima sicurezza e divertimento di guida a partire dai <strong>18 mesi<\/strong>. \u00c8 la <strong>bicicletta senza pedali<\/strong> ideale per promuovere equilibrio e coordinazione in modo giocoso.<\/p>\n<\/div>\n<div><strong>Sicurezza e stabilit\u00e0<\/strong><br \/>Il robusto telaio in acciaio verniciato a polvere garantisce durata e stabilit\u00e0. Il limitatore di sterzo integrato offre un maggiore controllo e previene bruschi scatti di sterzata. Con una capacit\u00e0 di carico massima di 20 kg, questa bici senza pedali \u00e8 una compagna sicura per i primi tentativi di guida.<\/p>\n<\/div>\n<div><strong>Ergonomia e comfort<\/strong><br \/>Questa <strong>bicicletta senza pedali per bambini<\/strong> cresce con il tuo bambino. Grazie alla bici senza pedali ultra-regolabile e alla sella regolabile, salire e scendere \u00e8 particolarmente comodo. La tecnologia ASG (Anti-Shaking Geometry), combinata con il passo extra lungo, garantisce una guida fluida e una sensazione di comfort. Caratteristiche antiforatura: non preoccuparti pi\u00f9 delle gomme a terra. Gli pneumatici completamente in schiuma, completati dallo pneumatico anteriore HUDORA BigWheel\u00ae, rendono questa bici senza pedali completamente antiforatura. Le robuste estremit\u00e0 del manubrio offrono maggiore protezione e comfort.<\/p>\n<\/div>\n<div><strong>Dettagli tecnici e dimensioni<\/strong><br \/>&#8211; Adatto a bambini dai 18 mesi<br \/>&#8211; Altezza: da 78 a 100 cm<br \/>&#8211; Altezza sella: da 24 a 31,5 cm<br \/>&#8211; Altezza manubrio: da 48 a 51 cm<br \/>&#8211; Lunghezza cavallo: da 27 a 37 cm<br \/>&#8211; Peso massimo utente: 20 kg<\/p>\n<\/div>\n<div><strong>Avviso di sicurezza importante<\/strong><br \/>Si prega di notare che questo giocattolo non ha freni. Deve essere utilizzato sotto la diretta supervisione di un adulto e solo con i dispositivi di protezione adeguati. Non adatto all&#8217;uso nel traffico.<\/p>\n<\/div>\n<div>Acquista subito questa fantastica <strong>bicicletta senza pedali<\/strong> e prova la gioia di far andare il tuo bambino in autonomia!<\/p>\n<\/div>\n<div><\/div>\n","protected":false},"excerpt":{"rendered":"<p>Bicicletta senza pedali per bambini dai 18 mesi Prepara il tuo bambino alle sue prime grandi avventure! Questa bicicletta senza pedali di alta qualit\u00e0 \u00e8 progettata appositamente per le esigenze dei pi\u00f9 piccoli e offre la massima sicurezza e divertimento di guida a partire dai 18 mesi. \u00c8 la bicicletta senza pedali ideale per promuovere equilibrio e coordinazione in modo giocoso. Sicurezza e stabilit\u00e0Il robusto telaio in acciaio verniciato a polvere garantisce durata e stabilit\u00e0.&hellip;<\/p>\n","protected":false},"featured_media":165873,"comment_status":"open","ping_status":"closed","template":"","meta":[],"product_brand":[],"product_cat":[38573],"product_tag":[],"class_list":{"0":"post-254435","1":"product","2":"type-product","3":"status-publish","4":"has-post-thumbnail","6":"product_cat-kinderfahrzeuge","7":"product_shipping_class-global_methods","9":"first","10":"instock","11":"taxable","12":"shipping-taxable","13":"purchasable","14":"product-type-simple"},"yoast_head":"<!-- This site is optimized with the Yoast SEO plugin v27.3 - https:\/\/yoast.com\/product\/yoast-seo-wordpress\/ -->\n<title>Hudora Laufrad Up 10\u201c | Jetzt kaufen | Schweizversand.ch<\/title>\n<meta name=\"description\" content=\"Hudora Laufrad Up 10\u201c g\u00fcnstig kaufen bei Schweizversand.ch. Schnelle Lieferung in der Schweiz. Gratisversand ab CHF 50.\" \/>\n<meta name=\"robots\" content=\"index, follow, max-snippet:-1, max-image-preview:large, max-video-preview:-1\" \/>\n<link rel=\"canonical\" href=\"https:\/\/schweizversand.ch\/it\/produkt\/hudora-laufrad-up-10-2\/\" \/>\n<meta property=\"og:locale\" content=\"it_IT\" \/>\n<meta property=\"og:type\" content=\"article\" \/>\n<meta property=\"og:title\" content=\"Hudora Laufrad Up 10\u201c | Jetzt kaufen | Schweizversand.ch\" \/>\n<meta property=\"og:description\" content=\"Hudora Laufrad Up 10\u201c g\u00fcnstig kaufen bei Schweizversand.ch. Schnelle Lieferung in der Schweiz. Gratisversand ab CHF 50.\" \/>\n<meta property=\"og:url\" content=\"https:\/\/schweizversand.ch\/it\/produkt\/hudora-laufrad-up-10-2\/\" \/>\n<meta property=\"og:site_name\" content=\"Schweizer Shop f\u00fcr Sport, Spiel und Freizeit\" \/>\n<meta property=\"article:publisher\" content=\"https:\/\/www.facebook.com\/Schweizversand\" \/>\n<meta property=\"article:modified_time\" content=\"2026-04-07T13:37:00+00:00\" \/>\n<meta property=\"og:image\" content=\"https:\/\/schweizversand.ch\/wp-content\/uploads\/2026\/02\/5471826714.jpg\" \/>\n\t<meta property=\"og:image:width\" content=\"1024\" \/>\n\t<meta property=\"og:image:height\" content=\"1024\" \/>\n\t<meta property=\"og:image:type\" content=\"image\/jpeg\" \/>\n<meta name=\"twitter:card\" content=\"summary_large_image\" \/>\n<meta name=\"twitter:label1\" content=\"Tempo di lettura stimato\" \/>\n\t<meta name=\"twitter:data1\" content=\"1 minuto\" \/>\n<script type=\"application\/ld+json\" class=\"yoast-schema-graph\">{\"@context\":\"https:\\\/\\\/schema.org\",\"@graph\":[{\"@type\":\"WebPage\",\"@id\":\"https:\\\/\\\/schweizversand.ch\\\/it\\\/produkt\\\/hudora-laufrad-up-10-2\\\/\",\"url\":\"https:\\\/\\\/schweizversand.ch\\\/it\\\/produkt\\\/hudora-laufrad-up-10-2\\\/\",\"name\":\"Hudora Laufrad Up 10\u201c | Jetzt kaufen | Schweizversand.ch\",\"isPartOf\":{\"@id\":\"https:\\\/\\\/schweizversand.ch\\\/it\\\/#website\"},\"primaryImageOfPage\":{\"@id\":\"https:\\\/\\\/schweizversand.ch\\\/it\\\/produkt\\\/hudora-laufrad-up-10-2\\\/#primaryimage\"},\"image\":{\"@id\":\"https:\\\/\\\/schweizversand.ch\\\/it\\\/produkt\\\/hudora-laufrad-up-10-2\\\/#primaryimage\"},\"thumbnailUrl\":\"https:\\\/\\\/schweizversand.ch\\\/wp-content\\\/uploads\\\/2026\\\/02\\\/5471826714.jpg\",\"datePublished\":\"2026-03-14T22:50:05+00:00\",\"dateModified\":\"2026-04-07T13:37:00+00:00\",\"description\":\"Hudora Laufrad Up 10\u201c g\u00fcnstig kaufen bei Schweizversand.ch. Schnelle Lieferung in der Schweiz. Gratisversand ab CHF 50.\",\"breadcrumb\":{\"@id\":\"https:\\\/\\\/schweizversand.ch\\\/it\\\/produkt\\\/hudora-laufrad-up-10-2\\\/#breadcrumb\"},\"inLanguage\":\"it-IT\",\"potentialAction\":[{\"@type\":\"ReadAction\",\"target\":[\"https:\\\/\\\/schweizversand.ch\\\/it\\\/produkt\\\/hudora-laufrad-up-10-2\\\/\"]}]},{\"@type\":\"ImageObject\",\"inLanguage\":\"it-IT\",\"@id\":\"https:\\\/\\\/schweizversand.ch\\\/it\\\/produkt\\\/hudora-laufrad-up-10-2\\\/#primaryimage\",\"url\":\"https:\\\/\\\/schweizversand.ch\\\/wp-content\\\/uploads\\\/2026\\\/02\\\/5471826714.jpg\",\"contentUrl\":\"https:\\\/\\\/schweizversand.ch\\\/wp-content\\\/uploads\\\/2026\\\/02\\\/5471826714.jpg\",\"width\":1024,\"height\":1024},{\"@type\":\"BreadcrumbList\",\"@id\":\"https:\\\/\\\/schweizversand.ch\\\/it\\\/produkt\\\/hudora-laufrad-up-10-2\\\/#breadcrumb\",\"itemListElement\":[{\"@type\":\"ListItem\",\"position\":1,\"name\":\"Startseite\",\"item\":\"https:\\\/\\\/schweizversand.ch\\\/it\\\/\"},{\"@type\":\"ListItem\",\"position\":2,\"name\":\"Shop\",\"item\":\"https:\\\/\\\/schweizversand.ch\\\/it\\\/shop\\\/\"},{\"@type\":\"ListItem\",\"position\":3,\"name\":\"Bici senza pedali Hudora fino a 10&#8243;\"}]},{\"@type\":\"WebSite\",\"@id\":\"https:\\\/\\\/schweizversand.ch\\\/it\\\/#website\",\"url\":\"https:\\\/\\\/schweizversand.ch\\\/it\\\/\",\"name\":\"Schweizer Shop f\u00fcr Sport, Spiel und Freizeit\",\"description\":\"Gratisversand ab 50.- (netto), ab eigenem schweizer Lager, Lieferung innert 48h\",\"publisher\":{\"@id\":\"https:\\\/\\\/schweizversand.ch\\\/it\\\/#organization\"},\"alternateName\":\"Schweizversand.ch\",\"potentialAction\":[{\"@type\":\"SearchAction\",\"target\":{\"@type\":\"EntryPoint\",\"urlTemplate\":\"https:\\\/\\\/schweizversand.ch\\\/it\\\/?s={search_term_string}\"},\"query-input\":{\"@type\":\"PropertyValueSpecification\",\"valueRequired\":true,\"valueName\":\"search_term_string\"}}],\"inLanguage\":\"it-IT\"},{\"@type\":\"Organization\",\"@id\":\"https:\\\/\\\/schweizversand.ch\\\/it\\\/#organization\",\"name\":\"Schweizversand.ch\",\"url\":\"https:\\\/\\\/schweizversand.ch\\\/it\\\/\",\"logo\":{\"@type\":\"ImageObject\",\"inLanguage\":\"it-IT\",\"@id\":\"https:\\\/\\\/schweizversand.ch\\\/it\\\/#\\\/schema\\\/logo\\\/image\\\/\",\"url\":\"https:\\\/\\\/schweizversand.ch\\\/wp-content\\\/uploads\\\/2026\\\/03\\\/Logo_Rund_Final-1.png\",\"contentUrl\":\"https:\\\/\\\/schweizversand.ch\\\/wp-content\\\/uploads\\\/2026\\\/03\\\/Logo_Rund_Final-1.png\",\"width\":404,\"height\":404,\"caption\":\"Schweizversand.ch\"},\"image\":{\"@id\":\"https:\\\/\\\/schweizversand.ch\\\/it\\\/#\\\/schema\\\/logo\\\/image\\\/\"},\"sameAs\":[\"https:\\\/\\\/www.facebook.com\\\/Schweizversand\",\"https:\\\/\\\/www.instagram.com\\\/schweizversand.ch\\\/\"]}]}<\/script>\n<!-- \/ Yoast SEO plugin. -->","yoast_head_json":{"title":"Hudora Laufrad Up 10\u201c | Jetzt kaufen | Schweizversand.ch","description":"Hudora Laufrad Up 10\u201c g\u00fcnstig kaufen bei Schweizversand.ch. Schnelle Lieferung in der Schweiz. Gratisversand ab CHF 50.","robots":{"index":"index","follow":"follow","max-snippet":"max-snippet:-1","max-image-preview":"max-image-preview:large","max-video-preview":"max-video-preview:-1"},"canonical":"https:\/\/schweizversand.ch\/it\/produkt\/hudora-laufrad-up-10-2\/","og_locale":"it_IT","og_type":"article","og_title":"Hudora Laufrad Up 10\u201c | Jetzt kaufen | Schweizversand.ch","og_description":"Hudora Laufrad Up 10\u201c g\u00fcnstig kaufen bei Schweizversand.ch. Schnelle Lieferung in der Schweiz. Gratisversand ab CHF 50.","og_url":"https:\/\/schweizversand.ch\/it\/produkt\/hudora-laufrad-up-10-2\/","og_site_name":"Schweizer Shop f\u00fcr Sport, Spiel und Freizeit","article_publisher":"https:\/\/www.facebook.com\/Schweizversand","article_modified_time":"2026-04-07T13:37:00+00:00","og_image":[{"width":1024,"height":1024,"url":"https:\/\/schweizversand.ch\/wp-content\/uploads\/2026\/02\/5471826714.jpg","type":"image\/jpeg"}],"twitter_card":"summary_large_image","twitter_misc":{"Tempo di lettura stimato":"1 minuto"},"schema":{"@context":"https:\/\/schema.org","@graph":[{"@type":"WebPage","@id":"https:\/\/schweizversand.ch\/it\/produkt\/hudora-laufrad-up-10-2\/","url":"https:\/\/schweizversand.ch\/it\/produkt\/hudora-laufrad-up-10-2\/","name":"Hudora Laufrad Up 10\u201c | Jetzt kaufen | Schweizversand.ch","isPartOf":{"@id":"https:\/\/schweizversand.ch\/it\/#website"},"primaryImageOfPage":{"@id":"https:\/\/schweizversand.ch\/it\/produkt\/hudora-laufrad-up-10-2\/#primaryimage"},"image":{"@id":"https:\/\/schweizversand.ch\/it\/produkt\/hudora-laufrad-up-10-2\/#primaryimage"},"thumbnailUrl":"https:\/\/schweizversand.ch\/wp-content\/uploads\/2026\/02\/5471826714.jpg","datePublished":"2026-03-14T22:50:05+00:00","dateModified":"2026-04-07T13:37:00+00:00","description":"Hudora Laufrad Up 10\u201c g\u00fcnstig kaufen bei Schweizversand.ch. Schnelle Lieferung in der Schweiz. Gratisversand ab CHF 50.","breadcrumb":{"@id":"https:\/\/schweizversand.ch\/it\/produkt\/hudora-laufrad-up-10-2\/#breadcrumb"},"inLanguage":"it-IT","potentialAction":[{"@type":"ReadAction","target":["https:\/\/schweizversand.ch\/it\/produkt\/hudora-laufrad-up-10-2\/"]}]},{"@type":"ImageObject","inLanguage":"it-IT","@id":"https:\/\/schweizversand.ch\/it\/produkt\/hudora-laufrad-up-10-2\/#primaryimage","url":"https:\/\/schweizversand.ch\/wp-content\/uploads\/2026\/02\/5471826714.jpg","contentUrl":"https:\/\/schweizversand.ch\/wp-content\/uploads\/2026\/02\/5471826714.jpg","width":1024,"height":1024},{"@type":"BreadcrumbList","@id":"https:\/\/schweizversand.ch\/it\/produkt\/hudora-laufrad-up-10-2\/#breadcrumb","itemListElement":[{"@type":"ListItem","position":1,"name":"Startseite","item":"https:\/\/schweizversand.ch\/it\/"},{"@type":"ListItem","position":2,"name":"Shop","item":"https:\/\/schweizversand.ch\/it\/shop\/"},{"@type":"ListItem","position":3,"name":"Bici senza pedali Hudora fino a 10&#8243;"}]},{"@type":"WebSite","@id":"https:\/\/schweizversand.ch\/it\/#website","url":"https:\/\/schweizversand.ch\/it\/","name":"Schweizer Shop f\u00fcr Sport, Spiel und Freizeit","description":"Gratisversand ab 50.- (netto), ab eigenem schweizer Lager, Lieferung innert 48h","publisher":{"@id":"https:\/\/schweizversand.ch\/it\/#organization"},"alternateName":"Schweizversand.ch","potentialAction":[{"@type":"SearchAction","target":{"@type":"EntryPoint","urlTemplate":"https:\/\/schweizversand.ch\/it\/?s={search_term_string}"},"query-input":{"@type":"PropertyValueSpecification","valueRequired":true,"valueName":"search_term_string"}}],"inLanguage":"it-IT"},{"@type":"Organization","@id":"https:\/\/schweizversand.ch\/it\/#organization","name":"Schweizversand.ch","url":"https:\/\/schweizversand.ch\/it\/","logo":{"@type":"ImageObject","inLanguage":"it-IT","@id":"https:\/\/schweizversand.ch\/it\/#\/schema\/logo\/image\/","url":"https:\/\/schweizversand.ch\/wp-content\/uploads\/2026\/03\/Logo_Rund_Final-1.png","contentUrl":"https:\/\/schweizversand.ch\/wp-content\/uploads\/2026\/03\/Logo_Rund_Final-1.png","width":404,"height":404,"caption":"Schweizversand.ch"},"image":{"@id":"https:\/\/schweizversand.ch\/it\/#\/schema\/logo\/image\/"},"sameAs":["https:\/\/www.facebook.com\/Schweizversand","https:\/\/www.instagram.com\/schweizversand.ch\/"]}]}},"jetpack_sharing_enabled":true,"_links":{"self":[{"href":"https:\/\/schweizversand.ch\/it\/wp-json\/wp\/v2\/product\/254435","targetHints":{"allow":["GET"]}}],"collection":[{"href":"https:\/\/schweizversand.ch\/it\/wp-json\/wp\/v2\/product"}],"about":[{"href":"https:\/\/schweizversand.ch\/it\/wp-json\/wp\/v2\/types\/product"}],"replies":[{"embeddable":true,"href":"https:\/\/schweizversand.ch\/it\/wp-json\/wp\/v2\/comments?post=254435"}],"wp:featuredmedia":[{"embeddable":true,"href":"https:\/\/schweizversand.ch\/it\/wp-json\/wp\/v2\/media\/165873"}],"wp:attachment":[{"href":"https:\/\/schweizversand.ch\/it\/wp-json\/wp\/v2\/media?parent=254435"}],"wp:term":[{"taxonomy":"product_brand","embeddable":true,"href":"https:\/\/schweizversand.ch\/it\/wp-json\/wp\/v2\/product_brand?post=254435"},{"taxonomy":"product_cat","embeddable":true,"href":"https:\/\/schweizversand.ch\/it\/wp-json\/wp\/v2\/product_cat?post=254435"},{"taxonomy":"product_tag","embeddable":true,"href":"https:\/\/schweizversand.ch\/it\/wp-json\/wp\/v2\/product_tag?post=254435"}],"curies":[{"name":"wp","href":"https:\/\/api.w.org\/{rel}","templated":true}]}}