{"id":254439,"date":"2026-03-14T23:50:06","date_gmt":"2026-03-14T22:50:06","guid":{"rendered":"https:\/\/schweizversand.ch\/produkt\/hudora-1-bremsblech-inkl-feder-und-bolzen\/"},"modified":"2026-04-20T02:06:12","modified_gmt":"2026-04-20T00:06:12","slug":"hudora-1-bremsblech-inkl-feder-und-bolzen","status":"publish","type":"product","link":"https:\/\/schweizversand.ch\/it\/produkt\/hudora-1-bremsblech-inkl-feder-und-bolzen\/","title":{"rendered":"Piastra freno Hudora 1 con molla e bullone inclusi"},"content":{"rendered":"<h1><strong>Piastra freno HUDORA per Big Wheel 125 e Little BigWheel<\/strong><\/h1>\n<div>La sicurezza \u00e8 fondamentale quando si guida uno scooter. Questa <strong>piastra freno HUDORA<\/strong> di alta qualit\u00e0 \u00e8 il ricambio essenziale per ripristinare le massime prestazioni di frenata del tuo scooter e garantire arresti affidabili in ogni situazione.<\/p>\n<\/div>\n<div><strong>Ricambio perfetto per il tuo scooter<\/strong><br \/>Questa piastra freno argentata \u00e8 progettata specificamente per i modelli <strong>HUDORA Big Wheel 125<\/strong> e <strong>Little BigWheel<\/strong>. Come kit di ricambi essenziali per scooter, viene fornita completa di molla e bullone, consentendo di eseguire riparazioni in modo rapido e semplice. Prestazioni di frenata affidabili: con questo ricambio per Big Wheel 125, puoi garantire che il tuo scooter si fermi sempre in sicurezza. La struttura robusta garantisce una lunga durata e un&#8217;eccellente funzionalit\u00e0. L&#8217;installazione del freno argentato per scooter \u00e8 semplice grazie agli accessori inclusi. Compatibilit\u00e0 e modelli: La piastra del freno HUDORA Little Big Wheel \u00e8 compatibile con un numero molto elevato di modelli di scooter HUDORA. Controlla l&#8217;elenco seguente per vedere se il tuo modello \u00e8 supportato:<\/p>\n<\/div>\n<div><strong>Compatibile con i seguenti codici articolo<\/strong><br \/>&#8211; 14753, 14250, 14251, 14255, 14606, 14254, 10280, 14615, 14618, 10231, 14620, 14700, 14742, 14743, 14721, 14625, 14800\/W<br \/>&#8211; 10208, D14600, 14651\/01, 14600\/LH, 10211, 14805, 14630\/KF, 14640\/01, 14603, 14613\/XP, 14630\/01D, 14700\/XX, 14850, 14701<br \/>&#8211; 14610\/XX, 14650, 14710, 14613\/01, 14611, 14614, 14636, 14807, 14800\/XX, 14631, 14800, 14803, 14630\/01, 14800\/00<br \/>&#8211; 14633\/01, 14630, 10210, M14700, 14620\/XX, 14609, D14700, 14600\/D, 14711, 14820, 14649\/XP, 14610\/02, 14600\/02<br \/>&#8211; 14806, 14733, D14600, 10270, 14926, 14612\/01, 14617, 14608, 14628, 14635, D14800, 14800\/01, 14610, 14200, 14640<br \/>&#8211; 14645, 14730, 14616, 14642, 14712, 14641, M14800, 14840, 14600\/03, 10206, 14613\/01D, 14600\/01, 14662, 14600\/XX<br \/>&#8211; 14925, 14610\/01, 14644, 14732, 14731, 14620\/01, 14613, 14713, 14600\/00, 14601, 14660, 14800\/02, 14663, 14634<br \/>&#8211; 14961, BM14600, 14623, 14633, 14627, D14850, 14643, 14600, 14619, 14630\/XP, 14648, 14602, 14622, 14801<br \/>&#8211; 14631\/01, 14651, 14705, 14664, 14661, 10210\/IS, M14600, 14637, 14670, 14632, 14705\/D, 14620\/00, 14649, 14612<\/p>\n<\/div>\n<div>Fissa subito questa <strong>piastra freno per scooter<\/strong> per garantire prestazioni e sicurezza a lungo termine del tuo scooter.<\/p>\n<\/div>\n<div>\n<\/div>\n","protected":false},"excerpt":{"rendered":"<p>Piastra freno HUDORA per Big Wheel 125 e Little BigWheel La sicurezza \u00e8 fondamentale quando si guida uno scooter. Questa piastra freno HUDORA di alta qualit\u00e0 \u00e8 il ricambio essenziale per ripristinare le massime prestazioni di frenata del tuo scooter e garantire arresti affidabili in ogni situazione. Ricambio perfetto per il tuo scooterQuesta piastra freno argentata \u00e8 progettata specificamente per i modelli HUDORA Big Wheel 125 e Little BigWheel. Come kit di ricambi essenziali per&hellip;<\/p>\n","protected":false},"featured_media":165906,"comment_status":"open","ping_status":"closed","template":"","meta":[],"product_brand":[],"product_cat":[38916],"product_tag":[],"class_list":{"0":"post-254439","1":"product","2":"type-product","3":"status-publish","4":"has-post-thumbnail","6":"product_cat-scooter","7":"product_shipping_class-global_methods","9":"first","10":"instock","11":"taxable","12":"shipping-taxable","13":"purchasable","14":"product-type-simple"},"yoast_head":"<!-- This site is optimized with the Yoast SEO plugin v27.4 - https:\/\/yoast.com\/product\/yoast-seo-wordpress\/ -->\n<title>Hudora 1 Bremsblech inkl. Feder und Bolzen | Jetzt kaufen | Schweizversand.ch<\/title>\n<meta name=\"description\" content=\"Hudora 1 Bremsblech inkl. Feder und Bolzen g\u00fcnstig kaufen bei Schweizversand.ch. Schnelle Lieferung in der Schweiz. Gratisversand ab CHF 50.\" \/>\n<meta name=\"robots\" content=\"index, follow, max-snippet:-1, max-image-preview:large, max-video-preview:-1\" \/>\n<link rel=\"canonical\" href=\"https:\/\/schweizversand.ch\/it\/produkt\/hudora-1-bremsblech-inkl-feder-und-bolzen\/\" \/>\n<meta property=\"og:locale\" content=\"it_IT\" \/>\n<meta property=\"og:type\" content=\"article\" \/>\n<meta property=\"og:title\" content=\"Hudora 1 Bremsblech inkl. Feder und Bolzen | Jetzt kaufen | Schweizversand.ch\" \/>\n<meta property=\"og:description\" content=\"Hudora 1 Bremsblech inkl. Feder und Bolzen g\u00fcnstig kaufen bei Schweizversand.ch. Schnelle Lieferung in der Schweiz. Gratisversand ab CHF 50.\" \/>\n<meta property=\"og:url\" content=\"https:\/\/schweizversand.ch\/it\/produkt\/hudora-1-bremsblech-inkl-feder-und-bolzen\/\" \/>\n<meta property=\"og:site_name\" content=\"Schweizer Shop f\u00fcr Sport, Spiel und Freizeit\" \/>\n<meta property=\"article:publisher\" content=\"https:\/\/www.facebook.com\/Schweizversand\" \/>\n<meta property=\"article:modified_time\" content=\"2026-04-20T00:06:12+00:00\" \/>\n<meta property=\"og:image\" content=\"https:\/\/schweizversand.ch\/wp-content\/uploads\/2026\/02\/5471465885.jpg\" \/>\n\t<meta property=\"og:image:width\" content=\"1024\" \/>\n\t<meta property=\"og:image:height\" content=\"1024\" \/>\n\t<meta property=\"og:image:type\" content=\"image\/jpeg\" \/>\n<meta name=\"twitter:card\" content=\"summary_large_image\" \/>\n<meta name=\"twitter:label1\" content=\"Tempo di lettura stimato\" \/>\n\t<meta name=\"twitter:data1\" content=\"1 minuto\" \/>\n<script type=\"application\/ld+json\" class=\"yoast-schema-graph\">{\"@context\":\"https:\\\/\\\/schema.org\",\"@graph\":[{\"@type\":\"WebPage\",\"@id\":\"https:\\\/\\\/schweizversand.ch\\\/it\\\/produkt\\\/hudora-1-bremsblech-inkl-feder-und-bolzen\\\/\",\"url\":\"https:\\\/\\\/schweizversand.ch\\\/it\\\/produkt\\\/hudora-1-bremsblech-inkl-feder-und-bolzen\\\/\",\"name\":\"Hudora 1 Bremsblech inkl. Feder und Bolzen | Jetzt kaufen | Schweizversand.ch\",\"isPartOf\":{\"@id\":\"https:\\\/\\\/schweizversand.ch\\\/it\\\/#website\"},\"primaryImageOfPage\":{\"@id\":\"https:\\\/\\\/schweizversand.ch\\\/it\\\/produkt\\\/hudora-1-bremsblech-inkl-feder-und-bolzen\\\/#primaryimage\"},\"image\":{\"@id\":\"https:\\\/\\\/schweizversand.ch\\\/it\\\/produkt\\\/hudora-1-bremsblech-inkl-feder-und-bolzen\\\/#primaryimage\"},\"thumbnailUrl\":\"https:\\\/\\\/schweizversand.ch\\\/wp-content\\\/uploads\\\/2026\\\/02\\\/5471465885.jpg\",\"datePublished\":\"2026-03-14T22:50:06+00:00\",\"dateModified\":\"2026-04-20T00:06:12+00:00\",\"description\":\"Hudora 1 Bremsblech inkl. Feder und Bolzen g\u00fcnstig kaufen bei Schweizversand.ch. Schnelle Lieferung in der Schweiz. Gratisversand ab CHF 50.\",\"breadcrumb\":{\"@id\":\"https:\\\/\\\/schweizversand.ch\\\/it\\\/produkt\\\/hudora-1-bremsblech-inkl-feder-und-bolzen\\\/#breadcrumb\"},\"inLanguage\":\"it-IT\",\"potentialAction\":[{\"@type\":\"ReadAction\",\"target\":[\"https:\\\/\\\/schweizversand.ch\\\/it\\\/produkt\\\/hudora-1-bremsblech-inkl-feder-und-bolzen\\\/\"]}]},{\"@type\":\"ImageObject\",\"inLanguage\":\"it-IT\",\"@id\":\"https:\\\/\\\/schweizversand.ch\\\/it\\\/produkt\\\/hudora-1-bremsblech-inkl-feder-und-bolzen\\\/#primaryimage\",\"url\":\"https:\\\/\\\/schweizversand.ch\\\/wp-content\\\/uploads\\\/2026\\\/02\\\/5471465885.jpg\",\"contentUrl\":\"https:\\\/\\\/schweizversand.ch\\\/wp-content\\\/uploads\\\/2026\\\/02\\\/5471465885.jpg\",\"width\":1024,\"height\":1024},{\"@type\":\"BreadcrumbList\",\"@id\":\"https:\\\/\\\/schweizversand.ch\\\/it\\\/produkt\\\/hudora-1-bremsblech-inkl-feder-und-bolzen\\\/#breadcrumb\",\"itemListElement\":[{\"@type\":\"ListItem\",\"position\":1,\"name\":\"Startseite\",\"item\":\"https:\\\/\\\/schweizversand.ch\\\/it\\\/home\\\/\"},{\"@type\":\"ListItem\",\"position\":2,\"name\":\"Shop\",\"item\":\"https:\\\/\\\/schweizversand.ch\\\/it\\\/shop\\\/\"},{\"@type\":\"ListItem\",\"position\":3,\"name\":\"Ricambi\",\"item\":\"https:\\\/\\\/schweizversand.ch\\\/it\\\/produkt-kategorie\\\/ricambi\\\/\"},{\"@type\":\"ListItem\",\"position\":4,\"name\":\"Hudora\",\"item\":\"https:\\\/\\\/schweizversand.ch\\\/it\\\/produkt-kategorie\\\/ricambi\\\/hudora\\\/\"},{\"@type\":\"ListItem\",\"position\":5,\"name\":\"Scooter\",\"item\":\"https:\\\/\\\/schweizversand.ch\\\/it\\\/produkt-kategorie\\\/ricambi\\\/hudora\\\/scooter\\\/\"},{\"@type\":\"ListItem\",\"position\":6,\"name\":\"Piastra freno Hudora 1 con molla e bullone inclusi\"}]},{\"@type\":\"WebSite\",\"@id\":\"https:\\\/\\\/schweizversand.ch\\\/it\\\/#website\",\"url\":\"https:\\\/\\\/schweizversand.ch\\\/it\\\/\",\"name\":\"Schweizer Shop f\u00fcr Sport, Spiel und Freizeit\",\"description\":\"Gratisversand ab 50.- (netto), ab eigenem schweizer Lager, Lieferung innert 48h\",\"publisher\":{\"@id\":\"https:\\\/\\\/schweizversand.ch\\\/it\\\/#organization\"},\"alternateName\":\"Schweizversand.ch\",\"potentialAction\":[{\"@type\":\"SearchAction\",\"target\":{\"@type\":\"EntryPoint\",\"urlTemplate\":\"https:\\\/\\\/schweizversand.ch\\\/it\\\/?s={search_term_string}\"},\"query-input\":{\"@type\":\"PropertyValueSpecification\",\"valueRequired\":true,\"valueName\":\"search_term_string\"}}],\"inLanguage\":\"it-IT\"},{\"@type\":\"Organization\",\"@id\":\"https:\\\/\\\/schweizversand.ch\\\/it\\\/#organization\",\"name\":\"Schweizversand.ch\",\"url\":\"https:\\\/\\\/schweizversand.ch\\\/it\\\/\",\"logo\":{\"@type\":\"ImageObject\",\"inLanguage\":\"it-IT\",\"@id\":\"https:\\\/\\\/schweizversand.ch\\\/it\\\/#\\\/schema\\\/logo\\\/image\\\/\",\"url\":\"https:\\\/\\\/schweizversand.ch\\\/wp-content\\\/uploads\\\/2026\\\/03\\\/Logo_Rund_Final-1.png\",\"contentUrl\":\"https:\\\/\\\/schweizversand.ch\\\/wp-content\\\/uploads\\\/2026\\\/03\\\/Logo_Rund_Final-1.png\",\"width\":404,\"height\":404,\"caption\":\"Schweizversand.ch\"},\"image\":{\"@id\":\"https:\\\/\\\/schweizversand.ch\\\/it\\\/#\\\/schema\\\/logo\\\/image\\\/\"},\"sameAs\":[\"https:\\\/\\\/www.facebook.com\\\/Schweizversand\",\"https:\\\/\\\/www.instagram.com\\\/schweizversand.ch\\\/\"]}]}<\/script>\n<!-- \/ Yoast SEO plugin. -->","yoast_head_json":{"title":"Hudora 1 Bremsblech inkl. Feder und Bolzen | Jetzt kaufen | Schweizversand.ch","description":"Hudora 1 Bremsblech inkl. Feder und Bolzen g\u00fcnstig kaufen bei Schweizversand.ch. Schnelle Lieferung in der Schweiz. Gratisversand ab CHF 50.","robots":{"index":"index","follow":"follow","max-snippet":"max-snippet:-1","max-image-preview":"max-image-preview:large","max-video-preview":"max-video-preview:-1"},"canonical":"https:\/\/schweizversand.ch\/it\/produkt\/hudora-1-bremsblech-inkl-feder-und-bolzen\/","og_locale":"it_IT","og_type":"article","og_title":"Hudora 1 Bremsblech inkl. Feder und Bolzen | Jetzt kaufen | Schweizversand.ch","og_description":"Hudora 1 Bremsblech inkl. Feder und Bolzen g\u00fcnstig kaufen bei Schweizversand.ch. Schnelle Lieferung in der Schweiz. Gratisversand ab CHF 50.","og_url":"https:\/\/schweizversand.ch\/it\/produkt\/hudora-1-bremsblech-inkl-feder-und-bolzen\/","og_site_name":"Schweizer Shop f\u00fcr Sport, Spiel und Freizeit","article_publisher":"https:\/\/www.facebook.com\/Schweizversand","article_modified_time":"2026-04-20T00:06:12+00:00","og_image":[{"width":1024,"height":1024,"url":"https:\/\/schweizversand.ch\/wp-content\/uploads\/2026\/02\/5471465885.jpg","type":"image\/jpeg"}],"twitter_card":"summary_large_image","twitter_misc":{"Tempo di lettura stimato":"1 minuto"},"schema":{"@context":"https:\/\/schema.org","@graph":[{"@type":"WebPage","@id":"https:\/\/schweizversand.ch\/it\/produkt\/hudora-1-bremsblech-inkl-feder-und-bolzen\/","url":"https:\/\/schweizversand.ch\/it\/produkt\/hudora-1-bremsblech-inkl-feder-und-bolzen\/","name":"Hudora 1 Bremsblech inkl. Feder und Bolzen | Jetzt kaufen | Schweizversand.ch","isPartOf":{"@id":"https:\/\/schweizversand.ch\/it\/#website"},"primaryImageOfPage":{"@id":"https:\/\/schweizversand.ch\/it\/produkt\/hudora-1-bremsblech-inkl-feder-und-bolzen\/#primaryimage"},"image":{"@id":"https:\/\/schweizversand.ch\/it\/produkt\/hudora-1-bremsblech-inkl-feder-und-bolzen\/#primaryimage"},"thumbnailUrl":"https:\/\/schweizversand.ch\/wp-content\/uploads\/2026\/02\/5471465885.jpg","datePublished":"2026-03-14T22:50:06+00:00","dateModified":"2026-04-20T00:06:12+00:00","description":"Hudora 1 Bremsblech inkl. Feder und Bolzen g\u00fcnstig kaufen bei Schweizversand.ch. Schnelle Lieferung in der Schweiz. Gratisversand ab CHF 50.","breadcrumb":{"@id":"https:\/\/schweizversand.ch\/it\/produkt\/hudora-1-bremsblech-inkl-feder-und-bolzen\/#breadcrumb"},"inLanguage":"it-IT","potentialAction":[{"@type":"ReadAction","target":["https:\/\/schweizversand.ch\/it\/produkt\/hudora-1-bremsblech-inkl-feder-und-bolzen\/"]}]},{"@type":"ImageObject","inLanguage":"it-IT","@id":"https:\/\/schweizversand.ch\/it\/produkt\/hudora-1-bremsblech-inkl-feder-und-bolzen\/#primaryimage","url":"https:\/\/schweizversand.ch\/wp-content\/uploads\/2026\/02\/5471465885.jpg","contentUrl":"https:\/\/schweizversand.ch\/wp-content\/uploads\/2026\/02\/5471465885.jpg","width":1024,"height":1024},{"@type":"BreadcrumbList","@id":"https:\/\/schweizversand.ch\/it\/produkt\/hudora-1-bremsblech-inkl-feder-und-bolzen\/#breadcrumb","itemListElement":[{"@type":"ListItem","position":1,"name":"Startseite","item":"https:\/\/schweizversand.ch\/it\/home\/"},{"@type":"ListItem","position":2,"name":"Shop","item":"https:\/\/schweizversand.ch\/it\/shop\/"},{"@type":"ListItem","position":3,"name":"Ricambi","item":"https:\/\/schweizversand.ch\/it\/produkt-kategorie\/ricambi\/"},{"@type":"ListItem","position":4,"name":"Hudora","item":"https:\/\/schweizversand.ch\/it\/produkt-kategorie\/ricambi\/hudora\/"},{"@type":"ListItem","position":5,"name":"Scooter","item":"https:\/\/schweizversand.ch\/it\/produkt-kategorie\/ricambi\/hudora\/scooter\/"},{"@type":"ListItem","position":6,"name":"Piastra freno Hudora 1 con molla e bullone inclusi"}]},{"@type":"WebSite","@id":"https:\/\/schweizversand.ch\/it\/#website","url":"https:\/\/schweizversand.ch\/it\/","name":"Schweizer Shop f\u00fcr Sport, Spiel und Freizeit","description":"Gratisversand ab 50.- (netto), ab eigenem schweizer Lager, Lieferung innert 48h","publisher":{"@id":"https:\/\/schweizversand.ch\/it\/#organization"},"alternateName":"Schweizversand.ch","potentialAction":[{"@type":"SearchAction","target":{"@type":"EntryPoint","urlTemplate":"https:\/\/schweizversand.ch\/it\/?s={search_term_string}"},"query-input":{"@type":"PropertyValueSpecification","valueRequired":true,"valueName":"search_term_string"}}],"inLanguage":"it-IT"},{"@type":"Organization","@id":"https:\/\/schweizversand.ch\/it\/#organization","name":"Schweizversand.ch","url":"https:\/\/schweizversand.ch\/it\/","logo":{"@type":"ImageObject","inLanguage":"it-IT","@id":"https:\/\/schweizversand.ch\/it\/#\/schema\/logo\/image\/","url":"https:\/\/schweizversand.ch\/wp-content\/uploads\/2026\/03\/Logo_Rund_Final-1.png","contentUrl":"https:\/\/schweizversand.ch\/wp-content\/uploads\/2026\/03\/Logo_Rund_Final-1.png","width":404,"height":404,"caption":"Schweizversand.ch"},"image":{"@id":"https:\/\/schweizversand.ch\/it\/#\/schema\/logo\/image\/"},"sameAs":["https:\/\/www.facebook.com\/Schweizversand","https:\/\/www.instagram.com\/schweizversand.ch\/"]}]}},"jetpack_sharing_enabled":true,"_links":{"self":[{"href":"https:\/\/schweizversand.ch\/it\/wp-json\/wp\/v2\/product\/254439","targetHints":{"allow":["GET"]}}],"collection":[{"href":"https:\/\/schweizversand.ch\/it\/wp-json\/wp\/v2\/product"}],"about":[{"href":"https:\/\/schweizversand.ch\/it\/wp-json\/wp\/v2\/types\/product"}],"replies":[{"embeddable":true,"href":"https:\/\/schweizversand.ch\/it\/wp-json\/wp\/v2\/comments?post=254439"}],"wp:featuredmedia":[{"embeddable":true,"href":"https:\/\/schweizversand.ch\/it\/wp-json\/wp\/v2\/media\/165906"}],"wp:attachment":[{"href":"https:\/\/schweizversand.ch\/it\/wp-json\/wp\/v2\/media?parent=254439"}],"wp:term":[{"taxonomy":"product_brand","embeddable":true,"href":"https:\/\/schweizversand.ch\/it\/wp-json\/wp\/v2\/product_brand?post=254439"},{"taxonomy":"product_cat","embeddable":true,"href":"https:\/\/schweizversand.ch\/it\/wp-json\/wp\/v2\/product_cat?post=254439"},{"taxonomy":"product_tag","embeddable":true,"href":"https:\/\/schweizversand.ch\/it\/wp-json\/wp\/v2\/product_tag?post=254439"}],"curies":[{"name":"wp","href":"https:\/\/api.w.org\/{rel}","templated":true}]}}