{"id":254451,"date":"2026-03-14T23:50:07","date_gmt":"2026-03-14T22:50:07","guid":{"rendered":"https:\/\/schweizversand.ch\/produkt\/schwaiger-webcam-mit-mikrofon\/"},"modified":"2026-04-19T15:37:59","modified_gmt":"2026-04-19T13:37:59","slug":"schwaiger-webcam-mit-mikrofon","status":"publish","type":"product","link":"https:\/\/schweizversand.ch\/it\/produkt\/schwaiger-webcam-mit-mikrofon\/","title":{"rendered":"Webcam Schwaiger con microfono"},"content":{"rendered":"<h1><strong>RWCM0100 \u2013 Webcam Full HD con microfono integrato<\/strong><\/h1>\n<div>Cerchi una webcam affidabile e ad alte prestazioni per le tue esigenze di comunicazione digitale? La <strong>webcam Full HD<\/strong> RWCM0100 \u00e8 la soluzione ideale per immagini e trasmissione audio cristalline, perfetta per l&#8217;<strong>ufficio domestico<\/strong> e le videochiamate private.<\/p>\n<\/div>\n<div><strong>Qualit\u00e0 dell&#8217;immagine straordinaria<\/strong><br \/>Vivi le videoconferenze con la migliore qualit\u00e0. Questa <strong>webcam 1080p<\/strong> offre una risoluzione di 1920 x 1080 pixel (2,1 megapixel) a 25 fotogrammi al secondo (FPS). La videocamera per videoconferenze garantisce una qualit\u00e0 dell&#8217;immagine eccellente e nitida anche in condizioni di illuminazione difficili, cos\u00ec potrai sempre presentare un&#8217;immagine professionale. Funzione audio integrata: la RWCM0100 \u00e8 una webcam completamente funzionale con microfono. Il microfono integrato garantisce una trasmissione vocale chiara, eliminando la necessit\u00e0 di accessori audio aggiuntivi. Questo rende la telecamera perfetta per lo streaming live e semplifica la configurazione delle riunioni online. Installazione semplice e flessibile: grazie alla funzionalit\u00e0 plug-and-play tramite USB 2.0, l&#8217;installazione \u00e8 incredibilmente semplice: basta collegarla e iniziare a utilizzarla immediatamente. Il supporto flessibile consente un fissaggio rapido e sicuro a quasi tutti i monitor o notebook. Questa telecamera \u00e8 uno strumento indispensabile per la vita digitale di tutti i giorni e la comunicazione professionale.<\/p>\n<\/div>\n<div><strong>Dettagli tecnici e contenuto della confezione<\/strong><br \/>&#8211; Modello: Schwaiger RWCM0100<br \/>&#8211; Risoluzione: <strong>Full HD 1920 x 1080p<\/strong> (2,1 Megapixel)<br \/>&#8211; Frame rate: 25 FPS<br \/>&#8211; Connessione: Connettore USB 2.0 (Plug &#038; Play)<br \/>&#8211; Lunghezza cavo: 1,4 metri<br \/>&#8211; Dimensioni: 80 x 80 x 35 mm<br \/>&#8211; Caratteristica speciale: Microfono integrato per una trasmissione audio nitida<\/p>\n<\/div>\n<div>Investi nella RWCM0100 e assicurati una <strong>webcam<\/strong> affidabile e ad alta risoluzione che porter\u00e0 la tua comunicazione a un livello superiore.<\/p>\n<\/div>\n<div><\/div>\n","protected":false},"excerpt":{"rendered":"<p>RWCM0100 \u2013 Webcam Full HD con microfono integrato Cerchi una webcam affidabile e ad alte prestazioni per le tue esigenze di comunicazione digitale? La webcam Full HD RWCM0100 \u00e8 la soluzione ideale per immagini e trasmissione audio cristalline, perfetta per l&#8217;ufficio domestico e le videochiamate private. Qualit\u00e0 dell&#8217;immagine straordinariaVivi le videoconferenze con la migliore qualit\u00e0. Questa webcam 1080p offre una risoluzione di 1920 x 1080 pixel (2,1 megapixel) a 25 fotogrammi al secondo (FPS). La&hellip;<\/p>\n","protected":false},"featured_media":165950,"comment_status":"open","ping_status":"closed","template":"","meta":[],"product_brand":[],"product_cat":[38927],"product_tag":[],"class_list":{"0":"post-254451","1":"product","2":"type-product","3":"status-publish","4":"has-post-thumbnail","6":"product_cat-foto-video","7":"product_shipping_class-global_methods","9":"first","10":"instock","11":"taxable","12":"shipping-taxable","13":"purchasable","14":"product-type-simple"},"yoast_head":"<!-- This site is optimized with the Yoast SEO plugin v27.4 - https:\/\/yoast.com\/product\/yoast-seo-wordpress\/ -->\n<title>Schwaiger Webcam mit Mikrofon<\/title>\n<meta name=\"description\" content=\"RWCM0100 \u2013 Full HD Webcam mit integriertem Mikrofon Suchen Sie eine zuverl\u00e4ssige und leistungsstarke Kamera f\u00fcr Ihre digitalen Kommunikationsbed\u00fcrfnisse? Die RW\" \/>\n<meta name=\"robots\" content=\"index, follow, max-snippet:-1, max-image-preview:large, max-video-preview:-1\" \/>\n<link rel=\"canonical\" href=\"https:\/\/schweizversand.ch\/it\/produkt\/schwaiger-webcam-mit-mikrofon\/\" \/>\n<meta property=\"og:locale\" content=\"it_IT\" \/>\n<meta property=\"og:type\" content=\"article\" \/>\n<meta property=\"og:title\" content=\"Schwaiger Webcam mit Mikrofon\" \/>\n<meta property=\"og:description\" content=\"RWCM0100 \u2013 Full HD Webcam mit integriertem Mikrofon Suchen Sie eine zuverl\u00e4ssige und leistungsstarke Kamera f\u00fcr Ihre digitalen Kommunikationsbed\u00fcrfnisse? Die RW\" \/>\n<meta property=\"og:url\" content=\"https:\/\/schweizversand.ch\/it\/produkt\/schwaiger-webcam-mit-mikrofon\/\" \/>\n<meta property=\"og:site_name\" content=\"Schweizer Shop f\u00fcr Sport, Spiel und Freizeit\" \/>\n<meta property=\"article:publisher\" content=\"https:\/\/www.facebook.com\/Schweizversand\" \/>\n<meta property=\"article:modified_time\" content=\"2026-04-19T13:37:59+00:00\" \/>\n<meta property=\"og:image\" content=\"https:\/\/schweizversand.ch\/wp-content\/uploads\/2026\/02\/5471908603.jpg\" \/>\n\t<meta property=\"og:image:width\" content=\"819\" \/>\n\t<meta property=\"og:image:height\" content=\"1024\" \/>\n\t<meta property=\"og:image:type\" content=\"image\/jpeg\" \/>\n<meta name=\"twitter:card\" content=\"summary_large_image\" \/>\n<meta name=\"twitter:label1\" content=\"Tempo di lettura stimato\" \/>\n\t<meta name=\"twitter:data1\" content=\"1 minuto\" \/>\n<script type=\"application\/ld+json\" class=\"yoast-schema-graph\">{\"@context\":\"https:\\\/\\\/schema.org\",\"@graph\":[{\"@type\":\"WebPage\",\"@id\":\"https:\\\/\\\/schweizversand.ch\\\/it\\\/produkt\\\/schwaiger-webcam-mit-mikrofon\\\/\",\"url\":\"https:\\\/\\\/schweizversand.ch\\\/it\\\/produkt\\\/schwaiger-webcam-mit-mikrofon\\\/\",\"name\":\"Schwaiger Webcam mit Mikrofon\",\"isPartOf\":{\"@id\":\"https:\\\/\\\/schweizversand.ch\\\/it\\\/#website\"},\"primaryImageOfPage\":{\"@id\":\"https:\\\/\\\/schweizversand.ch\\\/it\\\/produkt\\\/schwaiger-webcam-mit-mikrofon\\\/#primaryimage\"},\"image\":{\"@id\":\"https:\\\/\\\/schweizversand.ch\\\/it\\\/produkt\\\/schwaiger-webcam-mit-mikrofon\\\/#primaryimage\"},\"thumbnailUrl\":\"https:\\\/\\\/schweizversand.ch\\\/wp-content\\\/uploads\\\/2026\\\/02\\\/5471908603.jpg\",\"datePublished\":\"2026-03-14T22:50:07+00:00\",\"dateModified\":\"2026-04-19T13:37:59+00:00\",\"description\":\"RWCM0100 \u2013 Full HD Webcam mit integriertem Mikrofon Suchen Sie eine zuverl\u00e4ssige und leistungsstarke Kamera f\u00fcr Ihre digitalen Kommunikationsbed\u00fcrfnisse? Die RW\",\"breadcrumb\":{\"@id\":\"https:\\\/\\\/schweizversand.ch\\\/it\\\/produkt\\\/schwaiger-webcam-mit-mikrofon\\\/#breadcrumb\"},\"inLanguage\":\"it-IT\",\"potentialAction\":[{\"@type\":\"ReadAction\",\"target\":[\"https:\\\/\\\/schweizversand.ch\\\/it\\\/produkt\\\/schwaiger-webcam-mit-mikrofon\\\/\"]}]},{\"@type\":\"ImageObject\",\"inLanguage\":\"it-IT\",\"@id\":\"https:\\\/\\\/schweizversand.ch\\\/it\\\/produkt\\\/schwaiger-webcam-mit-mikrofon\\\/#primaryimage\",\"url\":\"https:\\\/\\\/schweizversand.ch\\\/wp-content\\\/uploads\\\/2026\\\/02\\\/5471908603.jpg\",\"contentUrl\":\"https:\\\/\\\/schweizversand.ch\\\/wp-content\\\/uploads\\\/2026\\\/02\\\/5471908603.jpg\",\"width\":819,\"height\":1024},{\"@type\":\"BreadcrumbList\",\"@id\":\"https:\\\/\\\/schweizversand.ch\\\/it\\\/produkt\\\/schwaiger-webcam-mit-mikrofon\\\/#breadcrumb\",\"itemListElement\":[{\"@type\":\"ListItem\",\"position\":1,\"name\":\"Startseite\",\"item\":\"https:\\\/\\\/schweizversand.ch\\\/it\\\/home\\\/\"},{\"@type\":\"ListItem\",\"position\":2,\"name\":\"Shop\",\"item\":\"https:\\\/\\\/schweizversand.ch\\\/it\\\/shop\\\/\"},{\"@type\":\"ListItem\",\"position\":3,\"name\":\"Elettronica\",\"item\":\"https:\\\/\\\/schweizversand.ch\\\/it\\\/produkt-kategorie\\\/elettronica\\\/\"},{\"@type\":\"ListItem\",\"position\":4,\"name\":\"Accessori per smartphone\",\"item\":\"https:\\\/\\\/schweizversand.ch\\\/it\\\/produkt-kategorie\\\/elettronica\\\/accessori-per-smartphone\\\/\"},{\"@type\":\"ListItem\",\"position\":5,\"name\":\"Foto e video\",\"item\":\"https:\\\/\\\/schweizversand.ch\\\/it\\\/produkt-kategorie\\\/elettronica\\\/accessori-per-smartphone\\\/foto-video\\\/\"},{\"@type\":\"ListItem\",\"position\":6,\"name\":\"Webcam Schwaiger con microfono\"}]},{\"@type\":\"WebSite\",\"@id\":\"https:\\\/\\\/schweizversand.ch\\\/it\\\/#website\",\"url\":\"https:\\\/\\\/schweizversand.ch\\\/it\\\/\",\"name\":\"Schweizer Shop f\u00fcr Sport, Spiel und Freizeit\",\"description\":\"Gratisversand ab 50.- (netto), ab eigenem schweizer Lager, Lieferung innert 48h\",\"publisher\":{\"@id\":\"https:\\\/\\\/schweizversand.ch\\\/it\\\/#organization\"},\"alternateName\":\"Schweizversand.ch\",\"potentialAction\":[{\"@type\":\"SearchAction\",\"target\":{\"@type\":\"EntryPoint\",\"urlTemplate\":\"https:\\\/\\\/schweizversand.ch\\\/it\\\/?s={search_term_string}\"},\"query-input\":{\"@type\":\"PropertyValueSpecification\",\"valueRequired\":true,\"valueName\":\"search_term_string\"}}],\"inLanguage\":\"it-IT\"},{\"@type\":\"Organization\",\"@id\":\"https:\\\/\\\/schweizversand.ch\\\/it\\\/#organization\",\"name\":\"Schweizversand.ch\",\"url\":\"https:\\\/\\\/schweizversand.ch\\\/it\\\/\",\"logo\":{\"@type\":\"ImageObject\",\"inLanguage\":\"it-IT\",\"@id\":\"https:\\\/\\\/schweizversand.ch\\\/it\\\/#\\\/schema\\\/logo\\\/image\\\/\",\"url\":\"https:\\\/\\\/schweizversand.ch\\\/wp-content\\\/uploads\\\/2026\\\/03\\\/Logo_Rund_Final-1.png\",\"contentUrl\":\"https:\\\/\\\/schweizversand.ch\\\/wp-content\\\/uploads\\\/2026\\\/03\\\/Logo_Rund_Final-1.png\",\"width\":404,\"height\":404,\"caption\":\"Schweizversand.ch\"},\"image\":{\"@id\":\"https:\\\/\\\/schweizversand.ch\\\/it\\\/#\\\/schema\\\/logo\\\/image\\\/\"},\"sameAs\":[\"https:\\\/\\\/www.facebook.com\\\/Schweizversand\",\"https:\\\/\\\/www.instagram.com\\\/schweizversand.ch\\\/\"]}]}<\/script>\n<!-- \/ Yoast SEO plugin. -->","yoast_head_json":{"title":"Schwaiger Webcam mit Mikrofon","description":"RWCM0100 \u2013 Full HD Webcam mit integriertem Mikrofon Suchen Sie eine zuverl\u00e4ssige und leistungsstarke Kamera f\u00fcr Ihre digitalen Kommunikationsbed\u00fcrfnisse? Die RW","robots":{"index":"index","follow":"follow","max-snippet":"max-snippet:-1","max-image-preview":"max-image-preview:large","max-video-preview":"max-video-preview:-1"},"canonical":"https:\/\/schweizversand.ch\/it\/produkt\/schwaiger-webcam-mit-mikrofon\/","og_locale":"it_IT","og_type":"article","og_title":"Schwaiger Webcam mit Mikrofon","og_description":"RWCM0100 \u2013 Full HD Webcam mit integriertem Mikrofon Suchen Sie eine zuverl\u00e4ssige und leistungsstarke Kamera f\u00fcr Ihre digitalen Kommunikationsbed\u00fcrfnisse? Die RW","og_url":"https:\/\/schweizversand.ch\/it\/produkt\/schwaiger-webcam-mit-mikrofon\/","og_site_name":"Schweizer Shop f\u00fcr Sport, Spiel und Freizeit","article_publisher":"https:\/\/www.facebook.com\/Schweizversand","article_modified_time":"2026-04-19T13:37:59+00:00","og_image":[{"width":819,"height":1024,"url":"https:\/\/schweizversand.ch\/wp-content\/uploads\/2026\/02\/5471908603.jpg","type":"image\/jpeg"}],"twitter_card":"summary_large_image","twitter_misc":{"Tempo di lettura stimato":"1 minuto"},"schema":{"@context":"https:\/\/schema.org","@graph":[{"@type":"WebPage","@id":"https:\/\/schweizversand.ch\/it\/produkt\/schwaiger-webcam-mit-mikrofon\/","url":"https:\/\/schweizversand.ch\/it\/produkt\/schwaiger-webcam-mit-mikrofon\/","name":"Schwaiger Webcam mit Mikrofon","isPartOf":{"@id":"https:\/\/schweizversand.ch\/it\/#website"},"primaryImageOfPage":{"@id":"https:\/\/schweizversand.ch\/it\/produkt\/schwaiger-webcam-mit-mikrofon\/#primaryimage"},"image":{"@id":"https:\/\/schweizversand.ch\/it\/produkt\/schwaiger-webcam-mit-mikrofon\/#primaryimage"},"thumbnailUrl":"https:\/\/schweizversand.ch\/wp-content\/uploads\/2026\/02\/5471908603.jpg","datePublished":"2026-03-14T22:50:07+00:00","dateModified":"2026-04-19T13:37:59+00:00","description":"RWCM0100 \u2013 Full HD Webcam mit integriertem Mikrofon Suchen Sie eine zuverl\u00e4ssige und leistungsstarke Kamera f\u00fcr Ihre digitalen Kommunikationsbed\u00fcrfnisse? Die RW","breadcrumb":{"@id":"https:\/\/schweizversand.ch\/it\/produkt\/schwaiger-webcam-mit-mikrofon\/#breadcrumb"},"inLanguage":"it-IT","potentialAction":[{"@type":"ReadAction","target":["https:\/\/schweizversand.ch\/it\/produkt\/schwaiger-webcam-mit-mikrofon\/"]}]},{"@type":"ImageObject","inLanguage":"it-IT","@id":"https:\/\/schweizversand.ch\/it\/produkt\/schwaiger-webcam-mit-mikrofon\/#primaryimage","url":"https:\/\/schweizversand.ch\/wp-content\/uploads\/2026\/02\/5471908603.jpg","contentUrl":"https:\/\/schweizversand.ch\/wp-content\/uploads\/2026\/02\/5471908603.jpg","width":819,"height":1024},{"@type":"BreadcrumbList","@id":"https:\/\/schweizversand.ch\/it\/produkt\/schwaiger-webcam-mit-mikrofon\/#breadcrumb","itemListElement":[{"@type":"ListItem","position":1,"name":"Startseite","item":"https:\/\/schweizversand.ch\/it\/home\/"},{"@type":"ListItem","position":2,"name":"Shop","item":"https:\/\/schweizversand.ch\/it\/shop\/"},{"@type":"ListItem","position":3,"name":"Elettronica","item":"https:\/\/schweizversand.ch\/it\/produkt-kategorie\/elettronica\/"},{"@type":"ListItem","position":4,"name":"Accessori per smartphone","item":"https:\/\/schweizversand.ch\/it\/produkt-kategorie\/elettronica\/accessori-per-smartphone\/"},{"@type":"ListItem","position":5,"name":"Foto e video","item":"https:\/\/schweizversand.ch\/it\/produkt-kategorie\/elettronica\/accessori-per-smartphone\/foto-video\/"},{"@type":"ListItem","position":6,"name":"Webcam Schwaiger con microfono"}]},{"@type":"WebSite","@id":"https:\/\/schweizversand.ch\/it\/#website","url":"https:\/\/schweizversand.ch\/it\/","name":"Schweizer Shop f\u00fcr Sport, Spiel und Freizeit","description":"Gratisversand ab 50.- (netto), ab eigenem schweizer Lager, Lieferung innert 48h","publisher":{"@id":"https:\/\/schweizversand.ch\/it\/#organization"},"alternateName":"Schweizversand.ch","potentialAction":[{"@type":"SearchAction","target":{"@type":"EntryPoint","urlTemplate":"https:\/\/schweizversand.ch\/it\/?s={search_term_string}"},"query-input":{"@type":"PropertyValueSpecification","valueRequired":true,"valueName":"search_term_string"}}],"inLanguage":"it-IT"},{"@type":"Organization","@id":"https:\/\/schweizversand.ch\/it\/#organization","name":"Schweizversand.ch","url":"https:\/\/schweizversand.ch\/it\/","logo":{"@type":"ImageObject","inLanguage":"it-IT","@id":"https:\/\/schweizversand.ch\/it\/#\/schema\/logo\/image\/","url":"https:\/\/schweizversand.ch\/wp-content\/uploads\/2026\/03\/Logo_Rund_Final-1.png","contentUrl":"https:\/\/schweizversand.ch\/wp-content\/uploads\/2026\/03\/Logo_Rund_Final-1.png","width":404,"height":404,"caption":"Schweizversand.ch"},"image":{"@id":"https:\/\/schweizversand.ch\/it\/#\/schema\/logo\/image\/"},"sameAs":["https:\/\/www.facebook.com\/Schweizversand","https:\/\/www.instagram.com\/schweizversand.ch\/"]}]}},"jetpack_sharing_enabled":true,"_links":{"self":[{"href":"https:\/\/schweizversand.ch\/it\/wp-json\/wp\/v2\/product\/254451","targetHints":{"allow":["GET"]}}],"collection":[{"href":"https:\/\/schweizversand.ch\/it\/wp-json\/wp\/v2\/product"}],"about":[{"href":"https:\/\/schweizversand.ch\/it\/wp-json\/wp\/v2\/types\/product"}],"replies":[{"embeddable":true,"href":"https:\/\/schweizversand.ch\/it\/wp-json\/wp\/v2\/comments?post=254451"}],"wp:featuredmedia":[{"embeddable":true,"href":"https:\/\/schweizversand.ch\/it\/wp-json\/wp\/v2\/media\/165950"}],"wp:attachment":[{"href":"https:\/\/schweizversand.ch\/it\/wp-json\/wp\/v2\/media?parent=254451"}],"wp:term":[{"taxonomy":"product_brand","embeddable":true,"href":"https:\/\/schweizversand.ch\/it\/wp-json\/wp\/v2\/product_brand?post=254451"},{"taxonomy":"product_cat","embeddable":true,"href":"https:\/\/schweizversand.ch\/it\/wp-json\/wp\/v2\/product_cat?post=254451"},{"taxonomy":"product_tag","embeddable":true,"href":"https:\/\/schweizversand.ch\/it\/wp-json\/wp\/v2\/product_tag?post=254451"}],"curies":[{"name":"wp","href":"https:\/\/api.w.org\/{rel}","templated":true}]}}