{"id":254471,"date":"2026-03-14T23:50:17","date_gmt":"2026-03-14T22:50:17","guid":{"rendered":"https:\/\/schweizversand.ch\/produkt\/mont-blanc-activa-steel-109-dachgepaecktraeger\/"},"modified":"2026-04-22T15:37:24","modified_gmt":"2026-04-22T13:37:24","slug":"mont-blanc-activa-steel-109-dachgepaecktraeger","status":"publish","type":"product","link":"https:\/\/schweizversand.ch\/it\/produkt\/mont-blanc-activa-steel-109-dachgepaecktraeger\/","title":{"rendered":"Portapacchi Mont Blanc Activa Steel 109"},"content":{"rendered":"<h1><strong>Barre portatutto Activa Steel 109<\/strong>&nbsp;<\/h1>\n<div>Le barre portatutto Activa Steel 109 offrono una soluzione robusta ed estremamente sicura per il trasporto di carichi sul tuo veicolo. Questa coppia di barre portatutto in acciaio di alta qualit\u00e0 \u00e8 completamente preassemblata e colpisce per la sua maneggevolezza rapida e semplice e per i pi\u00f9 elevati standard di sicurezza.<\/p>\n<\/div>\n<div><strong>Compatibilit\u00e0 e montaggio superiori<\/strong><br \/>Queste versatili barre portatutto sono progettate specificamente per essere montate su un&#8217;ampia gamma di veicoli. \u00c8 necessario solo il kit adattatore opzionale per garantire il fissaggio alla maggior parte dei mancorrenti standard. Un vantaggio fondamentale \u00e8 la compatibilit\u00e0 con le nuove e moderne barre portatutto integrate (come quelle dei modelli Audi), che aumenta la flessibilit\u00e0 delle barre portatutto Activa Steel. Montaggio ultrarapido e sicuro: il montaggio delle barre portatutto \u00e8 incredibilmente facile e ultrarapido grazie al dispositivo di bloccaggio integrato. Basta ruotare l&#8217;utensile incluso e i piedini si bloccheranno contemporaneamente in modo sicuro sulla barra e sul supporto della barra portatutto. Questo garantisce una tenuta salda e riduce al minimo i tempi di installazione. Per la massima sicurezza, sono incluse serrature di alta qualit\u00e0 con chiave per proteggere il carico e le barre portatutto in acciaio dai furti. Qualit\u00e0 e sicurezza testate: affidatevi a un prodotto che soddisfa i pi\u00f9 severi standard internazionali. Le barre portatutto Activa Steel 109 sono state ampiamente testate e approvate dall&#8217;LNE (Laboratorio Nazionale Francese di Prova) e dal T\u00dcV. Soddisfano le pi\u00f9 recenti normative di sicurezza, inclusi i severi <strong>City Crash Test<\/strong>, garantendoti la massima sicurezza in ogni viaggio.<\/p>\n<\/div>\n<div><strong>Dettagli del prodotto e prestazioni<\/strong><br \/>&#8211; Materiale: acciaio di alta qualit\u00e0<br \/>&#8211; Lunghezza barre portatutto: 109 cm<br \/>&#8211; Capacit\u00e0 di carico massima: 100 kg (verificare il carico massimo sul tetto indicato dal produttore del veicolo)<br \/>&#8211; Installazione: sistema di fissaggio ultrarapido completamente preassemblato<br \/>&#8211; Sicurezza: serrature integrate con chiavi<br \/>&#8211; Omologazioni: LNE, T\u00dcV, City Crash Test<\/p>\n<p><\/div>\n<div>Investi nelle barre portatutto Activa Steel 109 per gestire le tue esigenze di trasporto in modo sicuro, efficiente e professionale.<\/div>\n","protected":false},"excerpt":{"rendered":"<p>Barre portatutto Activa Steel 109&nbsp; Le barre portatutto Activa Steel 109 offrono una soluzione robusta ed estremamente sicura per il trasporto di carichi sul tuo veicolo. Questa coppia di barre portatutto in acciaio di alta qualit\u00e0 \u00e8 completamente preassemblata e colpisce per la sua maneggevolezza rapida e semplice e per i pi\u00f9 elevati standard di sicurezza. Compatibilit\u00e0 e montaggio superioriQueste versatili barre portatutto sono progettate specificamente per essere montate su un&#8217;ampia gamma di veicoli. \u00c8&hellip;<\/p>\n","protected":false},"featured_media":166029,"comment_status":"open","ping_status":"closed","template":"","meta":[],"product_brand":[],"product_cat":[38931],"product_tag":[],"class_list":{"0":"post-254471","1":"product","2":"type-product","3":"status-publish","4":"has-post-thumbnail","6":"product_cat-diverse","7":"product_shipping_class-global_methods","9":"first","10":"instock","11":"taxable","12":"shipping-taxable","13":"purchasable","14":"product-type-simple"},"yoast_head":"<!-- This site is optimized with the Yoast SEO plugin v27.4 - https:\/\/yoast.com\/product\/yoast-seo-wordpress\/ -->\n<title>Mont Blanc Activa Steel 109 Dachgep\u00e4cktr\u00e4ger | Jetzt kaufen | Schweizversand.ch<\/title>\n<meta name=\"description\" content=\"Mont Blanc Activa Steel 109 Dachgep\u00e4cktr\u00e4ger g\u00fcnstig kaufen bei Schweizversand.ch. Schnelle Lieferung in der Schweiz. Gratisversand ab CHF 50.\" \/>\n<meta name=\"robots\" content=\"index, follow, max-snippet:-1, max-image-preview:large, max-video-preview:-1\" \/>\n<link rel=\"canonical\" href=\"https:\/\/schweizversand.ch\/it\/produkt\/mont-blanc-activa-steel-109-dachgepaecktraeger\/\" \/>\n<meta property=\"og:locale\" content=\"it_IT\" \/>\n<meta property=\"og:type\" content=\"article\" \/>\n<meta property=\"og:title\" content=\"Mont Blanc Activa Steel 109 Dachgep\u00e4cktr\u00e4ger | Jetzt kaufen | Schweizversand.ch\" \/>\n<meta property=\"og:description\" content=\"Mont Blanc Activa Steel 109 Dachgep\u00e4cktr\u00e4ger g\u00fcnstig kaufen bei Schweizversand.ch. Schnelle Lieferung in der Schweiz. Gratisversand ab CHF 50.\" \/>\n<meta property=\"og:url\" content=\"https:\/\/schweizversand.ch\/it\/produkt\/mont-blanc-activa-steel-109-dachgepaecktraeger\/\" \/>\n<meta property=\"og:site_name\" content=\"Schweizer Shop f\u00fcr Sport, Spiel und Freizeit\" \/>\n<meta property=\"article:publisher\" content=\"https:\/\/www.facebook.com\/Schweizversand\" \/>\n<meta property=\"article:modified_time\" content=\"2026-04-22T13:37:24+00:00\" \/>\n<meta property=\"og:image\" content=\"https:\/\/schweizversand.ch\/wp-content\/uploads\/2026\/02\/5536873389.png\" \/>\n\t<meta property=\"og:image:width\" content=\"1024\" \/>\n\t<meta property=\"og:image:height\" content=\"605\" \/>\n\t<meta property=\"og:image:type\" content=\"image\/png\" \/>\n<meta name=\"twitter:card\" content=\"summary_large_image\" \/>\n<meta name=\"twitter:label1\" content=\"Tempo di lettura stimato\" \/>\n\t<meta name=\"twitter:data1\" content=\"2 minuto\" \/>\n<script type=\"application\/ld+json\" class=\"yoast-schema-graph\">{\"@context\":\"https:\\\/\\\/schema.org\",\"@graph\":[{\"@type\":\"WebPage\",\"@id\":\"https:\\\/\\\/schweizversand.ch\\\/it\\\/produkt\\\/mont-blanc-activa-steel-109-dachgepaecktraeger\\\/\",\"url\":\"https:\\\/\\\/schweizversand.ch\\\/it\\\/produkt\\\/mont-blanc-activa-steel-109-dachgepaecktraeger\\\/\",\"name\":\"Mont Blanc Activa Steel 109 Dachgep\u00e4cktr\u00e4ger | Jetzt kaufen | Schweizversand.ch\",\"isPartOf\":{\"@id\":\"https:\\\/\\\/schweizversand.ch\\\/it\\\/#website\"},\"primaryImageOfPage\":{\"@id\":\"https:\\\/\\\/schweizversand.ch\\\/it\\\/produkt\\\/mont-blanc-activa-steel-109-dachgepaecktraeger\\\/#primaryimage\"},\"image\":{\"@id\":\"https:\\\/\\\/schweizversand.ch\\\/it\\\/produkt\\\/mont-blanc-activa-steel-109-dachgepaecktraeger\\\/#primaryimage\"},\"thumbnailUrl\":\"https:\\\/\\\/schweizversand.ch\\\/wp-content\\\/uploads\\\/2026\\\/02\\\/5536873389.png\",\"datePublished\":\"2026-03-14T22:50:17+00:00\",\"dateModified\":\"2026-04-22T13:37:24+00:00\",\"description\":\"Mont Blanc Activa Steel 109 Dachgep\u00e4cktr\u00e4ger g\u00fcnstig kaufen bei Schweizversand.ch. Schnelle Lieferung in der Schweiz. Gratisversand ab CHF 50.\",\"breadcrumb\":{\"@id\":\"https:\\\/\\\/schweizversand.ch\\\/it\\\/produkt\\\/mont-blanc-activa-steel-109-dachgepaecktraeger\\\/#breadcrumb\"},\"inLanguage\":\"it-IT\",\"potentialAction\":[{\"@type\":\"ReadAction\",\"target\":[\"https:\\\/\\\/schweizversand.ch\\\/it\\\/produkt\\\/mont-blanc-activa-steel-109-dachgepaecktraeger\\\/\"]}]},{\"@type\":\"ImageObject\",\"inLanguage\":\"it-IT\",\"@id\":\"https:\\\/\\\/schweizversand.ch\\\/it\\\/produkt\\\/mont-blanc-activa-steel-109-dachgepaecktraeger\\\/#primaryimage\",\"url\":\"https:\\\/\\\/schweizversand.ch\\\/wp-content\\\/uploads\\\/2026\\\/02\\\/5536873389.png\",\"contentUrl\":\"https:\\\/\\\/schweizversand.ch\\\/wp-content\\\/uploads\\\/2026\\\/02\\\/5536873389.png\",\"width\":1024,\"height\":605},{\"@type\":\"BreadcrumbList\",\"@id\":\"https:\\\/\\\/schweizversand.ch\\\/it\\\/produkt\\\/mont-blanc-activa-steel-109-dachgepaecktraeger\\\/#breadcrumb\",\"itemListElement\":[{\"@type\":\"ListItem\",\"position\":1,\"name\":\"Startseite\",\"item\":\"https:\\\/\\\/schweizversand.ch\\\/it\\\/home\\\/\"},{\"@type\":\"ListItem\",\"position\":2,\"name\":\"Shop\",\"item\":\"https:\\\/\\\/schweizversand.ch\\\/it\\\/shop\\\/\"},{\"@type\":\"ListItem\",\"position\":3,\"name\":\"Forniture per veicoli\",\"item\":\"https:\\\/\\\/schweizversand.ch\\\/it\\\/produkt-kategorie\\\/forniture-per-veicoli\\\/\"},{\"@type\":\"ListItem\",\"position\":4,\"name\":\"Auto\",\"item\":\"https:\\\/\\\/schweizversand.ch\\\/it\\\/produkt-kategorie\\\/forniture-per-veicoli\\\/auto\\\/\"},{\"@type\":\"ListItem\",\"position\":5,\"name\":\"Varie\",\"item\":\"https:\\\/\\\/schweizversand.ch\\\/it\\\/produkt-kategorie\\\/forniture-per-veicoli\\\/auto\\\/diverse\\\/\"},{\"@type\":\"ListItem\",\"position\":6,\"name\":\"Portapacchi Mont Blanc Activa Steel 109\"}]},{\"@type\":\"WebSite\",\"@id\":\"https:\\\/\\\/schweizversand.ch\\\/it\\\/#website\",\"url\":\"https:\\\/\\\/schweizversand.ch\\\/it\\\/\",\"name\":\"Schweizer Shop f\u00fcr Sport, Spiel und Freizeit\",\"description\":\"Gratisversand ab 50.- (netto), ab eigenem schweizer Lager, Lieferung innert 48h\",\"publisher\":{\"@id\":\"https:\\\/\\\/schweizversand.ch\\\/it\\\/#organization\"},\"alternateName\":\"Schweizversand.ch\",\"potentialAction\":[{\"@type\":\"SearchAction\",\"target\":{\"@type\":\"EntryPoint\",\"urlTemplate\":\"https:\\\/\\\/schweizversand.ch\\\/it\\\/?s={search_term_string}\"},\"query-input\":{\"@type\":\"PropertyValueSpecification\",\"valueRequired\":true,\"valueName\":\"search_term_string\"}}],\"inLanguage\":\"it-IT\"},{\"@type\":\"Organization\",\"@id\":\"https:\\\/\\\/schweizversand.ch\\\/it\\\/#organization\",\"name\":\"Schweizversand.ch\",\"url\":\"https:\\\/\\\/schweizversand.ch\\\/it\\\/\",\"logo\":{\"@type\":\"ImageObject\",\"inLanguage\":\"it-IT\",\"@id\":\"https:\\\/\\\/schweizversand.ch\\\/it\\\/#\\\/schema\\\/logo\\\/image\\\/\",\"url\":\"https:\\\/\\\/schweizversand.ch\\\/wp-content\\\/uploads\\\/2026\\\/03\\\/Logo_Rund_Final-1.png\",\"contentUrl\":\"https:\\\/\\\/schweizversand.ch\\\/wp-content\\\/uploads\\\/2026\\\/03\\\/Logo_Rund_Final-1.png\",\"width\":404,\"height\":404,\"caption\":\"Schweizversand.ch\"},\"image\":{\"@id\":\"https:\\\/\\\/schweizversand.ch\\\/it\\\/#\\\/schema\\\/logo\\\/image\\\/\"},\"sameAs\":[\"https:\\\/\\\/www.facebook.com\\\/Schweizversand\",\"https:\\\/\\\/www.instagram.com\\\/schweizversand.ch\\\/\"]}]}<\/script>\n<!-- \/ Yoast SEO plugin. -->","yoast_head_json":{"title":"Mont Blanc Activa Steel 109 Dachgep\u00e4cktr\u00e4ger | Jetzt kaufen | Schweizversand.ch","description":"Mont Blanc Activa Steel 109 Dachgep\u00e4cktr\u00e4ger g\u00fcnstig kaufen bei Schweizversand.ch. Schnelle Lieferung in der Schweiz. Gratisversand ab CHF 50.","robots":{"index":"index","follow":"follow","max-snippet":"max-snippet:-1","max-image-preview":"max-image-preview:large","max-video-preview":"max-video-preview:-1"},"canonical":"https:\/\/schweizversand.ch\/it\/produkt\/mont-blanc-activa-steel-109-dachgepaecktraeger\/","og_locale":"it_IT","og_type":"article","og_title":"Mont Blanc Activa Steel 109 Dachgep\u00e4cktr\u00e4ger | Jetzt kaufen | Schweizversand.ch","og_description":"Mont Blanc Activa Steel 109 Dachgep\u00e4cktr\u00e4ger g\u00fcnstig kaufen bei Schweizversand.ch. Schnelle Lieferung in der Schweiz. Gratisversand ab CHF 50.","og_url":"https:\/\/schweizversand.ch\/it\/produkt\/mont-blanc-activa-steel-109-dachgepaecktraeger\/","og_site_name":"Schweizer Shop f\u00fcr Sport, Spiel und Freizeit","article_publisher":"https:\/\/www.facebook.com\/Schweizversand","article_modified_time":"2026-04-22T13:37:24+00:00","og_image":[{"width":1024,"height":605,"url":"https:\/\/schweizversand.ch\/wp-content\/uploads\/2026\/02\/5536873389.png","type":"image\/png"}],"twitter_card":"summary_large_image","twitter_misc":{"Tempo di lettura stimato":"2 minuto"},"schema":{"@context":"https:\/\/schema.org","@graph":[{"@type":"WebPage","@id":"https:\/\/schweizversand.ch\/it\/produkt\/mont-blanc-activa-steel-109-dachgepaecktraeger\/","url":"https:\/\/schweizversand.ch\/it\/produkt\/mont-blanc-activa-steel-109-dachgepaecktraeger\/","name":"Mont Blanc Activa Steel 109 Dachgep\u00e4cktr\u00e4ger | Jetzt kaufen | Schweizversand.ch","isPartOf":{"@id":"https:\/\/schweizversand.ch\/it\/#website"},"primaryImageOfPage":{"@id":"https:\/\/schweizversand.ch\/it\/produkt\/mont-blanc-activa-steel-109-dachgepaecktraeger\/#primaryimage"},"image":{"@id":"https:\/\/schweizversand.ch\/it\/produkt\/mont-blanc-activa-steel-109-dachgepaecktraeger\/#primaryimage"},"thumbnailUrl":"https:\/\/schweizversand.ch\/wp-content\/uploads\/2026\/02\/5536873389.png","datePublished":"2026-03-14T22:50:17+00:00","dateModified":"2026-04-22T13:37:24+00:00","description":"Mont Blanc Activa Steel 109 Dachgep\u00e4cktr\u00e4ger g\u00fcnstig kaufen bei Schweizversand.ch. Schnelle Lieferung in der Schweiz. Gratisversand ab CHF 50.","breadcrumb":{"@id":"https:\/\/schweizversand.ch\/it\/produkt\/mont-blanc-activa-steel-109-dachgepaecktraeger\/#breadcrumb"},"inLanguage":"it-IT","potentialAction":[{"@type":"ReadAction","target":["https:\/\/schweizversand.ch\/it\/produkt\/mont-blanc-activa-steel-109-dachgepaecktraeger\/"]}]},{"@type":"ImageObject","inLanguage":"it-IT","@id":"https:\/\/schweizversand.ch\/it\/produkt\/mont-blanc-activa-steel-109-dachgepaecktraeger\/#primaryimage","url":"https:\/\/schweizversand.ch\/wp-content\/uploads\/2026\/02\/5536873389.png","contentUrl":"https:\/\/schweizversand.ch\/wp-content\/uploads\/2026\/02\/5536873389.png","width":1024,"height":605},{"@type":"BreadcrumbList","@id":"https:\/\/schweizversand.ch\/it\/produkt\/mont-blanc-activa-steel-109-dachgepaecktraeger\/#breadcrumb","itemListElement":[{"@type":"ListItem","position":1,"name":"Startseite","item":"https:\/\/schweizversand.ch\/it\/home\/"},{"@type":"ListItem","position":2,"name":"Shop","item":"https:\/\/schweizversand.ch\/it\/shop\/"},{"@type":"ListItem","position":3,"name":"Forniture per veicoli","item":"https:\/\/schweizversand.ch\/it\/produkt-kategorie\/forniture-per-veicoli\/"},{"@type":"ListItem","position":4,"name":"Auto","item":"https:\/\/schweizversand.ch\/it\/produkt-kategorie\/forniture-per-veicoli\/auto\/"},{"@type":"ListItem","position":5,"name":"Varie","item":"https:\/\/schweizversand.ch\/it\/produkt-kategorie\/forniture-per-veicoli\/auto\/diverse\/"},{"@type":"ListItem","position":6,"name":"Portapacchi Mont Blanc Activa Steel 109"}]},{"@type":"WebSite","@id":"https:\/\/schweizversand.ch\/it\/#website","url":"https:\/\/schweizversand.ch\/it\/","name":"Schweizer Shop f\u00fcr Sport, Spiel und Freizeit","description":"Gratisversand ab 50.- (netto), ab eigenem schweizer Lager, Lieferung innert 48h","publisher":{"@id":"https:\/\/schweizversand.ch\/it\/#organization"},"alternateName":"Schweizversand.ch","potentialAction":[{"@type":"SearchAction","target":{"@type":"EntryPoint","urlTemplate":"https:\/\/schweizversand.ch\/it\/?s={search_term_string}"},"query-input":{"@type":"PropertyValueSpecification","valueRequired":true,"valueName":"search_term_string"}}],"inLanguage":"it-IT"},{"@type":"Organization","@id":"https:\/\/schweizversand.ch\/it\/#organization","name":"Schweizversand.ch","url":"https:\/\/schweizversand.ch\/it\/","logo":{"@type":"ImageObject","inLanguage":"it-IT","@id":"https:\/\/schweizversand.ch\/it\/#\/schema\/logo\/image\/","url":"https:\/\/schweizversand.ch\/wp-content\/uploads\/2026\/03\/Logo_Rund_Final-1.png","contentUrl":"https:\/\/schweizversand.ch\/wp-content\/uploads\/2026\/03\/Logo_Rund_Final-1.png","width":404,"height":404,"caption":"Schweizversand.ch"},"image":{"@id":"https:\/\/schweizversand.ch\/it\/#\/schema\/logo\/image\/"},"sameAs":["https:\/\/www.facebook.com\/Schweizversand","https:\/\/www.instagram.com\/schweizversand.ch\/"]}]}},"jetpack_sharing_enabled":true,"_links":{"self":[{"href":"https:\/\/schweizversand.ch\/it\/wp-json\/wp\/v2\/product\/254471","targetHints":{"allow":["GET"]}}],"collection":[{"href":"https:\/\/schweizversand.ch\/it\/wp-json\/wp\/v2\/product"}],"about":[{"href":"https:\/\/schweizversand.ch\/it\/wp-json\/wp\/v2\/types\/product"}],"replies":[{"embeddable":true,"href":"https:\/\/schweizversand.ch\/it\/wp-json\/wp\/v2\/comments?post=254471"}],"wp:featuredmedia":[{"embeddable":true,"href":"https:\/\/schweizversand.ch\/it\/wp-json\/wp\/v2\/media\/166029"}],"wp:attachment":[{"href":"https:\/\/schweizversand.ch\/it\/wp-json\/wp\/v2\/media?parent=254471"}],"wp:term":[{"taxonomy":"product_brand","embeddable":true,"href":"https:\/\/schweizversand.ch\/it\/wp-json\/wp\/v2\/product_brand?post=254471"},{"taxonomy":"product_cat","embeddable":true,"href":"https:\/\/schweizversand.ch\/it\/wp-json\/wp\/v2\/product_cat?post=254471"},{"taxonomy":"product_tag","embeddable":true,"href":"https:\/\/schweizversand.ch\/it\/wp-json\/wp\/v2\/product_tag?post=254471"}],"curies":[{"name":"wp","href":"https:\/\/api.w.org\/{rel}","templated":true}]}}