{"id":254488,"date":"2026-03-15T00:57:20","date_gmt":"2026-03-14T23:57:20","guid":{"rendered":"https:\/\/schweizversand.ch\/produkt\/hudora-fussballtor-trainer-mit-torwand\/"},"modified":"2026-04-12T02:11:32","modified_gmt":"2026-04-12T00:11:32","slug":"hudora-fussballtor-trainer-mit-torwand","status":"publish","type":"product","link":"https:\/\/schweizversand.ch\/it\/produkt\/hudora-fussballtor-trainer-mit-torwand\/","title":{"rendered":"Hudora Football Port Trainer con parete bersaglio"},"content":{"rendered":"<h1><strong>Porta da calcio Hudora con parete bersaglio 213&#215;152<\/strong><\/h1>\n<div>\n<\/div>\n<div>Aumenta la passione per il calcio di tuo figlio con la versatile <strong>porta da calcio Hudora<\/strong>. Progettata appositamente per l&#8217;uso in giardino, questa porta offre la combinazione perfetta tra divertimento ed efficacia nell&#8217;allenamento. \u00c8 la <strong>porta da calcio per bambini ideale per il giardino<\/strong>, ideale per migliorare le abilit\u00e0 tecniche e la precisione di tiro.<\/p>\n<\/div>\n<div><strong>Dimensioni perfette per l&#8217;allenamento e il gioco<\/strong><br \/>Con le sue dimensioni ideali, questa <strong>porta da calcio Hudora<\/strong> \u00e8 perfettamente adatta alle esigenze dei giovani calciatori. La porta offre ampio spazio per partite emozionanti, pur rimanendo sufficientemente compatta per quasi ogni area esterna.<\/p>\n<\/div>\n<div><strong>Caratteristiche principali e dimensioni del prodotto<\/strong><br \/>&#8211; Dimensioni ideali per il giardino: <strong>213 x 152 x 76 cm<\/strong><br \/>&#8211; Robusto telaio tubolare: \u00d8 25 mm, verniciato a polvere in nero<br \/>&#8211; Rete resistente alle intemperie in robusto PE<br \/>&#8211; Include parete di tiro in poliestere con due fori di tiro rinforzati<\/p>\n<\/div>\n<div><strong>Facile da montare e stabile<\/strong><br \/>Questa <strong>porta da calcio per l&#8217;allenamento giovanile<\/strong> \u00e8 caratterizzata da un montaggio rapido e semplice. Grazie all&#8217;innovativo <strong>sistema di sgancio rapido Easy-Click<\/strong> e ai pali etichettati, la porta \u00e8 pronta all&#8217;uso in pochissimo tempo. La struttura garantisce durata e pu\u00f2 resistere anche a partite ad alta energia. Appoggio sicuro a ogni tiro: per garantire la massima sicurezza e stabilit\u00e0, la porta viene fornita con un totale di undici picchetti. Cinque picchetti fissano saldamente la porta al terreno, mentre sei picchetti aggiuntivi assicurano che la parete di bersagli rimanga saldamente in posizione. Questo mantiene la tua porta Hudora Trainer Goal in posizione in modo affidabile, anche con tiri potenti. Allenamento di tiro mirato con la parete di bersagli: la parete di bersagli in poliestere inclusa trasforma la porta in un efficace strumento di allenamento. I due fori di tiro rinforzati stimolano la precisione e aiutano i giovani giocatori a migliorare la loro precisione in modo giocoso. Utilizza la <strong>porta da calcio con parete di bersagli<\/strong> per migliorare in modo duraturo la tecnica di tuo figlio.<\/p>\n<\/div>\n<div><strong>Il tuo vantaggio<\/strong><br \/>Investi in questa <strong>porta da calcio 213&#215;152<\/strong> di alta qualit\u00e0 e offri a tuo figlio non solo divertimento, ma anche uno strumento di allenamento professionale. Ordina ora e guarda il tuo futuro calciatore migliorare le sue abilit\u00e0 nel suo giardino.<\/p>\n<\/div>\n<div>\n<\/div>\n","protected":false},"excerpt":{"rendered":"<p>Porta da calcio Hudora con parete bersaglio 213&#215;152 Aumenta la passione per il calcio di tuo figlio con la versatile porta da calcio Hudora. Progettata appositamente per l&#8217;uso in giardino, questa porta offre la combinazione perfetta tra divertimento ed efficacia nell&#8217;allenamento. \u00c8 la porta da calcio per bambini ideale per il giardino, ideale per migliorare le abilit\u00e0 tecniche e la precisione di tiro. Dimensioni perfette per l&#8217;allenamento e il giocoCon le sue dimensioni ideali, questa&hellip;<\/p>\n","protected":false},"featured_media":254493,"comment_status":"open","ping_status":"closed","template":"","meta":[],"product_brand":[],"product_cat":[38560,38933],"product_tag":[],"class_list":{"0":"post-254488","1":"product","2":"type-product","3":"status-publish","4":"has-post-thumbnail","6":"product_cat-calcio","7":"product_cat-ballsport","8":"product_shipping_class-global_methods","10":"first","11":"instock","12":"taxable","13":"shipping-taxable","14":"purchasable","15":"product-type-simple"},"yoast_head":"<!-- This site is optimized with the Yoast SEO plugin v27.3 - https:\/\/yoast.com\/product\/yoast-seo-wordpress\/ -->\n<title>Hudora Fussballtor Trainer mit Torwand | Jetzt kaufen | Schweizversand.ch<\/title>\n<meta name=\"description\" content=\"Hudora Fussballtor Trainer mit Torwand g\u00fcnstig kaufen bei Schweizversand.ch. Schnelle Lieferung in der Schweiz. Gratisversand ab CHF 50.\" \/>\n<meta name=\"robots\" content=\"index, follow, max-snippet:-1, max-image-preview:large, max-video-preview:-1\" \/>\n<link rel=\"canonical\" href=\"https:\/\/schweizversand.ch\/it\/produkt\/hudora-fussballtor-trainer-mit-torwand\/\" \/>\n<meta property=\"og:locale\" content=\"it_IT\" \/>\n<meta property=\"og:type\" content=\"article\" \/>\n<meta property=\"og:title\" content=\"Hudora Fussballtor Trainer mit Torwand | Jetzt kaufen | Schweizversand.ch\" \/>\n<meta property=\"og:description\" content=\"Hudora Fussballtor Trainer mit Torwand g\u00fcnstig kaufen bei Schweizversand.ch. Schnelle Lieferung in der Schweiz. Gratisversand ab CHF 50.\" \/>\n<meta property=\"og:url\" content=\"https:\/\/schweizversand.ch\/it\/produkt\/hudora-fussballtor-trainer-mit-torwand\/\" \/>\n<meta property=\"og:site_name\" content=\"Schweizer Shop f\u00fcr Sport, Spiel und Freizeit\" \/>\n<meta property=\"article:publisher\" content=\"https:\/\/www.facebook.com\/Schweizversand\" \/>\n<meta property=\"article:modified_time\" content=\"2026-04-12T00:11:32+00:00\" \/>\n<meta property=\"og:image\" content=\"https:\/\/schweizversand.ch\/wp-content\/uploads\/2026\/03\/5489625087.jpg\" \/>\n\t<meta property=\"og:image:width\" content=\"810\" \/>\n\t<meta property=\"og:image:height\" content=\"1080\" \/>\n\t<meta property=\"og:image:type\" content=\"image\/jpeg\" \/>\n<meta name=\"twitter:card\" content=\"summary_large_image\" \/>\n<meta name=\"twitter:label1\" content=\"Tempo di lettura stimato\" \/>\n\t<meta name=\"twitter:data1\" content=\"2 minuto\" \/>\n<script type=\"application\/ld+json\" class=\"yoast-schema-graph\">{\"@context\":\"https:\\\/\\\/schema.org\",\"@graph\":[{\"@type\":\"WebPage\",\"@id\":\"https:\\\/\\\/schweizversand.ch\\\/it\\\/produkt\\\/hudora-fussballtor-trainer-mit-torwand\\\/\",\"url\":\"https:\\\/\\\/schweizversand.ch\\\/it\\\/produkt\\\/hudora-fussballtor-trainer-mit-torwand\\\/\",\"name\":\"Hudora Fussballtor Trainer mit Torwand | Jetzt kaufen | Schweizversand.ch\",\"isPartOf\":{\"@id\":\"https:\\\/\\\/schweizversand.ch\\\/it\\\/#website\"},\"primaryImageOfPage\":{\"@id\":\"https:\\\/\\\/schweizversand.ch\\\/it\\\/produkt\\\/hudora-fussballtor-trainer-mit-torwand\\\/#primaryimage\"},\"image\":{\"@id\":\"https:\\\/\\\/schweizversand.ch\\\/it\\\/produkt\\\/hudora-fussballtor-trainer-mit-torwand\\\/#primaryimage\"},\"thumbnailUrl\":\"https:\\\/\\\/schweizversand.ch\\\/wp-content\\\/uploads\\\/2026\\\/03\\\/5489625087.jpg\",\"datePublished\":\"2026-03-14T23:57:20+00:00\",\"dateModified\":\"2026-04-12T00:11:32+00:00\",\"description\":\"Hudora Fussballtor Trainer mit Torwand g\u00fcnstig kaufen bei Schweizversand.ch. Schnelle Lieferung in der Schweiz. Gratisversand ab CHF 50.\",\"breadcrumb\":{\"@id\":\"https:\\\/\\\/schweizversand.ch\\\/it\\\/produkt\\\/hudora-fussballtor-trainer-mit-torwand\\\/#breadcrumb\"},\"inLanguage\":\"it-IT\",\"potentialAction\":[{\"@type\":\"ReadAction\",\"target\":[\"https:\\\/\\\/schweizversand.ch\\\/it\\\/produkt\\\/hudora-fussballtor-trainer-mit-torwand\\\/\"]}]},{\"@type\":\"ImageObject\",\"inLanguage\":\"it-IT\",\"@id\":\"https:\\\/\\\/schweizversand.ch\\\/it\\\/produkt\\\/hudora-fussballtor-trainer-mit-torwand\\\/#primaryimage\",\"url\":\"https:\\\/\\\/schweizversand.ch\\\/wp-content\\\/uploads\\\/2026\\\/03\\\/5489625087.jpg\",\"contentUrl\":\"https:\\\/\\\/schweizversand.ch\\\/wp-content\\\/uploads\\\/2026\\\/03\\\/5489625087.jpg\",\"width\":810,\"height\":1080},{\"@type\":\"BreadcrumbList\",\"@id\":\"https:\\\/\\\/schweizversand.ch\\\/it\\\/produkt\\\/hudora-fussballtor-trainer-mit-torwand\\\/#breadcrumb\",\"itemListElement\":[{\"@type\":\"ListItem\",\"position\":1,\"name\":\"Startseite\",\"item\":\"https:\\\/\\\/schweizversand.ch\\\/it\\\/\"},{\"@type\":\"ListItem\",\"position\":2,\"name\":\"Shop\",\"item\":\"https:\\\/\\\/schweizversand.ch\\\/it\\\/shop\\\/\"},{\"@type\":\"ListItem\",\"position\":3,\"name\":\"Hudora Football Port Trainer con parete bersaglio\"}]},{\"@type\":\"WebSite\",\"@id\":\"https:\\\/\\\/schweizversand.ch\\\/it\\\/#website\",\"url\":\"https:\\\/\\\/schweizversand.ch\\\/it\\\/\",\"name\":\"Schweizer Shop f\u00fcr Sport, Spiel und Freizeit\",\"description\":\"Gratisversand ab 50.- (netto), ab eigenem schweizer Lager, Lieferung innert 48h\",\"publisher\":{\"@id\":\"https:\\\/\\\/schweizversand.ch\\\/it\\\/#organization\"},\"alternateName\":\"Schweizversand.ch\",\"potentialAction\":[{\"@type\":\"SearchAction\",\"target\":{\"@type\":\"EntryPoint\",\"urlTemplate\":\"https:\\\/\\\/schweizversand.ch\\\/it\\\/?s={search_term_string}\"},\"query-input\":{\"@type\":\"PropertyValueSpecification\",\"valueRequired\":true,\"valueName\":\"search_term_string\"}}],\"inLanguage\":\"it-IT\"},{\"@type\":\"Organization\",\"@id\":\"https:\\\/\\\/schweizversand.ch\\\/it\\\/#organization\",\"name\":\"Schweizversand.ch\",\"url\":\"https:\\\/\\\/schweizversand.ch\\\/it\\\/\",\"logo\":{\"@type\":\"ImageObject\",\"inLanguage\":\"it-IT\",\"@id\":\"https:\\\/\\\/schweizversand.ch\\\/it\\\/#\\\/schema\\\/logo\\\/image\\\/\",\"url\":\"https:\\\/\\\/schweizversand.ch\\\/wp-content\\\/uploads\\\/2026\\\/03\\\/Logo_Rund_Final-1.png\",\"contentUrl\":\"https:\\\/\\\/schweizversand.ch\\\/wp-content\\\/uploads\\\/2026\\\/03\\\/Logo_Rund_Final-1.png\",\"width\":404,\"height\":404,\"caption\":\"Schweizversand.ch\"},\"image\":{\"@id\":\"https:\\\/\\\/schweizversand.ch\\\/it\\\/#\\\/schema\\\/logo\\\/image\\\/\"},\"sameAs\":[\"https:\\\/\\\/www.facebook.com\\\/Schweizversand\",\"https:\\\/\\\/www.instagram.com\\\/schweizversand.ch\\\/\"]}]}<\/script>\n<!-- \/ Yoast SEO plugin. -->","yoast_head_json":{"title":"Hudora Fussballtor Trainer mit Torwand | Jetzt kaufen | Schweizversand.ch","description":"Hudora Fussballtor Trainer mit Torwand g\u00fcnstig kaufen bei Schweizversand.ch. Schnelle Lieferung in der Schweiz. Gratisversand ab CHF 50.","robots":{"index":"index","follow":"follow","max-snippet":"max-snippet:-1","max-image-preview":"max-image-preview:large","max-video-preview":"max-video-preview:-1"},"canonical":"https:\/\/schweizversand.ch\/it\/produkt\/hudora-fussballtor-trainer-mit-torwand\/","og_locale":"it_IT","og_type":"article","og_title":"Hudora Fussballtor Trainer mit Torwand | Jetzt kaufen | Schweizversand.ch","og_description":"Hudora Fussballtor Trainer mit Torwand g\u00fcnstig kaufen bei Schweizversand.ch. Schnelle Lieferung in der Schweiz. Gratisversand ab CHF 50.","og_url":"https:\/\/schweizversand.ch\/it\/produkt\/hudora-fussballtor-trainer-mit-torwand\/","og_site_name":"Schweizer Shop f\u00fcr Sport, Spiel und Freizeit","article_publisher":"https:\/\/www.facebook.com\/Schweizversand","article_modified_time":"2026-04-12T00:11:32+00:00","og_image":[{"width":810,"height":1080,"url":"https:\/\/schweizversand.ch\/wp-content\/uploads\/2026\/03\/5489625087.jpg","type":"image\/jpeg"}],"twitter_card":"summary_large_image","twitter_misc":{"Tempo di lettura stimato":"2 minuto"},"schema":{"@context":"https:\/\/schema.org","@graph":[{"@type":"WebPage","@id":"https:\/\/schweizversand.ch\/it\/produkt\/hudora-fussballtor-trainer-mit-torwand\/","url":"https:\/\/schweizversand.ch\/it\/produkt\/hudora-fussballtor-trainer-mit-torwand\/","name":"Hudora Fussballtor Trainer mit Torwand | Jetzt kaufen | Schweizversand.ch","isPartOf":{"@id":"https:\/\/schweizversand.ch\/it\/#website"},"primaryImageOfPage":{"@id":"https:\/\/schweizversand.ch\/it\/produkt\/hudora-fussballtor-trainer-mit-torwand\/#primaryimage"},"image":{"@id":"https:\/\/schweizversand.ch\/it\/produkt\/hudora-fussballtor-trainer-mit-torwand\/#primaryimage"},"thumbnailUrl":"https:\/\/schweizversand.ch\/wp-content\/uploads\/2026\/03\/5489625087.jpg","datePublished":"2026-03-14T23:57:20+00:00","dateModified":"2026-04-12T00:11:32+00:00","description":"Hudora Fussballtor Trainer mit Torwand g\u00fcnstig kaufen bei Schweizversand.ch. Schnelle Lieferung in der Schweiz. Gratisversand ab CHF 50.","breadcrumb":{"@id":"https:\/\/schweizversand.ch\/it\/produkt\/hudora-fussballtor-trainer-mit-torwand\/#breadcrumb"},"inLanguage":"it-IT","potentialAction":[{"@type":"ReadAction","target":["https:\/\/schweizversand.ch\/it\/produkt\/hudora-fussballtor-trainer-mit-torwand\/"]}]},{"@type":"ImageObject","inLanguage":"it-IT","@id":"https:\/\/schweizversand.ch\/it\/produkt\/hudora-fussballtor-trainer-mit-torwand\/#primaryimage","url":"https:\/\/schweizversand.ch\/wp-content\/uploads\/2026\/03\/5489625087.jpg","contentUrl":"https:\/\/schweizversand.ch\/wp-content\/uploads\/2026\/03\/5489625087.jpg","width":810,"height":1080},{"@type":"BreadcrumbList","@id":"https:\/\/schweizversand.ch\/it\/produkt\/hudora-fussballtor-trainer-mit-torwand\/#breadcrumb","itemListElement":[{"@type":"ListItem","position":1,"name":"Startseite","item":"https:\/\/schweizversand.ch\/it\/"},{"@type":"ListItem","position":2,"name":"Shop","item":"https:\/\/schweizversand.ch\/it\/shop\/"},{"@type":"ListItem","position":3,"name":"Hudora Football Port Trainer con parete bersaglio"}]},{"@type":"WebSite","@id":"https:\/\/schweizversand.ch\/it\/#website","url":"https:\/\/schweizversand.ch\/it\/","name":"Schweizer Shop f\u00fcr Sport, Spiel und Freizeit","description":"Gratisversand ab 50.- (netto), ab eigenem schweizer Lager, Lieferung innert 48h","publisher":{"@id":"https:\/\/schweizversand.ch\/it\/#organization"},"alternateName":"Schweizversand.ch","potentialAction":[{"@type":"SearchAction","target":{"@type":"EntryPoint","urlTemplate":"https:\/\/schweizversand.ch\/it\/?s={search_term_string}"},"query-input":{"@type":"PropertyValueSpecification","valueRequired":true,"valueName":"search_term_string"}}],"inLanguage":"it-IT"},{"@type":"Organization","@id":"https:\/\/schweizversand.ch\/it\/#organization","name":"Schweizversand.ch","url":"https:\/\/schweizversand.ch\/it\/","logo":{"@type":"ImageObject","inLanguage":"it-IT","@id":"https:\/\/schweizversand.ch\/it\/#\/schema\/logo\/image\/","url":"https:\/\/schweizversand.ch\/wp-content\/uploads\/2026\/03\/Logo_Rund_Final-1.png","contentUrl":"https:\/\/schweizversand.ch\/wp-content\/uploads\/2026\/03\/Logo_Rund_Final-1.png","width":404,"height":404,"caption":"Schweizversand.ch"},"image":{"@id":"https:\/\/schweizversand.ch\/it\/#\/schema\/logo\/image\/"},"sameAs":["https:\/\/www.facebook.com\/Schweizversand","https:\/\/www.instagram.com\/schweizversand.ch\/"]}]}},"jetpack_sharing_enabled":true,"_links":{"self":[{"href":"https:\/\/schweizversand.ch\/it\/wp-json\/wp\/v2\/product\/254488","targetHints":{"allow":["GET"]}}],"collection":[{"href":"https:\/\/schweizversand.ch\/it\/wp-json\/wp\/v2\/product"}],"about":[{"href":"https:\/\/schweizversand.ch\/it\/wp-json\/wp\/v2\/types\/product"}],"replies":[{"embeddable":true,"href":"https:\/\/schweizversand.ch\/it\/wp-json\/wp\/v2\/comments?post=254488"}],"wp:featuredmedia":[{"embeddable":true,"href":"https:\/\/schweizversand.ch\/it\/wp-json\/wp\/v2\/media\/254493"}],"wp:attachment":[{"href":"https:\/\/schweizversand.ch\/it\/wp-json\/wp\/v2\/media?parent=254488"}],"wp:term":[{"taxonomy":"product_brand","embeddable":true,"href":"https:\/\/schweizversand.ch\/it\/wp-json\/wp\/v2\/product_brand?post=254488"},{"taxonomy":"product_cat","embeddable":true,"href":"https:\/\/schweizversand.ch\/it\/wp-json\/wp\/v2\/product_cat?post=254488"},{"taxonomy":"product_tag","embeddable":true,"href":"https:\/\/schweizversand.ch\/it\/wp-json\/wp\/v2\/product_tag?post=254488"}],"curies":[{"name":"wp","href":"https:\/\/api.w.org\/{rel}","templated":true}]}}