{"id":255450,"date":"2026-03-14T23:49:10","date_gmt":"2026-03-14T22:49:10","guid":{"rendered":"https:\/\/schweizversand.ch\/produkt\/pure2improve-schlagseil\/"},"modified":"2026-04-19T02:05:50","modified_gmt":"2026-04-19T00:05:50","slug":"pure2improve-schlagseil","status":"publish","type":"product","link":"https:\/\/schweizversand.ch\/it\/produkt\/pure2improve-schlagseil\/","title":{"rendered":"Corda battente Pure2improve"},"content":{"rendered":"<h1><strong>Battle Rope 12 m &#8211; Per un allenamento intenso della parte superiore del corpo<\/strong><\/h1>\n<div>Porta il tuo allenamento a un livello superiore con questa <strong>battle rope<\/strong> professionale. Questa <strong>battle rope<\/strong> \u00e8 l&#8217;attrezzatura ideale per l&#8217;allenamento di resistenza per sviluppare forza, resistenza e potenza esplosiva. \u00c8 uno strumento essenziale per chiunque cerchi una <strong>corda per l&#8217;allenamento intenso della parte superiore del corpo<\/strong> e desideri raggiungere rapidamente i propri obiettivi di fitness.<\/p>\n<\/div>\n<div><strong>Massima intensit\u00e0 di allenamento<\/strong><br \/>Le battle rope lavorano energicamente ogni muscolo della parte superiore del corpo e portano a risultati eccellenti. L&#8217;allenamento con la corda \u00e8 un metodo di condizionamento eccezionale, poich\u00e9 non solo stimola braccia e spalle, ma contribuisce anche in modo significativo a rafforzare i muscoli addominali. Migliorano contemporaneamente la resistenza e la forma cardiovascolare. Coinvolgimento di tutto il corpo: sebbene l&#8217;attenzione sia rivolta alla parte superiore del corpo, si trae beneficio da un allenamento completo per tutto il corpo. Gambe e core sono costantemente impegnati per garantire stabilit\u00e0 e mantenerti saldamente a terra. Questo rende la corda da fitness da 12 m uno degli strumenti pi\u00f9 efficaci per il fitness funzionale e per migliorare il controllo generale del corpo. Materiali di alta qualit\u00e0 e durata: questa corda da allenamento \u00e8 progettata per la massima durata. La struttura robusta garantisce una lunga durata, anche con un uso quotidiano e intensivo in palestra o in casa. Le estremit\u00e0 sono dotate di resistenti manici rossi che garantiscono una presa sicura e antiscivolo, anche quando si suda.<\/p>\n<\/div>\n<div><strong>Dettagli e specifiche del prodotto<\/strong><br \/>&#8211; Colore: Nero con manici rossi<br \/>&#8211; Diametro: \u00d8 1,5 pollici (circa 3,8 cm)<br \/>&#8211; Lunghezza: 12 metri<br \/>&#8211; Materiale: Fibra resistente e di alta qualit\u00e0<br \/>&#8211; Applicazione: Ideale per allenamento di forza, resistenza e a intervalli<\/p>\n<\/div>\n<div><strong>I tuoi vantaggi<\/strong><br \/>Investi in questa versatile <strong>corda da battaglia<\/strong> e sperimenta il potere trasformativo dell&#8217;allenamento ad alta intensit\u00e0. Inizia oggi stesso ad allenarti con la <strong>corda da battaglia<\/strong> e aumenta notevolmente la tua forma fisica e le tue prestazioni funzionali.<\/p>\n<\/div>\n<div>\n<\/div>\n","protected":false},"excerpt":{"rendered":"<p>Battle Rope 12 m &#8211; Per un allenamento intenso della parte superiore del corpo Porta il tuo allenamento a un livello superiore con questa battle rope professionale. Questa battle rope \u00e8 l&#8217;attrezzatura ideale per l&#8217;allenamento di resistenza per sviluppare forza, resistenza e potenza esplosiva. \u00c8 uno strumento essenziale per chiunque cerchi una corda per l&#8217;allenamento intenso della parte superiore del corpo e desideri raggiungere rapidamente i propri obiettivi di fitness. Massima intensit\u00e0 di allenamentoLe battle&hellip;<\/p>\n","protected":false},"featured_media":157433,"comment_status":"open","ping_status":"closed","template":"","meta":[],"product_brand":[],"product_cat":[38648,38649],"product_tag":[],"class_list":{"0":"post-255450","1":"product","2":"type-product","3":"status-publish","4":"has-post-thumbnail","6":"product_cat-fitnesskleingeraete-zubehoer","7":"product_cat-attrezzature-e-accessori-per-il-fitness","8":"product_shipping_class-global_methods","10":"first","11":"instock","12":"taxable","13":"shipping-taxable","14":"purchasable","15":"product-type-simple"},"yoast_head":"<!-- This site is optimized with the Yoast SEO plugin v27.4 - https:\/\/yoast.com\/product\/yoast-seo-wordpress\/ -->\n<title>Pure2improve Schlagseil | Jetzt kaufen | Schweizversand.ch<\/title>\n<meta name=\"description\" content=\"Pure2improve Schlagseil g\u00fcnstig kaufen bei Schweizversand.ch. Schnelle Lieferung in der Schweiz. Gratisversand ab CHF 50.\" \/>\n<meta name=\"robots\" content=\"index, follow, max-snippet:-1, max-image-preview:large, max-video-preview:-1\" \/>\n<link rel=\"canonical\" href=\"https:\/\/schweizversand.ch\/it\/produkt\/pure2improve-schlagseil\/\" \/>\n<meta property=\"og:locale\" content=\"it_IT\" \/>\n<meta property=\"og:type\" content=\"article\" \/>\n<meta property=\"og:title\" content=\"Pure2improve Schlagseil | Jetzt kaufen | Schweizversand.ch\" \/>\n<meta property=\"og:description\" content=\"Pure2improve Schlagseil g\u00fcnstig kaufen bei Schweizversand.ch. Schnelle Lieferung in der Schweiz. Gratisversand ab CHF 50.\" \/>\n<meta property=\"og:url\" content=\"https:\/\/schweizversand.ch\/it\/produkt\/pure2improve-schlagseil\/\" \/>\n<meta property=\"og:site_name\" content=\"Schweizer Shop f\u00fcr Sport, Spiel und Freizeit\" \/>\n<meta property=\"article:publisher\" content=\"https:\/\/www.facebook.com\/Schweizversand\" \/>\n<meta property=\"article:modified_time\" content=\"2026-04-19T00:05:50+00:00\" \/>\n<meta property=\"og:image\" content=\"https:\/\/schweizversand.ch\/wp-content\/uploads\/2026\/02\/5471559014.jpg\" \/>\n\t<meta property=\"og:image:width\" content=\"1024\" \/>\n\t<meta property=\"og:image:height\" content=\"572\" \/>\n\t<meta property=\"og:image:type\" content=\"image\/jpeg\" \/>\n<meta name=\"twitter:card\" content=\"summary_large_image\" \/>\n<meta name=\"twitter:label1\" content=\"Tempo di lettura stimato\" \/>\n\t<meta name=\"twitter:data1\" content=\"2 minuto\" \/>\n<script type=\"application\/ld+json\" class=\"yoast-schema-graph\">{\"@context\":\"https:\\\/\\\/schema.org\",\"@graph\":[{\"@type\":\"WebPage\",\"@id\":\"https:\\\/\\\/schweizversand.ch\\\/it\\\/produkt\\\/pure2improve-schlagseil\\\/\",\"url\":\"https:\\\/\\\/schweizversand.ch\\\/it\\\/produkt\\\/pure2improve-schlagseil\\\/\",\"name\":\"Pure2improve Schlagseil | Jetzt kaufen | Schweizversand.ch\",\"isPartOf\":{\"@id\":\"https:\\\/\\\/schweizversand.ch\\\/it\\\/#website\"},\"primaryImageOfPage\":{\"@id\":\"https:\\\/\\\/schweizversand.ch\\\/it\\\/produkt\\\/pure2improve-schlagseil\\\/#primaryimage\"},\"image\":{\"@id\":\"https:\\\/\\\/schweizversand.ch\\\/it\\\/produkt\\\/pure2improve-schlagseil\\\/#primaryimage\"},\"thumbnailUrl\":\"https:\\\/\\\/schweizversand.ch\\\/wp-content\\\/uploads\\\/2026\\\/02\\\/5471559014.jpg\",\"datePublished\":\"2026-03-14T22:49:10+00:00\",\"dateModified\":\"2026-04-19T00:05:50+00:00\",\"description\":\"Pure2improve Schlagseil g\u00fcnstig kaufen bei Schweizversand.ch. Schnelle Lieferung in der Schweiz. Gratisversand ab CHF 50.\",\"breadcrumb\":{\"@id\":\"https:\\\/\\\/schweizversand.ch\\\/it\\\/produkt\\\/pure2improve-schlagseil\\\/#breadcrumb\"},\"inLanguage\":\"it-IT\",\"potentialAction\":[{\"@type\":\"ReadAction\",\"target\":[\"https:\\\/\\\/schweizversand.ch\\\/it\\\/produkt\\\/pure2improve-schlagseil\\\/\"]}]},{\"@type\":\"ImageObject\",\"inLanguage\":\"it-IT\",\"@id\":\"https:\\\/\\\/schweizversand.ch\\\/it\\\/produkt\\\/pure2improve-schlagseil\\\/#primaryimage\",\"url\":\"https:\\\/\\\/schweizversand.ch\\\/wp-content\\\/uploads\\\/2026\\\/02\\\/5471559014.jpg\",\"contentUrl\":\"https:\\\/\\\/schweizversand.ch\\\/wp-content\\\/uploads\\\/2026\\\/02\\\/5471559014.jpg\",\"width\":1024,\"height\":572},{\"@type\":\"BreadcrumbList\",\"@id\":\"https:\\\/\\\/schweizversand.ch\\\/it\\\/produkt\\\/pure2improve-schlagseil\\\/#breadcrumb\",\"itemListElement\":[{\"@type\":\"ListItem\",\"position\":1,\"name\":\"Startseite\",\"item\":\"https:\\\/\\\/schweizversand.ch\\\/it\\\/home\\\/\"},{\"@type\":\"ListItem\",\"position\":2,\"name\":\"Shop\",\"item\":\"https:\\\/\\\/schweizversand.ch\\\/it\\\/shop\\\/\"},{\"@type\":\"ListItem\",\"position\":3,\"name\":\"Sport\",\"item\":\"https:\\\/\\\/schweizversand.ch\\\/it\\\/produkt-kategorie\\\/sport-it\\\/\"},{\"@type\":\"ListItem\",\"position\":4,\"name\":\"Fitness\",\"item\":\"https:\\\/\\\/schweizversand.ch\\\/it\\\/produkt-kategorie\\\/sport-it\\\/fitness\\\/\"},{\"@type\":\"ListItem\",\"position\":5,\"name\":\"Attrezzature e accessori per il fitness\",\"item\":\"https:\\\/\\\/schweizversand.ch\\\/it\\\/produkt-kategorie\\\/sport\\\/fitness\\\/attrezzature-e-accessori-per-il-fitness\\\/\"},{\"@type\":\"ListItem\",\"position\":6,\"name\":\"Corda battente Pure2improve\"}]},{\"@type\":\"WebSite\",\"@id\":\"https:\\\/\\\/schweizversand.ch\\\/it\\\/#website\",\"url\":\"https:\\\/\\\/schweizversand.ch\\\/it\\\/\",\"name\":\"Schweizer Shop f\u00fcr Sport, Spiel und Freizeit\",\"description\":\"Gratisversand ab 50.- (netto), ab eigenem schweizer Lager, Lieferung innert 48h\",\"publisher\":{\"@id\":\"https:\\\/\\\/schweizversand.ch\\\/it\\\/#organization\"},\"alternateName\":\"Schweizversand.ch\",\"potentialAction\":[{\"@type\":\"SearchAction\",\"target\":{\"@type\":\"EntryPoint\",\"urlTemplate\":\"https:\\\/\\\/schweizversand.ch\\\/it\\\/?s={search_term_string}\"},\"query-input\":{\"@type\":\"PropertyValueSpecification\",\"valueRequired\":true,\"valueName\":\"search_term_string\"}}],\"inLanguage\":\"it-IT\"},{\"@type\":\"Organization\",\"@id\":\"https:\\\/\\\/schweizversand.ch\\\/it\\\/#organization\",\"name\":\"Schweizversand.ch\",\"url\":\"https:\\\/\\\/schweizversand.ch\\\/it\\\/\",\"logo\":{\"@type\":\"ImageObject\",\"inLanguage\":\"it-IT\",\"@id\":\"https:\\\/\\\/schweizversand.ch\\\/it\\\/#\\\/schema\\\/logo\\\/image\\\/\",\"url\":\"https:\\\/\\\/schweizversand.ch\\\/wp-content\\\/uploads\\\/2026\\\/03\\\/Logo_Rund_Final-1.png\",\"contentUrl\":\"https:\\\/\\\/schweizversand.ch\\\/wp-content\\\/uploads\\\/2026\\\/03\\\/Logo_Rund_Final-1.png\",\"width\":404,\"height\":404,\"caption\":\"Schweizversand.ch\"},\"image\":{\"@id\":\"https:\\\/\\\/schweizversand.ch\\\/it\\\/#\\\/schema\\\/logo\\\/image\\\/\"},\"sameAs\":[\"https:\\\/\\\/www.facebook.com\\\/Schweizversand\",\"https:\\\/\\\/www.instagram.com\\\/schweizversand.ch\\\/\"]}]}<\/script>\n<!-- \/ Yoast SEO plugin. -->","yoast_head_json":{"title":"Pure2improve Schlagseil | Jetzt kaufen | Schweizversand.ch","description":"Pure2improve Schlagseil g\u00fcnstig kaufen bei Schweizversand.ch. Schnelle Lieferung in der Schweiz. Gratisversand ab CHF 50.","robots":{"index":"index","follow":"follow","max-snippet":"max-snippet:-1","max-image-preview":"max-image-preview:large","max-video-preview":"max-video-preview:-1"},"canonical":"https:\/\/schweizversand.ch\/it\/produkt\/pure2improve-schlagseil\/","og_locale":"it_IT","og_type":"article","og_title":"Pure2improve Schlagseil | Jetzt kaufen | Schweizversand.ch","og_description":"Pure2improve Schlagseil g\u00fcnstig kaufen bei Schweizversand.ch. Schnelle Lieferung in der Schweiz. Gratisversand ab CHF 50.","og_url":"https:\/\/schweizversand.ch\/it\/produkt\/pure2improve-schlagseil\/","og_site_name":"Schweizer Shop f\u00fcr Sport, Spiel und Freizeit","article_publisher":"https:\/\/www.facebook.com\/Schweizversand","article_modified_time":"2026-04-19T00:05:50+00:00","og_image":[{"width":1024,"height":572,"url":"https:\/\/schweizversand.ch\/wp-content\/uploads\/2026\/02\/5471559014.jpg","type":"image\/jpeg"}],"twitter_card":"summary_large_image","twitter_misc":{"Tempo di lettura stimato":"2 minuto"},"schema":{"@context":"https:\/\/schema.org","@graph":[{"@type":"WebPage","@id":"https:\/\/schweizversand.ch\/it\/produkt\/pure2improve-schlagseil\/","url":"https:\/\/schweizversand.ch\/it\/produkt\/pure2improve-schlagseil\/","name":"Pure2improve Schlagseil | Jetzt kaufen | Schweizversand.ch","isPartOf":{"@id":"https:\/\/schweizversand.ch\/it\/#website"},"primaryImageOfPage":{"@id":"https:\/\/schweizversand.ch\/it\/produkt\/pure2improve-schlagseil\/#primaryimage"},"image":{"@id":"https:\/\/schweizversand.ch\/it\/produkt\/pure2improve-schlagseil\/#primaryimage"},"thumbnailUrl":"https:\/\/schweizversand.ch\/wp-content\/uploads\/2026\/02\/5471559014.jpg","datePublished":"2026-03-14T22:49:10+00:00","dateModified":"2026-04-19T00:05:50+00:00","description":"Pure2improve Schlagseil g\u00fcnstig kaufen bei Schweizversand.ch. Schnelle Lieferung in der Schweiz. Gratisversand ab CHF 50.","breadcrumb":{"@id":"https:\/\/schweizversand.ch\/it\/produkt\/pure2improve-schlagseil\/#breadcrumb"},"inLanguage":"it-IT","potentialAction":[{"@type":"ReadAction","target":["https:\/\/schweizversand.ch\/it\/produkt\/pure2improve-schlagseil\/"]}]},{"@type":"ImageObject","inLanguage":"it-IT","@id":"https:\/\/schweizversand.ch\/it\/produkt\/pure2improve-schlagseil\/#primaryimage","url":"https:\/\/schweizversand.ch\/wp-content\/uploads\/2026\/02\/5471559014.jpg","contentUrl":"https:\/\/schweizversand.ch\/wp-content\/uploads\/2026\/02\/5471559014.jpg","width":1024,"height":572},{"@type":"BreadcrumbList","@id":"https:\/\/schweizversand.ch\/it\/produkt\/pure2improve-schlagseil\/#breadcrumb","itemListElement":[{"@type":"ListItem","position":1,"name":"Startseite","item":"https:\/\/schweizversand.ch\/it\/home\/"},{"@type":"ListItem","position":2,"name":"Shop","item":"https:\/\/schweizversand.ch\/it\/shop\/"},{"@type":"ListItem","position":3,"name":"Sport","item":"https:\/\/schweizversand.ch\/it\/produkt-kategorie\/sport-it\/"},{"@type":"ListItem","position":4,"name":"Fitness","item":"https:\/\/schweizversand.ch\/it\/produkt-kategorie\/sport-it\/fitness\/"},{"@type":"ListItem","position":5,"name":"Attrezzature e accessori per il fitness","item":"https:\/\/schweizversand.ch\/it\/produkt-kategorie\/sport\/fitness\/attrezzature-e-accessori-per-il-fitness\/"},{"@type":"ListItem","position":6,"name":"Corda battente Pure2improve"}]},{"@type":"WebSite","@id":"https:\/\/schweizversand.ch\/it\/#website","url":"https:\/\/schweizversand.ch\/it\/","name":"Schweizer Shop f\u00fcr Sport, Spiel und Freizeit","description":"Gratisversand ab 50.- (netto), ab eigenem schweizer Lager, Lieferung innert 48h","publisher":{"@id":"https:\/\/schweizversand.ch\/it\/#organization"},"alternateName":"Schweizversand.ch","potentialAction":[{"@type":"SearchAction","target":{"@type":"EntryPoint","urlTemplate":"https:\/\/schweizversand.ch\/it\/?s={search_term_string}"},"query-input":{"@type":"PropertyValueSpecification","valueRequired":true,"valueName":"search_term_string"}}],"inLanguage":"it-IT"},{"@type":"Organization","@id":"https:\/\/schweizversand.ch\/it\/#organization","name":"Schweizversand.ch","url":"https:\/\/schweizversand.ch\/it\/","logo":{"@type":"ImageObject","inLanguage":"it-IT","@id":"https:\/\/schweizversand.ch\/it\/#\/schema\/logo\/image\/","url":"https:\/\/schweizversand.ch\/wp-content\/uploads\/2026\/03\/Logo_Rund_Final-1.png","contentUrl":"https:\/\/schweizversand.ch\/wp-content\/uploads\/2026\/03\/Logo_Rund_Final-1.png","width":404,"height":404,"caption":"Schweizversand.ch"},"image":{"@id":"https:\/\/schweizversand.ch\/it\/#\/schema\/logo\/image\/"},"sameAs":["https:\/\/www.facebook.com\/Schweizversand","https:\/\/www.instagram.com\/schweizversand.ch\/"]}]}},"jetpack_sharing_enabled":true,"_links":{"self":[{"href":"https:\/\/schweizversand.ch\/it\/wp-json\/wp\/v2\/product\/255450","targetHints":{"allow":["GET"]}}],"collection":[{"href":"https:\/\/schweizversand.ch\/it\/wp-json\/wp\/v2\/product"}],"about":[{"href":"https:\/\/schweizversand.ch\/it\/wp-json\/wp\/v2\/types\/product"}],"replies":[{"embeddable":true,"href":"https:\/\/schweizversand.ch\/it\/wp-json\/wp\/v2\/comments?post=255450"}],"wp:featuredmedia":[{"embeddable":true,"href":"https:\/\/schweizversand.ch\/it\/wp-json\/wp\/v2\/media\/157433"}],"wp:attachment":[{"href":"https:\/\/schweizversand.ch\/it\/wp-json\/wp\/v2\/media?parent=255450"}],"wp:term":[{"taxonomy":"product_brand","embeddable":true,"href":"https:\/\/schweizversand.ch\/it\/wp-json\/wp\/v2\/product_brand?post=255450"},{"taxonomy":"product_cat","embeddable":true,"href":"https:\/\/schweizversand.ch\/it\/wp-json\/wp\/v2\/product_cat?post=255450"},{"taxonomy":"product_tag","embeddable":true,"href":"https:\/\/schweizversand.ch\/it\/wp-json\/wp\/v2\/product_tag?post=255450"}],"curies":[{"name":"wp","href":"https:\/\/api.w.org\/{rel}","templated":true}]}}