{"id":255528,"date":"2026-03-15T00:05:56","date_gmt":"2026-03-14T23:05:56","guid":{"rendered":"https:\/\/schweizversand.ch\/produkt\/kinzo-duebel-set-a-160-stueck\/"},"modified":"2026-04-20T15:35:46","modified_gmt":"2026-04-20T13:35:46","slug":"kinzo-duebel-set-a-160-stueck","status":"publish","type":"product","link":"https:\/\/schweizversand.ch\/it\/produkt\/kinzo-duebel-set-a-160-stueck\/","title":{"rendered":"Tasselli Kinzo &#8211; set da 160 pezzi"},"content":{"rendered":"<div>6 tasselli da 30 mm: tenuta stabile per ogni fissaggio!<br \/>Questi tasselli di alta qualit\u00e0 (6 mm x 30 mm) offrono un supporto affidabile per un&#8217;ampia gamma di applicazioni, che si tratti di appendere quadri, decorazioni, piccole mensole o altri oggetti per la casa. Grazie alla loro struttura robusta, garantiscono un fissaggio durevole e sicuro su pareti, cemento o cartongesso.<br \/>Con 160 pezzi per confezione, ottieni un eccellente rapporto qualit\u00e0-prezzo: ideale per appassionati di fai da te, artigiani o professionisti che apprezzano qualit\u00e0 e stabilit\u00e0. I tasselli sono facili da usare e offrono una tenuta ottimale, anche sotto carichi frequenti.<br \/>Vantaggi del prodotto in sintesi:<br \/>\u2022 Dimensioni: diametro 6 mm, lunghezza 30 mm<br \/>\u2022 Quantit\u00e0: 160 pezzi per confezione<br \/>\u2022 Stabile e durevole: per una tenuta sicura su pareti, muratura o pannelli<br \/>\u2022 Versatile: ideale per quadri, decorazioni, mensole e altro ancora<br \/>\u2022 Facile da usare: perfetto sia per gli appassionati del fai da te che per i professionisti<br \/>\u2022 Ottimo rapporto qualit\u00e0-prezzo: alta qualit\u00e0 a un prezzo equo<\/p>\n<\/div>\n<div>Che si tratti di ristrutturazione, decorazione o montaggio, con questi tasselli da 6 x 30 mm, ogni fissaggio \u00e8 sicuro, rapido e permanente.<\/p>\n<\/div>\n","protected":false},"excerpt":{"rendered":"<p>6 tasselli da 30 mm: tenuta stabile per ogni fissaggio!Questi tasselli di alta qualit\u00e0 (6 mm x 30 mm) offrono un supporto affidabile per un&#8217;ampia gamma di applicazioni, che si tratti di appendere quadri, decorazioni, piccole mensole o altri oggetti per la casa. Grazie alla loro struttura robusta, garantiscono un fissaggio durevole e sicuro su pareti, cemento o cartongesso.Con 160 pezzi per confezione, ottieni un eccellente rapporto qualit\u00e0-prezzo: ideale per appassionati di fai da te,&hellip;<\/p>\n","protected":false},"featured_media":157858,"comment_status":"open","ping_status":"closed","template":"","meta":[],"product_brand":[],"product_cat":[38971],"product_tag":[],"class_list":{"0":"post-255528","1":"product","2":"type-product","3":"status-publish","4":"has-post-thumbnail","6":"product_cat-eisenwaren","7":"product_shipping_class-global_methods","9":"first","10":"instock","11":"taxable","12":"shipping-taxable","13":"purchasable","14":"product-type-simple"},"yoast_head":"<!-- This site is optimized with the Yoast SEO plugin v27.4 - https:\/\/yoast.com\/product\/yoast-seo-wordpress\/ -->\n<title>Kinzo D\u00fcbel - Set \u00e0 160 St\u00fcck | Jetzt kaufen | Schweizversand.ch<\/title>\n<meta name=\"description\" content=\"Kinzo D\u00fcbel - Set \u00e0 160 St\u00fcck g\u00fcnstig kaufen bei Schweizversand.ch. Schnelle Lieferung in der Schweiz. Gratisversand ab CHF 50.\" \/>\n<meta name=\"robots\" content=\"index, follow, max-snippet:-1, max-image-preview:large, max-video-preview:-1\" \/>\n<link rel=\"canonical\" href=\"https:\/\/schweizversand.ch\/it\/produkt\/kinzo-duebel-set-a-160-stueck\/\" \/>\n<meta property=\"og:locale\" content=\"it_IT\" \/>\n<meta property=\"og:type\" content=\"article\" \/>\n<meta property=\"og:title\" content=\"Kinzo D\u00fcbel - Set \u00e0 160 St\u00fcck | Jetzt kaufen | Schweizversand.ch\" \/>\n<meta property=\"og:description\" content=\"Kinzo D\u00fcbel - Set \u00e0 160 St\u00fcck g\u00fcnstig kaufen bei Schweizversand.ch. Schnelle Lieferung in der Schweiz. Gratisversand ab CHF 50.\" \/>\n<meta property=\"og:url\" content=\"https:\/\/schweizversand.ch\/it\/produkt\/kinzo-duebel-set-a-160-stueck\/\" \/>\n<meta property=\"og:site_name\" content=\"Schweizer Shop f\u00fcr Sport, Spiel und Freizeit\" \/>\n<meta property=\"article:publisher\" content=\"https:\/\/www.facebook.com\/Schweizversand\" \/>\n<meta property=\"article:modified_time\" content=\"2026-04-20T13:35:46+00:00\" \/>\n<meta property=\"og:image\" content=\"https:\/\/schweizversand.ch\/wp-content\/uploads\/2026\/02\/5471775290.jpg\" \/>\n\t<meta property=\"og:image:width\" content=\"779\" \/>\n\t<meta property=\"og:image:height\" content=\"1024\" \/>\n\t<meta property=\"og:image:type\" content=\"image\/jpeg\" \/>\n<meta name=\"twitter:card\" content=\"summary_large_image\" \/>\n<meta name=\"twitter:label1\" content=\"Tempo di lettura stimato\" \/>\n\t<meta name=\"twitter:data1\" content=\"1 minuto\" \/>\n<script type=\"application\/ld+json\" class=\"yoast-schema-graph\">{\"@context\":\"https:\\\/\\\/schema.org\",\"@graph\":[{\"@type\":\"WebPage\",\"@id\":\"https:\\\/\\\/schweizversand.ch\\\/it\\\/produkt\\\/kinzo-duebel-set-a-160-stueck\\\/\",\"url\":\"https:\\\/\\\/schweizversand.ch\\\/it\\\/produkt\\\/kinzo-duebel-set-a-160-stueck\\\/\",\"name\":\"Kinzo D\u00fcbel - Set \u00e0 160 St\u00fcck | Jetzt kaufen | Schweizversand.ch\",\"isPartOf\":{\"@id\":\"https:\\\/\\\/schweizversand.ch\\\/it\\\/#website\"},\"primaryImageOfPage\":{\"@id\":\"https:\\\/\\\/schweizversand.ch\\\/it\\\/produkt\\\/kinzo-duebel-set-a-160-stueck\\\/#primaryimage\"},\"image\":{\"@id\":\"https:\\\/\\\/schweizversand.ch\\\/it\\\/produkt\\\/kinzo-duebel-set-a-160-stueck\\\/#primaryimage\"},\"thumbnailUrl\":\"https:\\\/\\\/schweizversand.ch\\\/wp-content\\\/uploads\\\/2026\\\/02\\\/5471775290.jpg\",\"datePublished\":\"2026-03-14T23:05:56+00:00\",\"dateModified\":\"2026-04-20T13:35:46+00:00\",\"description\":\"Kinzo D\u00fcbel - Set \u00e0 160 St\u00fcck g\u00fcnstig kaufen bei Schweizversand.ch. Schnelle Lieferung in der Schweiz. Gratisversand ab CHF 50.\",\"breadcrumb\":{\"@id\":\"https:\\\/\\\/schweizversand.ch\\\/it\\\/produkt\\\/kinzo-duebel-set-a-160-stueck\\\/#breadcrumb\"},\"inLanguage\":\"it-IT\",\"potentialAction\":[{\"@type\":\"ReadAction\",\"target\":[\"https:\\\/\\\/schweizversand.ch\\\/it\\\/produkt\\\/kinzo-duebel-set-a-160-stueck\\\/\"]}]},{\"@type\":\"ImageObject\",\"inLanguage\":\"it-IT\",\"@id\":\"https:\\\/\\\/schweizversand.ch\\\/it\\\/produkt\\\/kinzo-duebel-set-a-160-stueck\\\/#primaryimage\",\"url\":\"https:\\\/\\\/schweizversand.ch\\\/wp-content\\\/uploads\\\/2026\\\/02\\\/5471775290.jpg\",\"contentUrl\":\"https:\\\/\\\/schweizversand.ch\\\/wp-content\\\/uploads\\\/2026\\\/02\\\/5471775290.jpg\",\"width\":779,\"height\":1024},{\"@type\":\"BreadcrumbList\",\"@id\":\"https:\\\/\\\/schweizversand.ch\\\/it\\\/produkt\\\/kinzo-duebel-set-a-160-stueck\\\/#breadcrumb\",\"itemListElement\":[{\"@type\":\"ListItem\",\"position\":1,\"name\":\"Startseite\",\"item\":\"https:\\\/\\\/schweizversand.ch\\\/it\\\/home\\\/\"},{\"@type\":\"ListItem\",\"position\":2,\"name\":\"Shop\",\"item\":\"https:\\\/\\\/schweizversand.ch\\\/it\\\/shop\\\/\"},{\"@type\":\"ListItem\",\"position\":3,\"name\":\"Casa e giardino\",\"item\":\"https:\\\/\\\/schweizversand.ch\\\/it\\\/produkt-kategorie\\\/casa-e-giardino\\\/\"},{\"@type\":\"ListItem\",\"position\":4,\"name\":\"Attrezzi e officina\",\"item\":\"https:\\\/\\\/schweizversand.ch\\\/it\\\/produkt-kategorie\\\/casa-e-giardino\\\/attrezzi-e-officina\\\/\"},{\"@type\":\"ListItem\",\"position\":5,\"name\":\"Ferramenta\",\"item\":\"https:\\\/\\\/schweizversand.ch\\\/en\\\/produkt-kategorie\\\/eisenwaren\\\/\"},{\"@type\":\"ListItem\",\"position\":6,\"name\":\"Tasselli Kinzo &#8211; set da 160 pezzi\"}]},{\"@type\":\"WebSite\",\"@id\":\"https:\\\/\\\/schweizversand.ch\\\/it\\\/#website\",\"url\":\"https:\\\/\\\/schweizversand.ch\\\/it\\\/\",\"name\":\"Schweizer Shop f\u00fcr Sport, Spiel und Freizeit\",\"description\":\"Gratisversand ab 50.- (netto), ab eigenem schweizer Lager, Lieferung innert 48h\",\"publisher\":{\"@id\":\"https:\\\/\\\/schweizversand.ch\\\/it\\\/#organization\"},\"alternateName\":\"Schweizversand.ch\",\"potentialAction\":[{\"@type\":\"SearchAction\",\"target\":{\"@type\":\"EntryPoint\",\"urlTemplate\":\"https:\\\/\\\/schweizversand.ch\\\/it\\\/?s={search_term_string}\"},\"query-input\":{\"@type\":\"PropertyValueSpecification\",\"valueRequired\":true,\"valueName\":\"search_term_string\"}}],\"inLanguage\":\"it-IT\"},{\"@type\":\"Organization\",\"@id\":\"https:\\\/\\\/schweizversand.ch\\\/it\\\/#organization\",\"name\":\"Schweizversand.ch\",\"url\":\"https:\\\/\\\/schweizversand.ch\\\/it\\\/\",\"logo\":{\"@type\":\"ImageObject\",\"inLanguage\":\"it-IT\",\"@id\":\"https:\\\/\\\/schweizversand.ch\\\/it\\\/#\\\/schema\\\/logo\\\/image\\\/\",\"url\":\"https:\\\/\\\/schweizversand.ch\\\/wp-content\\\/uploads\\\/2026\\\/03\\\/Logo_Rund_Final-1.png\",\"contentUrl\":\"https:\\\/\\\/schweizversand.ch\\\/wp-content\\\/uploads\\\/2026\\\/03\\\/Logo_Rund_Final-1.png\",\"width\":404,\"height\":404,\"caption\":\"Schweizversand.ch\"},\"image\":{\"@id\":\"https:\\\/\\\/schweizversand.ch\\\/it\\\/#\\\/schema\\\/logo\\\/image\\\/\"},\"sameAs\":[\"https:\\\/\\\/www.facebook.com\\\/Schweizversand\",\"https:\\\/\\\/www.instagram.com\\\/schweizversand.ch\\\/\"]}]}<\/script>\n<!-- \/ Yoast SEO plugin. -->","yoast_head_json":{"title":"Kinzo D\u00fcbel - Set \u00e0 160 St\u00fcck | Jetzt kaufen | Schweizversand.ch","description":"Kinzo D\u00fcbel - Set \u00e0 160 St\u00fcck g\u00fcnstig kaufen bei Schweizversand.ch. Schnelle Lieferung in der Schweiz. Gratisversand ab CHF 50.","robots":{"index":"index","follow":"follow","max-snippet":"max-snippet:-1","max-image-preview":"max-image-preview:large","max-video-preview":"max-video-preview:-1"},"canonical":"https:\/\/schweizversand.ch\/it\/produkt\/kinzo-duebel-set-a-160-stueck\/","og_locale":"it_IT","og_type":"article","og_title":"Kinzo D\u00fcbel - Set \u00e0 160 St\u00fcck | Jetzt kaufen | Schweizversand.ch","og_description":"Kinzo D\u00fcbel - Set \u00e0 160 St\u00fcck g\u00fcnstig kaufen bei Schweizversand.ch. Schnelle Lieferung in der Schweiz. Gratisversand ab CHF 50.","og_url":"https:\/\/schweizversand.ch\/it\/produkt\/kinzo-duebel-set-a-160-stueck\/","og_site_name":"Schweizer Shop f\u00fcr Sport, Spiel und Freizeit","article_publisher":"https:\/\/www.facebook.com\/Schweizversand","article_modified_time":"2026-04-20T13:35:46+00:00","og_image":[{"width":779,"height":1024,"url":"https:\/\/schweizversand.ch\/wp-content\/uploads\/2026\/02\/5471775290.jpg","type":"image\/jpeg"}],"twitter_card":"summary_large_image","twitter_misc":{"Tempo di lettura stimato":"1 minuto"},"schema":{"@context":"https:\/\/schema.org","@graph":[{"@type":"WebPage","@id":"https:\/\/schweizversand.ch\/it\/produkt\/kinzo-duebel-set-a-160-stueck\/","url":"https:\/\/schweizversand.ch\/it\/produkt\/kinzo-duebel-set-a-160-stueck\/","name":"Kinzo D\u00fcbel - Set \u00e0 160 St\u00fcck | Jetzt kaufen | Schweizversand.ch","isPartOf":{"@id":"https:\/\/schweizversand.ch\/it\/#website"},"primaryImageOfPage":{"@id":"https:\/\/schweizversand.ch\/it\/produkt\/kinzo-duebel-set-a-160-stueck\/#primaryimage"},"image":{"@id":"https:\/\/schweizversand.ch\/it\/produkt\/kinzo-duebel-set-a-160-stueck\/#primaryimage"},"thumbnailUrl":"https:\/\/schweizversand.ch\/wp-content\/uploads\/2026\/02\/5471775290.jpg","datePublished":"2026-03-14T23:05:56+00:00","dateModified":"2026-04-20T13:35:46+00:00","description":"Kinzo D\u00fcbel - Set \u00e0 160 St\u00fcck g\u00fcnstig kaufen bei Schweizversand.ch. Schnelle Lieferung in der Schweiz. Gratisversand ab CHF 50.","breadcrumb":{"@id":"https:\/\/schweizversand.ch\/it\/produkt\/kinzo-duebel-set-a-160-stueck\/#breadcrumb"},"inLanguage":"it-IT","potentialAction":[{"@type":"ReadAction","target":["https:\/\/schweizversand.ch\/it\/produkt\/kinzo-duebel-set-a-160-stueck\/"]}]},{"@type":"ImageObject","inLanguage":"it-IT","@id":"https:\/\/schweizversand.ch\/it\/produkt\/kinzo-duebel-set-a-160-stueck\/#primaryimage","url":"https:\/\/schweizversand.ch\/wp-content\/uploads\/2026\/02\/5471775290.jpg","contentUrl":"https:\/\/schweizversand.ch\/wp-content\/uploads\/2026\/02\/5471775290.jpg","width":779,"height":1024},{"@type":"BreadcrumbList","@id":"https:\/\/schweizversand.ch\/it\/produkt\/kinzo-duebel-set-a-160-stueck\/#breadcrumb","itemListElement":[{"@type":"ListItem","position":1,"name":"Startseite","item":"https:\/\/schweizversand.ch\/it\/home\/"},{"@type":"ListItem","position":2,"name":"Shop","item":"https:\/\/schweizversand.ch\/it\/shop\/"},{"@type":"ListItem","position":3,"name":"Casa e giardino","item":"https:\/\/schweizversand.ch\/it\/produkt-kategorie\/casa-e-giardino\/"},{"@type":"ListItem","position":4,"name":"Attrezzi e officina","item":"https:\/\/schweizversand.ch\/it\/produkt-kategorie\/casa-e-giardino\/attrezzi-e-officina\/"},{"@type":"ListItem","position":5,"name":"Ferramenta","item":"https:\/\/schweizversand.ch\/en\/produkt-kategorie\/eisenwaren\/"},{"@type":"ListItem","position":6,"name":"Tasselli Kinzo &#8211; set da 160 pezzi"}]},{"@type":"WebSite","@id":"https:\/\/schweizversand.ch\/it\/#website","url":"https:\/\/schweizversand.ch\/it\/","name":"Schweizer Shop f\u00fcr Sport, Spiel und Freizeit","description":"Gratisversand ab 50.- (netto), ab eigenem schweizer Lager, Lieferung innert 48h","publisher":{"@id":"https:\/\/schweizversand.ch\/it\/#organization"},"alternateName":"Schweizversand.ch","potentialAction":[{"@type":"SearchAction","target":{"@type":"EntryPoint","urlTemplate":"https:\/\/schweizversand.ch\/it\/?s={search_term_string}"},"query-input":{"@type":"PropertyValueSpecification","valueRequired":true,"valueName":"search_term_string"}}],"inLanguage":"it-IT"},{"@type":"Organization","@id":"https:\/\/schweizversand.ch\/it\/#organization","name":"Schweizversand.ch","url":"https:\/\/schweizversand.ch\/it\/","logo":{"@type":"ImageObject","inLanguage":"it-IT","@id":"https:\/\/schweizversand.ch\/it\/#\/schema\/logo\/image\/","url":"https:\/\/schweizversand.ch\/wp-content\/uploads\/2026\/03\/Logo_Rund_Final-1.png","contentUrl":"https:\/\/schweizversand.ch\/wp-content\/uploads\/2026\/03\/Logo_Rund_Final-1.png","width":404,"height":404,"caption":"Schweizversand.ch"},"image":{"@id":"https:\/\/schweizversand.ch\/it\/#\/schema\/logo\/image\/"},"sameAs":["https:\/\/www.facebook.com\/Schweizversand","https:\/\/www.instagram.com\/schweizversand.ch\/"]}]}},"jetpack_sharing_enabled":true,"_links":{"self":[{"href":"https:\/\/schweizversand.ch\/it\/wp-json\/wp\/v2\/product\/255528","targetHints":{"allow":["GET"]}}],"collection":[{"href":"https:\/\/schweizversand.ch\/it\/wp-json\/wp\/v2\/product"}],"about":[{"href":"https:\/\/schweizversand.ch\/it\/wp-json\/wp\/v2\/types\/product"}],"replies":[{"embeddable":true,"href":"https:\/\/schweizversand.ch\/it\/wp-json\/wp\/v2\/comments?post=255528"}],"wp:featuredmedia":[{"embeddable":true,"href":"https:\/\/schweizversand.ch\/it\/wp-json\/wp\/v2\/media\/157858"}],"wp:attachment":[{"href":"https:\/\/schweizversand.ch\/it\/wp-json\/wp\/v2\/media?parent=255528"}],"wp:term":[{"taxonomy":"product_brand","embeddable":true,"href":"https:\/\/schweizversand.ch\/it\/wp-json\/wp\/v2\/product_brand?post=255528"},{"taxonomy":"product_cat","embeddable":true,"href":"https:\/\/schweizversand.ch\/it\/wp-json\/wp\/v2\/product_cat?post=255528"},{"taxonomy":"product_tag","embeddable":true,"href":"https:\/\/schweizversand.ch\/it\/wp-json\/wp\/v2\/product_tag?post=255528"}],"curies":[{"name":"wp","href":"https:\/\/api.w.org\/{rel}","templated":true}]}}