{"id":255533,"date":"2026-03-15T00:06:10","date_gmt":"2026-03-14T23:06:10","guid":{"rendered":"https:\/\/schweizversand.ch\/produkt\/dunlop-eiskratzer-mit-handschuh\/"},"modified":"2026-04-20T02:04:51","modified_gmt":"2026-04-20T00:04:51","slug":"dunlop-eiskratzer-mit-handschuh","status":"publish","type":"product","link":"https:\/\/schweizversand.ch\/it\/produkt\/dunlop-eiskratzer-mit-handschuh\/","title":{"rendered":"Raschietto per ghiaccio Dunlop con guanto"},"content":{"rendered":"<h1><strong>Raschietto per il ghiaccio con guanto integrato: protezione dal gelo per le tue mani<\/strong><\/h1>\n<div>L&#8217;inverno pu\u00f2 arrivare! Con il nostro <strong>raschiaghiaccio con guanto integrato<\/strong>, puoi rendere piacevole il noioso compito di raschiare il ghiaccio dal parabrezza. Questo accessorio innovativo offre il perfetto <strong>guanto antigelo<\/strong> per mantenere le mani calde e asciutte mentre rimuovi il ghiaccio dall&#8217;auto.<\/p>\n<\/div>\n<div><strong>Comfort e calore in inverno<\/strong><br \/>Questo <strong>raschiaghiaccio con guanto<\/strong> \u00e8 la soluzione ideale per evitare di avere le dita fredde. Il guanto \u00e8 integrato direttamente nell&#8217;utensile ed \u00e8 dotato di una <strong>fodera soffice<\/strong>. Questo mantiene la mano piacevolmente calda, anche durante un uso prolungato. Il guanto di taglia universale si estende fino al polso, offrendo una protezione completa contro il freddo e l&#8217;umidit\u00e0. Rimozione efficiente del ghiaccio: nonostante il suo elevato livello di comfort, questo raschietto per il ghiaccio caldo per auto \u00e8 estremamente efficace. Il raschietto stesso \u00e8 realizzato in robusto polipropilene. \u00c8 dotato di un bordo smussato e piatto per una rapida rimozione del ghiaccio, nonch\u00e9 di blocchi raschianti a grana grossa che rompono senza sforzo anche il ghiaccio pi\u00f9 duro. Con questo raschiaghiaccio <strong>foderato<\/strong>, sei perfettamente equipaggiato per iniziare l&#8217;inverno in sicurezza.<\/p>\n<\/div>\n<div><strong>Caratteristiche del prodotto in sintesi<\/strong><br \/>&#8211; Tipo di prodotto: <strong>raschiaghiaccio invernale<\/strong> con guanto integrato<br \/>&#8211; Materiale: Robusto raschiaghiaccio in polipropilene<br \/>&#8211; Guanto: Integrato, morbidamente imbottito per un calore ottimale<br \/>&#8211; Taglia: Taglia universale, si adatta alla maggior parte delle mani<br \/>&#8211; Funzione raschiante: Bordo smussato e blocchi raschianti a grana grossa per un lavoro efficiente<br \/>&#8211; Nota: I colori (blu, rosso, nero, verde) verranno spediti assortiti a seconda della disponibilit\u00e0. Il prezzo \u00e8 per pezzo.<\/p>\n<\/div>\n<div>Preparati ora e goditi l&#8217;inverno senza mani fredde. Ordina questo pratico <strong>guanto raschiaghiaccio integrato<\/strong> e semplificati la vita!<\/p>\n<\/div>\n<div>\n<\/div>\n","protected":false},"excerpt":{"rendered":"<p>Raschietto per il ghiaccio con guanto integrato: protezione dal gelo per le tue mani L&#8217;inverno pu\u00f2 arrivare! Con il nostro raschiaghiaccio con guanto integrato, puoi rendere piacevole il noioso compito di raschiare il ghiaccio dal parabrezza. Questo accessorio innovativo offre il perfetto guanto antigelo per mantenere le mani calde e asciutte mentre rimuovi il ghiaccio dall&#8217;auto. Comfort e calore in invernoQuesto raschiaghiaccio con guanto \u00e8 la soluzione ideale per evitare di avere le dita fredde.&hellip;<\/p>\n","protected":false},"featured_media":158227,"comment_status":"open","ping_status":"closed","template":"","meta":[],"product_brand":[],"product_cat":[38242],"product_tag":[],"class_list":{"0":"post-255533","1":"product","2":"type-product","3":"status-publish","4":"has-post-thumbnail","6":"product_cat-reinigung-pflege","7":"product_shipping_class-global_methods","9":"first","10":"instock","11":"taxable","12":"shipping-taxable","13":"purchasable","14":"product-type-simple"},"yoast_head":"<!-- This site is optimized with the Yoast SEO plugin v27.4 - https:\/\/yoast.com\/product\/yoast-seo-wordpress\/ -->\n<title>Dunlop Eiskratzer mit Handschuh | Jetzt kaufen | Schweizversand.ch<\/title>\n<meta name=\"description\" content=\"Dunlop Eiskratzer mit Handschuh g\u00fcnstig kaufen bei Schweizversand.ch. Schnelle Lieferung in der Schweiz. Gratisversand ab CHF 50.\" \/>\n<meta name=\"robots\" content=\"index, follow, max-snippet:-1, max-image-preview:large, max-video-preview:-1\" \/>\n<link rel=\"canonical\" href=\"https:\/\/schweizversand.ch\/it\/produkt\/dunlop-eiskratzer-mit-handschuh\/\" \/>\n<meta property=\"og:locale\" content=\"it_IT\" \/>\n<meta property=\"og:type\" content=\"article\" \/>\n<meta property=\"og:title\" content=\"Dunlop Eiskratzer mit Handschuh | Jetzt kaufen | Schweizversand.ch\" \/>\n<meta property=\"og:description\" content=\"Dunlop Eiskratzer mit Handschuh g\u00fcnstig kaufen bei Schweizversand.ch. Schnelle Lieferung in der Schweiz. Gratisversand ab CHF 50.\" \/>\n<meta property=\"og:url\" content=\"https:\/\/schweizversand.ch\/it\/produkt\/dunlop-eiskratzer-mit-handschuh\/\" \/>\n<meta property=\"og:site_name\" content=\"Schweizer Shop f\u00fcr Sport, Spiel und Freizeit\" \/>\n<meta property=\"article:publisher\" content=\"https:\/\/www.facebook.com\/Schweizversand\" \/>\n<meta property=\"article:modified_time\" content=\"2026-04-20T00:04:51+00:00\" \/>\n<meta property=\"og:image\" content=\"https:\/\/schweizversand.ch\/wp-content\/uploads\/2026\/02\/5471527862.jpg\" \/>\n\t<meta property=\"og:image:width\" content=\"1024\" \/>\n\t<meta property=\"og:image:height\" content=\"1024\" \/>\n\t<meta property=\"og:image:type\" content=\"image\/jpeg\" \/>\n<meta name=\"twitter:card\" content=\"summary_large_image\" \/>\n<meta name=\"twitter:label1\" content=\"Tempo di lettura stimato\" \/>\n\t<meta name=\"twitter:data1\" content=\"1 minuto\" \/>\n<script type=\"application\/ld+json\" class=\"yoast-schema-graph\">{\"@context\":\"https:\\\/\\\/schema.org\",\"@graph\":[{\"@type\":\"WebPage\",\"@id\":\"https:\\\/\\\/schweizversand.ch\\\/it\\\/produkt\\\/dunlop-eiskratzer-mit-handschuh\\\/\",\"url\":\"https:\\\/\\\/schweizversand.ch\\\/it\\\/produkt\\\/dunlop-eiskratzer-mit-handschuh\\\/\",\"name\":\"Dunlop Eiskratzer mit Handschuh | Jetzt kaufen | Schweizversand.ch\",\"isPartOf\":{\"@id\":\"https:\\\/\\\/schweizversand.ch\\\/it\\\/#website\"},\"primaryImageOfPage\":{\"@id\":\"https:\\\/\\\/schweizversand.ch\\\/it\\\/produkt\\\/dunlop-eiskratzer-mit-handschuh\\\/#primaryimage\"},\"image\":{\"@id\":\"https:\\\/\\\/schweizversand.ch\\\/it\\\/produkt\\\/dunlop-eiskratzer-mit-handschuh\\\/#primaryimage\"},\"thumbnailUrl\":\"https:\\\/\\\/schweizversand.ch\\\/wp-content\\\/uploads\\\/2026\\\/02\\\/5471527862.jpg\",\"datePublished\":\"2026-03-14T23:06:10+00:00\",\"dateModified\":\"2026-04-20T00:04:51+00:00\",\"description\":\"Dunlop Eiskratzer mit Handschuh g\u00fcnstig kaufen bei Schweizversand.ch. Schnelle Lieferung in der Schweiz. Gratisversand ab CHF 50.\",\"breadcrumb\":{\"@id\":\"https:\\\/\\\/schweizversand.ch\\\/it\\\/produkt\\\/dunlop-eiskratzer-mit-handschuh\\\/#breadcrumb\"},\"inLanguage\":\"it-IT\",\"potentialAction\":[{\"@type\":\"ReadAction\",\"target\":[\"https:\\\/\\\/schweizversand.ch\\\/it\\\/produkt\\\/dunlop-eiskratzer-mit-handschuh\\\/\"]}]},{\"@type\":\"ImageObject\",\"inLanguage\":\"it-IT\",\"@id\":\"https:\\\/\\\/schweizversand.ch\\\/it\\\/produkt\\\/dunlop-eiskratzer-mit-handschuh\\\/#primaryimage\",\"url\":\"https:\\\/\\\/schweizversand.ch\\\/wp-content\\\/uploads\\\/2026\\\/02\\\/5471527862.jpg\",\"contentUrl\":\"https:\\\/\\\/schweizversand.ch\\\/wp-content\\\/uploads\\\/2026\\\/02\\\/5471527862.jpg\",\"width\":1024,\"height\":1024},{\"@type\":\"BreadcrumbList\",\"@id\":\"https:\\\/\\\/schweizversand.ch\\\/it\\\/produkt\\\/dunlop-eiskratzer-mit-handschuh\\\/#breadcrumb\",\"itemListElement\":[{\"@type\":\"ListItem\",\"position\":1,\"name\":\"Startseite\",\"item\":\"https:\\\/\\\/schweizversand.ch\\\/it\\\/home\\\/\"},{\"@type\":\"ListItem\",\"position\":2,\"name\":\"Shop\",\"item\":\"https:\\\/\\\/schweizversand.ch\\\/it\\\/shop\\\/\"},{\"@type\":\"ListItem\",\"position\":3,\"name\":\"Forniture per veicoli\",\"item\":\"https:\\\/\\\/schweizversand.ch\\\/it\\\/produkt-kategorie\\\/forniture-per-veicoli\\\/\"},{\"@type\":\"ListItem\",\"position\":4,\"name\":\"Auto\",\"item\":\"https:\\\/\\\/schweizversand.ch\\\/it\\\/produkt-kategorie\\\/forniture-per-veicoli\\\/auto\\\/\"},{\"@type\":\"ListItem\",\"position\":5,\"name\":\"Pulizia e cura\",\"item\":\"https:\\\/\\\/schweizversand.ch\\\/it\\\/produkt-kategorie\\\/forniture-per-veicoli\\\/auto\\\/reinigung-pflege\\\/\"},{\"@type\":\"ListItem\",\"position\":6,\"name\":\"Raschietto per ghiaccio Dunlop con guanto\"}]},{\"@type\":\"WebSite\",\"@id\":\"https:\\\/\\\/schweizversand.ch\\\/it\\\/#website\",\"url\":\"https:\\\/\\\/schweizversand.ch\\\/it\\\/\",\"name\":\"Schweizer Shop f\u00fcr Sport, Spiel und Freizeit\",\"description\":\"Gratisversand ab 50.- (netto), ab eigenem schweizer Lager, Lieferung innert 48h\",\"publisher\":{\"@id\":\"https:\\\/\\\/schweizversand.ch\\\/it\\\/#organization\"},\"alternateName\":\"Schweizversand.ch\",\"potentialAction\":[{\"@type\":\"SearchAction\",\"target\":{\"@type\":\"EntryPoint\",\"urlTemplate\":\"https:\\\/\\\/schweizversand.ch\\\/it\\\/?s={search_term_string}\"},\"query-input\":{\"@type\":\"PropertyValueSpecification\",\"valueRequired\":true,\"valueName\":\"search_term_string\"}}],\"inLanguage\":\"it-IT\"},{\"@type\":\"Organization\",\"@id\":\"https:\\\/\\\/schweizversand.ch\\\/it\\\/#organization\",\"name\":\"Schweizversand.ch\",\"url\":\"https:\\\/\\\/schweizversand.ch\\\/it\\\/\",\"logo\":{\"@type\":\"ImageObject\",\"inLanguage\":\"it-IT\",\"@id\":\"https:\\\/\\\/schweizversand.ch\\\/it\\\/#\\\/schema\\\/logo\\\/image\\\/\",\"url\":\"https:\\\/\\\/schweizversand.ch\\\/wp-content\\\/uploads\\\/2026\\\/03\\\/Logo_Rund_Final-1.png\",\"contentUrl\":\"https:\\\/\\\/schweizversand.ch\\\/wp-content\\\/uploads\\\/2026\\\/03\\\/Logo_Rund_Final-1.png\",\"width\":404,\"height\":404,\"caption\":\"Schweizversand.ch\"},\"image\":{\"@id\":\"https:\\\/\\\/schweizversand.ch\\\/it\\\/#\\\/schema\\\/logo\\\/image\\\/\"},\"sameAs\":[\"https:\\\/\\\/www.facebook.com\\\/Schweizversand\",\"https:\\\/\\\/www.instagram.com\\\/schweizversand.ch\\\/\"]}]}<\/script>\n<!-- \/ Yoast SEO plugin. -->","yoast_head_json":{"title":"Dunlop Eiskratzer mit Handschuh | Jetzt kaufen | Schweizversand.ch","description":"Dunlop Eiskratzer mit Handschuh g\u00fcnstig kaufen bei Schweizversand.ch. Schnelle Lieferung in der Schweiz. Gratisversand ab CHF 50.","robots":{"index":"index","follow":"follow","max-snippet":"max-snippet:-1","max-image-preview":"max-image-preview:large","max-video-preview":"max-video-preview:-1"},"canonical":"https:\/\/schweizversand.ch\/it\/produkt\/dunlop-eiskratzer-mit-handschuh\/","og_locale":"it_IT","og_type":"article","og_title":"Dunlop Eiskratzer mit Handschuh | Jetzt kaufen | Schweizversand.ch","og_description":"Dunlop Eiskratzer mit Handschuh g\u00fcnstig kaufen bei Schweizversand.ch. Schnelle Lieferung in der Schweiz. Gratisversand ab CHF 50.","og_url":"https:\/\/schweizversand.ch\/it\/produkt\/dunlop-eiskratzer-mit-handschuh\/","og_site_name":"Schweizer Shop f\u00fcr Sport, Spiel und Freizeit","article_publisher":"https:\/\/www.facebook.com\/Schweizversand","article_modified_time":"2026-04-20T00:04:51+00:00","og_image":[{"width":1024,"height":1024,"url":"https:\/\/schweizversand.ch\/wp-content\/uploads\/2026\/02\/5471527862.jpg","type":"image\/jpeg"}],"twitter_card":"summary_large_image","twitter_misc":{"Tempo di lettura stimato":"1 minuto"},"schema":{"@context":"https:\/\/schema.org","@graph":[{"@type":"WebPage","@id":"https:\/\/schweizversand.ch\/it\/produkt\/dunlop-eiskratzer-mit-handschuh\/","url":"https:\/\/schweizversand.ch\/it\/produkt\/dunlop-eiskratzer-mit-handschuh\/","name":"Dunlop Eiskratzer mit Handschuh | Jetzt kaufen | Schweizversand.ch","isPartOf":{"@id":"https:\/\/schweizversand.ch\/it\/#website"},"primaryImageOfPage":{"@id":"https:\/\/schweizversand.ch\/it\/produkt\/dunlop-eiskratzer-mit-handschuh\/#primaryimage"},"image":{"@id":"https:\/\/schweizversand.ch\/it\/produkt\/dunlop-eiskratzer-mit-handschuh\/#primaryimage"},"thumbnailUrl":"https:\/\/schweizversand.ch\/wp-content\/uploads\/2026\/02\/5471527862.jpg","datePublished":"2026-03-14T23:06:10+00:00","dateModified":"2026-04-20T00:04:51+00:00","description":"Dunlop Eiskratzer mit Handschuh g\u00fcnstig kaufen bei Schweizversand.ch. Schnelle Lieferung in der Schweiz. Gratisversand ab CHF 50.","breadcrumb":{"@id":"https:\/\/schweizversand.ch\/it\/produkt\/dunlop-eiskratzer-mit-handschuh\/#breadcrumb"},"inLanguage":"it-IT","potentialAction":[{"@type":"ReadAction","target":["https:\/\/schweizversand.ch\/it\/produkt\/dunlop-eiskratzer-mit-handschuh\/"]}]},{"@type":"ImageObject","inLanguage":"it-IT","@id":"https:\/\/schweizversand.ch\/it\/produkt\/dunlop-eiskratzer-mit-handschuh\/#primaryimage","url":"https:\/\/schweizversand.ch\/wp-content\/uploads\/2026\/02\/5471527862.jpg","contentUrl":"https:\/\/schweizversand.ch\/wp-content\/uploads\/2026\/02\/5471527862.jpg","width":1024,"height":1024},{"@type":"BreadcrumbList","@id":"https:\/\/schweizversand.ch\/it\/produkt\/dunlop-eiskratzer-mit-handschuh\/#breadcrumb","itemListElement":[{"@type":"ListItem","position":1,"name":"Startseite","item":"https:\/\/schweizversand.ch\/it\/home\/"},{"@type":"ListItem","position":2,"name":"Shop","item":"https:\/\/schweizversand.ch\/it\/shop\/"},{"@type":"ListItem","position":3,"name":"Forniture per veicoli","item":"https:\/\/schweizversand.ch\/it\/produkt-kategorie\/forniture-per-veicoli\/"},{"@type":"ListItem","position":4,"name":"Auto","item":"https:\/\/schweizversand.ch\/it\/produkt-kategorie\/forniture-per-veicoli\/auto\/"},{"@type":"ListItem","position":5,"name":"Pulizia e cura","item":"https:\/\/schweizversand.ch\/it\/produkt-kategorie\/forniture-per-veicoli\/auto\/reinigung-pflege\/"},{"@type":"ListItem","position":6,"name":"Raschietto per ghiaccio Dunlop con guanto"}]},{"@type":"WebSite","@id":"https:\/\/schweizversand.ch\/it\/#website","url":"https:\/\/schweizversand.ch\/it\/","name":"Schweizer Shop f\u00fcr Sport, Spiel und Freizeit","description":"Gratisversand ab 50.- (netto), ab eigenem schweizer Lager, Lieferung innert 48h","publisher":{"@id":"https:\/\/schweizversand.ch\/it\/#organization"},"alternateName":"Schweizversand.ch","potentialAction":[{"@type":"SearchAction","target":{"@type":"EntryPoint","urlTemplate":"https:\/\/schweizversand.ch\/it\/?s={search_term_string}"},"query-input":{"@type":"PropertyValueSpecification","valueRequired":true,"valueName":"search_term_string"}}],"inLanguage":"it-IT"},{"@type":"Organization","@id":"https:\/\/schweizversand.ch\/it\/#organization","name":"Schweizversand.ch","url":"https:\/\/schweizversand.ch\/it\/","logo":{"@type":"ImageObject","inLanguage":"it-IT","@id":"https:\/\/schweizversand.ch\/it\/#\/schema\/logo\/image\/","url":"https:\/\/schweizversand.ch\/wp-content\/uploads\/2026\/03\/Logo_Rund_Final-1.png","contentUrl":"https:\/\/schweizversand.ch\/wp-content\/uploads\/2026\/03\/Logo_Rund_Final-1.png","width":404,"height":404,"caption":"Schweizversand.ch"},"image":{"@id":"https:\/\/schweizversand.ch\/it\/#\/schema\/logo\/image\/"},"sameAs":["https:\/\/www.facebook.com\/Schweizversand","https:\/\/www.instagram.com\/schweizversand.ch\/"]}]}},"jetpack_sharing_enabled":true,"_links":{"self":[{"href":"https:\/\/schweizversand.ch\/it\/wp-json\/wp\/v2\/product\/255533","targetHints":{"allow":["GET"]}}],"collection":[{"href":"https:\/\/schweizversand.ch\/it\/wp-json\/wp\/v2\/product"}],"about":[{"href":"https:\/\/schweizversand.ch\/it\/wp-json\/wp\/v2\/types\/product"}],"replies":[{"embeddable":true,"href":"https:\/\/schweizversand.ch\/it\/wp-json\/wp\/v2\/comments?post=255533"}],"wp:featuredmedia":[{"embeddable":true,"href":"https:\/\/schweizversand.ch\/it\/wp-json\/wp\/v2\/media\/158227"}],"wp:attachment":[{"href":"https:\/\/schweizversand.ch\/it\/wp-json\/wp\/v2\/media?parent=255533"}],"wp:term":[{"taxonomy":"product_brand","embeddable":true,"href":"https:\/\/schweizversand.ch\/it\/wp-json\/wp\/v2\/product_brand?post=255533"},{"taxonomy":"product_cat","embeddable":true,"href":"https:\/\/schweizversand.ch\/it\/wp-json\/wp\/v2\/product_cat?post=255533"},{"taxonomy":"product_tag","embeddable":true,"href":"https:\/\/schweizversand.ch\/it\/wp-json\/wp\/v2\/product_tag?post=255533"}],"curies":[{"name":"wp","href":"https:\/\/api.w.org\/{rel}","templated":true}]}}