{"id":255536,"date":"2026-03-15T00:06:10","date_gmt":"2026-03-14T23:06:10","guid":{"rendered":"https:\/\/schweizversand.ch\/produkt\/slazenger-sport-reisetasche-2\/"},"modified":"2026-04-20T02:04:51","modified_gmt":"2026-04-20T00:04:51","slug":"slazenger-sport-reisetasche-2","status":"publish","type":"product","link":"https:\/\/schweizversand.ch\/it\/produkt\/slazenger-sport-reisetasche-2\/","title":{"rendered":"Borsa sportiva\/da viaggio Slazenger"},"content":{"rendered":"<h1><strong>Borsa sportiva Slazenger: la tua compagna compatta per fitness e viaggi<\/strong><\/h1>\n<div>Che tu stia andando in palestra, correndo al campo sportivo o pianificando una gita improvvisata, questa <strong>borsa sportiva Slazenger<\/strong> \u00e8 la soluzione ideale per trasportare la tua attrezzatura. Combina un design funzionale con materiali robusti e offre lo spazio necessario per riporre tutto ci\u00f2 di cui hai bisogno in modo sicuro e organizzato. Scegli questa versatile borsa da viaggio che combina perfettamente comfort e sportivit\u00e0.<\/p>\n<\/div>\n<div><strong>Versatilit\u00e0 e design<\/strong><br \/>Questa <strong>piccola borsa da viaggio<\/strong> compatta colpisce per la sua versatilit\u00e0. Il design sportivo e senza tempo la rende la <strong>borsa sportiva perfetta per uomini e donne<\/strong>. Grazie alla sua struttura robusta, resiste alle sollecitazioni della vita quotidiana e ha sempre un aspetto professionale. Non \u00e8 solo un&#8217;eccellente borsa da palestra, ma anche una pratica compagna per le gite del fine settimana. Conservazione e organizzazione ottimali: la borsa \u00e8 progettata per organizzare facilmente i tuoi effetti personali. L&#8217;ampio scomparto principale offre ampio spazio per vestiti, scarpe e oggetti pi\u00f9 grandi. Questo scomparto \u00e8 dotato di una robusta cerniera che protegge in modo affidabile il contenuto. Inoltre, la borsa \u00e8 dotata di una comoda tasca esterna con cerniera, ideale per piccoli oggetti di valore come chiavi, un cellulare o un portafoglio, mantenendoli facilmente accessibili. Massimo comfort di trasporto: grazie a dettagli studiati con cura, trasportare la tua borsa da palestra Slazenger \u00e8 estremamente comodo. Puoi scegliere tra due opzioni di trasporto: una tracolla regolabile che pu\u00f2 essere regolata individualmente in base alla tua altezza e due robuste maniglie. Questa flessibilit\u00e0 ti garantisce di poter sempre trasportare la borsa comodamente, indipendentemente dal carico. Dettagli e dimensioni del prodotto: &#8211; Dimensioni: 50 x 30 x 30 cm &#8211; Ampio scomparto principale con robusta cerniera &#8211; Tasca esterna con cerniera per un rapido accesso ai piccoli oggetti &#8211; Comfort di trasporto: Tracolla e manici regolabili Due robuste maniglie<br \/>&#8211; Uso versatile: Ideale come <strong>borsa da viaggio<\/strong>, borsa sportiva o borsa da viaggio<br \/>&#8211; Colori: Assortiti (si prega di notare che la selezione del colore non \u00e8 possibile)<\/p>\n<\/div>\n<div>Acquista subito questa funzionale <strong>borsa sportiva<\/strong> di Slazenger e scopri quanto pu\u00f2 essere facile e comodo trasportare la tua attrezzatura sportiva e da viaggio. Un partner affidabile per ogni attivit\u00e0!<\/p>\n<\/div>\n<div>\n<\/div>\n","protected":false},"excerpt":{"rendered":"<p>Borsa sportiva Slazenger: la tua compagna compatta per fitness e viaggi Che tu stia andando in palestra, correndo al campo sportivo o pianificando una gita improvvisata, questa borsa sportiva Slazenger \u00e8 la soluzione ideale per trasportare la tua attrezzatura. Combina un design funzionale con materiali robusti e offre lo spazio necessario per riporre tutto ci\u00f2 di cui hai bisogno in modo sicuro e organizzato. Scegli questa versatile borsa da viaggio che combina perfettamente comfort e&hellip;<\/p>\n","protected":false},"featured_media":158241,"comment_status":"open","ping_status":"closed","template":"","meta":[],"product_brand":[],"product_cat":[38176],"product_tag":[],"class_list":{"0":"post-255536","1":"product","2":"type-product","3":"status-publish","4":"has-post-thumbnail","6":"product_cat-taschen-rucksack","7":"product_shipping_class-global_methods","9":"first","10":"instock","11":"taxable","12":"shipping-taxable","13":"purchasable","14":"product-type-simple"},"yoast_head":"<!-- This site is optimized with the Yoast SEO plugin v27.4 - https:\/\/yoast.com\/product\/yoast-seo-wordpress\/ -->\n<title>Slazenger Sport\/Reisetasche | Jetzt kaufen | Schweizversand.ch<\/title>\n<meta name=\"description\" content=\"Slazenger Sport\/Reisetasche g\u00fcnstig kaufen bei Schweizversand.ch. Schnelle Lieferung in der Schweiz. Gratisversand ab CHF 50.\" \/>\n<meta name=\"robots\" content=\"index, follow, max-snippet:-1, max-image-preview:large, max-video-preview:-1\" \/>\n<link rel=\"canonical\" href=\"https:\/\/schweizversand.ch\/it\/produkt\/slazenger-sport-reisetasche-2\/\" \/>\n<meta property=\"og:locale\" content=\"it_IT\" \/>\n<meta property=\"og:type\" content=\"article\" \/>\n<meta property=\"og:title\" content=\"Slazenger Sport\/Reisetasche | Jetzt kaufen | Schweizversand.ch\" \/>\n<meta property=\"og:description\" content=\"Slazenger Sport\/Reisetasche g\u00fcnstig kaufen bei Schweizversand.ch. Schnelle Lieferung in der Schweiz. Gratisversand ab CHF 50.\" \/>\n<meta property=\"og:url\" content=\"https:\/\/schweizversand.ch\/it\/produkt\/slazenger-sport-reisetasche-2\/\" \/>\n<meta property=\"og:site_name\" content=\"Schweizer Shop f\u00fcr Sport, Spiel und Freizeit\" \/>\n<meta property=\"article:publisher\" content=\"https:\/\/www.facebook.com\/Schweizversand\" \/>\n<meta property=\"article:modified_time\" content=\"2026-04-20T00:04:51+00:00\" \/>\n<meta property=\"og:image\" content=\"https:\/\/schweizversand.ch\/wp-content\/uploads\/2026\/02\/5471774011.jpg\" \/>\n\t<meta property=\"og:image:width\" content=\"1024\" \/>\n\t<meta property=\"og:image:height\" content=\"701\" \/>\n\t<meta property=\"og:image:type\" content=\"image\/jpeg\" \/>\n<meta name=\"twitter:card\" content=\"summary_large_image\" \/>\n<meta name=\"twitter:label1\" content=\"Tempo di lettura stimato\" \/>\n\t<meta name=\"twitter:data1\" content=\"2 minuto\" \/>\n<script type=\"application\/ld+json\" class=\"yoast-schema-graph\">{\"@context\":\"https:\\\/\\\/schema.org\",\"@graph\":[{\"@type\":\"WebPage\",\"@id\":\"https:\\\/\\\/schweizversand.ch\\\/it\\\/produkt\\\/slazenger-sport-reisetasche-2\\\/\",\"url\":\"https:\\\/\\\/schweizversand.ch\\\/it\\\/produkt\\\/slazenger-sport-reisetasche-2\\\/\",\"name\":\"Slazenger Sport\\\/Reisetasche | Jetzt kaufen | Schweizversand.ch\",\"isPartOf\":{\"@id\":\"https:\\\/\\\/schweizversand.ch\\\/it\\\/#website\"},\"primaryImageOfPage\":{\"@id\":\"https:\\\/\\\/schweizversand.ch\\\/it\\\/produkt\\\/slazenger-sport-reisetasche-2\\\/#primaryimage\"},\"image\":{\"@id\":\"https:\\\/\\\/schweizversand.ch\\\/it\\\/produkt\\\/slazenger-sport-reisetasche-2\\\/#primaryimage\"},\"thumbnailUrl\":\"https:\\\/\\\/schweizversand.ch\\\/wp-content\\\/uploads\\\/2026\\\/02\\\/5471774011.jpg\",\"datePublished\":\"2026-03-14T23:06:10+00:00\",\"dateModified\":\"2026-04-20T00:04:51+00:00\",\"description\":\"Slazenger Sport\\\/Reisetasche g\u00fcnstig kaufen bei Schweizversand.ch. Schnelle Lieferung in der Schweiz. Gratisversand ab CHF 50.\",\"breadcrumb\":{\"@id\":\"https:\\\/\\\/schweizversand.ch\\\/it\\\/produkt\\\/slazenger-sport-reisetasche-2\\\/#breadcrumb\"},\"inLanguage\":\"it-IT\",\"potentialAction\":[{\"@type\":\"ReadAction\",\"target\":[\"https:\\\/\\\/schweizversand.ch\\\/it\\\/produkt\\\/slazenger-sport-reisetasche-2\\\/\"]}]},{\"@type\":\"ImageObject\",\"inLanguage\":\"it-IT\",\"@id\":\"https:\\\/\\\/schweizversand.ch\\\/it\\\/produkt\\\/slazenger-sport-reisetasche-2\\\/#primaryimage\",\"url\":\"https:\\\/\\\/schweizversand.ch\\\/wp-content\\\/uploads\\\/2026\\\/02\\\/5471774011.jpg\",\"contentUrl\":\"https:\\\/\\\/schweizversand.ch\\\/wp-content\\\/uploads\\\/2026\\\/02\\\/5471774011.jpg\",\"width\":1024,\"height\":701},{\"@type\":\"BreadcrumbList\",\"@id\":\"https:\\\/\\\/schweizversand.ch\\\/it\\\/produkt\\\/slazenger-sport-reisetasche-2\\\/#breadcrumb\",\"itemListElement\":[{\"@type\":\"ListItem\",\"position\":1,\"name\":\"Startseite\",\"item\":\"https:\\\/\\\/schweizversand.ch\\\/it\\\/home\\\/\"},{\"@type\":\"ListItem\",\"position\":2,\"name\":\"Shop\",\"item\":\"https:\\\/\\\/schweizversand.ch\\\/it\\\/shop\\\/\"},{\"@type\":\"ListItem\",\"position\":3,\"name\":\"Viaggi\",\"item\":\"https:\\\/\\\/schweizversand.ch\\\/it\\\/produkt-kategorie\\\/viaggi\\\/\"},{\"@type\":\"ListItem\",\"position\":4,\"name\":\"Borse e bagagli\",\"item\":\"https:\\\/\\\/schweizversand.ch\\\/it\\\/produkt-kategorie\\\/viaggi\\\/borse-e-bagagli\\\/\"},{\"@type\":\"ListItem\",\"position\":5,\"name\":\"Borse e zaini\",\"item\":\"https:\\\/\\\/schweizversand.ch\\\/it\\\/produkt-kategorie\\\/viaggi\\\/borse-e-bagagli\\\/taschen-rucksack\\\/\"},{\"@type\":\"ListItem\",\"position\":6,\"name\":\"Borsa sportiva\\\/da viaggio Slazenger\"}]},{\"@type\":\"WebSite\",\"@id\":\"https:\\\/\\\/schweizversand.ch\\\/it\\\/#website\",\"url\":\"https:\\\/\\\/schweizversand.ch\\\/it\\\/\",\"name\":\"Schweizer Shop f\u00fcr Sport, Spiel und Freizeit\",\"description\":\"Gratisversand ab 50.- (netto), ab eigenem schweizer Lager, Lieferung innert 48h\",\"publisher\":{\"@id\":\"https:\\\/\\\/schweizversand.ch\\\/it\\\/#organization\"},\"alternateName\":\"Schweizversand.ch\",\"potentialAction\":[{\"@type\":\"SearchAction\",\"target\":{\"@type\":\"EntryPoint\",\"urlTemplate\":\"https:\\\/\\\/schweizversand.ch\\\/it\\\/?s={search_term_string}\"},\"query-input\":{\"@type\":\"PropertyValueSpecification\",\"valueRequired\":true,\"valueName\":\"search_term_string\"}}],\"inLanguage\":\"it-IT\"},{\"@type\":\"Organization\",\"@id\":\"https:\\\/\\\/schweizversand.ch\\\/it\\\/#organization\",\"name\":\"Schweizversand.ch\",\"url\":\"https:\\\/\\\/schweizversand.ch\\\/it\\\/\",\"logo\":{\"@type\":\"ImageObject\",\"inLanguage\":\"it-IT\",\"@id\":\"https:\\\/\\\/schweizversand.ch\\\/it\\\/#\\\/schema\\\/logo\\\/image\\\/\",\"url\":\"https:\\\/\\\/schweizversand.ch\\\/wp-content\\\/uploads\\\/2026\\\/03\\\/Logo_Rund_Final-1.png\",\"contentUrl\":\"https:\\\/\\\/schweizversand.ch\\\/wp-content\\\/uploads\\\/2026\\\/03\\\/Logo_Rund_Final-1.png\",\"width\":404,\"height\":404,\"caption\":\"Schweizversand.ch\"},\"image\":{\"@id\":\"https:\\\/\\\/schweizversand.ch\\\/it\\\/#\\\/schema\\\/logo\\\/image\\\/\"},\"sameAs\":[\"https:\\\/\\\/www.facebook.com\\\/Schweizversand\",\"https:\\\/\\\/www.instagram.com\\\/schweizversand.ch\\\/\"]}]}<\/script>\n<!-- \/ Yoast SEO plugin. -->","yoast_head_json":{"title":"Slazenger Sport\/Reisetasche | Jetzt kaufen | Schweizversand.ch","description":"Slazenger Sport\/Reisetasche g\u00fcnstig kaufen bei Schweizversand.ch. Schnelle Lieferung in der Schweiz. Gratisversand ab CHF 50.","robots":{"index":"index","follow":"follow","max-snippet":"max-snippet:-1","max-image-preview":"max-image-preview:large","max-video-preview":"max-video-preview:-1"},"canonical":"https:\/\/schweizversand.ch\/it\/produkt\/slazenger-sport-reisetasche-2\/","og_locale":"it_IT","og_type":"article","og_title":"Slazenger Sport\/Reisetasche | Jetzt kaufen | Schweizversand.ch","og_description":"Slazenger Sport\/Reisetasche g\u00fcnstig kaufen bei Schweizversand.ch. Schnelle Lieferung in der Schweiz. Gratisversand ab CHF 50.","og_url":"https:\/\/schweizversand.ch\/it\/produkt\/slazenger-sport-reisetasche-2\/","og_site_name":"Schweizer Shop f\u00fcr Sport, Spiel und Freizeit","article_publisher":"https:\/\/www.facebook.com\/Schweizversand","article_modified_time":"2026-04-20T00:04:51+00:00","og_image":[{"width":1024,"height":701,"url":"https:\/\/schweizversand.ch\/wp-content\/uploads\/2026\/02\/5471774011.jpg","type":"image\/jpeg"}],"twitter_card":"summary_large_image","twitter_misc":{"Tempo di lettura stimato":"2 minuto"},"schema":{"@context":"https:\/\/schema.org","@graph":[{"@type":"WebPage","@id":"https:\/\/schweizversand.ch\/it\/produkt\/slazenger-sport-reisetasche-2\/","url":"https:\/\/schweizversand.ch\/it\/produkt\/slazenger-sport-reisetasche-2\/","name":"Slazenger Sport\/Reisetasche | Jetzt kaufen | Schweizversand.ch","isPartOf":{"@id":"https:\/\/schweizversand.ch\/it\/#website"},"primaryImageOfPage":{"@id":"https:\/\/schweizversand.ch\/it\/produkt\/slazenger-sport-reisetasche-2\/#primaryimage"},"image":{"@id":"https:\/\/schweizversand.ch\/it\/produkt\/slazenger-sport-reisetasche-2\/#primaryimage"},"thumbnailUrl":"https:\/\/schweizversand.ch\/wp-content\/uploads\/2026\/02\/5471774011.jpg","datePublished":"2026-03-14T23:06:10+00:00","dateModified":"2026-04-20T00:04:51+00:00","description":"Slazenger Sport\/Reisetasche g\u00fcnstig kaufen bei Schweizversand.ch. Schnelle Lieferung in der Schweiz. Gratisversand ab CHF 50.","breadcrumb":{"@id":"https:\/\/schweizversand.ch\/it\/produkt\/slazenger-sport-reisetasche-2\/#breadcrumb"},"inLanguage":"it-IT","potentialAction":[{"@type":"ReadAction","target":["https:\/\/schweizversand.ch\/it\/produkt\/slazenger-sport-reisetasche-2\/"]}]},{"@type":"ImageObject","inLanguage":"it-IT","@id":"https:\/\/schweizversand.ch\/it\/produkt\/slazenger-sport-reisetasche-2\/#primaryimage","url":"https:\/\/schweizversand.ch\/wp-content\/uploads\/2026\/02\/5471774011.jpg","contentUrl":"https:\/\/schweizversand.ch\/wp-content\/uploads\/2026\/02\/5471774011.jpg","width":1024,"height":701},{"@type":"BreadcrumbList","@id":"https:\/\/schweizversand.ch\/it\/produkt\/slazenger-sport-reisetasche-2\/#breadcrumb","itemListElement":[{"@type":"ListItem","position":1,"name":"Startseite","item":"https:\/\/schweizversand.ch\/it\/home\/"},{"@type":"ListItem","position":2,"name":"Shop","item":"https:\/\/schweizversand.ch\/it\/shop\/"},{"@type":"ListItem","position":3,"name":"Viaggi","item":"https:\/\/schweizversand.ch\/it\/produkt-kategorie\/viaggi\/"},{"@type":"ListItem","position":4,"name":"Borse e bagagli","item":"https:\/\/schweizversand.ch\/it\/produkt-kategorie\/viaggi\/borse-e-bagagli\/"},{"@type":"ListItem","position":5,"name":"Borse e zaini","item":"https:\/\/schweizversand.ch\/it\/produkt-kategorie\/viaggi\/borse-e-bagagli\/taschen-rucksack\/"},{"@type":"ListItem","position":6,"name":"Borsa sportiva\/da viaggio Slazenger"}]},{"@type":"WebSite","@id":"https:\/\/schweizversand.ch\/it\/#website","url":"https:\/\/schweizversand.ch\/it\/","name":"Schweizer Shop f\u00fcr Sport, Spiel und Freizeit","description":"Gratisversand ab 50.- (netto), ab eigenem schweizer Lager, Lieferung innert 48h","publisher":{"@id":"https:\/\/schweizversand.ch\/it\/#organization"},"alternateName":"Schweizversand.ch","potentialAction":[{"@type":"SearchAction","target":{"@type":"EntryPoint","urlTemplate":"https:\/\/schweizversand.ch\/it\/?s={search_term_string}"},"query-input":{"@type":"PropertyValueSpecification","valueRequired":true,"valueName":"search_term_string"}}],"inLanguage":"it-IT"},{"@type":"Organization","@id":"https:\/\/schweizversand.ch\/it\/#organization","name":"Schweizversand.ch","url":"https:\/\/schweizversand.ch\/it\/","logo":{"@type":"ImageObject","inLanguage":"it-IT","@id":"https:\/\/schweizversand.ch\/it\/#\/schema\/logo\/image\/","url":"https:\/\/schweizversand.ch\/wp-content\/uploads\/2026\/03\/Logo_Rund_Final-1.png","contentUrl":"https:\/\/schweizversand.ch\/wp-content\/uploads\/2026\/03\/Logo_Rund_Final-1.png","width":404,"height":404,"caption":"Schweizversand.ch"},"image":{"@id":"https:\/\/schweizversand.ch\/it\/#\/schema\/logo\/image\/"},"sameAs":["https:\/\/www.facebook.com\/Schweizversand","https:\/\/www.instagram.com\/schweizversand.ch\/"]}]}},"jetpack_sharing_enabled":true,"_links":{"self":[{"href":"https:\/\/schweizversand.ch\/it\/wp-json\/wp\/v2\/product\/255536","targetHints":{"allow":["GET"]}}],"collection":[{"href":"https:\/\/schweizversand.ch\/it\/wp-json\/wp\/v2\/product"}],"about":[{"href":"https:\/\/schweizversand.ch\/it\/wp-json\/wp\/v2\/types\/product"}],"replies":[{"embeddable":true,"href":"https:\/\/schweizversand.ch\/it\/wp-json\/wp\/v2\/comments?post=255536"}],"wp:featuredmedia":[{"embeddable":true,"href":"https:\/\/schweizversand.ch\/it\/wp-json\/wp\/v2\/media\/158241"}],"wp:attachment":[{"href":"https:\/\/schweizversand.ch\/it\/wp-json\/wp\/v2\/media?parent=255536"}],"wp:term":[{"taxonomy":"product_brand","embeddable":true,"href":"https:\/\/schweizversand.ch\/it\/wp-json\/wp\/v2\/product_brand?post=255536"},{"taxonomy":"product_cat","embeddable":true,"href":"https:\/\/schweizversand.ch\/it\/wp-json\/wp\/v2\/product_cat?post=255536"},{"taxonomy":"product_tag","embeddable":true,"href":"https:\/\/schweizversand.ch\/it\/wp-json\/wp\/v2\/product_tag?post=255536"}],"curies":[{"name":"wp","href":"https:\/\/api.w.org\/{rel}","templated":true}]}}