{"id":255538,"date":"2026-03-15T00:06:10","date_gmt":"2026-03-14T23:06:10","guid":{"rendered":"https:\/\/schweizversand.ch\/produkt\/fresh-cold-eiswuerfelschale\/"},"modified":"2026-04-19T15:36:32","modified_gmt":"2026-04-19T13:36:32","slug":"fresh-cold-eiswuerfelschale","status":"publish","type":"product","link":"https:\/\/schweizversand.ch\/it\/produkt\/fresh-cold-eiswuerfelschale\/","title":{"rendered":"Vassoio per cubetti di ghiaccio freschi e freddi"},"content":{"rendered":"<h1><strong>Vassoio per cubetti di ghiaccio in silicone &#8211; Grande contenitore per cubetti di ghiaccio per feste e uso quotidiano<\/strong><\/h1>\n<div>Cerchi una soluzione pulita ed efficiente per produrre grandi quantit\u00e0 di cubetti di ghiaccio? Con questo innovativo <strong>vassoio per cubetti di ghiaccio in silicone<\/strong>, puoi preparare cubetti di ghiaccio perfetti in modo rapido, pulito e senza sforzo e servirli con stile. \u00c8 l&#8217;aggiunta ideale a qualsiasi <strong>festa del ghiaccio<\/strong>, riunione o occasione.<\/p>\n<\/div>\n<div><strong>Rinfrescanti alla perfezione<\/strong><br \/>Rinfresca la tua estate con stile e assicurati che i tuoi ospiti non rimangano mai senza rinfreschi. Questo <strong>vassoio per cubetti di ghiaccio di grandi dimensioni<\/strong> \u00e8 progettato per produrre una notevole quantit\u00e0 di ghiaccio. Il materiale \u00e8 <strong>flessibile e robusto<\/strong>, mantenendo il vassoio stabile durante il riempimento e la manipolazione, mentre i cubetti di ghiaccio finiti sono facili da rimuovere grazie alla speciale consistenza. Ci\u00f2 garantisce una manipolazione pulita, semplice e igienica.<\/p>\n<\/div>\n<div><strong>I tuoi vantaggi in sintesi<\/strong><br \/>&#8211; <strong>Facile rilascio:<\/strong> Grazie alla struttura flessibile sul fondo, i cubetti di ghiaccio si rilasciano senza sforzo, senza pi\u00f9 torsioni o colpi.<br \/>&#8211; <strong>Impilabile:<\/strong> Il set \u00e8 progettato per risparmiare spazio e si adatta anche ai congelatori pi\u00f9 piccoli, garantendo ordine ed efficienza.<br \/>&#8211; <strong>100% senza BPA:<\/strong> La <strong>vaschetta per cubetti di ghiaccio in silicone<\/strong> \u00e8 realizzata in materiale alimentare, \u00e8 sicura al 100% e priva di tossine.<br \/>&#8211; <strong>Flessibile e robusta: Il materiale in silicone di alta qualit\u00e0 dura anni e non si rompe quando viene riempita o trasportata. Usi versatili: Questa vaschetta per cubetti di ghiaccio flessibile \u00e8 adatta a molto pi\u00f9 che semplicemente creare cubetti di ghiaccio. Dai libero sfogo alla tua creativit\u00e0! Puoi usare il vassoio per preparare i tuoi cioccolatini o congelare dolcetti come frullati, succhi e gelatine. Anche porzionare e congelare salse, frutta, uova sbattute, vino o pesto fresco \u00e8 facile, risparmiando tempo prezioso in cucina. Facile da usare e rimuovere: riempi il vassoio con il liquido desiderato, ma non fino all&#8217;orlo. Per rimuovere tutti i cubetti in una volta, capovolgi semplicemente il vassoio e ruota entrambe le estremit\u00e0 in direzioni opposte; i cubetti cadranno facilmente. Per rimuovere i singoli cubetti, premili semplicemente dal fondo dello stampo con le dita.<\/p>\n<\/div>\n<div><strong>Informazioni sul prodotto e consegna<\/strong><br \/>&#8211; Colori: Blu, Rosso, Verde, Rosa<\/p>\n<p>Nota: il colore non \u00e8 selezionabile.<br \/>Consegna: l&#8217;articolo verr\u00e0 consegnato assortito in base alla disponibilit\u00e0.<br \/>Il prezzo \u00e8 per pezzo<\/p>\n<\/div>\n<div>Investi in questo <strong>vassoio per cubetti di ghiaccio in silicone di alta qualit\u00e0<\/strong> e scopri quanto pu\u00f2 essere facile e comodo preparare la tua prossima festa. Assicurati subito la tua fornitura affidabile di cubetti di ghiaccio dalla forma perfetta!<\/p>\n<\/div>\n<div><\/div>\n","protected":false},"excerpt":{"rendered":"<p>Vassoio per cubetti di ghiaccio in silicone &#8211; Grande contenitore per cubetti di ghiaccio per feste e uso quotidiano Cerchi una soluzione pulita ed efficiente per produrre grandi quantit\u00e0 di cubetti di ghiaccio? Con questo innovativo vassoio per cubetti di ghiaccio in silicone, puoi preparare cubetti di ghiaccio perfetti in modo rapido, pulito e senza sforzo e servirli con stile. \u00c8 l&#8217;aggiunta ideale a qualsiasi festa del ghiaccio, riunione o occasione. Rinfrescanti alla perfezioneRinfresca la&hellip;<\/p>\n","protected":false},"featured_media":257228,"comment_status":"open","ping_status":"closed","template":"","meta":[],"product_brand":[],"product_cat":[38742],"product_tag":[],"class_list":{"0":"post-255538","1":"product","2":"type-product","3":"status-publish","4":"has-post-thumbnail","6":"product_cat-diverses","7":"product_shipping_class-global_methods","9":"first","10":"instock","11":"taxable","12":"shipping-taxable","13":"purchasable","14":"product-type-simple"},"yoast_head":"<!-- This site is optimized with the Yoast SEO plugin v27.4 - https:\/\/yoast.com\/product\/yoast-seo-wordpress\/ -->\n<title>Fresh &amp; Cold Eisw\u00fcrfelschale | Jetzt kaufen | Schweizversand.ch<\/title>\n<meta name=\"description\" content=\"Fresh &amp; Cold Eisw\u00fcrfelschale g\u00fcnstig kaufen bei Schweizversand.ch. Schnelle Lieferung in der Schweiz. Gratisversand ab CHF 50.\" \/>\n<meta name=\"robots\" content=\"index, follow, max-snippet:-1, max-image-preview:large, max-video-preview:-1\" \/>\n<link rel=\"canonical\" href=\"https:\/\/schweizversand.ch\/it\/produkt\/fresh-cold-eiswuerfelschale\/\" \/>\n<meta property=\"og:locale\" content=\"it_IT\" \/>\n<meta property=\"og:type\" content=\"article\" \/>\n<meta property=\"og:title\" content=\"Fresh &amp; Cold Eisw\u00fcrfelschale | Jetzt kaufen | Schweizversand.ch\" \/>\n<meta property=\"og:description\" content=\"Fresh &amp; Cold Eisw\u00fcrfelschale g\u00fcnstig kaufen bei Schweizversand.ch. Schnelle Lieferung in der Schweiz. Gratisversand ab CHF 50.\" \/>\n<meta property=\"og:url\" content=\"https:\/\/schweizversand.ch\/it\/produkt\/fresh-cold-eiswuerfelschale\/\" \/>\n<meta property=\"og:site_name\" content=\"Schweizer Shop f\u00fcr Sport, Spiel und Freizeit\" \/>\n<meta property=\"article:publisher\" content=\"https:\/\/www.facebook.com\/Schweizversand\" \/>\n<meta property=\"article:modified_time\" content=\"2026-04-19T13:36:32+00:00\" \/>\n<meta property=\"og:image\" content=\"https:\/\/schweizversand.ch\/wp-content\/uploads\/2026\/02\/5520348976.jpg\" \/>\n\t<meta property=\"og:image:width\" content=\"1024\" \/>\n\t<meta property=\"og:image:height\" content=\"1024\" \/>\n\t<meta property=\"og:image:type\" content=\"image\/jpeg\" \/>\n<meta name=\"twitter:card\" content=\"summary_large_image\" \/>\n<meta name=\"twitter:label1\" content=\"Tempo di lettura stimato\" \/>\n\t<meta name=\"twitter:data1\" content=\"2 minuto\" \/>\n<script type=\"application\/ld+json\" class=\"yoast-schema-graph\">{\"@context\":\"https:\\\/\\\/schema.org\",\"@graph\":[{\"@type\":\"WebPage\",\"@id\":\"https:\\\/\\\/schweizversand.ch\\\/it\\\/produkt\\\/fresh-cold-eiswuerfelschale\\\/\",\"url\":\"https:\\\/\\\/schweizversand.ch\\\/it\\\/produkt\\\/fresh-cold-eiswuerfelschale\\\/\",\"name\":\"Fresh & Cold Eisw\u00fcrfelschale | Jetzt kaufen | Schweizversand.ch\",\"isPartOf\":{\"@id\":\"https:\\\/\\\/schweizversand.ch\\\/it\\\/#website\"},\"primaryImageOfPage\":{\"@id\":\"https:\\\/\\\/schweizversand.ch\\\/it\\\/produkt\\\/fresh-cold-eiswuerfelschale\\\/#primaryimage\"},\"image\":{\"@id\":\"https:\\\/\\\/schweizversand.ch\\\/it\\\/produkt\\\/fresh-cold-eiswuerfelschale\\\/#primaryimage\"},\"thumbnailUrl\":\"https:\\\/\\\/schweizversand.ch\\\/wp-content\\\/uploads\\\/2026\\\/02\\\/5520348976.jpg\",\"datePublished\":\"2026-03-14T23:06:10+00:00\",\"dateModified\":\"2026-04-19T13:36:32+00:00\",\"description\":\"Fresh & Cold Eisw\u00fcrfelschale g\u00fcnstig kaufen bei Schweizversand.ch. Schnelle Lieferung in der Schweiz. Gratisversand ab CHF 50.\",\"breadcrumb\":{\"@id\":\"https:\\\/\\\/schweizversand.ch\\\/it\\\/produkt\\\/fresh-cold-eiswuerfelschale\\\/#breadcrumb\"},\"inLanguage\":\"it-IT\",\"potentialAction\":[{\"@type\":\"ReadAction\",\"target\":[\"https:\\\/\\\/schweizversand.ch\\\/it\\\/produkt\\\/fresh-cold-eiswuerfelschale\\\/\"]}]},{\"@type\":\"ImageObject\",\"inLanguage\":\"it-IT\",\"@id\":\"https:\\\/\\\/schweizversand.ch\\\/it\\\/produkt\\\/fresh-cold-eiswuerfelschale\\\/#primaryimage\",\"url\":\"https:\\\/\\\/schweizversand.ch\\\/wp-content\\\/uploads\\\/2026\\\/02\\\/5520348976.jpg\",\"contentUrl\":\"https:\\\/\\\/schweizversand.ch\\\/wp-content\\\/uploads\\\/2026\\\/02\\\/5520348976.jpg\",\"width\":1024,\"height\":1024},{\"@type\":\"BreadcrumbList\",\"@id\":\"https:\\\/\\\/schweizversand.ch\\\/it\\\/produkt\\\/fresh-cold-eiswuerfelschale\\\/#breadcrumb\",\"itemListElement\":[{\"@type\":\"ListItem\",\"position\":1,\"name\":\"Startseite\",\"item\":\"https:\\\/\\\/schweizversand.ch\\\/it\\\/home\\\/\"},{\"@type\":\"ListItem\",\"position\":2,\"name\":\"Shop\",\"item\":\"https:\\\/\\\/schweizversand.ch\\\/it\\\/shop\\\/\"},{\"@type\":\"ListItem\",\"position\":3,\"name\":\"Casa\",\"item\":\"https:\\\/\\\/schweizversand.ch\\\/it\\\/produkt-kategorie\\\/casa\\\/\"},{\"@type\":\"ListItem\",\"position\":4,\"name\":\"Cucina\",\"item\":\"https:\\\/\\\/schweizversand.ch\\\/it\\\/produkt-kategorie\\\/casa\\\/cucina\\\/\"},{\"@type\":\"ListItem\",\"position\":5,\"name\":\"Varie\",\"item\":\"https:\\\/\\\/schweizversand.ch\\\/it\\\/produkt-kategorie\\\/casa\\\/cucina\\\/diverses\\\/\"},{\"@type\":\"ListItem\",\"position\":6,\"name\":\"Vassoio per cubetti di ghiaccio freschi e freddi\"}]},{\"@type\":\"WebSite\",\"@id\":\"https:\\\/\\\/schweizversand.ch\\\/it\\\/#website\",\"url\":\"https:\\\/\\\/schweizversand.ch\\\/it\\\/\",\"name\":\"Schweizer Shop f\u00fcr Sport, Spiel und Freizeit\",\"description\":\"Gratisversand ab 50.- (netto), ab eigenem schweizer Lager, Lieferung innert 48h\",\"publisher\":{\"@id\":\"https:\\\/\\\/schweizversand.ch\\\/it\\\/#organization\"},\"alternateName\":\"Schweizversand.ch\",\"potentialAction\":[{\"@type\":\"SearchAction\",\"target\":{\"@type\":\"EntryPoint\",\"urlTemplate\":\"https:\\\/\\\/schweizversand.ch\\\/it\\\/?s={search_term_string}\"},\"query-input\":{\"@type\":\"PropertyValueSpecification\",\"valueRequired\":true,\"valueName\":\"search_term_string\"}}],\"inLanguage\":\"it-IT\"},{\"@type\":\"Organization\",\"@id\":\"https:\\\/\\\/schweizversand.ch\\\/it\\\/#organization\",\"name\":\"Schweizversand.ch\",\"url\":\"https:\\\/\\\/schweizversand.ch\\\/it\\\/\",\"logo\":{\"@type\":\"ImageObject\",\"inLanguage\":\"it-IT\",\"@id\":\"https:\\\/\\\/schweizversand.ch\\\/it\\\/#\\\/schema\\\/logo\\\/image\\\/\",\"url\":\"https:\\\/\\\/schweizversand.ch\\\/wp-content\\\/uploads\\\/2026\\\/03\\\/Logo_Rund_Final-1.png\",\"contentUrl\":\"https:\\\/\\\/schweizversand.ch\\\/wp-content\\\/uploads\\\/2026\\\/03\\\/Logo_Rund_Final-1.png\",\"width\":404,\"height\":404,\"caption\":\"Schweizversand.ch\"},\"image\":{\"@id\":\"https:\\\/\\\/schweizversand.ch\\\/it\\\/#\\\/schema\\\/logo\\\/image\\\/\"},\"sameAs\":[\"https:\\\/\\\/www.facebook.com\\\/Schweizversand\",\"https:\\\/\\\/www.instagram.com\\\/schweizversand.ch\\\/\"]}]}<\/script>\n<!-- \/ Yoast SEO plugin. -->","yoast_head_json":{"title":"Fresh & Cold Eisw\u00fcrfelschale | Jetzt kaufen | Schweizversand.ch","description":"Fresh & Cold Eisw\u00fcrfelschale g\u00fcnstig kaufen bei Schweizversand.ch. Schnelle Lieferung in der Schweiz. Gratisversand ab CHF 50.","robots":{"index":"index","follow":"follow","max-snippet":"max-snippet:-1","max-image-preview":"max-image-preview:large","max-video-preview":"max-video-preview:-1"},"canonical":"https:\/\/schweizversand.ch\/it\/produkt\/fresh-cold-eiswuerfelschale\/","og_locale":"it_IT","og_type":"article","og_title":"Fresh & Cold Eisw\u00fcrfelschale | Jetzt kaufen | Schweizversand.ch","og_description":"Fresh & Cold Eisw\u00fcrfelschale g\u00fcnstig kaufen bei Schweizversand.ch. Schnelle Lieferung in der Schweiz. Gratisversand ab CHF 50.","og_url":"https:\/\/schweizversand.ch\/it\/produkt\/fresh-cold-eiswuerfelschale\/","og_site_name":"Schweizer Shop f\u00fcr Sport, Spiel und Freizeit","article_publisher":"https:\/\/www.facebook.com\/Schweizversand","article_modified_time":"2026-04-19T13:36:32+00:00","og_image":[{"width":1024,"height":1024,"url":"https:\/\/schweizversand.ch\/wp-content\/uploads\/2026\/02\/5520348976.jpg","type":"image\/jpeg"}],"twitter_card":"summary_large_image","twitter_misc":{"Tempo di lettura stimato":"2 minuto"},"schema":{"@context":"https:\/\/schema.org","@graph":[{"@type":"WebPage","@id":"https:\/\/schweizversand.ch\/it\/produkt\/fresh-cold-eiswuerfelschale\/","url":"https:\/\/schweizversand.ch\/it\/produkt\/fresh-cold-eiswuerfelschale\/","name":"Fresh & Cold Eisw\u00fcrfelschale | Jetzt kaufen | Schweizversand.ch","isPartOf":{"@id":"https:\/\/schweizversand.ch\/it\/#website"},"primaryImageOfPage":{"@id":"https:\/\/schweizversand.ch\/it\/produkt\/fresh-cold-eiswuerfelschale\/#primaryimage"},"image":{"@id":"https:\/\/schweizversand.ch\/it\/produkt\/fresh-cold-eiswuerfelschale\/#primaryimage"},"thumbnailUrl":"https:\/\/schweizversand.ch\/wp-content\/uploads\/2026\/02\/5520348976.jpg","datePublished":"2026-03-14T23:06:10+00:00","dateModified":"2026-04-19T13:36:32+00:00","description":"Fresh & Cold Eisw\u00fcrfelschale g\u00fcnstig kaufen bei Schweizversand.ch. Schnelle Lieferung in der Schweiz. Gratisversand ab CHF 50.","breadcrumb":{"@id":"https:\/\/schweizversand.ch\/it\/produkt\/fresh-cold-eiswuerfelschale\/#breadcrumb"},"inLanguage":"it-IT","potentialAction":[{"@type":"ReadAction","target":["https:\/\/schweizversand.ch\/it\/produkt\/fresh-cold-eiswuerfelschale\/"]}]},{"@type":"ImageObject","inLanguage":"it-IT","@id":"https:\/\/schweizversand.ch\/it\/produkt\/fresh-cold-eiswuerfelschale\/#primaryimage","url":"https:\/\/schweizversand.ch\/wp-content\/uploads\/2026\/02\/5520348976.jpg","contentUrl":"https:\/\/schweizversand.ch\/wp-content\/uploads\/2026\/02\/5520348976.jpg","width":1024,"height":1024},{"@type":"BreadcrumbList","@id":"https:\/\/schweizversand.ch\/it\/produkt\/fresh-cold-eiswuerfelschale\/#breadcrumb","itemListElement":[{"@type":"ListItem","position":1,"name":"Startseite","item":"https:\/\/schweizversand.ch\/it\/home\/"},{"@type":"ListItem","position":2,"name":"Shop","item":"https:\/\/schweizversand.ch\/it\/shop\/"},{"@type":"ListItem","position":3,"name":"Casa","item":"https:\/\/schweizversand.ch\/it\/produkt-kategorie\/casa\/"},{"@type":"ListItem","position":4,"name":"Cucina","item":"https:\/\/schweizversand.ch\/it\/produkt-kategorie\/casa\/cucina\/"},{"@type":"ListItem","position":5,"name":"Varie","item":"https:\/\/schweizversand.ch\/it\/produkt-kategorie\/casa\/cucina\/diverses\/"},{"@type":"ListItem","position":6,"name":"Vassoio per cubetti di ghiaccio freschi e freddi"}]},{"@type":"WebSite","@id":"https:\/\/schweizversand.ch\/it\/#website","url":"https:\/\/schweizversand.ch\/it\/","name":"Schweizer Shop f\u00fcr Sport, Spiel und Freizeit","description":"Gratisversand ab 50.- (netto), ab eigenem schweizer Lager, Lieferung innert 48h","publisher":{"@id":"https:\/\/schweizversand.ch\/it\/#organization"},"alternateName":"Schweizversand.ch","potentialAction":[{"@type":"SearchAction","target":{"@type":"EntryPoint","urlTemplate":"https:\/\/schweizversand.ch\/it\/?s={search_term_string}"},"query-input":{"@type":"PropertyValueSpecification","valueRequired":true,"valueName":"search_term_string"}}],"inLanguage":"it-IT"},{"@type":"Organization","@id":"https:\/\/schweizversand.ch\/it\/#organization","name":"Schweizversand.ch","url":"https:\/\/schweizversand.ch\/it\/","logo":{"@type":"ImageObject","inLanguage":"it-IT","@id":"https:\/\/schweizversand.ch\/it\/#\/schema\/logo\/image\/","url":"https:\/\/schweizversand.ch\/wp-content\/uploads\/2026\/03\/Logo_Rund_Final-1.png","contentUrl":"https:\/\/schweizversand.ch\/wp-content\/uploads\/2026\/03\/Logo_Rund_Final-1.png","width":404,"height":404,"caption":"Schweizversand.ch"},"image":{"@id":"https:\/\/schweizversand.ch\/it\/#\/schema\/logo\/image\/"},"sameAs":["https:\/\/www.facebook.com\/Schweizversand","https:\/\/www.instagram.com\/schweizversand.ch\/"]}]}},"jetpack_sharing_enabled":true,"_links":{"self":[{"href":"https:\/\/schweizversand.ch\/it\/wp-json\/wp\/v2\/product\/255538","targetHints":{"allow":["GET"]}}],"collection":[{"href":"https:\/\/schweizversand.ch\/it\/wp-json\/wp\/v2\/product"}],"about":[{"href":"https:\/\/schweizversand.ch\/it\/wp-json\/wp\/v2\/types\/product"}],"replies":[{"embeddable":true,"href":"https:\/\/schweizversand.ch\/it\/wp-json\/wp\/v2\/comments?post=255538"}],"wp:featuredmedia":[{"embeddable":true,"href":"https:\/\/schweizversand.ch\/it\/wp-json\/wp\/v2\/media\/257228"}],"wp:attachment":[{"href":"https:\/\/schweizversand.ch\/it\/wp-json\/wp\/v2\/media?parent=255538"}],"wp:term":[{"taxonomy":"product_brand","embeddable":true,"href":"https:\/\/schweizversand.ch\/it\/wp-json\/wp\/v2\/product_brand?post=255538"},{"taxonomy":"product_cat","embeddable":true,"href":"https:\/\/schweizversand.ch\/it\/wp-json\/wp\/v2\/product_cat?post=255538"},{"taxonomy":"product_tag","embeddable":true,"href":"https:\/\/schweizversand.ch\/it\/wp-json\/wp\/v2\/product_tag?post=255538"}],"curies":[{"name":"wp","href":"https:\/\/api.w.org\/{rel}","templated":true}]}}