{"id":255542,"date":"2026-03-15T00:06:11","date_gmt":"2026-03-14T23:06:11","guid":{"rendered":"https:\/\/schweizversand.ch\/produkt\/jumbo-puzzle-jan-van-haasteren-der-kunstmarkt-1000-teile\/"},"modified":"2026-04-19T02:05:57","modified_gmt":"2026-04-19T00:05:57","slug":"jumbo-puzzle-jan-van-haasteren-der-kunstmarkt-1000-teile","status":"publish","type":"product","link":"https:\/\/schweizversand.ch\/it\/produkt\/jumbo-puzzle-jan-van-haasteren-der-kunstmarkt-1000-teile\/","title":{"rendered":"Jumbo puzzle Jan van Haasteren &#8220;Il mercato dell&#8217;arte&#8221; 1000 pezzi"},"content":{"rendered":"<p>Jan van Haasteren \u00e8 un nome noto nel mondo dei puzzle e le sue opere sono particolarmente apprezzate dagli appassionati per la loro attenzione ai dettagli e lo stile umoristico. Per decenni, l&#8217;artista olandese ha deliziato gli appassionati di puzzle con le sue illustrazioni uniche, spesso ricche di elementi bizzarri, divertenti e sorprendenti. Ci\u00f2 che distingue davvero i suoi puzzle sono i colori vivaci, la ricchezza dei dettagli e la loro capacit\u00e0 di strappare un sorriso al visitatore.<\/p>\n<p>Il segno distintivo di Jan van Haasteren<\/p>\n<p>Un segno distintivo tipico dei suoi puzzle \u00e8 la pinna di squalo, nascosta in quasi tutte le illustrazioni. Trovare questa pinna di squalo \u00e8 una piccola sfida per gli appassionati di puzzle: un piccolo tocco di divertimento che Jan stesso ha incorporato in ciascuna delle sue opere. Ma ci sono molti altri elementi ricorrenti che i suoi fan amano cercare:<\/p>\n<p>\u2022 La pinna di squalo: una pinna di squalo si trova da qualche parte in quasi tutti i puzzle di Jan van Haasteren, ed \u00e8 diventata il segno distintivo dell&#8217;artista.<\/p>\n<p>\u2022 San Nicola: un&#8217;altra figura ricorrente nei suoi puzzle \u00e8 San Nicola, integrato con umorismo nelle sue scene.<\/p>\n<p>\u2022 Terzo dente: un elemento umoristico che ricorre ripetutamente, rendendo il puzzle ancora pi\u00f9 divertente.<\/p>\n<p>\u2022 Autoritratto di Jan van Haasteren: l&#8217;artista stesso appare spesso come una piccola figura nascosta nelle sue opere.<\/p>\n<p>Scene umoristiche e vivaci<\/p>\n<p>Jan van Haasteren \u00e8 noto per la sua capacit\u00e0 di creare scene complesse e umoristiche che a prima vista appaiono caotiche, ma che a un esame pi\u00f9 attento sono ricche di dettagli spiritosi. I suoi puzzle sono pieni di divertenti contrattempi, personaggi bizzarri e colpi di scena inaspettati che rendono il puzzle un&#8217;esperienza davvero piacevole. Spesso sono le piccole gag e i dettagli nascosti scoperti durante la risoluzione a strappare un sorriso all&#8217;osservatore.<\/p>\n<p>Variet\u00e0 di temi<\/p>\n<p>I puzzle di Jan van Haasteren coprono una vasta gamma di temi. Dalle scene storiche alle situazioni quotidiane moderne, i puzzle raffigurano un ampio spettro di motivi che non mancano mai di stupire e divertire. Che si tratti di una gioiosa sfilata di carnevale, di un caotico spettacolo circense o di un fantastico inseguimento di un gatto smarrito, ogni puzzle \u00e8 una piccola opera d&#8217;arte che trasporta lo spettatore in un mondo affascinante e divertente.<\/p>\n<p>Conclusione:<\/p>\n<p>I puzzle di Jan van Haasteren non sono solo una sfida per gli amanti dei puzzle, ma anche un&#8217;avventura divertente. Con le loro scene divertenti, i dettagli nascosti e i molti elementi ricorrenti come la pinna di squalo, sono adatti sia agli adulti che ai bambini. Se cercate un puzzle che sia divertente e stimoli l&#8217;immaginazione, le opere di Jan van Haasteren sono la scelta perfetta!<\/p>\n","protected":false},"excerpt":{"rendered":"<p>Jan van Haasteren \u00e8 un nome noto nel mondo dei puzzle e le sue opere sono particolarmente apprezzate dagli appassionati per la loro attenzione ai dettagli e lo stile umoristico. Per decenni, l&#8217;artista olandese ha deliziato gli appassionati di puzzle con le sue illustrazioni uniche, spesso ricche di elementi bizzarri, divertenti e sorprendenti. Ci\u00f2 che distingue davvero i suoi puzzle sono i colori vivaci, la ricchezza dei dettagli e la loro capacit\u00e0 di strappare un&hellip;<\/p>\n","protected":false},"featured_media":158270,"comment_status":"open","ping_status":"closed","template":"","meta":[],"product_brand":[],"product_cat":[38918],"product_tag":[],"class_list":{"0":"post-255542","1":"product","2":"type-product","3":"status-publish","4":"has-post-thumbnail","6":"product_cat-puzzle","7":"product_shipping_class-global_methods","9":"first","10":"instock","11":"taxable","12":"shipping-taxable","13":"purchasable","14":"product-type-simple"},"yoast_head":"<!-- This site is optimized with the Yoast SEO plugin v27.4 - https:\/\/yoast.com\/product\/yoast-seo-wordpress\/ -->\n<title>Jumbo Puzzle Jan van Haasteren &quot;Der Kunstmarkt&quot; 1000 Teile | Jetzt kaufen | Schweizversand.ch<\/title>\n<meta name=\"description\" content=\"Jumbo Puzzle Jan van Haasteren &quot;Der Kunstmarkt&quot; 1000 Teile g\u00fcnstig kaufen bei Schweizversand.ch. Schnelle Lieferung in der Schweiz. Gratisversand ab CHF 50.\" \/>\n<meta name=\"robots\" content=\"index, follow, max-snippet:-1, max-image-preview:large, max-video-preview:-1\" \/>\n<link rel=\"canonical\" href=\"https:\/\/schweizversand.ch\/it\/produkt\/jumbo-puzzle-jan-van-haasteren-der-kunstmarkt-1000-teile\/\" \/>\n<meta property=\"og:locale\" content=\"it_IT\" \/>\n<meta property=\"og:type\" content=\"article\" \/>\n<meta property=\"og:title\" content=\"Jumbo Puzzle Jan van Haasteren &quot;Der Kunstmarkt&quot; 1000 Teile | Jetzt kaufen | Schweizversand.ch\" \/>\n<meta property=\"og:description\" content=\"Jumbo Puzzle Jan van Haasteren &quot;Der Kunstmarkt&quot; 1000 Teile g\u00fcnstig kaufen bei Schweizversand.ch. Schnelle Lieferung in der Schweiz. Gratisversand ab CHF 50.\" \/>\n<meta property=\"og:url\" content=\"https:\/\/schweizversand.ch\/it\/produkt\/jumbo-puzzle-jan-van-haasteren-der-kunstmarkt-1000-teile\/\" \/>\n<meta property=\"og:site_name\" content=\"Schweizer Shop f\u00fcr Sport, Spiel und Freizeit\" \/>\n<meta property=\"article:publisher\" content=\"https:\/\/www.facebook.com\/Schweizversand\" \/>\n<meta property=\"article:modified_time\" content=\"2026-04-19T00:05:57+00:00\" \/>\n<meta property=\"og:image\" content=\"https:\/\/schweizversand.ch\/wp-content\/uploads\/2026\/02\/5471779670.jpg\" \/>\n\t<meta property=\"og:image:width\" content=\"1024\" \/>\n\t<meta property=\"og:image:height\" content=\"854\" \/>\n\t<meta property=\"og:image:type\" content=\"image\/jpeg\" \/>\n<meta name=\"twitter:card\" content=\"summary_large_image\" \/>\n<meta name=\"twitter:label1\" content=\"Tempo di lettura stimato\" \/>\n\t<meta name=\"twitter:data1\" content=\"2 minuto\" \/>\n<script type=\"application\/ld+json\" class=\"yoast-schema-graph\">{\"@context\":\"https:\\\/\\\/schema.org\",\"@graph\":[{\"@type\":\"WebPage\",\"@id\":\"https:\\\/\\\/schweizversand.ch\\\/it\\\/produkt\\\/jumbo-puzzle-jan-van-haasteren-der-kunstmarkt-1000-teile\\\/\",\"url\":\"https:\\\/\\\/schweizversand.ch\\\/it\\\/produkt\\\/jumbo-puzzle-jan-van-haasteren-der-kunstmarkt-1000-teile\\\/\",\"name\":\"Jumbo Puzzle Jan van Haasteren \\\"Der Kunstmarkt\\\" 1000 Teile | Jetzt kaufen | Schweizversand.ch\",\"isPartOf\":{\"@id\":\"https:\\\/\\\/schweizversand.ch\\\/it\\\/#website\"},\"primaryImageOfPage\":{\"@id\":\"https:\\\/\\\/schweizversand.ch\\\/it\\\/produkt\\\/jumbo-puzzle-jan-van-haasteren-der-kunstmarkt-1000-teile\\\/#primaryimage\"},\"image\":{\"@id\":\"https:\\\/\\\/schweizversand.ch\\\/it\\\/produkt\\\/jumbo-puzzle-jan-van-haasteren-der-kunstmarkt-1000-teile\\\/#primaryimage\"},\"thumbnailUrl\":\"https:\\\/\\\/schweizversand.ch\\\/wp-content\\\/uploads\\\/2026\\\/02\\\/5471779670.jpg\",\"datePublished\":\"2026-03-14T23:06:11+00:00\",\"dateModified\":\"2026-04-19T00:05:57+00:00\",\"description\":\"Jumbo Puzzle Jan van Haasteren \\\"Der Kunstmarkt\\\" 1000 Teile g\u00fcnstig kaufen bei Schweizversand.ch. Schnelle Lieferung in der Schweiz. Gratisversand ab CHF 50.\",\"breadcrumb\":{\"@id\":\"https:\\\/\\\/schweizversand.ch\\\/it\\\/produkt\\\/jumbo-puzzle-jan-van-haasteren-der-kunstmarkt-1000-teile\\\/#breadcrumb\"},\"inLanguage\":\"it-IT\",\"potentialAction\":[{\"@type\":\"ReadAction\",\"target\":[\"https:\\\/\\\/schweizversand.ch\\\/it\\\/produkt\\\/jumbo-puzzle-jan-van-haasteren-der-kunstmarkt-1000-teile\\\/\"]}]},{\"@type\":\"ImageObject\",\"inLanguage\":\"it-IT\",\"@id\":\"https:\\\/\\\/schweizversand.ch\\\/it\\\/produkt\\\/jumbo-puzzle-jan-van-haasteren-der-kunstmarkt-1000-teile\\\/#primaryimage\",\"url\":\"https:\\\/\\\/schweizversand.ch\\\/wp-content\\\/uploads\\\/2026\\\/02\\\/5471779670.jpg\",\"contentUrl\":\"https:\\\/\\\/schweizversand.ch\\\/wp-content\\\/uploads\\\/2026\\\/02\\\/5471779670.jpg\",\"width\":1024,\"height\":854},{\"@type\":\"BreadcrumbList\",\"@id\":\"https:\\\/\\\/schweizversand.ch\\\/it\\\/produkt\\\/jumbo-puzzle-jan-van-haasteren-der-kunstmarkt-1000-teile\\\/#breadcrumb\",\"itemListElement\":[{\"@type\":\"ListItem\",\"position\":1,\"name\":\"Startseite\",\"item\":\"https:\\\/\\\/schweizversand.ch\\\/it\\\/home\\\/\"},{\"@type\":\"ListItem\",\"position\":2,\"name\":\"Shop\",\"item\":\"https:\\\/\\\/schweizversand.ch\\\/it\\\/shop\\\/\"},{\"@type\":\"ListItem\",\"position\":3,\"name\":\"Giocattoli e giochi\",\"item\":\"https:\\\/\\\/schweizversand.ch\\\/it\\\/produkt-kategorie\\\/giocattoli-e-giochi\\\/\"},{\"@type\":\"ListItem\",\"position\":4,\"name\":\"Giochi e puzzle\",\"item\":\"https:\\\/\\\/schweizversand.ch\\\/it\\\/produkt-kategorie\\\/giocattoli-e-giochi\\\/giochi-e-puzzle\\\/\"},{\"@type\":\"ListItem\",\"position\":5,\"name\":\"Puzzle\",\"item\":\"https:\\\/\\\/schweizversand.ch\\\/en\\\/produkt-kategorie\\\/puzzle\\\/\"},{\"@type\":\"ListItem\",\"position\":6,\"name\":\"Jumbo puzzle Jan van Haasteren &#8222;Il mercato dell&#8217;arte&#8220; 1000 pezzi\"}]},{\"@type\":\"WebSite\",\"@id\":\"https:\\\/\\\/schweizversand.ch\\\/it\\\/#website\",\"url\":\"https:\\\/\\\/schweizversand.ch\\\/it\\\/\",\"name\":\"Schweizer Shop f\u00fcr Sport, Spiel und Freizeit\",\"description\":\"Gratisversand ab 50.- (netto), ab eigenem schweizer Lager, Lieferung innert 48h\",\"publisher\":{\"@id\":\"https:\\\/\\\/schweizversand.ch\\\/it\\\/#organization\"},\"alternateName\":\"Schweizversand.ch\",\"potentialAction\":[{\"@type\":\"SearchAction\",\"target\":{\"@type\":\"EntryPoint\",\"urlTemplate\":\"https:\\\/\\\/schweizversand.ch\\\/it\\\/?s={search_term_string}\"},\"query-input\":{\"@type\":\"PropertyValueSpecification\",\"valueRequired\":true,\"valueName\":\"search_term_string\"}}],\"inLanguage\":\"it-IT\"},{\"@type\":\"Organization\",\"@id\":\"https:\\\/\\\/schweizversand.ch\\\/it\\\/#organization\",\"name\":\"Schweizversand.ch\",\"url\":\"https:\\\/\\\/schweizversand.ch\\\/it\\\/\",\"logo\":{\"@type\":\"ImageObject\",\"inLanguage\":\"it-IT\",\"@id\":\"https:\\\/\\\/schweizversand.ch\\\/it\\\/#\\\/schema\\\/logo\\\/image\\\/\",\"url\":\"https:\\\/\\\/schweizversand.ch\\\/wp-content\\\/uploads\\\/2026\\\/03\\\/Logo_Rund_Final-1.png\",\"contentUrl\":\"https:\\\/\\\/schweizversand.ch\\\/wp-content\\\/uploads\\\/2026\\\/03\\\/Logo_Rund_Final-1.png\",\"width\":404,\"height\":404,\"caption\":\"Schweizversand.ch\"},\"image\":{\"@id\":\"https:\\\/\\\/schweizversand.ch\\\/it\\\/#\\\/schema\\\/logo\\\/image\\\/\"},\"sameAs\":[\"https:\\\/\\\/www.facebook.com\\\/Schweizversand\",\"https:\\\/\\\/www.instagram.com\\\/schweizversand.ch\\\/\"]}]}<\/script>\n<!-- \/ Yoast SEO plugin. -->","yoast_head_json":{"title":"Jumbo Puzzle Jan van Haasteren \"Der Kunstmarkt\" 1000 Teile | Jetzt kaufen | Schweizversand.ch","description":"Jumbo Puzzle Jan van Haasteren \"Der Kunstmarkt\" 1000 Teile g\u00fcnstig kaufen bei Schweizversand.ch. Schnelle Lieferung in der Schweiz. Gratisversand ab CHF 50.","robots":{"index":"index","follow":"follow","max-snippet":"max-snippet:-1","max-image-preview":"max-image-preview:large","max-video-preview":"max-video-preview:-1"},"canonical":"https:\/\/schweizversand.ch\/it\/produkt\/jumbo-puzzle-jan-van-haasteren-der-kunstmarkt-1000-teile\/","og_locale":"it_IT","og_type":"article","og_title":"Jumbo Puzzle Jan van Haasteren \"Der Kunstmarkt\" 1000 Teile | Jetzt kaufen | Schweizversand.ch","og_description":"Jumbo Puzzle Jan van Haasteren \"Der Kunstmarkt\" 1000 Teile g\u00fcnstig kaufen bei Schweizversand.ch. Schnelle Lieferung in der Schweiz. Gratisversand ab CHF 50.","og_url":"https:\/\/schweizversand.ch\/it\/produkt\/jumbo-puzzle-jan-van-haasteren-der-kunstmarkt-1000-teile\/","og_site_name":"Schweizer Shop f\u00fcr Sport, Spiel und Freizeit","article_publisher":"https:\/\/www.facebook.com\/Schweizversand","article_modified_time":"2026-04-19T00:05:57+00:00","og_image":[{"width":1024,"height":854,"url":"https:\/\/schweizversand.ch\/wp-content\/uploads\/2026\/02\/5471779670.jpg","type":"image\/jpeg"}],"twitter_card":"summary_large_image","twitter_misc":{"Tempo di lettura stimato":"2 minuto"},"schema":{"@context":"https:\/\/schema.org","@graph":[{"@type":"WebPage","@id":"https:\/\/schweizversand.ch\/it\/produkt\/jumbo-puzzle-jan-van-haasteren-der-kunstmarkt-1000-teile\/","url":"https:\/\/schweizversand.ch\/it\/produkt\/jumbo-puzzle-jan-van-haasteren-der-kunstmarkt-1000-teile\/","name":"Jumbo Puzzle Jan van Haasteren \"Der Kunstmarkt\" 1000 Teile | Jetzt kaufen | Schweizversand.ch","isPartOf":{"@id":"https:\/\/schweizversand.ch\/it\/#website"},"primaryImageOfPage":{"@id":"https:\/\/schweizversand.ch\/it\/produkt\/jumbo-puzzle-jan-van-haasteren-der-kunstmarkt-1000-teile\/#primaryimage"},"image":{"@id":"https:\/\/schweizversand.ch\/it\/produkt\/jumbo-puzzle-jan-van-haasteren-der-kunstmarkt-1000-teile\/#primaryimage"},"thumbnailUrl":"https:\/\/schweizversand.ch\/wp-content\/uploads\/2026\/02\/5471779670.jpg","datePublished":"2026-03-14T23:06:11+00:00","dateModified":"2026-04-19T00:05:57+00:00","description":"Jumbo Puzzle Jan van Haasteren \"Der Kunstmarkt\" 1000 Teile g\u00fcnstig kaufen bei Schweizversand.ch. Schnelle Lieferung in der Schweiz. Gratisversand ab CHF 50.","breadcrumb":{"@id":"https:\/\/schweizversand.ch\/it\/produkt\/jumbo-puzzle-jan-van-haasteren-der-kunstmarkt-1000-teile\/#breadcrumb"},"inLanguage":"it-IT","potentialAction":[{"@type":"ReadAction","target":["https:\/\/schweizversand.ch\/it\/produkt\/jumbo-puzzle-jan-van-haasteren-der-kunstmarkt-1000-teile\/"]}]},{"@type":"ImageObject","inLanguage":"it-IT","@id":"https:\/\/schweizversand.ch\/it\/produkt\/jumbo-puzzle-jan-van-haasteren-der-kunstmarkt-1000-teile\/#primaryimage","url":"https:\/\/schweizversand.ch\/wp-content\/uploads\/2026\/02\/5471779670.jpg","contentUrl":"https:\/\/schweizversand.ch\/wp-content\/uploads\/2026\/02\/5471779670.jpg","width":1024,"height":854},{"@type":"BreadcrumbList","@id":"https:\/\/schweizversand.ch\/it\/produkt\/jumbo-puzzle-jan-van-haasteren-der-kunstmarkt-1000-teile\/#breadcrumb","itemListElement":[{"@type":"ListItem","position":1,"name":"Startseite","item":"https:\/\/schweizversand.ch\/it\/home\/"},{"@type":"ListItem","position":2,"name":"Shop","item":"https:\/\/schweizversand.ch\/it\/shop\/"},{"@type":"ListItem","position":3,"name":"Giocattoli e giochi","item":"https:\/\/schweizversand.ch\/it\/produkt-kategorie\/giocattoli-e-giochi\/"},{"@type":"ListItem","position":4,"name":"Giochi e puzzle","item":"https:\/\/schweizversand.ch\/it\/produkt-kategorie\/giocattoli-e-giochi\/giochi-e-puzzle\/"},{"@type":"ListItem","position":5,"name":"Puzzle","item":"https:\/\/schweizversand.ch\/en\/produkt-kategorie\/puzzle\/"},{"@type":"ListItem","position":6,"name":"Jumbo puzzle Jan van Haasteren &#8222;Il mercato dell&#8217;arte&#8220; 1000 pezzi"}]},{"@type":"WebSite","@id":"https:\/\/schweizversand.ch\/it\/#website","url":"https:\/\/schweizversand.ch\/it\/","name":"Schweizer Shop f\u00fcr Sport, Spiel und Freizeit","description":"Gratisversand ab 50.- (netto), ab eigenem schweizer Lager, Lieferung innert 48h","publisher":{"@id":"https:\/\/schweizversand.ch\/it\/#organization"},"alternateName":"Schweizversand.ch","potentialAction":[{"@type":"SearchAction","target":{"@type":"EntryPoint","urlTemplate":"https:\/\/schweizversand.ch\/it\/?s={search_term_string}"},"query-input":{"@type":"PropertyValueSpecification","valueRequired":true,"valueName":"search_term_string"}}],"inLanguage":"it-IT"},{"@type":"Organization","@id":"https:\/\/schweizversand.ch\/it\/#organization","name":"Schweizversand.ch","url":"https:\/\/schweizversand.ch\/it\/","logo":{"@type":"ImageObject","inLanguage":"it-IT","@id":"https:\/\/schweizversand.ch\/it\/#\/schema\/logo\/image\/","url":"https:\/\/schweizversand.ch\/wp-content\/uploads\/2026\/03\/Logo_Rund_Final-1.png","contentUrl":"https:\/\/schweizversand.ch\/wp-content\/uploads\/2026\/03\/Logo_Rund_Final-1.png","width":404,"height":404,"caption":"Schweizversand.ch"},"image":{"@id":"https:\/\/schweizversand.ch\/it\/#\/schema\/logo\/image\/"},"sameAs":["https:\/\/www.facebook.com\/Schweizversand","https:\/\/www.instagram.com\/schweizversand.ch\/"]}]}},"jetpack_sharing_enabled":true,"_links":{"self":[{"href":"https:\/\/schweizversand.ch\/it\/wp-json\/wp\/v2\/product\/255542","targetHints":{"allow":["GET"]}}],"collection":[{"href":"https:\/\/schweizversand.ch\/it\/wp-json\/wp\/v2\/product"}],"about":[{"href":"https:\/\/schweizversand.ch\/it\/wp-json\/wp\/v2\/types\/product"}],"replies":[{"embeddable":true,"href":"https:\/\/schweizversand.ch\/it\/wp-json\/wp\/v2\/comments?post=255542"}],"wp:featuredmedia":[{"embeddable":true,"href":"https:\/\/schweizversand.ch\/it\/wp-json\/wp\/v2\/media\/158270"}],"wp:attachment":[{"href":"https:\/\/schweizversand.ch\/it\/wp-json\/wp\/v2\/media?parent=255542"}],"wp:term":[{"taxonomy":"product_brand","embeddable":true,"href":"https:\/\/schweizversand.ch\/it\/wp-json\/wp\/v2\/product_brand?post=255542"},{"taxonomy":"product_cat","embeddable":true,"href":"https:\/\/schweizversand.ch\/it\/wp-json\/wp\/v2\/product_cat?post=255542"},{"taxonomy":"product_tag","embeddable":true,"href":"https:\/\/schweizversand.ch\/it\/wp-json\/wp\/v2\/product_tag?post=255542"}],"curies":[{"name":"wp","href":"https:\/\/api.w.org\/{rel}","templated":true}]}}