{"id":255558,"date":"2026-03-15T00:06:15","date_gmt":"2026-03-14T23:06:15","guid":{"rendered":"https:\/\/schweizversand.ch\/produkt\/kitoons-cry-babies-magic-tears-ueberraschungskapsel-serie-flowers\/"},"modified":"2026-04-19T15:36:33","modified_gmt":"2026-04-19T13:36:33","slug":"kitoons-cry-babies-magic-tears-ueberraschungskapsel-serie-flowers","status":"publish","type":"product","link":"https:\/\/schweizversand.ch\/it\/produkt\/kitoons-cry-babies-magic-tears-ueberraschungskapsel-serie-flowers\/","title":{"rendered":"Kitoons Cry Babies Magic Tears Surprise Capsule Series Flowers"},"content":{"rendered":"<h1><strong>Cry Babies Magic Tears Capsule a Sorpresa Serie Fiori<\/strong><\/h1>\n<div>Immergiti nell&#8217;incantevole mondo di Cry Babies Magic Tears! Questa <strong>capsula a sorpresa<\/strong> a forma di grazioso vaso di fiori nasconde un segreto che aspetta solo di essere svelato dal tuo bambino. Scopri una delle nove esclusive <strong>bambole da collezione Cry Babies Flowers<\/strong>, che creeranno sicuramente momenti di gioco magici.<\/p>\n<\/div>\n<div><strong>Il segreto di Cry Babies Magic Tears<\/strong><br \/>Ogni capsula contiene un&#8217;adorabile <strong>mini bambola<\/strong> che non solo ha un aspetto dolce, ma emana anche un piacevole profumo floreale. La particolarit\u00e0: quando dai da bere alla tua bambola e le premi il pancino, piange lacrime vere. Queste lacrime sono magiche e fanno apparire una faccina sorridente sui fiori della capsula: un elemento affascinante che stimola l&#8217;immaginazione.<\/p>\n<\/div>\n<div><strong>Collezionabile e divertente<\/strong><br \/>Con un totale di <strong>9 mini bambole collezionabili<\/strong>, la serie Flowers offre un divertimento duraturo. I bambini adorano scoprire i diversi personaggi e completare la loro collezione. Ogni personaggio di <strong>Cry Babies Magic Tears<\/strong> \u00e8 dotato di accessori, rendendo il gioco di ruolo ancora pi\u00f9 emozionante. Questo giocattolo \u00e8 un regalo fantastico e stimola la creativit\u00e0.<\/p>\n<\/div>\n<div><strong>Contenuto della capsula a sorpresa<\/strong><br \/>La <strong>capsula a sorpresa<\/strong> contiene un totale di 10 sorprese, rendendo l&#8217;unboxing un&#8217;esperienza emozionante. Il tuo bambino non ricever\u00e0 solo l&#8217;esclusiva <strong>mini bambola che piange lacrime<\/strong>, ma anche tanti piccoli extra che lo inviteranno subito a giocare.<\/p>\n<\/div>\n<div><strong>Dettagli del prodotto e contenuto della confezione<\/strong><br \/>&#8211; Prodotto: Cry Babies Magic Tears Flowers Series<br \/>&#8211; Formato: Capsula a sorpresa a forma di vaso di fiori<br \/>&#8211; Contenuto: 1 mini bambola e 10 accessori a sorpresa<br \/>&#8211; Particolarit\u00e0: la bambola piange lacrime magiche e profuma di fiori<br \/>&#8211; Divertimento da collezionare: 9 personaggi diversi disponibili nella serie<br \/>&#8211; Et\u00e0 consigliata: <strong>giocattolo adatto dai 3 anni in su<\/strong><br \/>&#8211; La bambola non pu\u00f2 essere scelta<br \/>&#8211; Prezzo per pezzo<\/p>\n<p><\/div>\n<div>Assicurati subito questa magica <strong>capsula a sorpresa<\/strong> e regala al tuo bambino momenti indimenticabili con le popolari bambole da collezione Cry Babies. Scopri l&#8217;intera collezione Cry Babies Flowers!<\/p>\n<\/div>\n<div><\/div>\n","protected":false},"excerpt":{"rendered":"<p>Cry Babies Magic Tears Capsule a Sorpresa Serie Fiori Immergiti nell&#8217;incantevole mondo di Cry Babies Magic Tears! Questa capsula a sorpresa a forma di grazioso vaso di fiori nasconde un segreto che aspetta solo di essere svelato dal tuo bambino. Scopri una delle nove esclusive bambole da collezione Cry Babies Flowers, che creeranno sicuramente momenti di gioco magici. Il segreto di Cry Babies Magic TearsOgni capsula contiene un&#8217;adorabile mini bambola che non solo ha un&hellip;<\/p>\n","protected":false},"featured_media":158343,"comment_status":"open","ping_status":"closed","template":"","meta":[],"product_brand":[],"product_cat":[38414],"product_tag":[],"class_list":{"0":"post-255558","1":"product","2":"type-product","3":"status-publish","4":"has-post-thumbnail","6":"product_cat-puppe","7":"product_shipping_class-global_methods","9":"first","10":"instock","11":"taxable","12":"shipping-taxable","13":"purchasable","14":"product-type-simple"},"yoast_head":"<!-- This site is optimized with the Yoast SEO plugin v27.4 - https:\/\/yoast.com\/product\/yoast-seo-wordpress\/ -->\n<title>Kitoons Cry Babies Magic Tears \u00dcberraschungskapsel Serie Flowers | Jetzt kaufen | Schweizversand.ch<\/title>\n<meta name=\"description\" content=\"Kitoons Cry Babies Magic Tears \u00dcberraschungskapsel Serie Flowers g\u00fcnstig kaufen bei Schweizversand.ch. Schnelle Lieferung in der Schweiz. Gratisversand ab CHF 50.\" \/>\n<meta name=\"robots\" content=\"index, follow, max-snippet:-1, max-image-preview:large, max-video-preview:-1\" \/>\n<link rel=\"canonical\" href=\"https:\/\/schweizversand.ch\/it\/produkt\/kitoons-cry-babies-magic-tears-ueberraschungskapsel-serie-flowers\/\" \/>\n<meta property=\"og:locale\" content=\"it_IT\" \/>\n<meta property=\"og:type\" content=\"article\" \/>\n<meta property=\"og:title\" content=\"Kitoons Cry Babies Magic Tears \u00dcberraschungskapsel Serie Flowers | Jetzt kaufen | Schweizversand.ch\" \/>\n<meta property=\"og:description\" content=\"Kitoons Cry Babies Magic Tears \u00dcberraschungskapsel Serie Flowers g\u00fcnstig kaufen bei Schweizversand.ch. Schnelle Lieferung in der Schweiz. Gratisversand ab CHF 50.\" \/>\n<meta property=\"og:url\" content=\"https:\/\/schweizversand.ch\/it\/produkt\/kitoons-cry-babies-magic-tears-ueberraschungskapsel-serie-flowers\/\" \/>\n<meta property=\"og:site_name\" content=\"Schweizer Shop f\u00fcr Sport, Spiel und Freizeit\" \/>\n<meta property=\"article:publisher\" content=\"https:\/\/www.facebook.com\/Schweizversand\" \/>\n<meta property=\"article:modified_time\" content=\"2026-04-19T13:36:33+00:00\" \/>\n<meta property=\"og:image\" content=\"https:\/\/schweizversand.ch\/wp-content\/uploads\/2026\/02\/5472098640.jpg\" \/>\n\t<meta property=\"og:image:width\" content=\"1024\" \/>\n\t<meta property=\"og:image:height\" content=\"1024\" \/>\n\t<meta property=\"og:image:type\" content=\"image\/jpeg\" \/>\n<meta name=\"twitter:card\" content=\"summary_large_image\" \/>\n<meta name=\"twitter:label1\" content=\"Tempo di lettura stimato\" \/>\n\t<meta name=\"twitter:data1\" content=\"2 minuto\" \/>\n<script type=\"application\/ld+json\" class=\"yoast-schema-graph\">{\"@context\":\"https:\\\/\\\/schema.org\",\"@graph\":[{\"@type\":\"WebPage\",\"@id\":\"https:\\\/\\\/schweizversand.ch\\\/it\\\/produkt\\\/kitoons-cry-babies-magic-tears-ueberraschungskapsel-serie-flowers\\\/\",\"url\":\"https:\\\/\\\/schweizversand.ch\\\/it\\\/produkt\\\/kitoons-cry-babies-magic-tears-ueberraschungskapsel-serie-flowers\\\/\",\"name\":\"Kitoons Cry Babies Magic Tears \u00dcberraschungskapsel Serie Flowers | Jetzt kaufen | Schweizversand.ch\",\"isPartOf\":{\"@id\":\"https:\\\/\\\/schweizversand.ch\\\/it\\\/#website\"},\"primaryImageOfPage\":{\"@id\":\"https:\\\/\\\/schweizversand.ch\\\/it\\\/produkt\\\/kitoons-cry-babies-magic-tears-ueberraschungskapsel-serie-flowers\\\/#primaryimage\"},\"image\":{\"@id\":\"https:\\\/\\\/schweizversand.ch\\\/it\\\/produkt\\\/kitoons-cry-babies-magic-tears-ueberraschungskapsel-serie-flowers\\\/#primaryimage\"},\"thumbnailUrl\":\"https:\\\/\\\/schweizversand.ch\\\/wp-content\\\/uploads\\\/2026\\\/02\\\/5472098640.jpg\",\"datePublished\":\"2026-03-14T23:06:15+00:00\",\"dateModified\":\"2026-04-19T13:36:33+00:00\",\"description\":\"Kitoons Cry Babies Magic Tears \u00dcberraschungskapsel Serie Flowers g\u00fcnstig kaufen bei Schweizversand.ch. Schnelle Lieferung in der Schweiz. Gratisversand ab CHF 50.\",\"breadcrumb\":{\"@id\":\"https:\\\/\\\/schweizversand.ch\\\/it\\\/produkt\\\/kitoons-cry-babies-magic-tears-ueberraschungskapsel-serie-flowers\\\/#breadcrumb\"},\"inLanguage\":\"it-IT\",\"potentialAction\":[{\"@type\":\"ReadAction\",\"target\":[\"https:\\\/\\\/schweizversand.ch\\\/it\\\/produkt\\\/kitoons-cry-babies-magic-tears-ueberraschungskapsel-serie-flowers\\\/\"]}]},{\"@type\":\"ImageObject\",\"inLanguage\":\"it-IT\",\"@id\":\"https:\\\/\\\/schweizversand.ch\\\/it\\\/produkt\\\/kitoons-cry-babies-magic-tears-ueberraschungskapsel-serie-flowers\\\/#primaryimage\",\"url\":\"https:\\\/\\\/schweizversand.ch\\\/wp-content\\\/uploads\\\/2026\\\/02\\\/5472098640.jpg\",\"contentUrl\":\"https:\\\/\\\/schweizversand.ch\\\/wp-content\\\/uploads\\\/2026\\\/02\\\/5472098640.jpg\",\"width\":1024,\"height\":1024},{\"@type\":\"BreadcrumbList\",\"@id\":\"https:\\\/\\\/schweizversand.ch\\\/it\\\/produkt\\\/kitoons-cry-babies-magic-tears-ueberraschungskapsel-serie-flowers\\\/#breadcrumb\",\"itemListElement\":[{\"@type\":\"ListItem\",\"position\":1,\"name\":\"Startseite\",\"item\":\"https:\\\/\\\/schweizversand.ch\\\/it\\\/home\\\/\"},{\"@type\":\"ListItem\",\"position\":2,\"name\":\"Shop\",\"item\":\"https:\\\/\\\/schweizversand.ch\\\/it\\\/shop\\\/\"},{\"@type\":\"ListItem\",\"position\":3,\"name\":\"Giocattoli e giochi\",\"item\":\"https:\\\/\\\/schweizversand.ch\\\/it\\\/produkt-kategorie\\\/giocattoli-e-giochi\\\/\"},{\"@type\":\"ListItem\",\"position\":4,\"name\":\"Personaggi e bambole\",\"item\":\"https:\\\/\\\/schweizversand.ch\\\/it\\\/produkt-kategorie\\\/giocattoli-e-giochi\\\/personaggi-e-bambole\\\/\"},{\"@type\":\"ListItem\",\"position\":5,\"name\":\"Bambola\",\"item\":\"https:\\\/\\\/schweizversand.ch\\\/en\\\/produkt-kategorie\\\/puppe\\\/\"},{\"@type\":\"ListItem\",\"position\":6,\"name\":\"Kitoons Cry Babies Magic Tears Surprise Capsule Series Flowers\"}]},{\"@type\":\"WebSite\",\"@id\":\"https:\\\/\\\/schweizversand.ch\\\/it\\\/#website\",\"url\":\"https:\\\/\\\/schweizversand.ch\\\/it\\\/\",\"name\":\"Schweizer Shop f\u00fcr Sport, Spiel und Freizeit\",\"description\":\"Gratisversand ab 50.- (netto), ab eigenem schweizer Lager, Lieferung innert 48h\",\"publisher\":{\"@id\":\"https:\\\/\\\/schweizversand.ch\\\/it\\\/#organization\"},\"alternateName\":\"Schweizversand.ch\",\"potentialAction\":[{\"@type\":\"SearchAction\",\"target\":{\"@type\":\"EntryPoint\",\"urlTemplate\":\"https:\\\/\\\/schweizversand.ch\\\/it\\\/?s={search_term_string}\"},\"query-input\":{\"@type\":\"PropertyValueSpecification\",\"valueRequired\":true,\"valueName\":\"search_term_string\"}}],\"inLanguage\":\"it-IT\"},{\"@type\":\"Organization\",\"@id\":\"https:\\\/\\\/schweizversand.ch\\\/it\\\/#organization\",\"name\":\"Schweizversand.ch\",\"url\":\"https:\\\/\\\/schweizversand.ch\\\/it\\\/\",\"logo\":{\"@type\":\"ImageObject\",\"inLanguage\":\"it-IT\",\"@id\":\"https:\\\/\\\/schweizversand.ch\\\/it\\\/#\\\/schema\\\/logo\\\/image\\\/\",\"url\":\"https:\\\/\\\/schweizversand.ch\\\/wp-content\\\/uploads\\\/2026\\\/03\\\/Logo_Rund_Final-1.png\",\"contentUrl\":\"https:\\\/\\\/schweizversand.ch\\\/wp-content\\\/uploads\\\/2026\\\/03\\\/Logo_Rund_Final-1.png\",\"width\":404,\"height\":404,\"caption\":\"Schweizversand.ch\"},\"image\":{\"@id\":\"https:\\\/\\\/schweizversand.ch\\\/it\\\/#\\\/schema\\\/logo\\\/image\\\/\"},\"sameAs\":[\"https:\\\/\\\/www.facebook.com\\\/Schweizversand\",\"https:\\\/\\\/www.instagram.com\\\/schweizversand.ch\\\/\"]}]}<\/script>\n<!-- \/ Yoast SEO plugin. -->","yoast_head_json":{"title":"Kitoons Cry Babies Magic Tears \u00dcberraschungskapsel Serie Flowers | Jetzt kaufen | Schweizversand.ch","description":"Kitoons Cry Babies Magic Tears \u00dcberraschungskapsel Serie Flowers g\u00fcnstig kaufen bei Schweizversand.ch. Schnelle Lieferung in der Schweiz. Gratisversand ab CHF 50.","robots":{"index":"index","follow":"follow","max-snippet":"max-snippet:-1","max-image-preview":"max-image-preview:large","max-video-preview":"max-video-preview:-1"},"canonical":"https:\/\/schweizversand.ch\/it\/produkt\/kitoons-cry-babies-magic-tears-ueberraschungskapsel-serie-flowers\/","og_locale":"it_IT","og_type":"article","og_title":"Kitoons Cry Babies Magic Tears \u00dcberraschungskapsel Serie Flowers | Jetzt kaufen | Schweizversand.ch","og_description":"Kitoons Cry Babies Magic Tears \u00dcberraschungskapsel Serie Flowers g\u00fcnstig kaufen bei Schweizversand.ch. Schnelle Lieferung in der Schweiz. Gratisversand ab CHF 50.","og_url":"https:\/\/schweizversand.ch\/it\/produkt\/kitoons-cry-babies-magic-tears-ueberraschungskapsel-serie-flowers\/","og_site_name":"Schweizer Shop f\u00fcr Sport, Spiel und Freizeit","article_publisher":"https:\/\/www.facebook.com\/Schweizversand","article_modified_time":"2026-04-19T13:36:33+00:00","og_image":[{"width":1024,"height":1024,"url":"https:\/\/schweizversand.ch\/wp-content\/uploads\/2026\/02\/5472098640.jpg","type":"image\/jpeg"}],"twitter_card":"summary_large_image","twitter_misc":{"Tempo di lettura stimato":"2 minuto"},"schema":{"@context":"https:\/\/schema.org","@graph":[{"@type":"WebPage","@id":"https:\/\/schweizversand.ch\/it\/produkt\/kitoons-cry-babies-magic-tears-ueberraschungskapsel-serie-flowers\/","url":"https:\/\/schweizversand.ch\/it\/produkt\/kitoons-cry-babies-magic-tears-ueberraschungskapsel-serie-flowers\/","name":"Kitoons Cry Babies Magic Tears \u00dcberraschungskapsel Serie Flowers | Jetzt kaufen | Schweizversand.ch","isPartOf":{"@id":"https:\/\/schweizversand.ch\/it\/#website"},"primaryImageOfPage":{"@id":"https:\/\/schweizversand.ch\/it\/produkt\/kitoons-cry-babies-magic-tears-ueberraschungskapsel-serie-flowers\/#primaryimage"},"image":{"@id":"https:\/\/schweizversand.ch\/it\/produkt\/kitoons-cry-babies-magic-tears-ueberraschungskapsel-serie-flowers\/#primaryimage"},"thumbnailUrl":"https:\/\/schweizversand.ch\/wp-content\/uploads\/2026\/02\/5472098640.jpg","datePublished":"2026-03-14T23:06:15+00:00","dateModified":"2026-04-19T13:36:33+00:00","description":"Kitoons Cry Babies Magic Tears \u00dcberraschungskapsel Serie Flowers g\u00fcnstig kaufen bei Schweizversand.ch. Schnelle Lieferung in der Schweiz. Gratisversand ab CHF 50.","breadcrumb":{"@id":"https:\/\/schweizversand.ch\/it\/produkt\/kitoons-cry-babies-magic-tears-ueberraschungskapsel-serie-flowers\/#breadcrumb"},"inLanguage":"it-IT","potentialAction":[{"@type":"ReadAction","target":["https:\/\/schweizversand.ch\/it\/produkt\/kitoons-cry-babies-magic-tears-ueberraschungskapsel-serie-flowers\/"]}]},{"@type":"ImageObject","inLanguage":"it-IT","@id":"https:\/\/schweizversand.ch\/it\/produkt\/kitoons-cry-babies-magic-tears-ueberraschungskapsel-serie-flowers\/#primaryimage","url":"https:\/\/schweizversand.ch\/wp-content\/uploads\/2026\/02\/5472098640.jpg","contentUrl":"https:\/\/schweizversand.ch\/wp-content\/uploads\/2026\/02\/5472098640.jpg","width":1024,"height":1024},{"@type":"BreadcrumbList","@id":"https:\/\/schweizversand.ch\/it\/produkt\/kitoons-cry-babies-magic-tears-ueberraschungskapsel-serie-flowers\/#breadcrumb","itemListElement":[{"@type":"ListItem","position":1,"name":"Startseite","item":"https:\/\/schweizversand.ch\/it\/home\/"},{"@type":"ListItem","position":2,"name":"Shop","item":"https:\/\/schweizversand.ch\/it\/shop\/"},{"@type":"ListItem","position":3,"name":"Giocattoli e giochi","item":"https:\/\/schweizversand.ch\/it\/produkt-kategorie\/giocattoli-e-giochi\/"},{"@type":"ListItem","position":4,"name":"Personaggi e bambole","item":"https:\/\/schweizversand.ch\/it\/produkt-kategorie\/giocattoli-e-giochi\/personaggi-e-bambole\/"},{"@type":"ListItem","position":5,"name":"Bambola","item":"https:\/\/schweizversand.ch\/en\/produkt-kategorie\/puppe\/"},{"@type":"ListItem","position":6,"name":"Kitoons Cry Babies Magic Tears Surprise Capsule Series Flowers"}]},{"@type":"WebSite","@id":"https:\/\/schweizversand.ch\/it\/#website","url":"https:\/\/schweizversand.ch\/it\/","name":"Schweizer Shop f\u00fcr Sport, Spiel und Freizeit","description":"Gratisversand ab 50.- (netto), ab eigenem schweizer Lager, Lieferung innert 48h","publisher":{"@id":"https:\/\/schweizversand.ch\/it\/#organization"},"alternateName":"Schweizversand.ch","potentialAction":[{"@type":"SearchAction","target":{"@type":"EntryPoint","urlTemplate":"https:\/\/schweizversand.ch\/it\/?s={search_term_string}"},"query-input":{"@type":"PropertyValueSpecification","valueRequired":true,"valueName":"search_term_string"}}],"inLanguage":"it-IT"},{"@type":"Organization","@id":"https:\/\/schweizversand.ch\/it\/#organization","name":"Schweizversand.ch","url":"https:\/\/schweizversand.ch\/it\/","logo":{"@type":"ImageObject","inLanguage":"it-IT","@id":"https:\/\/schweizversand.ch\/it\/#\/schema\/logo\/image\/","url":"https:\/\/schweizversand.ch\/wp-content\/uploads\/2026\/03\/Logo_Rund_Final-1.png","contentUrl":"https:\/\/schweizversand.ch\/wp-content\/uploads\/2026\/03\/Logo_Rund_Final-1.png","width":404,"height":404,"caption":"Schweizversand.ch"},"image":{"@id":"https:\/\/schweizversand.ch\/it\/#\/schema\/logo\/image\/"},"sameAs":["https:\/\/www.facebook.com\/Schweizversand","https:\/\/www.instagram.com\/schweizversand.ch\/"]}]}},"jetpack_sharing_enabled":true,"_links":{"self":[{"href":"https:\/\/schweizversand.ch\/it\/wp-json\/wp\/v2\/product\/255558","targetHints":{"allow":["GET"]}}],"collection":[{"href":"https:\/\/schweizversand.ch\/it\/wp-json\/wp\/v2\/product"}],"about":[{"href":"https:\/\/schweizversand.ch\/it\/wp-json\/wp\/v2\/types\/product"}],"replies":[{"embeddable":true,"href":"https:\/\/schweizversand.ch\/it\/wp-json\/wp\/v2\/comments?post=255558"}],"wp:featuredmedia":[{"embeddable":true,"href":"https:\/\/schweizversand.ch\/it\/wp-json\/wp\/v2\/media\/158343"}],"wp:attachment":[{"href":"https:\/\/schweizversand.ch\/it\/wp-json\/wp\/v2\/media?parent=255558"}],"wp:term":[{"taxonomy":"product_brand","embeddable":true,"href":"https:\/\/schweizversand.ch\/it\/wp-json\/wp\/v2\/product_brand?post=255558"},{"taxonomy":"product_cat","embeddable":true,"href":"https:\/\/schweizversand.ch\/it\/wp-json\/wp\/v2\/product_cat?post=255558"},{"taxonomy":"product_tag","embeddable":true,"href":"https:\/\/schweizversand.ch\/it\/wp-json\/wp\/v2\/product_tag?post=255558"}],"curies":[{"name":"wp","href":"https:\/\/api.w.org\/{rel}","templated":true}]}}