{"id":255565,"date":"2026-03-15T00:06:17","date_gmt":"2026-03-14T23:06:17","guid":{"rendered":"https:\/\/schweizversand.ch\/produkt\/hexbug-cuddlebots-interaktives-vibrationsspielzeug-fuer-kleinkinder\/"},"modified":"2026-04-19T02:05:58","modified_gmt":"2026-04-19T00:05:58","slug":"hexbug-cuddlebots-interaktives-vibrationsspielzeug-fuer-kleinkinder","status":"publish","type":"product","link":"https:\/\/schweizversand.ch\/it\/produkt\/hexbug-cuddlebots-interaktives-vibrationsspielzeug-fuer-kleinkinder\/","title":{"rendered":"Hexbug CuddleBots \u2013 Giocattolo vibrante interattivo per bambini piccoli"},"content":{"rendered":"<h1><strong>CuddleBots &#8211; Giocattolo interattivo vibrante per bambini piccoli<\/strong><\/h1>\n<div>Scopri l&#8217;affascinante mondo di <strong>HEXBUG CuddleBots<\/strong>, appositamente progettato per i pi\u00f9 piccoli esploratori tra i 18 e i 36 mesi. Queste adorabili creature robotiche <strong>adatte ai pi\u00f9 piccoli<\/strong> combinano materiali morbidi con una tecnologia entusiasmante per stimolare l&#8217;interesse e le capacit\u00e0 motorie del tuo bambino.<\/p>\n<\/div>\n<div><strong>L&#8217;innovativo concetto di CuddleBots di HEXBUG<\/strong><br \/>I CuddleBots sono pi\u00f9 di semplici giocattoli. Alimentati dalla delicata tecnologia dei giocattoli vibranti per bambini, questi graziosi animali strisciano con grazia su superfici piane. Il loro corpo morbido, adatto ai pi\u00f9 piccoli, garantisce un&#8217;esperienza di gioco sicura e divertente, mentre le vibrazioni possono avere un effetto calmante. Sono il giocattolo ideale dai 18 mesi in su, consentendo un apprendimento giocoso. Set di gioco interattivo per il massimo divertimento: questo set di gioco HEXBUG amplia le avventure dei CuddleBots, offrendo funzionalit\u00e0 di apprendimento interattive che stimolano l&#8217;immaginazione del tuo bambino. Guarda il robot per bambini incluso, Chloe Cricket, sfrecciare lungo lo scivolo ed esplorare nuovi percorsi. Gli elementi interattivi promuovono la coordinazione occhio-mano e offrono ore di divertimento. Caratteristiche di gioco entusiasmanti nel dettaglio: il set \u00e8 ricco di elementi interattivi che il tuo bambino pu\u00f2 scoprire. Muovi il fungo saltatore o aiuta l&#8217;ape a raggiungere il fiore. Un&#8217;attrazione speciale \u00e8 la lumaca che emette suoni, che si risveglia con il tocco di un dito e partecipa attivamente al gioco. Queste caratteristiche rendono il set di gioco un&#8217;esperienza dinamica che offre nuove scoperte ogni volta. Sicurezza e design: i CuddleBots HEXBUG sono progettati pensando alla sicurezza del tuo bambino. Il corpo morbido di Chloe Cricket, l&#8217;amica curiosa e strisciante, garantisce che anche il gioco pi\u00f9 turbolento rimanga sicuro. La struttura robusta e le dimensioni adatte ai bambini rendono questo giocattolo un compagno durevole per i primi anni di vita.<\/p>\n<\/div>\n<div><strong>Dettagli del prodotto e contenuto della confezione<\/strong><br \/>&#8211; Et\u00e0 consigliata: da 18 a 36 mesi<br \/>&#8211; Include: 1 <strong>HEXBUG CuddleBot<\/strong> Chloe Cricket<br \/>&#8211; Include: 1 ambiente di gioco interattivo<br \/>&#8211; Fonte di alimentazione: tecnologia di vibrazione rilassante<br \/>&#8211; Batterie: 2 x AG13\/LR44 (incluse)<\/p>\n<\/div>\n<div>Acquista questo playset educativo <strong>robot gattonante per bambini piccoli<\/strong> e guarda il tuo bambino sviluppare nuove abilit\u00e0 in modo giocoso ed esplorare il mondo del movimento e dell&#8217;interazione.<\/p>\n<\/div>\n<div><\/div>\n","protected":false},"excerpt":{"rendered":"<p>CuddleBots &#8211; Giocattolo interattivo vibrante per bambini piccoli Scopri l&#8217;affascinante mondo di HEXBUG CuddleBots, appositamente progettato per i pi\u00f9 piccoli esploratori tra i 18 e i 36 mesi. Queste adorabili creature robotiche adatte ai pi\u00f9 piccoli combinano materiali morbidi con una tecnologia entusiasmante per stimolare l&#8217;interesse e le capacit\u00e0 motorie del tuo bambino. L&#8217;innovativo concetto di CuddleBots di HEXBUGI CuddleBots sono pi\u00f9 di semplici giocattoli. Alimentati dalla delicata tecnologia dei giocattoli vibranti per bambini, questi&hellip;<\/p>\n","protected":false},"featured_media":158387,"comment_status":"open","ping_status":"closed","template":"","meta":[],"product_brand":[],"product_cat":[38909],"product_tag":[],"class_list":{"0":"post-255565","1":"product","2":"type-product","3":"status-publish","4":"has-post-thumbnail","6":"product_cat-diverses","7":"product_shipping_class-global_methods","9":"first","10":"instock","11":"taxable","12":"shipping-taxable","13":"purchasable","14":"product-type-simple"},"yoast_head":"<!-- This site is optimized with the Yoast SEO plugin v27.4 - https:\/\/yoast.com\/product\/yoast-seo-wordpress\/ -->\n<title>Hexbug CuddleBots \u2013 Interaktives Vibrationsspielzeug f\u00fcr Kleinkinder | Jetzt kaufen | Schweizversand.ch<\/title>\n<meta name=\"description\" content=\"Hexbug CuddleBots \u2013 Interaktives Vibrationsspielzeug f\u00fcr Kleinkinder g\u00fcnstig kaufen bei Schweizversand.ch. Schnelle Lieferung in der Schweiz. Gratisversand ab CHF 50.\" \/>\n<meta name=\"robots\" content=\"index, follow, max-snippet:-1, max-image-preview:large, max-video-preview:-1\" \/>\n<link rel=\"canonical\" href=\"https:\/\/schweizversand.ch\/it\/produkt\/hexbug-cuddlebots-interaktives-vibrationsspielzeug-fuer-kleinkinder\/\" \/>\n<meta property=\"og:locale\" content=\"it_IT\" \/>\n<meta property=\"og:type\" content=\"article\" \/>\n<meta property=\"og:title\" content=\"Hexbug CuddleBots \u2013 Interaktives Vibrationsspielzeug f\u00fcr Kleinkinder | Jetzt kaufen | Schweizversand.ch\" \/>\n<meta property=\"og:description\" content=\"Hexbug CuddleBots \u2013 Interaktives Vibrationsspielzeug f\u00fcr Kleinkinder g\u00fcnstig kaufen bei Schweizversand.ch. Schnelle Lieferung in der Schweiz. Gratisversand ab CHF 50.\" \/>\n<meta property=\"og:url\" content=\"https:\/\/schweizversand.ch\/it\/produkt\/hexbug-cuddlebots-interaktives-vibrationsspielzeug-fuer-kleinkinder\/\" \/>\n<meta property=\"og:site_name\" content=\"Schweizer Shop f\u00fcr Sport, Spiel und Freizeit\" \/>\n<meta property=\"article:publisher\" content=\"https:\/\/www.facebook.com\/Schweizversand\" \/>\n<meta property=\"article:modified_time\" content=\"2026-04-19T00:05:58+00:00\" \/>\n<meta property=\"og:image\" content=\"https:\/\/schweizversand.ch\/wp-content\/uploads\/2026\/02\/5478795792.jpg\" \/>\n\t<meta property=\"og:image:width\" content=\"1024\" \/>\n\t<meta property=\"og:image:height\" content=\"1024\" \/>\n\t<meta property=\"og:image:type\" content=\"image\/jpeg\" \/>\n<meta name=\"twitter:card\" content=\"summary_large_image\" \/>\n<meta name=\"twitter:label1\" content=\"Tempo di lettura stimato\" \/>\n\t<meta name=\"twitter:data1\" content=\"2 minuto\" \/>\n<script type=\"application\/ld+json\" class=\"yoast-schema-graph\">{\"@context\":\"https:\\\/\\\/schema.org\",\"@graph\":[{\"@type\":\"WebPage\",\"@id\":\"https:\\\/\\\/schweizversand.ch\\\/it\\\/produkt\\\/hexbug-cuddlebots-interaktives-vibrationsspielzeug-fuer-kleinkinder\\\/\",\"url\":\"https:\\\/\\\/schweizversand.ch\\\/it\\\/produkt\\\/hexbug-cuddlebots-interaktives-vibrationsspielzeug-fuer-kleinkinder\\\/\",\"name\":\"Hexbug CuddleBots \u2013 Interaktives Vibrationsspielzeug f\u00fcr Kleinkinder | Jetzt kaufen | Schweizversand.ch\",\"isPartOf\":{\"@id\":\"https:\\\/\\\/schweizversand.ch\\\/it\\\/#website\"},\"primaryImageOfPage\":{\"@id\":\"https:\\\/\\\/schweizversand.ch\\\/it\\\/produkt\\\/hexbug-cuddlebots-interaktives-vibrationsspielzeug-fuer-kleinkinder\\\/#primaryimage\"},\"image\":{\"@id\":\"https:\\\/\\\/schweizversand.ch\\\/it\\\/produkt\\\/hexbug-cuddlebots-interaktives-vibrationsspielzeug-fuer-kleinkinder\\\/#primaryimage\"},\"thumbnailUrl\":\"https:\\\/\\\/schweizversand.ch\\\/wp-content\\\/uploads\\\/2026\\\/02\\\/5478795792.jpg\",\"datePublished\":\"2026-03-14T23:06:17+00:00\",\"dateModified\":\"2026-04-19T00:05:58+00:00\",\"description\":\"Hexbug CuddleBots \u2013 Interaktives Vibrationsspielzeug f\u00fcr Kleinkinder g\u00fcnstig kaufen bei Schweizversand.ch. Schnelle Lieferung in der Schweiz. Gratisversand ab CHF 50.\",\"breadcrumb\":{\"@id\":\"https:\\\/\\\/schweizversand.ch\\\/it\\\/produkt\\\/hexbug-cuddlebots-interaktives-vibrationsspielzeug-fuer-kleinkinder\\\/#breadcrumb\"},\"inLanguage\":\"it-IT\",\"potentialAction\":[{\"@type\":\"ReadAction\",\"target\":[\"https:\\\/\\\/schweizversand.ch\\\/it\\\/produkt\\\/hexbug-cuddlebots-interaktives-vibrationsspielzeug-fuer-kleinkinder\\\/\"]}]},{\"@type\":\"ImageObject\",\"inLanguage\":\"it-IT\",\"@id\":\"https:\\\/\\\/schweizversand.ch\\\/it\\\/produkt\\\/hexbug-cuddlebots-interaktives-vibrationsspielzeug-fuer-kleinkinder\\\/#primaryimage\",\"url\":\"https:\\\/\\\/schweizversand.ch\\\/wp-content\\\/uploads\\\/2026\\\/02\\\/5478795792.jpg\",\"contentUrl\":\"https:\\\/\\\/schweizversand.ch\\\/wp-content\\\/uploads\\\/2026\\\/02\\\/5478795792.jpg\",\"width\":1024,\"height\":1024},{\"@type\":\"BreadcrumbList\",\"@id\":\"https:\\\/\\\/schweizversand.ch\\\/it\\\/produkt\\\/hexbug-cuddlebots-interaktives-vibrationsspielzeug-fuer-kleinkinder\\\/#breadcrumb\",\"itemListElement\":[{\"@type\":\"ListItem\",\"position\":1,\"name\":\"Startseite\",\"item\":\"https:\\\/\\\/schweizversand.ch\\\/it\\\/home\\\/\"},{\"@type\":\"ListItem\",\"position\":2,\"name\":\"Shop\",\"item\":\"https:\\\/\\\/schweizversand.ch\\\/it\\\/shop\\\/\"},{\"@type\":\"ListItem\",\"position\":3,\"name\":\"Bambini e genitori\",\"item\":\"https:\\\/\\\/schweizversand.ch\\\/it\\\/produkt-kategorie\\\/bambini-e-genitori\\\/\"},{\"@type\":\"ListItem\",\"position\":4,\"name\":\"Giocattoli per bambini\",\"item\":\"https:\\\/\\\/schweizversand.ch\\\/it\\\/produkt-kategorie\\\/bambini-e-genitori\\\/giocattoli-per-bambini\\\/\"},{\"@type\":\"ListItem\",\"position\":5,\"name\":\"Varie\",\"item\":\"https:\\\/\\\/schweizversand.ch\\\/it\\\/produkt-kategorie\\\/bambini-e-genitori\\\/giocattoli-per-bambini\\\/diverses\\\/\"},{\"@type\":\"ListItem\",\"position\":6,\"name\":\"Hexbug CuddleBots \u2013 Giocattolo vibrante interattivo per bambini piccoli\"}]},{\"@type\":\"WebSite\",\"@id\":\"https:\\\/\\\/schweizversand.ch\\\/it\\\/#website\",\"url\":\"https:\\\/\\\/schweizversand.ch\\\/it\\\/\",\"name\":\"Schweizer Shop f\u00fcr Sport, Spiel und Freizeit\",\"description\":\"Gratisversand ab 50.- (netto), ab eigenem schweizer Lager, Lieferung innert 48h\",\"publisher\":{\"@id\":\"https:\\\/\\\/schweizversand.ch\\\/it\\\/#organization\"},\"alternateName\":\"Schweizversand.ch\",\"potentialAction\":[{\"@type\":\"SearchAction\",\"target\":{\"@type\":\"EntryPoint\",\"urlTemplate\":\"https:\\\/\\\/schweizversand.ch\\\/it\\\/?s={search_term_string}\"},\"query-input\":{\"@type\":\"PropertyValueSpecification\",\"valueRequired\":true,\"valueName\":\"search_term_string\"}}],\"inLanguage\":\"it-IT\"},{\"@type\":\"Organization\",\"@id\":\"https:\\\/\\\/schweizversand.ch\\\/it\\\/#organization\",\"name\":\"Schweizversand.ch\",\"url\":\"https:\\\/\\\/schweizversand.ch\\\/it\\\/\",\"logo\":{\"@type\":\"ImageObject\",\"inLanguage\":\"it-IT\",\"@id\":\"https:\\\/\\\/schweizversand.ch\\\/it\\\/#\\\/schema\\\/logo\\\/image\\\/\",\"url\":\"https:\\\/\\\/schweizversand.ch\\\/wp-content\\\/uploads\\\/2026\\\/03\\\/Logo_Rund_Final-1.png\",\"contentUrl\":\"https:\\\/\\\/schweizversand.ch\\\/wp-content\\\/uploads\\\/2026\\\/03\\\/Logo_Rund_Final-1.png\",\"width\":404,\"height\":404,\"caption\":\"Schweizversand.ch\"},\"image\":{\"@id\":\"https:\\\/\\\/schweizversand.ch\\\/it\\\/#\\\/schema\\\/logo\\\/image\\\/\"},\"sameAs\":[\"https:\\\/\\\/www.facebook.com\\\/Schweizversand\",\"https:\\\/\\\/www.instagram.com\\\/schweizversand.ch\\\/\"]}]}<\/script>\n<!-- \/ Yoast SEO plugin. -->","yoast_head_json":{"title":"Hexbug CuddleBots \u2013 Interaktives Vibrationsspielzeug f\u00fcr Kleinkinder | Jetzt kaufen | Schweizversand.ch","description":"Hexbug CuddleBots \u2013 Interaktives Vibrationsspielzeug f\u00fcr Kleinkinder g\u00fcnstig kaufen bei Schweizversand.ch. Schnelle Lieferung in der Schweiz. Gratisversand ab CHF 50.","robots":{"index":"index","follow":"follow","max-snippet":"max-snippet:-1","max-image-preview":"max-image-preview:large","max-video-preview":"max-video-preview:-1"},"canonical":"https:\/\/schweizversand.ch\/it\/produkt\/hexbug-cuddlebots-interaktives-vibrationsspielzeug-fuer-kleinkinder\/","og_locale":"it_IT","og_type":"article","og_title":"Hexbug CuddleBots \u2013 Interaktives Vibrationsspielzeug f\u00fcr Kleinkinder | Jetzt kaufen | Schweizversand.ch","og_description":"Hexbug CuddleBots \u2013 Interaktives Vibrationsspielzeug f\u00fcr Kleinkinder g\u00fcnstig kaufen bei Schweizversand.ch. Schnelle Lieferung in der Schweiz. Gratisversand ab CHF 50.","og_url":"https:\/\/schweizversand.ch\/it\/produkt\/hexbug-cuddlebots-interaktives-vibrationsspielzeug-fuer-kleinkinder\/","og_site_name":"Schweizer Shop f\u00fcr Sport, Spiel und Freizeit","article_publisher":"https:\/\/www.facebook.com\/Schweizversand","article_modified_time":"2026-04-19T00:05:58+00:00","og_image":[{"width":1024,"height":1024,"url":"https:\/\/schweizversand.ch\/wp-content\/uploads\/2026\/02\/5478795792.jpg","type":"image\/jpeg"}],"twitter_card":"summary_large_image","twitter_misc":{"Tempo di lettura stimato":"2 minuto"},"schema":{"@context":"https:\/\/schema.org","@graph":[{"@type":"WebPage","@id":"https:\/\/schweizversand.ch\/it\/produkt\/hexbug-cuddlebots-interaktives-vibrationsspielzeug-fuer-kleinkinder\/","url":"https:\/\/schweizversand.ch\/it\/produkt\/hexbug-cuddlebots-interaktives-vibrationsspielzeug-fuer-kleinkinder\/","name":"Hexbug CuddleBots \u2013 Interaktives Vibrationsspielzeug f\u00fcr Kleinkinder | Jetzt kaufen | Schweizversand.ch","isPartOf":{"@id":"https:\/\/schweizversand.ch\/it\/#website"},"primaryImageOfPage":{"@id":"https:\/\/schweizversand.ch\/it\/produkt\/hexbug-cuddlebots-interaktives-vibrationsspielzeug-fuer-kleinkinder\/#primaryimage"},"image":{"@id":"https:\/\/schweizversand.ch\/it\/produkt\/hexbug-cuddlebots-interaktives-vibrationsspielzeug-fuer-kleinkinder\/#primaryimage"},"thumbnailUrl":"https:\/\/schweizversand.ch\/wp-content\/uploads\/2026\/02\/5478795792.jpg","datePublished":"2026-03-14T23:06:17+00:00","dateModified":"2026-04-19T00:05:58+00:00","description":"Hexbug CuddleBots \u2013 Interaktives Vibrationsspielzeug f\u00fcr Kleinkinder g\u00fcnstig kaufen bei Schweizversand.ch. Schnelle Lieferung in der Schweiz. Gratisversand ab CHF 50.","breadcrumb":{"@id":"https:\/\/schweizversand.ch\/it\/produkt\/hexbug-cuddlebots-interaktives-vibrationsspielzeug-fuer-kleinkinder\/#breadcrumb"},"inLanguage":"it-IT","potentialAction":[{"@type":"ReadAction","target":["https:\/\/schweizversand.ch\/it\/produkt\/hexbug-cuddlebots-interaktives-vibrationsspielzeug-fuer-kleinkinder\/"]}]},{"@type":"ImageObject","inLanguage":"it-IT","@id":"https:\/\/schweizversand.ch\/it\/produkt\/hexbug-cuddlebots-interaktives-vibrationsspielzeug-fuer-kleinkinder\/#primaryimage","url":"https:\/\/schweizversand.ch\/wp-content\/uploads\/2026\/02\/5478795792.jpg","contentUrl":"https:\/\/schweizversand.ch\/wp-content\/uploads\/2026\/02\/5478795792.jpg","width":1024,"height":1024},{"@type":"BreadcrumbList","@id":"https:\/\/schweizversand.ch\/it\/produkt\/hexbug-cuddlebots-interaktives-vibrationsspielzeug-fuer-kleinkinder\/#breadcrumb","itemListElement":[{"@type":"ListItem","position":1,"name":"Startseite","item":"https:\/\/schweizversand.ch\/it\/home\/"},{"@type":"ListItem","position":2,"name":"Shop","item":"https:\/\/schweizversand.ch\/it\/shop\/"},{"@type":"ListItem","position":3,"name":"Bambini e genitori","item":"https:\/\/schweizversand.ch\/it\/produkt-kategorie\/bambini-e-genitori\/"},{"@type":"ListItem","position":4,"name":"Giocattoli per bambini","item":"https:\/\/schweizversand.ch\/it\/produkt-kategorie\/bambini-e-genitori\/giocattoli-per-bambini\/"},{"@type":"ListItem","position":5,"name":"Varie","item":"https:\/\/schweizversand.ch\/it\/produkt-kategorie\/bambini-e-genitori\/giocattoli-per-bambini\/diverses\/"},{"@type":"ListItem","position":6,"name":"Hexbug CuddleBots \u2013 Giocattolo vibrante interattivo per bambini piccoli"}]},{"@type":"WebSite","@id":"https:\/\/schweizversand.ch\/it\/#website","url":"https:\/\/schweizversand.ch\/it\/","name":"Schweizer Shop f\u00fcr Sport, Spiel und Freizeit","description":"Gratisversand ab 50.- (netto), ab eigenem schweizer Lager, Lieferung innert 48h","publisher":{"@id":"https:\/\/schweizversand.ch\/it\/#organization"},"alternateName":"Schweizversand.ch","potentialAction":[{"@type":"SearchAction","target":{"@type":"EntryPoint","urlTemplate":"https:\/\/schweizversand.ch\/it\/?s={search_term_string}"},"query-input":{"@type":"PropertyValueSpecification","valueRequired":true,"valueName":"search_term_string"}}],"inLanguage":"it-IT"},{"@type":"Organization","@id":"https:\/\/schweizversand.ch\/it\/#organization","name":"Schweizversand.ch","url":"https:\/\/schweizversand.ch\/it\/","logo":{"@type":"ImageObject","inLanguage":"it-IT","@id":"https:\/\/schweizversand.ch\/it\/#\/schema\/logo\/image\/","url":"https:\/\/schweizversand.ch\/wp-content\/uploads\/2026\/03\/Logo_Rund_Final-1.png","contentUrl":"https:\/\/schweizversand.ch\/wp-content\/uploads\/2026\/03\/Logo_Rund_Final-1.png","width":404,"height":404,"caption":"Schweizversand.ch"},"image":{"@id":"https:\/\/schweizversand.ch\/it\/#\/schema\/logo\/image\/"},"sameAs":["https:\/\/www.facebook.com\/Schweizversand","https:\/\/www.instagram.com\/schweizversand.ch\/"]}]}},"jetpack_sharing_enabled":true,"_links":{"self":[{"href":"https:\/\/schweizversand.ch\/it\/wp-json\/wp\/v2\/product\/255565","targetHints":{"allow":["GET"]}}],"collection":[{"href":"https:\/\/schweizversand.ch\/it\/wp-json\/wp\/v2\/product"}],"about":[{"href":"https:\/\/schweizversand.ch\/it\/wp-json\/wp\/v2\/types\/product"}],"replies":[{"embeddable":true,"href":"https:\/\/schweizversand.ch\/it\/wp-json\/wp\/v2\/comments?post=255565"}],"wp:featuredmedia":[{"embeddable":true,"href":"https:\/\/schweizversand.ch\/it\/wp-json\/wp\/v2\/media\/158387"}],"wp:attachment":[{"href":"https:\/\/schweizversand.ch\/it\/wp-json\/wp\/v2\/media?parent=255565"}],"wp:term":[{"taxonomy":"product_brand","embeddable":true,"href":"https:\/\/schweizversand.ch\/it\/wp-json\/wp\/v2\/product_brand?post=255565"},{"taxonomy":"product_cat","embeddable":true,"href":"https:\/\/schweizversand.ch\/it\/wp-json\/wp\/v2\/product_cat?post=255565"},{"taxonomy":"product_tag","embeddable":true,"href":"https:\/\/schweizversand.ch\/it\/wp-json\/wp\/v2\/product_tag?post=255565"}],"curies":[{"name":"wp","href":"https:\/\/api.w.org\/{rel}","templated":true}]}}