{"id":255573,"date":"2026-03-15T00:27:51","date_gmt":"2026-03-14T23:27:51","guid":{"rendered":"https:\/\/schweizversand.ch\/produkt\/joy-fragrances-auto-lufterfrischer-4\/"},"modified":"2026-04-19T02:05:59","modified_gmt":"2026-04-19T00:05:59","slug":"joy-fragrances-auto-lufterfrischer-4","status":"publish","type":"product","link":"https:\/\/schweizversand.ch\/it\/produkt\/joy-fragrances-auto-lufterfrischer-4\/","title":{"rendered":"Deodorante per auto Joy Fragrances"},"content":{"rendered":"<p>Un profumo fresco incontra un design elegante: NIKI di Mr&#038;Mrs Fragrance<\/p>\n<p>Un&#8217;auto splendente non merita solo un aspetto splendente, ma anche una piacevole fragranza all&#8217;interno. Gli esperti di profumi di Mr&#038;Mrs Fragrance presentano: NIKI, il compagno perfetto per i viaggi!<\/p>\n<p>Questo grazioso piccolo oggetto si attacca facilmente a qualsiasi bocchetta dell&#8217;aria e riempie istantaneamente il tuo veicolo con la migliore freschezza. Ma NIKI \u00e8 molto pi\u00f9 di un semplice profumo: \u00e8 ricaricabile, sostenibile e sempre pronto all&#8217;uso.<\/p>\n<p>Fragranza: Niki Classic<\/p>\n<p>NIKI \u2013 La fragranza che ti accompagna.<\/p>\n","protected":false},"excerpt":{"rendered":"<p>Un profumo fresco incontra un design elegante: NIKI di Mr&#038;Mrs Fragrance Un&#8217;auto splendente non merita solo un aspetto splendente, ma anche una piacevole fragranza all&#8217;interno. Gli esperti di profumi di Mr&#038;Mrs Fragrance presentano: NIKI, il compagno perfetto per i viaggi! Questo grazioso piccolo oggetto si attacca facilmente a qualsiasi bocchetta dell&#8217;aria e riempie istantaneamente il tuo veicolo con la migliore freschezza. Ma NIKI \u00e8 molto pi\u00f9 di un semplice profumo: \u00e8 ricaricabile, sostenibile e sempre&hellip;<\/p>\n","protected":false},"featured_media":158423,"comment_status":"open","ping_status":"closed","template":"","meta":[],"product_brand":[],"product_cat":[38931],"product_tag":[],"class_list":{"0":"post-255573","1":"product","2":"type-product","3":"status-publish","4":"has-post-thumbnail","6":"product_cat-diverse","7":"product_shipping_class-global_methods","9":"first","10":"instock","11":"taxable","12":"shipping-taxable","13":"purchasable","14":"product-type-simple"},"yoast_head":"<!-- This site is optimized with the Yoast SEO plugin v27.4 - https:\/\/yoast.com\/product\/yoast-seo-wordpress\/ -->\n<title>Joy Fragrances Auto-Lufterfrischer<\/title>\n<meta name=\"description\" content=\"Frischer Duft trifft stylishes Design \u2013 NIKI von Mr&amp;Mrs Fragrance Ein blitzblankes Auto verdient nicht nur einen gl\u00e4nzenden Auftritt, sondern auch einen angene\" \/>\n<meta name=\"robots\" content=\"index, follow, max-snippet:-1, max-image-preview:large, max-video-preview:-1\" \/>\n<link rel=\"canonical\" href=\"https:\/\/schweizversand.ch\/it\/produkt\/joy-fragrances-auto-lufterfrischer-4\/\" \/>\n<meta property=\"og:locale\" content=\"it_IT\" \/>\n<meta property=\"og:type\" content=\"article\" \/>\n<meta property=\"og:title\" content=\"Joy Fragrances Auto-Lufterfrischer\" \/>\n<meta property=\"og:description\" content=\"Frischer Duft trifft stylishes Design \u2013 NIKI von Mr&amp;Mrs Fragrance Ein blitzblankes Auto verdient nicht nur einen gl\u00e4nzenden Auftritt, sondern auch einen angene\" \/>\n<meta property=\"og:url\" content=\"https:\/\/schweizversand.ch\/it\/produkt\/joy-fragrances-auto-lufterfrischer-4\/\" \/>\n<meta property=\"og:site_name\" content=\"Schweizer Shop f\u00fcr Sport, Spiel und Freizeit\" \/>\n<meta property=\"article:publisher\" content=\"https:\/\/www.facebook.com\/Schweizversand\" \/>\n<meta property=\"article:modified_time\" content=\"2026-04-19T00:05:59+00:00\" \/>\n<meta property=\"og:image\" content=\"https:\/\/schweizversand.ch\/wp-content\/uploads\/2026\/02\/5471975395.jpg\" \/>\n\t<meta property=\"og:image:width\" content=\"1024\" \/>\n\t<meta property=\"og:image:height\" content=\"683\" \/>\n\t<meta property=\"og:image:type\" content=\"image\/jpeg\" \/>\n<meta name=\"twitter:card\" content=\"summary_large_image\" \/>\n<script type=\"application\/ld+json\" class=\"yoast-schema-graph\">{\"@context\":\"https:\\\/\\\/schema.org\",\"@graph\":[{\"@type\":\"WebPage\",\"@id\":\"https:\\\/\\\/schweizversand.ch\\\/it\\\/produkt\\\/joy-fragrances-auto-lufterfrischer-4\\\/\",\"url\":\"https:\\\/\\\/schweizversand.ch\\\/it\\\/produkt\\\/joy-fragrances-auto-lufterfrischer-4\\\/\",\"name\":\"Joy Fragrances Auto-Lufterfrischer\",\"isPartOf\":{\"@id\":\"https:\\\/\\\/schweizversand.ch\\\/it\\\/#website\"},\"primaryImageOfPage\":{\"@id\":\"https:\\\/\\\/schweizversand.ch\\\/it\\\/produkt\\\/joy-fragrances-auto-lufterfrischer-4\\\/#primaryimage\"},\"image\":{\"@id\":\"https:\\\/\\\/schweizversand.ch\\\/it\\\/produkt\\\/joy-fragrances-auto-lufterfrischer-4\\\/#primaryimage\"},\"thumbnailUrl\":\"https:\\\/\\\/schweizversand.ch\\\/wp-content\\\/uploads\\\/2026\\\/02\\\/5471975395.jpg\",\"datePublished\":\"2026-03-14T23:27:51+00:00\",\"dateModified\":\"2026-04-19T00:05:59+00:00\",\"description\":\"Frischer Duft trifft stylishes Design \u2013 NIKI von Mr&Mrs Fragrance Ein blitzblankes Auto verdient nicht nur einen gl\u00e4nzenden Auftritt, sondern auch einen angene\",\"breadcrumb\":{\"@id\":\"https:\\\/\\\/schweizversand.ch\\\/it\\\/produkt\\\/joy-fragrances-auto-lufterfrischer-4\\\/#breadcrumb\"},\"inLanguage\":\"it-IT\",\"potentialAction\":[{\"@type\":\"ReadAction\",\"target\":[\"https:\\\/\\\/schweizversand.ch\\\/it\\\/produkt\\\/joy-fragrances-auto-lufterfrischer-4\\\/\"]}]},{\"@type\":\"ImageObject\",\"inLanguage\":\"it-IT\",\"@id\":\"https:\\\/\\\/schweizversand.ch\\\/it\\\/produkt\\\/joy-fragrances-auto-lufterfrischer-4\\\/#primaryimage\",\"url\":\"https:\\\/\\\/schweizversand.ch\\\/wp-content\\\/uploads\\\/2026\\\/02\\\/5471975395.jpg\",\"contentUrl\":\"https:\\\/\\\/schweizversand.ch\\\/wp-content\\\/uploads\\\/2026\\\/02\\\/5471975395.jpg\",\"width\":1024,\"height\":683},{\"@type\":\"BreadcrumbList\",\"@id\":\"https:\\\/\\\/schweizversand.ch\\\/it\\\/produkt\\\/joy-fragrances-auto-lufterfrischer-4\\\/#breadcrumb\",\"itemListElement\":[{\"@type\":\"ListItem\",\"position\":1,\"name\":\"Startseite\",\"item\":\"https:\\\/\\\/schweizversand.ch\\\/it\\\/home\\\/\"},{\"@type\":\"ListItem\",\"position\":2,\"name\":\"Shop\",\"item\":\"https:\\\/\\\/schweizversand.ch\\\/it\\\/shop\\\/\"},{\"@type\":\"ListItem\",\"position\":3,\"name\":\"Forniture per veicoli\",\"item\":\"https:\\\/\\\/schweizversand.ch\\\/it\\\/produkt-kategorie\\\/forniture-per-veicoli\\\/\"},{\"@type\":\"ListItem\",\"position\":4,\"name\":\"Auto\",\"item\":\"https:\\\/\\\/schweizversand.ch\\\/it\\\/produkt-kategorie\\\/forniture-per-veicoli\\\/auto\\\/\"},{\"@type\":\"ListItem\",\"position\":5,\"name\":\"Varie\",\"item\":\"https:\\\/\\\/schweizversand.ch\\\/it\\\/produkt-kategorie\\\/forniture-per-veicoli\\\/auto\\\/diverse\\\/\"},{\"@type\":\"ListItem\",\"position\":6,\"name\":\"Deodorante per auto Joy Fragrances\"}]},{\"@type\":\"WebSite\",\"@id\":\"https:\\\/\\\/schweizversand.ch\\\/it\\\/#website\",\"url\":\"https:\\\/\\\/schweizversand.ch\\\/it\\\/\",\"name\":\"Schweizer Shop f\u00fcr Sport, Spiel und Freizeit\",\"description\":\"Gratisversand ab 50.- (netto), ab eigenem schweizer Lager, Lieferung innert 48h\",\"publisher\":{\"@id\":\"https:\\\/\\\/schweizversand.ch\\\/it\\\/#organization\"},\"alternateName\":\"Schweizversand.ch\",\"potentialAction\":[{\"@type\":\"SearchAction\",\"target\":{\"@type\":\"EntryPoint\",\"urlTemplate\":\"https:\\\/\\\/schweizversand.ch\\\/it\\\/?s={search_term_string}\"},\"query-input\":{\"@type\":\"PropertyValueSpecification\",\"valueRequired\":true,\"valueName\":\"search_term_string\"}}],\"inLanguage\":\"it-IT\"},{\"@type\":\"Organization\",\"@id\":\"https:\\\/\\\/schweizversand.ch\\\/it\\\/#organization\",\"name\":\"Schweizversand.ch\",\"url\":\"https:\\\/\\\/schweizversand.ch\\\/it\\\/\",\"logo\":{\"@type\":\"ImageObject\",\"inLanguage\":\"it-IT\",\"@id\":\"https:\\\/\\\/schweizversand.ch\\\/it\\\/#\\\/schema\\\/logo\\\/image\\\/\",\"url\":\"https:\\\/\\\/schweizversand.ch\\\/wp-content\\\/uploads\\\/2026\\\/03\\\/Logo_Rund_Final-1.png\",\"contentUrl\":\"https:\\\/\\\/schweizversand.ch\\\/wp-content\\\/uploads\\\/2026\\\/03\\\/Logo_Rund_Final-1.png\",\"width\":404,\"height\":404,\"caption\":\"Schweizversand.ch\"},\"image\":{\"@id\":\"https:\\\/\\\/schweizversand.ch\\\/it\\\/#\\\/schema\\\/logo\\\/image\\\/\"},\"sameAs\":[\"https:\\\/\\\/www.facebook.com\\\/Schweizversand\",\"https:\\\/\\\/www.instagram.com\\\/schweizversand.ch\\\/\"]}]}<\/script>\n<!-- \/ Yoast SEO plugin. -->","yoast_head_json":{"title":"Joy Fragrances Auto-Lufterfrischer","description":"Frischer Duft trifft stylishes Design \u2013 NIKI von Mr&Mrs Fragrance Ein blitzblankes Auto verdient nicht nur einen gl\u00e4nzenden Auftritt, sondern auch einen angene","robots":{"index":"index","follow":"follow","max-snippet":"max-snippet:-1","max-image-preview":"max-image-preview:large","max-video-preview":"max-video-preview:-1"},"canonical":"https:\/\/schweizversand.ch\/it\/produkt\/joy-fragrances-auto-lufterfrischer-4\/","og_locale":"it_IT","og_type":"article","og_title":"Joy Fragrances Auto-Lufterfrischer","og_description":"Frischer Duft trifft stylishes Design \u2013 NIKI von Mr&Mrs Fragrance Ein blitzblankes Auto verdient nicht nur einen gl\u00e4nzenden Auftritt, sondern auch einen angene","og_url":"https:\/\/schweizversand.ch\/it\/produkt\/joy-fragrances-auto-lufterfrischer-4\/","og_site_name":"Schweizer Shop f\u00fcr Sport, Spiel und Freizeit","article_publisher":"https:\/\/www.facebook.com\/Schweizversand","article_modified_time":"2026-04-19T00:05:59+00:00","og_image":[{"width":1024,"height":683,"url":"https:\/\/schweizversand.ch\/wp-content\/uploads\/2026\/02\/5471975395.jpg","type":"image\/jpeg"}],"twitter_card":"summary_large_image","schema":{"@context":"https:\/\/schema.org","@graph":[{"@type":"WebPage","@id":"https:\/\/schweizversand.ch\/it\/produkt\/joy-fragrances-auto-lufterfrischer-4\/","url":"https:\/\/schweizversand.ch\/it\/produkt\/joy-fragrances-auto-lufterfrischer-4\/","name":"Joy Fragrances Auto-Lufterfrischer","isPartOf":{"@id":"https:\/\/schweizversand.ch\/it\/#website"},"primaryImageOfPage":{"@id":"https:\/\/schweizversand.ch\/it\/produkt\/joy-fragrances-auto-lufterfrischer-4\/#primaryimage"},"image":{"@id":"https:\/\/schweizversand.ch\/it\/produkt\/joy-fragrances-auto-lufterfrischer-4\/#primaryimage"},"thumbnailUrl":"https:\/\/schweizversand.ch\/wp-content\/uploads\/2026\/02\/5471975395.jpg","datePublished":"2026-03-14T23:27:51+00:00","dateModified":"2026-04-19T00:05:59+00:00","description":"Frischer Duft trifft stylishes Design \u2013 NIKI von Mr&Mrs Fragrance Ein blitzblankes Auto verdient nicht nur einen gl\u00e4nzenden Auftritt, sondern auch einen angene","breadcrumb":{"@id":"https:\/\/schweizversand.ch\/it\/produkt\/joy-fragrances-auto-lufterfrischer-4\/#breadcrumb"},"inLanguage":"it-IT","potentialAction":[{"@type":"ReadAction","target":["https:\/\/schweizversand.ch\/it\/produkt\/joy-fragrances-auto-lufterfrischer-4\/"]}]},{"@type":"ImageObject","inLanguage":"it-IT","@id":"https:\/\/schweizversand.ch\/it\/produkt\/joy-fragrances-auto-lufterfrischer-4\/#primaryimage","url":"https:\/\/schweizversand.ch\/wp-content\/uploads\/2026\/02\/5471975395.jpg","contentUrl":"https:\/\/schweizversand.ch\/wp-content\/uploads\/2026\/02\/5471975395.jpg","width":1024,"height":683},{"@type":"BreadcrumbList","@id":"https:\/\/schweizversand.ch\/it\/produkt\/joy-fragrances-auto-lufterfrischer-4\/#breadcrumb","itemListElement":[{"@type":"ListItem","position":1,"name":"Startseite","item":"https:\/\/schweizversand.ch\/it\/home\/"},{"@type":"ListItem","position":2,"name":"Shop","item":"https:\/\/schweizversand.ch\/it\/shop\/"},{"@type":"ListItem","position":3,"name":"Forniture per veicoli","item":"https:\/\/schweizversand.ch\/it\/produkt-kategorie\/forniture-per-veicoli\/"},{"@type":"ListItem","position":4,"name":"Auto","item":"https:\/\/schweizversand.ch\/it\/produkt-kategorie\/forniture-per-veicoli\/auto\/"},{"@type":"ListItem","position":5,"name":"Varie","item":"https:\/\/schweizversand.ch\/it\/produkt-kategorie\/forniture-per-veicoli\/auto\/diverse\/"},{"@type":"ListItem","position":6,"name":"Deodorante per auto Joy Fragrances"}]},{"@type":"WebSite","@id":"https:\/\/schweizversand.ch\/it\/#website","url":"https:\/\/schweizversand.ch\/it\/","name":"Schweizer Shop f\u00fcr Sport, Spiel und Freizeit","description":"Gratisversand ab 50.- (netto), ab eigenem schweizer Lager, Lieferung innert 48h","publisher":{"@id":"https:\/\/schweizversand.ch\/it\/#organization"},"alternateName":"Schweizversand.ch","potentialAction":[{"@type":"SearchAction","target":{"@type":"EntryPoint","urlTemplate":"https:\/\/schweizversand.ch\/it\/?s={search_term_string}"},"query-input":{"@type":"PropertyValueSpecification","valueRequired":true,"valueName":"search_term_string"}}],"inLanguage":"it-IT"},{"@type":"Organization","@id":"https:\/\/schweizversand.ch\/it\/#organization","name":"Schweizversand.ch","url":"https:\/\/schweizversand.ch\/it\/","logo":{"@type":"ImageObject","inLanguage":"it-IT","@id":"https:\/\/schweizversand.ch\/it\/#\/schema\/logo\/image\/","url":"https:\/\/schweizversand.ch\/wp-content\/uploads\/2026\/03\/Logo_Rund_Final-1.png","contentUrl":"https:\/\/schweizversand.ch\/wp-content\/uploads\/2026\/03\/Logo_Rund_Final-1.png","width":404,"height":404,"caption":"Schweizversand.ch"},"image":{"@id":"https:\/\/schweizversand.ch\/it\/#\/schema\/logo\/image\/"},"sameAs":["https:\/\/www.facebook.com\/Schweizversand","https:\/\/www.instagram.com\/schweizversand.ch\/"]}]}},"jetpack_sharing_enabled":true,"_links":{"self":[{"href":"https:\/\/schweizversand.ch\/it\/wp-json\/wp\/v2\/product\/255573","targetHints":{"allow":["GET"]}}],"collection":[{"href":"https:\/\/schweizversand.ch\/it\/wp-json\/wp\/v2\/product"}],"about":[{"href":"https:\/\/schweizversand.ch\/it\/wp-json\/wp\/v2\/types\/product"}],"replies":[{"embeddable":true,"href":"https:\/\/schweizversand.ch\/it\/wp-json\/wp\/v2\/comments?post=255573"}],"wp:featuredmedia":[{"embeddable":true,"href":"https:\/\/schweizversand.ch\/it\/wp-json\/wp\/v2\/media\/158423"}],"wp:attachment":[{"href":"https:\/\/schweizversand.ch\/it\/wp-json\/wp\/v2\/media?parent=255573"}],"wp:term":[{"taxonomy":"product_brand","embeddable":true,"href":"https:\/\/schweizversand.ch\/it\/wp-json\/wp\/v2\/product_brand?post=255573"},{"taxonomy":"product_cat","embeddable":true,"href":"https:\/\/schweizversand.ch\/it\/wp-json\/wp\/v2\/product_cat?post=255573"},{"taxonomy":"product_tag","embeddable":true,"href":"https:\/\/schweizversand.ch\/it\/wp-json\/wp\/v2\/product_tag?post=255573"}],"curies":[{"name":"wp","href":"https:\/\/api.w.org\/{rel}","templated":true}]}}