{"id":255619,"date":"2026-03-15T00:28:04","date_gmt":"2026-03-14T23:28:04","guid":{"rendered":"https:\/\/schweizversand.ch\/produkt\/everlast-herren-sweatshirt-mit-kapuze-20\/"},"modified":"2026-04-15T02:04:44","modified_gmt":"2026-04-15T00:04:44","slug":"everlast-herren-sweatshirt-mit-kapuze-20","status":"publish","type":"product","link":"https:\/\/schweizversand.ch\/it\/produkt\/everlast-herren-sweatshirt-mit-kapuze-20\/","title":{"rendered":"Felpa con cappuccio da uomo Everlast"},"content":{"rendered":"<h1><strong>Felpa in cotone Everlast da uomo<\/strong><\/h1>\n<div>Scopri la <strong>Felpa in cotone Everlast<\/strong> da uomo, che coniuga perfettamente comfort e stile. Questa <strong>felpa con cappuccio<\/strong> \u00e8 ideale per lo sport, il tempo libero o semplicemente per rilassarsi e offre sempre una sensazione di comfort.<\/p>\n<\/div>\n<div><strong>Design e comfort<\/strong><br \/>Questa <strong>felpa Everlast<\/strong> colpisce per il suo design senza tempo e la lavorazione di alta qualit\u00e0. Il <strong>pullover Regular Fit<\/strong> si adatta a ogni corporatura e garantisce la massima libert\u00e0 di movimento. All&#8217;interno, \u00e8 dotato di una comoda fodera che offre una sensazione di calore nelle giornate pi\u00f9 fredde e avvolge delicatamente il corpo. Qualit\u00e0 del materiale: realizzata in un mix di cotone e poliestere morbidi e di alta qualit\u00e0 con un peso di 250 g\/m\u00b2, questa felpa in cotone \u00e8 particolarmente delicata sulla pelle e traspirante. Anche durante l&#8217;attivit\u00e0 intensa, il materiale permette alla pelle di respirare, migliorando ulteriormente il comfort.<\/p>\n<\/div>\n<div><strong>Dettagli del prodotto<\/strong><br \/>&#8211; Materiale: cotone di alta qualit\u00e0 (250 g\/m\u00b2) con contenuto di poliestere<br \/>&#8211; Vestibilit\u00e0: vestibilit\u00e0 regolare e rilassata per un comfort ottimale<br \/>&#8211; Cappuccio: foderato in cotone per maggiore calore<br \/>&#8211; Dettagli: polsini e orlo con coulisse<br \/>&#8211; Logo: grande logo Everlast ricamato sul davanti<br \/>&#8211; Dettagli: fascia decorativa con informazioni sul marchio<br \/>&#8211; Colore: combinazione di colori sobria e versatile<\/p>\n<\/div>\n<div><strong>Stile e versatilit\u00e0<\/strong><br \/>La classica felpa in cotone con vestibilit\u00e0 regolare e il caratteristico logo EVERLAST sul petto ti regalano uno stile originale. \u00c8 uno stile senza tempo di felpa sportiva che si integra facilmente nel tuo guardaroba, donandoti un look casual ma raffinato. Investi in questa versatile e calda felpa con cappuccio di Everlast e goditi comfort e stile in un prodotto che non ti deluder\u00e0.<\/p>\n","protected":false},"excerpt":{"rendered":"<p>Felpa in cotone Everlast da uomo Scopri la Felpa in cotone Everlast da uomo, che coniuga perfettamente comfort e stile. Questa felpa con cappuccio \u00e8 ideale per lo sport, il tempo libero o semplicemente per rilassarsi e offre sempre una sensazione di comfort. Design e comfortQuesta felpa Everlast colpisce per il suo design senza tempo e la lavorazione di alta qualit\u00e0. Il pullover Regular Fit si adatta a ogni corporatura e garantisce la massima libert\u00e0&hellip;<\/p>\n","protected":false},"featured_media":262553,"comment_status":"open","ping_status":"closed","template":"","meta":[],"product_brand":[],"product_cat":[38220],"product_tag":[],"class_list":{"0":"post-255619","1":"product","2":"type-product","3":"status-publish","4":"has-post-thumbnail","6":"product_cat-herrenbekleidung","7":"product_shipping_class-global_methods","9":"first","10":"instock","11":"taxable","12":"shipping-taxable","13":"purchasable","14":"product-type-simple"},"yoast_head":"<!-- This site is optimized with the Yoast SEO plugin v27.4 - https:\/\/yoast.com\/product\/yoast-seo-wordpress\/ -->\n<title>Everlast Herren Sweatshirt mit Kapuze<\/title>\n<meta name=\"description\" content=\"Everlast Sweatshirt Baumwolle Herren Entdecken Sie das Everlast Sweatshirt Baumwolle f\u00fcr Herren, das Komfort und Stil perfekt vereint. Dieser Kapuzenpullover is\" \/>\n<meta name=\"robots\" content=\"index, follow, max-snippet:-1, max-image-preview:large, max-video-preview:-1\" \/>\n<link rel=\"canonical\" href=\"https:\/\/schweizversand.ch\/it\/produkt\/everlast-herren-sweatshirt-mit-kapuze-20\/\" \/>\n<meta property=\"og:locale\" content=\"it_IT\" \/>\n<meta property=\"og:type\" content=\"article\" \/>\n<meta property=\"og:title\" content=\"Everlast Herren Sweatshirt mit Kapuze\" \/>\n<meta property=\"og:description\" content=\"Everlast Sweatshirt Baumwolle Herren Entdecken Sie das Everlast Sweatshirt Baumwolle f\u00fcr Herren, das Komfort und Stil perfekt vereint. Dieser Kapuzenpullover is\" \/>\n<meta property=\"og:url\" content=\"https:\/\/schweizversand.ch\/it\/produkt\/everlast-herren-sweatshirt-mit-kapuze-20\/\" \/>\n<meta property=\"og:site_name\" content=\"Schweizer Shop f\u00fcr Sport, Spiel und Freizeit\" \/>\n<meta property=\"article:publisher\" content=\"https:\/\/www.facebook.com\/Schweizversand\" \/>\n<meta property=\"article:modified_time\" content=\"2026-04-15T00:04:44+00:00\" \/>\n<meta property=\"og:image\" content=\"https:\/\/schweizversand.ch\/wp-content\/uploads\/2026\/02\/5596093398.jpg\" \/>\n\t<meta property=\"og:image:width\" content=\"683\" \/>\n\t<meta property=\"og:image:height\" content=\"1024\" \/>\n\t<meta property=\"og:image:type\" content=\"image\/jpeg\" \/>\n<meta name=\"twitter:card\" content=\"summary_large_image\" \/>\n<meta name=\"twitter:label1\" content=\"Tempo di lettura stimato\" \/>\n\t<meta name=\"twitter:data1\" content=\"1 minuto\" \/>\n<script type=\"application\/ld+json\" class=\"yoast-schema-graph\">{\"@context\":\"https:\\\/\\\/schema.org\",\"@graph\":[{\"@type\":\"WebPage\",\"@id\":\"https:\\\/\\\/schweizversand.ch\\\/it\\\/produkt\\\/everlast-herren-sweatshirt-mit-kapuze-20\\\/\",\"url\":\"https:\\\/\\\/schweizversand.ch\\\/it\\\/produkt\\\/everlast-herren-sweatshirt-mit-kapuze-20\\\/\",\"name\":\"Everlast Herren Sweatshirt mit Kapuze\",\"isPartOf\":{\"@id\":\"https:\\\/\\\/schweizversand.ch\\\/it\\\/#website\"},\"primaryImageOfPage\":{\"@id\":\"https:\\\/\\\/schweizversand.ch\\\/it\\\/produkt\\\/everlast-herren-sweatshirt-mit-kapuze-20\\\/#primaryimage\"},\"image\":{\"@id\":\"https:\\\/\\\/schweizversand.ch\\\/it\\\/produkt\\\/everlast-herren-sweatshirt-mit-kapuze-20\\\/#primaryimage\"},\"thumbnailUrl\":\"https:\\\/\\\/schweizversand.ch\\\/wp-content\\\/uploads\\\/2026\\\/02\\\/5596093398.jpg\",\"datePublished\":\"2026-03-14T23:28:04+00:00\",\"dateModified\":\"2026-04-15T00:04:44+00:00\",\"description\":\"Everlast Sweatshirt Baumwolle Herren Entdecken Sie das Everlast Sweatshirt Baumwolle f\u00fcr Herren, das Komfort und Stil perfekt vereint. Dieser Kapuzenpullover is\",\"breadcrumb\":{\"@id\":\"https:\\\/\\\/schweizversand.ch\\\/it\\\/produkt\\\/everlast-herren-sweatshirt-mit-kapuze-20\\\/#breadcrumb\"},\"inLanguage\":\"it-IT\",\"potentialAction\":[{\"@type\":\"ReadAction\",\"target\":[\"https:\\\/\\\/schweizversand.ch\\\/it\\\/produkt\\\/everlast-herren-sweatshirt-mit-kapuze-20\\\/\"]}]},{\"@type\":\"ImageObject\",\"inLanguage\":\"it-IT\",\"@id\":\"https:\\\/\\\/schweizversand.ch\\\/it\\\/produkt\\\/everlast-herren-sweatshirt-mit-kapuze-20\\\/#primaryimage\",\"url\":\"https:\\\/\\\/schweizversand.ch\\\/wp-content\\\/uploads\\\/2026\\\/02\\\/5596093398.jpg\",\"contentUrl\":\"https:\\\/\\\/schweizversand.ch\\\/wp-content\\\/uploads\\\/2026\\\/02\\\/5596093398.jpg\",\"width\":683,\"height\":1024},{\"@type\":\"BreadcrumbList\",\"@id\":\"https:\\\/\\\/schweizversand.ch\\\/it\\\/produkt\\\/everlast-herren-sweatshirt-mit-kapuze-20\\\/#breadcrumb\",\"itemListElement\":[{\"@type\":\"ListItem\",\"position\":1,\"name\":\"Startseite\",\"item\":\"https:\\\/\\\/schweizversand.ch\\\/it\\\/\"},{\"@type\":\"ListItem\",\"position\":2,\"name\":\"Shop\",\"item\":\"https:\\\/\\\/schweizversand.ch\\\/it\\\/shop\\\/\"},{\"@type\":\"ListItem\",\"position\":3,\"name\":\"Moda\",\"item\":\"https:\\\/\\\/schweizversand.ch\\\/it\\\/produkt-kategorie\\\/moda\\\/\"},{\"@type\":\"ListItem\",\"position\":4,\"name\":\"Moda maschile\",\"item\":\"https:\\\/\\\/schweizversand.ch\\\/it\\\/produkt-kategorie\\\/moda\\\/moda-maschile\\\/\"},{\"@type\":\"ListItem\",\"position\":5,\"name\":\"Abbigliamento maschile\",\"item\":\"https:\\\/\\\/schweizversand.ch\\\/it\\\/produkt-kategorie\\\/moda\\\/moda-maschile\\\/herrenbekleidung\\\/\"},{\"@type\":\"ListItem\",\"position\":6,\"name\":\"Felpa con cappuccio da uomo Everlast\"}]},{\"@type\":\"WebSite\",\"@id\":\"https:\\\/\\\/schweizversand.ch\\\/it\\\/#website\",\"url\":\"https:\\\/\\\/schweizversand.ch\\\/it\\\/\",\"name\":\"Schweizer Shop f\u00fcr Sport, Spiel und Freizeit\",\"description\":\"Gratisversand ab 50.- (netto), ab eigenem schweizer Lager, Lieferung innert 48h\",\"publisher\":{\"@id\":\"https:\\\/\\\/schweizversand.ch\\\/it\\\/#organization\"},\"alternateName\":\"Schweizversand.ch\",\"potentialAction\":[{\"@type\":\"SearchAction\",\"target\":{\"@type\":\"EntryPoint\",\"urlTemplate\":\"https:\\\/\\\/schweizversand.ch\\\/it\\\/?s={search_term_string}\"},\"query-input\":{\"@type\":\"PropertyValueSpecification\",\"valueRequired\":true,\"valueName\":\"search_term_string\"}}],\"inLanguage\":\"it-IT\"},{\"@type\":\"Organization\",\"@id\":\"https:\\\/\\\/schweizversand.ch\\\/it\\\/#organization\",\"name\":\"Schweizversand.ch\",\"url\":\"https:\\\/\\\/schweizversand.ch\\\/it\\\/\",\"logo\":{\"@type\":\"ImageObject\",\"inLanguage\":\"it-IT\",\"@id\":\"https:\\\/\\\/schweizversand.ch\\\/it\\\/#\\\/schema\\\/logo\\\/image\\\/\",\"url\":\"https:\\\/\\\/schweizversand.ch\\\/wp-content\\\/uploads\\\/2026\\\/03\\\/Logo_Rund_Final-1.png\",\"contentUrl\":\"https:\\\/\\\/schweizversand.ch\\\/wp-content\\\/uploads\\\/2026\\\/03\\\/Logo_Rund_Final-1.png\",\"width\":404,\"height\":404,\"caption\":\"Schweizversand.ch\"},\"image\":{\"@id\":\"https:\\\/\\\/schweizversand.ch\\\/it\\\/#\\\/schema\\\/logo\\\/image\\\/\"},\"sameAs\":[\"https:\\\/\\\/www.facebook.com\\\/Schweizversand\",\"https:\\\/\\\/www.instagram.com\\\/schweizversand.ch\\\/\"]}]}<\/script>\n<!-- \/ Yoast SEO plugin. -->","yoast_head_json":{"title":"Everlast Herren Sweatshirt mit Kapuze","description":"Everlast Sweatshirt Baumwolle Herren Entdecken Sie das Everlast Sweatshirt Baumwolle f\u00fcr Herren, das Komfort und Stil perfekt vereint. Dieser Kapuzenpullover is","robots":{"index":"index","follow":"follow","max-snippet":"max-snippet:-1","max-image-preview":"max-image-preview:large","max-video-preview":"max-video-preview:-1"},"canonical":"https:\/\/schweizversand.ch\/it\/produkt\/everlast-herren-sweatshirt-mit-kapuze-20\/","og_locale":"it_IT","og_type":"article","og_title":"Everlast Herren Sweatshirt mit Kapuze","og_description":"Everlast Sweatshirt Baumwolle Herren Entdecken Sie das Everlast Sweatshirt Baumwolle f\u00fcr Herren, das Komfort und Stil perfekt vereint. Dieser Kapuzenpullover is","og_url":"https:\/\/schweizversand.ch\/it\/produkt\/everlast-herren-sweatshirt-mit-kapuze-20\/","og_site_name":"Schweizer Shop f\u00fcr Sport, Spiel und Freizeit","article_publisher":"https:\/\/www.facebook.com\/Schweizversand","article_modified_time":"2026-04-15T00:04:44+00:00","og_image":[{"width":683,"height":1024,"url":"https:\/\/schweizversand.ch\/wp-content\/uploads\/2026\/02\/5596093398.jpg","type":"image\/jpeg"}],"twitter_card":"summary_large_image","twitter_misc":{"Tempo di lettura stimato":"1 minuto"},"schema":{"@context":"https:\/\/schema.org","@graph":[{"@type":"WebPage","@id":"https:\/\/schweizversand.ch\/it\/produkt\/everlast-herren-sweatshirt-mit-kapuze-20\/","url":"https:\/\/schweizversand.ch\/it\/produkt\/everlast-herren-sweatshirt-mit-kapuze-20\/","name":"Everlast Herren Sweatshirt mit Kapuze","isPartOf":{"@id":"https:\/\/schweizversand.ch\/it\/#website"},"primaryImageOfPage":{"@id":"https:\/\/schweizversand.ch\/it\/produkt\/everlast-herren-sweatshirt-mit-kapuze-20\/#primaryimage"},"image":{"@id":"https:\/\/schweizversand.ch\/it\/produkt\/everlast-herren-sweatshirt-mit-kapuze-20\/#primaryimage"},"thumbnailUrl":"https:\/\/schweizversand.ch\/wp-content\/uploads\/2026\/02\/5596093398.jpg","datePublished":"2026-03-14T23:28:04+00:00","dateModified":"2026-04-15T00:04:44+00:00","description":"Everlast Sweatshirt Baumwolle Herren Entdecken Sie das Everlast Sweatshirt Baumwolle f\u00fcr Herren, das Komfort und Stil perfekt vereint. Dieser Kapuzenpullover is","breadcrumb":{"@id":"https:\/\/schweizversand.ch\/it\/produkt\/everlast-herren-sweatshirt-mit-kapuze-20\/#breadcrumb"},"inLanguage":"it-IT","potentialAction":[{"@type":"ReadAction","target":["https:\/\/schweizversand.ch\/it\/produkt\/everlast-herren-sweatshirt-mit-kapuze-20\/"]}]},{"@type":"ImageObject","inLanguage":"it-IT","@id":"https:\/\/schweizversand.ch\/it\/produkt\/everlast-herren-sweatshirt-mit-kapuze-20\/#primaryimage","url":"https:\/\/schweizversand.ch\/wp-content\/uploads\/2026\/02\/5596093398.jpg","contentUrl":"https:\/\/schweizversand.ch\/wp-content\/uploads\/2026\/02\/5596093398.jpg","width":683,"height":1024},{"@type":"BreadcrumbList","@id":"https:\/\/schweizversand.ch\/it\/produkt\/everlast-herren-sweatshirt-mit-kapuze-20\/#breadcrumb","itemListElement":[{"@type":"ListItem","position":1,"name":"Startseite","item":"https:\/\/schweizversand.ch\/it\/"},{"@type":"ListItem","position":2,"name":"Shop","item":"https:\/\/schweizversand.ch\/it\/shop\/"},{"@type":"ListItem","position":3,"name":"Moda","item":"https:\/\/schweizversand.ch\/it\/produkt-kategorie\/moda\/"},{"@type":"ListItem","position":4,"name":"Moda maschile","item":"https:\/\/schweizversand.ch\/it\/produkt-kategorie\/moda\/moda-maschile\/"},{"@type":"ListItem","position":5,"name":"Abbigliamento maschile","item":"https:\/\/schweizversand.ch\/it\/produkt-kategorie\/moda\/moda-maschile\/herrenbekleidung\/"},{"@type":"ListItem","position":6,"name":"Felpa con cappuccio da uomo Everlast"}]},{"@type":"WebSite","@id":"https:\/\/schweizversand.ch\/it\/#website","url":"https:\/\/schweizversand.ch\/it\/","name":"Schweizer Shop f\u00fcr Sport, Spiel und Freizeit","description":"Gratisversand ab 50.- (netto), ab eigenem schweizer Lager, Lieferung innert 48h","publisher":{"@id":"https:\/\/schweizversand.ch\/it\/#organization"},"alternateName":"Schweizversand.ch","potentialAction":[{"@type":"SearchAction","target":{"@type":"EntryPoint","urlTemplate":"https:\/\/schweizversand.ch\/it\/?s={search_term_string}"},"query-input":{"@type":"PropertyValueSpecification","valueRequired":true,"valueName":"search_term_string"}}],"inLanguage":"it-IT"},{"@type":"Organization","@id":"https:\/\/schweizversand.ch\/it\/#organization","name":"Schweizversand.ch","url":"https:\/\/schweizversand.ch\/it\/","logo":{"@type":"ImageObject","inLanguage":"it-IT","@id":"https:\/\/schweizversand.ch\/it\/#\/schema\/logo\/image\/","url":"https:\/\/schweizversand.ch\/wp-content\/uploads\/2026\/03\/Logo_Rund_Final-1.png","contentUrl":"https:\/\/schweizversand.ch\/wp-content\/uploads\/2026\/03\/Logo_Rund_Final-1.png","width":404,"height":404,"caption":"Schweizversand.ch"},"image":{"@id":"https:\/\/schweizversand.ch\/it\/#\/schema\/logo\/image\/"},"sameAs":["https:\/\/www.facebook.com\/Schweizversand","https:\/\/www.instagram.com\/schweizversand.ch\/"]}]}},"jetpack_sharing_enabled":true,"_links":{"self":[{"href":"https:\/\/schweizversand.ch\/it\/wp-json\/wp\/v2\/product\/255619","targetHints":{"allow":["GET"]}}],"collection":[{"href":"https:\/\/schweizversand.ch\/it\/wp-json\/wp\/v2\/product"}],"about":[{"href":"https:\/\/schweizversand.ch\/it\/wp-json\/wp\/v2\/types\/product"}],"replies":[{"embeddable":true,"href":"https:\/\/schweizversand.ch\/it\/wp-json\/wp\/v2\/comments?post=255619"}],"wp:featuredmedia":[{"embeddable":true,"href":"https:\/\/schweizversand.ch\/it\/wp-json\/wp\/v2\/media\/262553"}],"wp:attachment":[{"href":"https:\/\/schweizversand.ch\/it\/wp-json\/wp\/v2\/media?parent=255619"}],"wp:term":[{"taxonomy":"product_brand","embeddable":true,"href":"https:\/\/schweizversand.ch\/it\/wp-json\/wp\/v2\/product_brand?post=255619"},{"taxonomy":"product_cat","embeddable":true,"href":"https:\/\/schweizversand.ch\/it\/wp-json\/wp\/v2\/product_cat?post=255619"},{"taxonomy":"product_tag","embeddable":true,"href":"https:\/\/schweizversand.ch\/it\/wp-json\/wp\/v2\/product_tag?post=255619"}],"curies":[{"name":"wp","href":"https:\/\/api.w.org\/{rel}","templated":true}]}}