{"id":255620,"date":"2026-03-15T00:28:07","date_gmt":"2026-03-14T23:28:07","guid":{"rendered":"https:\/\/schweizversand.ch\/produkt\/joy-fragrances-auto-lufterfrischermr-mrs-for-people-jeff\/"},"modified":"2026-04-19T15:36:37","modified_gmt":"2026-04-19T13:36:37","slug":"joy-fragrances-auto-lufterfrischermr-mrs-for-people-jeff","status":"publish","type":"product","link":"https:\/\/schweizversand.ch\/it\/produkt\/joy-fragrances-auto-lufterfrischermr-mrs-for-people-jeff\/","title":{"rendered":"Deodorante per auto Joy FragrancesMr &#038; Mrs for People &#8220;Jeff&#8221;"},"content":{"rendered":"<h1><strong>Jeff Car Fragrance &#8211; Profumo per auto alla fragola<\/strong><\/h1>\n<div>Dai un tocco unico agli interni della tua auto con il profumo per auto Jeff Car Fragrance. Progettato dal famoso designer italiano Luca Trazzi, questo profumo per auto combina un design moderno con un&#8217;esperienza di fragranza piacevole e di lunga durata.<\/p>\n<\/div>\n<div><strong>Design e funzionalit\u00e0<\/strong><br \/>Jeff \u00e8 pi\u00f9 di un semplice <strong>deodorante per auto<\/strong>: \u00e8 un&#8217;elegante <strong>profumatrice per auto<\/strong> di <strong>Mr&#038;Mrs Fragrance<\/strong>. Grazie alla clip universale, Jeff pu\u00f2 essere facilmente fissato verticalmente o orizzontalmente alle bocchette dell&#8217;aria condizionata di qualsiasi auto. Non appena la ventilazione \u00e8 in funzione, Jeff diffonde una fragranza costante e intensa in tutto l&#8217;abitacolo.<\/p>\n<\/div>\n<div><strong>Esperienza di fragranza unica<\/strong><br \/>Questa raffinata aggiunta alla tua auto crea un&#8217;atmosfera accogliente. Il profumo di fragola \u00e8 <strong>rinfrescante e tonificante<\/strong>, rendendo ogni viaggio un&#8217;esperienza piacevole. Jeff \u00e8 la scelta perfetta se dai importanza all&#8217;estetica e alla qualit\u00e0.<\/p>\n<\/div>\n<div><strong>Dettagli e dimensioni del prodotto<\/strong><br \/>&#8211; Profumazione: Fragola<br \/>&#8211; Dimensioni: 4,6 x 5,7 x 3,7 cm<br \/>&#8211; Peso: 12 g<br \/>&#8211; Attacco: Clip universale per <strong>bocchetta di ventilazione dell&#8217;auto<\/strong><br \/>&#8211; Paese di origine: Italia<\/p>\n<\/div>\n<div>Acquista subito la tua <strong>fragranza per auto Jeff<\/strong> e goditi un viaggio elegante e profumato. Scopri la differenza che il design italiano fa nella tua auto.<\/p>\n<\/div>\n<div><\/div>\n","protected":false},"excerpt":{"rendered":"<p>Jeff Car Fragrance &#8211; Profumo per auto alla fragola Dai un tocco unico agli interni della tua auto con il profumo per auto Jeff Car Fragrance. Progettato dal famoso designer italiano Luca Trazzi, questo profumo per auto combina un design moderno con un&#8217;esperienza di fragranza piacevole e di lunga durata. Design e funzionalit\u00e0Jeff \u00e8 pi\u00f9 di un semplice deodorante per auto: \u00e8 un&#8217;elegante profumatrice per auto di Mr&#038;Mrs Fragrance. Grazie alla clip universale, Jeff pu\u00f2&hellip;<\/p>\n","protected":false},"featured_media":257243,"comment_status":"open","ping_status":"closed","template":"","meta":[],"product_brand":[],"product_cat":[38931],"product_tag":[],"class_list":{"0":"post-255620","1":"product","2":"type-product","3":"status-publish","4":"has-post-thumbnail","6":"product_cat-diverse","7":"product_shipping_class-global_methods","9":"first","10":"instock","11":"taxable","12":"shipping-taxable","13":"purchasable","14":"product-type-simple"},"yoast_head":"<!-- This site is optimized with the Yoast SEO plugin v27.4 - https:\/\/yoast.com\/product\/yoast-seo-wordpress\/ -->\n<title>Joy Fragrances Auto-LufterfrischerMr &amp; Mrs for People &quot;Jeff&quot;<\/title>\n<meta name=\"description\" content=\"Jeff Car Fragrance \u2013 Autoduftfigur Erdbeere Verleihen Sie Ihrem Fahrzeuginnenraum eine einzigartige Note mit der Jeff Car Fragrance Duftfigur. Entworfen vom ren\" \/>\n<meta name=\"robots\" content=\"index, follow, max-snippet:-1, max-image-preview:large, max-video-preview:-1\" \/>\n<link rel=\"canonical\" href=\"https:\/\/schweizversand.ch\/it\/produkt\/joy-fragrances-auto-lufterfrischermr-mrs-for-people-jeff\/\" \/>\n<meta property=\"og:locale\" content=\"it_IT\" \/>\n<meta property=\"og:type\" content=\"article\" \/>\n<meta property=\"og:title\" content=\"Joy Fragrances Auto-LufterfrischerMr &amp; Mrs for People &quot;Jeff&quot;\" \/>\n<meta property=\"og:description\" content=\"Jeff Car Fragrance \u2013 Autoduftfigur Erdbeere Verleihen Sie Ihrem Fahrzeuginnenraum eine einzigartige Note mit der Jeff Car Fragrance Duftfigur. Entworfen vom ren\" \/>\n<meta property=\"og:url\" content=\"https:\/\/schweizversand.ch\/it\/produkt\/joy-fragrances-auto-lufterfrischermr-mrs-for-people-jeff\/\" \/>\n<meta property=\"og:site_name\" content=\"Schweizer Shop f\u00fcr Sport, Spiel und Freizeit\" \/>\n<meta property=\"article:publisher\" content=\"https:\/\/www.facebook.com\/Schweizversand\" \/>\n<meta property=\"article:modified_time\" content=\"2026-04-19T13:36:37+00:00\" \/>\n<meta property=\"og:image\" content=\"https:\/\/schweizversand.ch\/wp-content\/uploads\/2026\/02\/5472109186.jpg\" \/>\n\t<meta property=\"og:image:width\" content=\"896\" \/>\n\t<meta property=\"og:image:height\" content=\"1024\" \/>\n\t<meta property=\"og:image:type\" content=\"image\/jpeg\" \/>\n<meta name=\"twitter:card\" content=\"summary_large_image\" \/>\n<meta name=\"twitter:label1\" content=\"Tempo di lettura stimato\" \/>\n\t<meta name=\"twitter:data1\" content=\"1 minuto\" \/>\n<script type=\"application\/ld+json\" class=\"yoast-schema-graph\">{\"@context\":\"https:\\\/\\\/schema.org\",\"@graph\":[{\"@type\":\"WebPage\",\"@id\":\"https:\\\/\\\/schweizversand.ch\\\/it\\\/produkt\\\/joy-fragrances-auto-lufterfrischermr-mrs-for-people-jeff\\\/\",\"url\":\"https:\\\/\\\/schweizversand.ch\\\/it\\\/produkt\\\/joy-fragrances-auto-lufterfrischermr-mrs-for-people-jeff\\\/\",\"name\":\"Joy Fragrances Auto-LufterfrischerMr & Mrs for People \\\"Jeff\\\"\",\"isPartOf\":{\"@id\":\"https:\\\/\\\/schweizversand.ch\\\/it\\\/#website\"},\"primaryImageOfPage\":{\"@id\":\"https:\\\/\\\/schweizversand.ch\\\/it\\\/produkt\\\/joy-fragrances-auto-lufterfrischermr-mrs-for-people-jeff\\\/#primaryimage\"},\"image\":{\"@id\":\"https:\\\/\\\/schweizversand.ch\\\/it\\\/produkt\\\/joy-fragrances-auto-lufterfrischermr-mrs-for-people-jeff\\\/#primaryimage\"},\"thumbnailUrl\":\"https:\\\/\\\/schweizversand.ch\\\/wp-content\\\/uploads\\\/2026\\\/02\\\/5472109186.jpg\",\"datePublished\":\"2026-03-14T23:28:07+00:00\",\"dateModified\":\"2026-04-19T13:36:37+00:00\",\"description\":\"Jeff Car Fragrance \u2013 Autoduftfigur Erdbeere Verleihen Sie Ihrem Fahrzeuginnenraum eine einzigartige Note mit der Jeff Car Fragrance Duftfigur. Entworfen vom ren\",\"breadcrumb\":{\"@id\":\"https:\\\/\\\/schweizversand.ch\\\/it\\\/produkt\\\/joy-fragrances-auto-lufterfrischermr-mrs-for-people-jeff\\\/#breadcrumb\"},\"inLanguage\":\"it-IT\",\"potentialAction\":[{\"@type\":\"ReadAction\",\"target\":[\"https:\\\/\\\/schweizversand.ch\\\/it\\\/produkt\\\/joy-fragrances-auto-lufterfrischermr-mrs-for-people-jeff\\\/\"]}]},{\"@type\":\"ImageObject\",\"inLanguage\":\"it-IT\",\"@id\":\"https:\\\/\\\/schweizversand.ch\\\/it\\\/produkt\\\/joy-fragrances-auto-lufterfrischermr-mrs-for-people-jeff\\\/#primaryimage\",\"url\":\"https:\\\/\\\/schweizversand.ch\\\/wp-content\\\/uploads\\\/2026\\\/02\\\/5472109186.jpg\",\"contentUrl\":\"https:\\\/\\\/schweizversand.ch\\\/wp-content\\\/uploads\\\/2026\\\/02\\\/5472109186.jpg\",\"width\":896,\"height\":1024},{\"@type\":\"BreadcrumbList\",\"@id\":\"https:\\\/\\\/schweizversand.ch\\\/it\\\/produkt\\\/joy-fragrances-auto-lufterfrischermr-mrs-for-people-jeff\\\/#breadcrumb\",\"itemListElement\":[{\"@type\":\"ListItem\",\"position\":1,\"name\":\"Startseite\",\"item\":\"https:\\\/\\\/schweizversand.ch\\\/it\\\/home\\\/\"},{\"@type\":\"ListItem\",\"position\":2,\"name\":\"Shop\",\"item\":\"https:\\\/\\\/schweizversand.ch\\\/it\\\/shop\\\/\"},{\"@type\":\"ListItem\",\"position\":3,\"name\":\"Forniture per veicoli\",\"item\":\"https:\\\/\\\/schweizversand.ch\\\/it\\\/produkt-kategorie\\\/forniture-per-veicoli\\\/\"},{\"@type\":\"ListItem\",\"position\":4,\"name\":\"Auto\",\"item\":\"https:\\\/\\\/schweizversand.ch\\\/it\\\/produkt-kategorie\\\/forniture-per-veicoli\\\/auto\\\/\"},{\"@type\":\"ListItem\",\"position\":5,\"name\":\"Varie\",\"item\":\"https:\\\/\\\/schweizversand.ch\\\/it\\\/produkt-kategorie\\\/forniture-per-veicoli\\\/auto\\\/diverse\\\/\"},{\"@type\":\"ListItem\",\"position\":6,\"name\":\"Deodorante per auto Joy FragrancesMr &amp; Mrs for People &#8222;Jeff&#8220;\"}]},{\"@type\":\"WebSite\",\"@id\":\"https:\\\/\\\/schweizversand.ch\\\/it\\\/#website\",\"url\":\"https:\\\/\\\/schweizversand.ch\\\/it\\\/\",\"name\":\"Schweizer Shop f\u00fcr Sport, Spiel und Freizeit\",\"description\":\"Gratisversand ab 50.- (netto), ab eigenem schweizer Lager, Lieferung innert 48h\",\"publisher\":{\"@id\":\"https:\\\/\\\/schweizversand.ch\\\/it\\\/#organization\"},\"alternateName\":\"Schweizversand.ch\",\"potentialAction\":[{\"@type\":\"SearchAction\",\"target\":{\"@type\":\"EntryPoint\",\"urlTemplate\":\"https:\\\/\\\/schweizversand.ch\\\/it\\\/?s={search_term_string}\"},\"query-input\":{\"@type\":\"PropertyValueSpecification\",\"valueRequired\":true,\"valueName\":\"search_term_string\"}}],\"inLanguage\":\"it-IT\"},{\"@type\":\"Organization\",\"@id\":\"https:\\\/\\\/schweizversand.ch\\\/it\\\/#organization\",\"name\":\"Schweizversand.ch\",\"url\":\"https:\\\/\\\/schweizversand.ch\\\/it\\\/\",\"logo\":{\"@type\":\"ImageObject\",\"inLanguage\":\"it-IT\",\"@id\":\"https:\\\/\\\/schweizversand.ch\\\/it\\\/#\\\/schema\\\/logo\\\/image\\\/\",\"url\":\"https:\\\/\\\/schweizversand.ch\\\/wp-content\\\/uploads\\\/2026\\\/03\\\/Logo_Rund_Final-1.png\",\"contentUrl\":\"https:\\\/\\\/schweizversand.ch\\\/wp-content\\\/uploads\\\/2026\\\/03\\\/Logo_Rund_Final-1.png\",\"width\":404,\"height\":404,\"caption\":\"Schweizversand.ch\"},\"image\":{\"@id\":\"https:\\\/\\\/schweizversand.ch\\\/it\\\/#\\\/schema\\\/logo\\\/image\\\/\"},\"sameAs\":[\"https:\\\/\\\/www.facebook.com\\\/Schweizversand\",\"https:\\\/\\\/www.instagram.com\\\/schweizversand.ch\\\/\"]}]}<\/script>\n<!-- \/ Yoast SEO plugin. -->","yoast_head_json":{"title":"Joy Fragrances Auto-LufterfrischerMr & Mrs for People \"Jeff\"","description":"Jeff Car Fragrance \u2013 Autoduftfigur Erdbeere Verleihen Sie Ihrem Fahrzeuginnenraum eine einzigartige Note mit der Jeff Car Fragrance Duftfigur. Entworfen vom ren","robots":{"index":"index","follow":"follow","max-snippet":"max-snippet:-1","max-image-preview":"max-image-preview:large","max-video-preview":"max-video-preview:-1"},"canonical":"https:\/\/schweizversand.ch\/it\/produkt\/joy-fragrances-auto-lufterfrischermr-mrs-for-people-jeff\/","og_locale":"it_IT","og_type":"article","og_title":"Joy Fragrances Auto-LufterfrischerMr & Mrs for People \"Jeff\"","og_description":"Jeff Car Fragrance \u2013 Autoduftfigur Erdbeere Verleihen Sie Ihrem Fahrzeuginnenraum eine einzigartige Note mit der Jeff Car Fragrance Duftfigur. Entworfen vom ren","og_url":"https:\/\/schweizversand.ch\/it\/produkt\/joy-fragrances-auto-lufterfrischermr-mrs-for-people-jeff\/","og_site_name":"Schweizer Shop f\u00fcr Sport, Spiel und Freizeit","article_publisher":"https:\/\/www.facebook.com\/Schweizversand","article_modified_time":"2026-04-19T13:36:37+00:00","og_image":[{"width":896,"height":1024,"url":"https:\/\/schweizversand.ch\/wp-content\/uploads\/2026\/02\/5472109186.jpg","type":"image\/jpeg"}],"twitter_card":"summary_large_image","twitter_misc":{"Tempo di lettura stimato":"1 minuto"},"schema":{"@context":"https:\/\/schema.org","@graph":[{"@type":"WebPage","@id":"https:\/\/schweizversand.ch\/it\/produkt\/joy-fragrances-auto-lufterfrischermr-mrs-for-people-jeff\/","url":"https:\/\/schweizversand.ch\/it\/produkt\/joy-fragrances-auto-lufterfrischermr-mrs-for-people-jeff\/","name":"Joy Fragrances Auto-LufterfrischerMr & Mrs for People \"Jeff\"","isPartOf":{"@id":"https:\/\/schweizversand.ch\/it\/#website"},"primaryImageOfPage":{"@id":"https:\/\/schweizversand.ch\/it\/produkt\/joy-fragrances-auto-lufterfrischermr-mrs-for-people-jeff\/#primaryimage"},"image":{"@id":"https:\/\/schweizversand.ch\/it\/produkt\/joy-fragrances-auto-lufterfrischermr-mrs-for-people-jeff\/#primaryimage"},"thumbnailUrl":"https:\/\/schweizversand.ch\/wp-content\/uploads\/2026\/02\/5472109186.jpg","datePublished":"2026-03-14T23:28:07+00:00","dateModified":"2026-04-19T13:36:37+00:00","description":"Jeff Car Fragrance \u2013 Autoduftfigur Erdbeere Verleihen Sie Ihrem Fahrzeuginnenraum eine einzigartige Note mit der Jeff Car Fragrance Duftfigur. Entworfen vom ren","breadcrumb":{"@id":"https:\/\/schweizversand.ch\/it\/produkt\/joy-fragrances-auto-lufterfrischermr-mrs-for-people-jeff\/#breadcrumb"},"inLanguage":"it-IT","potentialAction":[{"@type":"ReadAction","target":["https:\/\/schweizversand.ch\/it\/produkt\/joy-fragrances-auto-lufterfrischermr-mrs-for-people-jeff\/"]}]},{"@type":"ImageObject","inLanguage":"it-IT","@id":"https:\/\/schweizversand.ch\/it\/produkt\/joy-fragrances-auto-lufterfrischermr-mrs-for-people-jeff\/#primaryimage","url":"https:\/\/schweizversand.ch\/wp-content\/uploads\/2026\/02\/5472109186.jpg","contentUrl":"https:\/\/schweizversand.ch\/wp-content\/uploads\/2026\/02\/5472109186.jpg","width":896,"height":1024},{"@type":"BreadcrumbList","@id":"https:\/\/schweizversand.ch\/it\/produkt\/joy-fragrances-auto-lufterfrischermr-mrs-for-people-jeff\/#breadcrumb","itemListElement":[{"@type":"ListItem","position":1,"name":"Startseite","item":"https:\/\/schweizversand.ch\/it\/home\/"},{"@type":"ListItem","position":2,"name":"Shop","item":"https:\/\/schweizversand.ch\/it\/shop\/"},{"@type":"ListItem","position":3,"name":"Forniture per veicoli","item":"https:\/\/schweizversand.ch\/it\/produkt-kategorie\/forniture-per-veicoli\/"},{"@type":"ListItem","position":4,"name":"Auto","item":"https:\/\/schweizversand.ch\/it\/produkt-kategorie\/forniture-per-veicoli\/auto\/"},{"@type":"ListItem","position":5,"name":"Varie","item":"https:\/\/schweizversand.ch\/it\/produkt-kategorie\/forniture-per-veicoli\/auto\/diverse\/"},{"@type":"ListItem","position":6,"name":"Deodorante per auto Joy FragrancesMr &amp; Mrs for People &#8222;Jeff&#8220;"}]},{"@type":"WebSite","@id":"https:\/\/schweizversand.ch\/it\/#website","url":"https:\/\/schweizversand.ch\/it\/","name":"Schweizer Shop f\u00fcr Sport, Spiel und Freizeit","description":"Gratisversand ab 50.- (netto), ab eigenem schweizer Lager, Lieferung innert 48h","publisher":{"@id":"https:\/\/schweizversand.ch\/it\/#organization"},"alternateName":"Schweizversand.ch","potentialAction":[{"@type":"SearchAction","target":{"@type":"EntryPoint","urlTemplate":"https:\/\/schweizversand.ch\/it\/?s={search_term_string}"},"query-input":{"@type":"PropertyValueSpecification","valueRequired":true,"valueName":"search_term_string"}}],"inLanguage":"it-IT"},{"@type":"Organization","@id":"https:\/\/schweizversand.ch\/it\/#organization","name":"Schweizversand.ch","url":"https:\/\/schweizversand.ch\/it\/","logo":{"@type":"ImageObject","inLanguage":"it-IT","@id":"https:\/\/schweizversand.ch\/it\/#\/schema\/logo\/image\/","url":"https:\/\/schweizversand.ch\/wp-content\/uploads\/2026\/03\/Logo_Rund_Final-1.png","contentUrl":"https:\/\/schweizversand.ch\/wp-content\/uploads\/2026\/03\/Logo_Rund_Final-1.png","width":404,"height":404,"caption":"Schweizversand.ch"},"image":{"@id":"https:\/\/schweizversand.ch\/it\/#\/schema\/logo\/image\/"},"sameAs":["https:\/\/www.facebook.com\/Schweizversand","https:\/\/www.instagram.com\/schweizversand.ch\/"]}]}},"jetpack_sharing_enabled":true,"_links":{"self":[{"href":"https:\/\/schweizversand.ch\/it\/wp-json\/wp\/v2\/product\/255620","targetHints":{"allow":["GET"]}}],"collection":[{"href":"https:\/\/schweizversand.ch\/it\/wp-json\/wp\/v2\/product"}],"about":[{"href":"https:\/\/schweizversand.ch\/it\/wp-json\/wp\/v2\/types\/product"}],"replies":[{"embeddable":true,"href":"https:\/\/schweizversand.ch\/it\/wp-json\/wp\/v2\/comments?post=255620"}],"wp:featuredmedia":[{"embeddable":true,"href":"https:\/\/schweizversand.ch\/it\/wp-json\/wp\/v2\/media\/257243"}],"wp:attachment":[{"href":"https:\/\/schweizversand.ch\/it\/wp-json\/wp\/v2\/media?parent=255620"}],"wp:term":[{"taxonomy":"product_brand","embeddable":true,"href":"https:\/\/schweizversand.ch\/it\/wp-json\/wp\/v2\/product_brand?post=255620"},{"taxonomy":"product_cat","embeddable":true,"href":"https:\/\/schweizversand.ch\/it\/wp-json\/wp\/v2\/product_cat?post=255620"},{"taxonomy":"product_tag","embeddable":true,"href":"https:\/\/schweizversand.ch\/it\/wp-json\/wp\/v2\/product_tag?post=255620"}],"curies":[{"name":"wp","href":"https:\/\/api.w.org\/{rel}","templated":true}]}}