{"id":255626,"date":"2026-03-15T00:28:08","date_gmt":"2026-03-14T23:28:08","guid":{"rendered":"https:\/\/schweizversand.ch\/produkt\/bellelli-umruestsatz-fuer-babywagen-b-travel-zum-jogging-und-sportwagen\/"},"modified":"2026-04-19T02:06:02","modified_gmt":"2026-04-19T00:06:02","slug":"bellelli-umruestsatz-fuer-babywagen-b-travel-zum-jogging-und-sportwagen","status":"publish","type":"product","link":"https:\/\/schweizversand.ch\/it\/produkt\/bellelli-umruestsatz-fuer-babywagen-b-travel-zum-jogging-und-sportwagen\/","title":{"rendered":"Kit di conversione Bellelli per carrozzina B Travel in carrozzina da jogging e sport"},"content":{"rendered":"<h1><strong>Kit di conversione per passeggino B Travel in passeggino da jogging e sportivo<\/strong><\/h1>\n<div>Trasforma in un attimo il tuo fidato passeggino B Travel in un passeggino da jogging e sportivo ad alte prestazioni. Questo speciale kit di conversione ti offre la flessibilit\u00e0 di essere attivo con il tuo bambino senza sacrificare comfort e sicurezza. Prova la <strong>massima agilit\u00e0 e stabilit\u00e0<\/strong>, ideale per i genitori sportivi.<\/p>\n<\/div>\n<div><strong>Prestazioni perfette per genitori attivi<\/strong><br \/>Con questo kit, puoi adattare il tuo passeggino a qualsiasi terreno. Il fulcro del kit di conversione \u00e8 la <strong>grande ruota anteriore da 20 pollici<\/strong>, che garantisce un&#8217;eccellente scorrevolezza e stabilit\u00e0, un must per il jogging o le lunghe passeggiate su sentieri irregolari. Goditi la libert\u00e0 di perseguire i tuoi obiettivi di fitness mentre il tuo bambino viaggia in sicurezza e comfort.<\/p>\n<\/div>\n<div><strong>Facile da usare e massima sicurezza<\/strong><br \/>La conversione \u00e8 incredibilmente semplice grazie al <strong>sistema di aggancio e sgancio rapido<\/strong> e non richiede attrezzi speciali. Il robusto sistema di bloccaggio garantisce un collegamento sicuro e stabile tra il kit di conversione e il tuo passeggino B Travel. Inoltre, la <strong>maniglia posteriore<\/strong> dal design ergonomico offre un controllo e una manovrabilit\u00e0 migliorati, soprattutto alle velocit\u00e0 pi\u00f9 elevate. La tua sicurezza e quella del tuo bambino sono sempre la nostra massima priorit\u00e0.<\/p>\n<\/div>\n<div><strong>Capacit\u00e0 di carico e durata<\/strong><br \/>Questo kit di conversione \u00e8 progettato per un&#8217;<strong>elevata capacit\u00e0 di carico<\/strong>. \u00c8 omologato per un peso massimo combinato di 35 kg, consentendo il trasporto di due bambini (a partire dai 9 mesi). I materiali utilizzati sono estremamente resistenti e durevoli, quindi il passeggino resiste facilmente alle esigenze dell&#8217;uso quotidiano e delle attivit\u00e0 sportive. Questo kit di conversione completo contiene tutti i componenti necessari per convertire il tuo passeggino in modo rapido e sicuro: Specifiche tecniche e contenuto &#8211; Ruota anteriore: 20 pollici, incluso braccio per una sterzata ottimale &#8211; Sistema di bloccaggio: robusto sistema di fissaggio per un fissaggio sicuro al passeggino &#8211; Maniglia posteriore: ergonomica per un controllo migliore &#8211; Capacit\u00e0 di peso massima: 35 kg (adatto per 2 bambini di et\u00e0 superiore a 9 mesi) Investi in questo kit di conversione e amplia le possibilit\u00e0 di utilizzo del tuo passeggino B Travel. Prova la combinazione perfetta di comfort, sicurezza e prestazioni sportive che apre nuove possibilit\u00e0 per te e la tua famiglia.<\/p>\n","protected":false},"excerpt":{"rendered":"<p>Kit di conversione per passeggino B Travel in passeggino da jogging e sportivo Trasforma in un attimo il tuo fidato passeggino B Travel in un passeggino da jogging e sportivo ad alte prestazioni. Questo speciale kit di conversione ti offre la flessibilit\u00e0 di essere attivo con il tuo bambino senza sacrificare comfort e sicurezza. Prova la massima agilit\u00e0 e stabilit\u00e0, ideale per i genitori sportivi. Prestazioni perfette per genitori attiviCon questo kit, puoi adattare il&hellip;<\/p>\n","protected":false},"featured_media":158457,"comment_status":"open","ping_status":"closed","template":"","meta":[],"product_brand":[],"product_cat":[38909],"product_tag":[],"class_list":{"0":"post-255626","1":"product","2":"type-product","3":"status-publish","4":"has-post-thumbnail","6":"product_cat-diverses","7":"product_shipping_class-global_methods","9":"first","10":"instock","11":"taxable","12":"shipping-taxable","13":"purchasable","14":"product-type-simple"},"yoast_head":"<!-- This site is optimized with the Yoast SEO plugin v27.4 - https:\/\/yoast.com\/product\/yoast-seo-wordpress\/ -->\n<title>Bellelli Umr\u00fcstsatz f\u00fcr Babywagen B Travel zum Jogging- und Sportwagen | Jetzt kaufen | Schweizversand.ch<\/title>\n<meta name=\"description\" content=\"Bellelli Umr\u00fcstsatz f\u00fcr Babywagen B Travel zum Jogging- und Sportwagen g\u00fcnstig kaufen bei Schweizversand.ch. Schnelle Lieferung in der Schweiz. Gratisversand ab CHF 50.\" \/>\n<meta name=\"robots\" content=\"index, follow, max-snippet:-1, max-image-preview:large, max-video-preview:-1\" \/>\n<link rel=\"canonical\" href=\"https:\/\/schweizversand.ch\/it\/produkt\/bellelli-umruestsatz-fuer-babywagen-b-travel-zum-jogging-und-sportwagen\/\" \/>\n<meta property=\"og:locale\" content=\"it_IT\" \/>\n<meta property=\"og:type\" content=\"article\" \/>\n<meta property=\"og:title\" content=\"Bellelli Umr\u00fcstsatz f\u00fcr Babywagen B Travel zum Jogging- und Sportwagen | Jetzt kaufen | Schweizversand.ch\" \/>\n<meta property=\"og:description\" content=\"Bellelli Umr\u00fcstsatz f\u00fcr Babywagen B Travel zum Jogging- und Sportwagen g\u00fcnstig kaufen bei Schweizversand.ch. Schnelle Lieferung in der Schweiz. Gratisversand ab CHF 50.\" \/>\n<meta property=\"og:url\" content=\"https:\/\/schweizversand.ch\/it\/produkt\/bellelli-umruestsatz-fuer-babywagen-b-travel-zum-jogging-und-sportwagen\/\" \/>\n<meta property=\"og:site_name\" content=\"Schweizer Shop f\u00fcr Sport, Spiel und Freizeit\" \/>\n<meta property=\"article:publisher\" content=\"https:\/\/www.facebook.com\/Schweizversand\" \/>\n<meta property=\"article:modified_time\" content=\"2026-04-19T00:06:02+00:00\" \/>\n<meta property=\"og:image\" content=\"https:\/\/schweizversand.ch\/wp-content\/uploads\/2026\/02\/5472099047.png\" \/>\n\t<meta property=\"og:image:width\" content=\"768\" \/>\n\t<meta property=\"og:image:height\" content=\"1024\" \/>\n\t<meta property=\"og:image:type\" content=\"image\/png\" \/>\n<meta name=\"twitter:card\" content=\"summary_large_image\" \/>\n<meta name=\"twitter:label1\" content=\"Tempo di lettura stimato\" \/>\n\t<meta name=\"twitter:data1\" content=\"2 minuto\" \/>\n<script type=\"application\/ld+json\" class=\"yoast-schema-graph\">{\"@context\":\"https:\\\/\\\/schema.org\",\"@graph\":[{\"@type\":\"WebPage\",\"@id\":\"https:\\\/\\\/schweizversand.ch\\\/it\\\/produkt\\\/bellelli-umruestsatz-fuer-babywagen-b-travel-zum-jogging-und-sportwagen\\\/\",\"url\":\"https:\\\/\\\/schweizversand.ch\\\/it\\\/produkt\\\/bellelli-umruestsatz-fuer-babywagen-b-travel-zum-jogging-und-sportwagen\\\/\",\"name\":\"Bellelli Umr\u00fcstsatz f\u00fcr Babywagen B Travel zum Jogging- und Sportwagen | Jetzt kaufen | Schweizversand.ch\",\"isPartOf\":{\"@id\":\"https:\\\/\\\/schweizversand.ch\\\/it\\\/#website\"},\"primaryImageOfPage\":{\"@id\":\"https:\\\/\\\/schweizversand.ch\\\/it\\\/produkt\\\/bellelli-umruestsatz-fuer-babywagen-b-travel-zum-jogging-und-sportwagen\\\/#primaryimage\"},\"image\":{\"@id\":\"https:\\\/\\\/schweizversand.ch\\\/it\\\/produkt\\\/bellelli-umruestsatz-fuer-babywagen-b-travel-zum-jogging-und-sportwagen\\\/#primaryimage\"},\"thumbnailUrl\":\"https:\\\/\\\/schweizversand.ch\\\/wp-content\\\/uploads\\\/2026\\\/02\\\/5472099047.png\",\"datePublished\":\"2026-03-14T23:28:08+00:00\",\"dateModified\":\"2026-04-19T00:06:02+00:00\",\"description\":\"Bellelli Umr\u00fcstsatz f\u00fcr Babywagen B Travel zum Jogging- und Sportwagen g\u00fcnstig kaufen bei Schweizversand.ch. Schnelle Lieferung in der Schweiz. Gratisversand ab CHF 50.\",\"breadcrumb\":{\"@id\":\"https:\\\/\\\/schweizversand.ch\\\/it\\\/produkt\\\/bellelli-umruestsatz-fuer-babywagen-b-travel-zum-jogging-und-sportwagen\\\/#breadcrumb\"},\"inLanguage\":\"it-IT\",\"potentialAction\":[{\"@type\":\"ReadAction\",\"target\":[\"https:\\\/\\\/schweizversand.ch\\\/it\\\/produkt\\\/bellelli-umruestsatz-fuer-babywagen-b-travel-zum-jogging-und-sportwagen\\\/\"]}]},{\"@type\":\"ImageObject\",\"inLanguage\":\"it-IT\",\"@id\":\"https:\\\/\\\/schweizversand.ch\\\/it\\\/produkt\\\/bellelli-umruestsatz-fuer-babywagen-b-travel-zum-jogging-und-sportwagen\\\/#primaryimage\",\"url\":\"https:\\\/\\\/schweizversand.ch\\\/wp-content\\\/uploads\\\/2026\\\/02\\\/5472099047.png\",\"contentUrl\":\"https:\\\/\\\/schweizversand.ch\\\/wp-content\\\/uploads\\\/2026\\\/02\\\/5472099047.png\",\"width\":768,\"height\":1024},{\"@type\":\"BreadcrumbList\",\"@id\":\"https:\\\/\\\/schweizversand.ch\\\/it\\\/produkt\\\/bellelli-umruestsatz-fuer-babywagen-b-travel-zum-jogging-und-sportwagen\\\/#breadcrumb\",\"itemListElement\":[{\"@type\":\"ListItem\",\"position\":1,\"name\":\"Startseite\",\"item\":\"https:\\\/\\\/schweizversand.ch\\\/it\\\/home\\\/\"},{\"@type\":\"ListItem\",\"position\":2,\"name\":\"Shop\",\"item\":\"https:\\\/\\\/schweizversand.ch\\\/it\\\/shop\\\/\"},{\"@type\":\"ListItem\",\"position\":3,\"name\":\"Bambini e genitori\",\"item\":\"https:\\\/\\\/schweizversand.ch\\\/it\\\/produkt-kategorie\\\/bambini-e-genitori\\\/\"},{\"@type\":\"ListItem\",\"position\":4,\"name\":\"Giocattoli per bambini\",\"item\":\"https:\\\/\\\/schweizversand.ch\\\/it\\\/produkt-kategorie\\\/bambini-e-genitori\\\/giocattoli-per-bambini\\\/\"},{\"@type\":\"ListItem\",\"position\":5,\"name\":\"Varie\",\"item\":\"https:\\\/\\\/schweizversand.ch\\\/it\\\/produkt-kategorie\\\/bambini-e-genitori\\\/giocattoli-per-bambini\\\/diverses\\\/\"},{\"@type\":\"ListItem\",\"position\":6,\"name\":\"Kit di conversione Bellelli per carrozzina B Travel in carrozzina da jogging e sport\"}]},{\"@type\":\"WebSite\",\"@id\":\"https:\\\/\\\/schweizversand.ch\\\/it\\\/#website\",\"url\":\"https:\\\/\\\/schweizversand.ch\\\/it\\\/\",\"name\":\"Schweizer Shop f\u00fcr Sport, Spiel und Freizeit\",\"description\":\"Gratisversand ab 50.- (netto), ab eigenem schweizer Lager, Lieferung innert 48h\",\"publisher\":{\"@id\":\"https:\\\/\\\/schweizversand.ch\\\/it\\\/#organization\"},\"alternateName\":\"Schweizversand.ch\",\"potentialAction\":[{\"@type\":\"SearchAction\",\"target\":{\"@type\":\"EntryPoint\",\"urlTemplate\":\"https:\\\/\\\/schweizversand.ch\\\/it\\\/?s={search_term_string}\"},\"query-input\":{\"@type\":\"PropertyValueSpecification\",\"valueRequired\":true,\"valueName\":\"search_term_string\"}}],\"inLanguage\":\"it-IT\"},{\"@type\":\"Organization\",\"@id\":\"https:\\\/\\\/schweizversand.ch\\\/it\\\/#organization\",\"name\":\"Schweizversand.ch\",\"url\":\"https:\\\/\\\/schweizversand.ch\\\/it\\\/\",\"logo\":{\"@type\":\"ImageObject\",\"inLanguage\":\"it-IT\",\"@id\":\"https:\\\/\\\/schweizversand.ch\\\/it\\\/#\\\/schema\\\/logo\\\/image\\\/\",\"url\":\"https:\\\/\\\/schweizversand.ch\\\/wp-content\\\/uploads\\\/2026\\\/03\\\/Logo_Rund_Final-1.png\",\"contentUrl\":\"https:\\\/\\\/schweizversand.ch\\\/wp-content\\\/uploads\\\/2026\\\/03\\\/Logo_Rund_Final-1.png\",\"width\":404,\"height\":404,\"caption\":\"Schweizversand.ch\"},\"image\":{\"@id\":\"https:\\\/\\\/schweizversand.ch\\\/it\\\/#\\\/schema\\\/logo\\\/image\\\/\"},\"sameAs\":[\"https:\\\/\\\/www.facebook.com\\\/Schweizversand\",\"https:\\\/\\\/www.instagram.com\\\/schweizversand.ch\\\/\"]}]}<\/script>\n<!-- \/ Yoast SEO plugin. -->","yoast_head_json":{"title":"Bellelli Umr\u00fcstsatz f\u00fcr Babywagen B Travel zum Jogging- und Sportwagen | Jetzt kaufen | Schweizversand.ch","description":"Bellelli Umr\u00fcstsatz f\u00fcr Babywagen B Travel zum Jogging- und Sportwagen g\u00fcnstig kaufen bei Schweizversand.ch. Schnelle Lieferung in der Schweiz. Gratisversand ab CHF 50.","robots":{"index":"index","follow":"follow","max-snippet":"max-snippet:-1","max-image-preview":"max-image-preview:large","max-video-preview":"max-video-preview:-1"},"canonical":"https:\/\/schweizversand.ch\/it\/produkt\/bellelli-umruestsatz-fuer-babywagen-b-travel-zum-jogging-und-sportwagen\/","og_locale":"it_IT","og_type":"article","og_title":"Bellelli Umr\u00fcstsatz f\u00fcr Babywagen B Travel zum Jogging- und Sportwagen | Jetzt kaufen | Schweizversand.ch","og_description":"Bellelli Umr\u00fcstsatz f\u00fcr Babywagen B Travel zum Jogging- und Sportwagen g\u00fcnstig kaufen bei Schweizversand.ch. Schnelle Lieferung in der Schweiz. Gratisversand ab CHF 50.","og_url":"https:\/\/schweizversand.ch\/it\/produkt\/bellelli-umruestsatz-fuer-babywagen-b-travel-zum-jogging-und-sportwagen\/","og_site_name":"Schweizer Shop f\u00fcr Sport, Spiel und Freizeit","article_publisher":"https:\/\/www.facebook.com\/Schweizversand","article_modified_time":"2026-04-19T00:06:02+00:00","og_image":[{"width":768,"height":1024,"url":"https:\/\/schweizversand.ch\/wp-content\/uploads\/2026\/02\/5472099047.png","type":"image\/png"}],"twitter_card":"summary_large_image","twitter_misc":{"Tempo di lettura stimato":"2 minuto"},"schema":{"@context":"https:\/\/schema.org","@graph":[{"@type":"WebPage","@id":"https:\/\/schweizversand.ch\/it\/produkt\/bellelli-umruestsatz-fuer-babywagen-b-travel-zum-jogging-und-sportwagen\/","url":"https:\/\/schweizversand.ch\/it\/produkt\/bellelli-umruestsatz-fuer-babywagen-b-travel-zum-jogging-und-sportwagen\/","name":"Bellelli Umr\u00fcstsatz f\u00fcr Babywagen B Travel zum Jogging- und Sportwagen | Jetzt kaufen | Schweizversand.ch","isPartOf":{"@id":"https:\/\/schweizversand.ch\/it\/#website"},"primaryImageOfPage":{"@id":"https:\/\/schweizversand.ch\/it\/produkt\/bellelli-umruestsatz-fuer-babywagen-b-travel-zum-jogging-und-sportwagen\/#primaryimage"},"image":{"@id":"https:\/\/schweizversand.ch\/it\/produkt\/bellelli-umruestsatz-fuer-babywagen-b-travel-zum-jogging-und-sportwagen\/#primaryimage"},"thumbnailUrl":"https:\/\/schweizversand.ch\/wp-content\/uploads\/2026\/02\/5472099047.png","datePublished":"2026-03-14T23:28:08+00:00","dateModified":"2026-04-19T00:06:02+00:00","description":"Bellelli Umr\u00fcstsatz f\u00fcr Babywagen B Travel zum Jogging- und Sportwagen g\u00fcnstig kaufen bei Schweizversand.ch. Schnelle Lieferung in der Schweiz. Gratisversand ab CHF 50.","breadcrumb":{"@id":"https:\/\/schweizversand.ch\/it\/produkt\/bellelli-umruestsatz-fuer-babywagen-b-travel-zum-jogging-und-sportwagen\/#breadcrumb"},"inLanguage":"it-IT","potentialAction":[{"@type":"ReadAction","target":["https:\/\/schweizversand.ch\/it\/produkt\/bellelli-umruestsatz-fuer-babywagen-b-travel-zum-jogging-und-sportwagen\/"]}]},{"@type":"ImageObject","inLanguage":"it-IT","@id":"https:\/\/schweizversand.ch\/it\/produkt\/bellelli-umruestsatz-fuer-babywagen-b-travel-zum-jogging-und-sportwagen\/#primaryimage","url":"https:\/\/schweizversand.ch\/wp-content\/uploads\/2026\/02\/5472099047.png","contentUrl":"https:\/\/schweizversand.ch\/wp-content\/uploads\/2026\/02\/5472099047.png","width":768,"height":1024},{"@type":"BreadcrumbList","@id":"https:\/\/schweizversand.ch\/it\/produkt\/bellelli-umruestsatz-fuer-babywagen-b-travel-zum-jogging-und-sportwagen\/#breadcrumb","itemListElement":[{"@type":"ListItem","position":1,"name":"Startseite","item":"https:\/\/schweizversand.ch\/it\/home\/"},{"@type":"ListItem","position":2,"name":"Shop","item":"https:\/\/schweizversand.ch\/it\/shop\/"},{"@type":"ListItem","position":3,"name":"Bambini e genitori","item":"https:\/\/schweizversand.ch\/it\/produkt-kategorie\/bambini-e-genitori\/"},{"@type":"ListItem","position":4,"name":"Giocattoli per bambini","item":"https:\/\/schweizversand.ch\/it\/produkt-kategorie\/bambini-e-genitori\/giocattoli-per-bambini\/"},{"@type":"ListItem","position":5,"name":"Varie","item":"https:\/\/schweizversand.ch\/it\/produkt-kategorie\/bambini-e-genitori\/giocattoli-per-bambini\/diverses\/"},{"@type":"ListItem","position":6,"name":"Kit di conversione Bellelli per carrozzina B Travel in carrozzina da jogging e sport"}]},{"@type":"WebSite","@id":"https:\/\/schweizversand.ch\/it\/#website","url":"https:\/\/schweizversand.ch\/it\/","name":"Schweizer Shop f\u00fcr Sport, Spiel und Freizeit","description":"Gratisversand ab 50.- (netto), ab eigenem schweizer Lager, Lieferung innert 48h","publisher":{"@id":"https:\/\/schweizversand.ch\/it\/#organization"},"alternateName":"Schweizversand.ch","potentialAction":[{"@type":"SearchAction","target":{"@type":"EntryPoint","urlTemplate":"https:\/\/schweizversand.ch\/it\/?s={search_term_string}"},"query-input":{"@type":"PropertyValueSpecification","valueRequired":true,"valueName":"search_term_string"}}],"inLanguage":"it-IT"},{"@type":"Organization","@id":"https:\/\/schweizversand.ch\/it\/#organization","name":"Schweizversand.ch","url":"https:\/\/schweizversand.ch\/it\/","logo":{"@type":"ImageObject","inLanguage":"it-IT","@id":"https:\/\/schweizversand.ch\/it\/#\/schema\/logo\/image\/","url":"https:\/\/schweizversand.ch\/wp-content\/uploads\/2026\/03\/Logo_Rund_Final-1.png","contentUrl":"https:\/\/schweizversand.ch\/wp-content\/uploads\/2026\/03\/Logo_Rund_Final-1.png","width":404,"height":404,"caption":"Schweizversand.ch"},"image":{"@id":"https:\/\/schweizversand.ch\/it\/#\/schema\/logo\/image\/"},"sameAs":["https:\/\/www.facebook.com\/Schweizversand","https:\/\/www.instagram.com\/schweizversand.ch\/"]}]}},"jetpack_sharing_enabled":true,"_links":{"self":[{"href":"https:\/\/schweizversand.ch\/it\/wp-json\/wp\/v2\/product\/255626","targetHints":{"allow":["GET"]}}],"collection":[{"href":"https:\/\/schweizversand.ch\/it\/wp-json\/wp\/v2\/product"}],"about":[{"href":"https:\/\/schweizversand.ch\/it\/wp-json\/wp\/v2\/types\/product"}],"replies":[{"embeddable":true,"href":"https:\/\/schweizversand.ch\/it\/wp-json\/wp\/v2\/comments?post=255626"}],"wp:featuredmedia":[{"embeddable":true,"href":"https:\/\/schweizversand.ch\/it\/wp-json\/wp\/v2\/media\/158457"}],"wp:attachment":[{"href":"https:\/\/schweizversand.ch\/it\/wp-json\/wp\/v2\/media?parent=255626"}],"wp:term":[{"taxonomy":"product_brand","embeddable":true,"href":"https:\/\/schweizversand.ch\/it\/wp-json\/wp\/v2\/product_brand?post=255626"},{"taxonomy":"product_cat","embeddable":true,"href":"https:\/\/schweizversand.ch\/it\/wp-json\/wp\/v2\/product_cat?post=255626"},{"taxonomy":"product_tag","embeddable":true,"href":"https:\/\/schweizversand.ch\/it\/wp-json\/wp\/v2\/product_tag?post=255626"}],"curies":[{"name":"wp","href":"https:\/\/api.w.org\/{rel}","templated":true}]}}