{"id":255627,"date":"2026-03-15T00:28:08","date_gmt":"2026-03-14T23:28:08","guid":{"rendered":"https:\/\/schweizversand.ch\/produkt\/multiprint-kreativkoffer-fuer-kinder\/"},"modified":"2026-04-19T02:06:02","modified_gmt":"2026-04-19T00:06:02","slug":"multiprint-kreativkoffer-fuer-kinder","status":"publish","type":"product","link":"https:\/\/schweizversand.ch\/it\/produkt\/multiprint-kreativkoffer-fuer-kinder\/","title":{"rendered":"Kit creativo Multiprint per bambini"},"content":{"rendered":"<h1><strong>Kit creativo con set di timbri in legno per bambini<\/strong><\/h1>\n<div>Scopri il <strong>Kit creativo con set di timbri in legno<\/strong>: il <strong>set creativo ideale per bambini dai 3 anni in su<\/strong>. Questo set completo dall&#8217;Italia stimola la creativit\u00e0 e le capacit\u00e0 motorie fini del tuo bambino in modo giocoso e sicuro. \u00c8 il regalo perfetto per i piccoli artisti.<\/p>\n<\/div>\n<div><strong>Materiali di alta qualit\u00e0 per un gioco sicuro<\/strong><br \/>Diamo valore alla qualit\u00e0 e alla sicurezza. I cinque timbri inclusi sono realizzati in <strong>legno certificato<\/strong> e lattice naturale, garantendo durata e una sensazione piacevole al tatto. I timbri hanno le dimensioni ideali per le manine dei bambini (4&#215;4 cm) per consentire una timbratura facile e precisa. Il tampone per timbri per bambini atossico \u00e8 riempito con inchiostro blu lavabile, cos\u00ec vestiti e superfici rimangono puliti. Kit creativo completo: il kit creativo per bambini \u00e8 pi\u00f9 di un semplice set di timbri in legno; offre una vasta gamma di materiali per iniziare subito. Oltre ai timbri, include materiali di alta qualit\u00e0 per dipingere e creare, per incoraggiare il tuo bambino a creare storie e disegni. Il design compatto della custodia la rende ideale per la casa o per i viaggi.<\/p>\n<\/div>\n<div><strong>Contenuto e caratteristiche della custodia per timbri<\/strong><br \/>&#8211; Cinque <strong>timbri in legno certificato<\/strong> e lattice naturale (4&#215;4 cm)<br \/>&#8211; Un tampone per timbri con inchiostro blu lavabile e atossico<\/strong><br \/>&#8211; Dieci <strong>matite colorate da timbri<\/strong> in colori vivaci<br \/>&#8211; Due puzzle (in formato adesivo) per un divertimento extra<br \/>&#8211; Un album da disegno per catturare i primi capolavori<\/p>\n<\/div>\n<div><strong>Il tuo vantaggio: sviluppo e divertimento<\/strong><br \/>Con questa <strong>custodia per timbri in legno<\/strong>, promuovi in \u200b\u200bmodo giocoso importanti aree di sviluppo. Timbrare e disegnare migliora la <strong>coordinazione occhio-mano<\/strong> e stimola l&#8217;immaginazione. Poich\u00e9 il set \u00e8 prodotto in Italia, puoi contare sugli standard di qualit\u00e0 europei. La combinazione di timbri e matite colorate permette ai bambini di colorare e personalizzare i propri disegni. Acquista subito questo versatile set di timbri in legno e regala al tuo bambino ore di divertimento creativo e apprendimento.<\/p>\n","protected":false},"excerpt":{"rendered":"<p>Kit creativo con set di timbri in legno per bambini Scopri il Kit creativo con set di timbri in legno: il set creativo ideale per bambini dai 3 anni in su. Questo set completo dall&#8217;Italia stimola la creativit\u00e0 e le capacit\u00e0 motorie fini del tuo bambino in modo giocoso e sicuro. \u00c8 il regalo perfetto per i piccoli artisti. Materiali di alta qualit\u00e0 per un gioco sicuroDiamo valore alla qualit\u00e0 e alla sicurezza. I cinque&hellip;<\/p>\n","protected":false},"featured_media":158460,"comment_status":"open","ping_status":"closed","template":"","meta":[],"product_brand":[],"product_cat":[38537],"product_tag":[],"class_list":{"0":"post-255627","1":"product","2":"type-product","3":"status-publish","4":"has-post-thumbnail","6":"product_cat-malen","7":"product_shipping_class-global_methods","9":"first","10":"instock","11":"taxable","12":"shipping-taxable","13":"purchasable","14":"product-type-simple"},"yoast_head":"<!-- This site is optimized with the Yoast SEO plugin v27.4 - https:\/\/yoast.com\/product\/yoast-seo-wordpress\/ -->\n<title>Multiprint Kreativkoffer f\u00fcr Kinder | Jetzt kaufen | Schweizversand.ch<\/title>\n<meta name=\"description\" content=\"Multiprint Kreativkoffer f\u00fcr Kinder g\u00fcnstig kaufen bei Schweizversand.ch. Schnelle Lieferung in der Schweiz. Gratisversand ab CHF 50.\" \/>\n<meta name=\"robots\" content=\"index, follow, max-snippet:-1, max-image-preview:large, max-video-preview:-1\" \/>\n<link rel=\"canonical\" href=\"https:\/\/schweizversand.ch\/it\/produkt\/multiprint-kreativkoffer-fuer-kinder\/\" \/>\n<meta property=\"og:locale\" content=\"it_IT\" \/>\n<meta property=\"og:type\" content=\"article\" \/>\n<meta property=\"og:title\" content=\"Multiprint Kreativkoffer f\u00fcr Kinder | Jetzt kaufen | Schweizversand.ch\" \/>\n<meta property=\"og:description\" content=\"Multiprint Kreativkoffer f\u00fcr Kinder g\u00fcnstig kaufen bei Schweizversand.ch. Schnelle Lieferung in der Schweiz. Gratisversand ab CHF 50.\" \/>\n<meta property=\"og:url\" content=\"https:\/\/schweizversand.ch\/it\/produkt\/multiprint-kreativkoffer-fuer-kinder\/\" \/>\n<meta property=\"og:site_name\" content=\"Schweizer Shop f\u00fcr Sport, Spiel und Freizeit\" \/>\n<meta property=\"article:publisher\" content=\"https:\/\/www.facebook.com\/Schweizversand\" \/>\n<meta property=\"article:modified_time\" content=\"2026-04-19T00:06:02+00:00\" \/>\n<meta property=\"og:image\" content=\"https:\/\/schweizversand.ch\/wp-content\/uploads\/2026\/02\/5476731348.png\" \/>\n\t<meta property=\"og:image:width\" content=\"768\" \/>\n\t<meta property=\"og:image:height\" content=\"1024\" \/>\n\t<meta property=\"og:image:type\" content=\"image\/png\" \/>\n<meta name=\"twitter:card\" content=\"summary_large_image\" \/>\n<meta name=\"twitter:label1\" content=\"Tempo di lettura stimato\" \/>\n\t<meta name=\"twitter:data1\" content=\"2 minuto\" \/>\n<script type=\"application\/ld+json\" class=\"yoast-schema-graph\">{\"@context\":\"https:\\\/\\\/schema.org\",\"@graph\":[{\"@type\":\"WebPage\",\"@id\":\"https:\\\/\\\/schweizversand.ch\\\/it\\\/produkt\\\/multiprint-kreativkoffer-fuer-kinder\\\/\",\"url\":\"https:\\\/\\\/schweizversand.ch\\\/it\\\/produkt\\\/multiprint-kreativkoffer-fuer-kinder\\\/\",\"name\":\"Multiprint Kreativkoffer f\u00fcr Kinder | Jetzt kaufen | Schweizversand.ch\",\"isPartOf\":{\"@id\":\"https:\\\/\\\/schweizversand.ch\\\/it\\\/#website\"},\"primaryImageOfPage\":{\"@id\":\"https:\\\/\\\/schweizversand.ch\\\/it\\\/produkt\\\/multiprint-kreativkoffer-fuer-kinder\\\/#primaryimage\"},\"image\":{\"@id\":\"https:\\\/\\\/schweizversand.ch\\\/it\\\/produkt\\\/multiprint-kreativkoffer-fuer-kinder\\\/#primaryimage\"},\"thumbnailUrl\":\"https:\\\/\\\/schweizversand.ch\\\/wp-content\\\/uploads\\\/2026\\\/02\\\/5476731348.png\",\"datePublished\":\"2026-03-14T23:28:08+00:00\",\"dateModified\":\"2026-04-19T00:06:02+00:00\",\"description\":\"Multiprint Kreativkoffer f\u00fcr Kinder g\u00fcnstig kaufen bei Schweizversand.ch. Schnelle Lieferung in der Schweiz. Gratisversand ab CHF 50.\",\"breadcrumb\":{\"@id\":\"https:\\\/\\\/schweizversand.ch\\\/it\\\/produkt\\\/multiprint-kreativkoffer-fuer-kinder\\\/#breadcrumb\"},\"inLanguage\":\"it-IT\",\"potentialAction\":[{\"@type\":\"ReadAction\",\"target\":[\"https:\\\/\\\/schweizversand.ch\\\/it\\\/produkt\\\/multiprint-kreativkoffer-fuer-kinder\\\/\"]}]},{\"@type\":\"ImageObject\",\"inLanguage\":\"it-IT\",\"@id\":\"https:\\\/\\\/schweizversand.ch\\\/it\\\/produkt\\\/multiprint-kreativkoffer-fuer-kinder\\\/#primaryimage\",\"url\":\"https:\\\/\\\/schweizversand.ch\\\/wp-content\\\/uploads\\\/2026\\\/02\\\/5476731348.png\",\"contentUrl\":\"https:\\\/\\\/schweizversand.ch\\\/wp-content\\\/uploads\\\/2026\\\/02\\\/5476731348.png\",\"width\":768,\"height\":1024},{\"@type\":\"BreadcrumbList\",\"@id\":\"https:\\\/\\\/schweizversand.ch\\\/it\\\/produkt\\\/multiprint-kreativkoffer-fuer-kinder\\\/#breadcrumb\",\"itemListElement\":[{\"@type\":\"ListItem\",\"position\":1,\"name\":\"Startseite\",\"item\":\"https:\\\/\\\/schweizversand.ch\\\/it\\\/home\\\/\"},{\"@type\":\"ListItem\",\"position\":2,\"name\":\"Shop\",\"item\":\"https:\\\/\\\/schweizversand.ch\\\/it\\\/shop\\\/\"},{\"@type\":\"ListItem\",\"position\":3,\"name\":\"Giocattoli e giochi\",\"item\":\"https:\\\/\\\/schweizversand.ch\\\/it\\\/produkt-kategorie\\\/giocattoli-e-giochi\\\/\"},{\"@type\":\"ListItem\",\"position\":4,\"name\":\"Arti e mestieri\",\"item\":\"https:\\\/\\\/schweizversand.ch\\\/it\\\/produkt-kategorie\\\/giocattoli-e-giochi\\\/arti-e-mestieri\\\/\"},{\"@type\":\"ListItem\",\"position\":5,\"name\":\"Pittura\",\"item\":\"https:\\\/\\\/schweizversand.ch\\\/en\\\/produkt-kategorie\\\/malen\\\/\"},{\"@type\":\"ListItem\",\"position\":6,\"name\":\"Kit creativo Multiprint per bambini\"}]},{\"@type\":\"WebSite\",\"@id\":\"https:\\\/\\\/schweizversand.ch\\\/it\\\/#website\",\"url\":\"https:\\\/\\\/schweizversand.ch\\\/it\\\/\",\"name\":\"Schweizer Shop f\u00fcr Sport, Spiel und Freizeit\",\"description\":\"Gratisversand ab 50.- (netto), ab eigenem schweizer Lager, Lieferung innert 48h\",\"publisher\":{\"@id\":\"https:\\\/\\\/schweizversand.ch\\\/it\\\/#organization\"},\"alternateName\":\"Schweizversand.ch\",\"potentialAction\":[{\"@type\":\"SearchAction\",\"target\":{\"@type\":\"EntryPoint\",\"urlTemplate\":\"https:\\\/\\\/schweizversand.ch\\\/it\\\/?s={search_term_string}\"},\"query-input\":{\"@type\":\"PropertyValueSpecification\",\"valueRequired\":true,\"valueName\":\"search_term_string\"}}],\"inLanguage\":\"it-IT\"},{\"@type\":\"Organization\",\"@id\":\"https:\\\/\\\/schweizversand.ch\\\/it\\\/#organization\",\"name\":\"Schweizversand.ch\",\"url\":\"https:\\\/\\\/schweizversand.ch\\\/it\\\/\",\"logo\":{\"@type\":\"ImageObject\",\"inLanguage\":\"it-IT\",\"@id\":\"https:\\\/\\\/schweizversand.ch\\\/it\\\/#\\\/schema\\\/logo\\\/image\\\/\",\"url\":\"https:\\\/\\\/schweizversand.ch\\\/wp-content\\\/uploads\\\/2026\\\/03\\\/Logo_Rund_Final-1.png\",\"contentUrl\":\"https:\\\/\\\/schweizversand.ch\\\/wp-content\\\/uploads\\\/2026\\\/03\\\/Logo_Rund_Final-1.png\",\"width\":404,\"height\":404,\"caption\":\"Schweizversand.ch\"},\"image\":{\"@id\":\"https:\\\/\\\/schweizversand.ch\\\/it\\\/#\\\/schema\\\/logo\\\/image\\\/\"},\"sameAs\":[\"https:\\\/\\\/www.facebook.com\\\/Schweizversand\",\"https:\\\/\\\/www.instagram.com\\\/schweizversand.ch\\\/\"]}]}<\/script>\n<!-- \/ Yoast SEO plugin. -->","yoast_head_json":{"title":"Multiprint Kreativkoffer f\u00fcr Kinder | Jetzt kaufen | Schweizversand.ch","description":"Multiprint Kreativkoffer f\u00fcr Kinder g\u00fcnstig kaufen bei Schweizversand.ch. Schnelle Lieferung in der Schweiz. Gratisversand ab CHF 50.","robots":{"index":"index","follow":"follow","max-snippet":"max-snippet:-1","max-image-preview":"max-image-preview:large","max-video-preview":"max-video-preview:-1"},"canonical":"https:\/\/schweizversand.ch\/it\/produkt\/multiprint-kreativkoffer-fuer-kinder\/","og_locale":"it_IT","og_type":"article","og_title":"Multiprint Kreativkoffer f\u00fcr Kinder | Jetzt kaufen | Schweizversand.ch","og_description":"Multiprint Kreativkoffer f\u00fcr Kinder g\u00fcnstig kaufen bei Schweizversand.ch. Schnelle Lieferung in der Schweiz. Gratisversand ab CHF 50.","og_url":"https:\/\/schweizversand.ch\/it\/produkt\/multiprint-kreativkoffer-fuer-kinder\/","og_site_name":"Schweizer Shop f\u00fcr Sport, Spiel und Freizeit","article_publisher":"https:\/\/www.facebook.com\/Schweizversand","article_modified_time":"2026-04-19T00:06:02+00:00","og_image":[{"width":768,"height":1024,"url":"https:\/\/schweizversand.ch\/wp-content\/uploads\/2026\/02\/5476731348.png","type":"image\/png"}],"twitter_card":"summary_large_image","twitter_misc":{"Tempo di lettura stimato":"2 minuto"},"schema":{"@context":"https:\/\/schema.org","@graph":[{"@type":"WebPage","@id":"https:\/\/schweizversand.ch\/it\/produkt\/multiprint-kreativkoffer-fuer-kinder\/","url":"https:\/\/schweizversand.ch\/it\/produkt\/multiprint-kreativkoffer-fuer-kinder\/","name":"Multiprint Kreativkoffer f\u00fcr Kinder | Jetzt kaufen | Schweizversand.ch","isPartOf":{"@id":"https:\/\/schweizversand.ch\/it\/#website"},"primaryImageOfPage":{"@id":"https:\/\/schweizversand.ch\/it\/produkt\/multiprint-kreativkoffer-fuer-kinder\/#primaryimage"},"image":{"@id":"https:\/\/schweizversand.ch\/it\/produkt\/multiprint-kreativkoffer-fuer-kinder\/#primaryimage"},"thumbnailUrl":"https:\/\/schweizversand.ch\/wp-content\/uploads\/2026\/02\/5476731348.png","datePublished":"2026-03-14T23:28:08+00:00","dateModified":"2026-04-19T00:06:02+00:00","description":"Multiprint Kreativkoffer f\u00fcr Kinder g\u00fcnstig kaufen bei Schweizversand.ch. Schnelle Lieferung in der Schweiz. Gratisversand ab CHF 50.","breadcrumb":{"@id":"https:\/\/schweizversand.ch\/it\/produkt\/multiprint-kreativkoffer-fuer-kinder\/#breadcrumb"},"inLanguage":"it-IT","potentialAction":[{"@type":"ReadAction","target":["https:\/\/schweizversand.ch\/it\/produkt\/multiprint-kreativkoffer-fuer-kinder\/"]}]},{"@type":"ImageObject","inLanguage":"it-IT","@id":"https:\/\/schweizversand.ch\/it\/produkt\/multiprint-kreativkoffer-fuer-kinder\/#primaryimage","url":"https:\/\/schweizversand.ch\/wp-content\/uploads\/2026\/02\/5476731348.png","contentUrl":"https:\/\/schweizversand.ch\/wp-content\/uploads\/2026\/02\/5476731348.png","width":768,"height":1024},{"@type":"BreadcrumbList","@id":"https:\/\/schweizversand.ch\/it\/produkt\/multiprint-kreativkoffer-fuer-kinder\/#breadcrumb","itemListElement":[{"@type":"ListItem","position":1,"name":"Startseite","item":"https:\/\/schweizversand.ch\/it\/home\/"},{"@type":"ListItem","position":2,"name":"Shop","item":"https:\/\/schweizversand.ch\/it\/shop\/"},{"@type":"ListItem","position":3,"name":"Giocattoli e giochi","item":"https:\/\/schweizversand.ch\/it\/produkt-kategorie\/giocattoli-e-giochi\/"},{"@type":"ListItem","position":4,"name":"Arti e mestieri","item":"https:\/\/schweizversand.ch\/it\/produkt-kategorie\/giocattoli-e-giochi\/arti-e-mestieri\/"},{"@type":"ListItem","position":5,"name":"Pittura","item":"https:\/\/schweizversand.ch\/en\/produkt-kategorie\/malen\/"},{"@type":"ListItem","position":6,"name":"Kit creativo Multiprint per bambini"}]},{"@type":"WebSite","@id":"https:\/\/schweizversand.ch\/it\/#website","url":"https:\/\/schweizversand.ch\/it\/","name":"Schweizer Shop f\u00fcr Sport, Spiel und Freizeit","description":"Gratisversand ab 50.- (netto), ab eigenem schweizer Lager, Lieferung innert 48h","publisher":{"@id":"https:\/\/schweizversand.ch\/it\/#organization"},"alternateName":"Schweizversand.ch","potentialAction":[{"@type":"SearchAction","target":{"@type":"EntryPoint","urlTemplate":"https:\/\/schweizversand.ch\/it\/?s={search_term_string}"},"query-input":{"@type":"PropertyValueSpecification","valueRequired":true,"valueName":"search_term_string"}}],"inLanguage":"it-IT"},{"@type":"Organization","@id":"https:\/\/schweizversand.ch\/it\/#organization","name":"Schweizversand.ch","url":"https:\/\/schweizversand.ch\/it\/","logo":{"@type":"ImageObject","inLanguage":"it-IT","@id":"https:\/\/schweizversand.ch\/it\/#\/schema\/logo\/image\/","url":"https:\/\/schweizversand.ch\/wp-content\/uploads\/2026\/03\/Logo_Rund_Final-1.png","contentUrl":"https:\/\/schweizversand.ch\/wp-content\/uploads\/2026\/03\/Logo_Rund_Final-1.png","width":404,"height":404,"caption":"Schweizversand.ch"},"image":{"@id":"https:\/\/schweizversand.ch\/it\/#\/schema\/logo\/image\/"},"sameAs":["https:\/\/www.facebook.com\/Schweizversand","https:\/\/www.instagram.com\/schweizversand.ch\/"]}]}},"jetpack_sharing_enabled":true,"_links":{"self":[{"href":"https:\/\/schweizversand.ch\/it\/wp-json\/wp\/v2\/product\/255627","targetHints":{"allow":["GET"]}}],"collection":[{"href":"https:\/\/schweizversand.ch\/it\/wp-json\/wp\/v2\/product"}],"about":[{"href":"https:\/\/schweizversand.ch\/it\/wp-json\/wp\/v2\/types\/product"}],"replies":[{"embeddable":true,"href":"https:\/\/schweizversand.ch\/it\/wp-json\/wp\/v2\/comments?post=255627"}],"wp:featuredmedia":[{"embeddable":true,"href":"https:\/\/schweizversand.ch\/it\/wp-json\/wp\/v2\/media\/158460"}],"wp:attachment":[{"href":"https:\/\/schweizversand.ch\/it\/wp-json\/wp\/v2\/media?parent=255627"}],"wp:term":[{"taxonomy":"product_brand","embeddable":true,"href":"https:\/\/schweizversand.ch\/it\/wp-json\/wp\/v2\/product_brand?post=255627"},{"taxonomy":"product_cat","embeddable":true,"href":"https:\/\/schweizversand.ch\/it\/wp-json\/wp\/v2\/product_cat?post=255627"},{"taxonomy":"product_tag","embeddable":true,"href":"https:\/\/schweizversand.ch\/it\/wp-json\/wp\/v2\/product_tag?post=255627"}],"curies":[{"name":"wp","href":"https:\/\/api.w.org\/{rel}","templated":true}]}}