{"id":255756,"date":"2026-03-15T00:28:51","date_gmt":"2026-03-14T23:28:51","guid":{"rendered":"https:\/\/schweizversand.ch\/produkt\/brilite-gluehbirne-led-smd-b35-kerze\/"},"modified":"2026-04-19T02:06:55","modified_gmt":"2026-04-19T00:06:55","slug":"brilite-gluehbirne-led-smd-b35-kerze","status":"publish","type":"product","link":"https:\/\/schweizversand.ch\/it\/produkt\/brilite-gluehbirne-led-smd-b35-kerze\/","title":{"rendered":"Lampadina a candela Brilite LED SMD B35"},"content":{"rendered":"<h1><strong>Lampadina a candela LED Brilite B35 E14, 5,5 W, bianco caldo<\/strong><\/h1>\n<div>Cerchi una soluzione di illuminazione a risparmio energetico e di lunga durata? Questa moderna lampadina a candela combina il classico design delle lampadine a candela con la tecnologia LED avanzata ed \u00e8 la scelta ideale per illuminare i tuoi ambienti in modo luminoso e accogliente. Risparmia sui costi dell&#8217;elettricit\u00e0 senza rinunciare alla luminosit\u00e0.<\/p>\n<\/div>\n<div><strong>Prestazioni ed efficienza impressionanti<\/strong><br \/>Con un consumo energetico di soli <strong>5,5 W LED E14<\/strong>, questa lampadina a candela <strong>Brilite B35<\/strong> sostituisce senza problemi le tradizionali lampadine a incandescenza a LED da 40 W. Fornisce 470 lumen luminosi istantanei, rendendola perfetta per soggiorni, uffici o illuminazione decorativa. Beneficia di una significativa riduzione del consumo energetico.<\/p>\n<\/div>\n<div><strong>Piacevole bianco caldo<\/strong><br \/>La <strong>lampada a candela a LED<\/strong> fornisce una luce LED bianca calda e accogliente che crea un&#8217;atmosfera naturale e rilassante. Questa lampada \u00e8 ideale per soggiorni, camere da letto o corridoi dove l&#8217;intimit\u00e0 \u00e8 fondamentale. La temperatura del colore garantisce una piacevole esperienza visiva senza abbagliamenti.<\/p>\n<\/div>\n<div><strong>Resistenza e affidabilit\u00e0<\/strong><br \/>Grazie all&#8217;alta qualit\u00e0 dei componenti utilizzati, questa lampada richiede pochissima manutenzione. La loro durata eccezionalmente lunga e l&#8217;elevato numero di cicli di accensione garantiscono che non sar\u00e0 necessario sostituire queste lampadine per molti anni: un investimento che si ripaga nel lungo periodo.<\/p>\n<\/div>\n<div><strong>Dettagli tecnici in sintesi<\/strong><br \/>&#8211; Attacco: E14<br \/>&#8211; Potenza: 5,5 W (equivalente a 40 W standard)<br \/>&#8211; Luminosit\u00e0: 470 lumen<br \/>&#8211; Voltaggio: 220\u2013240 V \/ 50 Hz<br \/>&#8211; Consumo di corrente: 45 mA<br \/>&#8211; Temperatura colore: Bianco caldo<br \/>&#8211; Durata: fino a 25 anni \/ 100.000 cicli di accensione<br \/>&#8211; Dimensioni: 35 \u00d7 100 mm<br \/>&#8211; Non dimmerabile<\/p>\n<\/div>\n<div>Scegli questa <strong>lampadina LED E14<\/strong> per una soluzione di illuminazione affidabile, efficiente dal punto di vista energetico e di lunga durata, pronta all&#8217;uso immediatamente e illuminer\u00e0 i tuoi ambienti con una luce calda.<\/p>\n<\/div>\n<div><\/div>\n","protected":false},"excerpt":{"rendered":"<p>Lampadina a candela LED Brilite B35 E14, 5,5 W, bianco caldo Cerchi una soluzione di illuminazione a risparmio energetico e di lunga durata? Questa moderna lampadina a candela combina il classico design delle lampadine a candela con la tecnologia LED avanzata ed \u00e8 la scelta ideale per illuminare i tuoi ambienti in modo luminoso e accogliente. Risparmia sui costi dell&#8217;elettricit\u00e0 senza rinunciare alla luminosit\u00e0. Prestazioni ed efficienza impressionantiCon un consumo energetico di soli 5,5 W&hellip;<\/p>\n","protected":false},"featured_media":163786,"comment_status":"open","ping_status":"closed","template":"","meta":[],"product_brand":[],"product_cat":[38401],"product_tag":[],"class_list":{"0":"post-255756","1":"product","2":"type-product","3":"status-publish","4":"has-post-thumbnail","6":"product_cat-leuchtmittel-leuchten","7":"product_shipping_class-global_methods","9":"first","10":"instock","11":"taxable","12":"shipping-taxable","13":"purchasable","14":"product-type-simple"},"yoast_head":"<!-- This site is optimized with the Yoast SEO plugin v27.4 - https:\/\/yoast.com\/product\/yoast-seo-wordpress\/ -->\n<title>Brilite Gl\u00fchbirne LED SMD B35 Kerze | Jetzt kaufen | Schweizversand.ch<\/title>\n<meta name=\"description\" content=\"Brilite Gl\u00fchbirne LED SMD B35 Kerze g\u00fcnstig kaufen bei Schweizversand.ch. Schnelle Lieferung in der Schweiz. Gratisversand ab CHF 50.\" \/>\n<meta name=\"robots\" content=\"index, follow, max-snippet:-1, max-image-preview:large, max-video-preview:-1\" \/>\n<link rel=\"canonical\" href=\"https:\/\/schweizversand.ch\/it\/produkt\/brilite-gluehbirne-led-smd-b35-kerze\/\" \/>\n<meta property=\"og:locale\" content=\"it_IT\" \/>\n<meta property=\"og:type\" content=\"article\" \/>\n<meta property=\"og:title\" content=\"Brilite Gl\u00fchbirne LED SMD B35 Kerze | Jetzt kaufen | Schweizversand.ch\" \/>\n<meta property=\"og:description\" content=\"Brilite Gl\u00fchbirne LED SMD B35 Kerze g\u00fcnstig kaufen bei Schweizversand.ch. Schnelle Lieferung in der Schweiz. Gratisversand ab CHF 50.\" \/>\n<meta property=\"og:url\" content=\"https:\/\/schweizversand.ch\/it\/produkt\/brilite-gluehbirne-led-smd-b35-kerze\/\" \/>\n<meta property=\"og:site_name\" content=\"Schweizer Shop f\u00fcr Sport, Spiel und Freizeit\" \/>\n<meta property=\"article:publisher\" content=\"https:\/\/www.facebook.com\/Schweizversand\" \/>\n<meta property=\"article:modified_time\" content=\"2026-04-19T00:06:55+00:00\" \/>\n<meta property=\"og:image\" content=\"https:\/\/schweizversand.ch\/wp-content\/uploads\/2026\/02\/5471535026.jpg\" \/>\n\t<meta property=\"og:image:width\" content=\"1024\" \/>\n\t<meta property=\"og:image:height\" content=\"683\" \/>\n\t<meta property=\"og:image:type\" content=\"image\/jpeg\" \/>\n<meta name=\"twitter:card\" content=\"summary_large_image\" \/>\n<meta name=\"twitter:label1\" content=\"Tempo di lettura stimato\" \/>\n\t<meta name=\"twitter:data1\" content=\"1 minuto\" \/>\n<script type=\"application\/ld+json\" class=\"yoast-schema-graph\">{\"@context\":\"https:\\\/\\\/schema.org\",\"@graph\":[{\"@type\":\"WebPage\",\"@id\":\"https:\\\/\\\/schweizversand.ch\\\/it\\\/produkt\\\/brilite-gluehbirne-led-smd-b35-kerze\\\/\",\"url\":\"https:\\\/\\\/schweizversand.ch\\\/it\\\/produkt\\\/brilite-gluehbirne-led-smd-b35-kerze\\\/\",\"name\":\"Brilite Gl\u00fchbirne LED SMD B35 Kerze | Jetzt kaufen | Schweizversand.ch\",\"isPartOf\":{\"@id\":\"https:\\\/\\\/schweizversand.ch\\\/it\\\/#website\"},\"primaryImageOfPage\":{\"@id\":\"https:\\\/\\\/schweizversand.ch\\\/it\\\/produkt\\\/brilite-gluehbirne-led-smd-b35-kerze\\\/#primaryimage\"},\"image\":{\"@id\":\"https:\\\/\\\/schweizversand.ch\\\/it\\\/produkt\\\/brilite-gluehbirne-led-smd-b35-kerze\\\/#primaryimage\"},\"thumbnailUrl\":\"https:\\\/\\\/schweizversand.ch\\\/wp-content\\\/uploads\\\/2026\\\/02\\\/5471535026.jpg\",\"datePublished\":\"2026-03-14T23:28:51+00:00\",\"dateModified\":\"2026-04-19T00:06:55+00:00\",\"description\":\"Brilite Gl\u00fchbirne LED SMD B35 Kerze g\u00fcnstig kaufen bei Schweizversand.ch. Schnelle Lieferung in der Schweiz. Gratisversand ab CHF 50.\",\"breadcrumb\":{\"@id\":\"https:\\\/\\\/schweizversand.ch\\\/it\\\/produkt\\\/brilite-gluehbirne-led-smd-b35-kerze\\\/#breadcrumb\"},\"inLanguage\":\"it-IT\",\"potentialAction\":[{\"@type\":\"ReadAction\",\"target\":[\"https:\\\/\\\/schweizversand.ch\\\/it\\\/produkt\\\/brilite-gluehbirne-led-smd-b35-kerze\\\/\"]}]},{\"@type\":\"ImageObject\",\"inLanguage\":\"it-IT\",\"@id\":\"https:\\\/\\\/schweizversand.ch\\\/it\\\/produkt\\\/brilite-gluehbirne-led-smd-b35-kerze\\\/#primaryimage\",\"url\":\"https:\\\/\\\/schweizversand.ch\\\/wp-content\\\/uploads\\\/2026\\\/02\\\/5471535026.jpg\",\"contentUrl\":\"https:\\\/\\\/schweizversand.ch\\\/wp-content\\\/uploads\\\/2026\\\/02\\\/5471535026.jpg\",\"width\":1024,\"height\":683},{\"@type\":\"BreadcrumbList\",\"@id\":\"https:\\\/\\\/schweizversand.ch\\\/it\\\/produkt\\\/brilite-gluehbirne-led-smd-b35-kerze\\\/#breadcrumb\",\"itemListElement\":[{\"@type\":\"ListItem\",\"position\":1,\"name\":\"Startseite\",\"item\":\"https:\\\/\\\/schweizversand.ch\\\/it\\\/home\\\/\"},{\"@type\":\"ListItem\",\"position\":2,\"name\":\"Shop\",\"item\":\"https:\\\/\\\/schweizversand.ch\\\/it\\\/shop\\\/\"},{\"@type\":\"ListItem\",\"position\":3,\"name\":\"Home\",\"item\":\"https:\\\/\\\/schweizversand.ch\\\/it\\\/produkt-kategorie\\\/home\\\/\"},{\"@type\":\"ListItem\",\"position\":4,\"name\":\"Lampade e illuminazione\",\"item\":\"https:\\\/\\\/schweizversand.ch\\\/it\\\/produkt-kategorie\\\/home\\\/lampade-e-illuminazione\\\/\"},{\"@type\":\"ListItem\",\"position\":5,\"name\":\"Lampadine e illuminazione\",\"item\":\"https:\\\/\\\/schweizversand.ch\\\/it\\\/produkt-kategorie\\\/home\\\/lampade-e-illuminazione\\\/leuchtmittel-leuchten\\\/\"},{\"@type\":\"ListItem\",\"position\":6,\"name\":\"Lampadina a candela Brilite LED SMD B35\"}]},{\"@type\":\"WebSite\",\"@id\":\"https:\\\/\\\/schweizversand.ch\\\/it\\\/#website\",\"url\":\"https:\\\/\\\/schweizversand.ch\\\/it\\\/\",\"name\":\"Schweizer Shop f\u00fcr Sport, Spiel und Freizeit\",\"description\":\"Gratisversand ab 50.- (netto), ab eigenem schweizer Lager, Lieferung innert 48h\",\"publisher\":{\"@id\":\"https:\\\/\\\/schweizversand.ch\\\/it\\\/#organization\"},\"alternateName\":\"Schweizversand.ch\",\"potentialAction\":[{\"@type\":\"SearchAction\",\"target\":{\"@type\":\"EntryPoint\",\"urlTemplate\":\"https:\\\/\\\/schweizversand.ch\\\/it\\\/?s={search_term_string}\"},\"query-input\":{\"@type\":\"PropertyValueSpecification\",\"valueRequired\":true,\"valueName\":\"search_term_string\"}}],\"inLanguage\":\"it-IT\"},{\"@type\":\"Organization\",\"@id\":\"https:\\\/\\\/schweizversand.ch\\\/it\\\/#organization\",\"name\":\"Schweizversand.ch\",\"url\":\"https:\\\/\\\/schweizversand.ch\\\/it\\\/\",\"logo\":{\"@type\":\"ImageObject\",\"inLanguage\":\"it-IT\",\"@id\":\"https:\\\/\\\/schweizversand.ch\\\/it\\\/#\\\/schema\\\/logo\\\/image\\\/\",\"url\":\"https:\\\/\\\/schweizversand.ch\\\/wp-content\\\/uploads\\\/2026\\\/03\\\/Logo_Rund_Final-1.png\",\"contentUrl\":\"https:\\\/\\\/schweizversand.ch\\\/wp-content\\\/uploads\\\/2026\\\/03\\\/Logo_Rund_Final-1.png\",\"width\":404,\"height\":404,\"caption\":\"Schweizversand.ch\"},\"image\":{\"@id\":\"https:\\\/\\\/schweizversand.ch\\\/it\\\/#\\\/schema\\\/logo\\\/image\\\/\"},\"sameAs\":[\"https:\\\/\\\/www.facebook.com\\\/Schweizversand\",\"https:\\\/\\\/www.instagram.com\\\/schweizversand.ch\\\/\"]}]}<\/script>\n<!-- \/ Yoast SEO plugin. -->","yoast_head_json":{"title":"Brilite Gl\u00fchbirne LED SMD B35 Kerze | Jetzt kaufen | Schweizversand.ch","description":"Brilite Gl\u00fchbirne LED SMD B35 Kerze g\u00fcnstig kaufen bei Schweizversand.ch. Schnelle Lieferung in der Schweiz. Gratisversand ab CHF 50.","robots":{"index":"index","follow":"follow","max-snippet":"max-snippet:-1","max-image-preview":"max-image-preview:large","max-video-preview":"max-video-preview:-1"},"canonical":"https:\/\/schweizversand.ch\/it\/produkt\/brilite-gluehbirne-led-smd-b35-kerze\/","og_locale":"it_IT","og_type":"article","og_title":"Brilite Gl\u00fchbirne LED SMD B35 Kerze | Jetzt kaufen | Schweizversand.ch","og_description":"Brilite Gl\u00fchbirne LED SMD B35 Kerze g\u00fcnstig kaufen bei Schweizversand.ch. Schnelle Lieferung in der Schweiz. Gratisversand ab CHF 50.","og_url":"https:\/\/schweizversand.ch\/it\/produkt\/brilite-gluehbirne-led-smd-b35-kerze\/","og_site_name":"Schweizer Shop f\u00fcr Sport, Spiel und Freizeit","article_publisher":"https:\/\/www.facebook.com\/Schweizversand","article_modified_time":"2026-04-19T00:06:55+00:00","og_image":[{"width":1024,"height":683,"url":"https:\/\/schweizversand.ch\/wp-content\/uploads\/2026\/02\/5471535026.jpg","type":"image\/jpeg"}],"twitter_card":"summary_large_image","twitter_misc":{"Tempo di lettura stimato":"1 minuto"},"schema":{"@context":"https:\/\/schema.org","@graph":[{"@type":"WebPage","@id":"https:\/\/schweizversand.ch\/it\/produkt\/brilite-gluehbirne-led-smd-b35-kerze\/","url":"https:\/\/schweizversand.ch\/it\/produkt\/brilite-gluehbirne-led-smd-b35-kerze\/","name":"Brilite Gl\u00fchbirne LED SMD B35 Kerze | Jetzt kaufen | Schweizversand.ch","isPartOf":{"@id":"https:\/\/schweizversand.ch\/it\/#website"},"primaryImageOfPage":{"@id":"https:\/\/schweizversand.ch\/it\/produkt\/brilite-gluehbirne-led-smd-b35-kerze\/#primaryimage"},"image":{"@id":"https:\/\/schweizversand.ch\/it\/produkt\/brilite-gluehbirne-led-smd-b35-kerze\/#primaryimage"},"thumbnailUrl":"https:\/\/schweizversand.ch\/wp-content\/uploads\/2026\/02\/5471535026.jpg","datePublished":"2026-03-14T23:28:51+00:00","dateModified":"2026-04-19T00:06:55+00:00","description":"Brilite Gl\u00fchbirne LED SMD B35 Kerze g\u00fcnstig kaufen bei Schweizversand.ch. Schnelle Lieferung in der Schweiz. Gratisversand ab CHF 50.","breadcrumb":{"@id":"https:\/\/schweizversand.ch\/it\/produkt\/brilite-gluehbirne-led-smd-b35-kerze\/#breadcrumb"},"inLanguage":"it-IT","potentialAction":[{"@type":"ReadAction","target":["https:\/\/schweizversand.ch\/it\/produkt\/brilite-gluehbirne-led-smd-b35-kerze\/"]}]},{"@type":"ImageObject","inLanguage":"it-IT","@id":"https:\/\/schweizversand.ch\/it\/produkt\/brilite-gluehbirne-led-smd-b35-kerze\/#primaryimage","url":"https:\/\/schweizversand.ch\/wp-content\/uploads\/2026\/02\/5471535026.jpg","contentUrl":"https:\/\/schweizversand.ch\/wp-content\/uploads\/2026\/02\/5471535026.jpg","width":1024,"height":683},{"@type":"BreadcrumbList","@id":"https:\/\/schweizversand.ch\/it\/produkt\/brilite-gluehbirne-led-smd-b35-kerze\/#breadcrumb","itemListElement":[{"@type":"ListItem","position":1,"name":"Startseite","item":"https:\/\/schweizversand.ch\/it\/home\/"},{"@type":"ListItem","position":2,"name":"Shop","item":"https:\/\/schweizversand.ch\/it\/shop\/"},{"@type":"ListItem","position":3,"name":"Home","item":"https:\/\/schweizversand.ch\/it\/produkt-kategorie\/home\/"},{"@type":"ListItem","position":4,"name":"Lampade e illuminazione","item":"https:\/\/schweizversand.ch\/it\/produkt-kategorie\/home\/lampade-e-illuminazione\/"},{"@type":"ListItem","position":5,"name":"Lampadine e illuminazione","item":"https:\/\/schweizversand.ch\/it\/produkt-kategorie\/home\/lampade-e-illuminazione\/leuchtmittel-leuchten\/"},{"@type":"ListItem","position":6,"name":"Lampadina a candela Brilite LED SMD B35"}]},{"@type":"WebSite","@id":"https:\/\/schweizversand.ch\/it\/#website","url":"https:\/\/schweizversand.ch\/it\/","name":"Schweizer Shop f\u00fcr Sport, Spiel und Freizeit","description":"Gratisversand ab 50.- (netto), ab eigenem schweizer Lager, Lieferung innert 48h","publisher":{"@id":"https:\/\/schweizversand.ch\/it\/#organization"},"alternateName":"Schweizversand.ch","potentialAction":[{"@type":"SearchAction","target":{"@type":"EntryPoint","urlTemplate":"https:\/\/schweizversand.ch\/it\/?s={search_term_string}"},"query-input":{"@type":"PropertyValueSpecification","valueRequired":true,"valueName":"search_term_string"}}],"inLanguage":"it-IT"},{"@type":"Organization","@id":"https:\/\/schweizversand.ch\/it\/#organization","name":"Schweizversand.ch","url":"https:\/\/schweizversand.ch\/it\/","logo":{"@type":"ImageObject","inLanguage":"it-IT","@id":"https:\/\/schweizversand.ch\/it\/#\/schema\/logo\/image\/","url":"https:\/\/schweizversand.ch\/wp-content\/uploads\/2026\/03\/Logo_Rund_Final-1.png","contentUrl":"https:\/\/schweizversand.ch\/wp-content\/uploads\/2026\/03\/Logo_Rund_Final-1.png","width":404,"height":404,"caption":"Schweizversand.ch"},"image":{"@id":"https:\/\/schweizversand.ch\/it\/#\/schema\/logo\/image\/"},"sameAs":["https:\/\/www.facebook.com\/Schweizversand","https:\/\/www.instagram.com\/schweizversand.ch\/"]}]}},"jetpack_sharing_enabled":true,"_links":{"self":[{"href":"https:\/\/schweizversand.ch\/it\/wp-json\/wp\/v2\/product\/255756","targetHints":{"allow":["GET"]}}],"collection":[{"href":"https:\/\/schweizversand.ch\/it\/wp-json\/wp\/v2\/product"}],"about":[{"href":"https:\/\/schweizversand.ch\/it\/wp-json\/wp\/v2\/types\/product"}],"replies":[{"embeddable":true,"href":"https:\/\/schweizversand.ch\/it\/wp-json\/wp\/v2\/comments?post=255756"}],"wp:featuredmedia":[{"embeddable":true,"href":"https:\/\/schweizversand.ch\/it\/wp-json\/wp\/v2\/media\/163786"}],"wp:attachment":[{"href":"https:\/\/schweizversand.ch\/it\/wp-json\/wp\/v2\/media?parent=255756"}],"wp:term":[{"taxonomy":"product_brand","embeddable":true,"href":"https:\/\/schweizversand.ch\/it\/wp-json\/wp\/v2\/product_brand?post=255756"},{"taxonomy":"product_cat","embeddable":true,"href":"https:\/\/schweizversand.ch\/it\/wp-json\/wp\/v2\/product_cat?post=255756"},{"taxonomy":"product_tag","embeddable":true,"href":"https:\/\/schweizversand.ch\/it\/wp-json\/wp\/v2\/product_tag?post=255756"}],"curies":[{"name":"wp","href":"https:\/\/api.w.org\/{rel}","templated":true}]}}