{"id":255786,"date":"2026-03-15T00:28:56","date_gmt":"2026-03-14T23:28:56","guid":{"rendered":"https:\/\/schweizversand.ch\/produkt\/dress-for-fun-herrenkostuem-hippie-jimmy\/"},"modified":"2026-04-19T15:37:40","modified_gmt":"2026-04-19T13:37:40","slug":"dress-for-fun-herrenkostuem-hippie-jimmy","status":"publish","type":"product","link":"https:\/\/schweizversand.ch\/it\/produkt\/dress-for-fun-herrenkostuem-hippie-jimmy\/","title":{"rendered":"Vestito per divertimento costume da uomo &#8220;Hippie Jimmy&#8221;"},"content":{"rendered":"<p>Costume da uomo Hippie Jimmy &#8211; Flower Power per autentiche atmosfere anni &#8217;70<\/p>\n<p>Flower Power, Peace &#038; Love! Con il costume da uomo &#8220;Hippie Jimmy&#8221;, viaggerete direttamente nel colorato mondo degli anni &#8217;70. Che si tratti di Carnevale, Marted\u00ec Grasso, un festival o una festa a tema, questo outfit irradier\u00e0 pura gioia di vivere e diffonder\u00e0 allegria.<\/p>\n<p>Il pezzo forte del costume \u00e8 l&#8217;elegante camicia a maniche lunghe in jersey elasticizzato. Offre un comfort eccezionale e la massima libert\u00e0 di movimento, perfetta per feste vivaci e balli scatenati. Il design accattivante con il simbolo della pace vi render\u00e0 il centro dell&#8217;attenzione su qualsiasi pista da ballo.<\/p>\n<p>I pantaloni casual a zampa d&#8217;elefante con un comodo elastico in vita assicurano un autentico look anni &#8217;70 e una vestibilit\u00e0 perfetta. La cintura da annodare completa il look in modo armonioso e conferisce all&#8217;outfit il tipico fascino hippie.<\/p>\n<p>Il pezzo forte del costume \u00e8 l&#8217;elegante camicia a maniche lunghe in jersey elasticizzato. <br \/>Abbina il costume a occhiali da sole rotondi, braccialetti colorati o una collana con il simbolo della pace e sarai pronto a rivivere l&#8217;era dei Flower Power.<\/p>\n<p>Da solo o con gli amici in una colorata crew hippie, il costume da uomo &#8220;Hippie Jimmy&#8221; ti render\u00e0 la star di qualsiasi festa anni &#8217;70!<\/p>\n<p>In evidenza<\/p>\n<p>Elegante camicia a maniche lunghe in jersey elasticizzato con il simbolo della pace<\/p>\n<p>Comodi pantaloni a zampa d&#8217;elefante con elastico in vita per una vestibilit\u00e0 perfetta<\/p>\n<p>Fantastica cintura da annodare per un autentico look retr\u00f2<\/p>\n<p>Perfetto per Marted\u00ec Grasso, Carnevale, feste a tema e Flower Power<\/p>\n<p>Materiale: 100% poliestere<\/p>\n<p>Include<\/p>\n<p>1 camicia a maniche lunghe<\/p>\n<p>1 pantalone a zampa d&#8217;elefante<\/p>\n<p>1 cintura<\/p>\n<p>(Scarpe, fascia per capelli e chitarra non sono inclusi)<\/p>\n","protected":false},"excerpt":{"rendered":"<p>Costume da uomo Hippie Jimmy &#8211; Flower Power per autentiche atmosfere anni &#8217;70 Flower Power, Peace &#038; Love! Con il costume da uomo &#8220;Hippie Jimmy&#8221;, viaggerete direttamente nel colorato mondo degli anni &#8217;70. Che si tratti di Carnevale, Marted\u00ec Grasso, un festival o una festa a tema, questo outfit irradier\u00e0 pura gioia di vivere e diffonder\u00e0 allegria. Il pezzo forte del costume \u00e8 l&#8217;elegante camicia a maniche lunghe in jersey elasticizzato. Offre un comfort eccezionale&hellip;<\/p>\n","protected":false},"featured_media":163952,"comment_status":"open","ping_status":"closed","template":"","meta":[],"product_brand":[],"product_cat":[38202,38991],"product_tag":[],"class_list":{"0":"post-255786","1":"product","2":"type-product","3":"status-publish","4":"has-post-thumbnail","6":"product_cat-kostueme","8":"product_shipping_class-global_methods","10":"first","11":"instock","12":"taxable","13":"shipping-taxable","14":"purchasable","15":"product-type-simple"},"yoast_head":"<!-- This site is optimized with the Yoast SEO plugin v27.4 - https:\/\/yoast.com\/product\/yoast-seo-wordpress\/ -->\n<title>Dress for fun Herrenkost\u00fcm \u201eHippie Jimmy\u201c<\/title>\n<meta name=\"description\" content=\"Herrenkost\u00fcm \u201eHippie Jimmy\u201c \u2013 Flower Power f\u00fcr echte 70er-Vibes Flower Power, Peace &amp; Love! Mit dem Herrenkost\u00fcm \u201eHippie Jimmy\u201c reist Du direkt in die bunte We\" \/>\n<meta name=\"robots\" content=\"index, follow, max-snippet:-1, max-image-preview:large, max-video-preview:-1\" \/>\n<link rel=\"canonical\" href=\"https:\/\/schweizversand.ch\/it\/produkt\/dress-for-fun-herrenkostuem-hippie-jimmy\/\" \/>\n<meta property=\"og:locale\" content=\"it_IT\" \/>\n<meta property=\"og:type\" content=\"article\" \/>\n<meta property=\"og:title\" content=\"Dress for fun Herrenkost\u00fcm \u201eHippie Jimmy\u201c\" \/>\n<meta property=\"og:description\" content=\"Herrenkost\u00fcm \u201eHippie Jimmy\u201c \u2013 Flower Power f\u00fcr echte 70er-Vibes Flower Power, Peace &amp; Love! Mit dem Herrenkost\u00fcm \u201eHippie Jimmy\u201c reist Du direkt in die bunte We\" \/>\n<meta property=\"og:url\" content=\"https:\/\/schweizversand.ch\/it\/produkt\/dress-for-fun-herrenkostuem-hippie-jimmy\/\" \/>\n<meta property=\"og:site_name\" content=\"Schweizer Shop f\u00fcr Sport, Spiel und Freizeit\" \/>\n<meta property=\"article:publisher\" content=\"https:\/\/www.facebook.com\/Schweizversand\" \/>\n<meta property=\"article:modified_time\" content=\"2026-04-19T13:37:40+00:00\" \/>\n<meta property=\"og:image\" content=\"https:\/\/schweizversand.ch\/wp-content\/uploads\/2026\/02\/5472029864.png\" \/>\n\t<meta property=\"og:image:width\" content=\"669\" \/>\n\t<meta property=\"og:image:height\" content=\"1024\" \/>\n\t<meta property=\"og:image:type\" content=\"image\/png\" \/>\n<meta name=\"twitter:card\" content=\"summary_large_image\" \/>\n<meta name=\"twitter:label1\" content=\"Tempo di lettura stimato\" \/>\n\t<meta name=\"twitter:data1\" content=\"1 minuto\" \/>\n<script type=\"application\/ld+json\" class=\"yoast-schema-graph\">{\"@context\":\"https:\\\/\\\/schema.org\",\"@graph\":[{\"@type\":\"WebPage\",\"@id\":\"https:\\\/\\\/schweizversand.ch\\\/it\\\/produkt\\\/dress-for-fun-herrenkostuem-hippie-jimmy\\\/\",\"url\":\"https:\\\/\\\/schweizversand.ch\\\/it\\\/produkt\\\/dress-for-fun-herrenkostuem-hippie-jimmy\\\/\",\"name\":\"Dress for fun Herrenkost\u00fcm \u201eHippie Jimmy\u201c\",\"isPartOf\":{\"@id\":\"https:\\\/\\\/schweizversand.ch\\\/it\\\/#website\"},\"primaryImageOfPage\":{\"@id\":\"https:\\\/\\\/schweizversand.ch\\\/it\\\/produkt\\\/dress-for-fun-herrenkostuem-hippie-jimmy\\\/#primaryimage\"},\"image\":{\"@id\":\"https:\\\/\\\/schweizversand.ch\\\/it\\\/produkt\\\/dress-for-fun-herrenkostuem-hippie-jimmy\\\/#primaryimage\"},\"thumbnailUrl\":\"https:\\\/\\\/schweizversand.ch\\\/wp-content\\\/uploads\\\/2026\\\/02\\\/5472029864.png\",\"datePublished\":\"2026-03-14T23:28:56+00:00\",\"dateModified\":\"2026-04-19T13:37:40+00:00\",\"description\":\"Herrenkost\u00fcm \u201eHippie Jimmy\u201c \u2013 Flower Power f\u00fcr echte 70er-Vibes Flower Power, Peace & Love! Mit dem Herrenkost\u00fcm \u201eHippie Jimmy\u201c reist Du direkt in die bunte We\",\"breadcrumb\":{\"@id\":\"https:\\\/\\\/schweizversand.ch\\\/it\\\/produkt\\\/dress-for-fun-herrenkostuem-hippie-jimmy\\\/#breadcrumb\"},\"inLanguage\":\"it-IT\",\"potentialAction\":[{\"@type\":\"ReadAction\",\"target\":[\"https:\\\/\\\/schweizversand.ch\\\/it\\\/produkt\\\/dress-for-fun-herrenkostuem-hippie-jimmy\\\/\"]}]},{\"@type\":\"ImageObject\",\"inLanguage\":\"it-IT\",\"@id\":\"https:\\\/\\\/schweizversand.ch\\\/it\\\/produkt\\\/dress-for-fun-herrenkostuem-hippie-jimmy\\\/#primaryimage\",\"url\":\"https:\\\/\\\/schweizversand.ch\\\/wp-content\\\/uploads\\\/2026\\\/02\\\/5472029864.png\",\"contentUrl\":\"https:\\\/\\\/schweizversand.ch\\\/wp-content\\\/uploads\\\/2026\\\/02\\\/5472029864.png\",\"width\":669,\"height\":1024},{\"@type\":\"BreadcrumbList\",\"@id\":\"https:\\\/\\\/schweizversand.ch\\\/it\\\/produkt\\\/dress-for-fun-herrenkostuem-hippie-jimmy\\\/#breadcrumb\",\"itemListElement\":[{\"@type\":\"ListItem\",\"position\":1,\"name\":\"Startseite\",\"item\":\"https:\\\/\\\/schweizversand.ch\\\/it\\\/home\\\/\"},{\"@type\":\"ListItem\",\"position\":2,\"name\":\"Shop\",\"item\":\"https:\\\/\\\/schweizversand.ch\\\/it\\\/shop\\\/\"},{\"@type\":\"ListItem\",\"position\":3,\"name\":\"Moda\",\"item\":\"https:\\\/\\\/schweizversand.ch\\\/it\\\/produkt-kategorie\\\/moda\\\/\"},{\"@type\":\"ListItem\",\"position\":4,\"name\":\"Moda unisex\",\"item\":\"https:\\\/\\\/schweizversand.ch\\\/it\\\/produkt-kategorie\\\/moda\\\/moda-unisex\\\/\"},{\"@type\":\"ListItem\",\"position\":5,\"name\":\"Costumi\",\"item\":\"https:\\\/\\\/schweizversand.ch\\\/it\\\/produkt-kategorie\\\/moda\\\/moda-unisex\\\/kostueme\\\/\"},{\"@type\":\"ListItem\",\"position\":6,\"name\":\"Vestito per divertimento costume da uomo &#8222;Hippie Jimmy&#8220;\"}]},{\"@type\":\"WebSite\",\"@id\":\"https:\\\/\\\/schweizversand.ch\\\/it\\\/#website\",\"url\":\"https:\\\/\\\/schweizversand.ch\\\/it\\\/\",\"name\":\"Schweizer Shop f\u00fcr Sport, Spiel und Freizeit\",\"description\":\"Gratisversand ab 50.- (netto), ab eigenem schweizer Lager, Lieferung innert 48h\",\"publisher\":{\"@id\":\"https:\\\/\\\/schweizversand.ch\\\/it\\\/#organization\"},\"alternateName\":\"Schweizversand.ch\",\"potentialAction\":[{\"@type\":\"SearchAction\",\"target\":{\"@type\":\"EntryPoint\",\"urlTemplate\":\"https:\\\/\\\/schweizversand.ch\\\/it\\\/?s={search_term_string}\"},\"query-input\":{\"@type\":\"PropertyValueSpecification\",\"valueRequired\":true,\"valueName\":\"search_term_string\"}}],\"inLanguage\":\"it-IT\"},{\"@type\":\"Organization\",\"@id\":\"https:\\\/\\\/schweizversand.ch\\\/it\\\/#organization\",\"name\":\"Schweizversand.ch\",\"url\":\"https:\\\/\\\/schweizversand.ch\\\/it\\\/\",\"logo\":{\"@type\":\"ImageObject\",\"inLanguage\":\"it-IT\",\"@id\":\"https:\\\/\\\/schweizversand.ch\\\/it\\\/#\\\/schema\\\/logo\\\/image\\\/\",\"url\":\"https:\\\/\\\/schweizversand.ch\\\/wp-content\\\/uploads\\\/2026\\\/03\\\/Logo_Rund_Final-1.png\",\"contentUrl\":\"https:\\\/\\\/schweizversand.ch\\\/wp-content\\\/uploads\\\/2026\\\/03\\\/Logo_Rund_Final-1.png\",\"width\":404,\"height\":404,\"caption\":\"Schweizversand.ch\"},\"image\":{\"@id\":\"https:\\\/\\\/schweizversand.ch\\\/it\\\/#\\\/schema\\\/logo\\\/image\\\/\"},\"sameAs\":[\"https:\\\/\\\/www.facebook.com\\\/Schweizversand\",\"https:\\\/\\\/www.instagram.com\\\/schweizversand.ch\\\/\"]}]}<\/script>\n<!-- \/ Yoast SEO plugin. -->","yoast_head_json":{"title":"Dress for fun Herrenkost\u00fcm \u201eHippie Jimmy\u201c","description":"Herrenkost\u00fcm \u201eHippie Jimmy\u201c \u2013 Flower Power f\u00fcr echte 70er-Vibes Flower Power, Peace & Love! Mit dem Herrenkost\u00fcm \u201eHippie Jimmy\u201c reist Du direkt in die bunte We","robots":{"index":"index","follow":"follow","max-snippet":"max-snippet:-1","max-image-preview":"max-image-preview:large","max-video-preview":"max-video-preview:-1"},"canonical":"https:\/\/schweizversand.ch\/it\/produkt\/dress-for-fun-herrenkostuem-hippie-jimmy\/","og_locale":"it_IT","og_type":"article","og_title":"Dress for fun Herrenkost\u00fcm \u201eHippie Jimmy\u201c","og_description":"Herrenkost\u00fcm \u201eHippie Jimmy\u201c \u2013 Flower Power f\u00fcr echte 70er-Vibes Flower Power, Peace & Love! Mit dem Herrenkost\u00fcm \u201eHippie Jimmy\u201c reist Du direkt in die bunte We","og_url":"https:\/\/schweizversand.ch\/it\/produkt\/dress-for-fun-herrenkostuem-hippie-jimmy\/","og_site_name":"Schweizer Shop f\u00fcr Sport, Spiel und Freizeit","article_publisher":"https:\/\/www.facebook.com\/Schweizversand","article_modified_time":"2026-04-19T13:37:40+00:00","og_image":[{"width":669,"height":1024,"url":"https:\/\/schweizversand.ch\/wp-content\/uploads\/2026\/02\/5472029864.png","type":"image\/png"}],"twitter_card":"summary_large_image","twitter_misc":{"Tempo di lettura stimato":"1 minuto"},"schema":{"@context":"https:\/\/schema.org","@graph":[{"@type":"WebPage","@id":"https:\/\/schweizversand.ch\/it\/produkt\/dress-for-fun-herrenkostuem-hippie-jimmy\/","url":"https:\/\/schweizversand.ch\/it\/produkt\/dress-for-fun-herrenkostuem-hippie-jimmy\/","name":"Dress for fun Herrenkost\u00fcm \u201eHippie Jimmy\u201c","isPartOf":{"@id":"https:\/\/schweizversand.ch\/it\/#website"},"primaryImageOfPage":{"@id":"https:\/\/schweizversand.ch\/it\/produkt\/dress-for-fun-herrenkostuem-hippie-jimmy\/#primaryimage"},"image":{"@id":"https:\/\/schweizversand.ch\/it\/produkt\/dress-for-fun-herrenkostuem-hippie-jimmy\/#primaryimage"},"thumbnailUrl":"https:\/\/schweizversand.ch\/wp-content\/uploads\/2026\/02\/5472029864.png","datePublished":"2026-03-14T23:28:56+00:00","dateModified":"2026-04-19T13:37:40+00:00","description":"Herrenkost\u00fcm \u201eHippie Jimmy\u201c \u2013 Flower Power f\u00fcr echte 70er-Vibes Flower Power, Peace & Love! Mit dem Herrenkost\u00fcm \u201eHippie Jimmy\u201c reist Du direkt in die bunte We","breadcrumb":{"@id":"https:\/\/schweizversand.ch\/it\/produkt\/dress-for-fun-herrenkostuem-hippie-jimmy\/#breadcrumb"},"inLanguage":"it-IT","potentialAction":[{"@type":"ReadAction","target":["https:\/\/schweizversand.ch\/it\/produkt\/dress-for-fun-herrenkostuem-hippie-jimmy\/"]}]},{"@type":"ImageObject","inLanguage":"it-IT","@id":"https:\/\/schweizversand.ch\/it\/produkt\/dress-for-fun-herrenkostuem-hippie-jimmy\/#primaryimage","url":"https:\/\/schweizversand.ch\/wp-content\/uploads\/2026\/02\/5472029864.png","contentUrl":"https:\/\/schweizversand.ch\/wp-content\/uploads\/2026\/02\/5472029864.png","width":669,"height":1024},{"@type":"BreadcrumbList","@id":"https:\/\/schweizversand.ch\/it\/produkt\/dress-for-fun-herrenkostuem-hippie-jimmy\/#breadcrumb","itemListElement":[{"@type":"ListItem","position":1,"name":"Startseite","item":"https:\/\/schweizversand.ch\/it\/home\/"},{"@type":"ListItem","position":2,"name":"Shop","item":"https:\/\/schweizversand.ch\/it\/shop\/"},{"@type":"ListItem","position":3,"name":"Moda","item":"https:\/\/schweizversand.ch\/it\/produkt-kategorie\/moda\/"},{"@type":"ListItem","position":4,"name":"Moda unisex","item":"https:\/\/schweizversand.ch\/it\/produkt-kategorie\/moda\/moda-unisex\/"},{"@type":"ListItem","position":5,"name":"Costumi","item":"https:\/\/schweizversand.ch\/it\/produkt-kategorie\/moda\/moda-unisex\/kostueme\/"},{"@type":"ListItem","position":6,"name":"Vestito per divertimento costume da uomo &#8222;Hippie Jimmy&#8220;"}]},{"@type":"WebSite","@id":"https:\/\/schweizversand.ch\/it\/#website","url":"https:\/\/schweizversand.ch\/it\/","name":"Schweizer Shop f\u00fcr Sport, Spiel und Freizeit","description":"Gratisversand ab 50.- (netto), ab eigenem schweizer Lager, Lieferung innert 48h","publisher":{"@id":"https:\/\/schweizversand.ch\/it\/#organization"},"alternateName":"Schweizversand.ch","potentialAction":[{"@type":"SearchAction","target":{"@type":"EntryPoint","urlTemplate":"https:\/\/schweizversand.ch\/it\/?s={search_term_string}"},"query-input":{"@type":"PropertyValueSpecification","valueRequired":true,"valueName":"search_term_string"}}],"inLanguage":"it-IT"},{"@type":"Organization","@id":"https:\/\/schweizversand.ch\/it\/#organization","name":"Schweizversand.ch","url":"https:\/\/schweizversand.ch\/it\/","logo":{"@type":"ImageObject","inLanguage":"it-IT","@id":"https:\/\/schweizversand.ch\/it\/#\/schema\/logo\/image\/","url":"https:\/\/schweizversand.ch\/wp-content\/uploads\/2026\/03\/Logo_Rund_Final-1.png","contentUrl":"https:\/\/schweizversand.ch\/wp-content\/uploads\/2026\/03\/Logo_Rund_Final-1.png","width":404,"height":404,"caption":"Schweizversand.ch"},"image":{"@id":"https:\/\/schweizversand.ch\/it\/#\/schema\/logo\/image\/"},"sameAs":["https:\/\/www.facebook.com\/Schweizversand","https:\/\/www.instagram.com\/schweizversand.ch\/"]}]}},"jetpack_sharing_enabled":true,"_links":{"self":[{"href":"https:\/\/schweizversand.ch\/it\/wp-json\/wp\/v2\/product\/255786","targetHints":{"allow":["GET"]}}],"collection":[{"href":"https:\/\/schweizversand.ch\/it\/wp-json\/wp\/v2\/product"}],"about":[{"href":"https:\/\/schweizversand.ch\/it\/wp-json\/wp\/v2\/types\/product"}],"replies":[{"embeddable":true,"href":"https:\/\/schweizversand.ch\/it\/wp-json\/wp\/v2\/comments?post=255786"}],"wp:featuredmedia":[{"embeddable":true,"href":"https:\/\/schweizversand.ch\/it\/wp-json\/wp\/v2\/media\/163952"}],"wp:attachment":[{"href":"https:\/\/schweizversand.ch\/it\/wp-json\/wp\/v2\/media?parent=255786"}],"wp:term":[{"taxonomy":"product_brand","embeddable":true,"href":"https:\/\/schweizversand.ch\/it\/wp-json\/wp\/v2\/product_brand?post=255786"},{"taxonomy":"product_cat","embeddable":true,"href":"https:\/\/schweizversand.ch\/it\/wp-json\/wp\/v2\/product_cat?post=255786"},{"taxonomy":"product_tag","embeddable":true,"href":"https:\/\/schweizversand.ch\/it\/wp-json\/wp\/v2\/product_tag?post=255786"}],"curies":[{"name":"wp","href":"https:\/\/api.w.org\/{rel}","templated":true}]}}