{"id":255788,"date":"2026-03-15T00:28:57","date_gmt":"2026-03-14T23:28:57","guid":{"rendered":"https:\/\/schweizversand.ch\/produkt\/dress-for-fun-frauenkostuem-cowgirl\/"},"modified":"2026-04-19T15:37:40","modified_gmt":"2026-04-19T13:37:40","slug":"dress-for-fun-frauenkostuem-cowgirl","status":"publish","type":"product","link":"https:\/\/schweizversand.ch\/it\/produkt\/dress-for-fun-frauenkostuem-cowgirl\/","title":{"rendered":"Vestito per divertimento costume da donna &#8220;Cowgirl&#8221;"},"content":{"rendered":"<h1><strong>Costume da Cowgirl da Donna<\/strong><\/h1>\n<div>Preparati a conquistare la pista da ballo! Con il <strong>Costume da Cowgirl da Donna<\/strong>, ti trasformerai in un&#8217;intrepida eroina del Far West. Questo set di costumi di alta qualit\u00e0 e ricco di dettagli \u00e8 la scelta perfetta per lasciare un&#8217;impressione duratura a qualsiasi festa in maschera o carnevale.<\/p>\n<\/div>\n<div><strong>Il costume da Cowgirl definitivo per Carnevale<\/strong><br \/>Salta in sella e vai dritto al carnevale. Il costume da cowgirl \u00e8 il travestimento ideale per mostrare il tuo lato selvaggio e dare inizio alla festa. Con questo costume di carnevale western sarai sicuramente al centro dell&#8217;attenzione. Punti di forza di design e materiali: Questo costume da cowgirl colpisce per il suo aspetto autentico e la combinazione di diversi materiali. Gli elementi chiave sono realizzati in similpelle di alta qualit\u00e0, che conferisce al costume un aspetto robusto ed elegante. Il materiale \u00e8 100% poliestere e offre un comfort ottimale. Pezzi chiave del costume: Il set \u00e8 composto da diversi pezzi coordinati che insieme creano il perfetto costume da cowgirl per donna. Il gilet e i pantaloni sopra sono gli elementi pi\u00f9 sorprendenti e assicurano il classico look Western. I pantaloni sopra, noti anche come cowboy chaps, sono tipicamente indossati sopra i jeans per simulare l&#8217;aspetto autentico di un lavoratore del ranch. Componenti dettagliati: &#8211; Gilet in un elegante look in similpelle per un autentico stile Western &#8211; Chaps da cowboy (pantaloni sopra) anche in look in similpelle, ideali da indossare sopra i propri pantaloni &#8211; Morbido top elasticizzato in jersey bianco per un comfort superiore &#8211; Fresco foulard al collo come accessorio di stile &#8211; Colore: Nero\/Bianco Il tuo vantaggio: La base perfetta per tocchi individuali. Questo set fornisce un&#8217;eccellente base per il tuo stile personale. Per il look finale e robusto, consigliamo di completare l&#8217;outfit con un cappello da cowboy e un lazo. Il tuo aspetto da cowgirl sar\u00e0 sicuramente indimenticabile. Il set include: &#8211; Top elasticizzato (top in jersey) &#8211; Chaps &#8211; Sciarpa &#8211; Gilet in similpelle Nota: cappello da cowboy, jeans, scarpe e lazo non sono inclusi. Acquista subito questo fantastico set da cowgirl e preparati per una notte selvaggia alla tua prossima festa in maschera o in stile western!<\/p>\n","protected":false},"excerpt":{"rendered":"<p>Costume da Cowgirl da Donna Preparati a conquistare la pista da ballo! Con il Costume da Cowgirl da Donna, ti trasformerai in un&#8217;intrepida eroina del Far West. Questo set di costumi di alta qualit\u00e0 e ricco di dettagli \u00e8 la scelta perfetta per lasciare un&#8217;impressione duratura a qualsiasi festa in maschera o carnevale. Il costume da Cowgirl definitivo per CarnevaleSalta in sella e vai dritto al carnevale. Il costume da cowgirl \u00e8 il travestimento ideale&hellip;<\/p>\n","protected":false},"featured_media":163987,"comment_status":"open","ping_status":"closed","template":"","meta":[],"product_brand":[],"product_cat":[38202,38991],"product_tag":[],"class_list":{"0":"post-255788","1":"product","2":"type-product","3":"status-publish","4":"has-post-thumbnail","6":"product_cat-kostueme","8":"product_shipping_class-global_methods","10":"first","11":"instock","12":"taxable","13":"shipping-taxable","14":"purchasable","15":"product-type-simple"},"yoast_head":"<!-- This site is optimized with the Yoast SEO plugin v27.4 - https:\/\/yoast.com\/product\/yoast-seo-wordpress\/ -->\n<title>Dress for fun Frauenkost\u00fcm &quot;Cowgirl&quot; | Jetzt kaufen | Schweizversand.ch<\/title>\n<meta name=\"description\" content=\"Dress for fun Frauenkost\u00fcm &quot;Cowgirl&quot; g\u00fcnstig kaufen bei Schweizversand.ch. Schnelle Lieferung in der Schweiz. Gratisversand ab CHF 50.\" \/>\n<meta name=\"robots\" content=\"index, follow, max-snippet:-1, max-image-preview:large, max-video-preview:-1\" \/>\n<link rel=\"canonical\" href=\"https:\/\/schweizversand.ch\/it\/produkt\/dress-for-fun-frauenkostuem-cowgirl\/\" \/>\n<meta property=\"og:locale\" content=\"it_IT\" \/>\n<meta property=\"og:type\" content=\"article\" \/>\n<meta property=\"og:title\" content=\"Dress for fun Frauenkost\u00fcm &quot;Cowgirl&quot; | Jetzt kaufen | Schweizversand.ch\" \/>\n<meta property=\"og:description\" content=\"Dress for fun Frauenkost\u00fcm &quot;Cowgirl&quot; g\u00fcnstig kaufen bei Schweizversand.ch. Schnelle Lieferung in der Schweiz. Gratisversand ab CHF 50.\" \/>\n<meta property=\"og:url\" content=\"https:\/\/schweizversand.ch\/it\/produkt\/dress-for-fun-frauenkostuem-cowgirl\/\" \/>\n<meta property=\"og:site_name\" content=\"Schweizer Shop f\u00fcr Sport, Spiel und Freizeit\" \/>\n<meta property=\"article:publisher\" content=\"https:\/\/www.facebook.com\/Schweizversand\" \/>\n<meta property=\"article:modified_time\" content=\"2026-04-19T13:37:40+00:00\" \/>\n<meta property=\"og:image\" content=\"https:\/\/schweizversand.ch\/wp-content\/uploads\/2026\/02\/5472011179.png\" \/>\n\t<meta property=\"og:image:width\" content=\"504\" \/>\n\t<meta property=\"og:image:height\" content=\"1024\" \/>\n\t<meta property=\"og:image:type\" content=\"image\/png\" \/>\n<meta name=\"twitter:card\" content=\"summary_large_image\" \/>\n<meta name=\"twitter:label1\" content=\"Tempo di lettura stimato\" \/>\n\t<meta name=\"twitter:data1\" content=\"2 minuto\" \/>\n<script type=\"application\/ld+json\" class=\"yoast-schema-graph\">{\"@context\":\"https:\\\/\\\/schema.org\",\"@graph\":[{\"@type\":\"WebPage\",\"@id\":\"https:\\\/\\\/schweizversand.ch\\\/it\\\/produkt\\\/dress-for-fun-frauenkostuem-cowgirl\\\/\",\"url\":\"https:\\\/\\\/schweizversand.ch\\\/it\\\/produkt\\\/dress-for-fun-frauenkostuem-cowgirl\\\/\",\"name\":\"Dress for fun Frauenkost\u00fcm \\\"Cowgirl\\\" | Jetzt kaufen | Schweizversand.ch\",\"isPartOf\":{\"@id\":\"https:\\\/\\\/schweizversand.ch\\\/it\\\/#website\"},\"primaryImageOfPage\":{\"@id\":\"https:\\\/\\\/schweizversand.ch\\\/it\\\/produkt\\\/dress-for-fun-frauenkostuem-cowgirl\\\/#primaryimage\"},\"image\":{\"@id\":\"https:\\\/\\\/schweizversand.ch\\\/it\\\/produkt\\\/dress-for-fun-frauenkostuem-cowgirl\\\/#primaryimage\"},\"thumbnailUrl\":\"https:\\\/\\\/schweizversand.ch\\\/wp-content\\\/uploads\\\/2026\\\/02\\\/5472011179.png\",\"datePublished\":\"2026-03-14T23:28:57+00:00\",\"dateModified\":\"2026-04-19T13:37:40+00:00\",\"description\":\"Dress for fun Frauenkost\u00fcm \\\"Cowgirl\\\" g\u00fcnstig kaufen bei Schweizversand.ch. Schnelle Lieferung in der Schweiz. Gratisversand ab CHF 50.\",\"breadcrumb\":{\"@id\":\"https:\\\/\\\/schweizversand.ch\\\/it\\\/produkt\\\/dress-for-fun-frauenkostuem-cowgirl\\\/#breadcrumb\"},\"inLanguage\":\"it-IT\",\"potentialAction\":[{\"@type\":\"ReadAction\",\"target\":[\"https:\\\/\\\/schweizversand.ch\\\/it\\\/produkt\\\/dress-for-fun-frauenkostuem-cowgirl\\\/\"]}]},{\"@type\":\"ImageObject\",\"inLanguage\":\"it-IT\",\"@id\":\"https:\\\/\\\/schweizversand.ch\\\/it\\\/produkt\\\/dress-for-fun-frauenkostuem-cowgirl\\\/#primaryimage\",\"url\":\"https:\\\/\\\/schweizversand.ch\\\/wp-content\\\/uploads\\\/2026\\\/02\\\/5472011179.png\",\"contentUrl\":\"https:\\\/\\\/schweizversand.ch\\\/wp-content\\\/uploads\\\/2026\\\/02\\\/5472011179.png\",\"width\":504,\"height\":1024},{\"@type\":\"BreadcrumbList\",\"@id\":\"https:\\\/\\\/schweizversand.ch\\\/it\\\/produkt\\\/dress-for-fun-frauenkostuem-cowgirl\\\/#breadcrumb\",\"itemListElement\":[{\"@type\":\"ListItem\",\"position\":1,\"name\":\"Startseite\",\"item\":\"https:\\\/\\\/schweizversand.ch\\\/it\\\/home\\\/\"},{\"@type\":\"ListItem\",\"position\":2,\"name\":\"Shop\",\"item\":\"https:\\\/\\\/schweizversand.ch\\\/it\\\/shop\\\/\"},{\"@type\":\"ListItem\",\"position\":3,\"name\":\"Moda\",\"item\":\"https:\\\/\\\/schweizversand.ch\\\/it\\\/produkt-kategorie\\\/moda\\\/\"},{\"@type\":\"ListItem\",\"position\":4,\"name\":\"Moda unisex\",\"item\":\"https:\\\/\\\/schweizversand.ch\\\/it\\\/produkt-kategorie\\\/moda\\\/moda-unisex\\\/\"},{\"@type\":\"ListItem\",\"position\":5,\"name\":\"Costumi\",\"item\":\"https:\\\/\\\/schweizversand.ch\\\/it\\\/produkt-kategorie\\\/moda\\\/moda-unisex\\\/kostueme\\\/\"},{\"@type\":\"ListItem\",\"position\":6,\"name\":\"Vestito per divertimento costume da donna &#8220;Cowgirl&#8221;\"}]},{\"@type\":\"WebSite\",\"@id\":\"https:\\\/\\\/schweizversand.ch\\\/it\\\/#website\",\"url\":\"https:\\\/\\\/schweizversand.ch\\\/it\\\/\",\"name\":\"Schweizer Shop f\u00fcr Sport, Spiel und Freizeit\",\"description\":\"Gratisversand ab 50.- (netto), ab eigenem schweizer Lager, Lieferung innert 48h\",\"publisher\":{\"@id\":\"https:\\\/\\\/schweizversand.ch\\\/it\\\/#organization\"},\"alternateName\":\"Schweizversand.ch\",\"potentialAction\":[{\"@type\":\"SearchAction\",\"target\":{\"@type\":\"EntryPoint\",\"urlTemplate\":\"https:\\\/\\\/schweizversand.ch\\\/it\\\/?s={search_term_string}\"},\"query-input\":{\"@type\":\"PropertyValueSpecification\",\"valueRequired\":true,\"valueName\":\"search_term_string\"}}],\"inLanguage\":\"it-IT\"},{\"@type\":\"Organization\",\"@id\":\"https:\\\/\\\/schweizversand.ch\\\/it\\\/#organization\",\"name\":\"Schweizversand.ch\",\"url\":\"https:\\\/\\\/schweizversand.ch\\\/it\\\/\",\"logo\":{\"@type\":\"ImageObject\",\"inLanguage\":\"it-IT\",\"@id\":\"https:\\\/\\\/schweizversand.ch\\\/it\\\/#\\\/schema\\\/logo\\\/image\\\/\",\"url\":\"https:\\\/\\\/schweizversand.ch\\\/wp-content\\\/uploads\\\/2026\\\/03\\\/Logo_Rund_Final-1.png\",\"contentUrl\":\"https:\\\/\\\/schweizversand.ch\\\/wp-content\\\/uploads\\\/2026\\\/03\\\/Logo_Rund_Final-1.png\",\"width\":404,\"height\":404,\"caption\":\"Schweizversand.ch\"},\"image\":{\"@id\":\"https:\\\/\\\/schweizversand.ch\\\/it\\\/#\\\/schema\\\/logo\\\/image\\\/\"},\"sameAs\":[\"https:\\\/\\\/www.facebook.com\\\/Schweizversand\",\"https:\\\/\\\/www.instagram.com\\\/schweizversand.ch\\\/\"]}]}<\/script>\n<!-- \/ Yoast SEO plugin. -->","yoast_head_json":{"title":"Dress for fun Frauenkost\u00fcm \"Cowgirl\" | Jetzt kaufen | Schweizversand.ch","description":"Dress for fun Frauenkost\u00fcm \"Cowgirl\" g\u00fcnstig kaufen bei Schweizversand.ch. Schnelle Lieferung in der Schweiz. Gratisversand ab CHF 50.","robots":{"index":"index","follow":"follow","max-snippet":"max-snippet:-1","max-image-preview":"max-image-preview:large","max-video-preview":"max-video-preview:-1"},"canonical":"https:\/\/schweizversand.ch\/it\/produkt\/dress-for-fun-frauenkostuem-cowgirl\/","og_locale":"it_IT","og_type":"article","og_title":"Dress for fun Frauenkost\u00fcm \"Cowgirl\" | Jetzt kaufen | Schweizversand.ch","og_description":"Dress for fun Frauenkost\u00fcm \"Cowgirl\" g\u00fcnstig kaufen bei Schweizversand.ch. Schnelle Lieferung in der Schweiz. Gratisversand ab CHF 50.","og_url":"https:\/\/schweizversand.ch\/it\/produkt\/dress-for-fun-frauenkostuem-cowgirl\/","og_site_name":"Schweizer Shop f\u00fcr Sport, Spiel und Freizeit","article_publisher":"https:\/\/www.facebook.com\/Schweizversand","article_modified_time":"2026-04-19T13:37:40+00:00","og_image":[{"width":504,"height":1024,"url":"https:\/\/schweizversand.ch\/wp-content\/uploads\/2026\/02\/5472011179.png","type":"image\/png"}],"twitter_card":"summary_large_image","twitter_misc":{"Tempo di lettura stimato":"2 minuto"},"schema":{"@context":"https:\/\/schema.org","@graph":[{"@type":"WebPage","@id":"https:\/\/schweizversand.ch\/it\/produkt\/dress-for-fun-frauenkostuem-cowgirl\/","url":"https:\/\/schweizversand.ch\/it\/produkt\/dress-for-fun-frauenkostuem-cowgirl\/","name":"Dress for fun Frauenkost\u00fcm \"Cowgirl\" | Jetzt kaufen | Schweizversand.ch","isPartOf":{"@id":"https:\/\/schweizversand.ch\/it\/#website"},"primaryImageOfPage":{"@id":"https:\/\/schweizversand.ch\/it\/produkt\/dress-for-fun-frauenkostuem-cowgirl\/#primaryimage"},"image":{"@id":"https:\/\/schweizversand.ch\/it\/produkt\/dress-for-fun-frauenkostuem-cowgirl\/#primaryimage"},"thumbnailUrl":"https:\/\/schweizversand.ch\/wp-content\/uploads\/2026\/02\/5472011179.png","datePublished":"2026-03-14T23:28:57+00:00","dateModified":"2026-04-19T13:37:40+00:00","description":"Dress for fun Frauenkost\u00fcm \"Cowgirl\" g\u00fcnstig kaufen bei Schweizversand.ch. Schnelle Lieferung in der Schweiz. Gratisversand ab CHF 50.","breadcrumb":{"@id":"https:\/\/schweizversand.ch\/it\/produkt\/dress-for-fun-frauenkostuem-cowgirl\/#breadcrumb"},"inLanguage":"it-IT","potentialAction":[{"@type":"ReadAction","target":["https:\/\/schweizversand.ch\/it\/produkt\/dress-for-fun-frauenkostuem-cowgirl\/"]}]},{"@type":"ImageObject","inLanguage":"it-IT","@id":"https:\/\/schweizversand.ch\/it\/produkt\/dress-for-fun-frauenkostuem-cowgirl\/#primaryimage","url":"https:\/\/schweizversand.ch\/wp-content\/uploads\/2026\/02\/5472011179.png","contentUrl":"https:\/\/schweizversand.ch\/wp-content\/uploads\/2026\/02\/5472011179.png","width":504,"height":1024},{"@type":"BreadcrumbList","@id":"https:\/\/schweizversand.ch\/it\/produkt\/dress-for-fun-frauenkostuem-cowgirl\/#breadcrumb","itemListElement":[{"@type":"ListItem","position":1,"name":"Startseite","item":"https:\/\/schweizversand.ch\/it\/home\/"},{"@type":"ListItem","position":2,"name":"Shop","item":"https:\/\/schweizversand.ch\/it\/shop\/"},{"@type":"ListItem","position":3,"name":"Moda","item":"https:\/\/schweizversand.ch\/it\/produkt-kategorie\/moda\/"},{"@type":"ListItem","position":4,"name":"Moda unisex","item":"https:\/\/schweizversand.ch\/it\/produkt-kategorie\/moda\/moda-unisex\/"},{"@type":"ListItem","position":5,"name":"Costumi","item":"https:\/\/schweizversand.ch\/it\/produkt-kategorie\/moda\/moda-unisex\/kostueme\/"},{"@type":"ListItem","position":6,"name":"Vestito per divertimento costume da donna &#8220;Cowgirl&#8221;"}]},{"@type":"WebSite","@id":"https:\/\/schweizversand.ch\/it\/#website","url":"https:\/\/schweizversand.ch\/it\/","name":"Schweizer Shop f\u00fcr Sport, Spiel und Freizeit","description":"Gratisversand ab 50.- (netto), ab eigenem schweizer Lager, Lieferung innert 48h","publisher":{"@id":"https:\/\/schweizversand.ch\/it\/#organization"},"alternateName":"Schweizversand.ch","potentialAction":[{"@type":"SearchAction","target":{"@type":"EntryPoint","urlTemplate":"https:\/\/schweizversand.ch\/it\/?s={search_term_string}"},"query-input":{"@type":"PropertyValueSpecification","valueRequired":true,"valueName":"search_term_string"}}],"inLanguage":"it-IT"},{"@type":"Organization","@id":"https:\/\/schweizversand.ch\/it\/#organization","name":"Schweizversand.ch","url":"https:\/\/schweizversand.ch\/it\/","logo":{"@type":"ImageObject","inLanguage":"it-IT","@id":"https:\/\/schweizversand.ch\/it\/#\/schema\/logo\/image\/","url":"https:\/\/schweizversand.ch\/wp-content\/uploads\/2026\/03\/Logo_Rund_Final-1.png","contentUrl":"https:\/\/schweizversand.ch\/wp-content\/uploads\/2026\/03\/Logo_Rund_Final-1.png","width":404,"height":404,"caption":"Schweizversand.ch"},"image":{"@id":"https:\/\/schweizversand.ch\/it\/#\/schema\/logo\/image\/"},"sameAs":["https:\/\/www.facebook.com\/Schweizversand","https:\/\/www.instagram.com\/schweizversand.ch\/"]}]}},"jetpack_sharing_enabled":true,"_links":{"self":[{"href":"https:\/\/schweizversand.ch\/it\/wp-json\/wp\/v2\/product\/255788","targetHints":{"allow":["GET"]}}],"collection":[{"href":"https:\/\/schweizversand.ch\/it\/wp-json\/wp\/v2\/product"}],"about":[{"href":"https:\/\/schweizversand.ch\/it\/wp-json\/wp\/v2\/types\/product"}],"replies":[{"embeddable":true,"href":"https:\/\/schweizversand.ch\/it\/wp-json\/wp\/v2\/comments?post=255788"}],"wp:featuredmedia":[{"embeddable":true,"href":"https:\/\/schweizversand.ch\/it\/wp-json\/wp\/v2\/media\/163987"}],"wp:attachment":[{"href":"https:\/\/schweizversand.ch\/it\/wp-json\/wp\/v2\/media?parent=255788"}],"wp:term":[{"taxonomy":"product_brand","embeddable":true,"href":"https:\/\/schweizversand.ch\/it\/wp-json\/wp\/v2\/product_brand?post=255788"},{"taxonomy":"product_cat","embeddable":true,"href":"https:\/\/schweizversand.ch\/it\/wp-json\/wp\/v2\/product_cat?post=255788"},{"taxonomy":"product_tag","embeddable":true,"href":"https:\/\/schweizversand.ch\/it\/wp-json\/wp\/v2\/product_tag?post=255788"}],"curies":[{"name":"wp","href":"https:\/\/api.w.org\/{rel}","templated":true}]}}